{"id":34077,"date":"2019-04-07T12:26:54","date_gmt":"2019-04-07T11:26:54","guid":{"rendered":"https:\/\/www.aube-champagne.com\/?page_id=34077"},"modified":"2019-04-07T12:26:54","modified_gmt":"2019-04-07T11:26:54","slug":"troyes-die-historische-hauptstadt-der-champagne","status":"publish","type":"page","link":"https:\/\/www.aube-champagne.com\/de\/troyes-die-historische-hauptstadt-der-champagne\/","title":{"rendered":"Troyes, die historische Hauptstadt der Champagne"},"content":{"rendered":"<div class=\"wpb-content-wrapper\">[vc_row][vc_column][vc_single_image image=&#8220;34078&#8243; img_size=&#8220;1000&#215;500&#8243; add_caption=&#8220;yes&#8220; alignment=&#8220;center&#8220;][vc_column_text]\n<p style=\"text-align: center;\"><em>Mit 60000 Einwohnern (170000 im Ballungszentrum) ist Troyes der Verwaltungssitz des Departements \u201eAube en Champagne\u201c. Die Stadt an der Seine gilt als historische Hauptstadt der Champagne.<\/em><\/p>\n[\/vc_column_text][\/vc_column][\/vc_row][vc_row][vc_column width=&#8220;2\/3&#8243;][vc_column_text]\n<h4><strong>Kunst und Geschichte<\/strong><\/h4>\n[\/vc_column_text][vc_column_text]In der Altstadt l\u00e4dt ein wahres Labyrinth von gepflasterten G\u00e4sschen, die von farbenfrohen Fachwerkh\u00e4usern ges\u00e4umt werden, zum Schlendern und Entdecken ein. Hier f\u00fchlt man sich schnell in die Zeit des Mittelalters oder der Renaissance und der ber\u00fchmten M\u00e4rkte der Champagne zur\u00fcck versetzt. Von allen franz\u00f6sischen St\u00e4dten, die eine Fachwerkarchitektur bewahrt haben, besitzt Troyes vielleicht das am besten erhaltene, am besten renovierte und dichteste Kulturerbe dieser Art. Diese Architektur ist heute der ganze Stolz der Champagnerstadt, die dem Label \u201eVille d\u2019Art et d\u2019Histoire\u201c (Stadt f\u00fcr Kunst und Geschichte) angeh\u00f6rt. Die Innenstadt weist zudem eine kuriose Besonderheit auf: die Umrisse haben aus der Luft gesehen, die Form eines Champagnerkorkens. Die Stadt ist reich an Zeugnissen der Geschichte. Neben den Fachwerkh\u00e4usern, die in tausend Farben erstrahlen, befinden sich in der Innenstadt neun denkmalgesch\u00fctzte Kirchen von der Gotik bis zum 20. Jahrhundert, eine Kathedrale, 2800 Skulpturen, zahlreiche Museen und eindrucksvolle, herrschaftliche Stadth\u00e4user. Der Besucher trifft fast \u00fcberall auf sakrale Kunst. Unumg\u00e4nglich ist ein Besuch der Kathedrale Saint Pierre Saint Paul, der Basilika Saint Urbain, der Kirche Sainte Madeleine mit ihrem eindrucksvollen steinernen Lettner im Flamboyantstil, sowie der Kirche Saint Panthal\u00e9on mit zahlreichen Statuen und ihrer Fachwerkbauweise.[\/vc_column_text][\/vc_column][vc_column width=&#8220;1\/3&#8243;][vc_single_image image=&#8220;33080&#8243; img_size=&#8220;medium&#8220; add_caption=&#8220;yes&#8220; alignment=&#8220;center&#8220; onclick=&#8220;link_image&#8220;][\/vc_column][\/vc_row][vc_row][vc_column][vc_separator color=&#8220;sky&#8220; el_width=&#8220;50&#8243;][\/vc_column][\/vc_row][vc_row][vc_column width=&#8220;1\/3&#8243;][vc_row_inner][vc_column_inner][vc_empty_space height=&#8220;75px&#8220;][vc_single_image image=&#8220;34085&#8243; img_size=&#8220;medium&#8220; alignment=&#8220;center&#8220; onclick=&#8220;link_image&#8220;][\/vc_column_inner][\/vc_row_inner][\/vc_column][vc_column width=&#8220;2\/3&#8243;][vc_column_text]\n<h4 style=\"text-align: right;\"><strong>Textilindustrie und Outletzentren<\/strong><\/h4>\n[\/vc_column_text][vc_column_text]\n<p style=\"text-align: justify;\">Seit dem 12. Jahrhundert war Troyes f\u00fcr seine Textilaktivit\u00e4ten weit bekannt. Im 18. Jahrhundert wurde diese Industrie mit Webst\u00fchlen und Strickmaschinen ausgeweitet. Um 1770 gab es in der Stadt mehr als 40 Wirk- und Strickwarenhersteller. Seit diesem Datum haben sich gro\u00dfe Manufakturen entwickelt und sich in der Stadt und am Stadtrand niedergelassen. Mehr als ein Jahrhundert war Troyes in Frankreich marktf\u00fchrend f\u00fcr Strickwaren: Str\u00fcmpfe, Socken und Unterw\u00e4sche. Diese Industrialisierung lie\u00df Fabriken, Bahnh\u00f6fe, Arbeitersiedlungen und B\u00fcrgerh\u00e4user entstehen, die heute in Museen, Kulturzentren, Wohnungen und B\u00fcros umgewandelt sind. Bekannte Marken wie \u201eLacoste\u201c oder \u201ePetit Bateau\u201c halten noch heute die Textiltradition aufrecht, und zudem hat sich Troyes seit den 90er Jahren zur europ\u00e4ischen Hauptstadt f\u00fcr Outletzentren entwickelt. Die bekanntesten Textilmarken und -unternehmen sind hier vertreten. Die Besucher str\u00f6men herbei, um Schn\u00e4ppchen zu machen und Qualit\u00e4tsmarken 30 % bis sogar 50 % preiswerter als in einer Boutique zu erstehen. Aber auch die Innenstadt von Troyes ist eine begehrte Shopping-Adresse.<\/p>\n[\/vc_column_text][\/vc_column][\/vc_row][vc_row][vc_column][\/vc_column][\/vc_row]\n<\/div>","protected":false},"excerpt":{"rendered":"<p>[vc_row][vc_column][vc_single_image image=&#8220;34078&#8243; img_size=&#8220;1000&#215;500&#8243; add_caption=&#8220;yes&#8220; alignment=&#8220;center&#8220;][vc_column_text] Mit 60000 Einwohnern (170000 im Ballungszentrum) ist Troyes der Verwaltungssitz des Departements \u201eAube en Champagne\u201c. Die Stadt an der Seine gilt als historische Hauptstadt der Champagne. [\/vc_column_text][\/vc_column][\/vc_row][vc_row][vc_column width=&#8220;2\/3&#8243;][vc_column_text] Kunst und Geschichte [\/vc_column_text][vc_column_text]In der Altstadt l\u00e4dt ein wahres Labyrinth von gepflasterten&hellip;  <a href=\"https:\/\/www.aube-champagne.com\/de\/troyes-die-historische-hauptstadt-der-champagne\/\" title=\"Read Troyes, die historische Hauptstadt der Champagne\">Mehr lesen&raquo;<\/a><\/p>\n","protected":false},"author":9192193,"featured_media":0,"parent":0,"menu_order":0,"comment_status":"closed","ping_status":"closed","template":"","meta":{"footnotes":""},"class_list":["post-34077","page","type-page","status-publish","hentry"],"yoast_head":"<!-- This site is optimized with the Yoast SEO plugin v27.4 - https:\/\/yoast.com\/product\/yoast-seo-wordpress\/ -->\n<title>Troyes, die historische Hauptstadt der Champagne - Aube Champagne<\/title>\n<meta name=\"description\" content=\"Mit 60000 Einwohnern (170000 im Ballungszentrum) ist Troyes der Verwaltungssitz des Departements \u201eAube en Champagne\u201c. Die Stadt an der Seine gilt als\" \/>\n<meta name=\"robots\" content=\"index, follow, max-snippet:-1, max-image-preview:large, max-video-preview:-1\" \/>\n<link rel=\"canonical\" href=\"https:\/\/www.aube-champagne.com\/de\/troyes-die-historische-hauptstadt-der-champagne\/\" \/>\n<meta property=\"og:locale\" content=\"de_DE\" \/>\n<meta property=\"og:type\" content=\"article\" \/>\n<meta property=\"og:title\" content=\"Troyes, die historische Hauptstadt der Champagne - Aube Champagne\" \/>\n<meta property=\"og:description\" content=\"Mit 60000 Einwohnern (170000 im Ballungszentrum) ist Troyes der Verwaltungssitz des Departements \u201eAube en Champagne\u201c. Die Stadt an der Seine gilt als\" \/>\n<meta property=\"og:url\" content=\"https:\/\/www.aube-champagne.com\/de\/troyes-die-historische-hauptstadt-der-champagne\/\" \/>\n<meta property=\"og:site_name\" content=\"Aube Champagne\" \/>\n<meta property=\"article:publisher\" content=\"https:\/\/www.facebook.com\/aube.champagne\" \/>\n<meta property=\"og:image\" content=\"https:\/\/www.aube-champagne.com\/assets\/uploads\/2015\/03\/Aube-Champagne-Logo.jpg\" \/>\n\t<meta property=\"og:image:width\" content=\"440\" \/>\n\t<meta property=\"og:image:height\" content=\"155\" \/>\n\t<meta property=\"og:image:type\" content=\"image\/jpeg\" \/>\n<meta name=\"twitter:card\" content=\"summary_large_image\" \/>\n<meta name=\"twitter:site\" content=\"@AubeChampagne\" \/>\n<meta name=\"twitter:label1\" content=\"Gesch\u00e4tzte Lesezeit\" \/>\n\t<meta name=\"twitter:data1\" content=\"3\u00a0Minuten\" \/>\n<script type=\"application\/ld+json\" class=\"yoast-schema-graph\">{\"@context\":\"https:\\\/\\\/schema.org\",\"@graph\":[{\"@type\":\"WebPage\",\"@id\":\"https:\\\/\\\/www.aube-champagne.com\\\/de\\\/troyes-die-historische-hauptstadt-der-champagne\\\/\",\"url\":\"https:\\\/\\\/www.aube-champagne.com\\\/de\\\/troyes-die-historische-hauptstadt-der-champagne\\\/\",\"name\":\"Troyes, die historische Hauptstadt der Champagne - Aube Champagne\",\"isPartOf\":{\"@id\":\"https:\\\/\\\/www.aube-champagne.com\\\/fr\\\/#website\"},\"datePublished\":\"2019-04-07T11:26:54+00:00\",\"description\":\"Mit 60000 Einwohnern (170000 im Ballungszentrum) ist Troyes der Verwaltungssitz des Departements \u201eAube en Champagne\u201c. Die Stadt an der Seine gilt als\",\"breadcrumb\":{\"@id\":\"https:\\\/\\\/www.aube-champagne.com\\\/de\\\/troyes-die-historische-hauptstadt-der-champagne\\\/#breadcrumb\"},\"inLanguage\":\"de\",\"potentialAction\":[{\"@type\":\"ReadAction\",\"target\":[\"https:\\\/\\\/www.aube-champagne.com\\\/de\\\/troyes-die-historische-hauptstadt-der-champagne\\\/\"]}]},{\"@type\":\"BreadcrumbList\",\"@id\":\"https:\\\/\\\/www.aube-champagne.com\\\/de\\\/troyes-die-historische-hauptstadt-der-champagne\\\/#breadcrumb\",\"itemListElement\":[{\"@type\":\"ListItem\",\"position\":1,\"name\":\"Accueil\",\"item\":\"https:\\\/\\\/www.aube-champagne.com\\\/de\\\/\"},{\"@type\":\"ListItem\",\"position\":2,\"name\":\"Troyes, die historische Hauptstadt der Champagne\"}]},{\"@type\":\"WebSite\",\"@id\":\"https:\\\/\\\/www.aube-champagne.com\\\/fr\\\/#website\",\"url\":\"https:\\\/\\\/www.aube-champagne.com\\\/fr\\\/\",\"name\":\"Aube Champagne\",\"description\":\"Soyez Surpris !\",\"potentialAction\":[{\"@type\":\"SearchAction\",\"target\":{\"@type\":\"EntryPoint\",\"urlTemplate\":\"https:\\\/\\\/www.aube-champagne.com\\\/fr\\\/?s={search_term_string}\"},\"query-input\":{\"@type\":\"PropertyValueSpecification\",\"valueRequired\":true,\"valueName\":\"search_term_string\"}}],\"inLanguage\":\"de\"}]}<\/script>\n<!-- \/ Yoast SEO plugin. -->","yoast_head_json":{"title":"Troyes, die historische Hauptstadt der Champagne - Aube Champagne","description":"Mit 60000 Einwohnern (170000 im Ballungszentrum) ist Troyes der Verwaltungssitz des Departements \u201eAube en Champagne\u201c. Die Stadt an der Seine gilt als","robots":{"index":"index","follow":"follow","max-snippet":"max-snippet:-1","max-image-preview":"max-image-preview:large","max-video-preview":"max-video-preview:-1"},"canonical":"https:\/\/www.aube-champagne.com\/de\/troyes-die-historische-hauptstadt-der-champagne\/","og_locale":"de_DE","og_type":"article","og_title":"Troyes, die historische Hauptstadt der Champagne - Aube Champagne","og_description":"Mit 60000 Einwohnern (170000 im Ballungszentrum) ist Troyes der Verwaltungssitz des Departements \u201eAube en Champagne\u201c. Die Stadt an der Seine gilt als","og_url":"https:\/\/www.aube-champagne.com\/de\/troyes-die-historische-hauptstadt-der-champagne\/","og_site_name":"Aube Champagne","article_publisher":"https:\/\/www.facebook.com\/aube.champagne","og_image":[{"width":440,"height":155,"url":"https:\/\/www.aube-champagne.com\/assets\/uploads\/2015\/03\/Aube-Champagne-Logo.jpg","type":"image\/jpeg"}],"twitter_card":"summary_large_image","twitter_site":"@AubeChampagne","twitter_misc":{"Gesch\u00e4tzte Lesezeit":"3\u00a0Minuten"},"schema":{"@context":"https:\/\/schema.org","@graph":[{"@type":"WebPage","@id":"https:\/\/www.aube-champagne.com\/de\/troyes-die-historische-hauptstadt-der-champagne\/","url":"https:\/\/www.aube-champagne.com\/de\/troyes-die-historische-hauptstadt-der-champagne\/","name":"Troyes, die historische Hauptstadt der Champagne - Aube Champagne","isPartOf":{"@id":"https:\/\/www.aube-champagne.com\/fr\/#website"},"datePublished":"2019-04-07T11:26:54+00:00","description":"Mit 60000 Einwohnern (170000 im Ballungszentrum) ist Troyes der Verwaltungssitz des Departements \u201eAube en Champagne\u201c. Die Stadt an der Seine gilt als","breadcrumb":{"@id":"https:\/\/www.aube-champagne.com\/de\/troyes-die-historische-hauptstadt-der-champagne\/#breadcrumb"},"inLanguage":"de","potentialAction":[{"@type":"ReadAction","target":["https:\/\/www.aube-champagne.com\/de\/troyes-die-historische-hauptstadt-der-champagne\/"]}]},{"@type":"BreadcrumbList","@id":"https:\/\/www.aube-champagne.com\/de\/troyes-die-historische-hauptstadt-der-champagne\/#breadcrumb","itemListElement":[{"@type":"ListItem","position":1,"name":"Accueil","item":"https:\/\/www.aube-champagne.com\/de\/"},{"@type":"ListItem","position":2,"name":"Troyes, die historische Hauptstadt der Champagne"}]},{"@type":"WebSite","@id":"https:\/\/www.aube-champagne.com\/fr\/#website","url":"https:\/\/www.aube-champagne.com\/fr\/","name":"Aube Champagne","description":"Soyez Surpris !","potentialAction":[{"@type":"SearchAction","target":{"@type":"EntryPoint","urlTemplate":"https:\/\/www.aube-champagne.com\/fr\/?s={search_term_string}"},"query-input":{"@type":"PropertyValueSpecification","valueRequired":true,"valueName":"search_term_string"}}],"inLanguage":"de"}]}},"publishpress_future_action":{"enabled":false,"date":"2026-05-05 14:59:13","action":"change-status","newStatus":"draft","terms":[],"taxonomy":"translation_priority","extraData":[]},"publishpress_future_workflow_manual_trigger":{"enabledWorkflows":[]},"_links":{"self":[{"href":"https:\/\/www.aube-champagne.com\/de\/wp-json\/wp\/v2\/pages\/34077","targetHints":{"allow":["GET"]}}],"collection":[{"href":"https:\/\/www.aube-champagne.com\/de\/wp-json\/wp\/v2\/pages"}],"about":[{"href":"https:\/\/www.aube-champagne.com\/de\/wp-json\/wp\/v2\/types\/page"}],"author":[{"embeddable":true,"href":"https:\/\/www.aube-champagne.com\/de\/wp-json\/wp\/v2\/users\/9192193"}],"replies":[{"embeddable":true,"href":"https:\/\/www.aube-champagne.com\/de\/wp-json\/wp\/v2\/comments?post=34077"}],"version-history":[{"count":5,"href":"https:\/\/www.aube-champagne.com\/de\/wp-json\/wp\/v2\/pages\/34077\/revisions"}],"predecessor-version":[{"id":34102,"href":"https:\/\/www.aube-champagne.com\/de\/wp-json\/wp\/v2\/pages\/34077\/revisions\/34102"}],"wp:attachment":[{"href":"https:\/\/www.aube-champagne.com\/de\/wp-json\/wp\/v2\/media?parent=34077"}],"curies":[{"name":"wp","href":"https:\/\/api.w.org\/{rel}","templated":true}]}}