{"id":49961,"date":"2022-04-29T16:30:40","date_gmt":"2022-04-29T15:30:40","guid":{"rendered":"https:\/\/www.aube-champagne.com\/museum-camille-claudel\/"},"modified":"2022-04-29T16:31:29","modified_gmt":"2022-04-29T15:31:29","slug":"museum-camille-claudel","status":"publish","type":"page","link":"https:\/\/www.aube-champagne.com\/de\/museum-camille-claudel\/","title":{"rendered":"Museum Camille Claudel"},"content":{"rendered":"<div class=\"wpb-content-wrapper\">[vc_row][vc_column][vc_single_image image=&#8220;23691&#8243; img_size=&#8220;large&#8220; alignment=&#8220;center&#8220;][vc_column_text]\n<h3 style=\"text-align: center;\"><strong><span style=\"color: #a38989;\">Ein Museum von internationalem Rang rund um eine bedeutende K\u00fcnstlerin&#8230;<\/span><\/strong><\/h3>\n[\/vc_column_text][\/vc_column][\/vc_row][vc_row][vc_column][vc_column_text]\n<p style=\"text-align: justify;\">Das <strong>neue Museum Camille Claudel<\/strong>, das am 26. M\u00e4rz 2017 er\u00f6ffnet wurde, ehrt die international bekannte K\u00fcnstlerin, die von 1876 bis 1879 in Nogent-sur-Seine lebte. In diesem neuen Museum sind alle Etappen von Camille Claudels Werdegang vertreten: von ihren naturalistischen Anf\u00e4ngen mit ihrem ersten Lehrer Alfred Boucher \u00fcber ihre Lehrzeit bis hin zur v\u00f6lligen Verbindung mit Rodin, dessen engste Mitarbeiterin sie wurde. In diesem Museum entdeckt man auch die Werke von Paul Dubois, Alfred Boucher oder dem Maler Boeshwillwald.<\/p>\n[\/vc_column_text][vc_separator][\/vc_column][\/vc_row][vc_row][vc_column width=&#8220;1\/2&#8243;][vc_column_text]\n<h4><span style=\"color: #a38989;\">Die ersten k\u00fcnstlerischen Schritte einer Hochbegabten&#8230;<\/span><\/h4>\n<p style=\"text-align: justify;\">Die K\u00fcnstlerin Camille Claudel lebte von 1876 bis 1879 in Nogent sur Seine. Drei entscheidende Jahre gl\u00fccklicher Jugend und Unbeschwertheit, in denen sie Alfred Boucher (1850-1934), ihren ersten Meister und &#8222;Entdecker&#8220;, kennenlernte. Er wird der Initiator der Begegnung mit Auguste Rodin einige Jahre sp\u00e4ter, im Jahr 1882. Diese beiden wunderbaren Sch\u00f6pfer werden eine leidenschaftliche, st\u00fcrmische, aber leider unm\u00f6gliche Liebe erleben. Daraus entsteht eine Konnivenz, eine echte k\u00fcnstlerische Komplizenschaft zwischen den beiden Liebenden. Ziemlich schnell erliegt Rodin dem Genie und der Originalit\u00e4t des Talents seines Sch\u00fctzlings. Camilles Werk ist von dieser Idylle gepr\u00e4gt; und von hier aus l\u00e4sst sich die ganze Originalit\u00e4t, Einzigartigkeit, die Emotionen und der Sinn f\u00fcr Ausdruck in ihren Skulpturen erkennen.<\/p>\n<p>&nbsp;<\/p>\n<h4><\/h4>\n<h4><span style=\"color: #a38989;\">Camille Claudel und die Bildhauerei ihrer Zeit&#8230;<\/span><\/h4>\n<p style=\"text-align: justify;\">Alle Etappen von Camille Claudels Werdegang werden in diesem neuen Museum vertreten sein: ihre Anf\u00e4nge in der naturalistischen Ader ihres ersten Lehrers Alfred Boucher, den sie in Nogent-sur-Seine kennenlernte, die Zeit des Lernens und dann der totalen Connivenz mit Rodin, dessen engste Mitarbeiterin sie wurde. Die Gegen\u00fcberstellung von Werken mit denselben Themen, die von den beiden K\u00fcnstlern behandelt wurden, zeigt die Entwicklung von Camille Claudel innerhalb des Ateliers von Rodin, vom Einfluss, \u00fcber die Osmose bis hin zur Losl\u00f6sung. Alle Etappen seiner Entwicklung werden anhand seiner wichtigsten Werke dargestellt, wie <em>Sakountala<\/em>, die Portr\u00e4ts seines <em>Bruders Paul<\/em><em>als junger R\u00f6mer<\/em>,<em>von Rodin, Giganti, Aurora, Walzer, reifes Alter, Implorante, Causeuses, Profunde Gedanken, Fl\u00f6tenspielerin, Perseus und die Gorgone&#8230;..<\/em><\/p>\n<p><a href=\"http:\/\/www.museecamilleclaudel.fr\/\" target=\"_blank\" rel=\"noopener noreferrer\"><span style=\"color: #a38989;\">www.museecamilleclaudel.com<\/span><\/a>[\/vc_column_text][\/vc_column][vc_column width=&#8220;1\/2&#8243;][vc_media_grid element_width=&#8220;3&#8243; gap=&#8220;2&#8243; item=&#8220;mediaGrid_SimpleOverlay&#8220; grid_id=&#8220;vc_gid:1624959956977-fe38c3ce-0f2a-8&#8243; include=&#8220;13189,13201,13196,13177&#8243;][vc_separator][vc_video link=&#8220;https:\/\/youtu.be\/XwKjRJaAiHo&#8220;][\/vc_column][\/vc_row][vc_row][vc_column][vc_separator border_width=&#8220;2&#8243;][vc_row_inner][vc_column_inner width=&#8220;1\/3&#8243;][vc_single_image image=&#8220;33920&#8243; img_size=&#8220;medium&#8220; alignment=&#8220;center&#8220;][\/vc_column_inner][vc_column_inner width=&#8220;2\/3&#8243;][vc_empty_space][vc_column_text]\n<h4><span style=\"color: #a38989;\">Dieses Jahr im Camille Claudel Museum&#8230;<\/span><\/h4>\n[\/vc_column_text][vc_column_text]\n<ul>\n<li>Ab dem 22. Juni zeigt das Museum seine zweite Sonderausstellung anhand eines Parcours moderner und zeitgen\u00f6ssischer Kunst, der sich durch die<a href=\"https:\/\/www.aube-champagne.com\/fr\/poi\/a-rebrousse-temps-exposition-temporaire-musee-camille-claudel\/\">verschiedenen Ausstellungsr\u00e4ume<\/a> ziehen wird.<\/li>\n<li>Du 2 au 7 avril, le mus\u00e9e propose une semaine ax\u00e9e sur l&#8217;accessibilit\u00e9 aux personnes en situation de handicap. Auf dem Programm stehen verschiedene Themenf\u00fchrungen und Workshops, die Ihre Sinne anregen werden.<\/li>\n<\/ul>\n[\/vc_column_text][vc_btn title=&#8220;Sehen Sie sich den vollst\u00e4ndigen Kalender an &#8220; align=&#8220;left&#8220; link=&#8220;url:http%3A%2F%2Fwww.museecamilleclaudel.fr%2Ffr%2Factivites%2Fagenda|target:%20_blank|&#8220;][vc_empty_space][\/vc_column_inner][\/vc_row_inner][\/vc_column][\/vc_row]\n<\/div>","protected":false},"excerpt":{"rendered":"<p>[vc_row][vc_column][vc_single_image image=&#8220;23691&#8243; img_size=&#8220;large&#8220; alignment=&#8220;center&#8220;][vc_column_text] Ein Museum von internationalem Rang rund um eine bedeutende K\u00fcnstlerin&#8230; [\/vc_column_text][\/vc_column][\/vc_row][vc_row][vc_column][vc_column_text] Das neue Museum Camille Claudel, das am 26. M\u00e4rz 2017 er\u00f6ffnet wurde, ehrt die international bekannte K\u00fcnstlerin, die von 1876 bis 1879 in Nogent-sur-Seine lebte. In diesem neuen Museum sind&hellip;  <a href=\"https:\/\/www.aube-champagne.com\/de\/museum-camille-claudel\/\" title=\"Read Museum Camille Claudel\">Mehr lesen&raquo;<\/a><\/p>\n","protected":false},"author":2,"featured_media":0,"parent":0,"menu_order":0,"comment_status":"closed","ping_status":"closed","template":"","meta":{"footnotes":""},"class_list":["post-49961","page","type-page","status-publish","hentry"],"yoast_head":"<!-- This site is optimized with the Yoast SEO plugin v27.3 - https:\/\/yoast.com\/product\/yoast-seo-wordpress\/ -->\n<title>Museum Camille Claudel - Aube Champagne<\/title>\n<meta name=\"description\" content=\"Das neue Camille Claudel-Museum wird ab Sommer 2016 seine T\u00fcren \u00f6ffnen\" \/>\n<meta name=\"robots\" content=\"index, follow, max-snippet:-1, max-image-preview:large, max-video-preview:-1\" \/>\n<link rel=\"canonical\" href=\"https:\/\/www.aube-champagne.com\/de\/museum-camille-claudel\/\" \/>\n<meta property=\"og:locale\" content=\"de_DE\" \/>\n<meta property=\"og:type\" content=\"article\" \/>\n<meta property=\"og:title\" content=\"Museum Camille Claudel - Aube Champagne\" \/>\n<meta property=\"og:description\" content=\"Das neue Camille Claudel-Museum wird ab Sommer 2016 seine T\u00fcren \u00f6ffnen\" \/>\n<meta property=\"og:url\" content=\"https:\/\/www.aube-champagne.com\/de\/museum-camille-claudel\/\" \/>\n<meta property=\"og:site_name\" content=\"Aube Champagne\" \/>\n<meta property=\"article:publisher\" content=\"https:\/\/www.facebook.com\/aube.champagne\" \/>\n<meta property=\"article:modified_time\" content=\"2022-04-29T15:31:29+00:00\" \/>\n<meta property=\"og:image\" content=\"https:\/\/www.aube-champagne.com\/assets\/uploads\/2015\/03\/Aube-Champagne-Logo.jpg\" \/>\n\t<meta property=\"og:image:width\" content=\"440\" \/>\n\t<meta property=\"og:image:height\" content=\"155\" \/>\n\t<meta property=\"og:image:type\" content=\"image\/jpeg\" \/>\n<meta name=\"twitter:card\" content=\"summary_large_image\" \/>\n<meta name=\"twitter:site\" content=\"@AubeChampagne\" \/>\n<meta name=\"twitter:label1\" content=\"Gesch\u00e4tzte Lesezeit\" \/>\n\t<meta name=\"twitter:data1\" content=\"3\u00a0Minuten\" \/>\n<script type=\"application\/ld+json\" class=\"yoast-schema-graph\">{\"@context\":\"https:\\\/\\\/schema.org\",\"@graph\":[{\"@type\":\"WebPage\",\"@id\":\"https:\\\/\\\/www.aube-champagne.com\\\/de\\\/museum-camille-claudel\\\/\",\"url\":\"https:\\\/\\\/www.aube-champagne.com\\\/de\\\/museum-camille-claudel\\\/\",\"name\":\"Museum Camille Claudel - Aube Champagne\",\"isPartOf\":{\"@id\":\"https:\\\/\\\/www.aube-champagne.com\\\/fr\\\/#website\"},\"datePublished\":\"2022-04-29T15:30:40+00:00\",\"dateModified\":\"2022-04-29T15:31:29+00:00\",\"description\":\"Das neue Camille Claudel-Museum wird ab Sommer 2016 seine T\u00fcren \u00f6ffnen\",\"breadcrumb\":{\"@id\":\"https:\\\/\\\/www.aube-champagne.com\\\/de\\\/museum-camille-claudel\\\/#breadcrumb\"},\"inLanguage\":\"de\",\"potentialAction\":[{\"@type\":\"ReadAction\",\"target\":[\"https:\\\/\\\/www.aube-champagne.com\\\/de\\\/museum-camille-claudel\\\/\"]}]},{\"@type\":\"BreadcrumbList\",\"@id\":\"https:\\\/\\\/www.aube-champagne.com\\\/de\\\/museum-camille-claudel\\\/#breadcrumb\",\"itemListElement\":[{\"@type\":\"ListItem\",\"position\":1,\"name\":\"Accueil\",\"item\":\"https:\\\/\\\/www.aube-champagne.com\\\/de\\\/\"},{\"@type\":\"ListItem\",\"position\":2,\"name\":\"Museum Camille Claudel\"}]},{\"@type\":\"WebSite\",\"@id\":\"https:\\\/\\\/www.aube-champagne.com\\\/fr\\\/#website\",\"url\":\"https:\\\/\\\/www.aube-champagne.com\\\/fr\\\/\",\"name\":\"Aube Champagne\",\"description\":\"Soyez Surpris !\",\"potentialAction\":[{\"@type\":\"SearchAction\",\"target\":{\"@type\":\"EntryPoint\",\"urlTemplate\":\"https:\\\/\\\/www.aube-champagne.com\\\/fr\\\/?s={search_term_string}\"},\"query-input\":{\"@type\":\"PropertyValueSpecification\",\"valueRequired\":true,\"valueName\":\"search_term_string\"}}],\"inLanguage\":\"de\"}]}<\/script>\n<!-- \/ Yoast SEO plugin. -->","yoast_head_json":{"title":"Museum Camille Claudel - Aube Champagne","description":"Das neue Camille Claudel-Museum wird ab Sommer 2016 seine T\u00fcren \u00f6ffnen","robots":{"index":"index","follow":"follow","max-snippet":"max-snippet:-1","max-image-preview":"max-image-preview:large","max-video-preview":"max-video-preview:-1"},"canonical":"https:\/\/www.aube-champagne.com\/de\/museum-camille-claudel\/","og_locale":"de_DE","og_type":"article","og_title":"Museum Camille Claudel - Aube Champagne","og_description":"Das neue Camille Claudel-Museum wird ab Sommer 2016 seine T\u00fcren \u00f6ffnen","og_url":"https:\/\/www.aube-champagne.com\/de\/museum-camille-claudel\/","og_site_name":"Aube Champagne","article_publisher":"https:\/\/www.facebook.com\/aube.champagne","article_modified_time":"2022-04-29T15:31:29+00:00","og_image":[{"width":440,"height":155,"url":"https:\/\/www.aube-champagne.com\/assets\/uploads\/2015\/03\/Aube-Champagne-Logo.jpg","type":"image\/jpeg"}],"twitter_card":"summary_large_image","twitter_site":"@AubeChampagne","twitter_misc":{"Gesch\u00e4tzte Lesezeit":"3\u00a0Minuten"},"schema":{"@context":"https:\/\/schema.org","@graph":[{"@type":"WebPage","@id":"https:\/\/www.aube-champagne.com\/de\/museum-camille-claudel\/","url":"https:\/\/www.aube-champagne.com\/de\/museum-camille-claudel\/","name":"Museum Camille Claudel - Aube Champagne","isPartOf":{"@id":"https:\/\/www.aube-champagne.com\/fr\/#website"},"datePublished":"2022-04-29T15:30:40+00:00","dateModified":"2022-04-29T15:31:29+00:00","description":"Das neue Camille Claudel-Museum wird ab Sommer 2016 seine T\u00fcren \u00f6ffnen","breadcrumb":{"@id":"https:\/\/www.aube-champagne.com\/de\/museum-camille-claudel\/#breadcrumb"},"inLanguage":"de","potentialAction":[{"@type":"ReadAction","target":["https:\/\/www.aube-champagne.com\/de\/museum-camille-claudel\/"]}]},{"@type":"BreadcrumbList","@id":"https:\/\/www.aube-champagne.com\/de\/museum-camille-claudel\/#breadcrumb","itemListElement":[{"@type":"ListItem","position":1,"name":"Accueil","item":"https:\/\/www.aube-champagne.com\/de\/"},{"@type":"ListItem","position":2,"name":"Museum Camille Claudel"}]},{"@type":"WebSite","@id":"https:\/\/www.aube-champagne.com\/fr\/#website","url":"https:\/\/www.aube-champagne.com\/fr\/","name":"Aube Champagne","description":"Soyez Surpris !","potentialAction":[{"@type":"SearchAction","target":{"@type":"EntryPoint","urlTemplate":"https:\/\/www.aube-champagne.com\/fr\/?s={search_term_string}"},"query-input":{"@type":"PropertyValueSpecification","valueRequired":true,"valueName":"search_term_string"}}],"inLanguage":"de"}]}},"publishpress_future_action":{"enabled":false,"date":"2026-04-18 16:26:37","action":"change-status","newStatus":"draft","terms":[],"taxonomy":"translation_priority","extraData":[]},"publishpress_future_workflow_manual_trigger":{"enabledWorkflows":[]},"_links":{"self":[{"href":"https:\/\/www.aube-champagne.com\/de\/wp-json\/wp\/v2\/pages\/49961","targetHints":{"allow":["GET"]}}],"collection":[{"href":"https:\/\/www.aube-champagne.com\/de\/wp-json\/wp\/v2\/pages"}],"about":[{"href":"https:\/\/www.aube-champagne.com\/de\/wp-json\/wp\/v2\/types\/page"}],"author":[{"embeddable":true,"href":"https:\/\/www.aube-champagne.com\/de\/wp-json\/wp\/v2\/users\/2"}],"replies":[{"embeddable":true,"href":"https:\/\/www.aube-champagne.com\/de\/wp-json\/wp\/v2\/comments?post=49961"}],"version-history":[{"count":2,"href":"https:\/\/www.aube-champagne.com\/de\/wp-json\/wp\/v2\/pages\/49961\/revisions"}],"predecessor-version":[{"id":49971,"href":"https:\/\/www.aube-champagne.com\/de\/wp-json\/wp\/v2\/pages\/49961\/revisions\/49971"}],"wp:attachment":[{"href":"https:\/\/www.aube-champagne.com\/de\/wp-json\/wp\/v2\/media?parent=49961"}],"curies":[{"name":"wp","href":"https:\/\/api.w.org\/{rel}","templated":true}]}}