{"id":50474,"date":"2022-05-12T14:14:59","date_gmt":"2022-05-12T13:14:59","guid":{"rendered":"https:\/\/www.aube-champagne.com\/slow-tourism-entdecken-sie-den-tourismus-neu\/"},"modified":"2022-05-24T09:17:54","modified_gmt":"2022-05-24T08:17:54","slug":"slow-tourism-entdecken-sie-den-tourismus-neu","status":"publish","type":"page","link":"https:\/\/www.aube-champagne.com\/de\/slow-tourism-entdecken-sie-den-tourismus-neu\/","title":{"rendered":"Slow Tourism: Entdecken Sie den Tourismus neu"},"content":{"rendered":"<div class=\"wpb-content-wrapper\">[vc_row][vc_column][vc_single_image image=&#8220;48347&#8243; img_size=&#8220;2048&#215;874&#8243; alignment=&#8220;center&#8220;][vc_column_text]\n<p style=\"text-align: center;\">In einer Welt, die immer mehr in Eile ist, stellt sich der Slow-Tourismus als die Kunst dar, sich Zeit zu nehmen. Slow Tourismus zu praktizieren bedeutet, die Abschaltung zu bevorzugen, die lokale Gastronomie zu genie\u00dfen, Landschaften, Kulturen und Geschichten zu entdecken&#8230; Man darf keine Angst davor haben, sich \u00fcberraschen zu lassen.<\/p>\n[\/vc_column_text][vc_column_text]\n<h4 style=\"text-align: center;\"><strong>Was ist Slow Tourismus? <\/strong><\/h4>\n[\/vc_column_text][vc_empty_space][\/vc_column][\/vc_row][vc_row][vc_column][vc_separator color=&#8220;orange&#8220; el_width=&#8220;30&#8243;][\/vc_column][\/vc_row][vc_row][vc_column width=&#8220;2\/3&#8243;][vc_column_text]\n<div class=\"wpb_text_column wpb_content_element \">\n<div class=\"wpb_wrapper\">\n<h2><strong>Den Reichtum der Welt um uns herum wiederentdecken<\/strong><\/h2>\n<\/div>\n<\/div>\n[\/vc_column_text][vc_column_text]\n<div class=\"wpb_text_column wpb_content_element \">\n<div class=\"wpb_wrapper\">\n<p><span style=\"font-family: inherit; font-size: 1em;\">Unsere l\u00e4ndlichen Gebiete in Frankreich sind reich an erstaunlichen Nuggets. Der Slow-Tourismus, erm\u00f6glicht es, Regionen wieder voll zu entdecken mit ihren <\/span><strong style=\"font-family: inherit; font-size: 1em;\">authentische und einzigartige Kultur<\/strong><span style=\"font-family: inherit; font-size: 1em;\">. Diese vollwertige Erfahrung erm\u00f6glicht <\/span><strong style=\"font-family: inherit; font-size: 1em;\">die Natur, die uns<\/strong> <span style=\"font-family: inherit; font-size: 1em;\">umgibt, und das<\/span> <strong style=\"font-family: inherit; font-size: 1em;\">reiche<\/strong> <a style=\"font-family: inherit; font-size: 1em;\" href=\"https:\/\/www.aube-champagne.com\/de\/auf-entdeckungsreise-durch-das-kulturerbe-des-departements-aube\/\" target=\"_blank\" rel=\"noopener noreferrer\">kulturelle<\/a><span style=\"font-family: inherit; font-size: 1em;\">und<\/span> <a style=\"font-family: inherit; font-size: 1em;\" href=\"https:\/\/www.aube-champagne.com\/de\/portfolio-post\/die-gastronomie-von-aube-en-champagne\/\" target=\"_blank\" rel=\"noopener noreferrer\">gastronomische<\/a> <span style=\"font-family: inherit; font-size: 1em;\">Erbe voll in sich aufnehmen<\/span><strong style=\"font-family: inherit; font-size: 1em;\">.<\/strong><\/p>\n<\/div>\n<\/div>\n[\/vc_column_text][vc_column_text]\n<h2 style=\"text-align: left;\"><strong>Gemeinsame Momente mit den Einheimischen erleben<\/strong><\/h2>\n[\/vc_column_text][vc_column_text]Der Langsamtourismus l\u00e4dt dazu ein, <strong>sich auf den Weg zu machen und die Einheimischen zu treffen.<\/strong> Wenn sich Touristen Zeit zum Reisen nehmen, teilen sie leichter einen Teil ihres Alltags und k\u00f6nnen <strong>Raum f\u00fcr Unvorhergesehenes sowie f\u00fcr<\/strong> <strong>Emotionen schaffen.<\/strong>[\/vc_column_text][vc_column_text]\n<h2 style=\"text-align: left;\"><strong>Umweltfreundlicherer Tourismus<\/strong><\/h2>\n[\/vc_column_text][vc_column_text]Diese Art des Tourismus erm\u00f6glicht ein echtes <strong>Eintauchen in das Leben der Region.<\/strong> Er l\u00e4dt uns dazu ein, die ausgetretenen Pfade des Massentourismus zu verlassen und so<strong>die nat\u00fcrlichen \u00d6kosysteme zu erhalten.<\/strong> Die Akteure des Slow-Tourismus teilen mit Ihnen nicht nur ihre Leidenschaft und ihr <a href=\"https:\/\/www.aube-champagne.com\/de\/landestypische-produkte\/\" target=\"_blank\" rel=\"noopener noreferrer\">Know-how,<\/a> sondern vor allem auch ihr <strong>\u00f6kologisches Engagement.<\/strong>[\/vc_column_text][vc_column_text]\n<div class=\"wpb_wrapper\">\n<h2 style=\"text-align: left;\"><strong>Sich Zeit nehmen, um die Dinge um uns herum zu bewundern<\/strong><\/h2>\n<\/div>\n<div class=\"wpb_wrapper\">\n<p>&nbsp;<\/p>\n<\/div>\n[\/vc_column_text][vc_column_text]\n<div class=\"wpb_wrapper\">\n<p><span style=\"font-family: inherit; font-size: 1em;\">Slow Tourismus bedeutet auch<\/span><strong style=\"font-family: inherit; font-size: 1em;\">, langsame<\/strong> <strong style=\"font-family: inherit; font-size: 1em;\">Rhythmen<\/strong> <span style=\"font-family: inherit; font-size: 1em;\">und<\/span> <strong style=\"font-family: inherit; font-size: 1em;\">sanfte Mobilit\u00e4t<\/strong><span style=\"font-family: inherit; font-size: 1em;\">zu f\u00f6rdern:<\/span> <a style=\"font-family: inherit; font-size: 1em;\" href=\"https:\/\/www.aube-champagne.com\/de\/portfolio-post\/wandern-in-der-aube-en-champagne\/\" target=\"_blank\" rel=\"noopener noreferrer\">zu Fu\u00df, zu Pferd, mit dem<\/a><a style=\"font-family: inherit; font-size: 1em;\" href=\"https:\/\/www.aube-champagne.com\/fr\/velo-vtt\/\" target=\"_blank\" rel=\"noopener noreferrer\">Fahrrad<\/a> <span style=\"font-family: inherit; font-size: 1em;\">oder sogar<\/span> <span style=\"font-family: inherit; font-size: 1em;\">mit dem Kajak.<\/span><span style=\"font-family: inherit; font-size: 1em;\">. Er erm\u00f6glicht es, die Freude an einer Reise ohne Hast und in aller Ruhe wiederzufinden. <\/span><\/p>\n<\/div>\n<div class=\"wpb_wrapper\">\n<p>&nbsp;<\/p>\n<\/div>\n[\/vc_column_text][\/vc_column][vc_column width=&#8220;1\/3&#8243;][vc_single_image image=&#8220;48009&#8243; img_size=&#8220;568&#215;380&#8243;][vc_single_image image=&#8220;46775&#8243; img_size=&#8220;568&#215;380&#8243;][vc_single_image image=&#8220;44678&#8243; img_size=&#8220;568&#215;380&#8243;][\/vc_column][\/vc_row][vc_row][vc_column][vc_separator color=&#8220;orange&#8220; el_width=&#8220;30&#8243;][\/vc_column][\/vc_row][vc_row][vc_column width=&#8220;1\/2&#8243;][vc_single_image image=&#8220;47696&#8243; img_size=&#8220;568&#215;380&#8243; alignment=&#8220;center&#8220; onclick=&#8220;custom_link&#8220; img_link_target=&#8220;_blank&#8220; link=&#8220;https:%2F%2Fwww.aube-champagne.com%2Ffr%2Fportfolio-post%2Fslow-tourisme-dans-laube-en-champagne%2F|&#8220;][\/vc_column][vc_column width=&#8220;1\/2&#8243;][vc_column_text]\n<h2 style=\"text-align: center;\"><strong>Erfahren Sie, welche Slow-Aktivit\u00e4ten Sie<\/strong> <strong>in Aube en Champagne unternehmen k\u00f6nnen<\/strong><\/h2>\n[\/vc_column_text][vc_column_text]\n<p style=\"text-align: left;\">Die Region Aube en Champagne ist ein ideales Gebiet zum Abschalten, um aufs Land zu fl\u00fcchten und sich vom Lauf der Zeit treiben zu lassen. Nat\u00fcrlich erm\u00f6glicht es dies mit etwas Vorbereitung, einige Aktivit\u00e4ten oder Begegnungen zu planen, um einzigartige Erfahrungen zu machen. Wir haben daher eine kleine Auswahl an unverzichtbaren <a href=\"https:\/\/www.aube-champagne.com\/de\/portfolio-post\/slow-tourismus-in-der-aube-en-champagne\/\">Slow-Tourismus-Aktivit\u00e4ten<\/a> zusammengestellt, damit Sie Ihren Aufenthalt optimal planen k\u00f6nnen.<\/p>\n[\/vc_column_text][vc_btn title=&#8220;ICH ENTDECKE&#8220; color=&#8220;orange&#8220; align=&#8220;center&#8220; link=&#8220;url:https%3A%2F%2Fwww.aube-champagne.com%2Fde%2Fportfolio-post%2Fslow-tourismus-in-der-aube-en-champagne%2F|target:_blank&#8220;][\/vc_column][\/vc_row]\n<\/div>","protected":false},"excerpt":{"rendered":"<p>[vc_row][vc_column][vc_single_image image=&#8220;48347&#8243; img_size=&#8220;2048&#215;874&#8243; alignment=&#8220;center&#8220;][vc_column_text] In einer Welt, die immer mehr in Eile ist, stellt sich der Slow-Tourismus als die Kunst dar, sich Zeit zu nehmen. Slow Tourismus zu praktizieren bedeutet, die Abschaltung zu bevorzugen, die lokale Gastronomie zu genie\u00dfen, Landschaften, Kulturen und Geschichten zu entdecken&#8230;&hellip;  <a href=\"https:\/\/www.aube-champagne.com\/de\/slow-tourism-entdecken-sie-den-tourismus-neu\/\" title=\"Read Slow Tourism: Entdecken Sie den Tourismus neu\">Mehr lesen&raquo;<\/a><\/p>\n","protected":false},"author":9192193,"featured_media":0,"parent":0,"menu_order":0,"comment_status":"closed","ping_status":"closed","template":"","meta":{"footnotes":""},"class_list":["post-50474","page","type-page","status-publish","hentry"],"yoast_head":"<!-- This site is optimized with the Yoast SEO plugin v27.4 - https:\/\/yoast.com\/product\/yoast-seo-wordpress\/ -->\n<title>Slow Tourism: Entdecken Sie den Tourismus neu - Aube Champagne<\/title>\n<meta name=\"description\" content=\"In einer Welt, die immer mehr in Eile ist, stellt sich der Slow-Tourismus als die Kunst dar, sich Zeit zu nehmen. Slow Tourismus zu praktizieren bedeutet,\" \/>\n<meta name=\"robots\" content=\"index, follow, max-snippet:-1, max-image-preview:large, max-video-preview:-1\" \/>\n<link rel=\"canonical\" href=\"https:\/\/www.aube-champagne.com\/de\/slow-tourism-entdecken-sie-den-tourismus-neu\/\" \/>\n<meta property=\"og:locale\" content=\"de_DE\" \/>\n<meta property=\"og:type\" content=\"article\" \/>\n<meta property=\"og:title\" content=\"Slow Tourism: Entdecken Sie den Tourismus neu - Aube Champagne\" \/>\n<meta property=\"og:description\" content=\"In einer Welt, die immer mehr in Eile ist, stellt sich der Slow-Tourismus als die Kunst dar, sich Zeit zu nehmen. Slow Tourismus zu praktizieren bedeutet,\" \/>\n<meta property=\"og:url\" content=\"https:\/\/www.aube-champagne.com\/de\/slow-tourism-entdecken-sie-den-tourismus-neu\/\" \/>\n<meta property=\"og:site_name\" content=\"Aube Champagne\" \/>\n<meta property=\"article:publisher\" content=\"https:\/\/www.facebook.com\/aube.champagne\" \/>\n<meta property=\"article:modified_time\" content=\"2022-05-24T08:17:54+00:00\" \/>\n<meta property=\"og:image\" content=\"https:\/\/www.aube-champagne.com\/assets\/uploads\/2015\/03\/Aube-Champagne-Logo.jpg\" \/>\n\t<meta property=\"og:image:width\" content=\"440\" \/>\n\t<meta property=\"og:image:height\" content=\"155\" \/>\n\t<meta property=\"og:image:type\" content=\"image\/jpeg\" \/>\n<meta name=\"twitter:card\" content=\"summary_large_image\" \/>\n<meta name=\"twitter:site\" content=\"@AubeChampagne\" \/>\n<meta name=\"twitter:label1\" content=\"Gesch\u00e4tzte Lesezeit\" \/>\n\t<meta name=\"twitter:data1\" content=\"2\u00a0Minuten\" \/>\n<script type=\"application\/ld+json\" class=\"yoast-schema-graph\">{\"@context\":\"https:\\\/\\\/schema.org\",\"@graph\":[{\"@type\":\"WebPage\",\"@id\":\"https:\\\/\\\/www.aube-champagne.com\\\/de\\\/slow-tourism-entdecken-sie-den-tourismus-neu\\\/\",\"url\":\"https:\\\/\\\/www.aube-champagne.com\\\/de\\\/slow-tourism-entdecken-sie-den-tourismus-neu\\\/\",\"name\":\"Slow Tourism: Entdecken Sie den Tourismus neu - Aube Champagne\",\"isPartOf\":{\"@id\":\"https:\\\/\\\/www.aube-champagne.com\\\/fr\\\/#website\"},\"datePublished\":\"2022-05-12T13:14:59+00:00\",\"dateModified\":\"2022-05-24T08:17:54+00:00\",\"description\":\"In einer Welt, die immer mehr in Eile ist, stellt sich der Slow-Tourismus als die Kunst dar, sich Zeit zu nehmen. Slow Tourismus zu praktizieren bedeutet,\",\"breadcrumb\":{\"@id\":\"https:\\\/\\\/www.aube-champagne.com\\\/de\\\/slow-tourism-entdecken-sie-den-tourismus-neu\\\/#breadcrumb\"},\"inLanguage\":\"de\",\"potentialAction\":[{\"@type\":\"ReadAction\",\"target\":[\"https:\\\/\\\/www.aube-champagne.com\\\/de\\\/slow-tourism-entdecken-sie-den-tourismus-neu\\\/\"]}]},{\"@type\":\"BreadcrumbList\",\"@id\":\"https:\\\/\\\/www.aube-champagne.com\\\/de\\\/slow-tourism-entdecken-sie-den-tourismus-neu\\\/#breadcrumb\",\"itemListElement\":[{\"@type\":\"ListItem\",\"position\":1,\"name\":\"Accueil\",\"item\":\"https:\\\/\\\/www.aube-champagne.com\\\/de\\\/\"},{\"@type\":\"ListItem\",\"position\":2,\"name\":\"Slow Tourism: Entdecken Sie den Tourismus neu\"}]},{\"@type\":\"WebSite\",\"@id\":\"https:\\\/\\\/www.aube-champagne.com\\\/fr\\\/#website\",\"url\":\"https:\\\/\\\/www.aube-champagne.com\\\/fr\\\/\",\"name\":\"Aube Champagne\",\"description\":\"Soyez Surpris !\",\"potentialAction\":[{\"@type\":\"SearchAction\",\"target\":{\"@type\":\"EntryPoint\",\"urlTemplate\":\"https:\\\/\\\/www.aube-champagne.com\\\/fr\\\/?s={search_term_string}\"},\"query-input\":{\"@type\":\"PropertyValueSpecification\",\"valueRequired\":true,\"valueName\":\"search_term_string\"}}],\"inLanguage\":\"de\"}]}<\/script>\n<!-- \/ Yoast SEO plugin. -->","yoast_head_json":{"title":"Slow Tourism: Entdecken Sie den Tourismus neu - Aube Champagne","description":"In einer Welt, die immer mehr in Eile ist, stellt sich der Slow-Tourismus als die Kunst dar, sich Zeit zu nehmen. Slow Tourismus zu praktizieren bedeutet,","robots":{"index":"index","follow":"follow","max-snippet":"max-snippet:-1","max-image-preview":"max-image-preview:large","max-video-preview":"max-video-preview:-1"},"canonical":"https:\/\/www.aube-champagne.com\/de\/slow-tourism-entdecken-sie-den-tourismus-neu\/","og_locale":"de_DE","og_type":"article","og_title":"Slow Tourism: Entdecken Sie den Tourismus neu - Aube Champagne","og_description":"In einer Welt, die immer mehr in Eile ist, stellt sich der Slow-Tourismus als die Kunst dar, sich Zeit zu nehmen. Slow Tourismus zu praktizieren bedeutet,","og_url":"https:\/\/www.aube-champagne.com\/de\/slow-tourism-entdecken-sie-den-tourismus-neu\/","og_site_name":"Aube Champagne","article_publisher":"https:\/\/www.facebook.com\/aube.champagne","article_modified_time":"2022-05-24T08:17:54+00:00","og_image":[{"width":440,"height":155,"url":"https:\/\/www.aube-champagne.com\/assets\/uploads\/2015\/03\/Aube-Champagne-Logo.jpg","type":"image\/jpeg"}],"twitter_card":"summary_large_image","twitter_site":"@AubeChampagne","twitter_misc":{"Gesch\u00e4tzte Lesezeit":"2\u00a0Minuten"},"schema":{"@context":"https:\/\/schema.org","@graph":[{"@type":"WebPage","@id":"https:\/\/www.aube-champagne.com\/de\/slow-tourism-entdecken-sie-den-tourismus-neu\/","url":"https:\/\/www.aube-champagne.com\/de\/slow-tourism-entdecken-sie-den-tourismus-neu\/","name":"Slow Tourism: Entdecken Sie den Tourismus neu - Aube Champagne","isPartOf":{"@id":"https:\/\/www.aube-champagne.com\/fr\/#website"},"datePublished":"2022-05-12T13:14:59+00:00","dateModified":"2022-05-24T08:17:54+00:00","description":"In einer Welt, die immer mehr in Eile ist, stellt sich der Slow-Tourismus als die Kunst dar, sich Zeit zu nehmen. Slow Tourismus zu praktizieren bedeutet,","breadcrumb":{"@id":"https:\/\/www.aube-champagne.com\/de\/slow-tourism-entdecken-sie-den-tourismus-neu\/#breadcrumb"},"inLanguage":"de","potentialAction":[{"@type":"ReadAction","target":["https:\/\/www.aube-champagne.com\/de\/slow-tourism-entdecken-sie-den-tourismus-neu\/"]}]},{"@type":"BreadcrumbList","@id":"https:\/\/www.aube-champagne.com\/de\/slow-tourism-entdecken-sie-den-tourismus-neu\/#breadcrumb","itemListElement":[{"@type":"ListItem","position":1,"name":"Accueil","item":"https:\/\/www.aube-champagne.com\/de\/"},{"@type":"ListItem","position":2,"name":"Slow Tourism: Entdecken Sie den Tourismus neu"}]},{"@type":"WebSite","@id":"https:\/\/www.aube-champagne.com\/fr\/#website","url":"https:\/\/www.aube-champagne.com\/fr\/","name":"Aube Champagne","description":"Soyez Surpris !","potentialAction":[{"@type":"SearchAction","target":{"@type":"EntryPoint","urlTemplate":"https:\/\/www.aube-champagne.com\/fr\/?s={search_term_string}"},"query-input":{"@type":"PropertyValueSpecification","valueRequired":true,"valueName":"search_term_string"}}],"inLanguage":"de"}]}},"publishpress_future_action":{"enabled":false,"date":"2026-04-24 04:29:22","action":"change-status","newStatus":"draft","terms":[],"taxonomy":"translation_priority","extraData":[]},"publishpress_future_workflow_manual_trigger":{"enabledWorkflows":[]},"_links":{"self":[{"href":"https:\/\/www.aube-champagne.com\/de\/wp-json\/wp\/v2\/pages\/50474","targetHints":{"allow":["GET"]}}],"collection":[{"href":"https:\/\/www.aube-champagne.com\/de\/wp-json\/wp\/v2\/pages"}],"about":[{"href":"https:\/\/www.aube-champagne.com\/de\/wp-json\/wp\/v2\/types\/page"}],"author":[{"embeddable":true,"href":"https:\/\/www.aube-champagne.com\/de\/wp-json\/wp\/v2\/users\/9192193"}],"replies":[{"embeddable":true,"href":"https:\/\/www.aube-champagne.com\/de\/wp-json\/wp\/v2\/comments?post=50474"}],"version-history":[{"count":5,"href":"https:\/\/www.aube-champagne.com\/de\/wp-json\/wp\/v2\/pages\/50474\/revisions"}],"predecessor-version":[{"id":51254,"href":"https:\/\/www.aube-champagne.com\/de\/wp-json\/wp\/v2\/pages\/50474\/revisions\/51254"}],"wp:attachment":[{"href":"https:\/\/www.aube-champagne.com\/de\/wp-json\/wp\/v2\/media?parent=50474"}],"curies":[{"name":"wp","href":"https:\/\/api.w.org\/{rel}","templated":true}]}}