{"id":7490,"date":"2015-02-05T13:37:55","date_gmt":"2015-02-05T13:37:55","guid":{"rendered":"http:\/\/www.aube-champagne.com\/le-comite-departemental-du-tourisme-2\/"},"modified":"2025-09-30T13:47:52","modified_gmt":"2025-09-30T12:47:52","slug":"tourismus-sachverstandigenausschusses","status":"publish","type":"page","link":"https:\/\/www.aube-champagne.com\/de\/tourismus-sachverstandigenausschusses\/","title":{"rendered":"Tourismus Sachverst\u00e4ndigenausschusses"},"content":{"rendered":"<div class=\"wpb-content-wrapper\">[vc_row][vc_column][vc_column_text]\n<h3 style=\"background: white; text-align: center;\"><\/h3>\n<pre id=\"tw-target-text\" class=\"tw-data-text tw-text-large tw-ta\" dir=\"ltr\" tabindex=\"-1\" role=\"text\" data-placeholder=\"Traduction\" aria-label=\"Texte traduit\u00a0: Agentur\" data-ved=\"2ahUKEwjqnpScvoCQAxXvVKQEHdwqHjEQ3ewLegQIEBAV\"><\/pre>\n<h3 style=\"text-align: center;\"><span style=\"color: #de9023;\">Agentur Aube en Champagne Attractivit\u00e9<\/span><\/h3>\n<h5 style=\"text-align: center;\"><span style=\"color: #333333;\">34 quai Dampierre &#8211; 10000 Troyes<\/span><\/h5>\n<h5 style=\"text-align: center;\"><span style=\"color: #de9023;\"><a style=\"color: #de9023;\" href=\"mailto:bonjour@aube-champagne.com\">bonjour@aube-champagne.com<\/a><\/span><\/h5>\n[\/vc_column_text][\/vc_column][\/vc_row][vc_row full_width=&#8220;stretch_row&#8220;][vc_column][vc_empty_space][\/vc_column][\/vc_row][vc_row][vc_column width=&#8220;1\/2&#8243;][vc_column_text]\n<h5 style=\"text-align: center;\">Pr\u00e4sident<\/h5>\n<h5 style=\"text-align: center;\"><a href=\"http:\/\/www.aube-champagne.com\/assets\/uploads\/2015\/02\/Didier-Leprince.jpg\"><img decoding=\"async\" class=\"aligncenter size-medium wp-image-22706\" src=\"https:\/\/www.aube-champagne.com\/assets\/uploads\/2015\/02\/Didier-Leprince-240x300.jpg\" alt=\"\" width=\"240\" height=\"300\" srcset=\"https:\/\/www.aube-champagne.com\/assets\/uploads\/2015\/02\/Didier-Leprince-240x300.jpg 240w, https:\/\/www.aube-champagne.com\/assets\/uploads\/2015\/02\/Didier-Leprince-768x960.jpg 768w, https:\/\/www.aube-champagne.com\/assets\/uploads\/2015\/02\/Didier-Leprince-819x1024.jpg 819w, https:\/\/www.aube-champagne.com\/assets\/uploads\/2015\/02\/Didier-Leprince.jpg 1200w\" sizes=\"(max-width: 240px) 100vw, 240px\" \/><\/a><\/h5>\n<h5 style=\"text-align: center;\">Didier Leprince<br \/>\n03.25.42.50.00<\/h5>\n[\/vc_column_text][\/vc_column][vc_column width=&#8220;1\/2&#8243;][vc_column_text]\n<h5 style=\"text-align: center;\">Direktor<\/h5>\n<h5 style=\"text-align: center;\"><a href=\"https:\/\/www.aube-champagne.com\/assets\/uploads\/2025\/09\/Z6S_8860.jpg\"><img decoding=\"async\" class=\"alignnone wp-image-89846 size-full\" src=\"https:\/\/www.aube-champagne.com\/assets\/uploads\/2025\/09\/Z6S_8860.jpg\" alt=\"\" width=\"200\" height=\"300\" \/><\/a><\/h5>\n<h5 style=\"text-align: center;\"><a href=\"mailto:c.taillardat@aube-champagne.com\">Christelle TAILLARDAT<\/a><br \/>\n03.25.42.50.00<\/h5>\n[\/vc_column_text][\/vc_column][\/vc_row][vc_row][vc_column width=&#8220;1\/2&#8243;][vc_column_text]\n<h5 style=\"text-align: center;\">Innovationsstrategie-Manager<\/h5>\n<h5 style=\"text-align: center;\"><a href=\"https:\/\/www.aube-champagne.com\/assets\/uploads\/2025\/09\/Z6S_6397.jpg\"><img decoding=\"async\" class=\"alignnone wp-image-89864 size-full\" src=\"https:\/\/www.aube-champagne.com\/assets\/uploads\/2025\/09\/Z6S_6397.jpg\" alt=\"\" width=\"200\" height=\"300\" \/><\/a><\/h5>\n<h5 style=\"text-align: center;\"><a href=\"mailto:gregory.davaillaud@aube-champagne.com\">Gr\u00e9gory DAVAILLAUD<\/a><br \/>\n03.25.42.50.77<\/h5>\n[\/vc_column_text][\/vc_column][vc_column width=&#8220;1\/2&#8243;][vc_column_text]\n<h5 style=\"text-align: center;\">Direktor assitent<\/h5>\n<h5 style=\"text-align: center;\"><a href=\"https:\/\/www.aube-champagne.com\/assets\/uploads\/2025\/09\/Z6S_6544.jpg\"><img decoding=\"async\" class=\"alignnone size-full wp-image-89867\" src=\"https:\/\/www.aube-champagne.com\/assets\/uploads\/2025\/09\/Z6S_6544.jpg\" alt=\"\" width=\"200\" height=\"300\" \/><\/a><\/h5>\n<h5 style=\"text-align: center;\"><a href=\"mailto:claire.garnichat@aube.fr\">Claire DUFAUT<br \/>\n<\/a>03.25.42.50.00<\/h5>\n[\/vc_column_text][\/vc_column][\/vc_row][vc_row][vc_column width=&#8220;1\/4&#8243;][vc_column_text]\n<h5 style=\"text-align: center;\">Deputy director in charge of business tourism<\/h5>\n<h5 style=\"text-align: center;\"><a href=\"https:\/\/www.aube-champagne.com\/assets\/uploads\/2025\/09\/Z6S_6880.jpg\"><img decoding=\"async\" class=\"alignnone wp-image-89861 size-full\" src=\"https:\/\/www.aube-champagne.com\/assets\/uploads\/2025\/09\/Z6S_6880.jpg\" alt=\"\" width=\"200\" height=\"300\" \/><\/a><\/h5>\n<h5 style=\"text-align: center;\"><a href=\"mailto:cecile.lupo@aube-champagne.com\">C\u00e9cile LUPO<br \/>\n<\/a>03.25.42.50.84<\/h5>\n[\/vc_column_text][\/vc_column][vc_column width=&#8220;1\/4&#8243;][vc_column_text]\n<h5 style=\"text-align: center;\">Gesch\u00e4ftstourismus Kundenmanager<\/h5>\n<h5 style=\"text-align: center;\"><a href=\"https:\/\/www.aube-champagne.com\/assets\/uploads\/2025\/09\/Z6S_6763.jpg\"><img decoding=\"async\" class=\"alignnone wp-image-89858 size-full\" src=\"https:\/\/www.aube-champagne.com\/assets\/uploads\/2025\/09\/Z6S_6763.jpg\" alt=\"\" width=\"200\" height=\"296\" \/><\/a><\/h5>\n<h5 style=\"text-align: center;\"><a href=\"mailto:leanne.thieblemont@aube.fr\">L\u00e9anne THIEBLEMONT<br \/>\n<\/a>03.25.42.50.86<\/h5>\n[\/vc_column_text][\/vc_column][vc_column width=&#8220;1\/4&#8243;][vc_column_text]\n<h5 style=\"text-align: center;\">\u00a0Freizeit tourismus Kundenmanager<\/h5>\n<h5 style=\"text-align: center;\"><a href=\"https:\/\/www.aube-champagne.com\/assets\/uploads\/2025\/09\/Z6S_6986.jpg\"><img decoding=\"async\" class=\"alignnone wp-image-89855 size-full\" src=\"https:\/\/www.aube-champagne.com\/assets\/uploads\/2025\/09\/Z6S_6986.jpg\" alt=\"\" width=\"200\" height=\"300\" \/><\/a><\/h5>\n<h5 style=\"text-align: center;\"><a href=\"mailto:estelle.mazard@aube-champagne.com\">Estelle MAZARD<br \/>\n<\/a>03.25.42.50.83<\/h5>\n[\/vc_column_text][\/vc_column][vc_column width=&#8220;1\/4&#8243;][vc_column_text]\n<p style=\"text-align: center;\" tabindex=\"-1\" role=\"text\" data-placeholder=\"Traduction\" aria-label=\"Texte traduit\u00a0: Entwicklungsleiter\" data-ved=\"2ahUKEwjqnpScvoCQAxXvVKQEHdwqHjEQ3ewLegQIEBAV\"><span class=\"Y2IQFc\" lang=\"de\">Entwicklungsleiter<\/span><\/p>\n<p id=\"tw-target-text\" class=\"tw-data-text tw-text-large tw-ta\" style=\"text-align: center;\" tabindex=\"-1\" role=\"text\" data-placeholder=\"Traduction\" aria-label=\"Texte traduit\u00a0: Entwicklungsleiter\" data-ved=\"2ahUKEwjqnpScvoCQAxXvVKQEHdwqHjEQ3ewLegQIEBAV\"><a href=\"https:\/\/www.aube-champagne.com\/assets\/uploads\/2025\/09\/Z6S_7194.jpg\"><img decoding=\"async\" class=\"alignnone wp-image-89849 size-full\" src=\"https:\/\/www.aube-champagne.com\/assets\/uploads\/2025\/09\/Z6S_7194.jpg\" alt=\"\" width=\"200\" height=\"300\" \/><\/a><\/p>\n<p class=\"tw-data-text tw-text-large tw-ta\" style=\"text-align: center;\" tabindex=\"-1\" role=\"text\" data-placeholder=\"Traduction\" aria-label=\"Texte traduit\u00a0: Entwicklungsleiter\" data-ved=\"2ahUKEwjqnpScvoCQAxXvVKQEHdwqHjEQ3ewLegQIEBAV\"><a href=\"mailto:pierre.dieude@aube.fr\">Pierre DIEUDE<br \/>\n<\/a>03.25.42.50.83<\/p>\n[\/vc_column_text][\/vc_column][\/vc_row][vc_row][vc_column width=&#8220;1\/4&#8243;][vc_column_text]\n<h5 style=\"text-align: center;\">Marketing Manager<\/h5>\n<h5 style=\"text-align: center;\"><a href=\"https:\/\/www.aube-champagne.com\/assets\/uploads\/2025\/09\/Z6S_5945.jpg\"><img decoding=\"async\" class=\"alignnone wp-image-89873 size-full\" src=\"https:\/\/www.aube-champagne.com\/assets\/uploads\/2025\/09\/Z6S_5945.jpg\" alt=\"\" width=\"200\" height=\"300\" \/><\/a><\/h5>\n<h5 style=\"text-align: center;\"><a href=\"mailto:remi.mailiu@aube-champagne.com\">R\u00e9mi MAILIU<br \/>\n<\/a>03.25.42.50.12<\/h5>\n[\/vc_column_text][\/vc_column][vc_column width=&#8220;1\/4&#8243;][vc_column_text]\n<h5 style=\"text-align: center;\">\u00a0Pressemanager<\/h5>\n<h5 style=\"text-align: center;\"><a href=\"https:\/\/www.aube-champagne.com\/assets\/uploads\/2025\/09\/Z6S_6186.jpg\"><img decoding=\"async\" class=\"alignnone wp-image-89876 size-full\" src=\"https:\/\/www.aube-champagne.com\/assets\/uploads\/2025\/09\/Z6S_6186.jpg\" alt=\"\" width=\"200\" height=\"300\" \/><\/a><\/h5>\n<h5 style=\"text-align: center;\"><a href=\"mailto:sandy.cadoux@aube.fr\">Sandy CADOUX<br \/>\n<\/a>03.25.42.50.92<\/h5>\n[\/vc_column_text][\/vc_column][vc_column width=&#8220;1\/4&#8243;][vc_column_text]\n<p id=\"tw-target-text\" class=\"tw-data-text tw-text-large tw-ta\" dir=\"ltr\" style=\"text-align: center;\" tabindex=\"-1\" role=\"text\" data-placeholder=\"Traduction\" aria-label=\"Texte traduit\u00a0: Marketing-Projektmanager\" data-ved=\"2ahUKEwjqnpScvoCQAxXvVKQEHdwqHjEQ3ewLegQIEBAV\"><span class=\"Y2IQFc\" lang=\"de\">Marketing-Projektmanager<\/span><\/p>\n<h5 style=\"text-align: center;\"><a href=\"https:\/\/www.aube-champagne.com\/assets\/uploads\/2025\/09\/Z6S_7344.jpg\"><img decoding=\"async\" class=\"alignnone wp-image-89852 size-full\" src=\"https:\/\/www.aube-champagne.com\/assets\/uploads\/2025\/09\/Z6S_7344.jpg\" alt=\"\" width=\"200\" height=\"300\" \/><\/a><\/h5>\n<h5 style=\"text-align: center;\"><a href=\"mailto:sandy.cadoux@aube.fr\">Marion ASTIER<br \/>\n<\/a>03.25.42.50.14<\/h5>\n[\/vc_column_text][\/vc_column][vc_column width=&#8220;1\/4&#8243;][vc_column_text]\n<p id=\"tw-target-text\" class=\"tw-data-text tw-text-large tw-ta\" dir=\"ltr\" style=\"text-align: center;\" tabindex=\"-1\" role=\"text\" data-placeholder=\"Traduction\" aria-label=\"Texte traduit\u00a0: Manager f\u00fcr digitale Kommunikation\" data-ved=\"2ahUKEwjqnpScvoCQAxXvVKQEHdwqHjEQ3ewLegQIEBAV\"><span class=\"Y2IQFc\" lang=\"de\">Manager f\u00fcr digitale Kommunikation<\/span><\/p>\n<h5 style=\"text-align: center;\"><a href=\"https:\/\/www.aube-champagne.com\/assets\/uploads\/2025\/09\/Z6S_6253-1.jpg\"><img decoding=\"async\" class=\"alignnone wp-image-89870 size-full\" src=\"https:\/\/www.aube-champagne.com\/assets\/uploads\/2025\/09\/Z6S_6253-1.jpg\" alt=\"\" width=\"200\" height=\"300\" \/><\/a><\/h5>\n<h5 style=\"text-align: center;\"><a href=\"mailto:cyril.akimowicz@aube.fr\">Cyril AKIMOWICZ<br \/>\n<\/a>03.25.42.50.82<\/h5>\n[\/vc_column_text][\/vc_column][\/vc_row][vc_row][vc_column width=&#8220;1\/2&#8243;][vc_column_text]\n<h5 style=\"text-align: center;\">Engineering Manager<br \/>\nVerantwortlicher Manager des Managementsystems<\/h5>\n<h5 style=\"text-align: center;\"><a href=\"https:\/\/www.aube-champagne.com\/assets\/uploads\/2025\/09\/photo-27.png\"><img decoding=\"async\" class=\"alignnone wp-image-89896 size-full\" src=\"https:\/\/www.aube-champagne.com\/assets\/uploads\/2025\/09\/photo-27.png\" alt=\"\" width=\"200\" height=\"300\" \/><\/a><\/h5>\n<h5 style=\"text-align: center;\"><a href=\"mailto:margaine.miquee@aube.fr\">Margaine MIQUEE<\/a><br \/>\n03.25.42.50.76<\/h5>\n[\/vc_column_text][\/vc_column][vc_column width=&#8220;1\/2&#8243;][vc_column_text]\n<h5 style=\"text-align: center;\">Projektmanager Angebote und Labels<\/h5>\n<h5 style=\"text-align: center;\"><a href=\"https:\/\/www.aube-champagne.com\/assets\/uploads\/2025\/09\/Z6S_8936.jpg\"><img decoding=\"async\" class=\"alignnone wp-image-89843 size-full\" src=\"https:\/\/www.aube-champagne.com\/assets\/uploads\/2025\/09\/Z6S_8936.jpg\" alt=\"\" width=\"200\" height=\"300\" \/><\/a><\/h5>\n<h5 style=\"text-align: center;\"><a href=\"mailto:Antoine.lequy@aube.fr\">Antoine LEQUY<br \/>\n<\/a>03.25.42.50.93<\/h5>\n[\/vc_column_text][\/vc_column][\/vc_row][vc_row][vc_column][vc_separator el_width=&#8220;90&#8243;][\/vc_column][\/vc_row][vc_row][vc_column][vc_column_text]\n<h3><span style=\"color: #de9023;\"><a style=\"color: #de9023;\" href=\"https:\/\/www.aube-champagne.com\/de\/fremdenverkehrsburo-und-partner\/\">Fremdenverkehrsb\u00fcro<\/a><\/span><\/h3>\n[\/vc_column_text][\/vc_column][\/vc_row]\n<\/div>","protected":false},"excerpt":{"rendered":"<p>[vc_row][vc_column][vc_column_text] Agentur Aube en Champagne Attractivit\u00e9 34 quai Dampierre &#8211; 10000 Troyes bonjour@aube-champagne.com [\/vc_column_text][\/vc_column][\/vc_row][vc_row full_width=&#8220;stretch_row&#8220;][vc_column][vc_empty_space][\/vc_column][\/vc_row][vc_row][vc_column width=&#8220;1\/2&#8243;][vc_column_text] Pr\u00e4sident Didier Leprince 03.25.42.50.00 [\/vc_column_text][\/vc_column][vc_column width=&#8220;1\/2&#8243;][vc_column_text] Direktor Christelle TAILLARDAT 03.25.42.50.00 [\/vc_column_text][\/vc_column][\/vc_row][vc_row][vc_column width=&#8220;1\/2&#8243;][vc_column_text] Innovationsstrategie-Manager Gr\u00e9gory DAVAILLAUD 03.25.42.50.77 [\/vc_column_text][\/vc_column][vc_column width=&#8220;1\/2&#8243;][vc_column_text] Direktor assitent Claire DUFAUT 03.25.42.50.00 [\/vc_column_text][\/vc_column][\/vc_row][vc_row][vc_column width=&#8220;1\/4&#8243;][vc_column_text] Deputy director in charge&hellip;  <a href=\"https:\/\/www.aube-champagne.com\/de\/tourismus-sachverstandigenausschusses\/\" title=\"Read Tourismus Sachverst\u00e4ndigenausschusses\">Mehr lesen&raquo;<\/a><\/p>\n","protected":false},"author":1,"featured_media":89880,"parent":0,"menu_order":0,"comment_status":"closed","ping_status":"closed","template":"","meta":{"footnotes":""},"class_list":["post-7490","page","type-page","status-publish","has-post-thumbnail","hentry"],"yoast_head":"<!-- This site is optimized with the Yoast SEO plugin v27.4 - https:\/\/yoast.com\/product\/yoast-seo-wordpress\/ -->\n<title>Tourismus Sachverst\u00e4ndigenausschusses - Aube Champagne<\/title>\n<meta name=\"description\" content=\"Agentur Aube en Champagne Attractivit\u00e9 34 quai Dampierre - 10000 Troyes bonjour@aube-champagne.com Pr\u00e4sident Didier Leprince 03.25.42.50.00 Direktor\" \/>\n<meta name=\"robots\" content=\"index, follow, max-snippet:-1, max-image-preview:large, max-video-preview:-1\" \/>\n<link rel=\"canonical\" href=\"https:\/\/www.aube-champagne.com\/de\/tourismus-sachverstandigenausschusses\/\" \/>\n<meta property=\"og:locale\" content=\"de_DE\" \/>\n<meta property=\"og:type\" content=\"article\" \/>\n<meta property=\"og:title\" content=\"Tourismus Sachverst\u00e4ndigenausschusses - Aube Champagne\" \/>\n<meta property=\"og:description\" content=\"Agentur Aube en Champagne Attractivit\u00e9 34 quai Dampierre - 10000 Troyes bonjour@aube-champagne.com Pr\u00e4sident Didier Leprince 03.25.42.50.00 Direktor\" \/>\n<meta property=\"og:url\" content=\"https:\/\/www.aube-champagne.com\/de\/tourismus-sachverstandigenausschusses\/\" \/>\n<meta property=\"og:site_name\" content=\"Aube Champagne\" \/>\n<meta property=\"article:publisher\" content=\"https:\/\/www.facebook.com\/aube.champagne\" \/>\n<meta property=\"article:modified_time\" content=\"2025-09-30T12:47:52+00:00\" \/>\n<meta property=\"og:image\" content=\"https:\/\/www.aube-champagne.com\/assets\/uploads\/2025\/09\/Attractivite-scaled.png\" \/>\n\t<meta property=\"og:image:width\" content=\"2048\" \/>\n\t<meta property=\"og:image:height\" content=\"415\" \/>\n\t<meta property=\"og:image:type\" content=\"image\/png\" \/>\n<meta name=\"twitter:card\" content=\"summary_large_image\" \/>\n<meta name=\"twitter:site\" content=\"@AubeChampagne\" \/>\n<meta name=\"twitter:label1\" content=\"Gesch\u00e4tzte Lesezeit\" \/>\n\t<meta name=\"twitter:data1\" content=\"4\u00a0Minuten\" \/>\n<script type=\"application\/ld+json\" class=\"yoast-schema-graph\">{\"@context\":\"https:\\\/\\\/schema.org\",\"@graph\":[{\"@type\":\"WebPage\",\"@id\":\"https:\\\/\\\/www.aube-champagne.com\\\/de\\\/tourismus-sachverstandigenausschusses\\\/\",\"url\":\"https:\\\/\\\/www.aube-champagne.com\\\/de\\\/tourismus-sachverstandigenausschusses\\\/\",\"name\":\"Tourismus Sachverst\u00e4ndigenausschusses - Aube Champagne\",\"isPartOf\":{\"@id\":\"https:\\\/\\\/www.aube-champagne.com\\\/fr\\\/#website\"},\"primaryImageOfPage\":{\"@id\":\"https:\\\/\\\/www.aube-champagne.com\\\/de\\\/tourismus-sachverstandigenausschusses\\\/#primaryimage\"},\"image\":{\"@id\":\"https:\\\/\\\/www.aube-champagne.com\\\/de\\\/tourismus-sachverstandigenausschusses\\\/#primaryimage\"},\"thumbnailUrl\":\"https:\\\/\\\/www.aube-champagne.com\\\/assets\\\/uploads\\\/2025\\\/09\\\/Attractivite-scaled.png\",\"datePublished\":\"2015-02-05T13:37:55+00:00\",\"dateModified\":\"2025-09-30T12:47:52+00:00\",\"description\":\"Agentur Aube en Champagne Attractivit\u00e9 34 quai Dampierre - 10000 Troyes bonjour@aube-champagne.com Pr\u00e4sident Didier Leprince 03.25.42.50.00 Direktor\",\"breadcrumb\":{\"@id\":\"https:\\\/\\\/www.aube-champagne.com\\\/de\\\/tourismus-sachverstandigenausschusses\\\/#breadcrumb\"},\"inLanguage\":\"de\",\"potentialAction\":[{\"@type\":\"ReadAction\",\"target\":[\"https:\\\/\\\/www.aube-champagne.com\\\/de\\\/tourismus-sachverstandigenausschusses\\\/\"]}]},{\"@type\":\"ImageObject\",\"inLanguage\":\"de\",\"@id\":\"https:\\\/\\\/www.aube-champagne.com\\\/de\\\/tourismus-sachverstandigenausschusses\\\/#primaryimage\",\"url\":\"https:\\\/\\\/www.aube-champagne.com\\\/assets\\\/uploads\\\/2025\\\/09\\\/Attractivite-scaled.png\",\"contentUrl\":\"https:\\\/\\\/www.aube-champagne.com\\\/assets\\\/uploads\\\/2025\\\/09\\\/Attractivite-scaled.png\",\"width\":2048,\"height\":415},{\"@type\":\"BreadcrumbList\",\"@id\":\"https:\\\/\\\/www.aube-champagne.com\\\/de\\\/tourismus-sachverstandigenausschusses\\\/#breadcrumb\",\"itemListElement\":[{\"@type\":\"ListItem\",\"position\":1,\"name\":\"Accueil\",\"item\":\"https:\\\/\\\/www.aube-champagne.com\\\/de\\\/\"},{\"@type\":\"ListItem\",\"position\":2,\"name\":\"Tourismus Sachverst\u00e4ndigenausschusses\"}]},{\"@type\":\"WebSite\",\"@id\":\"https:\\\/\\\/www.aube-champagne.com\\\/fr\\\/#website\",\"url\":\"https:\\\/\\\/www.aube-champagne.com\\\/fr\\\/\",\"name\":\"Aube Champagne\",\"description\":\"Soyez Surpris !\",\"potentialAction\":[{\"@type\":\"SearchAction\",\"target\":{\"@type\":\"EntryPoint\",\"urlTemplate\":\"https:\\\/\\\/www.aube-champagne.com\\\/fr\\\/?s={search_term_string}\"},\"query-input\":{\"@type\":\"PropertyValueSpecification\",\"valueRequired\":true,\"valueName\":\"search_term_string\"}}],\"inLanguage\":\"de\"}]}<\/script>\n<!-- \/ Yoast SEO plugin. -->","yoast_head_json":{"title":"Tourismus Sachverst\u00e4ndigenausschusses - Aube Champagne","description":"Agentur Aube en Champagne Attractivit\u00e9 34 quai Dampierre - 10000 Troyes bonjour@aube-champagne.com Pr\u00e4sident Didier Leprince 03.25.42.50.00 Direktor","robots":{"index":"index","follow":"follow","max-snippet":"max-snippet:-1","max-image-preview":"max-image-preview:large","max-video-preview":"max-video-preview:-1"},"canonical":"https:\/\/www.aube-champagne.com\/de\/tourismus-sachverstandigenausschusses\/","og_locale":"de_DE","og_type":"article","og_title":"Tourismus Sachverst\u00e4ndigenausschusses - Aube Champagne","og_description":"Agentur Aube en Champagne Attractivit\u00e9 34 quai Dampierre - 10000 Troyes bonjour@aube-champagne.com Pr\u00e4sident Didier Leprince 03.25.42.50.00 Direktor","og_url":"https:\/\/www.aube-champagne.com\/de\/tourismus-sachverstandigenausschusses\/","og_site_name":"Aube Champagne","article_publisher":"https:\/\/www.facebook.com\/aube.champagne","article_modified_time":"2025-09-30T12:47:52+00:00","og_image":[{"width":2048,"height":415,"url":"https:\/\/www.aube-champagne.com\/assets\/uploads\/2025\/09\/Attractivite-scaled.png","type":"image\/png"}],"twitter_card":"summary_large_image","twitter_site":"@AubeChampagne","twitter_misc":{"Gesch\u00e4tzte Lesezeit":"4\u00a0Minuten"},"schema":{"@context":"https:\/\/schema.org","@graph":[{"@type":"WebPage","@id":"https:\/\/www.aube-champagne.com\/de\/tourismus-sachverstandigenausschusses\/","url":"https:\/\/www.aube-champagne.com\/de\/tourismus-sachverstandigenausschusses\/","name":"Tourismus Sachverst\u00e4ndigenausschusses - Aube Champagne","isPartOf":{"@id":"https:\/\/www.aube-champagne.com\/fr\/#website"},"primaryImageOfPage":{"@id":"https:\/\/www.aube-champagne.com\/de\/tourismus-sachverstandigenausschusses\/#primaryimage"},"image":{"@id":"https:\/\/www.aube-champagne.com\/de\/tourismus-sachverstandigenausschusses\/#primaryimage"},"thumbnailUrl":"https:\/\/www.aube-champagne.com\/assets\/uploads\/2025\/09\/Attractivite-scaled.png","datePublished":"2015-02-05T13:37:55+00:00","dateModified":"2025-09-30T12:47:52+00:00","description":"Agentur Aube en Champagne Attractivit\u00e9 34 quai Dampierre - 10000 Troyes bonjour@aube-champagne.com Pr\u00e4sident Didier Leprince 03.25.42.50.00 Direktor","breadcrumb":{"@id":"https:\/\/www.aube-champagne.com\/de\/tourismus-sachverstandigenausschusses\/#breadcrumb"},"inLanguage":"de","potentialAction":[{"@type":"ReadAction","target":["https:\/\/www.aube-champagne.com\/de\/tourismus-sachverstandigenausschusses\/"]}]},{"@type":"ImageObject","inLanguage":"de","@id":"https:\/\/www.aube-champagne.com\/de\/tourismus-sachverstandigenausschusses\/#primaryimage","url":"https:\/\/www.aube-champagne.com\/assets\/uploads\/2025\/09\/Attractivite-scaled.png","contentUrl":"https:\/\/www.aube-champagne.com\/assets\/uploads\/2025\/09\/Attractivite-scaled.png","width":2048,"height":415},{"@type":"BreadcrumbList","@id":"https:\/\/www.aube-champagne.com\/de\/tourismus-sachverstandigenausschusses\/#breadcrumb","itemListElement":[{"@type":"ListItem","position":1,"name":"Accueil","item":"https:\/\/www.aube-champagne.com\/de\/"},{"@type":"ListItem","position":2,"name":"Tourismus Sachverst\u00e4ndigenausschusses"}]},{"@type":"WebSite","@id":"https:\/\/www.aube-champagne.com\/fr\/#website","url":"https:\/\/www.aube-champagne.com\/fr\/","name":"Aube Champagne","description":"Soyez Surpris !","potentialAction":[{"@type":"SearchAction","target":{"@type":"EntryPoint","urlTemplate":"https:\/\/www.aube-champagne.com\/fr\/?s={search_term_string}"},"query-input":{"@type":"PropertyValueSpecification","valueRequired":true,"valueName":"search_term_string"}}],"inLanguage":"de"}]}},"publishpress_future_action":{"enabled":false,"date":"2026-04-23 11:22:55","action":"change-status","newStatus":"draft","terms":[],"taxonomy":"translation_priority","extraData":[]},"publishpress_future_workflow_manual_trigger":{"enabledWorkflows":[]},"_links":{"self":[{"href":"https:\/\/www.aube-champagne.com\/de\/wp-json\/wp\/v2\/pages\/7490","targetHints":{"allow":["GET"]}}],"collection":[{"href":"https:\/\/www.aube-champagne.com\/de\/wp-json\/wp\/v2\/pages"}],"about":[{"href":"https:\/\/www.aube-champagne.com\/de\/wp-json\/wp\/v2\/types\/page"}],"author":[{"embeddable":true,"href":"https:\/\/www.aube-champagne.com\/de\/wp-json\/wp\/v2\/users\/1"}],"replies":[{"embeddable":true,"href":"https:\/\/www.aube-champagne.com\/de\/wp-json\/wp\/v2\/comments?post=7490"}],"version-history":[{"count":11,"href":"https:\/\/www.aube-champagne.com\/de\/wp-json\/wp\/v2\/pages\/7490\/revisions"}],"predecessor-version":[{"id":89902,"href":"https:\/\/www.aube-champagne.com\/de\/wp-json\/wp\/v2\/pages\/7490\/revisions\/89902"}],"wp:featuredmedia":[{"embeddable":true,"href":"https:\/\/www.aube-champagne.com\/de\/wp-json\/wp\/v2\/media\/89880"}],"wp:attachment":[{"href":"https:\/\/www.aube-champagne.com\/de\/wp-json\/wp\/v2\/media?parent=7490"}],"curies":[{"name":"wp","href":"https:\/\/api.w.org\/{rel}","templated":true}]}}