{"id":7494,"date":"2015-02-05T13:42:16","date_gmt":"2015-02-05T13:42:16","guid":{"rendered":"http:\/\/www.aube-champagne.com\/offices-de-tourisme-et-partenaires-2\/"},"modified":"2017-03-21T14:58:46","modified_gmt":"2017-03-21T13:58:46","slug":"fremdenverkehrsburo-und-partner","status":"publish","type":"page","link":"https:\/\/www.aube-champagne.com\/de\/fremdenverkehrsburo-und-partner\/","title":{"rendered":"Fremdenverkehrsb\u00fcro und Partner"},"content":{"rendered":"<div class=\"wpb-content-wrapper\">[vc_row full_width=&#8220;stretch_row&#8220;][vc_column width=&#8220;1\/2&#8243;][vc_column_text]\n<ul>\n<li>\n<div align=\"justify\"><a href=\"http:\/\/www.tourisme-troyes.com\/\" target=\"_blank\">Troyes Champagne Tourisme<\/a><\/div>\n<\/li>\n<li>\n<div align=\"justify\"><\/div>\n<div align=\"justify\"><a href=\"http:\/\/www.ville-brienne-le-chateau.fr\/\" target=\"_blank\">Tourism office of Brienne le Ch\u00e2teau<\/a><\/div>\n<div align=\"justify\"><\/div>\n<\/li>\n<li>\n<div align=\"justify\"><a href=\"http:\/\/www.tourisme-nogentais.fr\/accueil.php?a=Accueil&amp;id=2&amp;accueil=1\" target=\"_blank\">Tourism office of the Nogentais and the Seine Valley<\/a><\/div>\n<div align=\"justify\"><\/div>\n<\/li>\n<li>\n<div align=\"justify\"><a href=\"http:\/\/www.tourisme-en-chaourcois.com\/\" target=\"_blank\">Tourism office Othe-Armance<\/a><\/div>\n<div align=\"justify\"><\/div>\n<\/li>\n<li>\n<div align=\"justify\"><a href=\"http:\/\/www.lacs-champagne.fr\/en\" target=\"_blank\">Tourism office<\/a> <a href=\"http:\/\/www.lacs-champagne.fr\/en\" target=\"_blank\">Grands Lacs et de la For\u00eat d&#8217;Orient<\/a><\/div>\n<div align=\"justify\"><\/div>\n<\/li>\n<li>\n<div align=\"justify\"><a href=\"http:\/\/www.tourisme-champagne-ardenne.com\/\" target=\"_blank\">Comit\u00e9 R\u00e9gional du Tourisme Champagne Ardenne<\/a><\/div>\n<div align=\"justify\"><\/div>\n<\/li>\n<li>\n<div align=\"justify\"><a href=\"http:\/\/www.clevacances.com\/\" target=\"_blank\">Cl\u00e9vacances<\/a><\/div>\n<\/li>\n<\/ul>\n[\/vc_column_text][\/vc_column][vc_column width=&#8220;1\/2&#8243;][vc_column_text]\n<ul>\n<li>\n<div align=\"justify\"><a href=\"http:\/\/www.french-guesthouse.com\/\" target=\"_blank\">French Guesthouse &#8211; Fleurs de soleil<\/a><\/div>\n<\/li>\n<li>\n<div align=\"justify\"><a href=\"http:\/\/www.gites-de-france-aube.com\/\" target=\"_blank\">G\u00eetes de France<\/a><\/div>\n<\/li>\n<li>\n<div align=\"justify\"><a href=\"http:\/\/www.ardennes.com\/\" target=\"_blank\">CDT Ardenne<\/a><\/div>\n<\/li>\n<li>\n<div align=\"justify\"><a href=\"http:\/\/www.tourisme-hautemarne.com\/\" target=\"_blank\">CDT Haute Marne<\/a><\/div>\n<\/li>\n<li>\n<div align=\"justify\"><a href=\"http:\/\/www.tourisme-en-champagne.com\/\" target=\"_blank\">CDT Marne<\/a><\/div>\n<\/li>\n<li>\n<div align=\"justify\"><a href=\"http:\/\/www.tourisme.fr\/\" target=\"_blank\">F\u00e9d\u00e9ration Nationale des Offices de Tourisme et Syndicats d&#8217;Initiative<\/a><\/div>\n<\/li>\n<li>\n<div align=\"justify\"><a href=\"http:\/\/www.fncdt.net\/\" target=\"_blank\">F\u00e9d\u00e9ration Nationale de Comit\u00e9 D\u00e9partementaux du Tourisme<\/a><\/div>\n<\/li>\n<li>\n<div align=\"justify\"><a href=\"http:\/\/www.franceguide.com\/\" target=\"_blank\">Maison de la France<\/a><\/div>\n<\/li>\n<li><a href=\"http:\/\/www.logis-de-france-aube.com\/\" target=\"_blank\">Logis de France<\/a><\/li>\n<li><a href=\"http:\/\/www.52we.com\/fr\/idees-week-end?recherche_type=idee&amp;keywords=&amp;country_code=FR&amp;type_localisation=admin2&amp;localisation_code=10&amp;date_start=&amp;date_end=&amp;topic_id=&amp;commit.x=101&amp;commit.y=11\" target=\"_blank\">52 we<\/a><\/li>\n<li><a href=\"http:\/\/www.vvf-villages.com\/search-criteria.html?group_univers_campagne=1&amp;price_start_date=2011-04-09&amp;length=7&amp;rg_id=r8&amp;evasion=&amp;engine=searchAdvanced&amp;site=11&amp;rechercher=\" target=\"_blank\">Holiday rentals VVF in\u00a0Champagne-Ardenne<\/a><\/li>\n<\/ul>\n[\/vc_column_text][\/vc_column][\/vc_row]\n<\/div>","protected":false},"excerpt":{"rendered":"<p>[vc_row full_width=&#8220;stretch_row&#8220;][vc_column width=&#8220;1\/2&#8243;][vc_column_text] Troyes Champagne Tourisme Tourism office of Brienne le Ch\u00e2teau Tourism office of the Nogentais and the Seine Valley Tourism office Othe-Armance Tourism office Grands Lacs et de la For\u00eat d&#8217;Orient Comit\u00e9 R\u00e9gional du Tourisme Champagne Ardenne Cl\u00e9vacances [\/vc_column_text][\/vc_column][vc_column width=&#8220;1\/2&#8243;][vc_column_text] French Guesthouse &#8211;&hellip;  <a href=\"https:\/\/www.aube-champagne.com\/de\/fremdenverkehrsburo-und-partner\/\" title=\"Read Fremdenverkehrsb\u00fcro und Partner\">Mehr lesen&raquo;<\/a><\/p>\n","protected":false},"author":1,"featured_media":0,"parent":0,"menu_order":0,"comment_status":"closed","ping_status":"closed","template":"","meta":{"footnotes":""},"class_list":["post-7494","page","type-page","status-publish","hentry"],"yoast_head":"<!-- This site is optimized with the Yoast SEO plugin v27.4 - https:\/\/yoast.com\/product\/yoast-seo-wordpress\/ -->\n<title>Fremdenverkehrsb\u00fcro und Partner - Aube Champagne<\/title>\n<meta name=\"description\" content=\"Troyes Champagne Tourisme Tourism office of Brienne le Ch\u00e2teau Tourism office of the Nogentais and the Seine Valley Tourism office Othe-Armance Tourism\" \/>\n<meta name=\"robots\" content=\"index, follow, max-snippet:-1, max-image-preview:large, max-video-preview:-1\" \/>\n<link rel=\"canonical\" href=\"https:\/\/www.aube-champagne.com\/de\/fremdenverkehrsburo-und-partner\/\" \/>\n<meta property=\"og:locale\" content=\"de_DE\" \/>\n<meta property=\"og:type\" content=\"article\" \/>\n<meta property=\"og:title\" content=\"Fremdenverkehrsb\u00fcro und Partner - Aube Champagne\" \/>\n<meta property=\"og:description\" content=\"Troyes Champagne Tourisme Tourism office of Brienne le Ch\u00e2teau Tourism office of the Nogentais and the Seine Valley Tourism office Othe-Armance Tourism\" \/>\n<meta property=\"og:url\" content=\"https:\/\/www.aube-champagne.com\/de\/fremdenverkehrsburo-und-partner\/\" \/>\n<meta property=\"og:site_name\" content=\"Aube Champagne\" \/>\n<meta property=\"article:publisher\" content=\"https:\/\/www.facebook.com\/aube.champagne\" \/>\n<meta property=\"article:modified_time\" content=\"2017-03-21T13:58:46+00:00\" \/>\n<meta property=\"og:image\" content=\"https:\/\/www.aube-champagne.com\/assets\/uploads\/2015\/03\/Aube-Champagne-Logo.jpg\" \/>\n\t<meta property=\"og:image:width\" content=\"440\" \/>\n\t<meta property=\"og:image:height\" content=\"155\" \/>\n\t<meta property=\"og:image:type\" content=\"image\/jpeg\" \/>\n<meta name=\"twitter:card\" content=\"summary_large_image\" \/>\n<meta name=\"twitter:site\" content=\"@AubeChampagne\" \/>\n<meta name=\"twitter:label1\" content=\"Gesch\u00e4tzte Lesezeit\" \/>\n\t<meta name=\"twitter:data1\" content=\"1\u00a0Minute\" \/>\n<script type=\"application\/ld+json\" class=\"yoast-schema-graph\">{\"@context\":\"https:\\\/\\\/schema.org\",\"@graph\":[{\"@type\":\"WebPage\",\"@id\":\"https:\\\/\\\/www.aube-champagne.com\\\/de\\\/fremdenverkehrsburo-und-partner\\\/\",\"url\":\"https:\\\/\\\/www.aube-champagne.com\\\/de\\\/fremdenverkehrsburo-und-partner\\\/\",\"name\":\"Fremdenverkehrsb\u00fcro und Partner - Aube Champagne\",\"isPartOf\":{\"@id\":\"https:\\\/\\\/www.aube-champagne.com\\\/fr\\\/#website\"},\"datePublished\":\"2015-02-05T13:42:16+00:00\",\"dateModified\":\"2017-03-21T13:58:46+00:00\",\"description\":\"Troyes Champagne Tourisme Tourism office of Brienne le Ch\u00e2teau Tourism office of the Nogentais and the Seine Valley Tourism office Othe-Armance Tourism\",\"breadcrumb\":{\"@id\":\"https:\\\/\\\/www.aube-champagne.com\\\/de\\\/fremdenverkehrsburo-und-partner\\\/#breadcrumb\"},\"inLanguage\":\"de\",\"potentialAction\":[{\"@type\":\"ReadAction\",\"target\":[\"https:\\\/\\\/www.aube-champagne.com\\\/de\\\/fremdenverkehrsburo-und-partner\\\/\"]}]},{\"@type\":\"BreadcrumbList\",\"@id\":\"https:\\\/\\\/www.aube-champagne.com\\\/de\\\/fremdenverkehrsburo-und-partner\\\/#breadcrumb\",\"itemListElement\":[{\"@type\":\"ListItem\",\"position\":1,\"name\":\"Accueil\",\"item\":\"https:\\\/\\\/www.aube-champagne.com\\\/de\\\/\"},{\"@type\":\"ListItem\",\"position\":2,\"name\":\"Fremdenverkehrsb\u00fcro und Partner\"}]},{\"@type\":\"WebSite\",\"@id\":\"https:\\\/\\\/www.aube-champagne.com\\\/fr\\\/#website\",\"url\":\"https:\\\/\\\/www.aube-champagne.com\\\/fr\\\/\",\"name\":\"Aube Champagne\",\"description\":\"Soyez Surpris !\",\"potentialAction\":[{\"@type\":\"SearchAction\",\"target\":{\"@type\":\"EntryPoint\",\"urlTemplate\":\"https:\\\/\\\/www.aube-champagne.com\\\/fr\\\/?s={search_term_string}\"},\"query-input\":{\"@type\":\"PropertyValueSpecification\",\"valueRequired\":true,\"valueName\":\"search_term_string\"}}],\"inLanguage\":\"de\"}]}<\/script>\n<!-- \/ Yoast SEO plugin. -->","yoast_head_json":{"title":"Fremdenverkehrsb\u00fcro und Partner - Aube Champagne","description":"Troyes Champagne Tourisme Tourism office of Brienne le Ch\u00e2teau Tourism office of the Nogentais and the Seine Valley Tourism office Othe-Armance Tourism","robots":{"index":"index","follow":"follow","max-snippet":"max-snippet:-1","max-image-preview":"max-image-preview:large","max-video-preview":"max-video-preview:-1"},"canonical":"https:\/\/www.aube-champagne.com\/de\/fremdenverkehrsburo-und-partner\/","og_locale":"de_DE","og_type":"article","og_title":"Fremdenverkehrsb\u00fcro und Partner - Aube Champagne","og_description":"Troyes Champagne Tourisme Tourism office of Brienne le Ch\u00e2teau Tourism office of the Nogentais and the Seine Valley Tourism office Othe-Armance Tourism","og_url":"https:\/\/www.aube-champagne.com\/de\/fremdenverkehrsburo-und-partner\/","og_site_name":"Aube Champagne","article_publisher":"https:\/\/www.facebook.com\/aube.champagne","article_modified_time":"2017-03-21T13:58:46+00:00","og_image":[{"width":440,"height":155,"url":"https:\/\/www.aube-champagne.com\/assets\/uploads\/2015\/03\/Aube-Champagne-Logo.jpg","type":"image\/jpeg"}],"twitter_card":"summary_large_image","twitter_site":"@AubeChampagne","twitter_misc":{"Gesch\u00e4tzte Lesezeit":"1\u00a0Minute"},"schema":{"@context":"https:\/\/schema.org","@graph":[{"@type":"WebPage","@id":"https:\/\/www.aube-champagne.com\/de\/fremdenverkehrsburo-und-partner\/","url":"https:\/\/www.aube-champagne.com\/de\/fremdenverkehrsburo-und-partner\/","name":"Fremdenverkehrsb\u00fcro und Partner - Aube Champagne","isPartOf":{"@id":"https:\/\/www.aube-champagne.com\/fr\/#website"},"datePublished":"2015-02-05T13:42:16+00:00","dateModified":"2017-03-21T13:58:46+00:00","description":"Troyes Champagne Tourisme Tourism office of Brienne le Ch\u00e2teau Tourism office of the Nogentais and the Seine Valley Tourism office Othe-Armance Tourism","breadcrumb":{"@id":"https:\/\/www.aube-champagne.com\/de\/fremdenverkehrsburo-und-partner\/#breadcrumb"},"inLanguage":"de","potentialAction":[{"@type":"ReadAction","target":["https:\/\/www.aube-champagne.com\/de\/fremdenverkehrsburo-und-partner\/"]}]},{"@type":"BreadcrumbList","@id":"https:\/\/www.aube-champagne.com\/de\/fremdenverkehrsburo-und-partner\/#breadcrumb","itemListElement":[{"@type":"ListItem","position":1,"name":"Accueil","item":"https:\/\/www.aube-champagne.com\/de\/"},{"@type":"ListItem","position":2,"name":"Fremdenverkehrsb\u00fcro und Partner"}]},{"@type":"WebSite","@id":"https:\/\/www.aube-champagne.com\/fr\/#website","url":"https:\/\/www.aube-champagne.com\/fr\/","name":"Aube Champagne","description":"Soyez Surpris !","potentialAction":[{"@type":"SearchAction","target":{"@type":"EntryPoint","urlTemplate":"https:\/\/www.aube-champagne.com\/fr\/?s={search_term_string}"},"query-input":{"@type":"PropertyValueSpecification","valueRequired":true,"valueName":"search_term_string"}}],"inLanguage":"de"}]}},"publishpress_future_action":{"enabled":false,"date":"2026-04-29 07:53:21","action":"change-status","newStatus":"draft","terms":[],"taxonomy":"translation_priority","extraData":[]},"publishpress_future_workflow_manual_trigger":{"enabledWorkflows":[]},"_links":{"self":[{"href":"https:\/\/www.aube-champagne.com\/de\/wp-json\/wp\/v2\/pages\/7494","targetHints":{"allow":["GET"]}}],"collection":[{"href":"https:\/\/www.aube-champagne.com\/de\/wp-json\/wp\/v2\/pages"}],"about":[{"href":"https:\/\/www.aube-champagne.com\/de\/wp-json\/wp\/v2\/types\/page"}],"author":[{"embeddable":true,"href":"https:\/\/www.aube-champagne.com\/de\/wp-json\/wp\/v2\/users\/1"}],"replies":[{"embeddable":true,"href":"https:\/\/www.aube-champagne.com\/de\/wp-json\/wp\/v2\/comments?post=7494"}],"version-history":[{"count":0,"href":"https:\/\/www.aube-champagne.com\/de\/wp-json\/wp\/v2\/pages\/7494\/revisions"}],"wp:attachment":[{"href":"https:\/\/www.aube-champagne.com\/de\/wp-json\/wp\/v2\/media?parent=7494"}],"curies":[{"name":"wp","href":"https:\/\/api.w.org\/{rel}","templated":true}]}}