{"id":7496,"date":"2015-02-05T13:40:23","date_gmt":"2015-02-05T13:40:23","guid":{"rendered":"http:\/\/www.aube-champagne.com\/brochures-et-documentations-2\/"},"modified":"2019-05-07T08:52:49","modified_gmt":"2019-05-07T07:52:49","slug":"dokumentation","status":"publish","type":"page","link":"https:\/\/www.aube-champagne.com\/de\/dokumentation\/","title":{"rendered":"Dokumentation"},"content":{"rendered":"<div class=\"wpb-content-wrapper\">[vc_row full_width=&#8220;stretch_row&#8220;][vc_column][vc_column_text]\n<h3>Laden Sie unsere Dokumente<\/h3>\n[\/vc_column_text][\/vc_column][\/vc_row][vc_row full_width=&#8220;stretch_row&#8220;][vc_column width=&#8220;1\/2&#8243;][vc_column_text]\n<p style=\"text-align: justify;\"><a href=\"https:\/\/www.aube-champagne.com\/assets\/uploads\/2018\/09\/Carte-touristique-couverture-e1557215241663.jpg\" target=\"_blank\" rel=\"noopener noreferrer\"><img decoding=\"async\" class=\"aligncenter wp-image-32399 \" src=\"https:\/\/www.aube-champagne.com\/assets\/uploads\/2018\/09\/Carte-touristique-couverture-e1557215241663.jpg\" alt=\"Carte touristique Aube en Champagne 2018\" width=\"173\" height=\"243\" srcset=\"https:\/\/www.aube-champagne.com\/assets\/uploads\/2018\/09\/Carte-touristique-couverture-e1557215241663.jpg 650w, https:\/\/www.aube-champagne.com\/assets\/uploads\/2018\/09\/Carte-touristique-couverture-e1557215241663-213x300.jpg 213w\" sizes=\"(max-width: 173px) 100vw, 173px\" \/><\/a><\/p>\n<h5 style=\"text-align: justify;\" align=\"justify\"><strong>Touristische Karte<\/strong><\/h5>\n<p style=\"text-align: justify;\" align=\"justify\"><strong><a href=\"https:\/\/www.aube-champagne.com\/assets\/uploads\/2018\/09\/CDT-CARTE-TOURISTIQUE-GB-18-HD.pdf\" target=\"_blank\" rel=\"noopener noreferrer\">Offnen Touristische Karte<\/a><\/strong><\/p>\n[\/vc_column_text][vc_empty_space height=&#8220;0&#8243;][\/vc_column][vc_column width=&#8220;1\/2&#8243;][vc_column_text]\n<p style=\"text-align: justify;\"><a href=\"https:\/\/www.aube-champagne.com\/assets\/uploads\/2019\/05\/couverture.png\" target=\"_blank\" rel=\"noopener noreferrer\"><img decoding=\"async\" class=\"aligncenter wp-image-34584 \" style=\"float: left; margin: 0 30px 15px 0;\" src=\"https:\/\/www.aube-champagne.com\/assets\/uploads\/2019\/05\/couverture.png\" alt=\"Aube by Bike\" width=\"155\" height=\"276\" srcset=\"https:\/\/www.aube-champagne.com\/assets\/uploads\/2019\/05\/couverture.png 435w, https:\/\/www.aube-champagne.com\/assets\/uploads\/2019\/05\/couverture-168x300.png 168w\" sizes=\"(max-width: 155px) 100vw, 155px\" \/><\/a><\/p>\n<h5 style=\"text-align: justify;\" align=\"justify\"><strong>Cycling and walking Tours<\/strong><\/h5>\n<p style=\"text-align: justify;\" align=\"justify\"><a class=\"SYSPEBM-Nvalue1\" title=\"Laden Sie unsere Brosch\u00fcre\" href=\"https:\/\/www.aube-champagne.com\/assets\/uploads\/2019\/05\/LR18-09-792-CDT-Aube-\u00e0-v\u00e9lo-Vo-GB-DE-2018-compressed-1.pdf\" target=\"_blank\" rel=\"noopener noreferrer\"><b>Download the map<\/b><\/a><\/p>\n[\/vc_column_text][\/vc_column][\/vc_row][vc_row full_width=&#8220;stretch_row&#8220;][vc_column][vc_separator][vc_empty_space height=&#8220;0&#8243;][\/vc_column][\/vc_row][vc_row][vc_column][vc_column_text]\n<h5>Touristische Champagnerstrasse<\/h5>\n<figure class=\"figure wp-caption aligncenter\"><a href=\"https:\/\/www.aube-champagne.com\/assets\/uploads\/2019\/03\/Couverture-RTC.jpg\" target=\"_blank\" rel=\"noopener noreferrer\"><img decoding=\"async\" class=\"wp-image-34051 \" style=\"float: left; margin: 0 30px 15px 0;\" src=\"https:\/\/www.aube-champagne.com\/assets\/uploads\/2019\/03\/Couverture-RTC.jpg\" alt=\"Die Touristische Champagnerstra\u00dfe\" width=\"263\" height=\"382\" srcset=\"https:\/\/www.aube-champagne.com\/assets\/uploads\/2019\/03\/Couverture-RTC.jpg 1300w, https:\/\/www.aube-champagne.com\/assets\/uploads\/2019\/03\/Couverture-RTC-206x300.jpg 206w, https:\/\/www.aube-champagne.com\/assets\/uploads\/2019\/03\/Couverture-RTC-768x1117.jpg 768w, https:\/\/www.aube-champagne.com\/assets\/uploads\/2019\/03\/Couverture-RTC-704x1024.jpg 704w\" sizes=\"(max-width: 263px) 100vw, 263px\" \/><\/a><figcaption class=\"wp-caption-text\">Die Touristische Champagnerstra\u00dfe<\/figcaption><\/figure>\n<p style=\"text-align: justify;\">Das Panorama entz\u00fcckt den Blick, die D\u00fcfte begeistern das Gem\u00fct, Sonnenstrahlen umh\u00fcllen die umliegenden Weinberge, die saftigen Trauben verf\u00fchren zu Schlemmereien&#8230;<\/p>\n<p style=\"text-align: justify;\">Sie befinden sich inmitten der Aube, Land des k\u00f6niglichen Weins, in der Umgebung von Villenauxe-la-Grande oder in der C\u00f4te des Bar&#8230; Im Norden von Troyes oder im S\u00fcden des Departements erlauben mehrere hunderte Kilometer bezaubernden Gl\u00fccks die gro\u00dfz\u00fcgige Natur mit ihren weichen Formen zu genie\u00dfen, das unersch\u00f6pfliche Kulturerbe der pittoresken und in Stein geschlagenen D\u00f6rfer, das Know-how der Winzermeister und selbstverst\u00e4ndlich einen subtilen Nektar, der die prickelnde Magie des Ortes gepr\u00e4gt hat.<\/p>\n<p><strong><a href=\"https:\/\/issuu.com\/aube.en.champagne\/docs\/lr18-11-928_rtc_fr_gb\" target=\"_blank\" rel=\"noopener noreferrer\">Touristische Champagnerstrasse<\/a><\/strong>[\/vc_column_text][\/vc_column][\/vc_row]\n<\/div>","protected":false},"excerpt":{"rendered":"<p>[vc_row full_width=&#8220;stretch_row&#8220;][vc_column][vc_column_text] Laden Sie unsere Dokumente [\/vc_column_text][\/vc_column][\/vc_row][vc_row full_width=&#8220;stretch_row&#8220;][vc_column width=&#8220;1\/2&#8243;][vc_column_text] Touristische Karte Offnen Touristische Karte [\/vc_column_text][vc_empty_space height=&#8220;0&#8243;][\/vc_column][vc_column width=&#8220;1\/2&#8243;][vc_column_text] Cycling and walking Tours Download the map [\/vc_column_text][\/vc_column][\/vc_row][vc_row full_width=&#8220;stretch_row&#8220;][vc_column][vc_separator][vc_empty_space height=&#8220;0&#8243;][\/vc_column][\/vc_row][vc_row][vc_column][vc_column_text] Touristische Champagnerstrasse Das Panorama entz\u00fcckt den Blick, die D\u00fcfte begeistern das Gem\u00fct, Sonnenstrahlen umh\u00fcllen die umliegenden Weinberge, die&hellip;  <a href=\"https:\/\/www.aube-champagne.com\/de\/dokumentation\/\" title=\"Read Dokumentation\">Mehr lesen&raquo;<\/a><\/p>\n","protected":false},"author":1,"featured_media":32399,"parent":0,"menu_order":0,"comment_status":"closed","ping_status":"closed","template":"","meta":{"footnotes":""},"class_list":["post-7496","page","type-page","status-publish","has-post-thumbnail","hentry"],"yoast_head":"<!-- This site is optimized with the Yoast SEO plugin v27.4 - https:\/\/yoast.com\/product\/yoast-seo-wordpress\/ -->\n<title>Dokumentation - Aube Champagne<\/title>\n<meta name=\"description\" content=\"Laden Sie unsere Dokumente Touristische Karte Offnen Touristische Karte Cycling and walking Tours Download the map Touristische Champagnerstrasse Das\" \/>\n<meta name=\"robots\" content=\"index, follow, max-snippet:-1, max-image-preview:large, max-video-preview:-1\" \/>\n<link rel=\"canonical\" href=\"https:\/\/www.aube-champagne.com\/de\/dokumentation\/\" \/>\n<meta property=\"og:locale\" content=\"de_DE\" \/>\n<meta property=\"og:type\" content=\"article\" \/>\n<meta property=\"og:title\" content=\"Dokumentation - Aube Champagne\" \/>\n<meta property=\"og:description\" content=\"Laden Sie unsere Dokumente Touristische Karte Offnen Touristische Karte Cycling and walking Tours Download the map Touristische Champagnerstrasse Das\" \/>\n<meta property=\"og:url\" content=\"https:\/\/www.aube-champagne.com\/de\/dokumentation\/\" \/>\n<meta property=\"og:site_name\" content=\"Aube Champagne\" \/>\n<meta property=\"article:publisher\" content=\"https:\/\/www.facebook.com\/aube.champagne\" \/>\n<meta property=\"article:modified_time\" content=\"2019-05-07T07:52:49+00:00\" \/>\n<meta property=\"og:image\" content=\"https:\/\/www.aube-champagne.com\/assets\/uploads\/2018\/09\/Carte-touristique-couverture-e1557215241663.jpg\" \/>\n\t<meta property=\"og:image:width\" content=\"650\" \/>\n\t<meta property=\"og:image:height\" content=\"914\" \/>\n\t<meta property=\"og:image:type\" content=\"image\/jpeg\" \/>\n<meta name=\"twitter:card\" content=\"summary_large_image\" \/>\n<meta name=\"twitter:site\" content=\"@AubeChampagne\" \/>\n<meta name=\"twitter:label1\" content=\"Gesch\u00e4tzte Lesezeit\" \/>\n\t<meta name=\"twitter:data1\" content=\"1\u00a0Minute\" \/>\n<script type=\"application\/ld+json\" class=\"yoast-schema-graph\">{\"@context\":\"https:\\\/\\\/schema.org\",\"@graph\":[{\"@type\":\"WebPage\",\"@id\":\"https:\\\/\\\/www.aube-champagne.com\\\/de\\\/dokumentation\\\/\",\"url\":\"https:\\\/\\\/www.aube-champagne.com\\\/de\\\/dokumentation\\\/\",\"name\":\"Dokumentation - Aube Champagne\",\"isPartOf\":{\"@id\":\"https:\\\/\\\/www.aube-champagne.com\\\/fr\\\/#website\"},\"primaryImageOfPage\":{\"@id\":\"https:\\\/\\\/www.aube-champagne.com\\\/de\\\/dokumentation\\\/#primaryimage\"},\"image\":{\"@id\":\"https:\\\/\\\/www.aube-champagne.com\\\/de\\\/dokumentation\\\/#primaryimage\"},\"thumbnailUrl\":\"https:\\\/\\\/www.aube-champagne.com\\\/assets\\\/uploads\\\/2018\\\/09\\\/Carte-touristique-couverture-e1557215241663.jpg\",\"datePublished\":\"2015-02-05T13:40:23+00:00\",\"dateModified\":\"2019-05-07T07:52:49+00:00\",\"description\":\"Laden Sie unsere Dokumente Touristische Karte Offnen Touristische Karte Cycling and walking Tours Download the map Touristische Champagnerstrasse Das\",\"breadcrumb\":{\"@id\":\"https:\\\/\\\/www.aube-champagne.com\\\/de\\\/dokumentation\\\/#breadcrumb\"},\"inLanguage\":\"de\",\"potentialAction\":[{\"@type\":\"ReadAction\",\"target\":[\"https:\\\/\\\/www.aube-champagne.com\\\/de\\\/dokumentation\\\/\"]}]},{\"@type\":\"ImageObject\",\"inLanguage\":\"de\",\"@id\":\"https:\\\/\\\/www.aube-champagne.com\\\/de\\\/dokumentation\\\/#primaryimage\",\"url\":\"https:\\\/\\\/www.aube-champagne.com\\\/assets\\\/uploads\\\/2018\\\/09\\\/Carte-touristique-couverture-e1557215241663.jpg\",\"contentUrl\":\"https:\\\/\\\/www.aube-champagne.com\\\/assets\\\/uploads\\\/2018\\\/09\\\/Carte-touristique-couverture-e1557215241663.jpg\",\"width\":650,\"height\":914,\"caption\":\"Carte touristique Aube en Champagne 2018\"},{\"@type\":\"BreadcrumbList\",\"@id\":\"https:\\\/\\\/www.aube-champagne.com\\\/de\\\/dokumentation\\\/#breadcrumb\",\"itemListElement\":[{\"@type\":\"ListItem\",\"position\":1,\"name\":\"Accueil\",\"item\":\"https:\\\/\\\/www.aube-champagne.com\\\/de\\\/\"},{\"@type\":\"ListItem\",\"position\":2,\"name\":\"Dokumentation\"}]},{\"@type\":\"WebSite\",\"@id\":\"https:\\\/\\\/www.aube-champagne.com\\\/fr\\\/#website\",\"url\":\"https:\\\/\\\/www.aube-champagne.com\\\/fr\\\/\",\"name\":\"Aube Champagne\",\"description\":\"Soyez Surpris !\",\"potentialAction\":[{\"@type\":\"SearchAction\",\"target\":{\"@type\":\"EntryPoint\",\"urlTemplate\":\"https:\\\/\\\/www.aube-champagne.com\\\/fr\\\/?s={search_term_string}\"},\"query-input\":{\"@type\":\"PropertyValueSpecification\",\"valueRequired\":true,\"valueName\":\"search_term_string\"}}],\"inLanguage\":\"de\"}]}<\/script>\n<!-- \/ Yoast SEO plugin. -->","yoast_head_json":{"title":"Dokumentation - Aube Champagne","description":"Laden Sie unsere Dokumente Touristische Karte Offnen Touristische Karte Cycling and walking Tours Download the map Touristische Champagnerstrasse Das","robots":{"index":"index","follow":"follow","max-snippet":"max-snippet:-1","max-image-preview":"max-image-preview:large","max-video-preview":"max-video-preview:-1"},"canonical":"https:\/\/www.aube-champagne.com\/de\/dokumentation\/","og_locale":"de_DE","og_type":"article","og_title":"Dokumentation - Aube Champagne","og_description":"Laden Sie unsere Dokumente Touristische Karte Offnen Touristische Karte Cycling and walking Tours Download the map Touristische Champagnerstrasse Das","og_url":"https:\/\/www.aube-champagne.com\/de\/dokumentation\/","og_site_name":"Aube Champagne","article_publisher":"https:\/\/www.facebook.com\/aube.champagne","article_modified_time":"2019-05-07T07:52:49+00:00","og_image":[{"width":650,"height":914,"url":"https:\/\/www.aube-champagne.com\/assets\/uploads\/2018\/09\/Carte-touristique-couverture-e1557215241663.jpg","type":"image\/jpeg"}],"twitter_card":"summary_large_image","twitter_site":"@AubeChampagne","twitter_misc":{"Gesch\u00e4tzte Lesezeit":"1\u00a0Minute"},"schema":{"@context":"https:\/\/schema.org","@graph":[{"@type":"WebPage","@id":"https:\/\/www.aube-champagne.com\/de\/dokumentation\/","url":"https:\/\/www.aube-champagne.com\/de\/dokumentation\/","name":"Dokumentation - Aube Champagne","isPartOf":{"@id":"https:\/\/www.aube-champagne.com\/fr\/#website"},"primaryImageOfPage":{"@id":"https:\/\/www.aube-champagne.com\/de\/dokumentation\/#primaryimage"},"image":{"@id":"https:\/\/www.aube-champagne.com\/de\/dokumentation\/#primaryimage"},"thumbnailUrl":"https:\/\/www.aube-champagne.com\/assets\/uploads\/2018\/09\/Carte-touristique-couverture-e1557215241663.jpg","datePublished":"2015-02-05T13:40:23+00:00","dateModified":"2019-05-07T07:52:49+00:00","description":"Laden Sie unsere Dokumente Touristische Karte Offnen Touristische Karte Cycling and walking Tours Download the map Touristische Champagnerstrasse Das","breadcrumb":{"@id":"https:\/\/www.aube-champagne.com\/de\/dokumentation\/#breadcrumb"},"inLanguage":"de","potentialAction":[{"@type":"ReadAction","target":["https:\/\/www.aube-champagne.com\/de\/dokumentation\/"]}]},{"@type":"ImageObject","inLanguage":"de","@id":"https:\/\/www.aube-champagne.com\/de\/dokumentation\/#primaryimage","url":"https:\/\/www.aube-champagne.com\/assets\/uploads\/2018\/09\/Carte-touristique-couverture-e1557215241663.jpg","contentUrl":"https:\/\/www.aube-champagne.com\/assets\/uploads\/2018\/09\/Carte-touristique-couverture-e1557215241663.jpg","width":650,"height":914,"caption":"Carte touristique Aube en Champagne 2018"},{"@type":"BreadcrumbList","@id":"https:\/\/www.aube-champagne.com\/de\/dokumentation\/#breadcrumb","itemListElement":[{"@type":"ListItem","position":1,"name":"Accueil","item":"https:\/\/www.aube-champagne.com\/de\/"},{"@type":"ListItem","position":2,"name":"Dokumentation"}]},{"@type":"WebSite","@id":"https:\/\/www.aube-champagne.com\/fr\/#website","url":"https:\/\/www.aube-champagne.com\/fr\/","name":"Aube Champagne","description":"Soyez Surpris !","potentialAction":[{"@type":"SearchAction","target":{"@type":"EntryPoint","urlTemplate":"https:\/\/www.aube-champagne.com\/fr\/?s={search_term_string}"},"query-input":{"@type":"PropertyValueSpecification","valueRequired":true,"valueName":"search_term_string"}}],"inLanguage":"de"}]}},"publishpress_future_action":{"enabled":false,"date":"2026-04-26 09:42:34","action":"change-status","newStatus":"draft","terms":[],"taxonomy":"translation_priority","extraData":[]},"publishpress_future_workflow_manual_trigger":{"enabledWorkflows":[]},"_links":{"self":[{"href":"https:\/\/www.aube-champagne.com\/de\/wp-json\/wp\/v2\/pages\/7496","targetHints":{"allow":["GET"]}}],"collection":[{"href":"https:\/\/www.aube-champagne.com\/de\/wp-json\/wp\/v2\/pages"}],"about":[{"href":"https:\/\/www.aube-champagne.com\/de\/wp-json\/wp\/v2\/types\/page"}],"author":[{"embeddable":true,"href":"https:\/\/www.aube-champagne.com\/de\/wp-json\/wp\/v2\/users\/1"}],"replies":[{"embeddable":true,"href":"https:\/\/www.aube-champagne.com\/de\/wp-json\/wp\/v2\/comments?post=7496"}],"version-history":[{"count":4,"href":"https:\/\/www.aube-champagne.com\/de\/wp-json\/wp\/v2\/pages\/7496\/revisions"}],"predecessor-version":[{"id":34594,"href":"https:\/\/www.aube-champagne.com\/de\/wp-json\/wp\/v2\/pages\/7496\/revisions\/34594"}],"wp:featuredmedia":[{"embeddable":true,"href":"https:\/\/www.aube-champagne.com\/de\/wp-json\/wp\/v2\/media\/32399"}],"wp:attachment":[{"href":"https:\/\/www.aube-champagne.com\/de\/wp-json\/wp\/v2\/media?parent=7496"}],"curies":[{"name":"wp","href":"https:\/\/api.w.org\/{rel}","templated":true}]}}