{"id":7498,"date":"2015-02-05T13:45:27","date_gmt":"2015-02-05T13:45:27","guid":{"rendered":"http:\/\/www.aube-champagne.com\/applications-et-audioguides-2\/"},"modified":"2022-05-11T09:44:55","modified_gmt":"2022-05-11T08:44:55","slug":"anwendungen-und-audioguide","status":"publish","type":"page","link":"https:\/\/www.aube-champagne.com\/de\/anwendungen-und-audioguide\/","title":{"rendered":"Apps und Audioguides"},"content":{"rendered":"<div class=\"wpb-content-wrapper\">[vc_row][vc_column][vc_column_text]\n<h2>Mit der IDVizit-App reisen Sie mit leichtem Gep\u00e4ck und entdecken die Reicht\u00fcmer und Sehensw\u00fcrdigkeiten der Champagne auf andere Weise (wieder)&#8230;<\/h2>\n[\/vc_column_text][vc_video link=&#8220;https:\/\/www.youtube.com\/watch?v=O_8Ksf6ykbc&#8220; el_width=&#8220;80&#8243; align=&#8220;center&#8220; title=&#8220;ID vizit eine 100% clevere Anwendung&#8220;][vc_column_text]\n<p class=\"p1\">Als echter pers\u00f6nlicher Reisebegleiter bietet <strong>IDVizit<\/strong> Ihnen<strong>personalisierte,<\/strong> spielerische und <strong>interaktive<\/strong> Rundg\u00e4nge, die Sie nach Lust und Laune und in Ihrem eigenen Rhythmus entdecken k\u00f6nnen!<\/p>\n<p>Lassen Sie sich von Ihrem <strong>Tablet oder Smartphone<\/strong> aus abseits der ausgetretenen Pfade f\u00fchren und finden Sie eine Auswahl an sorgf\u00e4ltig f\u00fcr Sie ausgew\u00e4hlten Inhalten und Geheimtipps&#8230;<\/p>\n<p class=\"p1\">Standort, Profil, Interessen, Tageszeit und sogar das Wetter &#8211; nichts wird dem Zufall \u00fcberlassen!<\/p>\n<p>Ob Sie mit der Familie oder als Liebespaar unterwegs sind, auf der Suche nach Sensationen oder bereit f\u00fcr einen Tauchgang ins Herz der Geschichte, IdVizit wird Ihnen Ihre besten Erinnerungen schenken!<\/p>\n[\/vc_column_text][vc_single_image image=&#8220;30781&#8243; img_size=&#8220;large&#8220; alignment=&#8220;center&#8220;][\/vc_column][\/vc_row][vc_row][vc_column width=&#8220;1\/2&#8243;][vc_column_text]\n<h3><strong><a href=\"http:\/\/www.aube-champagne.com\/assets\/uploads\/2018\/06\/onboarding-3.gif\"><img decoding=\"async\" class=\"size-full wp-image-30784 alignleft\" src=\"http:\/\/www.aube-champagne.com\/assets\/uploads\/2018\/06\/onboarding-3.gif\" alt=\"\" width=\"200\" height=\"395\"><\/a>WIE FUNKTIONIERT DAS?<\/strong><\/h3>\n<p>Teilen Sie Ihren Standort mit, f\u00fcllen Sie Ihr Profil und Ihre W\u00fcnsche aus und entdecken Sie die vorgeschlagenen Touren oder Besichtigungen in der Umgebung. IDVizit \u00fcbernimmt die Aufgabe, Sie bei Ihrer Entdeckungstour zu begleiten und bietet Ihnen angereicherte und illustrierte Inhalte mit allen Informationen, die Sie ben\u00f6tigen. Disponible sousVerf\u00fcgbar f\u00fcr IOS und Android.IOS et Android.[\/vc_column_text][\/vc_column][vc_column width=&#8220;1\/2&#8243;][vc_column_text]\n<h3><strong>BESONDERHEITEN :<\/strong><\/h3>\n<ul>\n<li>Spielerische und interaktive Parcours<\/li>\n<li>Kartenmodus<\/li>\n<li>Route berechnen<\/li>\n<li>Entdeckung der unumg\u00e4nglichen Sehensw\u00fcrdigkeiten des Territoriums<\/li>\n<li>Favoriten: F\u00fcgen Sie Ihre Lieblingstouren hinzu, um sie leicht wiederzufinden.<\/li>\n<li>Einfaches Teilen Ihrer guten Adressen mit Ihren Freunden in sozialen Netzwerken<\/li>\n<li>Demn\u00e4chst auf Englisch erh\u00e4ltlich<\/li>\n<\/ul>\n[\/vc_column_text][vc_column_text]<a href=\"https:\/\/play.google.com\/store\/apps\/details?id=fr.xpdigit.apptourism&amp;hl=fr\" target=\"_blank\" rel=\"noopener\"><img decoding=\"async\" class=\"size-medium wp-image-30782 aligncenter\" src=\"http:\/\/www.aube-champagne.com\/assets\/uploads\/2018\/06\/application_google.jpg\" alt=\"\" width=\"200\" height=\"59\"><\/a><a href=\"http:\/\/itunes.apple.com\/fr\/app\/idvizit\/id1235093623\" target=\"_blank\" rel=\"noopener\"><img decoding=\"async\" class=\"size-medium wp-image-30783 aligncenter\" src=\"http:\/\/www.aube-champagne.com\/assets\/uploads\/2018\/06\/badesapp.gif\" alt=\"\" width=\"200\" height=\"59\"><\/a>[\/vc_column_text][\/vc_column][\/vc_row][vc_row][vc_column][vc_column_text]\n<address><em>Diese Anwendung wird Ihnen vom CDT de l&#8217;Aube und seinen Partnern angeboten: L&#8217;ADT de la Marne &#8211; CRT Champagne Ardenne und dem Office de Tourisme de Ch\u00e2lons-en-Champagne<\/em><\/address>\n<address><em>mit der Schirmherrschaft der DIRECCTE Grand Est &#8211; Realisierung XPDigit<\/em><\/address>\n[\/vc_column_text][\/vc_column][\/vc_row]\n<p>&nbsp;<\/p>\n[vc_row][vc_column][vc_separator][vc_column_text]\n<p style=\"text-align: justify;\" align=\"left\"><strong><a href=\"http:\/\/www.aube-champagne.com\/assets\/uploads\/2015\/02\/troyes_tour.png\"><img decoding=\"async\" class=\"alignnone wp-image-8828 size-full\" style=\"float: left; margin: 0 30px 15px 0;\" src=\"http:\/\/www.aube-champagne.com\/assets\/uploads\/2015\/02\/troyes_tour.png\" alt=\"\" width=\"170\" height=\"241\"><\/a><\/strong><strong><em>Download der App Troyes Tour<\/em><\/strong><\/p>\n<p>Das Fremdenverkehrsamt von Troyes begleitet Sie auf all Ihren Reisen mit TROYES TOUR, einer App, die kostenlos und in Echtzeit eine Vielzahl von Informationen \u00fcber die Stadt verbreitet.<\/p>\n<p><strong>WAS TUN?<\/strong><br \/>\nEntdecken Sie Sehensw\u00fcrdigkeiten und Aktivit\u00e4ten in der N\u00e4he des Ortes, an dem Sie sich gerade befinden.<br \/>\n<strong>AGENDA :<\/strong><br \/>\nBleiben Sie f\u00fcr die Dauer Ihres Aufenthalts \u00fcber alle Veranstaltungen informiert.<br \/>\n<strong>WO ESSEN?<\/strong><br \/>\nSie suchen ein Gourmetrestaurant, eine Meeresfr\u00fcchteplatte, Gerichte zum Mitnehmen&#8230; lassen Sie sich f\u00fchren.<br \/>\n<strong>Wo SCHLAFEN?<\/strong><br \/>\nHotels, Campingpl\u00e4tze, G\u00e4stezimmer, Ferienunterk\u00fcnfte&#8230; planen Sie Ihren Aufenthalt oder Ihre Wochenendausfl\u00fcge. Mit einem Klick k\u00f6nnen Sie die Einrichtung anrufen, ihr eine E-Mail oder eine SMS schicken oder Google Maps bitten, Sie dorthin zu begleiten! Teilen Sie Ihre Meinung mit wenigen Klicks mit! Sie wird sofort ver\u00f6ffentlicht und ist f\u00fcr alle anderen Nutzer der Anwendung zug\u00e4nglich.[\/vc_column_text][\/vc_column][\/vc_row][vc_row full_width=&#8220;stretch_row&#8220;][vc_column_inner width=&#8220;1\/2&#8243;][vc_single_image image=&#8220;11520&#8243; img_size=&#8220;170&#215;59&#8243; alignment=&#8220;center&#8220; onclick=&#8220;custom_link&#8220; img_link_target=&#8220;_blank&#8220; link=&#8220;https:%2F%2Fitunes.apple.com%2Ffr%2Fapp%2Fid454407578|&#8220;][\/vc_column_inner][vc_column_inner width=&#8220;1\/2&#8243;][vc_single_image image=&#8220;11526&#8243; img_size=&#8220;170&#215;59&#8243; alignment=&#8220;center&#8220; onclick=&#8220;custom_link&#8220; img_link_target=&#8220;_blank&#8220; link=&#8220;https:%2F%2Fplay.google.com%2Fstore%2Fapps%2Fdetails%3Fid%3Dfr.mobitour.apps.id10%26amp%3Bhl%3Dfr|&#8220;][\/vc_column_inner][\/vc_row]\n<\/div>","protected":false},"excerpt":{"rendered":"<p>[vc_row][vc_column][vc_column_text] Mit der IDVizit-App reisen Sie mit leichtem Gep\u00e4ck und entdecken die Reicht\u00fcmer und Sehensw\u00fcrdigkeiten der Champagne auf andere Weise (wieder)&#8230; [\/vc_column_text][vc_video link=&#8220;https:\/\/www.youtube.com\/watch?v=O_8Ksf6ykbc&#8220; el_width=&#8220;80&#8243; align=&#8220;center&#8220; title=&#8220;ID vizit eine 100% clevere Anwendung&#8220;][vc_column_text] Als echter pers\u00f6nlicher Reisebegleiter bietet IDVizit Ihnenpersonalisierte, spielerische und interaktive Rundg\u00e4nge, die Sie nach&hellip;  <a href=\"https:\/\/www.aube-champagne.com\/de\/anwendungen-und-audioguide\/\" title=\"Read Apps und Audioguides\">Mehr lesen&raquo;<\/a><\/p>\n","protected":false},"author":1,"featured_media":34928,"parent":0,"menu_order":0,"comment_status":"closed","ping_status":"closed","template":"","meta":{"footnotes":""},"class_list":["post-7498","page","type-page","status-publish","has-post-thumbnail","hentry"],"yoast_head":"<!-- This site is optimized with the Yoast SEO plugin v27.4 - https:\/\/yoast.com\/product\/yoast-seo-wordpress\/ -->\n<title>Apps und Audioguides<\/title>\n<meta name=\"description\" content=\"Die Apps und Audioguides des Aube, finden Sie alle n\u00fctzlichen touristischen Apps f\u00fcr Ihren Aufenthalt in der Aube en Champagne, darunter mobitour Troyes\" \/>\n<meta name=\"robots\" content=\"index, follow, max-snippet:-1, max-image-preview:large, max-video-preview:-1\" \/>\n<link rel=\"canonical\" href=\"https:\/\/www.aube-champagne.com\/de\/anwendungen-und-audioguide\/\" \/>\n<meta property=\"og:locale\" content=\"de_DE\" \/>\n<meta property=\"og:type\" content=\"article\" \/>\n<meta property=\"og:title\" content=\"Apps und Audioguides\" \/>\n<meta property=\"og:description\" content=\"Die Apps und Audioguides des Aube, finden Sie alle n\u00fctzlichen touristischen Apps f\u00fcr Ihren Aufenthalt in der Aube en Champagne, darunter mobitour Troyes\" \/>\n<meta property=\"og:url\" content=\"https:\/\/www.aube-champagne.com\/de\/anwendungen-und-audioguide\/\" \/>\n<meta property=\"og:site_name\" content=\"Aube Champagne\" \/>\n<meta property=\"article:publisher\" content=\"https:\/\/www.facebook.com\/aube.champagne\" \/>\n<meta property=\"article:modified_time\" content=\"2022-05-11T08:44:55+00:00\" \/>\n<meta property=\"og:image\" content=\"https:\/\/www.aube-champagne.com\/assets\/uploads\/2015\/02\/moto-aube.png\" \/>\n\t<meta property=\"og:image:width\" content=\"612\" \/>\n\t<meta property=\"og:image:height\" content=\"325\" \/>\n\t<meta property=\"og:image:type\" content=\"image\/png\" \/>\n<meta name=\"twitter:card\" content=\"summary_large_image\" \/>\n<meta name=\"twitter:site\" content=\"@AubeChampagne\" \/>\n<meta name=\"twitter:label1\" content=\"Gesch\u00e4tzte Lesezeit\" \/>\n\t<meta name=\"twitter:data1\" content=\"3\u00a0Minuten\" \/>\n<script type=\"application\/ld+json\" class=\"yoast-schema-graph\">{\"@context\":\"https:\\\/\\\/schema.org\",\"@graph\":[{\"@type\":\"WebPage\",\"@id\":\"https:\\\/\\\/www.aube-champagne.com\\\/de\\\/anwendungen-und-audioguide\\\/\",\"url\":\"https:\\\/\\\/www.aube-champagne.com\\\/de\\\/anwendungen-und-audioguide\\\/\",\"name\":\"Apps und Audioguides\",\"isPartOf\":{\"@id\":\"https:\\\/\\\/www.aube-champagne.com\\\/fr\\\/#website\"},\"primaryImageOfPage\":{\"@id\":\"https:\\\/\\\/www.aube-champagne.com\\\/de\\\/anwendungen-und-audioguide\\\/#primaryimage\"},\"image\":{\"@id\":\"https:\\\/\\\/www.aube-champagne.com\\\/de\\\/anwendungen-und-audioguide\\\/#primaryimage\"},\"thumbnailUrl\":\"https:\\\/\\\/www.aube-champagne.com\\\/assets\\\/uploads\\\/2019\\\/06\\\/IDVIZIT-Chaource-BC-Image.jpg\",\"datePublished\":\"2015-02-05T13:45:27+00:00\",\"dateModified\":\"2022-05-11T08:44:55+00:00\",\"description\":\"Die Apps und Audioguides des Aube, finden Sie alle n\u00fctzlichen touristischen Apps f\u00fcr Ihren Aufenthalt in der Aube en Champagne, darunter mobitour Troyes\",\"breadcrumb\":{\"@id\":\"https:\\\/\\\/www.aube-champagne.com\\\/de\\\/anwendungen-und-audioguide\\\/#breadcrumb\"},\"inLanguage\":\"de\",\"potentialAction\":[{\"@type\":\"ReadAction\",\"target\":[\"https:\\\/\\\/www.aube-champagne.com\\\/de\\\/anwendungen-und-audioguide\\\/\"]}]},{\"@type\":\"ImageObject\",\"inLanguage\":\"de\",\"@id\":\"https:\\\/\\\/www.aube-champagne.com\\\/de\\\/anwendungen-und-audioguide\\\/#primaryimage\",\"url\":\"https:\\\/\\\/www.aube-champagne.com\\\/assets\\\/uploads\\\/2019\\\/06\\\/IDVIZIT-Chaource-BC-Image.jpg\",\"contentUrl\":\"https:\\\/\\\/www.aube-champagne.com\\\/assets\\\/uploads\\\/2019\\\/06\\\/IDVIZIT-Chaource-BC-Image.jpg\",\"width\":1531,\"height\":2048,\"caption\":\"\u00a9 BC Image\"},{\"@type\":\"BreadcrumbList\",\"@id\":\"https:\\\/\\\/www.aube-champagne.com\\\/de\\\/anwendungen-und-audioguide\\\/#breadcrumb\",\"itemListElement\":[{\"@type\":\"ListItem\",\"position\":1,\"name\":\"Accueil\",\"item\":\"https:\\\/\\\/www.aube-champagne.com\\\/de\\\/\"},{\"@type\":\"ListItem\",\"position\":2,\"name\":\"Apps und Audioguides\"}]},{\"@type\":\"WebSite\",\"@id\":\"https:\\\/\\\/www.aube-champagne.com\\\/fr\\\/#website\",\"url\":\"https:\\\/\\\/www.aube-champagne.com\\\/fr\\\/\",\"name\":\"Aube Champagne\",\"description\":\"Soyez Surpris !\",\"potentialAction\":[{\"@type\":\"SearchAction\",\"target\":{\"@type\":\"EntryPoint\",\"urlTemplate\":\"https:\\\/\\\/www.aube-champagne.com\\\/fr\\\/?s={search_term_string}\"},\"query-input\":{\"@type\":\"PropertyValueSpecification\",\"valueRequired\":true,\"valueName\":\"search_term_string\"}}],\"inLanguage\":\"de\"}]}<\/script>\n<!-- \/ Yoast SEO plugin. -->","yoast_head_json":{"title":"Apps und Audioguides","description":"Die Apps und Audioguides des Aube, finden Sie alle n\u00fctzlichen touristischen Apps f\u00fcr Ihren Aufenthalt in der Aube en Champagne, darunter mobitour Troyes","robots":{"index":"index","follow":"follow","max-snippet":"max-snippet:-1","max-image-preview":"max-image-preview:large","max-video-preview":"max-video-preview:-1"},"canonical":"https:\/\/www.aube-champagne.com\/de\/anwendungen-und-audioguide\/","og_locale":"de_DE","og_type":"article","og_title":"Apps und Audioguides","og_description":"Die Apps und Audioguides des Aube, finden Sie alle n\u00fctzlichen touristischen Apps f\u00fcr Ihren Aufenthalt in der Aube en Champagne, darunter mobitour Troyes","og_url":"https:\/\/www.aube-champagne.com\/de\/anwendungen-und-audioguide\/","og_site_name":"Aube Champagne","article_publisher":"https:\/\/www.facebook.com\/aube.champagne","article_modified_time":"2022-05-11T08:44:55+00:00","og_image":[{"width":612,"height":325,"url":"https:\/\/www.aube-champagne.com\/assets\/uploads\/2015\/02\/moto-aube.png","type":"image\/png"}],"twitter_card":"summary_large_image","twitter_site":"@AubeChampagne","twitter_misc":{"Gesch\u00e4tzte Lesezeit":"3\u00a0Minuten"},"schema":{"@context":"https:\/\/schema.org","@graph":[{"@type":"WebPage","@id":"https:\/\/www.aube-champagne.com\/de\/anwendungen-und-audioguide\/","url":"https:\/\/www.aube-champagne.com\/de\/anwendungen-und-audioguide\/","name":"Apps und Audioguides","isPartOf":{"@id":"https:\/\/www.aube-champagne.com\/fr\/#website"},"primaryImageOfPage":{"@id":"https:\/\/www.aube-champagne.com\/de\/anwendungen-und-audioguide\/#primaryimage"},"image":{"@id":"https:\/\/www.aube-champagne.com\/de\/anwendungen-und-audioguide\/#primaryimage"},"thumbnailUrl":"https:\/\/www.aube-champagne.com\/assets\/uploads\/2019\/06\/IDVIZIT-Chaource-BC-Image.jpg","datePublished":"2015-02-05T13:45:27+00:00","dateModified":"2022-05-11T08:44:55+00:00","description":"Die Apps und Audioguides des Aube, finden Sie alle n\u00fctzlichen touristischen Apps f\u00fcr Ihren Aufenthalt in der Aube en Champagne, darunter mobitour Troyes","breadcrumb":{"@id":"https:\/\/www.aube-champagne.com\/de\/anwendungen-und-audioguide\/#breadcrumb"},"inLanguage":"de","potentialAction":[{"@type":"ReadAction","target":["https:\/\/www.aube-champagne.com\/de\/anwendungen-und-audioguide\/"]}]},{"@type":"ImageObject","inLanguage":"de","@id":"https:\/\/www.aube-champagne.com\/de\/anwendungen-und-audioguide\/#primaryimage","url":"https:\/\/www.aube-champagne.com\/assets\/uploads\/2019\/06\/IDVIZIT-Chaource-BC-Image.jpg","contentUrl":"https:\/\/www.aube-champagne.com\/assets\/uploads\/2019\/06\/IDVIZIT-Chaource-BC-Image.jpg","width":1531,"height":2048,"caption":"\u00a9 BC Image"},{"@type":"BreadcrumbList","@id":"https:\/\/www.aube-champagne.com\/de\/anwendungen-und-audioguide\/#breadcrumb","itemListElement":[{"@type":"ListItem","position":1,"name":"Accueil","item":"https:\/\/www.aube-champagne.com\/de\/"},{"@type":"ListItem","position":2,"name":"Apps und Audioguides"}]},{"@type":"WebSite","@id":"https:\/\/www.aube-champagne.com\/fr\/#website","url":"https:\/\/www.aube-champagne.com\/fr\/","name":"Aube Champagne","description":"Soyez Surpris !","potentialAction":[{"@type":"SearchAction","target":{"@type":"EntryPoint","urlTemplate":"https:\/\/www.aube-champagne.com\/fr\/?s={search_term_string}"},"query-input":{"@type":"PropertyValueSpecification","valueRequired":true,"valueName":"search_term_string"}}],"inLanguage":"de"}]}},"publishpress_future_action":{"enabled":false,"date":"2026-04-28 00:25:49","action":"change-status","newStatus":"draft","terms":[],"taxonomy":"translation_priority","extraData":[]},"publishpress_future_workflow_manual_trigger":{"enabledWorkflows":[]},"_links":{"self":[{"href":"https:\/\/www.aube-champagne.com\/de\/wp-json\/wp\/v2\/pages\/7498","targetHints":{"allow":["GET"]}}],"collection":[{"href":"https:\/\/www.aube-champagne.com\/de\/wp-json\/wp\/v2\/pages"}],"about":[{"href":"https:\/\/www.aube-champagne.com\/de\/wp-json\/wp\/v2\/types\/page"}],"author":[{"embeddable":true,"href":"https:\/\/www.aube-champagne.com\/de\/wp-json\/wp\/v2\/users\/1"}],"replies":[{"embeddable":true,"href":"https:\/\/www.aube-champagne.com\/de\/wp-json\/wp\/v2\/comments?post=7498"}],"version-history":[{"count":4,"href":"https:\/\/www.aube-champagne.com\/de\/wp-json\/wp\/v2\/pages\/7498\/revisions"}],"predecessor-version":[{"id":50435,"href":"https:\/\/www.aube-champagne.com\/de\/wp-json\/wp\/v2\/pages\/7498\/revisions\/50435"}],"wp:featuredmedia":[{"embeddable":true,"href":"https:\/\/www.aube-champagne.com\/de\/wp-json\/wp\/v2\/media\/34928"}],"wp:attachment":[{"href":"https:\/\/www.aube-champagne.com\/de\/wp-json\/wp\/v2\/media?parent=7498"}],"curies":[{"name":"wp","href":"https:\/\/api.w.org\/{rel}","templated":true}]}}