{"id":13676,"date":"2016-03-16T12:27:54","date_gmt":"2016-03-16T11:27:54","guid":{"rendered":"http:\/\/www.aube-champagne.com\/?page_id=13676"},"modified":"2016-03-16T15:26:47","modified_gmt":"2016-03-16T14:26:47","slug":"newsletter","status":"publish","type":"page","link":"https:\/\/www.aube-champagne.com\/en\/newsletter\/","title":{"rendered":"Newsletter"},"content":{"rendered":"<p><!-- Begin MailChimp Signup Form -->\n<link href=\"\/\/cdn-images.mailchimp.com\/embedcode\/classic-10_7.css\" rel=\"stylesheet\" type=\"text\/css\">\n<style type=\"text\/css\">\n                #mc_embed_signup{background:#fff; clear:left; font:14px Helvetica,Arial,sans-serif; }\n                \/* Add your own MailChimp form style overrides in your site stylesheet or in this style block.\n                   We recommend moving this block and the preceding CSS link to the HEAD of your HTML file. *\/\n<\/style>\n<div id=\"mc_embed_signup\">\n<form action=\"\/\/aube-champagne.us7.list-manage.com\/subscribe\/post?u=5dfaf41065e93c6c103393ef4&amp;id=54b96f4c58\" method=\"post\" id=\"mc-embedded-subscribe-form\" name=\"mc-embedded-subscribe-form\" class=\"validate\" target=\"_blank\" novalidate>\n<div id=\"mc_embed_signup_scroll\">\n<div class=\"indicates-required\"><span class=\"asterisk\">*<\/span> indicates required<\/div>\n<div class=\"mc-field-group\">\n                <label for=\"mce-EMAIL\">Email*  <span class=\"asterisk\">*<\/span><br \/>\n<\/label><br \/>\n                <input type=\"email\" value=\"\" name=\"EMAIL\" class=\"required email\" id=\"mce-EMAIL\">\n<\/div>\n<div class=\"mc-field-group\">\n                <label for=\"mce-MMERGE18\">Votre pays \/ Your country <\/label><br \/>\n                <input type=\"text\" value=\"\" name=\"MMERGE18\" class=\"\" id=\"mce-MMERGE18\">\n<\/div>\n<div class=\"mc-field-group\">\n                <label for=\"mce-MMERGE13\">Ville \/ City <\/label><br \/>\n                <input type=\"text\" value=\"\" name=\"MMERGE13\" class=\"\" id=\"mce-MMERGE13\">\n<\/div>\n<div class=\"mc-field-group\">\n                <label for=\"mce-MMERGE7\">Langues \/ Language <\/label><br \/>\n                <input type=\"text\" value=\"\" name=\"MMERGE7\" class=\"\" id=\"mce-MMERGE7\">\n<\/div>\n<div class=\"mc-field-group\">\n                <label for=\"mce-MMERGE3\">First Name <\/label><br \/>\n                <input type=\"text\" value=\"\" name=\"MMERGE3\" class=\"\" id=\"mce-MMERGE3\">\n<\/div>\n<div class=\"mc-field-group\">\n                <label for=\"mce-MMERGE5\">Last Name <\/label><br \/>\n                <input type=\"text\" value=\"\" name=\"MMERGE5\" class=\"\" id=\"mce-MMERGE5\">\n<\/div>\n<div class=\"mc-field-group input-group\">\n    <strong>Langue \/ Language <\/strong><\/p>\n<ul>\n<li><input type=\"checkbox\" value=\"1\" name=\"group[9925][1]\" id=\"mce-group[9925]-9925-0\"><label for=\"mce-group[9925]-9925-0\">Fran\u00e7ais<\/label><\/li>\n<li><input type=\"checkbox\" value=\"2\" name=\"group[9925][2]\" id=\"mce-group[9925]-9925-1\"><label for=\"mce-group[9925]-9925-1\">English<\/label><\/li>\n<li><input type=\"checkbox\" value=\"4\" name=\"group[9925][4]\" id=\"mce-group[9925]-9925-2\"><label for=\"mce-group[9925]-9925-2\">Deustch<\/label><\/li>\n<li><input type=\"checkbox\" value=\"8\" name=\"group[9925][8]\" id=\"mce-group[9925]-9925-3\"><label for=\"mce-group[9925]-9925-3\">Vlaams<\/label><\/li>\n<li><input type=\"checkbox\" value=\"16\" name=\"group[9925][16]\" id=\"mce-group[9925]-9925-4\"><label for=\"mce-group[9925]-9925-4\">Nederlands<\/label><\/li>\n<li><input type=\"checkbox\" value=\"32\" name=\"group[9925][32]\" id=\"mce-group[9925]-9925-5\"><label for=\"mce-group[9925]-9925-5\">Italiano<\/label><\/li>\n<li><input type=\"checkbox\" value=\"64\" name=\"group[9925][64]\" id=\"mce-group[9925]-9925-6\"><label for=\"mce-group[9925]-9925-6\">Espa\u00f1ol<\/label><\/li>\n<li><input type=\"checkbox\" value=\"128\" name=\"group[9925][128]\" id=\"mce-group[9925]-9925-7\"><label for=\"mce-group[9925]-9925-7\">Portugu\u00eas<\/label><\/li>\n<li><input type=\"checkbox\" value=\"256\" name=\"group[9925][256]\" id=\"mce-group[9925]-9925-8\"><label for=\"mce-group[9925]-9925-8\">Other<\/label><\/li>\n<\/ul>\n<\/div>\n<div id=\"mce-responses\" class=\"clear\">\n<div class=\"response\" id=\"mce-error-response\" style=\"display:none\"><\/div>\n<div class=\"response\" id=\"mce-success-response\" style=\"display:none\"><\/div><\/div>\n<p>    <!-- real people should not fill this in and expect good things - do not remove this or risk form bot signups--><\/p>\n<div style=\"position: absolute; left: -5000px;\" aria-hidden=\"true\"><input type=\"text\" name=\"b_5dfaf41065e93c6c103393ef4_54b96f4c58\" tabindex=\"-1\" value=\"\"><\/div>\n<div class=\"clear\"><input type=\"submit\" value=\"Subscribe\" name=\"subscribe\" id=\"mc-embedded-subscribe\" class=\"button\"><\/div><\/div>\n<\/form>\n<\/div>\n<p><script type='text\/javascript' src='\/\/s3.amazonaws.com\/downloads.mailchimp.com\/js\/mc-validate.js'><\/script><script type='text\/javascript'>(function($) {window.fnames = new Array(); window.ftypes = new Array();fnames[0]='EMAIL';ftypes[0]='email';fnames[4]='MMERGE4';ftypes[4]='text';fnames[2]='MMERGE2';ftypes[2]='text';fnames[6]='MMERGE6';ftypes[6]='text';fnames[8]='MMERGE8';ftypes[8]='text';fnames[9]='MMERGE9';ftypes[9]='text';fnames[11]='MMERGE11';ftypes[11]='text';fnames[12]='MMERGE12';ftypes[12]='text';fnames[14]='MMERGE14';ftypes[14]='text';fnames[15]='MMERGE15';ftypes[15]='text';fnames[18]='MMERGE18';ftypes[18]='text';fnames[19]='MMERGE19';ftypes[19]='text';fnames[21]='MMERGE21';ftypes[21]='text';fnames[1]='MMERGE13';ftypes[1]='text';fnames[7]='MMERGE7';ftypes[7]='text';fnames[3]='MMERGE3';ftypes[3]='text';fnames[5]='MMERGE5';ftypes[5]='text'; \/*\n* Translated default messages for the $ validation plugin.\n* Locale: FR\n*\/\n$.extend($.validator.messages, {\n        required: \"Ce champ est requis.\",\n        remote: \"Veuillez remplir ce champ pour continuer.\",\n        email: \"Veuillez entrer une adresse email valide.\",\n        url: \"Veuillez entrer une URL valide.\",\n        date: \"Veuillez entrer une date valide.\",\n        dateISO: \"Veuillez entrer une date valide (ISO).\",\n        number: \"Veuillez entrer un nombre valide.\",\n        digits: \"Veuillez entrer (seulement) une valeur num\u00e9rique.\",\n        creditcard: \"Veuillez entrer un num\u00e9ro de carte de cr\u00e9dit valide.\",\n        equalTo: \"Veuillez entrer une nouvelle fois la m\u00eame valeur.\",\n        accept: \"Veuillez entrer une valeur avec une extension valide.\",\n        maxlength: $.validator.format(\"Veuillez ne pas entrer plus de {0} caract\u00e8res.\"),\n        minlength: $.validator.format(\"Veuillez entrer au moins {0} caract\u00e8res.\"),\n        rangelength: $.validator.format(\"Veuillez entrer entre {0} et {1} caract\u00e8res.\"),\n        range: $.validator.format(\"Veuillez entrer une valeur entre {0} et {1}.\"),\n        max: $.validator.format(\"Veuillez entrer une valeur inf\u00e9rieure ou \u00e9gale \u00e0 {0}.\"),\n        min: $.validator.format(\"Veuillez entrer une valeur sup\u00e9rieure ou \u00e9gale \u00e0 {0}.\")\n});}(jQuery));var $mcj = jQuery.noConflict(true);<\/script><br \/>\n<!--End mc_embed_signup--><\/p>\n","protected":false},"excerpt":{"rendered":"<p>* indicates required Email* * Votre pays \/ Your country Ville \/ City Langues \/ Language First Name Last Name Langue \/ Language Fran\u00e7ais English Deustch Vlaams Nederlands Italiano Espa\u00f1ol Portugu\u00eas Other<\/p>\n","protected":false},"author":2,"featured_media":57546,"parent":0,"menu_order":0,"comment_status":"closed","ping_status":"closed","template":"","meta":{"footnotes":""},"class_list":["post-13676","page","type-page","status-publish","has-post-thumbnail","hentry"],"yoast_head":"<!-- This site is optimized with the Yoast SEO plugin v27.4 - https:\/\/yoast.com\/product\/yoast-seo-wordpress\/ -->\n<title>Newsletter - Aube Champagne<\/title>\n<meta name=\"description\" content=\"* indicates required Email* * Votre pays \/ Your country Ville \/ City Langues \/ Language First Name Last Name Langue \/ Language Fran\u00e7ais English Deustch\" \/>\n<meta name=\"robots\" content=\"index, follow, max-snippet:-1, max-image-preview:large, max-video-preview:-1\" \/>\n<link rel=\"canonical\" href=\"https:\/\/www.aube-champagne.com\/en\/home-3\/newsletter\/\" \/>\n<meta property=\"og:locale\" content=\"en_US\" \/>\n<meta property=\"og:type\" content=\"article\" \/>\n<meta property=\"og:title\" content=\"Newsletter - Aube Champagne\" \/>\n<meta property=\"og:description\" content=\"* indicates required Email* * Votre pays \/ Your country Ville \/ City Langues \/ Language First Name Last Name Langue \/ Language Fran\u00e7ais English Deustch\" \/>\n<meta property=\"og:url\" content=\"https:\/\/www.aube-champagne.com\/en\/home-3\/newsletter\/\" \/>\n<meta property=\"og:site_name\" content=\"Aube Champagne\" \/>\n<meta property=\"article:publisher\" content=\"https:\/\/www.facebook.com\/aube.champagne\" \/>\n<meta property=\"article:modified_time\" content=\"2016-03-16T14:26:47+00:00\" \/>\n<meta property=\"og:image\" content=\"https:\/\/www.aube-champagne.com\/assets\/uploads\/2016\/06\/Logo_Aube_EN_CHAMPAGNE_BD.png\" \/>\n\t<meta property=\"og:image:width\" content=\"887\" \/>\n\t<meta property=\"og:image:height\" content=\"424\" \/>\n\t<meta property=\"og:image:type\" content=\"image\/png\" \/>\n<meta name=\"twitter:card\" content=\"summary_large_image\" \/>\n<meta name=\"twitter:site\" content=\"@AubeChampagne\" \/>\n<script type=\"application\/ld+json\" class=\"yoast-schema-graph\">{\"@context\":\"https:\\\/\\\/schema.org\",\"@graph\":[{\"@type\":\"WebPage\",\"@id\":\"https:\\\/\\\/www.aube-champagne.com\\\/en\\\/home-3\\\/newsletter\\\/\",\"url\":\"https:\\\/\\\/www.aube-champagne.com\\\/en\\\/home-3\\\/newsletter\\\/\",\"name\":\"Newsletter - Aube Champagne\",\"isPartOf\":{\"@id\":\"https:\\\/\\\/www.aube-champagne.com\\\/fr\\\/#website\"},\"primaryImageOfPage\":{\"@id\":\"https:\\\/\\\/www.aube-champagne.com\\\/en\\\/home-3\\\/newsletter\\\/#primaryimage\"},\"image\":{\"@id\":\"https:\\\/\\\/www.aube-champagne.com\\\/en\\\/home-3\\\/newsletter\\\/#primaryimage\"},\"thumbnailUrl\":\"https:\\\/\\\/www.aube-champagne.com\\\/assets\\\/uploads\\\/2022\\\/09\\\/logo-home-v2.png\",\"datePublished\":\"2016-03-16T11:27:54+00:00\",\"dateModified\":\"2016-03-16T14:26:47+00:00\",\"description\":\"* indicates required Email* * Votre pays \\\/ Your country Ville \\\/ City Langues \\\/ Language First Name Last Name Langue \\\/ Language Fran\u00e7ais English Deustch\",\"breadcrumb\":{\"@id\":\"https:\\\/\\\/www.aube-champagne.com\\\/en\\\/home-3\\\/newsletter\\\/#breadcrumb\"},\"inLanguage\":\"en-US\",\"potentialAction\":[{\"@type\":\"ReadAction\",\"target\":[\"https:\\\/\\\/www.aube-champagne.com\\\/en\\\/home-3\\\/newsletter\\\/\"]}]},{\"@type\":\"ImageObject\",\"inLanguage\":\"en-US\",\"@id\":\"https:\\\/\\\/www.aube-champagne.com\\\/en\\\/home-3\\\/newsletter\\\/#primaryimage\",\"url\":\"https:\\\/\\\/www.aube-champagne.com\\\/assets\\\/uploads\\\/2022\\\/09\\\/logo-home-v2.png\",\"contentUrl\":\"https:\\\/\\\/www.aube-champagne.com\\\/assets\\\/uploads\\\/2022\\\/09\\\/logo-home-v2.png\",\"width\":147,\"height\":150,\"caption\":\"Logo Aube en Champagne\"},{\"@type\":\"BreadcrumbList\",\"@id\":\"https:\\\/\\\/www.aube-champagne.com\\\/en\\\/home-3\\\/newsletter\\\/#breadcrumb\",\"itemListElement\":[{\"@type\":\"ListItem\",\"position\":1,\"name\":\"Accueil\",\"item\":\"https:\\\/\\\/www.aube-champagne.com\\\/en\\\/\"},{\"@type\":\"ListItem\",\"position\":2,\"name\":\"Home\",\"item\":\"https:\\\/\\\/www.aube-champagne.com\\\/en\\\/\"},{\"@type\":\"ListItem\",\"position\":3,\"name\":\"Newsletter\"}]},{\"@type\":\"WebSite\",\"@id\":\"https:\\\/\\\/www.aube-champagne.com\\\/fr\\\/#website\",\"url\":\"https:\\\/\\\/www.aube-champagne.com\\\/fr\\\/\",\"name\":\"Aube Champagne\",\"description\":\"Soyez Surpris !\",\"potentialAction\":[{\"@type\":\"SearchAction\",\"target\":{\"@type\":\"EntryPoint\",\"urlTemplate\":\"https:\\\/\\\/www.aube-champagne.com\\\/fr\\\/?s={search_term_string}\"},\"query-input\":{\"@type\":\"PropertyValueSpecification\",\"valueRequired\":true,\"valueName\":\"search_term_string\"}}],\"inLanguage\":\"en-US\"}]}<\/script>\n<!-- \/ Yoast SEO plugin. -->","yoast_head_json":{"title":"Newsletter - Aube Champagne","description":"* indicates required Email* * Votre pays \/ Your country Ville \/ City Langues \/ Language First Name Last Name Langue \/ Language Fran\u00e7ais English Deustch","robots":{"index":"index","follow":"follow","max-snippet":"max-snippet:-1","max-image-preview":"max-image-preview:large","max-video-preview":"max-video-preview:-1"},"canonical":"https:\/\/www.aube-champagne.com\/en\/home-3\/newsletter\/","og_locale":"en_US","og_type":"article","og_title":"Newsletter - Aube Champagne","og_description":"* indicates required Email* * Votre pays \/ Your country Ville \/ City Langues \/ Language First Name Last Name Langue \/ Language Fran\u00e7ais English Deustch","og_url":"https:\/\/www.aube-champagne.com\/en\/home-3\/newsletter\/","og_site_name":"Aube Champagne","article_publisher":"https:\/\/www.facebook.com\/aube.champagne","article_modified_time":"2016-03-16T14:26:47+00:00","og_image":[{"width":887,"height":424,"url":"https:\/\/www.aube-champagne.com\/assets\/uploads\/2016\/06\/Logo_Aube_EN_CHAMPAGNE_BD.png","type":"image\/png"}],"twitter_card":"summary_large_image","twitter_site":"@AubeChampagne","schema":{"@context":"https:\/\/schema.org","@graph":[{"@type":"WebPage","@id":"https:\/\/www.aube-champagne.com\/en\/home-3\/newsletter\/","url":"https:\/\/www.aube-champagne.com\/en\/home-3\/newsletter\/","name":"Newsletter - Aube Champagne","isPartOf":{"@id":"https:\/\/www.aube-champagne.com\/fr\/#website"},"primaryImageOfPage":{"@id":"https:\/\/www.aube-champagne.com\/en\/home-3\/newsletter\/#primaryimage"},"image":{"@id":"https:\/\/www.aube-champagne.com\/en\/home-3\/newsletter\/#primaryimage"},"thumbnailUrl":"https:\/\/www.aube-champagne.com\/assets\/uploads\/2022\/09\/logo-home-v2.png","datePublished":"2016-03-16T11:27:54+00:00","dateModified":"2016-03-16T14:26:47+00:00","description":"* indicates required Email* * Votre pays \/ Your country Ville \/ City Langues \/ Language First Name Last Name Langue \/ Language Fran\u00e7ais English Deustch","breadcrumb":{"@id":"https:\/\/www.aube-champagne.com\/en\/home-3\/newsletter\/#breadcrumb"},"inLanguage":"en-US","potentialAction":[{"@type":"ReadAction","target":["https:\/\/www.aube-champagne.com\/en\/home-3\/newsletter\/"]}]},{"@type":"ImageObject","inLanguage":"en-US","@id":"https:\/\/www.aube-champagne.com\/en\/home-3\/newsletter\/#primaryimage","url":"https:\/\/www.aube-champagne.com\/assets\/uploads\/2022\/09\/logo-home-v2.png","contentUrl":"https:\/\/www.aube-champagne.com\/assets\/uploads\/2022\/09\/logo-home-v2.png","width":147,"height":150,"caption":"Logo Aube en Champagne"},{"@type":"BreadcrumbList","@id":"https:\/\/www.aube-champagne.com\/en\/home-3\/newsletter\/#breadcrumb","itemListElement":[{"@type":"ListItem","position":1,"name":"Accueil","item":"https:\/\/www.aube-champagne.com\/en\/"},{"@type":"ListItem","position":2,"name":"Home","item":"https:\/\/www.aube-champagne.com\/en\/"},{"@type":"ListItem","position":3,"name":"Newsletter"}]},{"@type":"WebSite","@id":"https:\/\/www.aube-champagne.com\/fr\/#website","url":"https:\/\/www.aube-champagne.com\/fr\/","name":"Aube Champagne","description":"Soyez Surpris !","potentialAction":[{"@type":"SearchAction","target":{"@type":"EntryPoint","urlTemplate":"https:\/\/www.aube-champagne.com\/fr\/?s={search_term_string}"},"query-input":{"@type":"PropertyValueSpecification","valueRequired":true,"valueName":"search_term_string"}}],"inLanguage":"en-US"}]}},"publishpress_future_action":{"enabled":false,"date":"2026-04-24 16:49:40","action":"change-status","newStatus":"draft","terms":[],"taxonomy":"translation_priority","extraData":[]},"publishpress_future_workflow_manual_trigger":{"enabledWorkflows":[]},"_links":{"self":[{"href":"https:\/\/www.aube-champagne.com\/en\/wp-json\/wp\/v2\/pages\/13676","targetHints":{"allow":["GET"]}}],"collection":[{"href":"https:\/\/www.aube-champagne.com\/en\/wp-json\/wp\/v2\/pages"}],"about":[{"href":"https:\/\/www.aube-champagne.com\/en\/wp-json\/wp\/v2\/types\/page"}],"author":[{"embeddable":true,"href":"https:\/\/www.aube-champagne.com\/en\/wp-json\/wp\/v2\/users\/2"}],"replies":[{"embeddable":true,"href":"https:\/\/www.aube-champagne.com\/en\/wp-json\/wp\/v2\/comments?post=13676"}],"version-history":[{"count":0,"href":"https:\/\/www.aube-champagne.com\/en\/wp-json\/wp\/v2\/pages\/13676\/revisions"}],"wp:featuredmedia":[{"embeddable":true,"href":"https:\/\/www.aube-champagne.com\/en\/wp-json\/wp\/v2\/media\/57546"}],"wp:attachment":[{"href":"https:\/\/www.aube-champagne.com\/en\/wp-json\/wp\/v2\/media?parent=13676"}],"curies":[{"name":"wp","href":"https:\/\/api.w.org\/{rel}","templated":true}]}}