{"id":10140,"date":"2015-07-06T12:44:37","date_gmt":"2015-07-06T12:44:37","guid":{"rendered":"http:\/\/www.aube-champagne.com\/?page_id=10140"},"modified":"2026-01-06T14:06:29","modified_gmt":"2026-01-06T13:06:29","slug":"newsletter","status":"publish","type":"page","link":"https:\/\/www.aube-champagne.com\/fr\/home-2-2-2-2\/newsletter\/","title":{"rendered":"Newsletter"},"content":{"rendered":"<div class=\"wpb-content-wrapper\">[vc_row][vc_column][vc_single_image image=\u00a0\u00bb90572&Prime; img_size=\u00a0\u00bblarge\u00a0\u00bb alignment=\u00a0\u00bbcenter\u00a0\u00bb][\/vc_column][\/vc_row][vc_row][vc_column][vc_column_text]\n<p style=\"text-align: center;\"><strong>VOTRE BO\u00ceTE E-MAIL VA DEVENIR VOTRE ENDROIT PR\u00c9F\u00c9R\u00c9<\/strong> <span class=\"c-emoji c-emoji__medium c-emoji--inline\" data-qa=\"emoji\" data-sk=\"tooltip_parent\"><img decoding=\"async\" src=\"https:\/\/a.slack-edge.com\/production-standard-emoji-assets\/14.0\/apple-medium\/1f4e9@2x.png\" alt=\":enveloppe_avec_fl\u00e8che:\" aria-label=\"\u00c9moji enveloppe avec fl\u00e8che\" data-stringify-type=\"emoji\" data-stringify-emoji=\":envelope_with_arrow:\" \/><\/span><span class=\"c-emoji c-emoji__medium c-emoji--inline\" data-qa=\"emoji\" data-sk=\"tooltip_parent\"><img decoding=\"async\" src=\"https:\/\/a.slack-edge.com\/production-standard-emoji-assets\/14.0\/apple-medium\/2600-fe0f@2x.png\" alt=\":ensoleill\u00e9:\" aria-label=\"\u00c9moji ensoleill\u00e9\" data-stringify-type=\"emoji\" data-stringify-emoji=\":sunny:\" \/><\/span><\/p>\n[\/vc_column_text][vc_column_text]\n<p style=\"text-align: center;\">Rejoignez la communaut\u00e9 d&rsquo;Aube en Champagne ! Vous allez voir, on s&rsquo;amuse bien (et promis, on reste mesur\u00e9s : maximum une newsletter par mois. Du contenu qualitatif et informatif, c&rsquo;est comme \u00e7a qu&rsquo;on voit les choses.<\/p>\n[\/vc_column_text][vc_raw_html]JTNDaWZyYW1lJTIwd2lkdGglM0QlMjI3NDAlMjIlMjBoZWlnaHQlM0QlMjI1MDUlMjIlMjBzcmMlM0QlMjJodHRwcyUzQSUyRiUyRmQyYTIzYzVmLnNpYmZvcm1zLmNvbSUyRnNlcnZlJTJGTVVJRUFJSWtoYlNfSUlUN2E4VDdNeHQzal9rUGRmY1AxbVR6RGNzOHltZ0RwTzk5d2RPc2hGc3lQY250SEY4VG5EaE1tYzZ4OWl5cFo0X01TRnRuaGJQRXpfWGVCdHhudEhrQXpzZ3d3OEE3TkN0ZGVwQ1ZwNmRKLXFnNmhSOXJ0M0xjWnJWTDlCN2o3bjQ5Tm9LcUdScXY0aTZlXzg0YkxvQ1VlY1hLRVZpRG1uVzIxY1NhbkF3NWY3WlpmSVZnZmd5Wnc2OU5LU25aSWZOTyUyMiUyMGZyYW1lYm9yZGVyJTNEJTIyMCUyMiUyMHNjcm9sbGluZyUzRCUyMmF1dG8lMjIlMjBhbGxvd2Z1bGxzY3JlZW4lMjBzdHlsZSUzRCUyMmRpc3BsYXklM0ElMjBibG9jayUzQm1hcmdpbi1sZWZ0JTNBJTIwYXV0byUzQm1hcmdpbi1yaWdodCUzQSUyMGF1dG8lM0JtYXgtd2lkdGglM0ElMjAxMDAlMjUlM0IlMjIlM0UlM0MlMkZpZnJhbWUlM0U=[\/vc_raw_html][\/vc_column][\/vc_row]\n<\/div>","protected":false},"excerpt":{"rendered":"<p>[vc_row][vc_column][vc_single_image image=\u00a0\u00bb90572&Prime; img_size=\u00a0\u00bblarge\u00a0\u00bb alignment=\u00a0\u00bbcenter\u00a0\u00bb][\/vc_column][\/vc_row][vc_row][vc_column][vc_column_text] VOTRE BO\u00ceTE E-MAIL VA DEVENIR VOTRE ENDROIT PR\u00c9F\u00c9R\u00c9 [\/vc_column_text][vc_column_text] Rejoignez la communaut\u00e9 d&rsquo;Aube en Champagne ! Vous allez voir, on s&rsquo;amuse bien (et promis, on reste mesur\u00e9s : maximum une newsletter par mois. Du contenu qualitatif et informatif, c&rsquo;est comme \u00e7a&hellip;  <a href=\"https:\/\/www.aube-champagne.com\/fr\/home-2-2-2-2\/newsletter\/\" title=\"Read Newsletter\">En savoir plus&raquo;<\/a><\/p>\n","protected":false},"author":2,"featured_media":57544,"parent":4,"menu_order":0,"comment_status":"closed","ping_status":"closed","template":"","meta":{"footnotes":""},"class_list":["post-10140","page","type-page","status-publish","has-post-thumbnail","hentry"],"yoast_head":"<!-- This site is optimized with the Yoast SEO plugin v27.4 - https:\/\/yoast.com\/product\/yoast-seo-wordpress\/ -->\n<title>Inscription \u00e0 la newsletter de l&#039;Aube en Champagne - Gardez le contact avec l\u2019actualit\u00e9 touristique<\/title>\n<meta name=\"description\" content=\"Inscrivez vous \u00e0 la newsletter de l&#039;Aube en Champagne et informez vous des bons plans, actualit\u00e9s et des exp\u00e9riences touristiques \u00e0 vivre dans l&#039;Aube\" \/>\n<meta name=\"robots\" content=\"index, follow, max-snippet:-1, max-image-preview:large, max-video-preview:-1\" \/>\n<link rel=\"canonical\" href=\"https:\/\/www.aube-champagne.com\/fr\/home-2-2-2-2\/newsletter\/\" \/>\n<meta property=\"og:locale\" content=\"fr_FR\" \/>\n<meta property=\"og:type\" content=\"article\" \/>\n<meta property=\"og:title\" content=\"Inscription \u00e0 la newsletter de l&#039;Aube en Champagne - Gardez le contact avec l\u2019actualit\u00e9 touristique\" \/>\n<meta property=\"og:description\" content=\"Inscrivez vous \u00e0 la newsletter de l&#039;Aube en Champagne et informez vous des bons plans, actualit\u00e9s et des exp\u00e9riences touristiques \u00e0 vivre dans l&#039;Aube\" \/>\n<meta property=\"og:url\" content=\"https:\/\/www.aube-champagne.com\/fr\/home-2-2-2-2\/newsletter\/\" \/>\n<meta property=\"og:site_name\" content=\"Aube Champagne\" \/>\n<meta property=\"article:publisher\" content=\"https:\/\/www.facebook.com\/aube.champagne\" \/>\n<meta property=\"article:modified_time\" content=\"2026-01-06T13:06:29+00:00\" \/>\n<meta property=\"og:image\" content=\"https:\/\/www.aube-champagne.com\/assets\/uploads\/2022\/09\/logo-home-v2.png\" \/>\n\t<meta property=\"og:image:width\" content=\"147\" \/>\n\t<meta property=\"og:image:height\" content=\"150\" \/>\n\t<meta property=\"og:image:type\" content=\"image\/png\" \/>\n<meta name=\"twitter:card\" content=\"summary_large_image\" \/>\n<meta name=\"twitter:site\" content=\"@AubeChampagne\" \/>\n<meta name=\"twitter:label1\" content=\"Dur\u00e9e de lecture estim\u00e9e\" \/>\n\t<meta name=\"twitter:data1\" content=\"2 minutes\" \/>\n<script type=\"application\/ld+json\" class=\"yoast-schema-graph\">{\"@context\":\"https:\\\/\\\/schema.org\",\"@graph\":[{\"@type\":\"WebPage\",\"@id\":\"https:\\\/\\\/www.aube-champagne.com\\\/fr\\\/home-2-2-2-2\\\/newsletter\\\/\",\"url\":\"https:\\\/\\\/www.aube-champagne.com\\\/fr\\\/home-2-2-2-2\\\/newsletter\\\/\",\"name\":\"Inscription \u00e0 la newsletter de l'Aube en Champagne - Gardez le contact avec l\u2019actualit\u00e9 touristique\",\"isPartOf\":{\"@id\":\"https:\\\/\\\/www.aube-champagne.com\\\/fr\\\/#website\"},\"primaryImageOfPage\":{\"@id\":\"https:\\\/\\\/www.aube-champagne.com\\\/fr\\\/home-2-2-2-2\\\/newsletter\\\/#primaryimage\"},\"image\":{\"@id\":\"https:\\\/\\\/www.aube-champagne.com\\\/fr\\\/home-2-2-2-2\\\/newsletter\\\/#primaryimage\"},\"thumbnailUrl\":\"https:\\\/\\\/www.aube-champagne.com\\\/assets\\\/uploads\\\/2022\\\/09\\\/logo-home-v2.png\",\"datePublished\":\"2015-07-06T12:44:37+00:00\",\"dateModified\":\"2026-01-06T13:06:29+00:00\",\"description\":\"Inscrivez vous \u00e0 la newsletter de l'Aube en Champagne et informez vous des bons plans, actualit\u00e9s et des exp\u00e9riences touristiques \u00e0 vivre dans l'Aube\",\"breadcrumb\":{\"@id\":\"https:\\\/\\\/www.aube-champagne.com\\\/fr\\\/home-2-2-2-2\\\/newsletter\\\/#breadcrumb\"},\"inLanguage\":\"fr-FR\",\"potentialAction\":[{\"@type\":\"ReadAction\",\"target\":[\"https:\\\/\\\/www.aube-champagne.com\\\/fr\\\/home-2-2-2-2\\\/newsletter\\\/\"]}]},{\"@type\":\"ImageObject\",\"inLanguage\":\"fr-FR\",\"@id\":\"https:\\\/\\\/www.aube-champagne.com\\\/fr\\\/home-2-2-2-2\\\/newsletter\\\/#primaryimage\",\"url\":\"https:\\\/\\\/www.aube-champagne.com\\\/assets\\\/uploads\\\/2022\\\/09\\\/logo-home-v2.png\",\"contentUrl\":\"https:\\\/\\\/www.aube-champagne.com\\\/assets\\\/uploads\\\/2022\\\/09\\\/logo-home-v2.png\",\"width\":147,\"height\":150,\"caption\":\"Logo Aube en Champagne\"},{\"@type\":\"BreadcrumbList\",\"@id\":\"https:\\\/\\\/www.aube-champagne.com\\\/fr\\\/home-2-2-2-2\\\/newsletter\\\/#breadcrumb\",\"itemListElement\":[{\"@type\":\"ListItem\",\"position\":1,\"name\":\"Accueil\",\"item\":\"https:\\\/\\\/www.aube-champagne.com\\\/fr\\\/\"},{\"@type\":\"ListItem\",\"position\":2,\"name\":\"Home\",\"item\":\"https:\\\/\\\/www.aube-champagne.com\\\/fr\\\/\"},{\"@type\":\"ListItem\",\"position\":3,\"name\":\"Newsletter\"}]},{\"@type\":\"WebSite\",\"@id\":\"https:\\\/\\\/www.aube-champagne.com\\\/fr\\\/#website\",\"url\":\"https:\\\/\\\/www.aube-champagne.com\\\/fr\\\/\",\"name\":\"Aube Champagne\",\"description\":\"Aube Champagne\",\"potentialAction\":[{\"@type\":\"SearchAction\",\"target\":{\"@type\":\"EntryPoint\",\"urlTemplate\":\"https:\\\/\\\/www.aube-champagne.com\\\/fr\\\/?s={search_term_string}\"},\"query-input\":{\"@type\":\"PropertyValueSpecification\",\"valueRequired\":true,\"valueName\":\"search_term_string\"}}],\"inLanguage\":\"fr-FR\"}]}<\/script>\n<!-- \/ Yoast SEO plugin. -->","yoast_head_json":{"title":"Inscription \u00e0 la newsletter de l'Aube en Champagne - Gardez le contact avec l\u2019actualit\u00e9 touristique","description":"Inscrivez vous \u00e0 la newsletter de l'Aube en Champagne et informez vous des bons plans, actualit\u00e9s et des exp\u00e9riences touristiques \u00e0 vivre dans l'Aube","robots":{"index":"index","follow":"follow","max-snippet":"max-snippet:-1","max-image-preview":"max-image-preview:large","max-video-preview":"max-video-preview:-1"},"canonical":"https:\/\/www.aube-champagne.com\/fr\/home-2-2-2-2\/newsletter\/","og_locale":"fr_FR","og_type":"article","og_title":"Inscription \u00e0 la newsletter de l'Aube en Champagne - Gardez le contact avec l\u2019actualit\u00e9 touristique","og_description":"Inscrivez vous \u00e0 la newsletter de l'Aube en Champagne et informez vous des bons plans, actualit\u00e9s et des exp\u00e9riences touristiques \u00e0 vivre dans l'Aube","og_url":"https:\/\/www.aube-champagne.com\/fr\/home-2-2-2-2\/newsletter\/","og_site_name":"Aube Champagne","article_publisher":"https:\/\/www.facebook.com\/aube.champagne","article_modified_time":"2026-01-06T13:06:29+00:00","og_image":[{"width":147,"height":150,"url":"https:\/\/www.aube-champagne.com\/assets\/uploads\/2022\/09\/logo-home-v2.png","type":"image\/png"}],"twitter_card":"summary_large_image","twitter_site":"@AubeChampagne","twitter_misc":{"Dur\u00e9e de lecture estim\u00e9e":"2 minutes"},"schema":{"@context":"https:\/\/schema.org","@graph":[{"@type":"WebPage","@id":"https:\/\/www.aube-champagne.com\/fr\/home-2-2-2-2\/newsletter\/","url":"https:\/\/www.aube-champagne.com\/fr\/home-2-2-2-2\/newsletter\/","name":"Inscription \u00e0 la newsletter de l'Aube en Champagne - Gardez le contact avec l\u2019actualit\u00e9 touristique","isPartOf":{"@id":"https:\/\/www.aube-champagne.com\/fr\/#website"},"primaryImageOfPage":{"@id":"https:\/\/www.aube-champagne.com\/fr\/home-2-2-2-2\/newsletter\/#primaryimage"},"image":{"@id":"https:\/\/www.aube-champagne.com\/fr\/home-2-2-2-2\/newsletter\/#primaryimage"},"thumbnailUrl":"https:\/\/www.aube-champagne.com\/assets\/uploads\/2022\/09\/logo-home-v2.png","datePublished":"2015-07-06T12:44:37+00:00","dateModified":"2026-01-06T13:06:29+00:00","description":"Inscrivez vous \u00e0 la newsletter de l'Aube en Champagne et informez vous des bons plans, actualit\u00e9s et des exp\u00e9riences touristiques \u00e0 vivre dans l'Aube","breadcrumb":{"@id":"https:\/\/www.aube-champagne.com\/fr\/home-2-2-2-2\/newsletter\/#breadcrumb"},"inLanguage":"fr-FR","potentialAction":[{"@type":"ReadAction","target":["https:\/\/www.aube-champagne.com\/fr\/home-2-2-2-2\/newsletter\/"]}]},{"@type":"ImageObject","inLanguage":"fr-FR","@id":"https:\/\/www.aube-champagne.com\/fr\/home-2-2-2-2\/newsletter\/#primaryimage","url":"https:\/\/www.aube-champagne.com\/assets\/uploads\/2022\/09\/logo-home-v2.png","contentUrl":"https:\/\/www.aube-champagne.com\/assets\/uploads\/2022\/09\/logo-home-v2.png","width":147,"height":150,"caption":"Logo Aube en Champagne"},{"@type":"BreadcrumbList","@id":"https:\/\/www.aube-champagne.com\/fr\/home-2-2-2-2\/newsletter\/#breadcrumb","itemListElement":[{"@type":"ListItem","position":1,"name":"Accueil","item":"https:\/\/www.aube-champagne.com\/fr\/"},{"@type":"ListItem","position":2,"name":"Home","item":"https:\/\/www.aube-champagne.com\/fr\/"},{"@type":"ListItem","position":3,"name":"Newsletter"}]},{"@type":"WebSite","@id":"https:\/\/www.aube-champagne.com\/fr\/#website","url":"https:\/\/www.aube-champagne.com\/fr\/","name":"Aube Champagne","description":"Aube Champagne","potentialAction":[{"@type":"SearchAction","target":{"@type":"EntryPoint","urlTemplate":"https:\/\/www.aube-champagne.com\/fr\/?s={search_term_string}"},"query-input":{"@type":"PropertyValueSpecification","valueRequired":true,"valueName":"search_term_string"}}],"inLanguage":"fr-FR"}]}},"publishpress_future_action":{"enabled":false,"date":"2026-04-28 04:31:57","action":"change-status","newStatus":"draft","terms":[],"taxonomy":"translation_priority","extraData":[]},"publishpress_future_workflow_manual_trigger":{"enabledWorkflows":[]},"_links":{"self":[{"href":"https:\/\/www.aube-champagne.com\/fr\/wp-json\/wp\/v2\/pages\/10140","targetHints":{"allow":["GET"]}}],"collection":[{"href":"https:\/\/www.aube-champagne.com\/fr\/wp-json\/wp\/v2\/pages"}],"about":[{"href":"https:\/\/www.aube-champagne.com\/fr\/wp-json\/wp\/v2\/types\/page"}],"author":[{"embeddable":true,"href":"https:\/\/www.aube-champagne.com\/fr\/wp-json\/wp\/v2\/users\/2"}],"replies":[{"embeddable":true,"href":"https:\/\/www.aube-champagne.com\/fr\/wp-json\/wp\/v2\/comments?post=10140"}],"version-history":[{"count":6,"href":"https:\/\/www.aube-champagne.com\/fr\/wp-json\/wp\/v2\/pages\/10140\/revisions"}],"predecessor-version":[{"id":90575,"href":"https:\/\/www.aube-champagne.com\/fr\/wp-json\/wp\/v2\/pages\/10140\/revisions\/90575"}],"up":[{"embeddable":true,"href":"https:\/\/www.aube-champagne.com\/fr\/wp-json\/wp\/v2\/pages\/4"}],"wp:featuredmedia":[{"embeddable":true,"href":"https:\/\/www.aube-champagne.com\/fr\/wp-json\/wp\/v2\/media\/57544"}],"wp:attachment":[{"href":"https:\/\/www.aube-champagne.com\/fr\/wp-json\/wp\/v2\/media?parent=10140"}],"curies":[{"name":"wp","href":"https:\/\/api.w.org\/{rel}","templated":true}]}}