{"id":10650,"date":"2015-09-17T14:46:47","date_gmt":"2015-09-17T14:46:47","guid":{"rendered":"http:\/\/www.aube-champagne.com\/?page_id=10650"},"modified":"2021-06-29T10:58:03","modified_gmt":"2021-06-29T09:58:03","slug":"meteo","status":"publish","type":"page","link":"https:\/\/www.aube-champagne.com\/fr\/meteo\/","title":{"rendered":"M\u00e9t\u00e9o"},"content":{"rendered":"<div class=\"wpb-content-wrapper\">[vc_row][vc_column][vc_column_text]\n<h2 style=\"text-align: center;\">La m\u00e9t\u00e9o dans l&rsquo;Aube<\/h2>\n<p style=\"text-align: justify;\"><span class=\"st\">Retrouvez les pr\u00e9visions de m\u00e9t\u00e9o \u00e0 7 jours de L&rsquo;Aube, Troyes et sa r\u00e9gion afin de mieux pr\u00e9parer votre s\u00e9jour, vacances ou votre week-end. Vous pourrez estimer ainsi, vitesse du vent, pluviom\u00e9trie, ensoleillement et l&rsquo;humidit\u00e9, mais attention ce ne sont que des pr\u00e9visions, venez v\u00e9rifier par vous m\u00eame, vous serez peut-\u00eatre surpris.<br \/>\n<\/span><\/p>\n<p>&nbsp;<\/p>\n<div id=\"cont_0806e1b97a34d8e535a73afc459efea3\"><span id=\"h_e601271213402eb53f9bd1529c5d9f21\"><a class=\"LinkWid\" style=\"font-family: Roboto; font-size: 13px; color: transparent;\" target=\"_blank\" rel=\"noopener noreferrer\">Pr\u00e9visions m\u00e9t\u00e9o dans l&rsquo;Aube<\/a><\/span><script type=\"text\/javascript\" async src=\"https:\/\/www.tameteo.com\/wid_loader\/0806e1b97a34d8e535a73afc459efea3\"><\/script><\/div>\n[\/vc_column_text][\/vc_column][\/vc_row][vc_row][vc_column][vc_column_text]\n<h2 style=\"text-align: center;\">La m\u00e9t\u00e9o \u00e0 Mesnil Saint-P\u00e8re<\/h2>\n<p>&nbsp;<\/p>\n<div id=\"cont_14d3e5d17d29c302e448ab170f452c86\"><span id=\"h_e601271213402eb53f9bd1529c5d9f21\"><a class=\"LinkWid\" style=\"font-family: Roboto; font-size: 13px; color: transparent;\" target=\"_blank\" rel=\"noopener noreferrer\">Pr\u00e9visions m\u00e9t\u00e9o Lac<\/a><\/span><script type=\"text\/javascript\" async src=\"https:\/\/www.tameteo.com\/wid_loader\/14d3e5d17d29c302e448ab170f452c86\"><\/script><\/div>\n[\/vc_column_text][\/vc_column][\/vc_row][vc_row][vc_column][\/vc_column][\/vc_row]\n<\/div>","protected":false},"excerpt":{"rendered":"<p>[vc_row][vc_column][vc_column_text] La m\u00e9t\u00e9o dans l&rsquo;Aube Retrouvez les pr\u00e9visions de m\u00e9t\u00e9o \u00e0 7 jours de L&rsquo;Aube, Troyes et sa r\u00e9gion afin de mieux pr\u00e9parer votre s\u00e9jour, vacances ou votre week-end. Vous pourrez estimer ainsi, vitesse du vent, pluviom\u00e9trie, ensoleillement et l&rsquo;humidit\u00e9, mais attention ce ne sont&hellip;  <a href=\"https:\/\/www.aube-champagne.com\/fr\/meteo\/\" title=\"Read M\u00e9t\u00e9o\">En savoir plus&raquo;<\/a><\/p>\n","protected":false},"author":2,"featured_media":0,"parent":0,"menu_order":0,"comment_status":"closed","ping_status":"closed","template":"","meta":{"footnotes":""},"class_list":["post-10650","page","type-page","status-publish","hentry"],"yoast_head":"<!-- This site is optimized with the Yoast SEO plugin v27.4 - https:\/\/yoast.com\/product\/yoast-seo-wordpress\/ -->\n<title>La m\u00e9t\u00e9o de l&#039;Aube, Troyes et sa r\u00e9gion<\/title>\n<meta name=\"description\" content=\"Pr\u00e9parer votre s\u00e9jour et consulter les pr\u00e9visions de la m\u00e9t\u00e9o \u00e0 7 jours dans l&#039;Aube en Champagne (vent, pluie, ensoleillement, humidit\u00e9).\" \/>\n<meta name=\"robots\" content=\"index, follow, max-snippet:-1, max-image-preview:large, max-video-preview:-1\" \/>\n<link rel=\"canonical\" href=\"https:\/\/www.aube-champagne.com\/fr\/meteo\/\" \/>\n<meta property=\"og:locale\" content=\"fr_FR\" \/>\n<meta property=\"og:type\" content=\"article\" \/>\n<meta property=\"og:title\" content=\"La m\u00e9t\u00e9o de l&#039;Aube, Troyes et sa r\u00e9gion\" \/>\n<meta property=\"og:description\" content=\"Pr\u00e9parer votre s\u00e9jour et consulter les pr\u00e9visions de la m\u00e9t\u00e9o \u00e0 7 jours dans l&#039;Aube en Champagne (vent, pluie, ensoleillement, humidit\u00e9).\" \/>\n<meta property=\"og:url\" content=\"https:\/\/www.aube-champagne.com\/fr\/meteo\/\" \/>\n<meta property=\"og:site_name\" content=\"Aube Champagne\" \/>\n<meta property=\"article:publisher\" content=\"https:\/\/www.facebook.com\/aube.champagne\" \/>\n<meta property=\"article:modified_time\" content=\"2021-06-29T09:58:03+00:00\" \/>\n<meta property=\"og:image\" content=\"https:\/\/www.aube-champagne.com\/assets\/uploads\/2015\/03\/Aube-Champagne-Logo.jpg\" \/>\n\t<meta property=\"og:image:width\" content=\"440\" \/>\n\t<meta property=\"og:image:height\" content=\"155\" \/>\n\t<meta property=\"og:image:type\" content=\"image\/jpeg\" \/>\n<meta name=\"twitter:card\" content=\"summary_large_image\" \/>\n<meta name=\"twitter:site\" content=\"@AubeChampagne\" \/>\n<meta name=\"twitter:label1\" content=\"Dur\u00e9e de lecture estim\u00e9e\" \/>\n\t<meta name=\"twitter:data1\" content=\"1 minute\" \/>\n<script type=\"application\/ld+json\" class=\"yoast-schema-graph\">{\"@context\":\"https:\\\/\\\/schema.org\",\"@graph\":[{\"@type\":\"WebPage\",\"@id\":\"https:\\\/\\\/www.aube-champagne.com\\\/fr\\\/meteo\\\/\",\"url\":\"https:\\\/\\\/www.aube-champagne.com\\\/fr\\\/meteo\\\/\",\"name\":\"La m\u00e9t\u00e9o de l'Aube, Troyes et sa r\u00e9gion\",\"isPartOf\":{\"@id\":\"https:\\\/\\\/www.aube-champagne.com\\\/fr\\\/#website\"},\"datePublished\":\"2015-09-17T14:46:47+00:00\",\"dateModified\":\"2021-06-29T09:58:03+00:00\",\"description\":\"Pr\u00e9parer votre s\u00e9jour et consulter les pr\u00e9visions de la m\u00e9t\u00e9o \u00e0 7 jours dans l'Aube en Champagne (vent, pluie, ensoleillement, humidit\u00e9).\",\"breadcrumb\":{\"@id\":\"https:\\\/\\\/www.aube-champagne.com\\\/fr\\\/meteo\\\/#breadcrumb\"},\"inLanguage\":\"fr-FR\",\"potentialAction\":[{\"@type\":\"ReadAction\",\"target\":[\"https:\\\/\\\/www.aube-champagne.com\\\/fr\\\/meteo\\\/\"]}]},{\"@type\":\"BreadcrumbList\",\"@id\":\"https:\\\/\\\/www.aube-champagne.com\\\/fr\\\/meteo\\\/#breadcrumb\",\"itemListElement\":[{\"@type\":\"ListItem\",\"position\":1,\"name\":\"Accueil\",\"item\":\"https:\\\/\\\/www.aube-champagne.com\\\/fr\\\/\"},{\"@type\":\"ListItem\",\"position\":2,\"name\":\"M\u00e9t\u00e9o\"}]},{\"@type\":\"WebSite\",\"@id\":\"https:\\\/\\\/www.aube-champagne.com\\\/fr\\\/#website\",\"url\":\"https:\\\/\\\/www.aube-champagne.com\\\/fr\\\/\",\"name\":\"Aube Champagne\",\"description\":\"Aube Champagne\",\"potentialAction\":[{\"@type\":\"SearchAction\",\"target\":{\"@type\":\"EntryPoint\",\"urlTemplate\":\"https:\\\/\\\/www.aube-champagne.com\\\/fr\\\/?s={search_term_string}\"},\"query-input\":{\"@type\":\"PropertyValueSpecification\",\"valueRequired\":true,\"valueName\":\"search_term_string\"}}],\"inLanguage\":\"fr-FR\"}]}<\/script>\n<!-- \/ Yoast SEO plugin. -->","yoast_head_json":{"title":"La m\u00e9t\u00e9o de l'Aube, Troyes et sa r\u00e9gion","description":"Pr\u00e9parer votre s\u00e9jour et consulter les pr\u00e9visions de la m\u00e9t\u00e9o \u00e0 7 jours dans l'Aube en Champagne (vent, pluie, ensoleillement, humidit\u00e9).","robots":{"index":"index","follow":"follow","max-snippet":"max-snippet:-1","max-image-preview":"max-image-preview:large","max-video-preview":"max-video-preview:-1"},"canonical":"https:\/\/www.aube-champagne.com\/fr\/meteo\/","og_locale":"fr_FR","og_type":"article","og_title":"La m\u00e9t\u00e9o de l'Aube, Troyes et sa r\u00e9gion","og_description":"Pr\u00e9parer votre s\u00e9jour et consulter les pr\u00e9visions de la m\u00e9t\u00e9o \u00e0 7 jours dans l'Aube en Champagne (vent, pluie, ensoleillement, humidit\u00e9).","og_url":"https:\/\/www.aube-champagne.com\/fr\/meteo\/","og_site_name":"Aube Champagne","article_publisher":"https:\/\/www.facebook.com\/aube.champagne","article_modified_time":"2021-06-29T09:58:03+00:00","og_image":[{"width":440,"height":155,"url":"https:\/\/www.aube-champagne.com\/assets\/uploads\/2015\/03\/Aube-Champagne-Logo.jpg","type":"image\/jpeg"}],"twitter_card":"summary_large_image","twitter_site":"@AubeChampagne","twitter_misc":{"Dur\u00e9e de lecture estim\u00e9e":"1 minute"},"schema":{"@context":"https:\/\/schema.org","@graph":[{"@type":"WebPage","@id":"https:\/\/www.aube-champagne.com\/fr\/meteo\/","url":"https:\/\/www.aube-champagne.com\/fr\/meteo\/","name":"La m\u00e9t\u00e9o de l'Aube, Troyes et sa r\u00e9gion","isPartOf":{"@id":"https:\/\/www.aube-champagne.com\/fr\/#website"},"datePublished":"2015-09-17T14:46:47+00:00","dateModified":"2021-06-29T09:58:03+00:00","description":"Pr\u00e9parer votre s\u00e9jour et consulter les pr\u00e9visions de la m\u00e9t\u00e9o \u00e0 7 jours dans l'Aube en Champagne (vent, pluie, ensoleillement, humidit\u00e9).","breadcrumb":{"@id":"https:\/\/www.aube-champagne.com\/fr\/meteo\/#breadcrumb"},"inLanguage":"fr-FR","potentialAction":[{"@type":"ReadAction","target":["https:\/\/www.aube-champagne.com\/fr\/meteo\/"]}]},{"@type":"BreadcrumbList","@id":"https:\/\/www.aube-champagne.com\/fr\/meteo\/#breadcrumb","itemListElement":[{"@type":"ListItem","position":1,"name":"Accueil","item":"https:\/\/www.aube-champagne.com\/fr\/"},{"@type":"ListItem","position":2,"name":"M\u00e9t\u00e9o"}]},{"@type":"WebSite","@id":"https:\/\/www.aube-champagne.com\/fr\/#website","url":"https:\/\/www.aube-champagne.com\/fr\/","name":"Aube Champagne","description":"Aube Champagne","potentialAction":[{"@type":"SearchAction","target":{"@type":"EntryPoint","urlTemplate":"https:\/\/www.aube-champagne.com\/fr\/?s={search_term_string}"},"query-input":{"@type":"PropertyValueSpecification","valueRequired":true,"valueName":"search_term_string"}}],"inLanguage":"fr-FR"}]}},"publishpress_future_action":{"enabled":false,"date":"2026-05-02 17:23:51","action":"change-status","newStatus":"draft","terms":[],"taxonomy":"translation_priority","extraData":[]},"publishpress_future_workflow_manual_trigger":{"enabledWorkflows":[]},"_links":{"self":[{"href":"https:\/\/www.aube-champagne.com\/fr\/wp-json\/wp\/v2\/pages\/10650","targetHints":{"allow":["GET"]}}],"collection":[{"href":"https:\/\/www.aube-champagne.com\/fr\/wp-json\/wp\/v2\/pages"}],"about":[{"href":"https:\/\/www.aube-champagne.com\/fr\/wp-json\/wp\/v2\/types\/page"}],"author":[{"embeddable":true,"href":"https:\/\/www.aube-champagne.com\/fr\/wp-json\/wp\/v2\/users\/2"}],"replies":[{"embeddable":true,"href":"https:\/\/www.aube-champagne.com\/fr\/wp-json\/wp\/v2\/comments?post=10650"}],"version-history":[{"count":5,"href":"https:\/\/www.aube-champagne.com\/fr\/wp-json\/wp\/v2\/pages\/10650\/revisions"}],"predecessor-version":[{"id":43845,"href":"https:\/\/www.aube-champagne.com\/fr\/wp-json\/wp\/v2\/pages\/10650\/revisions\/43845"}],"wp:attachment":[{"href":"https:\/\/www.aube-champagne.com\/fr\/wp-json\/wp\/v2\/media?parent=10650"}],"curies":[{"name":"wp","href":"https:\/\/api.w.org\/{rel}","templated":true}]}}