{"id":12270,"date":"2016-02-23T16:37:23","date_gmt":"2016-02-23T15:37:23","guid":{"rendered":"http:\/\/www.aube-champagne.com\/?page_id=12270"},"modified":"2016-04-28T11:19:55","modified_gmt":"2016-04-28T10:19:55","slug":"aube-oui-mais-en-champagne","status":"publish","type":"page","link":"https:\/\/www.aube-champagne.com\/fr\/aube-oui-mais-en-champagne\/","title":{"rendered":"L&rsquo;Aube, Oui mais en Champagne !"},"content":{"rendered":"<div class=\"wpb-content-wrapper\">[vc_row][vc_column][vc_column_text]\n<h5><strong>Encore une fois, l\u2019Aube va vous surprendre !<\/strong><\/h5>\n<h5 style=\"text-align: justify;\">Avec la complicit\u00e9 de\u00a0<strong>Rapha\u00ebl Mezrahi<\/strong>, le plus d\u00e9cal\u00e9\u00a0des ambassadeurs du d\u00e9partement, l\u2019Aube s\u2019affirme\u00a0avec humour au c\u0153ur de la\u00a0Champagne.<\/h5>\n<h5 style=\"text-align: justify;\">A travers, cette s\u00e9rie de vid\u00e9os d\u00e9jant\u00e9es, l\u2019humoriste met l\u2019Aube \u00e0 l\u2019honneur, Oui mais en Champagne\u00a0! Et il est bien accompagn\u00e9\u2026.<\/h5>\n[\/vc_column_text][\/vc_column][\/vc_row][vc_row][vc_column][vc_column_text]\n<h2 style=\"text-align: center;\"><span style=\"color: #cfb038;\"><strong>D\u00e9couvrez l&rsquo;Aube, Oui mais en Champagne !<br \/>\navec Rapha\u00ebl Mezrahi et&#8230;<br \/>\n<\/strong><\/span><\/h2>\n[\/vc_column_text][\/vc_column][\/vc_row][vc_row][vc_column width=\u00a0\u00bb1\/2&Prime;][vc_column_text]\n<h4 style=\"text-align: center;\"><em><a href=\"https:\/\/www.aube-champagne.com\/fr\/laube-oui-mais-en-champagne-tsamere\/\">Arnaud Tsam\u00e8re<\/a><\/em><\/h4>\n[\/vc_column_text][vc_single_image image=\u00a0\u00bb9865&Prime; img_size=\u00a0\u00bblarge\u00a0\u00bb style=\u00a0\u00bbvc_box_shadow\u00a0\u00bb onclick=\u00a0\u00bbcustom_link\u00a0\u00bb link=\u00a0\u00bbhttp:\/\/www.aube-champagne.com\/?p=12333&Prime;][vc_column_text]\n<p style=\"text-align: center;\"><em>\u00ab\u00a0Et ce weekend, tu fais quoi\u00a0?\u00a0Ben l\u00e0 je vais \u00e0 Troyes en Champagne\u00a0\u00bb<\/em><\/p>\n[\/vc_column_text][\/vc_column][vc_column width=\u00a0\u00bb1\/2&Prime;][vc_column_text]\n<h4 style=\"text-align: center;\"><em><a href=\"https:\/\/www.aube-champagne.com\/fr\/laube-oui-mais-en-champagne-bigard\/\">Jean-Marie Bigard<\/a><br \/>\n<\/em><\/h4>\n[\/vc_column_text][vc_single_image image=\u00a0\u00bb11330&Prime; img_size=\u00a0\u00bb564&#215;250&Prime; style=\u00a0\u00bbvc_box_shadow\u00a0\u00bb onclick=\u00a0\u00bbcustom_link\u00a0\u00bb link=\u00a0\u00bbhttp:\/\/www.aube-champagne.com\/?p=12366&Prime;][vc_column_text]\n<p style=\"text-align: center;\"><em>\u00ab\u00a0L\u2019Aube c\u2019est en Champagne tu peux pas lutter\u00a0!\u00a0[\u2026] Y\u2019a des vignes \u00e0 champagne dans l\u2019Aube. \u00bb<\/em><\/p>\n[\/vc_column_text][\/vc_column][\/vc_row][vc_row][vc_column][vc_column_text]\n[\/vc_column_text][\/vc_column][\/vc_row][vc_row][vc_column width=\u00a0\u00bb1\/2&Prime;][vc_column_text]\n<h4 style=\"text-align: center;\"><em><a href=\"https:\/\/www.aube-champagne.com\/fr\/laube-oui-mais-en-champagne-mariotte\/\">Laurent Mariotte<\/a><\/em><\/h4>\n[\/vc_column_text][vc_single_image image=\u00a0\u00bb12282&Prime; img_size=\u00a0\u00bb564&#215;250&Prime; style=\u00a0\u00bbvc_box_shadow\u00a0\u00bb onclick=\u00a0\u00bbcustom_link\u00a0\u00bb link=\u00a0\u00bbhttp:\/\/www.aube-champagne.com\/?p=12388&Prime;][vc_column_text]\n<p style=\"text-align: center;\"><em>\u00ab\u00a0Le Chaource, [\u2026] le Ros\u00e9 des Riceys, c\u2019est la Rolls [..] et l\u2019andouillette de Troyes alors\u00a0?\u00a0\u00bb<\/em><\/p>\n[\/vc_column_text][\/vc_column][vc_column width=\u00a0\u00bb1\/2&Prime;][vc_column_text]\n<h4 style=\"text-align: center;\"><em><a href=\"https:\/\/www.aube-champagne.com\/fr\/laube-oui-mais-en-champagne-avec-raphael-mezrahi-et-claudia-tagbo\/\">Claudia Tagbo<\/a><\/em><\/h4>\n[\/vc_column_text][vc_single_image image=\u00a0\u00bb12277&Prime; img_size=\u00a0\u00bb564&#215;250&Prime; style=\u00a0\u00bbvc_box_shadow\u00a0\u00bb onclick=\u00a0\u00bbcustom_link\u00a0\u00bb link=\u00a0\u00bbhttp:\/\/www.aube-champagne.com\/?p=12425&Prime;][vc_column_text]\n<p style=\"text-align: center;\"><em>\u00ab\u00a0Tu l\u2019as rencontr\u00e9 y\u2019a 3 ans [\u2026] \u00e0 Troyes-dans-l\u2019Aube en Champagne\u00a0\u00bb<\/em><\/p>\n[\/vc_column_text][\/vc_column][\/vc_row][vc_row][vc_column width=\u00a0\u00bb1\/2&Prime;][vc_column_text]\n<h4 style=\"text-align: center;\"><em><a href=\"https:\/\/www.aube-champagne.com\/fr\/laube-oui-mais-en-champagne-avec-raphael-mezrahi-et-laurent-baffie\/\">Laurent Baffie<\/a><\/em><\/h4>\n[\/vc_column_text][vc_single_image image=\u00a0\u00bb12315&Prime; img_size=\u00a0\u00bb564&#215;250&Prime; alignment=\u00a0\u00bbcenter\u00a0\u00bb style=\u00a0\u00bbvc_box_shadow\u00a0\u00bb onclick=\u00a0\u00bbcustom_link\u00a0\u00bb link=\u00a0\u00bbhttp:\/\/www.aube-champagne.com\/?p=12563&Prime;][vc_column_text]\n<p style=\"text-align: center;\"><em>\u00ab\u00a0Troyes-dans-l\u2019Aube maintenant c\u2019est en Champagne\u00a0!\u00a0\u00bb<\/em><\/p>\n[\/vc_column_text][\/vc_column][vc_column width=\u00a0\u00bb1\/2&Prime;][vc_column_text]\n<h4 style=\"text-align: center;\"><em><a href=\"https:\/\/www.aube-champagne.com\/fr\/laube-oui-mais-en-champagne-lelouch\/\">Claude Lelouch<\/a><\/em><\/h4>\n[\/vc_column_text][vc_single_image image=\u00a0\u00bb13954&Prime; img_size=\u00a0\u00bb564&#215;250&Prime; alignment=\u00a0\u00bbcenter\u00a0\u00bb style=\u00a0\u00bbvc_box_shadow\u00a0\u00bb onclick=\u00a0\u00bbcustom_link\u00a0\u00bb link=\u00a0\u00bbhttp:\/\/www.aube-champagne.com\/?p=13961&Prime;][vc_column_text]\n<p style=\"text-align: center;\"><em>\u00ab\u00a0Demain dans l\u2019Aube, \u00e0 l\u2019heure o\u00f9 blanchit la Champagne\u00a0\u00bb<\/em><\/p>\n<p style=\"text-align: center;\"><em>\u00a0<\/em><\/p>\n[\/vc_column_text][\/vc_column][\/vc_row]\n<\/div>","protected":false},"excerpt":{"rendered":"<p>[vc_row][vc_column][vc_column_text] Encore une fois, l\u2019Aube va vous surprendre ! Avec la complicit\u00e9 de\u00a0Rapha\u00ebl Mezrahi, le plus d\u00e9cal\u00e9\u00a0des ambassadeurs du d\u00e9partement, l\u2019Aube s\u2019affirme\u00a0avec humour au c\u0153ur de la\u00a0Champagne. A travers, cette s\u00e9rie de vid\u00e9os d\u00e9jant\u00e9es, l\u2019humoriste met l\u2019Aube \u00e0 l\u2019honneur, Oui mais en Champagne\u00a0! Et il&hellip;  <a href=\"https:\/\/www.aube-champagne.com\/fr\/aube-oui-mais-en-champagne\/\" title=\"Read L&rsquo;Aube, Oui mais en Champagne !\">En savoir plus&raquo;<\/a><\/p>\n","protected":false},"author":2,"featured_media":14425,"parent":0,"menu_order":0,"comment_status":"closed","ping_status":"closed","template":"","meta":{"footnotes":""},"class_list":["post-12270","page","type-page","status-publish","has-post-thumbnail","hentry"],"yoast_head":"<!-- This site is optimized with the Yoast SEO plugin v27.5 - https:\/\/yoast.com\/product\/yoast-seo-wordpress\/ -->\n<title>L&#039;Aube, Oui mais en Champagne ! - Aube Champagne<\/title>\n<meta name=\"description\" content=\"Avec la complicit\u00e9 de Rapha\u00ebl Mezrahi, le plus d\u00e9cal\u00e9 des ambassadeurs du d\u00e9partement, d\u00e9couvrez l&#039;Aube, oui mais en Champagne !\" \/>\n<meta name=\"robots\" content=\"index, follow, max-snippet:-1, max-image-preview:large, max-video-preview:-1\" \/>\n<link rel=\"canonical\" href=\"https:\/\/www.aube-champagne.com\/fr\/aube-oui-mais-en-champagne\/\" \/>\n<meta property=\"og:locale\" content=\"fr_FR\" \/>\n<meta property=\"og:type\" content=\"article\" \/>\n<meta property=\"og:title\" content=\"L&#039;Aube, Oui mais en Champagne ! - Aube Champagne\" \/>\n<meta property=\"og:description\" content=\"Avec la complicit\u00e9 de Rapha\u00ebl Mezrahi, le plus d\u00e9cal\u00e9 des ambassadeurs du d\u00e9partement, d\u00e9couvrez l&#039;Aube, oui mais en Champagne !\" \/>\n<meta property=\"og:url\" content=\"https:\/\/www.aube-champagne.com\/fr\/aube-oui-mais-en-champagne\/\" \/>\n<meta property=\"og:site_name\" content=\"Aube Champagne\" \/>\n<meta property=\"article:publisher\" content=\"https:\/\/www.facebook.com\/aube.champagne\" \/>\n<meta property=\"article:modified_time\" content=\"2016-04-28T10:19:55+00:00\" \/>\n<meta property=\"og:image\" content=\"https:\/\/www.aube-champagne.com\/assets\/uploads\/2016\/04\/slider-video-en.jpg\" \/>\n\t<meta property=\"og:image:width\" content=\"960\" \/>\n\t<meta property=\"og:image:height\" content=\"400\" \/>\n\t<meta property=\"og:image:type\" content=\"image\/jpeg\" \/>\n<meta name=\"twitter:card\" content=\"summary_large_image\" \/>\n<meta name=\"twitter:site\" content=\"@AubeChampagne\" \/>\n<meta name=\"twitter:label1\" content=\"Dur\u00e9e de lecture estim\u00e9e\" \/>\n\t<meta name=\"twitter:data1\" content=\"2 minutes\" \/>\n<script type=\"application\/ld+json\" class=\"yoast-schema-graph\">{\"@context\":\"https:\\\/\\\/schema.org\",\"@graph\":[{\"@type\":\"WebPage\",\"@id\":\"https:\\\/\\\/www.aube-champagne.com\\\/fr\\\/aube-oui-mais-en-champagne\\\/\",\"url\":\"https:\\\/\\\/www.aube-champagne.com\\\/fr\\\/aube-oui-mais-en-champagne\\\/\",\"name\":\"L'Aube, Oui mais en Champagne ! - Aube Champagne\",\"isPartOf\":{\"@id\":\"https:\\\/\\\/www.aube-champagne.com\\\/fr\\\/#website\"},\"primaryImageOfPage\":{\"@id\":\"https:\\\/\\\/www.aube-champagne.com\\\/fr\\\/aube-oui-mais-en-champagne\\\/#primaryimage\"},\"image\":{\"@id\":\"https:\\\/\\\/www.aube-champagne.com\\\/fr\\\/aube-oui-mais-en-champagne\\\/#primaryimage\"},\"thumbnailUrl\":\"https:\\\/\\\/www.aube-champagne.com\\\/assets\\\/uploads\\\/2016\\\/04\\\/slider-video-en.jpg\",\"datePublished\":\"2016-02-23T15:37:23+00:00\",\"dateModified\":\"2016-04-28T10:19:55+00:00\",\"description\":\"Avec la complicit\u00e9 de Rapha\u00ebl Mezrahi, le plus d\u00e9cal\u00e9 des ambassadeurs du d\u00e9partement, d\u00e9couvrez l'Aube, oui mais en Champagne !\",\"breadcrumb\":{\"@id\":\"https:\\\/\\\/www.aube-champagne.com\\\/fr\\\/aube-oui-mais-en-champagne\\\/#breadcrumb\"},\"inLanguage\":\"fr-FR\",\"potentialAction\":[{\"@type\":\"ReadAction\",\"target\":[\"https:\\\/\\\/www.aube-champagne.com\\\/fr\\\/aube-oui-mais-en-champagne\\\/\"]}]},{\"@type\":\"ImageObject\",\"inLanguage\":\"fr-FR\",\"@id\":\"https:\\\/\\\/www.aube-champagne.com\\\/fr\\\/aube-oui-mais-en-champagne\\\/#primaryimage\",\"url\":\"https:\\\/\\\/www.aube-champagne.com\\\/assets\\\/uploads\\\/2016\\\/04\\\/slider-video-en.jpg\",\"contentUrl\":\"https:\\\/\\\/www.aube-champagne.com\\\/assets\\\/uploads\\\/2016\\\/04\\\/slider-video-en.jpg\",\"width\":960,\"height\":400},{\"@type\":\"BreadcrumbList\",\"@id\":\"https:\\\/\\\/www.aube-champagne.com\\\/fr\\\/aube-oui-mais-en-champagne\\\/#breadcrumb\",\"itemListElement\":[{\"@type\":\"ListItem\",\"position\":1,\"name\":\"Accueil\",\"item\":\"https:\\\/\\\/www.aube-champagne.com\\\/fr\\\/\"},{\"@type\":\"ListItem\",\"position\":2,\"name\":\"L&rsquo;Aube, Oui mais en Champagne !\"}]},{\"@type\":\"WebSite\",\"@id\":\"https:\\\/\\\/www.aube-champagne.com\\\/fr\\\/#website\",\"url\":\"https:\\\/\\\/www.aube-champagne.com\\\/fr\\\/\",\"name\":\"Aube Champagne\",\"description\":\"Aube Champagne\",\"potentialAction\":[{\"@type\":\"SearchAction\",\"target\":{\"@type\":\"EntryPoint\",\"urlTemplate\":\"https:\\\/\\\/www.aube-champagne.com\\\/fr\\\/?s={search_term_string}\"},\"query-input\":{\"@type\":\"PropertyValueSpecification\",\"valueRequired\":true,\"valueName\":\"search_term_string\"}}],\"inLanguage\":\"fr-FR\"}]}<\/script>\n<!-- \/ Yoast SEO plugin. -->","yoast_head_json":{"title":"L'Aube, Oui mais en Champagne ! - Aube Champagne","description":"Avec la complicit\u00e9 de Rapha\u00ebl Mezrahi, le plus d\u00e9cal\u00e9 des ambassadeurs du d\u00e9partement, d\u00e9couvrez l'Aube, oui mais en Champagne !","robots":{"index":"index","follow":"follow","max-snippet":"max-snippet:-1","max-image-preview":"max-image-preview:large","max-video-preview":"max-video-preview:-1"},"canonical":"https:\/\/www.aube-champagne.com\/fr\/aube-oui-mais-en-champagne\/","og_locale":"fr_FR","og_type":"article","og_title":"L'Aube, Oui mais en Champagne ! - Aube Champagne","og_description":"Avec la complicit\u00e9 de Rapha\u00ebl Mezrahi, le plus d\u00e9cal\u00e9 des ambassadeurs du d\u00e9partement, d\u00e9couvrez l'Aube, oui mais en Champagne !","og_url":"https:\/\/www.aube-champagne.com\/fr\/aube-oui-mais-en-champagne\/","og_site_name":"Aube Champagne","article_publisher":"https:\/\/www.facebook.com\/aube.champagne","article_modified_time":"2016-04-28T10:19:55+00:00","og_image":[{"width":960,"height":400,"url":"https:\/\/www.aube-champagne.com\/assets\/uploads\/2016\/04\/slider-video-en.jpg","type":"image\/jpeg"}],"twitter_card":"summary_large_image","twitter_site":"@AubeChampagne","twitter_misc":{"Dur\u00e9e de lecture estim\u00e9e":"2 minutes"},"schema":{"@context":"https:\/\/schema.org","@graph":[{"@type":"WebPage","@id":"https:\/\/www.aube-champagne.com\/fr\/aube-oui-mais-en-champagne\/","url":"https:\/\/www.aube-champagne.com\/fr\/aube-oui-mais-en-champagne\/","name":"L'Aube, Oui mais en Champagne ! - Aube Champagne","isPartOf":{"@id":"https:\/\/www.aube-champagne.com\/fr\/#website"},"primaryImageOfPage":{"@id":"https:\/\/www.aube-champagne.com\/fr\/aube-oui-mais-en-champagne\/#primaryimage"},"image":{"@id":"https:\/\/www.aube-champagne.com\/fr\/aube-oui-mais-en-champagne\/#primaryimage"},"thumbnailUrl":"https:\/\/www.aube-champagne.com\/assets\/uploads\/2016\/04\/slider-video-en.jpg","datePublished":"2016-02-23T15:37:23+00:00","dateModified":"2016-04-28T10:19:55+00:00","description":"Avec la complicit\u00e9 de Rapha\u00ebl Mezrahi, le plus d\u00e9cal\u00e9 des ambassadeurs du d\u00e9partement, d\u00e9couvrez l'Aube, oui mais en Champagne !","breadcrumb":{"@id":"https:\/\/www.aube-champagne.com\/fr\/aube-oui-mais-en-champagne\/#breadcrumb"},"inLanguage":"fr-FR","potentialAction":[{"@type":"ReadAction","target":["https:\/\/www.aube-champagne.com\/fr\/aube-oui-mais-en-champagne\/"]}]},{"@type":"ImageObject","inLanguage":"fr-FR","@id":"https:\/\/www.aube-champagne.com\/fr\/aube-oui-mais-en-champagne\/#primaryimage","url":"https:\/\/www.aube-champagne.com\/assets\/uploads\/2016\/04\/slider-video-en.jpg","contentUrl":"https:\/\/www.aube-champagne.com\/assets\/uploads\/2016\/04\/slider-video-en.jpg","width":960,"height":400},{"@type":"BreadcrumbList","@id":"https:\/\/www.aube-champagne.com\/fr\/aube-oui-mais-en-champagne\/#breadcrumb","itemListElement":[{"@type":"ListItem","position":1,"name":"Accueil","item":"https:\/\/www.aube-champagne.com\/fr\/"},{"@type":"ListItem","position":2,"name":"L&rsquo;Aube, Oui mais en Champagne !"}]},{"@type":"WebSite","@id":"https:\/\/www.aube-champagne.com\/fr\/#website","url":"https:\/\/www.aube-champagne.com\/fr\/","name":"Aube Champagne","description":"Aube Champagne","potentialAction":[{"@type":"SearchAction","target":{"@type":"EntryPoint","urlTemplate":"https:\/\/www.aube-champagne.com\/fr\/?s={search_term_string}"},"query-input":{"@type":"PropertyValueSpecification","valueRequired":true,"valueName":"search_term_string"}}],"inLanguage":"fr-FR"}]}},"publishpress_future_action":{"enabled":false,"date":"2026-05-09 09:53:43","action":"change-status","newStatus":"draft","terms":[],"taxonomy":"translation_priority","extraData":[]},"publishpress_future_workflow_manual_trigger":{"enabledWorkflows":[]},"_links":{"self":[{"href":"https:\/\/www.aube-champagne.com\/fr\/wp-json\/wp\/v2\/pages\/12270","targetHints":{"allow":["GET"]}}],"collection":[{"href":"https:\/\/www.aube-champagne.com\/fr\/wp-json\/wp\/v2\/pages"}],"about":[{"href":"https:\/\/www.aube-champagne.com\/fr\/wp-json\/wp\/v2\/types\/page"}],"author":[{"embeddable":true,"href":"https:\/\/www.aube-champagne.com\/fr\/wp-json\/wp\/v2\/users\/2"}],"replies":[{"embeddable":true,"href":"https:\/\/www.aube-champagne.com\/fr\/wp-json\/wp\/v2\/comments?post=12270"}],"version-history":[{"count":0,"href":"https:\/\/www.aube-champagne.com\/fr\/wp-json\/wp\/v2\/pages\/12270\/revisions"}],"wp:featuredmedia":[{"embeddable":true,"href":"https:\/\/www.aube-champagne.com\/fr\/wp-json\/wp\/v2\/media\/14425"}],"wp:attachment":[{"href":"https:\/\/www.aube-champagne.com\/fr\/wp-json\/wp\/v2\/media?parent=12270"}],"curies":[{"name":"wp","href":"https:\/\/api.w.org\/{rel}","templated":true}]}}