{"id":12388,"date":"2016-02-23T16:30:59","date_gmt":"2016-02-23T15:30:59","guid":{"rendered":"http:\/\/www.aube-champagne.com\/?page_id=12388"},"modified":"2022-08-03T13:36:55","modified_gmt":"2022-08-03T12:36:55","slug":"laube-oui-mais-en-champagne-mariotte","status":"publish","type":"page","link":"https:\/\/www.aube-champagne.com\/fr\/laube-oui-mais-en-champagne-mariotte\/","title":{"rendered":"L\u2019Aube, Oui mais en Champagne avec Rapha\u00ebl Mezrahi et Laurent Mariotte"},"content":{"rendered":"<div class=\"wpb-content-wrapper\">[vc_row][vc_column width=\u00a0\u00bb2\/3&Prime;][vc_empty_space height=\u00a0\u00bb70px\u00a0\u00bb][vc_column_text]\n<h2><span style=\"color: #cfb038;\"><strong>Rapha\u00ebl Mezrahi et Laurent Mariotte<\/strong><\/span><\/h2>\n[\/vc_column_text][vc_video link=\u00a0\u00bbhttps:\/\/youtu.be\/vWvvBQCwRG8&Prime; title=\u00a0\u00bbL&rsquo;Aube, Oui mais en Champagne ! &#8211; Episode 3&Prime;][\/vc_column][vc_column width=\u00a0\u00bb1\/3&Prime;][vc_column_text]\n<h5 style=\"text-align: center;\">Retrouvez les autres vid\u00e9os<br \/>\n<strong>Oui mais en Champagne<\/strong> !<\/h5>\n[\/vc_column_text][vc_single_image image=\u00a0\u00bb9865&Prime; img_size=\u00a0\u00bb200&#215;88&Prime; alignment=\u00a0\u00bbcenter\u00a0\u00bb style=\u00a0\u00bbvc_box_outline\u00a0\u00bb border_color=\u00a0\u00bbchino\u00a0\u00bb onclick=\u00a0\u00bbcustom_link\u00a0\u00bb link=\u00a0\u00bbhttp:\/\/www.aube-champagne.com\/?p=12333&Prime;][vc_single_image image=\u00a0\u00bb11330&Prime; img_size=\u00a0\u00bb200&#215;88&Prime; alignment=\u00a0\u00bbcenter\u00a0\u00bb style=\u00a0\u00bbvc_box_outline\u00a0\u00bb border_color=\u00a0\u00bbchino\u00a0\u00bb onclick=\u00a0\u00bbcustom_link\u00a0\u00bb link=\u00a0\u00bbhttp:\/\/www.aube-champagne.com\/?p=12366&Prime;][vc_single_image image=\u00a0\u00bb12277&Prime; img_size=\u00a0\u00bb200&#215;88&Prime; alignment=\u00a0\u00bbcenter\u00a0\u00bb style=\u00a0\u00bbvc_box_outline\u00a0\u00bb border_color=\u00a0\u00bbchino\u00a0\u00bb onclick=\u00a0\u00bbcustom_link\u00a0\u00bb link=\u00a0\u00bbhttp:\/\/www.aube-champagne.com\/?p=12425&Prime;][vc_single_image image=\u00a0\u00bb12315&Prime; img_size=\u00a0\u00bb200&#215;88&Prime; alignment=\u00a0\u00bbcenter\u00a0\u00bb style=\u00a0\u00bbvc_box_outline\u00a0\u00bb border_color=\u00a0\u00bbchino\u00a0\u00bb onclick=\u00a0\u00bbcustom_link\u00a0\u00bb link=\u00a0\u00bbhttp:\/\/www.aube-champagne.com\/?p=12563&Prime;][vc_single_image image=\u00a0\u00bb13954&Prime; img_size=\u00a0\u00bb200&#215;88&Prime; alignment=\u00a0\u00bbcenter\u00a0\u00bb style=\u00a0\u00bbvc_box_outline\u00a0\u00bb border_color=\u00a0\u00bbchino\u00a0\u00bb onclick=\u00a0\u00bbcustom_link\u00a0\u00bb link=\u00a0\u00bbhttp:\/\/www.aube-champagne.com\/?p=13961&Prime;][\/vc_column][\/vc_row][vc_row][vc_column][vc_separator el_width=\u00a0\u00bb80&Prime;][\/vc_column][\/vc_row][vc_row][vc_column][vc_column_text]\n<h3 style=\"text-align: center;\"><strong><span style=\"color: #cfb038;\">Comment venir dans l\u2019Aube,<br \/>\nOui mais en Champagne !<br \/>\n<\/span><\/strong><\/h3>\n[\/vc_column_text][vc_single_image image=\u00a0\u00bb12404&Prime; img_size=\u00a0\u00bb800&#215;582&Prime; alignment=\u00a0\u00bbcenter\u00a0\u00bb style=\u00a0\u00bbvc_box_shadow\u00a0\u00bb onclick=\u00a0\u00bbcustom_link\u00a0\u00bb img_link_target=\u00a0\u00bb_blank\u00a0\u00bb link=\u00a0\u00bbhttp:\/\/www.aube-champagne.com\/?p=9008&Prime;][\/vc_column][\/vc_row][vc_row][vc_column][vc_separator el_width=\u00a0\u00bb80&Prime;][vc_column_text]\n<h3 style=\"text-align: left;\"><span style=\"color: #333333;\">La gastronomie auboise<\/span><\/h3>\n[\/vc_column_text][\/vc_column][\/vc_row][vc_row][vc_column width=\u00a0\u00bb1\/3&Prime;][vc_column_text]\n<h5 style=\"text-align: center;\"><strong><a href=\"https:\/\/www.aube-champagne.com\/fr\/portfolio-post\/andouillette\/\" target=\"_blank\" rel=\"noopener\">L&rsquo;andouillette de Troyes<\/a><\/strong><\/h5>\n[\/vc_column_text][vc_single_image image=\u00a0\u00bb12443&Prime; img_size=\u00a0\u00bb500&#215;237&Prime; alignment=\u00a0\u00bbcenter\u00a0\u00bb style=\u00a0\u00bbvc_box_shadow\u00a0\u00bb onclick=\u00a0\u00bbcustom_link\u00a0\u00bb img_link_target=\u00a0\u00bb_blank\u00a0\u00bb link=\u00a0\u00bbhttp:\/\/www.aube-champagne.com\/?p=4004&Prime;][vc_column_text]\n<h5 style=\"text-align: center;\"><strong><a href=\"https:\/\/www.aube-champagne.com\/fr\/portfolio-post\/choucroute\/\" target=\"_blank\" rel=\"noopener\">La choucroute<\/a><br \/>\n<\/strong><\/h5>\n[\/vc_column_text][vc_single_image image=\u00a0\u00bb12469&Prime; img_size=\u00a0\u00bb500&#215;237&Prime; alignment=\u00a0\u00bbcenter\u00a0\u00bb style=\u00a0\u00bbvc_box_shadow\u00a0\u00bb onclick=\u00a0\u00bbcustom_link\u00a0\u00bb img_link_target=\u00a0\u00bb_blank\u00a0\u00bb link=\u00a0\u00bbhttp:\/\/www.aube-champagne.com\/?p=4006&Prime;][vc_column_text]\n<h5 style=\"text-align: center;\"><strong><a href=\"https:\/\/www.aube-champagne.com\/fr\/portfolio-post\/pommes-et-cidre\/\" target=\"_blank\" rel=\"noopener\">Les pommes et le cidre du Pays d\u2019Othe <\/a><br \/>\n<\/strong><\/h5>\n[\/vc_column_text][vc_single_image image=\u00a0\u00bb12474&Prime; img_size=\u00a0\u00bb500&#215;237&Prime; alignment=\u00a0\u00bbcenter\u00a0\u00bb style=\u00a0\u00bbvc_box_shadow\u00a0\u00bb onclick=\u00a0\u00bbcustom_link\u00a0\u00bb img_link_target=\u00a0\u00bb_blank\u00a0\u00bb link=\u00a0\u00bbhttp:\/\/www.aube-champagne.com\/?p=4002&Prime;][\/vc_column][vc_column width=\u00a0\u00bb1\/3&Prime;][vc_column_text]\n<h5 style=\"text-align: center;\"><strong><a href=\"https:\/\/www.aube-champagne.com\/fr\/portfolio-post\/fromage-de-chaource\/\" target=\"_blank\" rel=\"noopener\">Le fromage de Chaource<\/a><\/strong><\/h5>\n[\/vc_column_text][vc_single_image image=\u00a0\u00bb12454&Prime; img_size=\u00a0\u00bb500&#215;237&Prime; alignment=\u00a0\u00bbcenter\u00a0\u00bb style=\u00a0\u00bbvc_box_shadow\u00a0\u00bb onclick=\u00a0\u00bbcustom_link\u00a0\u00bb img_link_target=\u00a0\u00bb_blank\u00a0\u00bb link=\u00a0\u00bbhttp:\/\/www.aube-champagne.com\/?p=3999&Prime;][vc_column_text]\n<h5 style=\"text-align: center;\"><strong><a href=\"https:\/\/www.aube-champagne.com\/fr\/portfolio-post\/le-champagne\/\" target=\"_blank\" rel=\"noopener\">Le champagne<\/a><\/strong><\/h5>\n[\/vc_column_text][vc_single_image image=\u00a0\u00bb12480&Prime; img_size=\u00a0\u00bb500&#215;237&Prime; alignment=\u00a0\u00bbcenter\u00a0\u00bb style=\u00a0\u00bbvc_box_shadow\u00a0\u00bb onclick=\u00a0\u00bbcustom_link\u00a0\u00bb img_link_target=\u00a0\u00bb_blank\u00a0\u00bb link=\u00a0\u00bbhttp:\/\/www.aube-champagne.com\/?p=8604&Prime;][\/vc_column][vc_column width=\u00a0\u00bb1\/3&Prime;][vc_column_text]\n<h5 style=\"text-align: center;\"><strong><a href=\"https:\/\/www.aube-champagne.com\/fr\/portfolio-post\/le-rose-des-riceys\/\" target=\"_blank\" rel=\"noopener\">Le ros\u00e9 des Riceys<\/a><br \/>\n<\/strong><\/h5>\n[\/vc_column_text][vc_single_image image=\u00a0\u00bb12464&Prime; img_size=\u00a0\u00bb500&#215;237&Prime; alignment=\u00a0\u00bbcenter\u00a0\u00bb style=\u00a0\u00bbvc_box_shadow\u00a0\u00bb onclick=\u00a0\u00bbcustom_link\u00a0\u00bb img_link_target=\u00a0\u00bb_blank\u00a0\u00bb link=\u00a0\u00bbhttp:\/\/www.aube-champagne.com\/?p=4008&Prime;][vc_column_text]\n<h5 style=\"text-align: center;\"><strong><a href=\"https:\/\/www.aube-champagne.com\/fr\/portfolio-post\/la-prunelle-de-troyes\/\">La prunelle de Troyes<\/a><br \/>\n<\/strong><\/h5>\n[\/vc_column_text][vc_single_image image=\u00a0\u00bb12459&Prime; img_size=\u00a0\u00bb500&#215;237&Prime; alignment=\u00a0\u00bbcenter\u00a0\u00bb style=\u00a0\u00bbvc_box_shadow\u00a0\u00bb onclick=\u00a0\u00bbcustom_link\u00a0\u00bb img_link_target=\u00a0\u00bb_blank\u00a0\u00bb link=\u00a0\u00bbhttps:\/\/www.aube-champagne.com\/fr\/portfolio-post\/la-prunelle-de-troyes\/\u00a0\u00bb][\/vc_column][\/vc_row][vc_row][vc_column][vc_separator el_width=\u00a0\u00bb80&Prime;][vc_column_text]\n<h3 style=\"text-align: left;\"><span style=\"color: #333333;\">Soyez gastronome dans\u00a0l&rsquo;Aube en Champagne<\/span><\/h3>\n[feedzy-rss feeds=\u00a0\u00bbhttp:\/\/www.soyezsurpris.fr\/category\/brevesdereporters\/soyezgastronome\/feed\u00a0\u00bb max=\u00a0\u00bb5&Prime; feed_title=\u00a0\u00bbyes\u00a0\u00bb target=\u00a0\u00bb_blank\u00a0\u00bb meta=\u00a0\u00bbyes\u00a0\u00bb summary=\u00a0\u00bbyes\u00a0\u00bb thumb=\u00a0\u00bbyes\u00a0\u00bb default=\u00a0\u00bbhttp:\/\/www.aube-champagne.com\/assets\/uploads\/2015\/05\/IMG_3501_Hotel_des_Pirates_Credit_photo_CDT_Aube.jpg\u00a0\u00bb size=\u00a0\u00bb200&Prime; ][\/vc_column_text][\/vc_column][\/vc_row]\n<\/div>","protected":false},"excerpt":{"rendered":"<p>[vc_row][vc_column width=\u00a0\u00bb2\/3&Prime;][vc_empty_space height=\u00a0\u00bb70px\u00a0\u00bb][vc_column_text] Rapha\u00ebl Mezrahi et Laurent Mariotte [\/vc_column_text][vc_video link=\u00a0\u00bbhttps:\/\/youtu.be\/vWvvBQCwRG8&Prime; title=\u00a0\u00bbL&rsquo;Aube, Oui mais en Champagne ! &#8211; Episode 3&Prime;][\/vc_column][vc_column width=\u00a0\u00bb1\/3&Prime;][vc_column_text] Retrouvez les autres vid\u00e9os Oui mais en Champagne ! [\/vc_column_text][vc_single_image image=\u00a0\u00bb9865&Prime; img_size=\u00a0\u00bb200&#215;88&Prime; alignment=\u00a0\u00bbcenter\u00a0\u00bb style=\u00a0\u00bbvc_box_outline\u00a0\u00bb border_color=\u00a0\u00bbchino\u00a0\u00bb onclick=\u00a0\u00bbcustom_link\u00a0\u00bb link=\u00a0\u00bbhttp:\/\/www.aube-champagne.com\/?p=12333&Prime;][vc_single_image image=\u00a0\u00bb11330&Prime; img_size=\u00a0\u00bb200&#215;88&Prime; alignment=\u00a0\u00bbcenter\u00a0\u00bb style=\u00a0\u00bbvc_box_outline\u00a0\u00bb border_color=\u00a0\u00bbchino\u00a0\u00bb onclick=\u00a0\u00bbcustom_link\u00a0\u00bb link=\u00a0\u00bbhttp:\/\/www.aube-champagne.com\/?p=12366&Prime;][vc_single_image image=\u00a0\u00bb12277&Prime;&hellip;  <a href=\"https:\/\/www.aube-champagne.com\/fr\/laube-oui-mais-en-champagne-mariotte\/\" title=\"Read L\u2019Aube, Oui mais en Champagne avec Rapha\u00ebl Mezrahi et Laurent Mariotte\">En savoir plus&raquo;<\/a><\/p>\n","protected":false},"author":2,"featured_media":12282,"parent":0,"menu_order":0,"comment_status":"closed","ping_status":"closed","template":"","meta":{"footnotes":""},"class_list":["post-12388","page","type-page","status-publish","has-post-thumbnail","hentry"],"yoast_head":"<!-- This site is optimized with the Yoast SEO plugin v27.5 - https:\/\/yoast.com\/product\/yoast-seo-wordpress\/ -->\n<title>L\u2019Aube, Oui mais en Champagne avec Rapha\u00ebl Mezrahi et Laurent Mariotte - Aube Champagne<\/title>\n<meta name=\"description\" content=\"D\u00e9couvrez l&#039;Aube en Champagne avec Rapha\u00ebl Mezrahi et Laurent Mariotte\" \/>\n<meta name=\"robots\" content=\"index, follow, max-snippet:-1, max-image-preview:large, max-video-preview:-1\" \/>\n<link rel=\"canonical\" href=\"https:\/\/www.aube-champagne.com\/fr\/laube-oui-mais-en-champagne-mariotte\/\" \/>\n<meta property=\"og:locale\" content=\"fr_FR\" \/>\n<meta property=\"og:type\" content=\"article\" \/>\n<meta property=\"og:title\" content=\"L\u2019Aube, Oui mais en Champagne avec Rapha\u00ebl Mezrahi et Laurent Mariotte - Aube Champagne\" \/>\n<meta property=\"og:description\" content=\"D\u00e9couvrez l&#039;Aube en Champagne avec Rapha\u00ebl Mezrahi et Laurent Mariotte\" \/>\n<meta property=\"og:url\" content=\"https:\/\/www.aube-champagne.com\/fr\/laube-oui-mais-en-champagne-mariotte\/\" \/>\n<meta property=\"og:site_name\" content=\"Aube Champagne\" \/>\n<meta property=\"article:publisher\" content=\"https:\/\/www.facebook.com\/aube.champagne\" \/>\n<meta property=\"article:modified_time\" content=\"2022-08-03T12:36:55+00:00\" \/>\n<meta property=\"og:image\" content=\"https:\/\/www.aube-champagne.com\/assets\/uploads\/2016\/02\/mariotte.jpg\" \/>\n\t<meta property=\"og:image:width\" content=\"564\" \/>\n\t<meta property=\"og:image:height\" content=\"274\" \/>\n\t<meta property=\"og:image:type\" content=\"image\/jpeg\" \/>\n<meta name=\"twitter:card\" content=\"summary_large_image\" \/>\n<meta name=\"twitter:site\" content=\"@AubeChampagne\" \/>\n<meta name=\"twitter:label1\" content=\"Dur\u00e9e de lecture estim\u00e9e\" \/>\n\t<meta name=\"twitter:data1\" content=\"1 minute\" \/>\n<script type=\"application\/ld+json\" class=\"yoast-schema-graph\">{\"@context\":\"https:\\\/\\\/schema.org\",\"@graph\":[{\"@type\":\"WebPage\",\"@id\":\"https:\\\/\\\/www.aube-champagne.com\\\/fr\\\/laube-oui-mais-en-champagne-mariotte\\\/\",\"url\":\"https:\\\/\\\/www.aube-champagne.com\\\/fr\\\/laube-oui-mais-en-champagne-mariotte\\\/\",\"name\":\"L\u2019Aube, Oui mais en Champagne avec Rapha\u00ebl Mezrahi et Laurent Mariotte - Aube Champagne\",\"isPartOf\":{\"@id\":\"https:\\\/\\\/www.aube-champagne.com\\\/fr\\\/#website\"},\"primaryImageOfPage\":{\"@id\":\"https:\\\/\\\/www.aube-champagne.com\\\/fr\\\/laube-oui-mais-en-champagne-mariotte\\\/#primaryimage\"},\"image\":{\"@id\":\"https:\\\/\\\/www.aube-champagne.com\\\/fr\\\/laube-oui-mais-en-champagne-mariotte\\\/#primaryimage\"},\"thumbnailUrl\":\"https:\\\/\\\/www.aube-champagne.com\\\/assets\\\/uploads\\\/2016\\\/02\\\/mariotte.jpg\",\"datePublished\":\"2016-02-23T15:30:59+00:00\",\"dateModified\":\"2022-08-03T12:36:55+00:00\",\"description\":\"D\u00e9couvrez l'Aube en Champagne avec Rapha\u00ebl Mezrahi et Laurent Mariotte\",\"breadcrumb\":{\"@id\":\"https:\\\/\\\/www.aube-champagne.com\\\/fr\\\/laube-oui-mais-en-champagne-mariotte\\\/#breadcrumb\"},\"inLanguage\":\"fr-FR\",\"potentialAction\":[{\"@type\":\"ReadAction\",\"target\":[\"https:\\\/\\\/www.aube-champagne.com\\\/fr\\\/laube-oui-mais-en-champagne-mariotte\\\/\"]}]},{\"@type\":\"ImageObject\",\"inLanguage\":\"fr-FR\",\"@id\":\"https:\\\/\\\/www.aube-champagne.com\\\/fr\\\/laube-oui-mais-en-champagne-mariotte\\\/#primaryimage\",\"url\":\"https:\\\/\\\/www.aube-champagne.com\\\/assets\\\/uploads\\\/2016\\\/02\\\/mariotte.jpg\",\"contentUrl\":\"https:\\\/\\\/www.aube-champagne.com\\\/assets\\\/uploads\\\/2016\\\/02\\\/mariotte.jpg\",\"width\":564,\"height\":274},{\"@type\":\"BreadcrumbList\",\"@id\":\"https:\\\/\\\/www.aube-champagne.com\\\/fr\\\/laube-oui-mais-en-champagne-mariotte\\\/#breadcrumb\",\"itemListElement\":[{\"@type\":\"ListItem\",\"position\":1,\"name\":\"Accueil\",\"item\":\"https:\\\/\\\/www.aube-champagne.com\\\/fr\\\/\"},{\"@type\":\"ListItem\",\"position\":2,\"name\":\"L\u2019Aube, Oui mais en Champagne avec Rapha\u00ebl Mezrahi et Laurent Mariotte\"}]},{\"@type\":\"WebSite\",\"@id\":\"https:\\\/\\\/www.aube-champagne.com\\\/fr\\\/#website\",\"url\":\"https:\\\/\\\/www.aube-champagne.com\\\/fr\\\/\",\"name\":\"Aube Champagne\",\"description\":\"Aube Champagne\",\"potentialAction\":[{\"@type\":\"SearchAction\",\"target\":{\"@type\":\"EntryPoint\",\"urlTemplate\":\"https:\\\/\\\/www.aube-champagne.com\\\/fr\\\/?s={search_term_string}\"},\"query-input\":{\"@type\":\"PropertyValueSpecification\",\"valueRequired\":true,\"valueName\":\"search_term_string\"}}],\"inLanguage\":\"fr-FR\"}]}<\/script>\n<!-- \/ Yoast SEO plugin. -->","yoast_head_json":{"title":"L\u2019Aube, Oui mais en Champagne avec Rapha\u00ebl Mezrahi et Laurent Mariotte - Aube Champagne","description":"D\u00e9couvrez l'Aube en Champagne avec Rapha\u00ebl Mezrahi et Laurent Mariotte","robots":{"index":"index","follow":"follow","max-snippet":"max-snippet:-1","max-image-preview":"max-image-preview:large","max-video-preview":"max-video-preview:-1"},"canonical":"https:\/\/www.aube-champagne.com\/fr\/laube-oui-mais-en-champagne-mariotte\/","og_locale":"fr_FR","og_type":"article","og_title":"L\u2019Aube, Oui mais en Champagne avec Rapha\u00ebl Mezrahi et Laurent Mariotte - Aube Champagne","og_description":"D\u00e9couvrez l'Aube en Champagne avec Rapha\u00ebl Mezrahi et Laurent Mariotte","og_url":"https:\/\/www.aube-champagne.com\/fr\/laube-oui-mais-en-champagne-mariotte\/","og_site_name":"Aube Champagne","article_publisher":"https:\/\/www.facebook.com\/aube.champagne","article_modified_time":"2022-08-03T12:36:55+00:00","og_image":[{"width":564,"height":274,"url":"https:\/\/www.aube-champagne.com\/assets\/uploads\/2016\/02\/mariotte.jpg","type":"image\/jpeg"}],"twitter_card":"summary_large_image","twitter_site":"@AubeChampagne","twitter_misc":{"Dur\u00e9e de lecture estim\u00e9e":"1 minute"},"schema":{"@context":"https:\/\/schema.org","@graph":[{"@type":"WebPage","@id":"https:\/\/www.aube-champagne.com\/fr\/laube-oui-mais-en-champagne-mariotte\/","url":"https:\/\/www.aube-champagne.com\/fr\/laube-oui-mais-en-champagne-mariotte\/","name":"L\u2019Aube, Oui mais en Champagne avec Rapha\u00ebl Mezrahi et Laurent Mariotte - Aube Champagne","isPartOf":{"@id":"https:\/\/www.aube-champagne.com\/fr\/#website"},"primaryImageOfPage":{"@id":"https:\/\/www.aube-champagne.com\/fr\/laube-oui-mais-en-champagne-mariotte\/#primaryimage"},"image":{"@id":"https:\/\/www.aube-champagne.com\/fr\/laube-oui-mais-en-champagne-mariotte\/#primaryimage"},"thumbnailUrl":"https:\/\/www.aube-champagne.com\/assets\/uploads\/2016\/02\/mariotte.jpg","datePublished":"2016-02-23T15:30:59+00:00","dateModified":"2022-08-03T12:36:55+00:00","description":"D\u00e9couvrez l'Aube en Champagne avec Rapha\u00ebl Mezrahi et Laurent Mariotte","breadcrumb":{"@id":"https:\/\/www.aube-champagne.com\/fr\/laube-oui-mais-en-champagne-mariotte\/#breadcrumb"},"inLanguage":"fr-FR","potentialAction":[{"@type":"ReadAction","target":["https:\/\/www.aube-champagne.com\/fr\/laube-oui-mais-en-champagne-mariotte\/"]}]},{"@type":"ImageObject","inLanguage":"fr-FR","@id":"https:\/\/www.aube-champagne.com\/fr\/laube-oui-mais-en-champagne-mariotte\/#primaryimage","url":"https:\/\/www.aube-champagne.com\/assets\/uploads\/2016\/02\/mariotte.jpg","contentUrl":"https:\/\/www.aube-champagne.com\/assets\/uploads\/2016\/02\/mariotte.jpg","width":564,"height":274},{"@type":"BreadcrumbList","@id":"https:\/\/www.aube-champagne.com\/fr\/laube-oui-mais-en-champagne-mariotte\/#breadcrumb","itemListElement":[{"@type":"ListItem","position":1,"name":"Accueil","item":"https:\/\/www.aube-champagne.com\/fr\/"},{"@type":"ListItem","position":2,"name":"L\u2019Aube, Oui mais en Champagne avec Rapha\u00ebl Mezrahi et Laurent Mariotte"}]},{"@type":"WebSite","@id":"https:\/\/www.aube-champagne.com\/fr\/#website","url":"https:\/\/www.aube-champagne.com\/fr\/","name":"Aube Champagne","description":"Aube Champagne","potentialAction":[{"@type":"SearchAction","target":{"@type":"EntryPoint","urlTemplate":"https:\/\/www.aube-champagne.com\/fr\/?s={search_term_string}"},"query-input":{"@type":"PropertyValueSpecification","valueRequired":true,"valueName":"search_term_string"}}],"inLanguage":"fr-FR"}]}},"publishpress_future_action":{"enabled":false,"date":"2026-05-07 07:45:46","action":"change-status","newStatus":"draft","terms":[],"taxonomy":"translation_priority","extraData":[]},"publishpress_future_workflow_manual_trigger":{"enabledWorkflows":[]},"_links":{"self":[{"href":"https:\/\/www.aube-champagne.com\/fr\/wp-json\/wp\/v2\/pages\/12388","targetHints":{"allow":["GET"]}}],"collection":[{"href":"https:\/\/www.aube-champagne.com\/fr\/wp-json\/wp\/v2\/pages"}],"about":[{"href":"https:\/\/www.aube-champagne.com\/fr\/wp-json\/wp\/v2\/types\/page"}],"author":[{"embeddable":true,"href":"https:\/\/www.aube-champagne.com\/fr\/wp-json\/wp\/v2\/users\/2"}],"replies":[{"embeddable":true,"href":"https:\/\/www.aube-champagne.com\/fr\/wp-json\/wp\/v2\/comments?post=12388"}],"version-history":[{"count":1,"href":"https:\/\/www.aube-champagne.com\/fr\/wp-json\/wp\/v2\/pages\/12388\/revisions"}],"predecessor-version":[{"id":55649,"href":"https:\/\/www.aube-champagne.com\/fr\/wp-json\/wp\/v2\/pages\/12388\/revisions\/55649"}],"wp:featuredmedia":[{"embeddable":true,"href":"https:\/\/www.aube-champagne.com\/fr\/wp-json\/wp\/v2\/media\/12282"}],"wp:attachment":[{"href":"https:\/\/www.aube-champagne.com\/fr\/wp-json\/wp\/v2\/media?parent=12388"}],"curies":[{"name":"wp","href":"https:\/\/api.w.org\/{rel}","templated":true}]}}