{"id":12907,"date":"2016-02-23T10:38:44","date_gmt":"2016-02-23T09:38:44","guid":{"rendered":"http:\/\/www.aube-champagne.com\/?page_id=12907"},"modified":"2016-04-15T16:08:41","modified_gmt":"2016-04-15T15:08:41","slug":"troyes-une-ville-pionniere-pour-le-toutourisme","status":"publish","type":"page","link":"https:\/\/www.aube-champagne.com\/fr\/troyes-une-ville-pionniere-pour-le-toutourisme\/","title":{"rendered":"Troyes une ville pionni\u00e8re pour le \u00ab Toutourisme \u00bb"},"content":{"rendered":"<div class=\"wpb-content-wrapper\">[vc_row][vc_column][vc_column_text]\n<h4 style=\"text-align: center;\"><span style=\"color: #c94949;\">D\u00e9couvrez la capitale de la Champagne avec votre compagnon \u00e0 4 pattes.<\/span><\/h4>\n[\/vc_column_text][vc_single_image image=\u00a0\u00bb12939&Prime; alignment=\u00a0\u00bbcenter\u00a0\u00bb style=\u00a0\u00bbvc_box_shadow\u00a0\u00bb border_color=\u00a0\u00bbgrey\u00a0\u00bb img_link_large=\u00a0\u00bb\u00a0\u00bb img_link_target=\u00a0\u00bb_self\u00a0\u00bb img_size=\u00a0\u00bbfull\u00a0\u00bb][\/vc_column][\/vc_row][vc_row][vc_column width=\u00a0\u00bb1\/2&Prime;][vc_column_text]\n<h5><span style=\"color: #c94949;\">Qu\u2019est-ce que le \u00ab\u00a0toutourisme\u00a0\u00bb ?<\/span><\/h5>\n<p>Et bien c\u2019est aussi facile que son nom le laisse sous-entendre\u00a0:\u00a0des vacances en toute s\u00e9r\u00e9nit\u00e9 avec votre compagnon canin.<\/p>\n<p>Ces petites b\u00eates font int\u00e9gralement parties de\u00a0nos vies alors pourquoi les laisser\u00a0\u00e0 la maison lors de nos d\u00e9parts en vacances ou pour le\u00a0weekend ?<\/p>\n<p>Le toutourisme est une solution id\u00e9ale qui vous aide \u00e0\u00a0organiser au mieux votre s\u00e9jour\u00a0avec votre toutou.<\/p>\n<p>L\u2019<span style=\"color: #c94949;\"><a style=\"color: #c94949;\" title=\"Toutourisme Troyes\" href=\"http:\/\/www.tourisme-troyes.com\/troyes\/loffice-du-toutourisme\" target=\"_blank\">Office du Tourisme de Troyes<\/a><\/span>\u00a0est l\u2019un des pr\u00e9curseurs en la mati\u00e8re. En effet, c\u2019est l\u2019une des 6 villes fran\u00e7aises \u00e0 \u00eatre labellis\u00e9es\u00a0 \u00ab\u00a0<em>Toutourisme\u00a0\u00bb<\/em>.[\/vc_column_text][\/vc_column][vc_column width=\u00a0\u00bb1\/2&Prime;][vc_column_text]\n<h5><span style=\"color: #c94949;\">Quels en sont les avantages?<\/span><\/h5>\n<p align=\"LEFT\">&#8211; Cela permet de personnaliser et de valoriser l\u2019accueil et l\u2019information des propri\u00e9taires d\u2019animaux de compagnie.<\/p>\n<p align=\"LEFT\">&#8211; Ceci\u00a0favorise la cohabitation entre les propri\u00e9taires\u00a0d\u2019animaux de compagnie et la population.<\/p>\n<p align=\"LEFT\">&#8211; Les possesseurs d\u2019animaux doivent y trouver de quoi passer un plaisant s\u00e9jour et\u00a0les habitants se doivent aussi de participer aux efforts collectifs de propret\u00e9 et de mise en valeur touristique.<\/p>\n<p align=\"LEFT\">&#8211; C\u2019est \u00e9galement une \u00e9cuelle d\u2019eau (ou \u00ab\u00a0Toutou bar\u00a0\u00bb) mise \u00e0 disposition de nos petits amis \u00e0 quatre pattes assoiff\u00e9s, par les diff\u00e9rents lieux d\u2019accueil.<\/p>\n<p align=\"LEFT\">&#8211; C\u2019est un pack d\u2019accueil gratuit qui est remis \u00e0 nos visiteurs accompagn\u00e9s de leur compagnon \u00e0 4 pattes.<\/p>\n<p align=\"LEFT\">&#8211; Enfin c\u2019est un r\u00e9seau de partenaires permettant un accueil personnalis\u00e9 aux animaux de compagnie et \u00e0 leurs propri\u00e9taires sur un territoire.<\/p>\n[\/vc_column_text][\/vc_column][\/vc_row][vc_row][vc_column width=\u00a0\u00bb1\/1&Prime;][vc_separator color=\u00a0\u00bbgrey\u00a0\u00bb align=\u00a0\u00bbalign_center\u00a0\u00bb][\/vc_column][\/vc_row][vc_row][vc_column width=\u00a0\u00bb1\/2&Prime;][vc_single_image image=\u00a0\u00bb12917&Prime; style=\u00a0\u00bbvc_box_shadow\u00a0\u00bb border_color=\u00a0\u00bbgrey\u00a0\u00bb img_link_large=\u00a0\u00bb\u00a0\u00bb img_link_target=\u00a0\u00bb_self\u00a0\u00bb img_size=\u00a0\u00bblarge\u00a0\u00bb alignment=\u00a0\u00bbcenter\u00a0\u00bb][\/vc_column][vc_column width=\u00a0\u00bb1\/2&Prime;][vc_column_text]\n<h5 style=\"text-align: left;\" align=\"LEFT\"><span style=\"color: #c94949;\">Infos pratiques :<\/span><\/h5>\n<p>&nbsp;<\/p>\n<p style=\"text-align: left;\" align=\"LEFT\"><em><span style=\"color: #c94949;\"><a style=\"color: #c94949;\" href=\"http:\/\/www.aube-champagne.com\/assets\/uploads\/2016\/02\/H\u00e9bergements_Toutourisme.png\" target=\"_blank\">Retrouvez la liste des h\u00e9bergements \u00e0 Troyes acceptant les animaux<\/a><\/span><\/em><\/p>\n[\/vc_column_text][\/vc_column][\/vc_row]\n<\/div>","protected":false},"excerpt":{"rendered":"<p>[vc_row][vc_column][vc_column_text] D\u00e9couvrez la capitale de la Champagne avec votre compagnon \u00e0 4 pattes. [\/vc_column_text][vc_single_image image=\u00a0\u00bb12939&Prime; alignment=\u00a0\u00bbcenter\u00a0\u00bb style=\u00a0\u00bbvc_box_shadow\u00a0\u00bb border_color=\u00a0\u00bbgrey\u00a0\u00bb img_link_large=\u00a0\u00bb\u00a0\u00bb img_link_target=\u00a0\u00bb_self\u00a0\u00bb img_size=\u00a0\u00bbfull\u00a0\u00bb][\/vc_column][\/vc_row][vc_row][vc_column width=\u00a0\u00bb1\/2&Prime;][vc_column_text] Qu\u2019est-ce que le \u00ab\u00a0toutourisme\u00a0\u00bb ? Et bien c\u2019est aussi facile que son nom le laisse sous-entendre\u00a0:\u00a0des vacances en toute s\u00e9r\u00e9nit\u00e9 avec votre compagnon&hellip;  <a href=\"https:\/\/www.aube-champagne.com\/fr\/troyes-une-ville-pionniere-pour-le-toutourisme\/\" title=\"Read Troyes une ville pionni\u00e8re pour le \u00ab Toutourisme \u00bb\">En savoir plus&raquo;<\/a><\/p>\n","protected":false},"author":2,"featured_media":12939,"parent":0,"menu_order":0,"comment_status":"closed","ping_status":"closed","template":"","meta":{"footnotes":""},"class_list":["post-12907","page","type-page","status-publish","has-post-thumbnail","hentry"],"yoast_head":"<!-- This site is optimized with the Yoast SEO plugin v27.3 - https:\/\/yoast.com\/product\/yoast-seo-wordpress\/ -->\n<title>Troyes une ville pionni\u00e8re pour le \u00ab Toutourisme \u00bb - Aube Champagne<\/title>\n<meta name=\"description\" content=\"Venez d\u00e9couvrir Troyes avec votre animal de compagnie gr\u00e2ce au Toutourisme\" \/>\n<meta name=\"robots\" content=\"index, follow, max-snippet:-1, max-image-preview:large, max-video-preview:-1\" \/>\n<link rel=\"canonical\" href=\"https:\/\/www.aube-champagne.com\/fr\/troyes-une-ville-pionniere-pour-le-toutourisme\/\" \/>\n<meta property=\"og:locale\" content=\"fr_FR\" \/>\n<meta property=\"og:type\" content=\"article\" \/>\n<meta property=\"og:title\" content=\"Troyes une ville pionni\u00e8re pour le \u00ab Toutourisme \u00bb - Aube Champagne\" \/>\n<meta property=\"og:description\" content=\"Venez d\u00e9couvrir Troyes avec votre animal de compagnie gr\u00e2ce au Toutourisme\" \/>\n<meta property=\"og:url\" content=\"https:\/\/www.aube-champagne.com\/fr\/troyes-une-ville-pionniere-pour-le-toutourisme\/\" \/>\n<meta property=\"og:site_name\" content=\"Aube Champagne\" \/>\n<meta property=\"article:publisher\" content=\"https:\/\/www.facebook.com\/aube.champagne\" \/>\n<meta property=\"article:modified_time\" content=\"2016-04-15T15:08:41+00:00\" \/>\n<meta property=\"og:image\" content=\"https:\/\/www.aube-champagne.com\/assets\/uploads\/2016\/02\/chien.jpg\" \/>\n\t<meta property=\"og:image:width\" content=\"770\" \/>\n\t<meta property=\"og:image:height\" content=\"511\" \/>\n\t<meta property=\"og:image:type\" content=\"image\/jpeg\" \/>\n<meta name=\"twitter:card\" content=\"summary_large_image\" \/>\n<meta name=\"twitter:site\" content=\"@AubeChampagne\" \/>\n<meta name=\"twitter:label1\" content=\"Dur\u00e9e de lecture estim\u00e9e\" \/>\n\t<meta name=\"twitter:data1\" content=\"2 minutes\" \/>\n<script type=\"application\/ld+json\" class=\"yoast-schema-graph\">{\"@context\":\"https:\\\/\\\/schema.org\",\"@graph\":[{\"@type\":\"WebPage\",\"@id\":\"https:\\\/\\\/www.aube-champagne.com\\\/fr\\\/troyes-une-ville-pionniere-pour-le-toutourisme\\\/\",\"url\":\"https:\\\/\\\/www.aube-champagne.com\\\/fr\\\/troyes-une-ville-pionniere-pour-le-toutourisme\\\/\",\"name\":\"Troyes une ville pionni\u00e8re pour le \u00ab Toutourisme \u00bb - Aube Champagne\",\"isPartOf\":{\"@id\":\"https:\\\/\\\/www.aube-champagne.com\\\/fr\\\/#website\"},\"primaryImageOfPage\":{\"@id\":\"https:\\\/\\\/www.aube-champagne.com\\\/fr\\\/troyes-une-ville-pionniere-pour-le-toutourisme\\\/#primaryimage\"},\"image\":{\"@id\":\"https:\\\/\\\/www.aube-champagne.com\\\/fr\\\/troyes-une-ville-pionniere-pour-le-toutourisme\\\/#primaryimage\"},\"thumbnailUrl\":\"https:\\\/\\\/www.aube-champagne.com\\\/assets\\\/uploads\\\/2016\\\/02\\\/chien.jpg\",\"datePublished\":\"2016-02-23T09:38:44+00:00\",\"dateModified\":\"2016-04-15T15:08:41+00:00\",\"description\":\"Venez d\u00e9couvrir Troyes avec votre animal de compagnie gr\u00e2ce au Toutourisme\",\"breadcrumb\":{\"@id\":\"https:\\\/\\\/www.aube-champagne.com\\\/fr\\\/troyes-une-ville-pionniere-pour-le-toutourisme\\\/#breadcrumb\"},\"inLanguage\":\"fr-FR\",\"potentialAction\":[{\"@type\":\"ReadAction\",\"target\":[\"https:\\\/\\\/www.aube-champagne.com\\\/fr\\\/troyes-une-ville-pionniere-pour-le-toutourisme\\\/\"]}]},{\"@type\":\"ImageObject\",\"inLanguage\":\"fr-FR\",\"@id\":\"https:\\\/\\\/www.aube-champagne.com\\\/fr\\\/troyes-une-ville-pionniere-pour-le-toutourisme\\\/#primaryimage\",\"url\":\"https:\\\/\\\/www.aube-champagne.com\\\/assets\\\/uploads\\\/2016\\\/02\\\/chien.jpg\",\"contentUrl\":\"https:\\\/\\\/www.aube-champagne.com\\\/assets\\\/uploads\\\/2016\\\/02\\\/chien.jpg\",\"width\":770,\"height\":511},{\"@type\":\"BreadcrumbList\",\"@id\":\"https:\\\/\\\/www.aube-champagne.com\\\/fr\\\/troyes-une-ville-pionniere-pour-le-toutourisme\\\/#breadcrumb\",\"itemListElement\":[{\"@type\":\"ListItem\",\"position\":1,\"name\":\"Accueil\",\"item\":\"https:\\\/\\\/www.aube-champagne.com\\\/fr\\\/\"},{\"@type\":\"ListItem\",\"position\":2,\"name\":\"Troyes une ville pionni\u00e8re pour le \u00ab Toutourisme \u00bb\"}]},{\"@type\":\"WebSite\",\"@id\":\"https:\\\/\\\/www.aube-champagne.com\\\/fr\\\/#website\",\"url\":\"https:\\\/\\\/www.aube-champagne.com\\\/fr\\\/\",\"name\":\"Aube Champagne\",\"description\":\"Aube Champagne\",\"potentialAction\":[{\"@type\":\"SearchAction\",\"target\":{\"@type\":\"EntryPoint\",\"urlTemplate\":\"https:\\\/\\\/www.aube-champagne.com\\\/fr\\\/?s={search_term_string}\"},\"query-input\":{\"@type\":\"PropertyValueSpecification\",\"valueRequired\":true,\"valueName\":\"search_term_string\"}}],\"inLanguage\":\"fr-FR\"}]}<\/script>\n<!-- \/ Yoast SEO plugin. -->","yoast_head_json":{"title":"Troyes une ville pionni\u00e8re pour le \u00ab Toutourisme \u00bb - Aube Champagne","description":"Venez d\u00e9couvrir Troyes avec votre animal de compagnie gr\u00e2ce au Toutourisme","robots":{"index":"index","follow":"follow","max-snippet":"max-snippet:-1","max-image-preview":"max-image-preview:large","max-video-preview":"max-video-preview:-1"},"canonical":"https:\/\/www.aube-champagne.com\/fr\/troyes-une-ville-pionniere-pour-le-toutourisme\/","og_locale":"fr_FR","og_type":"article","og_title":"Troyes une ville pionni\u00e8re pour le \u00ab Toutourisme \u00bb - Aube Champagne","og_description":"Venez d\u00e9couvrir Troyes avec votre animal de compagnie gr\u00e2ce au Toutourisme","og_url":"https:\/\/www.aube-champagne.com\/fr\/troyes-une-ville-pionniere-pour-le-toutourisme\/","og_site_name":"Aube Champagne","article_publisher":"https:\/\/www.facebook.com\/aube.champagne","article_modified_time":"2016-04-15T15:08:41+00:00","og_image":[{"width":770,"height":511,"url":"https:\/\/www.aube-champagne.com\/assets\/uploads\/2016\/02\/chien.jpg","type":"image\/jpeg"}],"twitter_card":"summary_large_image","twitter_site":"@AubeChampagne","twitter_misc":{"Dur\u00e9e de lecture estim\u00e9e":"2 minutes"},"schema":{"@context":"https:\/\/schema.org","@graph":[{"@type":"WebPage","@id":"https:\/\/www.aube-champagne.com\/fr\/troyes-une-ville-pionniere-pour-le-toutourisme\/","url":"https:\/\/www.aube-champagne.com\/fr\/troyes-une-ville-pionniere-pour-le-toutourisme\/","name":"Troyes une ville pionni\u00e8re pour le \u00ab Toutourisme \u00bb - Aube Champagne","isPartOf":{"@id":"https:\/\/www.aube-champagne.com\/fr\/#website"},"primaryImageOfPage":{"@id":"https:\/\/www.aube-champagne.com\/fr\/troyes-une-ville-pionniere-pour-le-toutourisme\/#primaryimage"},"image":{"@id":"https:\/\/www.aube-champagne.com\/fr\/troyes-une-ville-pionniere-pour-le-toutourisme\/#primaryimage"},"thumbnailUrl":"https:\/\/www.aube-champagne.com\/assets\/uploads\/2016\/02\/chien.jpg","datePublished":"2016-02-23T09:38:44+00:00","dateModified":"2016-04-15T15:08:41+00:00","description":"Venez d\u00e9couvrir Troyes avec votre animal de compagnie gr\u00e2ce au Toutourisme","breadcrumb":{"@id":"https:\/\/www.aube-champagne.com\/fr\/troyes-une-ville-pionniere-pour-le-toutourisme\/#breadcrumb"},"inLanguage":"fr-FR","potentialAction":[{"@type":"ReadAction","target":["https:\/\/www.aube-champagne.com\/fr\/troyes-une-ville-pionniere-pour-le-toutourisme\/"]}]},{"@type":"ImageObject","inLanguage":"fr-FR","@id":"https:\/\/www.aube-champagne.com\/fr\/troyes-une-ville-pionniere-pour-le-toutourisme\/#primaryimage","url":"https:\/\/www.aube-champagne.com\/assets\/uploads\/2016\/02\/chien.jpg","contentUrl":"https:\/\/www.aube-champagne.com\/assets\/uploads\/2016\/02\/chien.jpg","width":770,"height":511},{"@type":"BreadcrumbList","@id":"https:\/\/www.aube-champagne.com\/fr\/troyes-une-ville-pionniere-pour-le-toutourisme\/#breadcrumb","itemListElement":[{"@type":"ListItem","position":1,"name":"Accueil","item":"https:\/\/www.aube-champagne.com\/fr\/"},{"@type":"ListItem","position":2,"name":"Troyes une ville pionni\u00e8re pour le \u00ab Toutourisme \u00bb"}]},{"@type":"WebSite","@id":"https:\/\/www.aube-champagne.com\/fr\/#website","url":"https:\/\/www.aube-champagne.com\/fr\/","name":"Aube Champagne","description":"Aube Champagne","potentialAction":[{"@type":"SearchAction","target":{"@type":"EntryPoint","urlTemplate":"https:\/\/www.aube-champagne.com\/fr\/?s={search_term_string}"},"query-input":{"@type":"PropertyValueSpecification","valueRequired":true,"valueName":"search_term_string"}}],"inLanguage":"fr-FR"}]}},"publishpress_future_action":{"enabled":false,"date":"2026-04-12 18:02:14","action":"change-status","newStatus":"draft","terms":[],"taxonomy":"translation_priority","extraData":[]},"publishpress_future_workflow_manual_trigger":{"enabledWorkflows":[]},"_links":{"self":[{"href":"https:\/\/www.aube-champagne.com\/fr\/wp-json\/wp\/v2\/pages\/12907","targetHints":{"allow":["GET"]}}],"collection":[{"href":"https:\/\/www.aube-champagne.com\/fr\/wp-json\/wp\/v2\/pages"}],"about":[{"href":"https:\/\/www.aube-champagne.com\/fr\/wp-json\/wp\/v2\/types\/page"}],"author":[{"embeddable":true,"href":"https:\/\/www.aube-champagne.com\/fr\/wp-json\/wp\/v2\/users\/2"}],"replies":[{"embeddable":true,"href":"https:\/\/www.aube-champagne.com\/fr\/wp-json\/wp\/v2\/comments?post=12907"}],"version-history":[{"count":0,"href":"https:\/\/www.aube-champagne.com\/fr\/wp-json\/wp\/v2\/pages\/12907\/revisions"}],"wp:featuredmedia":[{"embeddable":true,"href":"https:\/\/www.aube-champagne.com\/fr\/wp-json\/wp\/v2\/media\/12939"}],"wp:attachment":[{"href":"https:\/\/www.aube-champagne.com\/fr\/wp-json\/wp\/v2\/media?parent=12907"}],"curies":[{"name":"wp","href":"https:\/\/api.w.org\/{rel}","templated":true}]}}