{"id":13173,"date":"2016-02-29T11:24:03","date_gmt":"2016-02-29T10:24:03","guid":{"rendered":"http:\/\/www.aube-champagne.com\/?page_id=13173"},"modified":"2021-06-29T10:47:05","modified_gmt":"2021-06-29T09:47:05","slug":"nouveau-musee-camille-claudel","status":"publish","type":"page","link":"https:\/\/www.aube-champagne.com\/fr\/nouveau-musee-camille-claudel\/","title":{"rendered":"Mus\u00e9e Camille Claudel"},"content":{"rendered":"<div class=\"wpb-content-wrapper\">[vc_row][vc_column][vc_single_image image=\u00a0\u00bb23688&Prime; img_size=\u00a0\u00bblarge\u00a0\u00bb alignment=\u00a0\u00bbcenter\u00a0\u00bb][vc_column_text]\n<h3 style=\"text-align: center;\"><strong><span style=\"color: #a38989;\">Un mus\u00e9e d\u2019envergure internationale autour d\u2019une artiste majeure\u2026<\/span><\/strong><\/h3>\n[\/vc_column_text][\/vc_column][\/vc_row][vc_row][vc_column][vc_column_text]\n<p style=\"text-align: justify;\">Le <strong>nouveau mus\u00e9e Camille Claudel <\/strong>ouvert depuis\u00a0le 26 mars\u00a02017\u00a0rend hommage \u00e0 l\u0092artiste d\u0092envergure internationale qui v\u00e9cut \u00e0 Nogent-sur-Seine de 1876 \u00e0 1879. Toutes les \u00e9tapes du parcours de Camille Claudel sont repr\u00e9sent\u00e9es dans ce nouveau mus\u00e9e : de ses d\u00e9buts dans la veine naturaliste avec son premier professeur, Alfred Boucher, \u00e0 la p\u00e9riode d\u0092apprentissage puis de totale connivence avec Rodin, dont elle devint la plus proche collaboratrice. Dans ce mus\u00e9e on d\u00e9couvre \u00e9galement les oeuvres de Paul Dubois, Alfred Boucher ou le peintre Boeshwillwald.<\/p>\n[\/vc_column_text][vc_separator][\/vc_column][\/vc_row][vc_row][vc_column width=\u00a0\u00bb1\/2&Prime;][vc_column_text]\n<h4><span style=\"color: #a38989;\">Les premiers pas artistiques d\u2019une surdou\u00e9e\u2026<\/span><\/h4>\n<p style=\"text-align: justify;\">L\u2019artiste Camille Claudel v\u00e9cut \u00e0 Nogent sur Seine de 1876 \u00e0 1879. Trois ann\u00e9es d\u00e9terminantes d\u2019adolescence heureuse et d\u2019insouciance au cours desquelles elle rencontre Alfred Boucher (1850-1934), son premier ma\u00eetre et \u00ab d\u00e9couvreur \u00bb. Il sera l\u2019initiateur de la rencontre avec Auguste Rodin, quelques ann\u00e9es plus tard, en 1882. Ces deux magnifiques cr\u00e9ateurs vivront un amour passionn\u00e9, tumultueux mais h\u00e9las impossible. De l\u00e0 va na\u00eetre une connivence, une r\u00e9elle complicit\u00e9 artistique entre les deux amants. Assez rapidement, Rodin va succomber devant le g\u00e9nie et l\u2019originalit\u00e9 du talent de sa prot\u00e9g\u00e9e. L\u2019\u0153uvre de Camille est marqu\u00e9e par cette idylle ; et c\u2019est de l\u00e0 que l\u2019on per\u00e7oit toute l\u2019originalit\u00e9, la singularit\u00e9, les \u00e9motions, le sens de l\u2019expression dans ses sculptures.<\/p>\n<p>&nbsp;<\/p>\n<h4><\/h4>\n<h4><span style=\"color: #a38989;\">Camille Claudel et la sculpture de son temps\u2026<\/span><\/h4>\n<p style=\"text-align: justify;\">Toutes les \u00e9tapes du parcours de Camille Claudel seront repr\u00e9sent\u00e9es dans ce nouveau mus\u00e9e\u00a0: ses d\u00e9buts dans la veine naturaliste de son premier professeur Alfred Boucher rencontr\u00e9 \u00e0 Nogent-sur-Seine, la p\u00e9riode d&rsquo;apprentissage puis de totale connivence avec Rodin, dont elle devint la plus proche collaboratrice. La confrontation d\u2019\u0153uvres de m\u00eames th\u00e8mes trait\u00e9s par les deux artistes montre l&rsquo;\u00e9volution de Camille Claudel au sein de l&rsquo;atelier de Rodin, de l&rsquo;influence, \u00e0 l&rsquo;osmose, au d\u00e9tachement. Toutes les \u00e9tapes de son \u00e9volution sont repr\u00e9sent\u00e9es autour de ses \u0153uvres majeures tels que <em>Sakountala<\/em>, les portraits de son F<em>r\u00e8re Paul<\/em> <em>en jeune romain, <\/em>de <em>Rodin, Giganti, l&rsquo;Aurore, la Valse, l&rsquo;Age m\u00fbr, l&rsquo;Implorante, les Causeuses, Profonde pens\u00e9e, Joueuse de fl\u00fbte, Pers\u00e9e et la Gorgone&#8230;.<\/em><\/p>\n<p><a href=\"http:\/\/www.museecamilleclaudel.fr\/\" target=\"_blank\" rel=\"noopener noreferrer\"><span style=\"color: #a38989;\">www.museecamilleclaudel.com<\/span><\/a>[\/vc_column_text][\/vc_column][vc_column width=\u00a0\u00bb1\/2&Prime;][vc_media_grid element_width=\u00a0\u00bb3&Prime; gap=\u00a0\u00bb2&Prime; item=\u00a0\u00bbmediaGrid_SimpleOverlay\u00a0\u00bb grid_id=\u00a0\u00bbvc_gid:1624959956977-fe38c3ce-0f2a-8&Prime; include=\u00a0\u00bb13186,13198,13193,13174&Prime;][vc_separator][vc_video link=\u00a0\u00bbhttps:\/\/youtu.be\/XwKjRJaAiHo\u00a0\u00bb][\/vc_column][\/vc_row][vc_row][vc_column][vc_separator border_width=\u00a0\u00bb2&Prime;][vc_row_inner][vc_column_inner width=\u00a0\u00bb1\/3&Prime;][vc_single_image image=\u00a0\u00bb33917&Prime; img_size=\u00a0\u00bbmedium\u00a0\u00bb alignment=\u00a0\u00bbcenter\u00a0\u00bb][\/vc_column_inner][vc_column_inner width=\u00a0\u00bb2\/3&Prime;][vc_empty_space][vc_column_text]\n<h4><span style=\"color: #a38989;\">Cette ann\u00e9e au Mus\u00e9e Camille Claudel&#8230;<\/span><\/h4>\n[\/vc_column_text][vc_column_text]\n<ul>\n<li>A partir du 22 juin, le mus\u00e9e proposera sa deuxi\u00e8me <a href=\"https:\/\/www.aube-champagne.com\/fr\/poi\/a-rebrousse-temps-exposition-temporaire-musee-camille-claudel\/\">exposition temporaire<\/a> au travers un parcours d\u2019art moderne et contemporain qui se d\u00e9ploiera dans les diff\u00e9rentes salles d&rsquo;exposition.<\/li>\n<li>Du 2 au 7 avril, le mus\u00e9e propose une semaine ax\u00e9e sur l&rsquo;accessibilit\u00e9 aux personnes en situation de handicap. Au programme, diff\u00e9rentes visites th\u00e9matiques et des ateliers qui \u00e9veilleront vos sens.<\/li>\n<\/ul>\n[\/vc_column_text][vc_btn title=\u00a0\u00bbVoir le calendrier complet \u00a0\u00bb align=\u00a0\u00bbleft\u00a0\u00bb link=\u00a0\u00bburl:http%3A%2F%2Fwww.museecamilleclaudel.fr%2Ffr%2Factivites%2Fagenda||target:%20_blank|\u00a0\u00bb][vc_empty_space][\/vc_column_inner][\/vc_row_inner][\/vc_column][\/vc_row]\n<\/div>","protected":false},"excerpt":{"rendered":"<p>[vc_row][vc_column][vc_single_image image=\u00a0\u00bb23688&Prime; img_size=\u00a0\u00bblarge\u00a0\u00bb alignment=\u00a0\u00bbcenter\u00a0\u00bb][vc_column_text] Un mus\u00e9e d\u2019envergure internationale autour d\u2019une artiste majeure\u2026 [\/vc_column_text][\/vc_column][\/vc_row][vc_row][vc_column][vc_column_text] Le nouveau mus\u00e9e Camille Claudel ouvert depuis\u00a0le 26 mars\u00a02017\u00a0rend hommage \u00e0 l\u0092artiste d\u0092envergure internationale qui v\u00e9cut \u00e0 Nogent-sur-Seine de 1876 \u00e0 1879. Toutes les \u00e9tapes du parcours de Camille Claudel sont repr\u00e9sent\u00e9es&hellip;  <a href=\"https:\/\/www.aube-champagne.com\/fr\/nouveau-musee-camille-claudel\/\" title=\"Read Mus\u00e9e Camille Claudel\">En savoir plus&raquo;<\/a><\/p>\n","protected":false},"author":2,"featured_media":13504,"parent":0,"menu_order":0,"comment_status":"closed","ping_status":"closed","template":"","meta":{"footnotes":""},"class_list":["post-13173","page","type-page","status-publish","has-post-thumbnail","hentry"],"yoast_head":"<!-- This site is optimized with the Yoast SEO plugin v27.4 - https:\/\/yoast.com\/product\/yoast-seo-wordpress\/ -->\n<title>Mus\u00e9e Camille Claudel - Aube Champagne<\/title>\n<meta name=\"description\" content=\"Le nouveau mus\u00e9e Camille Claudel ouvrira ses portes d\u00e8s l&#039;\u00e9t\u00e9 2016\" \/>\n<meta name=\"robots\" content=\"index, follow, max-snippet:-1, max-image-preview:large, max-video-preview:-1\" \/>\n<link rel=\"canonical\" href=\"https:\/\/www.aube-champagne.com\/fr\/nouveau-musee-camille-claudel\/\" \/>\n<meta property=\"og:locale\" content=\"fr_FR\" \/>\n<meta property=\"og:type\" content=\"article\" \/>\n<meta property=\"og:title\" content=\"Mus\u00e9e Camille Claudel - Aube Champagne\" \/>\n<meta property=\"og:description\" content=\"Le nouveau mus\u00e9e Camille Claudel ouvrira ses portes d\u00e8s l&#039;\u00e9t\u00e9 2016\" \/>\n<meta property=\"og:url\" content=\"https:\/\/www.aube-champagne.com\/fr\/nouveau-musee-camille-claudel\/\" \/>\n<meta property=\"og:site_name\" content=\"Aube Champagne\" \/>\n<meta property=\"article:publisher\" content=\"https:\/\/www.facebook.com\/aube.champagne\" \/>\n<meta property=\"article:modified_time\" content=\"2021-06-29T09:47:05+00:00\" \/>\n<meta property=\"og:image\" content=\"https:\/\/www.aube-champagne.com\/assets\/uploads\/2016\/02\/la-valse.jpg\" \/>\n\t<meta property=\"og:image:width\" content=\"2048\" \/>\n\t<meta property=\"og:image:height\" content=\"1187\" \/>\n\t<meta property=\"og:image:type\" content=\"image\/jpeg\" \/>\n<meta name=\"twitter:card\" content=\"summary_large_image\" \/>\n<meta name=\"twitter:site\" content=\"@AubeChampagne\" \/>\n<meta name=\"twitter:label1\" content=\"Dur\u00e9e de lecture estim\u00e9e\" \/>\n\t<meta name=\"twitter:data1\" content=\"3 minutes\" \/>\n<script type=\"application\/ld+json\" class=\"yoast-schema-graph\">{\"@context\":\"https:\\\/\\\/schema.org\",\"@graph\":[{\"@type\":\"WebPage\",\"@id\":\"https:\\\/\\\/www.aube-champagne.com\\\/fr\\\/nouveau-musee-camille-claudel\\\/\",\"url\":\"https:\\\/\\\/www.aube-champagne.com\\\/fr\\\/nouveau-musee-camille-claudel\\\/\",\"name\":\"Mus\u00e9e Camille Claudel - Aube Champagne\",\"isPartOf\":{\"@id\":\"https:\\\/\\\/www.aube-champagne.com\\\/fr\\\/#website\"},\"primaryImageOfPage\":{\"@id\":\"https:\\\/\\\/www.aube-champagne.com\\\/fr\\\/nouveau-musee-camille-claudel\\\/#primaryimage\"},\"image\":{\"@id\":\"https:\\\/\\\/www.aube-champagne.com\\\/fr\\\/nouveau-musee-camille-claudel\\\/#primaryimage\"},\"thumbnailUrl\":\"https:\\\/\\\/www.aube-champagne.com\\\/assets\\\/uploads\\\/2016\\\/02\\\/la-valse.jpg\",\"datePublished\":\"2016-02-29T10:24:03+00:00\",\"dateModified\":\"2021-06-29T09:47:05+00:00\",\"description\":\"Le nouveau mus\u00e9e Camille Claudel ouvrira ses portes d\u00e8s l'\u00e9t\u00e9 2016\",\"breadcrumb\":{\"@id\":\"https:\\\/\\\/www.aube-champagne.com\\\/fr\\\/nouveau-musee-camille-claudel\\\/#breadcrumb\"},\"inLanguage\":\"fr-FR\",\"potentialAction\":[{\"@type\":\"ReadAction\",\"target\":[\"https:\\\/\\\/www.aube-champagne.com\\\/fr\\\/nouveau-musee-camille-claudel\\\/\"]}]},{\"@type\":\"ImageObject\",\"inLanguage\":\"fr-FR\",\"@id\":\"https:\\\/\\\/www.aube-champagne.com\\\/fr\\\/nouveau-musee-camille-claudel\\\/#primaryimage\",\"url\":\"https:\\\/\\\/www.aube-champagne.com\\\/assets\\\/uploads\\\/2016\\\/02\\\/la-valse.jpg\",\"contentUrl\":\"https:\\\/\\\/www.aube-champagne.com\\\/assets\\\/uploads\\\/2016\\\/02\\\/la-valse.jpg\",\"width\":2048,\"height\":1187},{\"@type\":\"BreadcrumbList\",\"@id\":\"https:\\\/\\\/www.aube-champagne.com\\\/fr\\\/nouveau-musee-camille-claudel\\\/#breadcrumb\",\"itemListElement\":[{\"@type\":\"ListItem\",\"position\":1,\"name\":\"Accueil\",\"item\":\"https:\\\/\\\/www.aube-champagne.com\\\/fr\\\/\"},{\"@type\":\"ListItem\",\"position\":2,\"name\":\"Mus\u00e9e Camille Claudel\"}]},{\"@type\":\"WebSite\",\"@id\":\"https:\\\/\\\/www.aube-champagne.com\\\/fr\\\/#website\",\"url\":\"https:\\\/\\\/www.aube-champagne.com\\\/fr\\\/\",\"name\":\"Aube Champagne\",\"description\":\"Aube Champagne\",\"potentialAction\":[{\"@type\":\"SearchAction\",\"target\":{\"@type\":\"EntryPoint\",\"urlTemplate\":\"https:\\\/\\\/www.aube-champagne.com\\\/fr\\\/?s={search_term_string}\"},\"query-input\":{\"@type\":\"PropertyValueSpecification\",\"valueRequired\":true,\"valueName\":\"search_term_string\"}}],\"inLanguage\":\"fr-FR\"}]}<\/script>\n<!-- \/ Yoast SEO plugin. -->","yoast_head_json":{"title":"Mus\u00e9e Camille Claudel - Aube Champagne","description":"Le nouveau mus\u00e9e Camille Claudel ouvrira ses portes d\u00e8s l'\u00e9t\u00e9 2016","robots":{"index":"index","follow":"follow","max-snippet":"max-snippet:-1","max-image-preview":"max-image-preview:large","max-video-preview":"max-video-preview:-1"},"canonical":"https:\/\/www.aube-champagne.com\/fr\/nouveau-musee-camille-claudel\/","og_locale":"fr_FR","og_type":"article","og_title":"Mus\u00e9e Camille Claudel - Aube Champagne","og_description":"Le nouveau mus\u00e9e Camille Claudel ouvrira ses portes d\u00e8s l'\u00e9t\u00e9 2016","og_url":"https:\/\/www.aube-champagne.com\/fr\/nouveau-musee-camille-claudel\/","og_site_name":"Aube Champagne","article_publisher":"https:\/\/www.facebook.com\/aube.champagne","article_modified_time":"2021-06-29T09:47:05+00:00","og_image":[{"width":2048,"height":1187,"url":"https:\/\/www.aube-champagne.com\/assets\/uploads\/2016\/02\/la-valse.jpg","type":"image\/jpeg"}],"twitter_card":"summary_large_image","twitter_site":"@AubeChampagne","twitter_misc":{"Dur\u00e9e de lecture estim\u00e9e":"3 minutes"},"schema":{"@context":"https:\/\/schema.org","@graph":[{"@type":"WebPage","@id":"https:\/\/www.aube-champagne.com\/fr\/nouveau-musee-camille-claudel\/","url":"https:\/\/www.aube-champagne.com\/fr\/nouveau-musee-camille-claudel\/","name":"Mus\u00e9e Camille Claudel - Aube Champagne","isPartOf":{"@id":"https:\/\/www.aube-champagne.com\/fr\/#website"},"primaryImageOfPage":{"@id":"https:\/\/www.aube-champagne.com\/fr\/nouveau-musee-camille-claudel\/#primaryimage"},"image":{"@id":"https:\/\/www.aube-champagne.com\/fr\/nouveau-musee-camille-claudel\/#primaryimage"},"thumbnailUrl":"https:\/\/www.aube-champagne.com\/assets\/uploads\/2016\/02\/la-valse.jpg","datePublished":"2016-02-29T10:24:03+00:00","dateModified":"2021-06-29T09:47:05+00:00","description":"Le nouveau mus\u00e9e Camille Claudel ouvrira ses portes d\u00e8s l'\u00e9t\u00e9 2016","breadcrumb":{"@id":"https:\/\/www.aube-champagne.com\/fr\/nouveau-musee-camille-claudel\/#breadcrumb"},"inLanguage":"fr-FR","potentialAction":[{"@type":"ReadAction","target":["https:\/\/www.aube-champagne.com\/fr\/nouveau-musee-camille-claudel\/"]}]},{"@type":"ImageObject","inLanguage":"fr-FR","@id":"https:\/\/www.aube-champagne.com\/fr\/nouveau-musee-camille-claudel\/#primaryimage","url":"https:\/\/www.aube-champagne.com\/assets\/uploads\/2016\/02\/la-valse.jpg","contentUrl":"https:\/\/www.aube-champagne.com\/assets\/uploads\/2016\/02\/la-valse.jpg","width":2048,"height":1187},{"@type":"BreadcrumbList","@id":"https:\/\/www.aube-champagne.com\/fr\/nouveau-musee-camille-claudel\/#breadcrumb","itemListElement":[{"@type":"ListItem","position":1,"name":"Accueil","item":"https:\/\/www.aube-champagne.com\/fr\/"},{"@type":"ListItem","position":2,"name":"Mus\u00e9e Camille Claudel"}]},{"@type":"WebSite","@id":"https:\/\/www.aube-champagne.com\/fr\/#website","url":"https:\/\/www.aube-champagne.com\/fr\/","name":"Aube Champagne","description":"Aube Champagne","potentialAction":[{"@type":"SearchAction","target":{"@type":"EntryPoint","urlTemplate":"https:\/\/www.aube-champagne.com\/fr\/?s={search_term_string}"},"query-input":{"@type":"PropertyValueSpecification","valueRequired":true,"valueName":"search_term_string"}}],"inLanguage":"fr-FR"}]}},"publishpress_future_action":{"enabled":false,"date":"2026-04-22 17:05:22","action":"change-status","newStatus":"draft","terms":[],"taxonomy":"translation_priority","extraData":[]},"publishpress_future_workflow_manual_trigger":{"enabledWorkflows":[]},"_links":{"self":[{"href":"https:\/\/www.aube-champagne.com\/fr\/wp-json\/wp\/v2\/pages\/13173","targetHints":{"allow":["GET"]}}],"collection":[{"href":"https:\/\/www.aube-champagne.com\/fr\/wp-json\/wp\/v2\/pages"}],"about":[{"href":"https:\/\/www.aube-champagne.com\/fr\/wp-json\/wp\/v2\/types\/page"}],"author":[{"embeddable":true,"href":"https:\/\/www.aube-champagne.com\/fr\/wp-json\/wp\/v2\/users\/2"}],"replies":[{"embeddable":true,"href":"https:\/\/www.aube-champagne.com\/fr\/wp-json\/wp\/v2\/comments?post=13173"}],"version-history":[{"count":3,"href":"https:\/\/www.aube-champagne.com\/fr\/wp-json\/wp\/v2\/pages\/13173\/revisions"}],"predecessor-version":[{"id":43841,"href":"https:\/\/www.aube-champagne.com\/fr\/wp-json\/wp\/v2\/pages\/13173\/revisions\/43841"}],"wp:featuredmedia":[{"embeddable":true,"href":"https:\/\/www.aube-champagne.com\/fr\/wp-json\/wp\/v2\/media\/13504"}],"wp:attachment":[{"href":"https:\/\/www.aube-champagne.com\/fr\/wp-json\/wp\/v2\/media?parent=13173"}],"curies":[{"name":"wp","href":"https:\/\/api.w.org\/{rel}","templated":true}]}}