{"id":14578,"date":"2016-10-26T11:06:22","date_gmt":"2016-10-26T10:06:22","guid":{"rendered":"http:\/\/www.aube-champagne.com\/?page_id=14578"},"modified":"2021-06-29T11:10:58","modified_gmt":"2021-06-29T10:10:58","slug":"blog-soyez-surpris","status":"publish","type":"page","link":"https:\/\/www.aube-champagne.com\/fr\/blog-soyez-surpris\/","title":{"rendered":"L&rsquo;Aube, Soyez Surpris !"},"content":{"rendered":"<div class=\"wpb-content-wrapper\">[vc_row][vc_column width=\u00a0\u00bb5\/6&Prime;][vc_column_text]\n<h2>Le blog de l&rsquo;Aube en Champagne<\/h2>\n<h2>D\u00e9couvrez et appr\u00e9ciez\u00a0 les r\u00e9cits, anecdotes des testeurs &#8211; reporteurs aubois.<\/h2>\n<p>Ils ont d\u00e9nich\u00e9 pour vous quelques bonnes id\u00e9es de sorties, sites \u00e0 d\u00e9couvrir et bons plans en familles \u00e0 travers le territoire de l&rsquo;Aube en Champagne. Ce blog est un espace collaboratif o\u00f9 vous d\u00e9couvrirez et partagerez votre exp\u00e9rience de l&rsquo;Aube. Alors que vous soyez en famille, passionn\u00e9 de gastronomie, f\u00e9ru d&rsquo;histoire et de culture, amoureux de la nature, fou de sport ou tout simplement curieux &#8230; vous appr\u00e9cierez les billets du blog Aube Soyez surpris.[\/vc_column_text][vc_basic_grid post_type=\u00a0\u00bbpost\u00a0\u00bb max_items=\u00a0\u00bb-1&Prime; style=\u00a0\u00bbpagination\u00a0\u00bb items_per_page=\u00a0\u00bb9&Prime; show_filter=\u00a0\u00bbyes\u00a0\u00bb filter_style=\u00a0\u00bbbordered\u00a0\u00bb filter_color=\u00a0\u00bbsky\u00a0\u00bb arrows_design=\u00a0\u00bbvc_arrow-icon-arrow_02_left\u00a0\u00bb arrows_color=\u00a0\u00bbsky\u00a0\u00bb paging_design=\u00a0\u00bbpagination_rounded\u00a0\u00bb paging_color=\u00a0\u00bbsky\u00a0\u00bb item=\u00a0\u00bbbasicGrid_VerticalFlip\u00a0\u00bb grid_id=\u00a0\u00bbvc_gid:1624961387537-60b11bc6-89e5-6&Prime; filter_source=\u00a0\u00bbcategory\u00a0\u00bb paging_animation_in=\u00a0\u00bbfadeIn\u00a0\u00bb paging_animation_out=\u00a0\u00bbfadeOut\u00a0\u00bb exclude_filter=\u00a0\u00bb1, 1438, 1429&Prime;][\/vc_column][vc_column width=\u00a0\u00bb1\/6&Prime;][vc_wp_search title=\u00a0\u00bbRecherchez un article du blog\u00a0\u00bb][vc_wp_tagcloud title=\u00a0\u00bbMots cl\u00e9s\u00a0\u00bb taxonomy=\u00a0\u00bbpost_tag\u00a0\u00bb][\/vc_column][\/vc_row]\n<\/div>","protected":false},"excerpt":{"rendered":"<p>[vc_row][vc_column width=\u00a0\u00bb5\/6&Prime;][vc_column_text] Le blog de l&rsquo;Aube en Champagne D\u00e9couvrez et appr\u00e9ciez\u00a0 les r\u00e9cits, anecdotes des testeurs &#8211; reporteurs aubois. Ils ont d\u00e9nich\u00e9 pour vous quelques bonnes id\u00e9es de sorties, sites \u00e0 d\u00e9couvrir et bons plans en familles \u00e0 travers le territoire de l&rsquo;Aube en Champagne.&hellip;  <a href=\"https:\/\/www.aube-champagne.com\/fr\/blog-soyez-surpris\/\" title=\"Read L&rsquo;Aube, Soyez Surpris !\">En savoir plus&raquo;<\/a><\/p>\n","protected":false},"author":3,"featured_media":21246,"parent":0,"menu_order":0,"comment_status":"closed","ping_status":"closed","template":"","meta":{"footnotes":""},"class_list":["post-14578","page","type-page","status-publish","has-post-thumbnail","hentry"],"yoast_head":"<!-- This site is optimized with the Yoast SEO plugin v27.4 - https:\/\/yoast.com\/product\/yoast-seo-wordpress\/ -->\n<title>Le blog de l&#039;Aube ... Ils ont test\u00e9 pour vous et vous raconte leurs exp\u00e9riences<\/title>\n<meta name=\"description\" content=\"Vous avez assist\u00e9 \u00e0 un \u00e9v\u00e9nement dans la r\u00e9gion d&#039;Aube en Champagne, vous souhaitez partager avec nous vos commentaires et votre exp\u00e9rience personnelle\" \/>\n<meta name=\"robots\" content=\"index, follow, max-snippet:-1, max-image-preview:large, max-video-preview:-1\" \/>\n<link rel=\"canonical\" href=\"https:\/\/www.aube-champagne.com\/fr\/blog-soyez-surpris\/\" \/>\n<meta property=\"og:locale\" content=\"fr_FR\" \/>\n<meta property=\"og:type\" content=\"article\" \/>\n<meta property=\"og:title\" content=\"Le blog de l&#039;Aube ... Ils ont test\u00e9 pour vous et vous raconte leurs exp\u00e9riences\" \/>\n<meta property=\"og:description\" content=\"Vous avez assist\u00e9 \u00e0 un \u00e9v\u00e9nement dans la r\u00e9gion d&#039;Aube en Champagne, vous souhaitez partager avec nous vos commentaires et votre exp\u00e9rience personnelle\" \/>\n<meta property=\"og:url\" content=\"https:\/\/www.aube-champagne.com\/fr\/blog-soyez-surpris\/\" \/>\n<meta property=\"og:site_name\" content=\"Aube Champagne\" \/>\n<meta property=\"article:publisher\" content=\"https:\/\/www.facebook.com\/aube.champagne\" \/>\n<meta property=\"article:modified_time\" content=\"2021-06-29T10:10:58+00:00\" \/>\n<meta property=\"og:image\" content=\"https:\/\/www.aube-champagne.com\/assets\/uploads\/2016\/10\/logo-soyez-surpris-header.png\" \/>\n\t<meta property=\"og:image:width\" content=\"220\" \/>\n\t<meta property=\"og:image:height\" content=\"72\" \/>\n\t<meta property=\"og:image:type\" content=\"image\/png\" \/>\n<meta name=\"twitter:card\" content=\"summary_large_image\" \/>\n<meta name=\"twitter:site\" content=\"@AubeChampagne\" \/>\n<meta name=\"twitter:label1\" content=\"Dur\u00e9e de lecture estim\u00e9e\" \/>\n\t<meta name=\"twitter:data1\" content=\"1 minute\" \/>\n<script type=\"application\/ld+json\" class=\"yoast-schema-graph\">{\"@context\":\"https:\\\/\\\/schema.org\",\"@graph\":[{\"@type\":\"WebPage\",\"@id\":\"https:\\\/\\\/www.aube-champagne.com\\\/fr\\\/blog-soyez-surpris\\\/\",\"url\":\"https:\\\/\\\/www.aube-champagne.com\\\/fr\\\/blog-soyez-surpris\\\/\",\"name\":\"Le blog de l'Aube ... Ils ont test\u00e9 pour vous et vous raconte leurs exp\u00e9riences\",\"isPartOf\":{\"@id\":\"https:\\\/\\\/www.aube-champagne.com\\\/fr\\\/#website\"},\"primaryImageOfPage\":{\"@id\":\"https:\\\/\\\/www.aube-champagne.com\\\/fr\\\/blog-soyez-surpris\\\/#primaryimage\"},\"image\":{\"@id\":\"https:\\\/\\\/www.aube-champagne.com\\\/fr\\\/blog-soyez-surpris\\\/#primaryimage\"},\"thumbnailUrl\":\"https:\\\/\\\/www.aube-champagne.com\\\/assets\\\/uploads\\\/2016\\\/10\\\/logo-soyez-surpris-header.png\",\"datePublished\":\"2016-10-26T10:06:22+00:00\",\"dateModified\":\"2021-06-29T10:10:58+00:00\",\"description\":\"Vous avez assist\u00e9 \u00e0 un \u00e9v\u00e9nement dans la r\u00e9gion d'Aube en Champagne, vous souhaitez partager avec nous vos commentaires et votre exp\u00e9rience personnelle\",\"breadcrumb\":{\"@id\":\"https:\\\/\\\/www.aube-champagne.com\\\/fr\\\/blog-soyez-surpris\\\/#breadcrumb\"},\"inLanguage\":\"fr-FR\",\"potentialAction\":[{\"@type\":\"ReadAction\",\"target\":[\"https:\\\/\\\/www.aube-champagne.com\\\/fr\\\/blog-soyez-surpris\\\/\"]}]},{\"@type\":\"ImageObject\",\"inLanguage\":\"fr-FR\",\"@id\":\"https:\\\/\\\/www.aube-champagne.com\\\/fr\\\/blog-soyez-surpris\\\/#primaryimage\",\"url\":\"https:\\\/\\\/www.aube-champagne.com\\\/assets\\\/uploads\\\/2016\\\/10\\\/logo-soyez-surpris-header.png\",\"contentUrl\":\"https:\\\/\\\/www.aube-champagne.com\\\/assets\\\/uploads\\\/2016\\\/10\\\/logo-soyez-surpris-header.png\",\"width\":220,\"height\":72},{\"@type\":\"BreadcrumbList\",\"@id\":\"https:\\\/\\\/www.aube-champagne.com\\\/fr\\\/blog-soyez-surpris\\\/#breadcrumb\",\"itemListElement\":[{\"@type\":\"ListItem\",\"position\":1,\"name\":\"Accueil\",\"item\":\"https:\\\/\\\/www.aube-champagne.com\\\/fr\\\/\"},{\"@type\":\"ListItem\",\"position\":2,\"name\":\"L&rsquo;Aube, Soyez Surpris !\"}]},{\"@type\":\"WebSite\",\"@id\":\"https:\\\/\\\/www.aube-champagne.com\\\/fr\\\/#website\",\"url\":\"https:\\\/\\\/www.aube-champagne.com\\\/fr\\\/\",\"name\":\"Aube Champagne\",\"description\":\"Aube Champagne\",\"potentialAction\":[{\"@type\":\"SearchAction\",\"target\":{\"@type\":\"EntryPoint\",\"urlTemplate\":\"https:\\\/\\\/www.aube-champagne.com\\\/fr\\\/?s={search_term_string}\"},\"query-input\":{\"@type\":\"PropertyValueSpecification\",\"valueRequired\":true,\"valueName\":\"search_term_string\"}}],\"inLanguage\":\"fr-FR\"}]}<\/script>\n<!-- \/ Yoast SEO plugin. -->","yoast_head_json":{"title":"Le blog de l'Aube ... Ils ont test\u00e9 pour vous et vous raconte leurs exp\u00e9riences","description":"Vous avez assist\u00e9 \u00e0 un \u00e9v\u00e9nement dans la r\u00e9gion d'Aube en Champagne, vous souhaitez partager avec nous vos commentaires et votre exp\u00e9rience personnelle","robots":{"index":"index","follow":"follow","max-snippet":"max-snippet:-1","max-image-preview":"max-image-preview:large","max-video-preview":"max-video-preview:-1"},"canonical":"https:\/\/www.aube-champagne.com\/fr\/blog-soyez-surpris\/","og_locale":"fr_FR","og_type":"article","og_title":"Le blog de l'Aube ... Ils ont test\u00e9 pour vous et vous raconte leurs exp\u00e9riences","og_description":"Vous avez assist\u00e9 \u00e0 un \u00e9v\u00e9nement dans la r\u00e9gion d'Aube en Champagne, vous souhaitez partager avec nous vos commentaires et votre exp\u00e9rience personnelle","og_url":"https:\/\/www.aube-champagne.com\/fr\/blog-soyez-surpris\/","og_site_name":"Aube Champagne","article_publisher":"https:\/\/www.facebook.com\/aube.champagne","article_modified_time":"2021-06-29T10:10:58+00:00","og_image":[{"width":220,"height":72,"url":"https:\/\/www.aube-champagne.com\/assets\/uploads\/2016\/10\/logo-soyez-surpris-header.png","type":"image\/png"}],"twitter_card":"summary_large_image","twitter_site":"@AubeChampagne","twitter_misc":{"Dur\u00e9e de lecture estim\u00e9e":"1 minute"},"schema":{"@context":"https:\/\/schema.org","@graph":[{"@type":"WebPage","@id":"https:\/\/www.aube-champagne.com\/fr\/blog-soyez-surpris\/","url":"https:\/\/www.aube-champagne.com\/fr\/blog-soyez-surpris\/","name":"Le blog de l'Aube ... Ils ont test\u00e9 pour vous et vous raconte leurs exp\u00e9riences","isPartOf":{"@id":"https:\/\/www.aube-champagne.com\/fr\/#website"},"primaryImageOfPage":{"@id":"https:\/\/www.aube-champagne.com\/fr\/blog-soyez-surpris\/#primaryimage"},"image":{"@id":"https:\/\/www.aube-champagne.com\/fr\/blog-soyez-surpris\/#primaryimage"},"thumbnailUrl":"https:\/\/www.aube-champagne.com\/assets\/uploads\/2016\/10\/logo-soyez-surpris-header.png","datePublished":"2016-10-26T10:06:22+00:00","dateModified":"2021-06-29T10:10:58+00:00","description":"Vous avez assist\u00e9 \u00e0 un \u00e9v\u00e9nement dans la r\u00e9gion d'Aube en Champagne, vous souhaitez partager avec nous vos commentaires et votre exp\u00e9rience personnelle","breadcrumb":{"@id":"https:\/\/www.aube-champagne.com\/fr\/blog-soyez-surpris\/#breadcrumb"},"inLanguage":"fr-FR","potentialAction":[{"@type":"ReadAction","target":["https:\/\/www.aube-champagne.com\/fr\/blog-soyez-surpris\/"]}]},{"@type":"ImageObject","inLanguage":"fr-FR","@id":"https:\/\/www.aube-champagne.com\/fr\/blog-soyez-surpris\/#primaryimage","url":"https:\/\/www.aube-champagne.com\/assets\/uploads\/2016\/10\/logo-soyez-surpris-header.png","contentUrl":"https:\/\/www.aube-champagne.com\/assets\/uploads\/2016\/10\/logo-soyez-surpris-header.png","width":220,"height":72},{"@type":"BreadcrumbList","@id":"https:\/\/www.aube-champagne.com\/fr\/blog-soyez-surpris\/#breadcrumb","itemListElement":[{"@type":"ListItem","position":1,"name":"Accueil","item":"https:\/\/www.aube-champagne.com\/fr\/"},{"@type":"ListItem","position":2,"name":"L&rsquo;Aube, Soyez Surpris !"}]},{"@type":"WebSite","@id":"https:\/\/www.aube-champagne.com\/fr\/#website","url":"https:\/\/www.aube-champagne.com\/fr\/","name":"Aube Champagne","description":"Aube Champagne","potentialAction":[{"@type":"SearchAction","target":{"@type":"EntryPoint","urlTemplate":"https:\/\/www.aube-champagne.com\/fr\/?s={search_term_string}"},"query-input":{"@type":"PropertyValueSpecification","valueRequired":true,"valueName":"search_term_string"}}],"inLanguage":"fr-FR"}]}},"publishpress_future_action":{"enabled":false,"date":"2026-04-30 23:30:41","action":"change-status","newStatus":"draft","terms":[],"taxonomy":"translation_priority","extraData":[]},"publishpress_future_workflow_manual_trigger":{"enabledWorkflows":[]},"_links":{"self":[{"href":"https:\/\/www.aube-champagne.com\/fr\/wp-json\/wp\/v2\/pages\/14578","targetHints":{"allow":["GET"]}}],"collection":[{"href":"https:\/\/www.aube-champagne.com\/fr\/wp-json\/wp\/v2\/pages"}],"about":[{"href":"https:\/\/www.aube-champagne.com\/fr\/wp-json\/wp\/v2\/types\/page"}],"author":[{"embeddable":true,"href":"https:\/\/www.aube-champagne.com\/fr\/wp-json\/wp\/v2\/users\/3"}],"replies":[{"embeddable":true,"href":"https:\/\/www.aube-champagne.com\/fr\/wp-json\/wp\/v2\/comments?post=14578"}],"version-history":[{"count":1,"href":"https:\/\/www.aube-champagne.com\/fr\/wp-json\/wp\/v2\/pages\/14578\/revisions"}],"predecessor-version":[{"id":43852,"href":"https:\/\/www.aube-champagne.com\/fr\/wp-json\/wp\/v2\/pages\/14578\/revisions\/43852"}],"wp:featuredmedia":[{"embeddable":true,"href":"https:\/\/www.aube-champagne.com\/fr\/wp-json\/wp\/v2\/media\/21246"}],"wp:attachment":[{"href":"https:\/\/www.aube-champagne.com\/fr\/wp-json\/wp\/v2\/media?parent=14578"}],"curies":[{"name":"wp","href":"https:\/\/api.w.org\/{rel}","templated":true}]}}