{"id":15391,"date":"2016-06-07T13:14:08","date_gmt":"2016-06-07T12:14:08","guid":{"rendered":"http:\/\/www.aube-champagne.com\/fr\/?page_id=15391"},"modified":"2017-03-01T09:34:31","modified_gmt":"2017-03-01T08:34:31","slug":"jeu-concours-48-heures-automobiles","status":"publish","type":"page","link":"https:\/\/www.aube-champagne.com\/fr\/jeu-concours-48-heures-automobiles\/","title":{"rendered":"Jeu concours \u00ab\u00a048 heures automobiles\u00a0\u00bb"},"content":{"rendered":"<div class=\"wpb-content-wrapper\">[vc_row][vc_column][vc_empty_space height=\u00a0\u00bb100px\u00a0\u00bb][vc_column_text]\n<h2 style=\"text-align: center;\">Jeu concours termin\u00e9<\/h2>\n<h3 style=\"text-align: center;\">Retrouvez toutes les informations des 48 heures sur : <span style=\"color: #ff6600;\"><a style=\"color: #ff6600;\" href=\"http:\/\/www.48heures.com\" target=\"_blank\">www.48heures.com<\/a><\/span><\/h3>\n<p>&nbsp;<\/p>\n<p><span style=\"color: #ff6600;\">Lot : Une journ\u00e9e rallye promenade en voiture de collection<\/span><\/p>\n<p>Participez \u00e0 notre jeu concours et passez une journ\u00e9e inoubliable \u00e0 bord d&rsquo;une voiture de collection.<\/p>\n<p style=\"text-align: justify;\">Rallye promenade valable pour deux personnes le 10 septembre 2016.<\/p>\n<p style=\"text-align: justify;\"><span style=\"color: #ff6600;\"><strong><u>Descriptif de la journ\u00e9e\u00a0:<\/u><\/strong><\/span><\/p>\n<ul>\n<li style=\"text-align: justify;\">09 h 00 : rendez-vous sur le parking d\u2019Intermarch\u00e9 \u00e0 Saint Julien les Villas<\/li>\n<li style=\"text-align: justify;\">De 9 h 00 \u00e0 12 h 00\u00a0: rallyes promenades \u00e0 la d\u00e9couverte du patrimoine et vignoble champenois<\/li>\n<li style=\"text-align: justify;\">12 h 00\u00a0: d\u00e9jeuner \u00e0 Bar sur Seine<\/li>\n<li style=\"text-align: justify;\">14 h 00 : retour vers Saint Julien les Villas par les routes buissonni\u00e8res de l\u2019Aube<\/li>\n<li style=\"text-align: justify;\">16 h 00 \u00e0 18 h 00 : exposition des v\u00e9hicules \u00e0 Saint Julien les Villas<\/li>\n<\/ul>\n[\/vc_column_text][\/vc_column][\/vc_row]\n<\/div>","protected":false},"excerpt":{"rendered":"<p>[vc_row][vc_column][vc_empty_space height=\u00a0\u00bb100px\u00a0\u00bb][vc_column_text] Jeu concours termin\u00e9 Retrouvez toutes les informations des 48 heures sur : www.48heures.com &nbsp; Lot : Une journ\u00e9e rallye promenade en voiture de collection Participez \u00e0 notre jeu concours et passez une journ\u00e9e inoubliable \u00e0 bord d&rsquo;une voiture de collection. Rallye promenade valable&hellip;  <a href=\"https:\/\/www.aube-champagne.com\/fr\/jeu-concours-48-heures-automobiles\/\" title=\"Read Jeu concours \u00ab\u00a048 heures automobiles\u00a0\u00bb\">En savoir plus&raquo;<\/a><\/p>\n","protected":false},"author":2,"featured_media":15343,"parent":0,"menu_order":0,"comment_status":"closed","ping_status":"closed","template":"","meta":{"footnotes":""},"class_list":["post-15391","page","type-page","status-publish","has-post-thumbnail","hentry"],"yoast_head":"<!-- This site is optimized with the Yoast SEO plugin v27.3 - https:\/\/yoast.com\/product\/yoast-seo-wordpress\/ -->\n<title>Jeu concours &quot;48 heures automobiles&quot; - Aube Champagne<\/title>\n<meta name=\"description\" content=\"Participez \u00e0 notre jeu concours et tentez de gagner une journ\u00e9e rallye promenade en voiture de collection pendant les 48 heures de Troyes !\" \/>\n<meta name=\"robots\" content=\"index, follow, max-snippet:-1, max-image-preview:large, max-video-preview:-1\" \/>\n<link rel=\"canonical\" href=\"https:\/\/www.aube-champagne.com\/fr\/jeu-concours-48-heures-automobiles\/\" \/>\n<meta property=\"og:locale\" content=\"fr_FR\" \/>\n<meta property=\"og:type\" content=\"article\" \/>\n<meta property=\"og:title\" content=\"Jeu concours &quot;48 heures automobiles&quot; - Aube Champagne\" \/>\n<meta property=\"og:description\" content=\"Participez \u00e0 notre jeu concours et tentez de gagner une journ\u00e9e rallye promenade en voiture de collection pendant les 48 heures de Troyes !\" \/>\n<meta property=\"og:url\" content=\"https:\/\/www.aube-champagne.com\/fr\/jeu-concours-48-heures-automobiles\/\" \/>\n<meta property=\"og:site_name\" content=\"Aube Champagne\" \/>\n<meta property=\"article:publisher\" content=\"https:\/\/www.facebook.com\/aube.champagne\" \/>\n<meta property=\"article:modified_time\" content=\"2017-03-01T08:34:31+00:00\" \/>\n<meta property=\"og:image\" content=\"https:\/\/www.aube-champagne.com\/assets\/uploads\/2016\/05\/30e-\u00e9dition.jpg\" \/>\n\t<meta property=\"og:image:width\" content=\"960\" \/>\n\t<meta property=\"og:image:height\" content=\"636\" \/>\n\t<meta property=\"og:image:type\" content=\"image\/jpeg\" \/>\n<meta name=\"twitter:card\" content=\"summary_large_image\" \/>\n<meta name=\"twitter:site\" content=\"@AubeChampagne\" \/>\n<meta name=\"twitter:label1\" content=\"Dur\u00e9e de lecture estim\u00e9e\" \/>\n\t<meta name=\"twitter:data1\" content=\"1 minute\" \/>\n<script type=\"application\/ld+json\" class=\"yoast-schema-graph\">{\"@context\":\"https:\\\/\\\/schema.org\",\"@graph\":[{\"@type\":\"WebPage\",\"@id\":\"https:\\\/\\\/www.aube-champagne.com\\\/fr\\\/jeu-concours-48-heures-automobiles\\\/\",\"url\":\"https:\\\/\\\/www.aube-champagne.com\\\/fr\\\/jeu-concours-48-heures-automobiles\\\/\",\"name\":\"Jeu concours \\\"48 heures automobiles\\\" - Aube Champagne\",\"isPartOf\":{\"@id\":\"https:\\\/\\\/www.aube-champagne.com\\\/fr\\\/#website\"},\"primaryImageOfPage\":{\"@id\":\"https:\\\/\\\/www.aube-champagne.com\\\/fr\\\/jeu-concours-48-heures-automobiles\\\/#primaryimage\"},\"image\":{\"@id\":\"https:\\\/\\\/www.aube-champagne.com\\\/fr\\\/jeu-concours-48-heures-automobiles\\\/#primaryimage\"},\"thumbnailUrl\":\"https:\\\/\\\/www.aube-champagne.com\\\/assets\\\/uploads\\\/2016\\\/05\\\/30e-\u00e9dition.jpg\",\"datePublished\":\"2016-06-07T12:14:08+00:00\",\"dateModified\":\"2017-03-01T08:34:31+00:00\",\"description\":\"Participez \u00e0 notre jeu concours et tentez de gagner une journ\u00e9e rallye promenade en voiture de collection pendant les 48 heures de Troyes !\",\"breadcrumb\":{\"@id\":\"https:\\\/\\\/www.aube-champagne.com\\\/fr\\\/jeu-concours-48-heures-automobiles\\\/#breadcrumb\"},\"inLanguage\":\"fr-FR\",\"potentialAction\":[{\"@type\":\"ReadAction\",\"target\":[\"https:\\\/\\\/www.aube-champagne.com\\\/fr\\\/jeu-concours-48-heures-automobiles\\\/\"]}]},{\"@type\":\"ImageObject\",\"inLanguage\":\"fr-FR\",\"@id\":\"https:\\\/\\\/www.aube-champagne.com\\\/fr\\\/jeu-concours-48-heures-automobiles\\\/#primaryimage\",\"url\":\"https:\\\/\\\/www.aube-champagne.com\\\/assets\\\/uploads\\\/2016\\\/05\\\/30e-\u00e9dition.jpg\",\"contentUrl\":\"https:\\\/\\\/www.aube-champagne.com\\\/assets\\\/uploads\\\/2016\\\/05\\\/30e-\u00e9dition.jpg\",\"width\":960,\"height\":636},{\"@type\":\"BreadcrumbList\",\"@id\":\"https:\\\/\\\/www.aube-champagne.com\\\/fr\\\/jeu-concours-48-heures-automobiles\\\/#breadcrumb\",\"itemListElement\":[{\"@type\":\"ListItem\",\"position\":1,\"name\":\"Accueil\",\"item\":\"https:\\\/\\\/www.aube-champagne.com\\\/fr\\\/\"},{\"@type\":\"ListItem\",\"position\":2,\"name\":\"Jeu concours \u00ab\u00a048 heures automobiles\u00a0\u00bb\"}]},{\"@type\":\"WebSite\",\"@id\":\"https:\\\/\\\/www.aube-champagne.com\\\/fr\\\/#website\",\"url\":\"https:\\\/\\\/www.aube-champagne.com\\\/fr\\\/\",\"name\":\"Aube Champagne\",\"description\":\"Aube Champagne\",\"potentialAction\":[{\"@type\":\"SearchAction\",\"target\":{\"@type\":\"EntryPoint\",\"urlTemplate\":\"https:\\\/\\\/www.aube-champagne.com\\\/fr\\\/?s={search_term_string}\"},\"query-input\":{\"@type\":\"PropertyValueSpecification\",\"valueRequired\":true,\"valueName\":\"search_term_string\"}}],\"inLanguage\":\"fr-FR\"}]}<\/script>\n<!-- \/ Yoast SEO plugin. -->","yoast_head_json":{"title":"Jeu concours \"48 heures automobiles\" - Aube Champagne","description":"Participez \u00e0 notre jeu concours et tentez de gagner une journ\u00e9e rallye promenade en voiture de collection pendant les 48 heures de Troyes !","robots":{"index":"index","follow":"follow","max-snippet":"max-snippet:-1","max-image-preview":"max-image-preview:large","max-video-preview":"max-video-preview:-1"},"canonical":"https:\/\/www.aube-champagne.com\/fr\/jeu-concours-48-heures-automobiles\/","og_locale":"fr_FR","og_type":"article","og_title":"Jeu concours \"48 heures automobiles\" - Aube Champagne","og_description":"Participez \u00e0 notre jeu concours et tentez de gagner une journ\u00e9e rallye promenade en voiture de collection pendant les 48 heures de Troyes !","og_url":"https:\/\/www.aube-champagne.com\/fr\/jeu-concours-48-heures-automobiles\/","og_site_name":"Aube Champagne","article_publisher":"https:\/\/www.facebook.com\/aube.champagne","article_modified_time":"2017-03-01T08:34:31+00:00","og_image":[{"width":960,"height":636,"url":"https:\/\/www.aube-champagne.com\/assets\/uploads\/2016\/05\/30e-\u00e9dition.jpg","type":"image\/jpeg"}],"twitter_card":"summary_large_image","twitter_site":"@AubeChampagne","twitter_misc":{"Dur\u00e9e de lecture estim\u00e9e":"1 minute"},"schema":{"@context":"https:\/\/schema.org","@graph":[{"@type":"WebPage","@id":"https:\/\/www.aube-champagne.com\/fr\/jeu-concours-48-heures-automobiles\/","url":"https:\/\/www.aube-champagne.com\/fr\/jeu-concours-48-heures-automobiles\/","name":"Jeu concours \"48 heures automobiles\" - Aube Champagne","isPartOf":{"@id":"https:\/\/www.aube-champagne.com\/fr\/#website"},"primaryImageOfPage":{"@id":"https:\/\/www.aube-champagne.com\/fr\/jeu-concours-48-heures-automobiles\/#primaryimage"},"image":{"@id":"https:\/\/www.aube-champagne.com\/fr\/jeu-concours-48-heures-automobiles\/#primaryimage"},"thumbnailUrl":"https:\/\/www.aube-champagne.com\/assets\/uploads\/2016\/05\/30e-\u00e9dition.jpg","datePublished":"2016-06-07T12:14:08+00:00","dateModified":"2017-03-01T08:34:31+00:00","description":"Participez \u00e0 notre jeu concours et tentez de gagner une journ\u00e9e rallye promenade en voiture de collection pendant les 48 heures de Troyes !","breadcrumb":{"@id":"https:\/\/www.aube-champagne.com\/fr\/jeu-concours-48-heures-automobiles\/#breadcrumb"},"inLanguage":"fr-FR","potentialAction":[{"@type":"ReadAction","target":["https:\/\/www.aube-champagne.com\/fr\/jeu-concours-48-heures-automobiles\/"]}]},{"@type":"ImageObject","inLanguage":"fr-FR","@id":"https:\/\/www.aube-champagne.com\/fr\/jeu-concours-48-heures-automobiles\/#primaryimage","url":"https:\/\/www.aube-champagne.com\/assets\/uploads\/2016\/05\/30e-\u00e9dition.jpg","contentUrl":"https:\/\/www.aube-champagne.com\/assets\/uploads\/2016\/05\/30e-\u00e9dition.jpg","width":960,"height":636},{"@type":"BreadcrumbList","@id":"https:\/\/www.aube-champagne.com\/fr\/jeu-concours-48-heures-automobiles\/#breadcrumb","itemListElement":[{"@type":"ListItem","position":1,"name":"Accueil","item":"https:\/\/www.aube-champagne.com\/fr\/"},{"@type":"ListItem","position":2,"name":"Jeu concours \u00ab\u00a048 heures automobiles\u00a0\u00bb"}]},{"@type":"WebSite","@id":"https:\/\/www.aube-champagne.com\/fr\/#website","url":"https:\/\/www.aube-champagne.com\/fr\/","name":"Aube Champagne","description":"Aube Champagne","potentialAction":[{"@type":"SearchAction","target":{"@type":"EntryPoint","urlTemplate":"https:\/\/www.aube-champagne.com\/fr\/?s={search_term_string}"},"query-input":{"@type":"PropertyValueSpecification","valueRequired":true,"valueName":"search_term_string"}}],"inLanguage":"fr-FR"}]}},"publishpress_future_action":{"enabled":false,"date":"2026-04-15 20:52:00","action":"change-status","newStatus":"draft","terms":[],"taxonomy":"translation_priority","extraData":[]},"publishpress_future_workflow_manual_trigger":{"enabledWorkflows":[]},"_links":{"self":[{"href":"https:\/\/www.aube-champagne.com\/fr\/wp-json\/wp\/v2\/pages\/15391","targetHints":{"allow":["GET"]}}],"collection":[{"href":"https:\/\/www.aube-champagne.com\/fr\/wp-json\/wp\/v2\/pages"}],"about":[{"href":"https:\/\/www.aube-champagne.com\/fr\/wp-json\/wp\/v2\/types\/page"}],"author":[{"embeddable":true,"href":"https:\/\/www.aube-champagne.com\/fr\/wp-json\/wp\/v2\/users\/2"}],"replies":[{"embeddable":true,"href":"https:\/\/www.aube-champagne.com\/fr\/wp-json\/wp\/v2\/comments?post=15391"}],"version-history":[{"count":0,"href":"https:\/\/www.aube-champagne.com\/fr\/wp-json\/wp\/v2\/pages\/15391\/revisions"}],"wp:featuredmedia":[{"embeddable":true,"href":"https:\/\/www.aube-champagne.com\/fr\/wp-json\/wp\/v2\/media\/15343"}],"wp:attachment":[{"href":"https:\/\/www.aube-champagne.com\/fr\/wp-json\/wp\/v2\/media?parent=15391"}],"curies":[{"name":"wp","href":"https:\/\/api.w.org\/{rel}","templated":true}]}}