{"id":15939,"date":"2018-04-24T16:30:16","date_gmt":"2018-04-24T15:30:16","guid":{"rendered":"http:\/\/www.aube-champagne.com\/fr\/?page_id=15939"},"modified":"2019-04-02T14:53:19","modified_gmt":"2019-04-02T13:53:19","slug":"que-faire-dans-laube-3","status":"publish","type":"page","link":"https:\/\/www.aube-champagne.com\/fr\/que-faire-dans-laube-3\/","title":{"rendered":"Que faire dans l&rsquo;Aube ?"},"content":{"rendered":"<div id=\"shortcode-manifestation\">\r\n            <style type='text\/css'>\r\n            .a11y-toolbar { display: none !important; }\r\n        <\/style>\r\n    \r\n            <div class=\"\">\r\n                                <\/div>\r\n    \r\n    \r\n            <div class=\"text-center f-18 bold\">\r\n            Aucune manifestation pour le mois en cours.        <\/div>\r\n     <\/div>\n<p style=\"text-align: center;\"><strong><a href=\"https:\/\/www.aube-champagne.com\/fr\/votre-agenda\/\">D\u00e9couvrez toutes les manifestations &gt;&gt;<\/a><\/strong><\/p>\n","protected":false},"excerpt":{"rendered":"<p>D\u00e9couvrez toutes les manifestations &gt;&gt;<\/p>\n","protected":false},"author":2,"featured_media":16137,"parent":0,"menu_order":0,"comment_status":"closed","ping_status":"closed","template":"","meta":{"footnotes":""},"class_list":["post-15939","page","type-page","status-publish","has-post-thumbnail","hentry"],"yoast_head":"<!-- This site is optimized with the Yoast SEO plugin v27.4 - https:\/\/yoast.com\/product\/yoast-seo-wordpress\/ -->\n<title>Que faire dans l&#039;Aube en Champagne ?<\/title>\n<meta name=\"description\" content=\"Vous habitez l&#039;Aube ou en visite dans le d\u00e9partement et vous demandez que faire dans l&#039;Aube ? Voici les incontournables \u00e0 faire et d\u00e9couvrir\" \/>\n<meta name=\"robots\" content=\"index, follow, max-snippet:-1, max-image-preview:large, max-video-preview:-1\" \/>\n<link rel=\"canonical\" href=\"https:\/\/www.aube-champagne.com\/fr\/que-faire-dans-laube-3\/\" \/>\n<meta property=\"og:locale\" content=\"fr_FR\" \/>\n<meta property=\"og:type\" content=\"article\" \/>\n<meta property=\"og:title\" content=\"Que faire dans l&#039;Aube en Champagne ?\" \/>\n<meta property=\"og:description\" content=\"Vous habitez l&#039;Aube ou en visite dans le d\u00e9partement et vous demandez que faire dans l&#039;Aube ? Voici les incontournables \u00e0 faire et d\u00e9couvrir\" \/>\n<meta property=\"og:url\" content=\"https:\/\/www.aube-champagne.com\/fr\/que-faire-dans-laube-3\/\" \/>\n<meta property=\"og:site_name\" content=\"Aube Champagne\" \/>\n<meta property=\"article:publisher\" content=\"https:\/\/www.facebook.com\/aube.champagne\" \/>\n<meta property=\"article:modified_time\" content=\"2019-04-02T13:53:19+00:00\" \/>\n<meta property=\"og:image\" content=\"https:\/\/www.aube-champagne.com\/assets\/uploads\/2016\/06\/Grands-lacs.jpg\" \/>\n\t<meta property=\"og:image:width\" content=\"830\" \/>\n\t<meta property=\"og:image:height\" content=\"315\" \/>\n\t<meta property=\"og:image:type\" content=\"image\/jpeg\" \/>\n<meta name=\"twitter:card\" content=\"summary_large_image\" \/>\n<meta name=\"twitter:site\" content=\"@AubeChampagne\" \/>\n<script type=\"application\/ld+json\" class=\"yoast-schema-graph\">{\"@context\":\"https:\\\/\\\/schema.org\",\"@graph\":[{\"@type\":\"WebPage\",\"@id\":\"https:\\\/\\\/www.aube-champagne.com\\\/fr\\\/que-faire-dans-laube-3\\\/\",\"url\":\"https:\\\/\\\/www.aube-champagne.com\\\/fr\\\/que-faire-dans-laube-3\\\/\",\"name\":\"Que faire dans l'Aube en Champagne ?\",\"isPartOf\":{\"@id\":\"https:\\\/\\\/www.aube-champagne.com\\\/fr\\\/#website\"},\"primaryImageOfPage\":{\"@id\":\"https:\\\/\\\/www.aube-champagne.com\\\/fr\\\/que-faire-dans-laube-3\\\/#primaryimage\"},\"image\":{\"@id\":\"https:\\\/\\\/www.aube-champagne.com\\\/fr\\\/que-faire-dans-laube-3\\\/#primaryimage\"},\"thumbnailUrl\":\"https:\\\/\\\/www.aube-champagne.com\\\/assets\\\/uploads\\\/2016\\\/06\\\/Grands-lacs.jpg\",\"datePublished\":\"2018-04-24T15:30:16+00:00\",\"dateModified\":\"2019-04-02T13:53:19+00:00\",\"description\":\"Vous habitez l'Aube ou en visite dans le d\u00e9partement et vous demandez que faire dans l'Aube ? Voici les incontournables \u00e0 faire et d\u00e9couvrir\",\"breadcrumb\":{\"@id\":\"https:\\\/\\\/www.aube-champagne.com\\\/fr\\\/que-faire-dans-laube-3\\\/#breadcrumb\"},\"inLanguage\":\"fr-FR\",\"potentialAction\":[{\"@type\":\"ReadAction\",\"target\":[\"https:\\\/\\\/www.aube-champagne.com\\\/fr\\\/que-faire-dans-laube-3\\\/\"]}]},{\"@type\":\"ImageObject\",\"inLanguage\":\"fr-FR\",\"@id\":\"https:\\\/\\\/www.aube-champagne.com\\\/fr\\\/que-faire-dans-laube-3\\\/#primaryimage\",\"url\":\"https:\\\/\\\/www.aube-champagne.com\\\/assets\\\/uploads\\\/2016\\\/06\\\/Grands-lacs.jpg\",\"contentUrl\":\"https:\\\/\\\/www.aube-champagne.com\\\/assets\\\/uploads\\\/2016\\\/06\\\/Grands-lacs.jpg\",\"width\":830,\"height\":315},{\"@type\":\"BreadcrumbList\",\"@id\":\"https:\\\/\\\/www.aube-champagne.com\\\/fr\\\/que-faire-dans-laube-3\\\/#breadcrumb\",\"itemListElement\":[{\"@type\":\"ListItem\",\"position\":1,\"name\":\"Accueil\",\"item\":\"https:\\\/\\\/www.aube-champagne.com\\\/fr\\\/\"},{\"@type\":\"ListItem\",\"position\":2,\"name\":\"Que faire dans l&rsquo;Aube ?\"}]},{\"@type\":\"WebSite\",\"@id\":\"https:\\\/\\\/www.aube-champagne.com\\\/fr\\\/#website\",\"url\":\"https:\\\/\\\/www.aube-champagne.com\\\/fr\\\/\",\"name\":\"Aube Champagne\",\"description\":\"Aube Champagne\",\"potentialAction\":[{\"@type\":\"SearchAction\",\"target\":{\"@type\":\"EntryPoint\",\"urlTemplate\":\"https:\\\/\\\/www.aube-champagne.com\\\/fr\\\/?s={search_term_string}\"},\"query-input\":{\"@type\":\"PropertyValueSpecification\",\"valueRequired\":true,\"valueName\":\"search_term_string\"}}],\"inLanguage\":\"fr-FR\"}]}<\/script>\n<!-- \/ Yoast SEO plugin. -->","yoast_head_json":{"title":"Que faire dans l'Aube en Champagne ?","description":"Vous habitez l'Aube ou en visite dans le d\u00e9partement et vous demandez que faire dans l'Aube ? Voici les incontournables \u00e0 faire et d\u00e9couvrir","robots":{"index":"index","follow":"follow","max-snippet":"max-snippet:-1","max-image-preview":"max-image-preview:large","max-video-preview":"max-video-preview:-1"},"canonical":"https:\/\/www.aube-champagne.com\/fr\/que-faire-dans-laube-3\/","og_locale":"fr_FR","og_type":"article","og_title":"Que faire dans l'Aube en Champagne ?","og_description":"Vous habitez l'Aube ou en visite dans le d\u00e9partement et vous demandez que faire dans l'Aube ? Voici les incontournables \u00e0 faire et d\u00e9couvrir","og_url":"https:\/\/www.aube-champagne.com\/fr\/que-faire-dans-laube-3\/","og_site_name":"Aube Champagne","article_publisher":"https:\/\/www.facebook.com\/aube.champagne","article_modified_time":"2019-04-02T13:53:19+00:00","og_image":[{"width":830,"height":315,"url":"https:\/\/www.aube-champagne.com\/assets\/uploads\/2016\/06\/Grands-lacs.jpg","type":"image\/jpeg"}],"twitter_card":"summary_large_image","twitter_site":"@AubeChampagne","schema":{"@context":"https:\/\/schema.org","@graph":[{"@type":"WebPage","@id":"https:\/\/www.aube-champagne.com\/fr\/que-faire-dans-laube-3\/","url":"https:\/\/www.aube-champagne.com\/fr\/que-faire-dans-laube-3\/","name":"Que faire dans l'Aube en Champagne ?","isPartOf":{"@id":"https:\/\/www.aube-champagne.com\/fr\/#website"},"primaryImageOfPage":{"@id":"https:\/\/www.aube-champagne.com\/fr\/que-faire-dans-laube-3\/#primaryimage"},"image":{"@id":"https:\/\/www.aube-champagne.com\/fr\/que-faire-dans-laube-3\/#primaryimage"},"thumbnailUrl":"https:\/\/www.aube-champagne.com\/assets\/uploads\/2016\/06\/Grands-lacs.jpg","datePublished":"2018-04-24T15:30:16+00:00","dateModified":"2019-04-02T13:53:19+00:00","description":"Vous habitez l'Aube ou en visite dans le d\u00e9partement et vous demandez que faire dans l'Aube ? Voici les incontournables \u00e0 faire et d\u00e9couvrir","breadcrumb":{"@id":"https:\/\/www.aube-champagne.com\/fr\/que-faire-dans-laube-3\/#breadcrumb"},"inLanguage":"fr-FR","potentialAction":[{"@type":"ReadAction","target":["https:\/\/www.aube-champagne.com\/fr\/que-faire-dans-laube-3\/"]}]},{"@type":"ImageObject","inLanguage":"fr-FR","@id":"https:\/\/www.aube-champagne.com\/fr\/que-faire-dans-laube-3\/#primaryimage","url":"https:\/\/www.aube-champagne.com\/assets\/uploads\/2016\/06\/Grands-lacs.jpg","contentUrl":"https:\/\/www.aube-champagne.com\/assets\/uploads\/2016\/06\/Grands-lacs.jpg","width":830,"height":315},{"@type":"BreadcrumbList","@id":"https:\/\/www.aube-champagne.com\/fr\/que-faire-dans-laube-3\/#breadcrumb","itemListElement":[{"@type":"ListItem","position":1,"name":"Accueil","item":"https:\/\/www.aube-champagne.com\/fr\/"},{"@type":"ListItem","position":2,"name":"Que faire dans l&rsquo;Aube ?"}]},{"@type":"WebSite","@id":"https:\/\/www.aube-champagne.com\/fr\/#website","url":"https:\/\/www.aube-champagne.com\/fr\/","name":"Aube Champagne","description":"Aube Champagne","potentialAction":[{"@type":"SearchAction","target":{"@type":"EntryPoint","urlTemplate":"https:\/\/www.aube-champagne.com\/fr\/?s={search_term_string}"},"query-input":{"@type":"PropertyValueSpecification","valueRequired":true,"valueName":"search_term_string"}}],"inLanguage":"fr-FR"}]}},"publishpress_future_action":{"enabled":false,"date":"2026-04-30 23:22:57","action":"change-status","newStatus":"draft","terms":[],"taxonomy":"translation_priority","extraData":[]},"publishpress_future_workflow_manual_trigger":{"enabledWorkflows":[]},"_links":{"self":[{"href":"https:\/\/www.aube-champagne.com\/fr\/wp-json\/wp\/v2\/pages\/15939","targetHints":{"allow":["GET"]}}],"collection":[{"href":"https:\/\/www.aube-champagne.com\/fr\/wp-json\/wp\/v2\/pages"}],"about":[{"href":"https:\/\/www.aube-champagne.com\/fr\/wp-json\/wp\/v2\/types\/page"}],"author":[{"embeddable":true,"href":"https:\/\/www.aube-champagne.com\/fr\/wp-json\/wp\/v2\/users\/2"}],"replies":[{"embeddable":true,"href":"https:\/\/www.aube-champagne.com\/fr\/wp-json\/wp\/v2\/comments?post=15939"}],"version-history":[{"count":7,"href":"https:\/\/www.aube-champagne.com\/fr\/wp-json\/wp\/v2\/pages\/15939\/revisions"}],"predecessor-version":[{"id":40145,"href":"https:\/\/www.aube-champagne.com\/fr\/wp-json\/wp\/v2\/pages\/15939\/revisions\/40145"}],"wp:featuredmedia":[{"embeddable":true,"href":"https:\/\/www.aube-champagne.com\/fr\/wp-json\/wp\/v2\/media\/16137"}],"wp:attachment":[{"href":"https:\/\/www.aube-champagne.com\/fr\/wp-json\/wp\/v2\/media?parent=15939"}],"curies":[{"name":"wp","href":"https:\/\/api.w.org\/{rel}","templated":true}]}}