{"id":16916,"date":"2016-09-27T08:53:46","date_gmt":"2016-09-27T07:53:46","guid":{"rendered":"http:\/\/www.aube-champagne.com\/fr\/?page_id=16916"},"modified":"2016-12-22T10:51:15","modified_gmt":"2016-12-22T09:51:15","slug":"opera-rock-temps-passes-temps-futurs-templiers","status":"publish","type":"page","link":"https:\/\/www.aube-champagne.com\/fr\/opera-rock-temps-passes-temps-futurs-templiers\/","title":{"rendered":"Op\u00e9ra-rock \u00ab\u00a0Temps pass\u00e9s, temps futurs, templiers\u00a0\u00bb"},"content":{"rendered":"<div class=\"wpb-content-wrapper\">[vc_row][vc_column][vc_column_text]\n<h3 style=\"text-align: center;\"><span style=\"color: #b54e4e;\"><strong>Par l&rsquo;association Chante et Danse la Champagne<\/strong><\/span><\/h3>\n[\/vc_column_text][\/vc_column][\/vc_row][vc_row][vc_column][vc_single_image image=\u00a0\u00bb16932&Prime; img_size=\u00a0\u00bblarge\u00a0\u00bb alignment=\u00a0\u00bbcenter\u00a0\u00bb][\/vc_column][\/vc_row][vc_row][vc_column][vc_column_text]\n<p style=\"text-align: justify;\">Apr\u00e8s la r\u00e9volte des vignerons et l\u2019histoire de la bonneterie \u00e0 Troyes, l\u2019association \u00ab Chante et Danse la Champagne \u00bb vous propose un op\u00e9ra rock sur l\u2019histoire des templiers.<\/p>\n<p style=\"text-align: justify;\">Octobre 2017 : quatre \u00e9tudiants, venus de divers horizons europ\u00e9ens (L\u00e9na, Alexandra, Almiro et Louk\u00e2s), se voient remettre les clefs de Troyes par les \u00e9diles de la ville. Ils vont faire la connaissance de Sophie, une historienne locale qui se bat pour sauver un \u00e9difice du centre-ville qu\u2019elles pensent \u00eatre une ancienne commanderie templi\u00e8re. Elles y ont initi\u00e9 un chantier de fouilles afin de sauver cette maison menac\u00e9e de destruction par un ignoble promoteur, bien d\u00e9cid\u00e9 \u00e0 tout raser pour en faire une clinique de remise en forme. Ces quatre jeunes vont finalement s\u2019int\u00e9resser \u00e0 cette qu\u00eate un peu sp\u00e9ciale et d\u00e9couvrir que leurs histoires familiales respectives sont li\u00e9es \u00e0 celle des templiers.<\/p>\n<p>Cette com\u00e9die musicale a \u00e9t\u00e9 cr\u00e9\u00e9e par des artistes locaux et rassemble\u00a0200 acteurs, danseurs, chanteurs et musiciens !<\/p>\n[\/vc_column_text][\/vc_column][\/vc_row][vc_row][vc_column][vc_column_text]\n<p class=\"date billetteriebleu\" style=\"text-align: center;\"><strong>Dates des spectacles :<\/strong><\/p>\n<p style=\"text-align: center;\">27\/01\/2017 &#8211; 20h30<br \/>\n28\/01\/2017 &#8211; 15h00<br \/>\n28\/01\/2017 &#8211; 20h30<br \/>\n29\/01\/2017 &#8211; 15h00<\/p>\n<p class=\"lieux\" style=\"text-align: center;\"><strong>Lieu :<\/strong> Auditorium du Centre de congr\u00e8s de l&rsquo;Aube &#8211;\u00a0<strong>Dure\u0301e pre\u0301vue : <\/strong>1h45 &#8211;\u00a0<strong>Tarif unique : <\/strong>25 \u20ac<\/p>\n[\/vc_column_text][vc_single_image image=\u00a0\u00bb16951&Prime; img_size=\u00a0\u00bblarge\u00a0\u00bb alignment=\u00a0\u00bbcenter\u00a0\u00bb onclick=\u00a0\u00bbcustom_link\u00a0\u00bb img_link_target=\u00a0\u00bb_blank\u00a0\u00bb link=\u00a0\u00bbhttp:\/\/www.aube-champagne.com\/assets\/uploads\/2016\/09\/PROGRAMME-templiers.pdf\u00a0\u00bb][\/vc_column][\/vc_row][vc_row][vc_column][vc_btn title=\u00a0\u00bbR\u00e9server en ligne\u00a0\u00bb style=\u00a0\u00bbclassic\u00a0\u00bb color=\u00a0\u00bbjuicy-pink\u00a0\u00bb align=\u00a0\u00bbcenter\u00a0\u00bb type=\u00a0\u00bbtext\/javascript\u00a0\u00bb link=\u00a0\u00bburl:http%3A%2F%2Fwww.digitick.com%2Ftemps-passes-temps-futurs-spectacle-css5-maisonduboulanger-pg51-ei447913.html||target:%20_blank\u00a0\u00bb][\/vc_column][\/vc_row][vc_row][vc_column][vc_separator][vc_column_text]\n<h3 style=\"text-align: center;\"><span style=\"color: #b54e4e;\"><a style=\"color: #b54e4e;\" href=\"https:\/\/www.aube-champagne.com\/fr\/les-templiers-dans-laube-en-champagne\/\" target=\"_blank\">Tout savoir sur les lieux li\u00e9s \u00e0 l&rsquo;histoire templi\u00e8re dans l&rsquo;Aube<\/a><\/span><\/h3>\n[\/vc_column_text][vc_single_image image=\u00a0\u00bb17161&Prime; img_size=\u00a0\u00bb600&#215;420&Prime; alignment=\u00a0\u00bbcenter\u00a0\u00bb onclick=\u00a0\u00bbcustom_link\u00a0\u00bb img_link_target=\u00a0\u00bb_blank\u00a0\u00bb link=\u00a0\u00bbhttp:\/\/www.aube-champagne.com\/fr\/les-templiers-dans-laube-en-champagne\/\u00a0\u00bb][\/vc_column][\/vc_row]\n<\/div>","protected":false},"excerpt":{"rendered":"<p>[vc_row][vc_column][vc_column_text] Par l&rsquo;association Chante et Danse la Champagne [\/vc_column_text][\/vc_column][\/vc_row][vc_row][vc_column][vc_single_image image=\u00a0\u00bb16932&Prime; img_size=\u00a0\u00bblarge\u00a0\u00bb alignment=\u00a0\u00bbcenter\u00a0\u00bb][\/vc_column][\/vc_row][vc_row][vc_column][vc_column_text] Apr\u00e8s la r\u00e9volte des vignerons et l\u2019histoire de la bonneterie \u00e0 Troyes, l\u2019association \u00ab Chante et Danse la Champagne \u00bb vous propose un op\u00e9ra rock sur l\u2019histoire des templiers. Octobre 2017 : quatre&hellip;  <a href=\"https:\/\/www.aube-champagne.com\/fr\/opera-rock-temps-passes-temps-futurs-templiers\/\" title=\"Read Op\u00e9ra-rock \u00ab\u00a0Temps pass\u00e9s, temps futurs, templiers\u00a0\u00bb\">En savoir plus&raquo;<\/a><\/p>\n","protected":false},"author":2,"featured_media":16932,"parent":0,"menu_order":0,"comment_status":"closed","ping_status":"closed","template":"","meta":{"footnotes":""},"class_list":["post-16916","page","type-page","status-publish","has-post-thumbnail","hentry"],"yoast_head":"<!-- This site is optimized with the Yoast SEO plugin v27.6 - https:\/\/yoast.com\/product\/yoast-seo-wordpress\/ -->\n<title>Op\u00e9ra-rock &quot;Temps pass\u00e9s, temps futurs, templiers&quot; - Aube Champagne<\/title>\n<meta name=\"description\" content=\"D\u00e9couvrez l&#039;op\u00e9ra-rock de l&#039;association Chante et Danse la Champagne consacr\u00e9 \u00e0 l&#039;histoire des templiers : &quot;Temps pass\u00e9s, temps futurs, templiers&quot;\" \/>\n<meta name=\"robots\" content=\"index, follow, max-snippet:-1, max-image-preview:large, max-video-preview:-1\" \/>\n<link rel=\"canonical\" href=\"https:\/\/www.aube-champagne.com\/fr\/opera-rock-temps-passes-temps-futurs-templiers\/\" \/>\n<meta property=\"og:locale\" content=\"fr_FR\" \/>\n<meta property=\"og:type\" content=\"article\" \/>\n<meta property=\"og:title\" content=\"Op\u00e9ra-rock &quot;Temps pass\u00e9s, temps futurs, templiers&quot; - Aube Champagne\" \/>\n<meta property=\"og:description\" content=\"D\u00e9couvrez l&#039;op\u00e9ra-rock de l&#039;association Chante et Danse la Champagne consacr\u00e9 \u00e0 l&#039;histoire des templiers : &quot;Temps pass\u00e9s, temps futurs, templiers&quot;\" \/>\n<meta property=\"og:url\" content=\"https:\/\/www.aube-champagne.com\/fr\/opera-rock-temps-passes-temps-futurs-templiers\/\" \/>\n<meta property=\"og:site_name\" content=\"Aube Champagne\" \/>\n<meta property=\"article:publisher\" content=\"https:\/\/www.facebook.com\/aube.champagne\" \/>\n<meta property=\"article:modified_time\" content=\"2016-12-22T09:51:15+00:00\" \/>\n<meta property=\"og:image\" content=\"https:\/\/www.aube-champagne.com\/assets\/uploads\/2016\/09\/temps-pass\u00e9s-temps-futurs-templiers-1.jpg\" \/>\n\t<meta property=\"og:image:width\" content=\"422\" \/>\n\t<meta property=\"og:image:height\" content=\"600\" \/>\n\t<meta property=\"og:image:type\" content=\"image\/jpeg\" \/>\n<meta name=\"twitter:card\" content=\"summary_large_image\" \/>\n<meta name=\"twitter:site\" content=\"@AubeChampagne\" \/>\n<meta name=\"twitter:label1\" content=\"Dur\u00e9e de lecture estim\u00e9e\" \/>\n\t<meta name=\"twitter:data1\" content=\"2 minutes\" \/>\n<script type=\"application\/ld+json\" class=\"yoast-schema-graph\">{\"@context\":\"https:\\\/\\\/schema.org\",\"@graph\":[{\"@type\":\"WebPage\",\"@id\":\"https:\\\/\\\/www.aube-champagne.com\\\/fr\\\/opera-rock-temps-passes-temps-futurs-templiers\\\/\",\"url\":\"https:\\\/\\\/www.aube-champagne.com\\\/fr\\\/opera-rock-temps-passes-temps-futurs-templiers\\\/\",\"name\":\"Op\u00e9ra-rock \\\"Temps pass\u00e9s, temps futurs, templiers\\\" - Aube Champagne\",\"isPartOf\":{\"@id\":\"https:\\\/\\\/www.aube-champagne.com\\\/fr\\\/#website\"},\"primaryImageOfPage\":{\"@id\":\"https:\\\/\\\/www.aube-champagne.com\\\/fr\\\/opera-rock-temps-passes-temps-futurs-templiers\\\/#primaryimage\"},\"image\":{\"@id\":\"https:\\\/\\\/www.aube-champagne.com\\\/fr\\\/opera-rock-temps-passes-temps-futurs-templiers\\\/#primaryimage\"},\"thumbnailUrl\":\"https:\\\/\\\/www.aube-champagne.com\\\/assets\\\/uploads\\\/2016\\\/09\\\/temps-pass\u00e9s-temps-futurs-templiers-1.jpg\",\"datePublished\":\"2016-09-27T07:53:46+00:00\",\"dateModified\":\"2016-12-22T09:51:15+00:00\",\"description\":\"D\u00e9couvrez l'op\u00e9ra-rock de l'association Chante et Danse la Champagne consacr\u00e9 \u00e0 l'histoire des templiers : \\\"Temps pass\u00e9s, temps futurs, templiers\\\"\",\"breadcrumb\":{\"@id\":\"https:\\\/\\\/www.aube-champagne.com\\\/fr\\\/opera-rock-temps-passes-temps-futurs-templiers\\\/#breadcrumb\"},\"inLanguage\":\"fr-FR\",\"potentialAction\":[{\"@type\":\"ReadAction\",\"target\":[\"https:\\\/\\\/www.aube-champagne.com\\\/fr\\\/opera-rock-temps-passes-temps-futurs-templiers\\\/\"]}]},{\"@type\":\"ImageObject\",\"inLanguage\":\"fr-FR\",\"@id\":\"https:\\\/\\\/www.aube-champagne.com\\\/fr\\\/opera-rock-temps-passes-temps-futurs-templiers\\\/#primaryimage\",\"url\":\"https:\\\/\\\/www.aube-champagne.com\\\/assets\\\/uploads\\\/2016\\\/09\\\/temps-pass\u00e9s-temps-futurs-templiers-1.jpg\",\"contentUrl\":\"https:\\\/\\\/www.aube-champagne.com\\\/assets\\\/uploads\\\/2016\\\/09\\\/temps-pass\u00e9s-temps-futurs-templiers-1.jpg\",\"width\":422,\"height\":600},{\"@type\":\"BreadcrumbList\",\"@id\":\"https:\\\/\\\/www.aube-champagne.com\\\/fr\\\/opera-rock-temps-passes-temps-futurs-templiers\\\/#breadcrumb\",\"itemListElement\":[{\"@type\":\"ListItem\",\"position\":1,\"name\":\"Accueil\",\"item\":\"https:\\\/\\\/www.aube-champagne.com\\\/fr\\\/\"},{\"@type\":\"ListItem\",\"position\":2,\"name\":\"Op\u00e9ra-rock \u00ab\u00a0Temps pass\u00e9s, temps futurs, templiers\u00a0\u00bb\"}]},{\"@type\":\"WebSite\",\"@id\":\"https:\\\/\\\/www.aube-champagne.com\\\/fr\\\/#website\",\"url\":\"https:\\\/\\\/www.aube-champagne.com\\\/fr\\\/\",\"name\":\"Aube Champagne\",\"description\":\"Aube Champagne\",\"potentialAction\":[{\"@type\":\"SearchAction\",\"target\":{\"@type\":\"EntryPoint\",\"urlTemplate\":\"https:\\\/\\\/www.aube-champagne.com\\\/fr\\\/?s={search_term_string}\"},\"query-input\":{\"@type\":\"PropertyValueSpecification\",\"valueRequired\":true,\"valueName\":\"search_term_string\"}}],\"inLanguage\":\"fr-FR\"}]}<\/script>\n<!-- \/ Yoast SEO plugin. -->","yoast_head_json":{"title":"Op\u00e9ra-rock \"Temps pass\u00e9s, temps futurs, templiers\" - Aube Champagne","description":"D\u00e9couvrez l'op\u00e9ra-rock de l'association Chante et Danse la Champagne consacr\u00e9 \u00e0 l'histoire des templiers : \"Temps pass\u00e9s, temps futurs, templiers\"","robots":{"index":"index","follow":"follow","max-snippet":"max-snippet:-1","max-image-preview":"max-image-preview:large","max-video-preview":"max-video-preview:-1"},"canonical":"https:\/\/www.aube-champagne.com\/fr\/opera-rock-temps-passes-temps-futurs-templiers\/","og_locale":"fr_FR","og_type":"article","og_title":"Op\u00e9ra-rock \"Temps pass\u00e9s, temps futurs, templiers\" - Aube Champagne","og_description":"D\u00e9couvrez l'op\u00e9ra-rock de l'association Chante et Danse la Champagne consacr\u00e9 \u00e0 l'histoire des templiers : \"Temps pass\u00e9s, temps futurs, templiers\"","og_url":"https:\/\/www.aube-champagne.com\/fr\/opera-rock-temps-passes-temps-futurs-templiers\/","og_site_name":"Aube Champagne","article_publisher":"https:\/\/www.facebook.com\/aube.champagne","article_modified_time":"2016-12-22T09:51:15+00:00","og_image":[{"width":422,"height":600,"url":"https:\/\/www.aube-champagne.com\/assets\/uploads\/2016\/09\/temps-pass\u00e9s-temps-futurs-templiers-1.jpg","type":"image\/jpeg"}],"twitter_card":"summary_large_image","twitter_site":"@AubeChampagne","twitter_misc":{"Dur\u00e9e de lecture estim\u00e9e":"2 minutes"},"schema":{"@context":"https:\/\/schema.org","@graph":[{"@type":"WebPage","@id":"https:\/\/www.aube-champagne.com\/fr\/opera-rock-temps-passes-temps-futurs-templiers\/","url":"https:\/\/www.aube-champagne.com\/fr\/opera-rock-temps-passes-temps-futurs-templiers\/","name":"Op\u00e9ra-rock \"Temps pass\u00e9s, temps futurs, templiers\" - Aube Champagne","isPartOf":{"@id":"https:\/\/www.aube-champagne.com\/fr\/#website"},"primaryImageOfPage":{"@id":"https:\/\/www.aube-champagne.com\/fr\/opera-rock-temps-passes-temps-futurs-templiers\/#primaryimage"},"image":{"@id":"https:\/\/www.aube-champagne.com\/fr\/opera-rock-temps-passes-temps-futurs-templiers\/#primaryimage"},"thumbnailUrl":"https:\/\/www.aube-champagne.com\/assets\/uploads\/2016\/09\/temps-pass\u00e9s-temps-futurs-templiers-1.jpg","datePublished":"2016-09-27T07:53:46+00:00","dateModified":"2016-12-22T09:51:15+00:00","description":"D\u00e9couvrez l'op\u00e9ra-rock de l'association Chante et Danse la Champagne consacr\u00e9 \u00e0 l'histoire des templiers : \"Temps pass\u00e9s, temps futurs, templiers\"","breadcrumb":{"@id":"https:\/\/www.aube-champagne.com\/fr\/opera-rock-temps-passes-temps-futurs-templiers\/#breadcrumb"},"inLanguage":"fr-FR","potentialAction":[{"@type":"ReadAction","target":["https:\/\/www.aube-champagne.com\/fr\/opera-rock-temps-passes-temps-futurs-templiers\/"]}]},{"@type":"ImageObject","inLanguage":"fr-FR","@id":"https:\/\/www.aube-champagne.com\/fr\/opera-rock-temps-passes-temps-futurs-templiers\/#primaryimage","url":"https:\/\/www.aube-champagne.com\/assets\/uploads\/2016\/09\/temps-pass\u00e9s-temps-futurs-templiers-1.jpg","contentUrl":"https:\/\/www.aube-champagne.com\/assets\/uploads\/2016\/09\/temps-pass\u00e9s-temps-futurs-templiers-1.jpg","width":422,"height":600},{"@type":"BreadcrumbList","@id":"https:\/\/www.aube-champagne.com\/fr\/opera-rock-temps-passes-temps-futurs-templiers\/#breadcrumb","itemListElement":[{"@type":"ListItem","position":1,"name":"Accueil","item":"https:\/\/www.aube-champagne.com\/fr\/"},{"@type":"ListItem","position":2,"name":"Op\u00e9ra-rock \u00ab\u00a0Temps pass\u00e9s, temps futurs, templiers\u00a0\u00bb"}]},{"@type":"WebSite","@id":"https:\/\/www.aube-champagne.com\/fr\/#website","url":"https:\/\/www.aube-champagne.com\/fr\/","name":"Aube Champagne","description":"Aube Champagne","potentialAction":[{"@type":"SearchAction","target":{"@type":"EntryPoint","urlTemplate":"https:\/\/www.aube-champagne.com\/fr\/?s={search_term_string}"},"query-input":{"@type":"PropertyValueSpecification","valueRequired":true,"valueName":"search_term_string"}}],"inLanguage":"fr-FR"}]}},"publishpress_future_action":{"enabled":false,"date":"2026-05-24 17:47:16","action":"change-status","newStatus":"draft","terms":[],"taxonomy":"translation_priority","extraData":[]},"publishpress_future_workflow_manual_trigger":{"enabledWorkflows":[]},"_links":{"self":[{"href":"https:\/\/www.aube-champagne.com\/fr\/wp-json\/wp\/v2\/pages\/16916","targetHints":{"allow":["GET"]}}],"collection":[{"href":"https:\/\/www.aube-champagne.com\/fr\/wp-json\/wp\/v2\/pages"}],"about":[{"href":"https:\/\/www.aube-champagne.com\/fr\/wp-json\/wp\/v2\/types\/page"}],"author":[{"embeddable":true,"href":"https:\/\/www.aube-champagne.com\/fr\/wp-json\/wp\/v2\/users\/2"}],"replies":[{"embeddable":true,"href":"https:\/\/www.aube-champagne.com\/fr\/wp-json\/wp\/v2\/comments?post=16916"}],"version-history":[{"count":0,"href":"https:\/\/www.aube-champagne.com\/fr\/wp-json\/wp\/v2\/pages\/16916\/revisions"}],"wp:featuredmedia":[{"embeddable":true,"href":"https:\/\/www.aube-champagne.com\/fr\/wp-json\/wp\/v2\/media\/16932"}],"wp:attachment":[{"href":"https:\/\/www.aube-champagne.com\/fr\/wp-json\/wp\/v2\/media?parent=16916"}],"curies":[{"name":"wp","href":"https:\/\/api.w.org\/{rel}","templated":true}]}}