{"id":17159,"date":"2018-02-22T17:15:00","date_gmt":"2018-02-22T16:15:00","guid":{"rendered":"http:\/\/www.aube-champagne.com\/fr\/?page_id=17159"},"modified":"2022-06-15T15:19:54","modified_gmt":"2022-06-15T14:19:54","slug":"les-templiers-dans-laube-en-champagne","status":"publish","type":"page","link":"https:\/\/www.aube-champagne.com\/fr\/les-templiers-dans-laube-en-champagne\/","title":{"rendered":"Les Templiers dans l&rsquo;Aube en Champagne"},"content":{"rendered":"<div class=\"wpb-content-wrapper\">[vc_row][vc_column][vc_column_text]\n<h2 style=\"text-align: center;\"><span style=\"color: #000000;\">D\u00e9couvrez les lieux aubois li\u00e9s \u00e0 l&rsquo;histoire des templiers<\/span><\/h2>\n[\/vc_column_text][\/vc_column][\/vc_row][vc_row][vc_column width=\u00a0\u00bb1\/4&Prime;][vc_single_image image=\u00a0\u00bb27694&Prime; img_size=\u00a0\u00bbmedium\u00a0\u00bb alignment=\u00a0\u00bbcenter\u00a0\u00bb css_animation=\u00a0\u00bbnone\u00a0\u00bb][\/vc_column][vc_column width=\u00a0\u00bb3\/4&Prime;][vc_column_text]\n<h3><span style=\"color: #000000;\">La Commanderie d&rsquo;Avalleur<\/span><\/h3>\n<p style=\"text-align: justify;\">Situ\u00e9e sur un plateau, la commanderie d\u2019Avalleur domine la plaine de la seigneurie de Bar-sur-Seine. La charte de sa fondation a disparu au XVIIe si\u00e8cle. Mais des sources manuscrites citent de nombreuses donations, sources d\u2019enrichissement du domaine templier, au cours des XIIe et XIIIe si\u00e8cles&#8230;<\/p>\n[\/vc_column_text][vc_btn title=\u00a0\u00bbEN SAVOIR PLUS\u00a0\u00bb style=\u00a0\u00bbclassic\u00a0\u00bb color=\u00a0\u00bborange\u00a0\u00bb size=\u00a0\u00bbsm\u00a0\u00bb custom_onclick=\u00a0\u00bbtrue\u00a0\u00bb link=\u00a0\u00bburl:https%3A%2F%2Fwww.aube-champagne.com%2Ffr%2Fpoi%2Fla-commanderie-templiere-d-avalleur%2F||target:%20_blank|\u00a0\u00bb custom_onclick_code=\u00a0\u00bb<script type=``text\/javascript`` src=``\/\/cdn.tradelab.fr\/conv\/992319.js``><\/script>\u00ab\u00a0][vc_empty_space][\/vc_column][\/vc_row][vc_row][vc_column width=\u00a0\u00bb1\/4&Prime;][vc_single_image image=\u00a0\u00bb29386&Prime; img_size=\u00a0\u00bbmedium\u00a0\u00bb alignment=\u00a0\u00bbcenter\u00a0\u00bb css_animation=\u00a0\u00bbnone\u00a0\u00bb][\/vc_column][vc_column width=\u00a0\u00bb3\/4&Prime;][vc_column_text]\n<h3><span style=\"color: #000000;\">For\u00eat du Temple &#8211; Randonn\u00e9e templi\u00e8re<\/span><\/h3>\n<p>La for\u00eat d&rsquo;Orient, au c\u0153ur du Parc naturel r\u00e9gional du m\u00eame nom, appartient \u00e0 la mythologie qui s&rsquo;est tiss\u00e9e autour de l&rsquo;ordre du Temple. Elle englobe un territoire de 1 200 hectares achet\u00e9 par les Templiers en 1255 : le plus grand domaine forestier que les Templiers aient poss\u00e9d\u00e9 en Occident.[\/vc_column_text][vc_btn title=\u00a0\u00bbEN SAVOIR PLUS\u00a0\u00bb style=\u00a0\u00bbclassic\u00a0\u00bb color=\u00a0\u00bborange\u00a0\u00bb size=\u00a0\u00bbsm\u00a0\u00bb custom_onclick=\u00a0\u00bbtrue\u00a0\u00bb link=\u00a0\u00bburl:http%3A%2F%2Fwww.aube-champagne.com%2Ffr%2Fpoi%2Fsur-les-traces-des-templiers-en-foret-d-orient%2F||target:%20_blank|\u00a0\u00bb custom_onclick_code=\u00a0\u00bb<script type=``text\/javascript`` src=``\/\/cdn.tradelab.fr\/conv\/992319.js``><\/script>\u00ab\u00a0][vc_empty_space][\/vc_column][\/vc_row][vc_row][vc_column width=\u00a0\u00bb1\/4&Prime;][vc_single_image image=\u00a0\u00bb27458&Prime; img_size=\u00a0\u00bbmedium\u00a0\u00bb alignment=\u00a0\u00bbcenter\u00a0\u00bb css_animation=\u00a0\u00bbnone\u00a0\u00bb][\/vc_column][vc_column width=\u00a0\u00bb3\/4&Prime;][vc_column_text]\n<h3><span style=\"color: #000000;\">L&rsquo;Escape Game 1.10.2.3 : Le Rep\u00e8re des Templiers<\/span><\/h3>\n<p style=\"text-align: justify;\">Un escape game sur le th\u00e8me des Templiers vous en r\u00eaviez ? 1.10.2.3 l&rsquo;a fait pour vous !\u00a0<span style=\"font-family: inherit; font-size: 1em;\">Vous venez de rentrer malgr\u00e9 vous dans les couloirs du temps, vous voil\u00e0 en 1300 !\u00a0<\/span><span style=\"font-family: inherit; font-size: 1em;\">Votre anc\u00eatre est un ma\u00eetre de l&rsquo;ordre des templiers, il vous explique que l&rsquo;\u00e2me des chevaliers se perd et que si vous ne ramenez pas le coeur des templiers dans le pr\u00e9sent, tout sera perdu&#8230;<\/span><\/p>\n[\/vc_column_text][vc_btn title=\u00a0\u00bbEN SAVOIR PLUS\u00a0\u00bb style=\u00a0\u00bbclassic\u00a0\u00bb color=\u00a0\u00bborange\u00a0\u00bb size=\u00a0\u00bbsm\u00a0\u00bb custom_onclick=\u00a0\u00bbtrue\u00a0\u00bb link=\u00a0\u00bburl:http%3A%2F%2Fwww.aube-champagne.com%2Ffr%2Fpoi%2F1-10-2-3-escape-game%2F||target:%20_blank|\u00a0\u00bb custom_onclick_code=\u00a0\u00bb<script type=``text\/javascript`` src=``\/\/cdn.tradelab.fr\/conv\/992319.js``><\/script>\u00ab\u00a0][vc_empty_space][\/vc_column][\/vc_row][vc_row][vc_column width=\u00a0\u00bb1\/4&Prime;][vc_single_image image=\u00a0\u00bb6294&Prime; img_size=\u00a0\u00bbmedium\u00a0\u00bb alignment=\u00a0\u00bbcenter\u00a0\u00bb css_animation=\u00a0\u00bbnone\u00a0\u00bb][\/vc_column][vc_column width=\u00a0\u00bb3\/4&Prime;][vc_column_text]\n<h3><span style=\"color: #000000;\">L&rsquo;Abbaye cistercienne de Clairvaux<\/span><\/h3>\n<p>Cette abbaye cistercienne, fond\u00e9e au XIIe si\u00e8cle par Saint-Bernard, reste un chef-d\u2019\u0153uvre fran\u00e7ais de l\u2019architecture monacale. C\u00e9l\u00e8bre abbaye, elle fut transform\u00e9e en prison par Napol\u00e9on&#8230;\u00a0Situ\u00e9e \u00e0 une cinquantaine de kilom\u00e8tres de Troyes, sur la commune de Ville-sous-La-Fert\u00e9, l\u2019abbaye de Clairvaux est le lieu o\u00f9 fut m\u00e9dit\u00e9e et codifi\u00e9e la r\u00e8gle de vie de l\u2019ordre du Temple.[\/vc_column_text][vc_btn title=\u00a0\u00bbEN SAVOIR PLUS\u00a0\u00bb style=\u00a0\u00bbclassic\u00a0\u00bb color=\u00a0\u00bborange\u00a0\u00bb size=\u00a0\u00bbsm\u00a0\u00bb custom_onclick=\u00a0\u00bbtrue\u00a0\u00bb link=\u00a0\u00bburl:http%3A%2F%2Fwww.aube-champagne.com%2Ffr%2Fpoi%2Fabbaye-cistercienne-de-clairvaux%2F||target:%20_blank|\u00a0\u00bb custom_onclick_code=\u00a0\u00bb<script type=``text\/javascript`` src=``\/\/cdn.tradelab.fr\/conv\/992319.js``><\/script>\u00ab\u00a0][vc_empty_space][\/vc_column][\/vc_row][vc_row][vc_column width=\u00a0\u00bb1\/4&Prime;][vc_single_image image=\u00a0\u00bb448&Prime; img_size=\u00a0\u00bbmedium\u00a0\u00bb alignment=\u00a0\u00bbcenter\u00a0\u00bb css_animation=\u00a0\u00bbnone\u00a0\u00bb][\/vc_column][vc_column width=\u00a0\u00bb3\/4&Prime;][vc_column_text]\n<h3><span style=\"color: #000000;\">Cath\u00e9drale Saint-Pierre Saint-Paul<\/span><\/h3>\n<p style=\"text-align: justify;\">Erig\u00e9e en plus de 400 ans, la cath\u00e9drale\u00a0conserve un remarquable tr\u00e9sor, constitu\u00e9 \u00e0 partir de 1204 (pillage de Constantinople par les Crois\u00e9s), qui inclut un ensemble exceptionnel de ch\u00e2sses (dont celle du chef de saint Bernard de Clairvaux), de reliques, d\u2019\u00e9maux et autres pi\u00e8ces d\u2019orf\u00e8vrerie, dont un coffret byzantin en ivoire pourpr\u00e9 (11e si\u00e8cle) et les aum\u00f4ni\u00e8res des comtes de Champagne (13e \u2013 14e si\u00e8cle)<\/p>\n[\/vc_column_text][vc_btn title=\u00a0\u00bbEn savoir plus\u00a0\u00bb style=\u00a0\u00bbclassic\u00a0\u00bb color=\u00a0\u00bborange\u00a0\u00bb size=\u00a0\u00bbsm\u00a0\u00bb custom_onclick=\u00a0\u00bbtrue\u00a0\u00bb link=\u00a0\u00bburl:http%3A%2F%2Fwww.aube-champagne.com%2Ffr%2Fpoi%2Fcathedrale-saint-pierre-saint-paul%2F||target:%20_blank|\u00a0\u00bb custom_onclick_code=\u00a0\u00bb<script type=``text\/javascript`` src=``\/\/cdn.tradelab.fr\/conv\/992319.js``><\/script>\u00ab\u00a0][vc_empty_space][\/vc_column][\/vc_row][vc_row][vc_column width=\u00a0\u00bb1\/4&Prime;][vc_single_image image=\u00a0\u00bb24036&Prime; img_size=\u00a0\u00bbmedium\u00a0\u00bb alignment=\u00a0\u00bbcenter\u00a0\u00bb css_animation=\u00a0\u00bbnone\u00a0\u00bb][\/vc_column][vc_column width=\u00a0\u00bb3\/4&Prime;][vc_column_text]\n<h3><span style=\"color: #000000;\">Mus\u00e9e des Templiers Hugues de Payns<\/span><\/h3>\n<p>Dans la vall\u00e9e de la Seine, des passionn\u00e9s ont cr\u00e9e un mus\u00e9e afin de revenir sur l\u2019histoire oubli\u00e9e de l\u2019Ordre du Temple. La visite se fait autour de nombreux supports pour une compr\u00e9hension simplifi\u00e9e et compl\u00e8te que l\u2019on soit sp\u00e9cialiste ou novice.[\/vc_column_text][vc_btn title=\u00a0\u00bbEN SAVOIR PLUS\u00a0\u00bb style=\u00a0\u00bbclassic\u00a0\u00bb color=\u00a0\u00bborange\u00a0\u00bb size=\u00a0\u00bbsm\u00a0\u00bb custom_onclick=\u00a0\u00bbtrue\u00a0\u00bb link=\u00a0\u00bburl:http%3A%2F%2Fwww.aube-champagne.com%2Ffr%2Fpoi%2Fmusee-des-templiers-hugues-de-payns%2F||target:%20_blank|\u00a0\u00bb custom_onclick_code=\u00a0\u00bb<script type=``text\/javascript`` src=``\/\/cdn.tradelab.fr\/conv\/992319.js``><\/script>\u00ab\u00a0][vc_empty_space][\/vc_column][\/vc_row][vc_row css_animation=\u00a0\u00bbnone\u00a0\u00bb][vc_column][vc_column_text]\n<h2 style=\"text-align: center;\"><span style=\"color: #000000;\">Les Cuv\u00e9es de Champagne Templiers<\/span><\/h2>\n[\/vc_column_text][\/vc_column][\/vc_row][vc_row][vc_column width=\u00a0\u00bb1\/2&Prime;][vc_column_text]\n<h3 style=\"text-align: center;\"><span style=\"color: #000000;\"><a style=\"color: #000000;\" href=\"http:\/\/www.aube-champagne.com\/fr\/poi\/champagne-r-dumont-et-fils\/\" target=\"_blank\" rel=\"noopener noreferrer\">Champagne R.Dumont et Fils<\/a><\/span><\/h3>\n[\/vc_column_text][vc_single_image image=\u00a0\u00bb29405&Prime; img_size=\u00a0\u00bb500&#215;250&Prime; alignment=\u00a0\u00bbcenter\u00a0\u00bb onclick=\u00a0\u00bbimg_link_large\u00a0\u00bb img_link_target=\u00a0\u00bb_blank\u00a0\u00bb css_animation=\u00a0\u00bbnone\u00a0\u00bb][vc_btn title=\u00a0\u00bbPLUS D&rsquo;INFOS SUR LE CHAMPAGNE\u00a0\u00bb style=\u00a0\u00bbflat\u00a0\u00bb color=\u00a0\u00bborange\u00a0\u00bb align=\u00a0\u00bbcenter\u00a0\u00bb custom_onclick=\u00a0\u00bbtrue\u00a0\u00bb link=\u00a0\u00bburl:http%3A%2F%2Fwww.champagnedumont.fr%2Fsite%2F|target:_blank\u00a0\u00bb custom_onclick_code=\u00a0\u00bb<script type=``text\/javascript`` src=``\/\/cdn.tradelab.fr\/conv\/992348.js``><\/script>\u00ab\u00a0][vc_btn title=\u00a0\u00bbT\u00c9L\u00c9CHARGEZ LA BROCHURE\u00a0\u00bb style=\u00a0\u00bbflat\u00a0\u00bb color=\u00a0\u00bborange\u00a0\u00bb align=\u00a0\u00bbcenter\u00a0\u00bb custom_onclick=\u00a0\u00bbtrue\u00a0\u00bb link=\u00a0\u00bburl:https%3A%2F%2Fwww.aube-champagne.com%2Fassets%2Fuploads%2F2018%2F02%2FCuv%C3%A9e-templiers-Dumont.pdf||target:%20_blank|\u00a0\u00bb custom_onclick_code=\u00a0\u00bb<script type=``text\/javascript`` src=``\/\/cdn.tradelab.fr\/conv\/992347.js``><\/script>\u00ab\u00a0][\/vc_column][vc_column width=\u00a0\u00bb1\/2\u00a0\u00bb][vc_column_text]\n<h3 style=\"text-align: center;\"><span style=\"color: #000000;\"><a style=\"color: #000000;\" href=\"https:\/\/www.aube-champagne.com\/fr\/poi\/champagne-remy-massin-fils\/\" target=\"_blank\" rel=\"noopener noreferrer\">Champagne R\u00e9my Massin &amp; Fils<\/a><\/span><\/h3>\n[\/vc_column_text][vc_single_image image=\u00a0\u00bb29416&Prime; img_size=\u00a0\u00bb500&#215;250&Prime; alignment=\u00a0\u00bbcenter\u00a0\u00bb onclick=\u00a0\u00bbimg_link_large\u00a0\u00bb img_link_target=\u00a0\u00bb_blank\u00a0\u00bb css_animation=\u00a0\u00bbnone\u00a0\u00bb][vc_btn title=\u00a0\u00bbPLUS D&rsquo;INFOS SUR LE CHAMPAGNE\u00a0\u00bb style=\u00a0\u00bbflat\u00a0\u00bb color=\u00a0\u00bborange\u00a0\u00bb align=\u00a0\u00bbcenter\u00a0\u00bb custom_onclick=\u00a0\u00bbtrue\u00a0\u00bb link=\u00a0\u00bburl:https%3A%2F%2Fwww.aube-champagne.com%2Ffr%2Fpoi%2Fchampagne-remy-massin-fils%2F||target:%20_blank|\u00a0\u00bb custom_onclick_code=\u00a0\u00bb<script type=``text\/javascript`` src=``\/\/cdn.tradelab.fr\/conv\/992348.js``><\/script>\u00ab\u00a0][vc_btn title=\u00a0\u00bbT\u00c9L\u00c9CHARGEZ LA BROCHURE\u00a0\u00bb color=\u00a0\u00bborange\u00a0\u00bb align=\u00a0\u00bbcenter\u00a0\u00bb custom_onclick=\u00a0\u00bbtrue\u00a0\u00bb link=\u00a0\u00bburl:https%3A%2F%2Fwww.aube-champagne.com%2Fassets%2Fuploads%2F2019%2F05%2FCuv%C3%A9e-Grand-Maitre-Champagne-Remy-Massin.pdf||target:%20_blank|\u00a0\u00bb custom_onclick_code=\u00a0\u00bb<script type=``text\/javascript`` src=``\/\/cdn.tradelab.fr\/conv\/992347.js``><\/script>\u00ab\u00a0][\/vc_column][\/vc_row][vc_row][vc_column][vc_separator color=\u00a0\u00bborange\u00a0\u00bb][vc_empty_space][\/vc_column][\/vc_row][vc_row content_placement=\u00a0\u00bbmiddle\u00a0\u00bb][vc_column width=\u00a0\u00bb1\/2&Prime;][vc_single_image image=\u00a0\u00bb24952&Prime; img_size=\u00a0\u00bbmedium\u00a0\u00bb alignment=\u00a0\u00bbcenter\u00a0\u00bb css_animation=\u00a0\u00bbnone\u00a0\u00bb][\/vc_column][vc_column width=\u00a0\u00bb1\/2&Prime;][vc_column_text]Apr\u00e8s la r\u00e9volte des vignerons et l\u2019histoire de la bonneterie \u00e0 Troyes, l\u2019association \u00ab Chante et Danse la Champagne \u00bb vous propose un op\u00e9ra rock sur l\u2019histoire des templiers.[\/vc_column_text][vc_btn title=\u00a0\u00bbCommandez votre DVD\u00a0\u00bb style=\u00a0\u00bbflat\u00a0\u00bb color=\u00a0\u00bborange\u00a0\u00bb align=\u00a0\u00bbcenter\u00a0\u00bb link=\u00a0\u00bburl:http%3A%2F%2Fwww.aube-champagne.com%2Ffr%2Fdvd-temps-passes-temps-futurs-templiers%2F||target:%20_blank|\u00a0\u00bb][\/vc_column][\/vc_row][vc_row content_placement=\u00a0\u00bbmiddle\u00a0\u00bb][vc_column width=\u00a0\u00bb1\/2&Prime;][vc_column_text]\n<h3 style=\"text-align: center;\"><span style=\"color: #000000;\"><a style=\"color: #000000;\" href=\"https:\/\/www.aube-champagne.com\/assets\/uploads\/2020\/02\/Les-Templiers-dans-lAube.pdf\" target=\"_blank\" rel=\"noopener noreferrer\">T\u00e9l\u00e9charger la\u00a0brochure Templiers<\/a><\/span><\/h3>\n[\/vc_column_text][vc_column_text]\n<div class=\"wpb_text_column wpb_content_element \">\n<div class=\"wpb_wrapper\">\n<p class=\"SYSPEpara3-Value1\" style=\"text-align: justify;\">Coeur de l\u2019ancien brillant comt\u00e9 de Champagne, le d\u00e9partement de l\u2019Aube est le berceau de l\u2019ordre du Temple. Terre natale d\u2019Hugues de Payns, fondateur des templiers, la Champagne a contribu\u00e9 activement \u00e0 l\u2019essor de ce premier ordre religieux et militaire\u2026<\/p>\n<\/div>\n<\/div>\n<div class=\"wpb_text_column wpb_content_element \"><\/div>\n[\/vc_column_text][\/vc_column][vc_column width=\u00a0\u00bb1\/2&Prime;][vc_single_image image=\u00a0\u00bb23066&Prime; img_size=\u00a0\u00bbmedium\u00a0\u00bb alignment=\u00a0\u00bbcenter\u00a0\u00bb onclick=\u00a0\u00bbcustom_link\u00a0\u00bb img_link_target=\u00a0\u00bb_blank\u00a0\u00bb link=\u00a0\u00bbhttps:\/\/www.aube-champagne.com\/assets\/uploads\/2020\/02\/Les-Templiers-dans-lAube.pdf\u00a0\u00bb][\/vc_column][\/vc_row][vc_row][\/vc_row][vc_row][vc_column][vc_column_text]\n<h4 style=\"text-align: center;\"><span style=\"color: #000000;\"><a style=\"color: #000000;\" href=\"http:\/\/www.templars-route.eu\" target=\"_blank\" rel=\"noopener noreferrer\">Toutes les informations sur la Route Europ\u00e9enne des Templiers<br \/>\nsur www.templars-route.eu<\/a><\/span><\/h4>\n[\/vc_column_text][vc_separator el_width=\u00a0\u00bb80&Prime;][\/vc_column][\/vc_row]\n<\/div>","protected":false},"excerpt":{"rendered":"<p>[vc_row][vc_column][vc_column_text] D\u00e9couvrez les lieux aubois li\u00e9s \u00e0 l&rsquo;histoire des templiers [\/vc_column_text][\/vc_column][\/vc_row][vc_row][vc_column width=\u00a0\u00bb1\/4&Prime;][vc_single_image image=\u00a0\u00bb27694&Prime; img_size=\u00a0\u00bbmedium\u00a0\u00bb alignment=\u00a0\u00bbcenter\u00a0\u00bb css_animation=\u00a0\u00bbnone\u00a0\u00bb][\/vc_column][vc_column width=\u00a0\u00bb3\/4&Prime;][vc_column_text] La Commanderie d&rsquo;Avalleur Situ\u00e9e sur un plateau, la commanderie d\u2019Avalleur domine la plaine de la seigneurie de Bar-sur-Seine. La charte de sa fondation a disparu au XVIIe si\u00e8cle.&hellip;  <a href=\"https:\/\/www.aube-champagne.com\/fr\/les-templiers-dans-laube-en-champagne\/\" title=\"Read Les Templiers dans l&rsquo;Aube en Champagne\">En savoir plus&raquo;<\/a><\/p>\n","protected":false},"author":2,"featured_media":37993,"parent":0,"menu_order":0,"comment_status":"closed","ping_status":"closed","template":"","meta":{"footnotes":""},"class_list":["post-17159","page","type-page","status-publish","has-post-thumbnail","hentry"],"yoast_head":"<!-- This site is optimized with the Yoast SEO plugin v27.4 - https:\/\/yoast.com\/product\/yoast-seo-wordpress\/ -->\n<title>L&#039;aube, berceau de l&#039;ordre du Temple et d&#039;Hugues de Payns 1er templier<\/title>\n<meta name=\"description\" content=\"C\u0153ur de l\u2019ancien comt\u00e9 de Champagne, l\u2019Aube est le berceau de l\u2019ordre du Temple. Terre natale d\u2019Hugues de Payns, fondateur des templiers en 1120 \u00e0 J\u00e9rusalem\" \/>\n<meta name=\"robots\" content=\"index, follow, max-snippet:-1, max-image-preview:large, max-video-preview:-1\" \/>\n<link rel=\"canonical\" href=\"https:\/\/www.aube-champagne.com\/fr\/les-templiers-dans-laube-en-champagne\/\" \/>\n<meta property=\"og:locale\" content=\"fr_FR\" \/>\n<meta property=\"og:type\" content=\"article\" \/>\n<meta property=\"og:title\" content=\"L&#039;aube, berceau de l&#039;ordre du Temple et d&#039;Hugues de Payns 1er templier\" \/>\n<meta property=\"og:description\" content=\"C\u0153ur de l\u2019ancien comt\u00e9 de Champagne, l\u2019Aube est le berceau de l\u2019ordre du Temple. Terre natale d\u2019Hugues de Payns, fondateur des templiers en 1120 \u00e0 J\u00e9rusalem\" \/>\n<meta property=\"og:url\" content=\"https:\/\/www.aube-champagne.com\/fr\/les-templiers-dans-laube-en-champagne\/\" \/>\n<meta property=\"og:site_name\" content=\"Aube Champagne\" \/>\n<meta property=\"article:publisher\" content=\"https:\/\/www.facebook.com\/aube.champagne\" \/>\n<meta property=\"article:modified_time\" content=\"2022-06-15T14:19:54+00:00\" \/>\n<meta property=\"og:image\" content=\"https:\/\/www.aube-champagne.com\/assets\/uploads\/2020\/06\/templiers-15-09-19-223F\u00eate-Templi\u00e8re-Avalleur.jpg\" \/>\n\t<meta property=\"og:image:width\" content=\"2048\" \/>\n\t<meta property=\"og:image:height\" content=\"1365\" \/>\n\t<meta property=\"og:image:type\" content=\"image\/jpeg\" \/>\n<meta name=\"twitter:card\" content=\"summary_large_image\" \/>\n<meta name=\"twitter:site\" content=\"@AubeChampagne\" \/>\n<meta name=\"twitter:label1\" content=\"Dur\u00e9e de lecture estim\u00e9e\" \/>\n\t<meta name=\"twitter:data1\" content=\"4 minutes\" \/>\n<script type=\"application\/ld+json\" class=\"yoast-schema-graph\">{\"@context\":\"https:\\\/\\\/schema.org\",\"@graph\":[{\"@type\":\"WebPage\",\"@id\":\"https:\\\/\\\/www.aube-champagne.com\\\/fr\\\/les-templiers-dans-laube-en-champagne\\\/\",\"url\":\"https:\\\/\\\/www.aube-champagne.com\\\/fr\\\/les-templiers-dans-laube-en-champagne\\\/\",\"name\":\"L'aube, berceau de l'ordre du Temple et d'Hugues de Payns 1er templier\",\"isPartOf\":{\"@id\":\"https:\\\/\\\/www.aube-champagne.com\\\/fr\\\/#website\"},\"primaryImageOfPage\":{\"@id\":\"https:\\\/\\\/www.aube-champagne.com\\\/fr\\\/les-templiers-dans-laube-en-champagne\\\/#primaryimage\"},\"image\":{\"@id\":\"https:\\\/\\\/www.aube-champagne.com\\\/fr\\\/les-templiers-dans-laube-en-champagne\\\/#primaryimage\"},\"thumbnailUrl\":\"https:\\\/\\\/www.aube-champagne.com\\\/assets\\\/uploads\\\/2020\\\/06\\\/templiers-15-09-19-223F\u00eate-Templi\u00e8re-Avalleur.jpg\",\"datePublished\":\"2018-02-22T16:15:00+00:00\",\"dateModified\":\"2022-06-15T14:19:54+00:00\",\"description\":\"C\u0153ur de l\u2019ancien comt\u00e9 de Champagne, l\u2019Aube est le berceau de l\u2019ordre du Temple. Terre natale d\u2019Hugues de Payns, fondateur des templiers en 1120 \u00e0 J\u00e9rusalem\",\"breadcrumb\":{\"@id\":\"https:\\\/\\\/www.aube-champagne.com\\\/fr\\\/les-templiers-dans-laube-en-champagne\\\/#breadcrumb\"},\"inLanguage\":\"fr-FR\",\"potentialAction\":[{\"@type\":\"ReadAction\",\"target\":[\"https:\\\/\\\/www.aube-champagne.com\\\/fr\\\/les-templiers-dans-laube-en-champagne\\\/\"]}]},{\"@type\":\"ImageObject\",\"inLanguage\":\"fr-FR\",\"@id\":\"https:\\\/\\\/www.aube-champagne.com\\\/fr\\\/les-templiers-dans-laube-en-champagne\\\/#primaryimage\",\"url\":\"https:\\\/\\\/www.aube-champagne.com\\\/assets\\\/uploads\\\/2020\\\/06\\\/templiers-15-09-19-223F\u00eate-Templi\u00e8re-Avalleur.jpg\",\"contentUrl\":\"https:\\\/\\\/www.aube-champagne.com\\\/assets\\\/uploads\\\/2020\\\/06\\\/templiers-15-09-19-223F\u00eate-Templi\u00e8re-Avalleur.jpg\",\"width\":2048,\"height\":1365,\"caption\":\"Marchez sur les pas de l'ordre Templiers\"},{\"@type\":\"BreadcrumbList\",\"@id\":\"https:\\\/\\\/www.aube-champagne.com\\\/fr\\\/les-templiers-dans-laube-en-champagne\\\/#breadcrumb\",\"itemListElement\":[{\"@type\":\"ListItem\",\"position\":1,\"name\":\"Accueil\",\"item\":\"https:\\\/\\\/www.aube-champagne.com\\\/fr\\\/\"},{\"@type\":\"ListItem\",\"position\":2,\"name\":\"Les Templiers dans l&rsquo;Aube en Champagne\"}]},{\"@type\":\"WebSite\",\"@id\":\"https:\\\/\\\/www.aube-champagne.com\\\/fr\\\/#website\",\"url\":\"https:\\\/\\\/www.aube-champagne.com\\\/fr\\\/\",\"name\":\"Aube Champagne\",\"description\":\"Aube Champagne\",\"potentialAction\":[{\"@type\":\"SearchAction\",\"target\":{\"@type\":\"EntryPoint\",\"urlTemplate\":\"https:\\\/\\\/www.aube-champagne.com\\\/fr\\\/?s={search_term_string}\"},\"query-input\":{\"@type\":\"PropertyValueSpecification\",\"valueRequired\":true,\"valueName\":\"search_term_string\"}}],\"inLanguage\":\"fr-FR\"}]}<\/script>\n<!-- \/ Yoast SEO plugin. -->","yoast_head_json":{"title":"L'aube, berceau de l'ordre du Temple et d'Hugues de Payns 1er templier","description":"C\u0153ur de l\u2019ancien comt\u00e9 de Champagne, l\u2019Aube est le berceau de l\u2019ordre du Temple. Terre natale d\u2019Hugues de Payns, fondateur des templiers en 1120 \u00e0 J\u00e9rusalem","robots":{"index":"index","follow":"follow","max-snippet":"max-snippet:-1","max-image-preview":"max-image-preview:large","max-video-preview":"max-video-preview:-1"},"canonical":"https:\/\/www.aube-champagne.com\/fr\/les-templiers-dans-laube-en-champagne\/","og_locale":"fr_FR","og_type":"article","og_title":"L'aube, berceau de l'ordre du Temple et d'Hugues de Payns 1er templier","og_description":"C\u0153ur de l\u2019ancien comt\u00e9 de Champagne, l\u2019Aube est le berceau de l\u2019ordre du Temple. Terre natale d\u2019Hugues de Payns, fondateur des templiers en 1120 \u00e0 J\u00e9rusalem","og_url":"https:\/\/www.aube-champagne.com\/fr\/les-templiers-dans-laube-en-champagne\/","og_site_name":"Aube Champagne","article_publisher":"https:\/\/www.facebook.com\/aube.champagne","article_modified_time":"2022-06-15T14:19:54+00:00","og_image":[{"width":2048,"height":1365,"url":"https:\/\/www.aube-champagne.com\/assets\/uploads\/2020\/06\/templiers-15-09-19-223F\u00eate-Templi\u00e8re-Avalleur.jpg","type":"image\/jpeg"}],"twitter_card":"summary_large_image","twitter_site":"@AubeChampagne","twitter_misc":{"Dur\u00e9e de lecture estim\u00e9e":"4 minutes"},"schema":{"@context":"https:\/\/schema.org","@graph":[{"@type":"WebPage","@id":"https:\/\/www.aube-champagne.com\/fr\/les-templiers-dans-laube-en-champagne\/","url":"https:\/\/www.aube-champagne.com\/fr\/les-templiers-dans-laube-en-champagne\/","name":"L'aube, berceau de l'ordre du Temple et d'Hugues de Payns 1er templier","isPartOf":{"@id":"https:\/\/www.aube-champagne.com\/fr\/#website"},"primaryImageOfPage":{"@id":"https:\/\/www.aube-champagne.com\/fr\/les-templiers-dans-laube-en-champagne\/#primaryimage"},"image":{"@id":"https:\/\/www.aube-champagne.com\/fr\/les-templiers-dans-laube-en-champagne\/#primaryimage"},"thumbnailUrl":"https:\/\/www.aube-champagne.com\/assets\/uploads\/2020\/06\/templiers-15-09-19-223F\u00eate-Templi\u00e8re-Avalleur.jpg","datePublished":"2018-02-22T16:15:00+00:00","dateModified":"2022-06-15T14:19:54+00:00","description":"C\u0153ur de l\u2019ancien comt\u00e9 de Champagne, l\u2019Aube est le berceau de l\u2019ordre du Temple. Terre natale d\u2019Hugues de Payns, fondateur des templiers en 1120 \u00e0 J\u00e9rusalem","breadcrumb":{"@id":"https:\/\/www.aube-champagne.com\/fr\/les-templiers-dans-laube-en-champagne\/#breadcrumb"},"inLanguage":"fr-FR","potentialAction":[{"@type":"ReadAction","target":["https:\/\/www.aube-champagne.com\/fr\/les-templiers-dans-laube-en-champagne\/"]}]},{"@type":"ImageObject","inLanguage":"fr-FR","@id":"https:\/\/www.aube-champagne.com\/fr\/les-templiers-dans-laube-en-champagne\/#primaryimage","url":"https:\/\/www.aube-champagne.com\/assets\/uploads\/2020\/06\/templiers-15-09-19-223F\u00eate-Templi\u00e8re-Avalleur.jpg","contentUrl":"https:\/\/www.aube-champagne.com\/assets\/uploads\/2020\/06\/templiers-15-09-19-223F\u00eate-Templi\u00e8re-Avalleur.jpg","width":2048,"height":1365,"caption":"Marchez sur les pas de l'ordre Templiers"},{"@type":"BreadcrumbList","@id":"https:\/\/www.aube-champagne.com\/fr\/les-templiers-dans-laube-en-champagne\/#breadcrumb","itemListElement":[{"@type":"ListItem","position":1,"name":"Accueil","item":"https:\/\/www.aube-champagne.com\/fr\/"},{"@type":"ListItem","position":2,"name":"Les Templiers dans l&rsquo;Aube en Champagne"}]},{"@type":"WebSite","@id":"https:\/\/www.aube-champagne.com\/fr\/#website","url":"https:\/\/www.aube-champagne.com\/fr\/","name":"Aube Champagne","description":"Aube Champagne","potentialAction":[{"@type":"SearchAction","target":{"@type":"EntryPoint","urlTemplate":"https:\/\/www.aube-champagne.com\/fr\/?s={search_term_string}"},"query-input":{"@type":"PropertyValueSpecification","valueRequired":true,"valueName":"search_term_string"}}],"inLanguage":"fr-FR"}]}},"publishpress_future_action":{"enabled":false,"date":"2026-04-22 17:04:25","action":"change-status","newStatus":"draft","terms":[],"taxonomy":"translation_priority","extraData":[]},"publishpress_future_workflow_manual_trigger":{"enabledWorkflows":[]},"_links":{"self":[{"href":"https:\/\/www.aube-champagne.com\/fr\/wp-json\/wp\/v2\/pages\/17159","targetHints":{"allow":["GET"]}}],"collection":[{"href":"https:\/\/www.aube-champagne.com\/fr\/wp-json\/wp\/v2\/pages"}],"about":[{"href":"https:\/\/www.aube-champagne.com\/fr\/wp-json\/wp\/v2\/types\/page"}],"author":[{"embeddable":true,"href":"https:\/\/www.aube-champagne.com\/fr\/wp-json\/wp\/v2\/users\/2"}],"replies":[{"embeddable":true,"href":"https:\/\/www.aube-champagne.com\/fr\/wp-json\/wp\/v2\/comments?post=17159"}],"version-history":[{"count":5,"href":"https:\/\/www.aube-champagne.com\/fr\/wp-json\/wp\/v2\/pages\/17159\/revisions"}],"predecessor-version":[{"id":52215,"href":"https:\/\/www.aube-champagne.com\/fr\/wp-json\/wp\/v2\/pages\/17159\/revisions\/52215"}],"wp:featuredmedia":[{"embeddable":true,"href":"https:\/\/www.aube-champagne.com\/fr\/wp-json\/wp\/v2\/media\/37993"}],"wp:attachment":[{"href":"https:\/\/www.aube-champagne.com\/fr\/wp-json\/wp\/v2\/media?parent=17159"}],"curies":[{"name":"wp","href":"https:\/\/api.w.org\/{rel}","templated":true}]}}