{"id":17262,"date":"2017-11-02T14:00:05","date_gmt":"2017-11-02T13:00:05","guid":{"rendered":"http:\/\/www.aube-champagne.com\/fr\/?page_id=17262"},"modified":"2017-11-29T12:14:46","modified_gmt":"2017-11-29T11:14:46","slug":"global-afterwork","status":"publish","type":"page","link":"https:\/\/www.aube-champagne.com\/fr\/global-afterwork\/","title":{"rendered":"Soir\u00e9e du tourisme aubois &#8211; Afterwork 2017"},"content":{"rendered":"<div class=\"wpb-content-wrapper\">[vc_row][\/vc_row][vc_column][\/vc_column][vc_column_text]\n\t\t\t<!-- START soiree tourisme REVOLUTION SLIDER 6.5.14 --><p class=\"rs-p-wp-fix\"><\/p>\n\t\t\t<rs-module-wrap id=\"rev_slider_71_1_wrapper\" data-source=\"gallery\" style=\"visibility:hidden;background:#E9E9E9;padding:0;margin:0px auto;margin-top:0;margin-bottom:0;\">\n\t\t\t\t<rs-module id=\"rev_slider_71_1\" style=\"\" data-version=\"6.5.14\">\n\t\t\t\t\t<rs-slides>\n\t\t\t\t\t\t<rs-slide style=\"position: absolute;\" data-key=\"rs-551\" data-title=\"Slide\" data-in=\"o:0;\" data-out=\"a:false;\">\n\t\t\t\t\t\t\t<img decoding=\"async\" src=\"\/\/www.aube-champagne.com\/assets\/plugins\/revslider\/public\/assets\/assets\/dummy.png\" alt=\"\" title=\"Soir\u00e9e du tourisme aubois &#8211; Afterwork 2017\" class=\"rev-slidebg tp-rs-img rs-lazyload\" data-lazyload=\"\/\/www.aube-champagne.com\/assets\/uploads\/2016\/10\/soir\u00e9e-tourisme-1.jpg\" data-no-retina>\n<!---->\t\t\t\t\t\t<\/rs-slide>\n\t\t\t\t\t\t<rs-slide style=\"position: absolute;\" data-key=\"rs-552\" data-title=\"Slide\" data-in=\"o:0;\" data-out=\"a:false;\">\n\t\t\t\t\t\t\t<img decoding=\"async\" src=\"\/\/www.aube-champagne.com\/assets\/plugins\/revslider\/public\/assets\/assets\/dummy.png\" alt=\"\" title=\"Soir\u00e9e du tourisme aubois &#8211; Afterwork 2017\" class=\"rev-slidebg tp-rs-img rs-lazyload\" data-lazyload=\"\/\/www.aube-champagne.com\/assets\/uploads\/2016\/10\/soir\u00e9e-tourisme-2.jpg\" data-no-retina>\n<!---->\t\t\t\t\t\t<\/rs-slide>\n\t\t\t\t\t\t<rs-slide style=\"position: absolute;\" data-key=\"rs-553\" data-title=\"Slide\" data-in=\"o:0;\" data-out=\"a:false;\">\n\t\t\t\t\t\t\t<img decoding=\"async\" src=\"\/\/www.aube-champagne.com\/assets\/plugins\/revslider\/public\/assets\/assets\/dummy.png\" alt=\"\" title=\"Soir\u00e9e du tourisme aubois &#8211; Afterwork 2017\" class=\"rev-slidebg tp-rs-img rs-lazyload\" data-lazyload=\"\/\/www.aube-champagne.com\/assets\/uploads\/2016\/10\/soir\u00e9e-tourisme-3.jpg\" data-no-retina>\n<!---->\t\t\t\t\t\t<\/rs-slide>\n\t\t\t\t\t\t<rs-slide style=\"position: absolute;\" data-key=\"rs-554\" data-title=\"Slide\" data-in=\"o:0;\" data-out=\"a:false;\">\n\t\t\t\t\t\t\t<img decoding=\"async\" src=\"\/\/www.aube-champagne.com\/assets\/plugins\/revslider\/public\/assets\/assets\/dummy.png\" alt=\"\" title=\"Soir\u00e9e du tourisme aubois &#8211; Afterwork 2017\" class=\"rev-slidebg tp-rs-img rs-lazyload\" data-lazyload=\"\/\/www.aube-champagne.com\/assets\/uploads\/2016\/10\/soir\u00e9e-tourisme-4.jpg\" data-no-retina>\n<!---->\t\t\t\t\t\t<\/rs-slide>\n\t\t\t\t\t<\/rs-slides>\n\t\t\t\t<\/rs-module>\n\t\t\t\t<script>\n\t\t\t\t\tsetREVStartSize({c: 'rev_slider_71_1',rl:[1240,1024,778,480],el:[],gw:[960],gh:[350],type:'standard',justify:'',layout:'fullwidth',mh:\"350\"});if (window.RS_MODULES!==undefined && window.RS_MODULES.modules!==undefined && window.RS_MODULES.modules[\"revslider711\"]!==undefined) {window.RS_MODULES.modules[\"revslider711\"].once = false;window.revapi71 = undefined;if (window.RS_MODULES.checkMinimal!==undefined) window.RS_MODULES.checkMinimal()}\n\t\t\t\t<\/script>\n\t\t\t<\/rs-module-wrap>\n\t\t\t<!-- END REVOLUTION SLIDER -->\n[\/vc_column_text][vc_row][vc_column][vc_column_text]\n<h4 style=\"text-align: center;\"><strong>Le lundi 27 novembre a eu lieu l&rsquo;Afterwork du Comit\u00e9 D\u00e9partement du Tourisme de l&rsquo;Aube\u00a0au Cellier aux Champagne &#8211; Nouvel espace au Cellier Saint-Pierre \u00e0 Troyes<\/strong><\/h4>\n[\/vc_column_text][vc_column_text]Pour cette deuxi\u00e8me \u00e9dition, cette soir\u00e9e du tourisme aubois a r\u00e9unit\u00a0des prestataires touristiques de l\u2019Aube. L\u2019occasion de faire le bilan de l\u2019activit\u00e9 touristique 2017 et de dresser les perspectives d\u2019avenir. Les participants ont pu ainsi \u00e9changer avec les membres de l&rsquo;\u00e9quipe du CDT sur leurs attentes et probl\u00e9matiques de territoire.[\/vc_column_text][vc_separator][vc_column_text]\n<h3>Revivez les moments de cette belle soir\u00e9e<\/h3>\n[\/vc_column_text][vc_media_grid element_width=\u00a0\u00bb2&Prime; grid_id=\u00a0\u00bbvc_gid:1511953872852-50aeb5fe-f9b0-5&Prime; include=\u00a0\u00bb28045,28040,28028,28003,27988,28008,28018,28013,27993,27998,28023,28035&Prime;][\/vc_column][\/vc_row][vc_row][vc_column][\/vc_column][\/vc_row]\n<\/div>","protected":false},"excerpt":{"rendered":"<p>[vc_row][\/vc_row][vc_column][\/vc_column][vc_column_text][\/vc_column_text][vc_row][vc_column][vc_column_text] Le lundi 27 novembre a eu lieu l&rsquo;Afterwork du Comit\u00e9 D\u00e9partement du Tourisme de l&rsquo;Aube\u00a0au Cellier aux Champagne &#8211; Nouvel espace au Cellier Saint-Pierre \u00e0 Troyes [\/vc_column_text][vc_column_text]Pour cette deuxi\u00e8me \u00e9dition, cette soir\u00e9e du tourisme aubois a r\u00e9unit\u00a0des prestataires touristiques de l\u2019Aube. L\u2019occasion de faire&hellip;  <a href=\"https:\/\/www.aube-champagne.com\/fr\/global-afterwork\/\" title=\"Read Soir\u00e9e du tourisme aubois &#8211; Afterwork 2017\">En savoir plus&raquo;<\/a><\/p>\n","protected":false},"author":2,"featured_media":15247,"parent":0,"menu_order":0,"comment_status":"closed","ping_status":"closed","template":"","meta":{"footnotes":""},"class_list":["post-17262","page","type-page","status-publish","has-post-thumbnail","hentry"],"yoast_head":"<!-- This site is optimized with the Yoast SEO plugin v27.3 - https:\/\/yoast.com\/product\/yoast-seo-wordpress\/ -->\n<title>Soir\u00e9e du tourisme aubois - Afterwork 2017 - Aube Champagne<\/title>\n<meta name=\"description\" content=\"L&#039;\u00e9quipe du Comit\u00e9 D\u00e9partemental du Tourisme organise sa deuxi\u00e8me \u00e9dition Global Afterwork, la soir\u00e9e du tourisme aubois\" \/>\n<meta name=\"robots\" content=\"index, follow, max-snippet:-1, max-image-preview:large, max-video-preview:-1\" \/>\n<link rel=\"canonical\" href=\"https:\/\/www.aube-champagne.com\/fr\/global-afterwork\/\" \/>\n<meta property=\"og:locale\" content=\"fr_FR\" \/>\n<meta property=\"og:type\" content=\"article\" \/>\n<meta property=\"og:title\" content=\"Soir\u00e9e du tourisme aubois - Afterwork 2017 - Aube Champagne\" \/>\n<meta property=\"og:description\" content=\"L&#039;\u00e9quipe du Comit\u00e9 D\u00e9partemental du Tourisme organise sa deuxi\u00e8me \u00e9dition Global Afterwork, la soir\u00e9e du tourisme aubois\" \/>\n<meta property=\"og:url\" content=\"https:\/\/www.aube-champagne.com\/fr\/global-afterwork\/\" \/>\n<meta property=\"og:site_name\" content=\"Aube Champagne\" \/>\n<meta property=\"article:publisher\" content=\"https:\/\/www.facebook.com\/aube.champagne\" \/>\n<meta property=\"article:modified_time\" content=\"2017-11-29T11:14:46+00:00\" \/>\n<meta property=\"og:image\" content=\"https:\/\/www.aube-champagne.com\/assets\/uploads\/2016\/05\/cote-des-bar-copyright-champagne-dumont-aube.jpg\" \/>\n\t<meta property=\"og:image:width\" content=\"1365\" \/>\n\t<meta property=\"og:image:height\" content=\"2048\" \/>\n\t<meta property=\"og:image:type\" content=\"image\/jpeg\" \/>\n<meta name=\"twitter:card\" content=\"summary_large_image\" \/>\n<meta name=\"twitter:site\" content=\"@AubeChampagne\" \/>\n<meta name=\"twitter:label1\" content=\"Dur\u00e9e de lecture estim\u00e9e\" \/>\n\t<meta name=\"twitter:data1\" content=\"1 minute\" \/>\n<script type=\"application\/ld+json\" class=\"yoast-schema-graph\">{\"@context\":\"https:\\\/\\\/schema.org\",\"@graph\":[{\"@type\":\"WebPage\",\"@id\":\"https:\\\/\\\/www.aube-champagne.com\\\/fr\\\/global-afterwork\\\/\",\"url\":\"https:\\\/\\\/www.aube-champagne.com\\\/fr\\\/global-afterwork\\\/\",\"name\":\"Soir\u00e9e du tourisme aubois - Afterwork 2017 - Aube Champagne\",\"isPartOf\":{\"@id\":\"https:\\\/\\\/www.aube-champagne.com\\\/fr\\\/#website\"},\"primaryImageOfPage\":{\"@id\":\"https:\\\/\\\/www.aube-champagne.com\\\/fr\\\/global-afterwork\\\/#primaryimage\"},\"image\":{\"@id\":\"https:\\\/\\\/www.aube-champagne.com\\\/fr\\\/global-afterwork\\\/#primaryimage\"},\"thumbnailUrl\":\"https:\\\/\\\/www.aube-champagne.com\\\/assets\\\/uploads\\\/2016\\\/05\\\/cote-des-bar-copyright-champagne-dumont-aube.jpg\",\"datePublished\":\"2017-11-02T13:00:05+00:00\",\"dateModified\":\"2017-11-29T11:14:46+00:00\",\"description\":\"L'\u00e9quipe du Comit\u00e9 D\u00e9partemental du Tourisme organise sa deuxi\u00e8me \u00e9dition Global Afterwork, la soir\u00e9e du tourisme aubois\",\"breadcrumb\":{\"@id\":\"https:\\\/\\\/www.aube-champagne.com\\\/fr\\\/global-afterwork\\\/#breadcrumb\"},\"inLanguage\":\"fr-FR\",\"potentialAction\":[{\"@type\":\"ReadAction\",\"target\":[\"https:\\\/\\\/www.aube-champagne.com\\\/fr\\\/global-afterwork\\\/\"]}]},{\"@type\":\"ImageObject\",\"inLanguage\":\"fr-FR\",\"@id\":\"https:\\\/\\\/www.aube-champagne.com\\\/fr\\\/global-afterwork\\\/#primaryimage\",\"url\":\"https:\\\/\\\/www.aube-champagne.com\\\/assets\\\/uploads\\\/2016\\\/05\\\/cote-des-bar-copyright-champagne-dumont-aube.jpg\",\"contentUrl\":\"https:\\\/\\\/www.aube-champagne.com\\\/assets\\\/uploads\\\/2016\\\/05\\\/cote-des-bar-copyright-champagne-dumont-aube.jpg\",\"width\":1365,\"height\":2048},{\"@type\":\"BreadcrumbList\",\"@id\":\"https:\\\/\\\/www.aube-champagne.com\\\/fr\\\/global-afterwork\\\/#breadcrumb\",\"itemListElement\":[{\"@type\":\"ListItem\",\"position\":1,\"name\":\"Accueil\",\"item\":\"https:\\\/\\\/www.aube-champagne.com\\\/fr\\\/\"},{\"@type\":\"ListItem\",\"position\":2,\"name\":\"Soir\u00e9e du tourisme aubois &#8211; Afterwork 2017\"}]},{\"@type\":\"WebSite\",\"@id\":\"https:\\\/\\\/www.aube-champagne.com\\\/fr\\\/#website\",\"url\":\"https:\\\/\\\/www.aube-champagne.com\\\/fr\\\/\",\"name\":\"Aube Champagne\",\"description\":\"Aube Champagne\",\"potentialAction\":[{\"@type\":\"SearchAction\",\"target\":{\"@type\":\"EntryPoint\",\"urlTemplate\":\"https:\\\/\\\/www.aube-champagne.com\\\/fr\\\/?s={search_term_string}\"},\"query-input\":{\"@type\":\"PropertyValueSpecification\",\"valueRequired\":true,\"valueName\":\"search_term_string\"}}],\"inLanguage\":\"fr-FR\"}]}<\/script>\n<!-- \/ Yoast SEO plugin. -->","yoast_head_json":{"title":"Soir\u00e9e du tourisme aubois - Afterwork 2017 - Aube Champagne","description":"L'\u00e9quipe du Comit\u00e9 D\u00e9partemental du Tourisme organise sa deuxi\u00e8me \u00e9dition Global Afterwork, la soir\u00e9e du tourisme aubois","robots":{"index":"index","follow":"follow","max-snippet":"max-snippet:-1","max-image-preview":"max-image-preview:large","max-video-preview":"max-video-preview:-1"},"canonical":"https:\/\/www.aube-champagne.com\/fr\/global-afterwork\/","og_locale":"fr_FR","og_type":"article","og_title":"Soir\u00e9e du tourisme aubois - Afterwork 2017 - Aube Champagne","og_description":"L'\u00e9quipe du Comit\u00e9 D\u00e9partemental du Tourisme organise sa deuxi\u00e8me \u00e9dition Global Afterwork, la soir\u00e9e du tourisme aubois","og_url":"https:\/\/www.aube-champagne.com\/fr\/global-afterwork\/","og_site_name":"Aube Champagne","article_publisher":"https:\/\/www.facebook.com\/aube.champagne","article_modified_time":"2017-11-29T11:14:46+00:00","og_image":[{"width":1365,"height":2048,"url":"https:\/\/www.aube-champagne.com\/assets\/uploads\/2016\/05\/cote-des-bar-copyright-champagne-dumont-aube.jpg","type":"image\/jpeg"}],"twitter_card":"summary_large_image","twitter_site":"@AubeChampagne","twitter_misc":{"Dur\u00e9e de lecture estim\u00e9e":"1 minute"},"schema":{"@context":"https:\/\/schema.org","@graph":[{"@type":"WebPage","@id":"https:\/\/www.aube-champagne.com\/fr\/global-afterwork\/","url":"https:\/\/www.aube-champagne.com\/fr\/global-afterwork\/","name":"Soir\u00e9e du tourisme aubois - Afterwork 2017 - Aube Champagne","isPartOf":{"@id":"https:\/\/www.aube-champagne.com\/fr\/#website"},"primaryImageOfPage":{"@id":"https:\/\/www.aube-champagne.com\/fr\/global-afterwork\/#primaryimage"},"image":{"@id":"https:\/\/www.aube-champagne.com\/fr\/global-afterwork\/#primaryimage"},"thumbnailUrl":"https:\/\/www.aube-champagne.com\/assets\/uploads\/2016\/05\/cote-des-bar-copyright-champagne-dumont-aube.jpg","datePublished":"2017-11-02T13:00:05+00:00","dateModified":"2017-11-29T11:14:46+00:00","description":"L'\u00e9quipe du Comit\u00e9 D\u00e9partemental du Tourisme organise sa deuxi\u00e8me \u00e9dition Global Afterwork, la soir\u00e9e du tourisme aubois","breadcrumb":{"@id":"https:\/\/www.aube-champagne.com\/fr\/global-afterwork\/#breadcrumb"},"inLanguage":"fr-FR","potentialAction":[{"@type":"ReadAction","target":["https:\/\/www.aube-champagne.com\/fr\/global-afterwork\/"]}]},{"@type":"ImageObject","inLanguage":"fr-FR","@id":"https:\/\/www.aube-champagne.com\/fr\/global-afterwork\/#primaryimage","url":"https:\/\/www.aube-champagne.com\/assets\/uploads\/2016\/05\/cote-des-bar-copyright-champagne-dumont-aube.jpg","contentUrl":"https:\/\/www.aube-champagne.com\/assets\/uploads\/2016\/05\/cote-des-bar-copyright-champagne-dumont-aube.jpg","width":1365,"height":2048},{"@type":"BreadcrumbList","@id":"https:\/\/www.aube-champagne.com\/fr\/global-afterwork\/#breadcrumb","itemListElement":[{"@type":"ListItem","position":1,"name":"Accueil","item":"https:\/\/www.aube-champagne.com\/fr\/"},{"@type":"ListItem","position":2,"name":"Soir\u00e9e du tourisme aubois &#8211; Afterwork 2017"}]},{"@type":"WebSite","@id":"https:\/\/www.aube-champagne.com\/fr\/#website","url":"https:\/\/www.aube-champagne.com\/fr\/","name":"Aube Champagne","description":"Aube Champagne","potentialAction":[{"@type":"SearchAction","target":{"@type":"EntryPoint","urlTemplate":"https:\/\/www.aube-champagne.com\/fr\/?s={search_term_string}"},"query-input":{"@type":"PropertyValueSpecification","valueRequired":true,"valueName":"search_term_string"}}],"inLanguage":"fr-FR"}]}},"publishpress_future_action":{"enabled":false,"date":"2026-04-14 20:45:10","action":"change-status","newStatus":"draft","terms":[],"taxonomy":"translation_priority","extraData":[]},"publishpress_future_workflow_manual_trigger":{"enabledWorkflows":[]},"_links":{"self":[{"href":"https:\/\/www.aube-champagne.com\/fr\/wp-json\/wp\/v2\/pages\/17262","targetHints":{"allow":["GET"]}}],"collection":[{"href":"https:\/\/www.aube-champagne.com\/fr\/wp-json\/wp\/v2\/pages"}],"about":[{"href":"https:\/\/www.aube-champagne.com\/fr\/wp-json\/wp\/v2\/types\/page"}],"author":[{"embeddable":true,"href":"https:\/\/www.aube-champagne.com\/fr\/wp-json\/wp\/v2\/users\/2"}],"replies":[{"embeddable":true,"href":"https:\/\/www.aube-champagne.com\/fr\/wp-json\/wp\/v2\/comments?post=17262"}],"version-history":[{"count":0,"href":"https:\/\/www.aube-champagne.com\/fr\/wp-json\/wp\/v2\/pages\/17262\/revisions"}],"wp:featuredmedia":[{"embeddable":true,"href":"https:\/\/www.aube-champagne.com\/fr\/wp-json\/wp\/v2\/media\/15247"}],"wp:attachment":[{"href":"https:\/\/www.aube-champagne.com\/fr\/wp-json\/wp\/v2\/media?parent=17262"}],"curies":[{"name":"wp","href":"https:\/\/api.w.org\/{rel}","templated":true}]}}