{"id":178,"date":"2012-04-11T16:46:35","date_gmt":"2012-04-11T14:46:35","guid":{"rendered":"http:\/\/ks399170.kimsufi.com\/soyezsurpris\/?page_id=178"},"modified":"2012-04-11T16:46:35","modified_gmt":"2012-04-11T14:46:35","slug":"mentions-legales-2","status":"publish","type":"page","link":"https:\/\/www.aube-champagne.com\/fr\/mentions-legales-2\/","title":{"rendered":"Mentions l\u00e9gales"},"content":{"rendered":"<p>Propri\u00e9t\u00e9 intellectuelle :<\/p>\n<p>L\u2019ensemble de ce site rel\u00e8ve des l\u00e9gislations Fran\u00e7aises et Internationales sur les droits d\u2019auteur et la propri\u00e9t\u00e9 intellectuelle. Tous les droits de reproduction sont r\u00e9serv\u00e9s pour les textes et les photographies de ce site. La reproduction de tout ou partie de ce site sur un support \u00e9lectronique ou autre quel qu\u2019il soit, est formellement interdite sauf autorisation \u00e9crite de l\u2019auteur, conform\u00e9ment \u00e0 l\u2019article L 122-4 du Code le Propri\u00e9t\u00e9 intellectuelle.<\/p>\n<p>Droit de r\u00e9ponse :<\/p>\n<p>Toute personne cit\u00e9e sur le site peut faire valoir un droit de r\u00e9ponse.<br \/>\nUne simple demande sera adress\u00e9e par le formulaire de contact disponible sur cette page : <a title=\"contact\" href=\"?page_id=176\">contact<\/a><\/p>\n","protected":false},"excerpt":{"rendered":"<p>Propri\u00e9t\u00e9 intellectuelle : L\u2019ensemble de ce site rel\u00e8ve des l\u00e9gislations Fran\u00e7aises et Internationales sur les droits d\u2019auteur et la propri\u00e9t\u00e9 intellectuelle. Tous les droits de reproduction sont r\u00e9serv\u00e9s pour les textes et les photographies de ce site. La reproduction de tout ou partie de ce&hellip;  <a href=\"https:\/\/www.aube-champagne.com\/fr\/mentions-legales-2\/\" title=\"Read Mentions l\u00e9gales\">En savoir plus&raquo;<\/a><\/p>\n","protected":false},"author":9192192,"featured_media":0,"parent":0,"menu_order":0,"comment_status":"closed","ping_status":"closed","template":"","meta":{"footnotes":""},"class_list":["post-178","page","type-page","status-publish","hentry"],"yoast_head":"<!-- This site is optimized with the Yoast SEO plugin v27.3 - https:\/\/yoast.com\/product\/yoast-seo-wordpress\/ -->\n<title>Mentions l\u00e9gales - Aube Champagne<\/title>\n<meta name=\"description\" content=\"Propri\u00e9t\u00e9 intellectuelle : L\u2019ensemble de ce site rel\u00e8ve des l\u00e9gislations Fran\u00e7aises et Internationales sur les droits d\u2019auteur et la propri\u00e9t\u00e9\" \/>\n<meta name=\"robots\" content=\"index, follow, max-snippet:-1, max-image-preview:large, max-video-preview:-1\" \/>\n<link rel=\"canonical\" href=\"https:\/\/www.aube-champagne.com\/fr\/mentions-legales-2\/\" \/>\n<meta property=\"og:locale\" content=\"fr_FR\" \/>\n<meta property=\"og:type\" content=\"article\" \/>\n<meta property=\"og:title\" content=\"Mentions l\u00e9gales - Aube Champagne\" \/>\n<meta property=\"og:description\" content=\"Propri\u00e9t\u00e9 intellectuelle : L\u2019ensemble de ce site rel\u00e8ve des l\u00e9gislations Fran\u00e7aises et Internationales sur les droits d\u2019auteur et la propri\u00e9t\u00e9\" \/>\n<meta property=\"og:url\" content=\"https:\/\/www.aube-champagne.com\/fr\/mentions-legales-2\/\" \/>\n<meta property=\"og:site_name\" content=\"Aube Champagne\" \/>\n<meta property=\"article:publisher\" content=\"https:\/\/www.facebook.com\/aube.champagne\" \/>\n<meta property=\"og:image\" content=\"https:\/\/www.aube-champagne.com\/assets\/uploads\/2015\/03\/Aube-Champagne-Logo.jpg\" \/>\n\t<meta property=\"og:image:width\" content=\"440\" \/>\n\t<meta property=\"og:image:height\" content=\"155\" \/>\n\t<meta property=\"og:image:type\" content=\"image\/jpeg\" \/>\n<meta name=\"twitter:card\" content=\"summary_large_image\" \/>\n<meta name=\"twitter:site\" content=\"@AubeChampagne\" \/>\n<meta name=\"twitter:label1\" content=\"Dur\u00e9e de lecture estim\u00e9e\" \/>\n\t<meta name=\"twitter:data1\" content=\"1 minute\" \/>\n<script type=\"application\/ld+json\" class=\"yoast-schema-graph\">{\"@context\":\"https:\\\/\\\/schema.org\",\"@graph\":[{\"@type\":\"WebPage\",\"@id\":\"https:\\\/\\\/www.aube-champagne.com\\\/fr\\\/mentions-legales-2\\\/\",\"url\":\"https:\\\/\\\/www.aube-champagne.com\\\/fr\\\/mentions-legales-2\\\/\",\"name\":\"Mentions l\u00e9gales - Aube Champagne\",\"isPartOf\":{\"@id\":\"https:\\\/\\\/www.aube-champagne.com\\\/fr\\\/#website\"},\"datePublished\":\"2012-04-11T14:46:35+00:00\",\"description\":\"Propri\u00e9t\u00e9 intellectuelle : L\u2019ensemble de ce site rel\u00e8ve des l\u00e9gislations Fran\u00e7aises et Internationales sur les droits d\u2019auteur et la propri\u00e9t\u00e9\",\"breadcrumb\":{\"@id\":\"https:\\\/\\\/www.aube-champagne.com\\\/fr\\\/mentions-legales-2\\\/#breadcrumb\"},\"inLanguage\":\"fr-FR\",\"potentialAction\":[{\"@type\":\"ReadAction\",\"target\":[\"https:\\\/\\\/www.aube-champagne.com\\\/fr\\\/mentions-legales-2\\\/\"]}]},{\"@type\":\"BreadcrumbList\",\"@id\":\"https:\\\/\\\/www.aube-champagne.com\\\/fr\\\/mentions-legales-2\\\/#breadcrumb\",\"itemListElement\":[{\"@type\":\"ListItem\",\"position\":1,\"name\":\"Accueil\",\"item\":\"https:\\\/\\\/www.aube-champagne.com\\\/fr\\\/\"},{\"@type\":\"ListItem\",\"position\":2,\"name\":\"Mentions l\u00e9gales\"}]},{\"@type\":\"WebSite\",\"@id\":\"https:\\\/\\\/www.aube-champagne.com\\\/fr\\\/#website\",\"url\":\"https:\\\/\\\/www.aube-champagne.com\\\/fr\\\/\",\"name\":\"Aube Champagne\",\"description\":\"Aube Champagne\",\"potentialAction\":[{\"@type\":\"SearchAction\",\"target\":{\"@type\":\"EntryPoint\",\"urlTemplate\":\"https:\\\/\\\/www.aube-champagne.com\\\/fr\\\/?s={search_term_string}\"},\"query-input\":{\"@type\":\"PropertyValueSpecification\",\"valueRequired\":true,\"valueName\":\"search_term_string\"}}],\"inLanguage\":\"fr-FR\"}]}<\/script>\n<!-- \/ Yoast SEO plugin. -->","yoast_head_json":{"title":"Mentions l\u00e9gales - Aube Champagne","description":"Propri\u00e9t\u00e9 intellectuelle : L\u2019ensemble de ce site rel\u00e8ve des l\u00e9gislations Fran\u00e7aises et Internationales sur les droits d\u2019auteur et la propri\u00e9t\u00e9","robots":{"index":"index","follow":"follow","max-snippet":"max-snippet:-1","max-image-preview":"max-image-preview:large","max-video-preview":"max-video-preview:-1"},"canonical":"https:\/\/www.aube-champagne.com\/fr\/mentions-legales-2\/","og_locale":"fr_FR","og_type":"article","og_title":"Mentions l\u00e9gales - Aube Champagne","og_description":"Propri\u00e9t\u00e9 intellectuelle : L\u2019ensemble de ce site rel\u00e8ve des l\u00e9gislations Fran\u00e7aises et Internationales sur les droits d\u2019auteur et la propri\u00e9t\u00e9","og_url":"https:\/\/www.aube-champagne.com\/fr\/mentions-legales-2\/","og_site_name":"Aube Champagne","article_publisher":"https:\/\/www.facebook.com\/aube.champagne","og_image":[{"width":440,"height":155,"url":"https:\/\/www.aube-champagne.com\/assets\/uploads\/2015\/03\/Aube-Champagne-Logo.jpg","type":"image\/jpeg"}],"twitter_card":"summary_large_image","twitter_site":"@AubeChampagne","twitter_misc":{"Dur\u00e9e de lecture estim\u00e9e":"1 minute"},"schema":{"@context":"https:\/\/schema.org","@graph":[{"@type":"WebPage","@id":"https:\/\/www.aube-champagne.com\/fr\/mentions-legales-2\/","url":"https:\/\/www.aube-champagne.com\/fr\/mentions-legales-2\/","name":"Mentions l\u00e9gales - Aube Champagne","isPartOf":{"@id":"https:\/\/www.aube-champagne.com\/fr\/#website"},"datePublished":"2012-04-11T14:46:35+00:00","description":"Propri\u00e9t\u00e9 intellectuelle : L\u2019ensemble de ce site rel\u00e8ve des l\u00e9gislations Fran\u00e7aises et Internationales sur les droits d\u2019auteur et la propri\u00e9t\u00e9","breadcrumb":{"@id":"https:\/\/www.aube-champagne.com\/fr\/mentions-legales-2\/#breadcrumb"},"inLanguage":"fr-FR","potentialAction":[{"@type":"ReadAction","target":["https:\/\/www.aube-champagne.com\/fr\/mentions-legales-2\/"]}]},{"@type":"BreadcrumbList","@id":"https:\/\/www.aube-champagne.com\/fr\/mentions-legales-2\/#breadcrumb","itemListElement":[{"@type":"ListItem","position":1,"name":"Accueil","item":"https:\/\/www.aube-champagne.com\/fr\/"},{"@type":"ListItem","position":2,"name":"Mentions l\u00e9gales"}]},{"@type":"WebSite","@id":"https:\/\/www.aube-champagne.com\/fr\/#website","url":"https:\/\/www.aube-champagne.com\/fr\/","name":"Aube Champagne","description":"Aube Champagne","potentialAction":[{"@type":"SearchAction","target":{"@type":"EntryPoint","urlTemplate":"https:\/\/www.aube-champagne.com\/fr\/?s={search_term_string}"},"query-input":{"@type":"PropertyValueSpecification","valueRequired":true,"valueName":"search_term_string"}}],"inLanguage":"fr-FR"}]}},"publishpress_future_action":{"enabled":false,"date":"2026-04-14 05:24:30","action":"change-status","newStatus":"draft","terms":[],"taxonomy":"translation_priority","extraData":[]},"publishpress_future_workflow_manual_trigger":{"enabledWorkflows":[]},"_links":{"self":[{"href":"https:\/\/www.aube-champagne.com\/fr\/wp-json\/wp\/v2\/pages\/178","targetHints":{"allow":["GET"]}}],"collection":[{"href":"https:\/\/www.aube-champagne.com\/fr\/wp-json\/wp\/v2\/pages"}],"about":[{"href":"https:\/\/www.aube-champagne.com\/fr\/wp-json\/wp\/v2\/types\/page"}],"author":[{"embeddable":true,"href":"https:\/\/www.aube-champagne.com\/fr\/wp-json\/wp\/v2\/users\/9192192"}],"replies":[{"embeddable":true,"href":"https:\/\/www.aube-champagne.com\/fr\/wp-json\/wp\/v2\/comments?post=178"}],"version-history":[{"count":0,"href":"https:\/\/www.aube-champagne.com\/fr\/wp-json\/wp\/v2\/pages\/178\/revisions"}],"wp:attachment":[{"href":"https:\/\/www.aube-champagne.com\/fr\/wp-json\/wp\/v2\/media?parent=178"}],"curies":[{"name":"wp","href":"https:\/\/api.w.org\/{rel}","templated":true}]}}