{"id":22915,"date":"2018-01-18T16:00:54","date_gmt":"2018-01-18T15:00:54","guid":{"rendered":"http:\/\/www.aube-champagne.com\/?page_id=22915\/"},"modified":"2026-03-10T12:07:29","modified_gmt":"2026-03-10T11:07:29","slug":"maison-de-renoir","status":"publish","type":"page","link":"https:\/\/www.aube-champagne.com\/fr\/maison-de-renoir\/","title":{"rendered":"L\u2019humanit\u00e9 de Renoir \u00e0 Essoyes"},"content":{"rendered":"<div class=\"wpb-content-wrapper\">[vc_row][vc_column][vc_single_image image=\u00a0\u00bb43146&Prime; img_size=\u00a0\u00bb2048&#215;874&Prime;][vc_column_text]\n<p style=\"text-align: center;\"><strong>\u00ab Beau et \u00e9mouvant \u00bb. Ces deux mots sont ceux qui reviennent le plus souvent dans la bouche des visiteurs pass\u00e9s visiter la maison de Renoir \u00e0 Essoyes. Vous y rencontrez le peintre dans son intimit\u00e9, dans sa simplicit\u00e9. Vous approchez aussi toute une famille d\u2019artistes qui a profond\u00e9ment aim\u00e9 ce village pittoresque de la C\u00f4te des Bar, et tout autant appr\u00e9ci\u00e9 ses habitants. Certains d\u2019entre eux ont d\u2019ailleurs servi de mod\u00e8les \u00e0 des \u0153uvres devenues des monuments de la peinture du 19e si\u00e8cle. Cet attachement est r\u00e9ciproque. <\/strong><\/p>\n<p style=\"text-align: center;\"><strong>Dans les ruelles et sur les rives de l\u2019Ource, d\u00e9filent des images et des flots d\u2019\u00e9motions. Jusqu\u2019au cimeti\u00e8re o\u00f9 se trouvent les s\u00e9pultures des Renoir. Elles nous rappellent qu\u2019ils ont choisi de reposer ici pour l\u2019\u00e9ternit\u00e9. Et c\u2019est tout dire.<\/strong><\/p>\n[\/vc_column_text][\/vc_column][\/vc_row][vc_row][vc_column][vc_empty_space height=\u00a0\u00bb16px\u00a0\u00bb][vc_separator color=\u00a0\u00bborange\u00a0\u00bb el_width=\u00a0\u00bb30&Prime;][vc_empty_space height=\u00a0\u00bb16px\u00a0\u00bb][\/vc_column][\/vc_row][vc_row][vc_column][vc_column_text]\n<h2><strong>Fl\u00e2ner chez les Renoir et dans Essoyes un canotier sur la t\u00eate <\/strong><\/h2>\n[\/vc_column_text][vc_column_text]Pierre-Auguste Renoir devait \u00eatre attir\u00e9 par les contr\u00e9es m\u00e9ridionales, lumineuses et g\u00e9n\u00e9reuses. Il poss\u00e9dait une propri\u00e9t\u00e9 \u00e0 Cagnes-sur-Mer, entour\u00e9e de v\u00e9n\u00e9rables oliviers. Il go\u00fbtait la douceur des hivers m\u00e9diterran\u00e9ens. Mais pour le bain de soleil estival et la qui\u00e9tude campagnarde, c\u2019est \u00e0 Essoyes qu\u2019il choisissait de vivre (et de travailler !), en compagnie de sa famille et d\u2019amis nombreux \u00e0 venir lui rendre visite durant cette vill\u00e9giature.<\/p>\n<p>Aux c\u00f4t\u00e9s de son \u00e9pouse, Aline Charigot, native de ce village de la C\u00f4te des Bar, il puisait son inspiration, saisissant les effets de lumi\u00e8re sur la pierre, la v\u00e9g\u00e9tation berc\u00e9e par le vent et les remous de l\u2019eau dont il interceptait les reflets. Il arpentait les rives de l\u2019Ource et les paysages viticoles avec son chevalet. Il cheminait dans les herbes hautes et, au d\u00e9tour d\u2019un bosquet de pins, \u00e9changeait avec celles et ceux qu\u2019il croisait, occup\u00e9s \u00e0 leurs t\u00e2ches agricoles. Ce qui lui faisait dire qu\u2019il venait \u00ab paysanner en Champagne \u00bb.<\/p>\n<p>Le petit village d\u2019Essoyes a su rendre accessible ce socle culturel et cette richesse patrimoniale. Lancez-vous sur le parcours Renoir pour une d\u00e9couverte d\u2019environ 2h qui commence par <a href=\"https:\/\/www.aube-champagne.com\/fr\/poi\/du-cote-des-renoir\/\">l\u2019Espace du C\u00f4t\u00e9 des Renoir<\/a>. Dans ce centre culturel situ\u00e9 sur la place de la mairie, vous vous procurerez le billet d\u2019entr\u00e9e unique permettant d\u2019acc\u00e9der aux diff\u00e9rents lieux de visite. Vous visionnerez un film retra\u00e7ant l\u2019importance d\u2019Essoyes dans l\u2019\u0153uvre et la filiation artistique entre Pierre-Auguste et ses trois fils : Pierre, l\u2019acteur, Jean, le cin\u00e9aste et Claude, le c\u00e9ramiste. A l\u2019exposition permanente qui fixe les grandes \u00e9tapes de leurs parcours et contextualise leurs \u0153uvres, s\u2019ajoute une salle d\u2019expo temporaire.[\/vc_column_text][\/vc_column][\/vc_row][vc_row][vc_column width=\u00a0\u00bb1\/3&Prime;][vc_single_image image=\u00a0\u00bb46886&Prime; img_size=\u00a0\u00bb568&#215;380&Prime;][\/vc_column][vc_column width=\u00a0\u00bb1\/3&Prime;][vc_single_image image=\u00a0\u00bb27618&Prime; img_size=\u00a0\u00bb568&#215;380&Prime;][\/vc_column][vc_column width=\u00a0\u00bb1\/3&Prime;][vc_single_image image=\u00a0\u00bb52493&Prime; img_size=\u00a0\u00bb568&#215;380&Prime;][\/vc_column][\/vc_row][vc_row][vc_column][vc_empty_space height=\u00a0\u00bb16px\u00a0\u00bb][vc_separator color=\u00a0\u00bborange\u00a0\u00bb el_width=\u00a0\u00bb30&Prime;][vc_empty_space height=\u00a0\u00bb16px\u00a0\u00bb][\/vc_column][\/vc_row][vc_row][vc_column][vc_column_text]\n<h2 style=\"text-align: left;\"><strong>La maison de Renoir respire l\u2019authenticit\u00e9 et la douceur de vivre<\/strong><\/h2>\n[\/vc_column_text][vc_column_text]Une d\u00e9ambulation dans les rues du village vous permettra d\u2019acc\u00e9der \u00e0 la maison de Renoir. Rue de l\u2019Extra, vous d\u00e9couvrez son atelier d&rsquo;artiste, dans son jus, avec les objets authentiques ayant servi au peintre pour signer des \u0153uvres ayant fait le tour du monde. Et la malle qui servait \u00e0 leur transport jusqu\u2019\u00e0 Paris, o\u00f9 les marchands d\u2019art attendaient cette fabuleuse production auboise parsem\u00e9e de jeunes filles aux joues roses, de coupelles d\u00e9bordantes de fruits \u00e0 croquer, de jardins \u00e0 la v\u00e9g\u00e9tation luxuriante\u2026<\/p>\n<p>Une fois travers\u00e9 le jardin odorant d\u2019o\u00f9 surgissent de v\u00e9n\u00e9rables noyers, avancez vers la maison familiale qui fait miroiter ses grandes baies vitr\u00e9es et la clart\u00e9 d\u2019une fa\u00e7ade \u00e9lanc\u00e9e. On dit souvent que visiter Essoyes, c\u2019est comme entrer dans un tableau de Renoir. C\u2019est particuli\u00e8rement vrai dans cette all\u00e9e. Acquise par la municipalit\u00e9 et ouverte au public en juin 2017, la maison des Renoir est un lieu r\u00e9nov\u00e9 dans les r\u00e8gles de l\u2019art. Pierre-Auguste et sa famille semble y vivre encore.<\/p>\n<p>L\u2019authenticit\u00e9 transpire dans cette maison o\u00f9 l\u2019on a pouss\u00e9 le souci du d\u00e9tail jusqu\u2019\u00e0 retrouver les papiers peints ornant les murs au temps d\u2019Aline et de Pierre-Auguste. Au rez-de-chauss\u00e9e, dans la cuisine le mobilier et les objets d\u2019\u00e9poque d\u00e9peignent un univers empreint de sobri\u00e9t\u00e9. La nostalgie du pass\u00e9 remonte. On remarque que les coins de la table rectangulaire ont \u00e9t\u00e9 arrondis. C\u2019est Pierre-Auguste qui les a ainsi lim\u00e9s pour que ses enfants ne se cognent pas la t\u00eate dans les angles en s\u2019amusant.<\/p>\n<p>En \u00e9t\u00e9, la maison de Renoir et son jardin sont anim\u00e9s par des d\u00e9gustations de champagne dans la cour, par des jeux en bois tr\u00e8s pris\u00e9s au pied de l\u2019atelier, par des moments de d\u00e9tente au milieu des plantes. Il y fait bon vivre et on comprend pourquoi les Renoir aimaient tant venir se ressourcer \u00e0 Essoyes.[\/vc_column_text][\/vc_column][\/vc_row][vc_row][vc_column width=\u00a0\u00bb1\/3&Prime;][vc_single_image image=\u00a0\u00bb52591&Prime; img_size=\u00a0\u00bb568&#215;380&Prime;][\/vc_column][vc_column width=\u00a0\u00bb1\/3&Prime;][vc_single_image image=\u00a0\u00bb45793&Prime; img_size=\u00a0\u00bb568&#215;380&Prime;][\/vc_column][vc_column width=\u00a0\u00bb1\/3&Prime;][vc_single_image image=\u00a0\u00bb58460&Prime; img_size=\u00a0\u00bb568&#215;380&Prime;][\/vc_column][\/vc_row][vc_row][vc_column][vc_empty_space height=\u00a0\u00bb16px\u00a0\u00bb][vc_separator color=\u00a0\u00bborange\u00a0\u00bb el_width=\u00a0\u00bb30&Prime;][vc_empty_space height=\u00a0\u00bb16px\u00a0\u00bb][\/vc_column][\/vc_row][vc_row][vc_column][vc_column_text]\n<h2><strong>Une immersion dans la bulle de Renoir<\/strong><\/h2>\n[\/vc_column_text][vc_column_text]Neuf maisons de Champagne de la C\u00f4te des Bar sont depuis quelques ann\u00e9es d\u00e9j\u00e0 entr\u00e9es dans la bulle de Renoir en signant un partenariat f\u00e9cond avec le Centre culturel des Renoir, baptis\u00e9 \u00ab Accord parfait \u00bb. Cette rencontre opportune donne \u00e0 d\u00e9guster 9 \u0153uvres d\u2019art et 9 champagnes diff\u00e9rents n\u00e9s d\u2019assemblage subtils de c\u00e9pages, \u00e0 l\u2019image de ces touches de couleurs qui composent les toiles du ma\u00eetre. Propice \u00e0 l\u2019immersion dans les saveurs et les senteurs, <a href=\"https:\/\/renoir-essoyes.fr\/fr\/les-champagnes-de-renoir\/\">\u201cDu c\u00f4t\u00e9 des champagnes Renoir\u201d<\/a> est une formidable occasion de se projeter dans les villages alentours et dans des caves d\u00e9cid\u00e9es \u00e0 faire mousser Renoir sur le territoire.[\/vc_column_text][\/vc_column][\/vc_row][vc_row][vc_column width=\u00a0\u00bb1\/2&Prime;][vc_single_image image=\u00a0\u00bb24610&Prime; img_size=\u00a0\u00bb568&#215;380&Prime;][\/vc_column][vc_column width=\u00a0\u00bb1\/2&Prime;][vc_single_image image=\u00a0\u00bb41173&Prime; img_size=\u00a0\u00bb568&#215;380&Prime;][\/vc_column][\/vc_row][vc_row][vc_column][vc_column_text]\n[\/vc_column_text][\/vc_column][\/vc_row][vc_row][vc_column][vc_column_text]\n<h3 style=\"text-align: center;\">Cela peut vous int\u00e9resser :<\/h3>\n[\/vc_column_text][vc_basic_grid post_type=\u00a0\u00bbpost\u00a0\u00bb max_items=\u00a0\u00bb\u00a0\u00bb style=\u00a0\u00bbpagination\u00a0\u00bb items_per_page=\u00a0\u00bb3&Prime; gap=\u00a0\u00bb25&Prime; paging_design=\u00a0\u00bbpagination_rounded\u00a0\u00bb paging_color=\u00a0\u00bbblack\u00a0\u00bb item=\u00a0\u00bb43199&Prime; grid_id=\u00a0\u00bbvc_gid:1669818034723-37e341a1-9d26-0&Prime; taxonomies=\u00a0\u00bb2114&Prime;][\/vc_column][\/vc_row]\n<\/div>","protected":false},"excerpt":{"rendered":"<p>[vc_row][vc_column][vc_single_image image=\u00a0\u00bb43146&Prime; img_size=\u00a0\u00bb2048&#215;874&Prime;][vc_column_text] \u00ab Beau et \u00e9mouvant \u00bb. Ces deux mots sont ceux qui reviennent le plus souvent dans la bouche des visiteurs pass\u00e9s visiter la maison de Renoir \u00e0 Essoyes. Vous y rencontrez le peintre dans son intimit\u00e9, dans sa simplicit\u00e9. Vous approchez aussi&hellip;  <a href=\"https:\/\/www.aube-champagne.com\/fr\/maison-de-renoir\/\" title=\"Read L\u2019humanit\u00e9 de Renoir \u00e0 Essoyes\">En savoir plus&raquo;<\/a><\/p>\n","protected":false},"author":2,"featured_media":27825,"parent":0,"menu_order":0,"comment_status":"closed","ping_status":"closed","template":"","meta":{"footnotes":""},"class_list":["post-22915","page","type-page","status-publish","has-post-thumbnail","hentry"],"yoast_head":"<!-- This site is optimized with the Yoast SEO plugin v27.4 - https:\/\/yoast.com\/product\/yoast-seo-wordpress\/ -->\n<title>Visiter la maison de Renoir \u00e0 Essoyes | Aube en Champagne<\/title>\n<meta name=\"description\" content=\"D\u00e9couvrez l&#039;intime de Renoir \u00e0 Essoyes. De multiples \u00e9v\u00e9nements et animations vous attendent pour rendre hommage au peintre !\" \/>\n<meta name=\"robots\" content=\"index, follow, max-snippet:-1, max-image-preview:large, max-video-preview:-1\" \/>\n<link rel=\"canonical\" href=\"https:\/\/www.aube-champagne.com\/fr\/maison-de-renoir\/\" \/>\n<meta property=\"og:locale\" content=\"fr_FR\" \/>\n<meta property=\"og:type\" content=\"article\" \/>\n<meta property=\"og:title\" content=\"Visiter la maison de Renoir \u00e0 Essoyes | Aube en Champagne\" \/>\n<meta property=\"og:description\" content=\"D\u00e9couvrez l&#039;intime de Renoir \u00e0 Essoyes. De multiples \u00e9v\u00e9nements et animations vous attendent pour rendre hommage au peintre !\" \/>\n<meta property=\"og:url\" content=\"https:\/\/www.aube-champagne.com\/fr\/maison-de-renoir\/\" \/>\n<meta property=\"og:site_name\" content=\"Aube Champagne\" \/>\n<meta property=\"article:publisher\" content=\"https:\/\/www.facebook.com\/aube.champagne\" \/>\n<meta property=\"article:modified_time\" content=\"2026-03-10T11:07:29+00:00\" \/>\n<meta property=\"og:image\" content=\"https:\/\/www.aube-champagne.com\/assets\/uploads\/2017\/11\/gabrielle.jpg\" \/>\n\t<meta property=\"og:image:width\" content=\"650\" \/>\n\t<meta property=\"og:image:height\" content=\"450\" \/>\n\t<meta property=\"og:image:type\" content=\"image\/jpeg\" \/>\n<meta name=\"twitter:card\" content=\"summary_large_image\" \/>\n<meta name=\"twitter:site\" content=\"@AubeChampagne\" \/>\n<meta name=\"twitter:label1\" content=\"Dur\u00e9e de lecture estim\u00e9e\" \/>\n\t<meta name=\"twitter:data1\" content=\"5 minutes\" \/>\n<script type=\"application\/ld+json\" class=\"yoast-schema-graph\">{\"@context\":\"https:\\\/\\\/schema.org\",\"@graph\":[{\"@type\":\"WebPage\",\"@id\":\"https:\\\/\\\/www.aube-champagne.com\\\/fr\\\/maison-de-renoir\\\/\",\"url\":\"https:\\\/\\\/www.aube-champagne.com\\\/fr\\\/maison-de-renoir\\\/\",\"name\":\"Visiter la maison de Renoir \u00e0 Essoyes | Aube en Champagne\",\"isPartOf\":{\"@id\":\"https:\\\/\\\/www.aube-champagne.com\\\/fr\\\/#website\"},\"primaryImageOfPage\":{\"@id\":\"https:\\\/\\\/www.aube-champagne.com\\\/fr\\\/maison-de-renoir\\\/#primaryimage\"},\"image\":{\"@id\":\"https:\\\/\\\/www.aube-champagne.com\\\/fr\\\/maison-de-renoir\\\/#primaryimage\"},\"thumbnailUrl\":\"https:\\\/\\\/www.aube-champagne.com\\\/assets\\\/uploads\\\/2017\\\/11\\\/gabrielle.jpg\",\"datePublished\":\"2018-01-18T15:00:54+00:00\",\"dateModified\":\"2026-03-10T11:07:29+00:00\",\"description\":\"D\u00e9couvrez l'intime de Renoir \u00e0 Essoyes. De multiples \u00e9v\u00e9nements et animations vous attendent pour rendre hommage au peintre !\",\"breadcrumb\":{\"@id\":\"https:\\\/\\\/www.aube-champagne.com\\\/fr\\\/maison-de-renoir\\\/#breadcrumb\"},\"inLanguage\":\"fr-FR\",\"potentialAction\":[{\"@type\":\"ReadAction\",\"target\":[\"https:\\\/\\\/www.aube-champagne.com\\\/fr\\\/maison-de-renoir\\\/\"]}]},{\"@type\":\"ImageObject\",\"inLanguage\":\"fr-FR\",\"@id\":\"https:\\\/\\\/www.aube-champagne.com\\\/fr\\\/maison-de-renoir\\\/#primaryimage\",\"url\":\"https:\\\/\\\/www.aube-champagne.com\\\/assets\\\/uploads\\\/2017\\\/11\\\/gabrielle.jpg\",\"contentUrl\":\"https:\\\/\\\/www.aube-champagne.com\\\/assets\\\/uploads\\\/2017\\\/11\\\/gabrielle.jpg\",\"width\":650,\"height\":450},{\"@type\":\"BreadcrumbList\",\"@id\":\"https:\\\/\\\/www.aube-champagne.com\\\/fr\\\/maison-de-renoir\\\/#breadcrumb\",\"itemListElement\":[{\"@type\":\"ListItem\",\"position\":1,\"name\":\"Accueil\",\"item\":\"https:\\\/\\\/www.aube-champagne.com\\\/fr\\\/\"},{\"@type\":\"ListItem\",\"position\":2,\"name\":\"L\u2019humanit\u00e9 de Renoir \u00e0 Essoyes\"}]},{\"@type\":\"WebSite\",\"@id\":\"https:\\\/\\\/www.aube-champagne.com\\\/fr\\\/#website\",\"url\":\"https:\\\/\\\/www.aube-champagne.com\\\/fr\\\/\",\"name\":\"Aube Champagne\",\"description\":\"Aube Champagne\",\"potentialAction\":[{\"@type\":\"SearchAction\",\"target\":{\"@type\":\"EntryPoint\",\"urlTemplate\":\"https:\\\/\\\/www.aube-champagne.com\\\/fr\\\/?s={search_term_string}\"},\"query-input\":{\"@type\":\"PropertyValueSpecification\",\"valueRequired\":true,\"valueName\":\"search_term_string\"}}],\"inLanguage\":\"fr-FR\"}]}<\/script>\n<!-- \/ Yoast SEO plugin. -->","yoast_head_json":{"title":"Visiter la maison de Renoir \u00e0 Essoyes | Aube en Champagne","description":"D\u00e9couvrez l'intime de Renoir \u00e0 Essoyes. De multiples \u00e9v\u00e9nements et animations vous attendent pour rendre hommage au peintre !","robots":{"index":"index","follow":"follow","max-snippet":"max-snippet:-1","max-image-preview":"max-image-preview:large","max-video-preview":"max-video-preview:-1"},"canonical":"https:\/\/www.aube-champagne.com\/fr\/maison-de-renoir\/","og_locale":"fr_FR","og_type":"article","og_title":"Visiter la maison de Renoir \u00e0 Essoyes | Aube en Champagne","og_description":"D\u00e9couvrez l'intime de Renoir \u00e0 Essoyes. De multiples \u00e9v\u00e9nements et animations vous attendent pour rendre hommage au peintre !","og_url":"https:\/\/www.aube-champagne.com\/fr\/maison-de-renoir\/","og_site_name":"Aube Champagne","article_publisher":"https:\/\/www.facebook.com\/aube.champagne","article_modified_time":"2026-03-10T11:07:29+00:00","og_image":[{"width":650,"height":450,"url":"https:\/\/www.aube-champagne.com\/assets\/uploads\/2017\/11\/gabrielle.jpg","type":"image\/jpeg"}],"twitter_card":"summary_large_image","twitter_site":"@AubeChampagne","twitter_misc":{"Dur\u00e9e de lecture estim\u00e9e":"5 minutes"},"schema":{"@context":"https:\/\/schema.org","@graph":[{"@type":"WebPage","@id":"https:\/\/www.aube-champagne.com\/fr\/maison-de-renoir\/","url":"https:\/\/www.aube-champagne.com\/fr\/maison-de-renoir\/","name":"Visiter la maison de Renoir \u00e0 Essoyes | Aube en Champagne","isPartOf":{"@id":"https:\/\/www.aube-champagne.com\/fr\/#website"},"primaryImageOfPage":{"@id":"https:\/\/www.aube-champagne.com\/fr\/maison-de-renoir\/#primaryimage"},"image":{"@id":"https:\/\/www.aube-champagne.com\/fr\/maison-de-renoir\/#primaryimage"},"thumbnailUrl":"https:\/\/www.aube-champagne.com\/assets\/uploads\/2017\/11\/gabrielle.jpg","datePublished":"2018-01-18T15:00:54+00:00","dateModified":"2026-03-10T11:07:29+00:00","description":"D\u00e9couvrez l'intime de Renoir \u00e0 Essoyes. De multiples \u00e9v\u00e9nements et animations vous attendent pour rendre hommage au peintre !","breadcrumb":{"@id":"https:\/\/www.aube-champagne.com\/fr\/maison-de-renoir\/#breadcrumb"},"inLanguage":"fr-FR","potentialAction":[{"@type":"ReadAction","target":["https:\/\/www.aube-champagne.com\/fr\/maison-de-renoir\/"]}]},{"@type":"ImageObject","inLanguage":"fr-FR","@id":"https:\/\/www.aube-champagne.com\/fr\/maison-de-renoir\/#primaryimage","url":"https:\/\/www.aube-champagne.com\/assets\/uploads\/2017\/11\/gabrielle.jpg","contentUrl":"https:\/\/www.aube-champagne.com\/assets\/uploads\/2017\/11\/gabrielle.jpg","width":650,"height":450},{"@type":"BreadcrumbList","@id":"https:\/\/www.aube-champagne.com\/fr\/maison-de-renoir\/#breadcrumb","itemListElement":[{"@type":"ListItem","position":1,"name":"Accueil","item":"https:\/\/www.aube-champagne.com\/fr\/"},{"@type":"ListItem","position":2,"name":"L\u2019humanit\u00e9 de Renoir \u00e0 Essoyes"}]},{"@type":"WebSite","@id":"https:\/\/www.aube-champagne.com\/fr\/#website","url":"https:\/\/www.aube-champagne.com\/fr\/","name":"Aube Champagne","description":"Aube Champagne","potentialAction":[{"@type":"SearchAction","target":{"@type":"EntryPoint","urlTemplate":"https:\/\/www.aube-champagne.com\/fr\/?s={search_term_string}"},"query-input":{"@type":"PropertyValueSpecification","valueRequired":true,"valueName":"search_term_string"}}],"inLanguage":"fr-FR"}]}},"publishpress_future_action":{"enabled":false,"date":"2026-05-02 23:18:34","action":"change-status","newStatus":"draft","terms":[],"taxonomy":"translation_priority","extraData":[]},"publishpress_future_workflow_manual_trigger":{"enabledWorkflows":[]},"_links":{"self":[{"href":"https:\/\/www.aube-champagne.com\/fr\/wp-json\/wp\/v2\/pages\/22915","targetHints":{"allow":["GET"]}}],"collection":[{"href":"https:\/\/www.aube-champagne.com\/fr\/wp-json\/wp\/v2\/pages"}],"about":[{"href":"https:\/\/www.aube-champagne.com\/fr\/wp-json\/wp\/v2\/types\/page"}],"author":[{"embeddable":true,"href":"https:\/\/www.aube-champagne.com\/fr\/wp-json\/wp\/v2\/users\/2"}],"replies":[{"embeddable":true,"href":"https:\/\/www.aube-champagne.com\/fr\/wp-json\/wp\/v2\/comments?post=22915"}],"version-history":[{"count":6,"href":"https:\/\/www.aube-champagne.com\/fr\/wp-json\/wp\/v2\/pages\/22915\/revisions"}],"predecessor-version":[{"id":59180,"href":"https:\/\/www.aube-champagne.com\/fr\/wp-json\/wp\/v2\/pages\/22915\/revisions\/59180"}],"wp:featuredmedia":[{"embeddable":true,"href":"https:\/\/www.aube-champagne.com\/fr\/wp-json\/wp\/v2\/media\/27825"}],"wp:attachment":[{"href":"https:\/\/www.aube-champagne.com\/fr\/wp-json\/wp\/v2\/media?parent=22915"}],"curies":[{"name":"wp","href":"https:\/\/api.w.org\/{rel}","templated":true}]}}