{"id":23481,"date":"2017-02-07T17:33:39","date_gmt":"2017-02-07T16:33:39","guid":{"rendered":"http:\/\/www.aube-champagne.com\/?page_id=23481\/"},"modified":"2017-09-26T09:58:33","modified_gmt":"2017-09-26T08:58:33","slug":"patrimoine-naturel","status":"publish","type":"page","link":"https:\/\/www.aube-champagne.com\/fr\/patrimoine-naturel\/","title":{"rendered":"Patrimoine naturel"},"content":{"rendered":"<div class=\"wpb-content-wrapper\">[vc_row][vc_column][vc_column_text]\n<h2 style=\"text-align: justify;\"><span style=\"color: #42b027;\">Le patrimoine naturel de l&rsquo;Aube en Champagne :<\/span><\/h2>\n<p>&nbsp;<\/p>\n<h5 style=\"text-align: justify;\">Le Parc Naturel R\u00e9gional de la for\u00eat d\u2019Orient et ses grands lacs, le Pays d\u2019Othe Armance et ses for\u00eats profondes, vergers et valons bucoliques ainsi que la grande vari\u00e9t\u00e9 de parcs et jardins du d\u00e9partement, t\u00e9moignent de la richesse du patrimoine naturel de l\u2019Aube.<\/h5>\n[\/vc_column_text][vc_empty_space][\/vc_column][\/vc_row][vc_row][vc_column width=\u00a0\u00bb1\/4&Prime;][vc_single_image image=\u00a0\u00bb12087&Prime; img_size=\u00a0\u00bb500&#215;250&Prime; alignment=\u00a0\u00bbcenter\u00a0\u00bb style=\u00a0\u00bbvc_box_shadow\u00a0\u00bb onclick=\u00a0\u00bbcustom_link\u00a0\u00bb link=\u00a0\u00bbhttp:\/\/www.aube-champagne.com\/fr\/les-grands-lacs-de-la-foret-dorient\/\u00a0\u00bb][vc_column_text]\n<h5 style=\"text-align: center;\"><span style=\"color: #42b027;\"><a style=\"color: #42b027;\" href=\"http:\/\/www.aube-champagne.com\/fr\/les-grands-lacs-de-la-foret-dorient\/\">Grands lacs de la For\u00eat d&rsquo;Orient<\/a><\/span><\/h5>\n[\/vc_column_text][\/vc_column][vc_column width=\u00a0\u00bb1\/4&Prime;][vc_single_image image=\u00a0\u00bb22581&Prime; img_size=\u00a0\u00bb500&#215;250&Prime; alignment=\u00a0\u00bbcenter\u00a0\u00bb style=\u00a0\u00bbvc_box_shadow\u00a0\u00bb onclick=\u00a0\u00bbcustom_link\u00a0\u00bb link=\u00a0\u00bbhttp:\/\/www.aube-champagne.com\/fr\/portfolio-post\/parc-naturel-regional-de-la-foret-dorient\/\u00a0\u00bb][vc_column_text]\n<h5 style=\"text-align: center;\"><a href=\"https:\/\/www.aube-champagne.com\/en\/portfolio-post\/orient-forest-natural-regional-park\/\"><span style=\"color: #42b027;\">Parc Naturel R\u00e9gional de la For\u00eat d&rsquo;Orient<\/span><\/a><\/h5>\n[\/vc_column_text][\/vc_column][vc_column width=\u00a0\u00bb1\/4&Prime;][vc_single_image image=\u00a0\u00bb3853&Prime; img_size=\u00a0\u00bb500&#215;250&Prime; alignment=\u00a0\u00bbcenter\u00a0\u00bb style=\u00a0\u00bbvc_box_shadow\u00a0\u00bb onclick=\u00a0\u00bbcustom_link\u00a0\u00bb link=\u00a0\u00bbhttp:\/\/www.aube-champagne.com\/fr\/nature\/\u00a0\u00bb][vc_column_text]\n<h5 style=\"text-align: center;\"><a href=\"http:\/\/www.aube-champagne.com\/fr\/nature\/\"><span style=\"color: #42b027;\">Nature<\/span><\/a><\/h5>\n[\/vc_column_text][\/vc_column][vc_column width=\u00a0\u00bb1\/4&Prime;][vc_single_image image=\u00a0\u00bb11917&Prime; img_size=\u00a0\u00bb500&#215;250&Prime; alignment=\u00a0\u00bbcenter\u00a0\u00bb style=\u00a0\u00bbvc_box_shadow\u00a0\u00bb onclick=\u00a0\u00bbcustom_link\u00a0\u00bb link=\u00a0\u00bbhttp:\/\/www.aube-champagne.com\/fr\/parcs-et-jardins\/\u00a0\u00bb][vc_column_text]\n<h5 style=\"text-align: center;\"><span style=\"color: #42b027;\"><a style=\"color: #42b027;\" href=\"http:\/\/www.aube-champagne.com\/fr\/parcs-et-jardins\/\">Parcs et jardins<\/a><\/span><\/h5>\n[\/vc_column_text][\/vc_column][\/vc_row]\n<\/div>","protected":false},"excerpt":{"rendered":"<p>[vc_row][vc_column][vc_column_text] Le patrimoine naturel de l&rsquo;Aube en Champagne : &nbsp; Le Parc Naturel R\u00e9gional de la for\u00eat d\u2019Orient et ses grands lacs, le Pays d\u2019Othe Armance et ses for\u00eats profondes, vergers et valons bucoliques ainsi que la grande vari\u00e9t\u00e9 de parcs et jardins du d\u00e9partement,&hellip;  <a href=\"https:\/\/www.aube-champagne.com\/fr\/patrimoine-naturel\/\" title=\"Read Patrimoine naturel\">En savoir plus&raquo;<\/a><\/p>\n","protected":false},"author":2,"featured_media":3428,"parent":0,"menu_order":0,"comment_status":"closed","ping_status":"closed","template":"","meta":{"footnotes":""},"class_list":["post-23481","page","type-page","status-publish","has-post-thumbnail","hentry"],"yoast_head":"<!-- This site is optimized with the Yoast SEO plugin v27.4 - https:\/\/yoast.com\/product\/yoast-seo-wordpress\/ -->\n<title>Patrimoine naturel et Parc naturel r\u00e9gional de la For\u00eat d&#039;Orient de l&#039;Aube en Champagne<\/title>\n<meta name=\"description\" content=\"Le Parc Naturel R\u00e9gional de la for\u00eat d\u2019Orient et ses grands lacs et les parcs et jardins de l&#039;Aube, t\u00e9moignent de la richesse de son patrimoine naturel\" \/>\n<meta name=\"robots\" content=\"index, follow, max-snippet:-1, max-image-preview:large, max-video-preview:-1\" \/>\n<link rel=\"canonical\" href=\"https:\/\/www.aube-champagne.com\/fr\/patrimoine-naturel\/\" \/>\n<meta property=\"og:locale\" content=\"fr_FR\" \/>\n<meta property=\"og:type\" content=\"article\" \/>\n<meta property=\"og:title\" content=\"Patrimoine naturel et Parc naturel r\u00e9gional de la For\u00eat d&#039;Orient de l&#039;Aube en Champagne\" \/>\n<meta property=\"og:description\" content=\"Le Parc Naturel R\u00e9gional de la for\u00eat d\u2019Orient et ses grands lacs et les parcs et jardins de l&#039;Aube, t\u00e9moignent de la richesse de son patrimoine naturel\" \/>\n<meta property=\"og:url\" content=\"https:\/\/www.aube-champagne.com\/fr\/patrimoine-naturel\/\" \/>\n<meta property=\"og:site_name\" content=\"Aube Champagne\" \/>\n<meta property=\"article:publisher\" content=\"https:\/\/www.facebook.com\/aube.champagne\" \/>\n<meta property=\"article:modified_time\" content=\"2017-09-26T08:58:33+00:00\" \/>\n<meta property=\"og:image\" content=\"https:\/\/www.aube-champagne.com\/assets\/uploads\/2013\/10\/loisir-couple-lac-soleil-couchant-32-\u00aePhilippe-Praliaud-1.jpg\" \/>\n\t<meta property=\"og:image:width\" content=\"1000\" \/>\n\t<meta property=\"og:image:height\" content=\"649\" \/>\n\t<meta property=\"og:image:type\" content=\"image\/jpeg\" \/>\n<meta name=\"twitter:card\" content=\"summary_large_image\" \/>\n<meta name=\"twitter:site\" content=\"@AubeChampagne\" \/>\n<meta name=\"twitter:label1\" content=\"Dur\u00e9e de lecture estim\u00e9e\" \/>\n\t<meta name=\"twitter:data1\" content=\"1 minute\" \/>\n<script type=\"application\/ld+json\" class=\"yoast-schema-graph\">{\"@context\":\"https:\\\/\\\/schema.org\",\"@graph\":[{\"@type\":\"WebPage\",\"@id\":\"https:\\\/\\\/www.aube-champagne.com\\\/fr\\\/patrimoine-naturel\\\/\",\"url\":\"https:\\\/\\\/www.aube-champagne.com\\\/fr\\\/patrimoine-naturel\\\/\",\"name\":\"Patrimoine naturel et Parc naturel r\u00e9gional de la For\u00eat d'Orient de l'Aube en Champagne\",\"isPartOf\":{\"@id\":\"https:\\\/\\\/www.aube-champagne.com\\\/fr\\\/#website\"},\"primaryImageOfPage\":{\"@id\":\"https:\\\/\\\/www.aube-champagne.com\\\/fr\\\/patrimoine-naturel\\\/#primaryimage\"},\"image\":{\"@id\":\"https:\\\/\\\/www.aube-champagne.com\\\/fr\\\/patrimoine-naturel\\\/#primaryimage\"},\"thumbnailUrl\":\"https:\\\/\\\/www.aube-champagne.com\\\/assets\\\/uploads\\\/2013\\\/10\\\/loisir-couple-lac-soleil-couchant-32-\u00aePhilippe-Praliaud-1.jpg\",\"datePublished\":\"2017-02-07T16:33:39+00:00\",\"dateModified\":\"2017-09-26T08:58:33+00:00\",\"description\":\"Le Parc Naturel R\u00e9gional de la for\u00eat d\u2019Orient et ses grands lacs et les parcs et jardins de l'Aube, t\u00e9moignent de la richesse de son patrimoine naturel\",\"breadcrumb\":{\"@id\":\"https:\\\/\\\/www.aube-champagne.com\\\/fr\\\/patrimoine-naturel\\\/#breadcrumb\"},\"inLanguage\":\"fr-FR\",\"potentialAction\":[{\"@type\":\"ReadAction\",\"target\":[\"https:\\\/\\\/www.aube-champagne.com\\\/fr\\\/patrimoine-naturel\\\/\"]}]},{\"@type\":\"ImageObject\",\"inLanguage\":\"fr-FR\",\"@id\":\"https:\\\/\\\/www.aube-champagne.com\\\/fr\\\/patrimoine-naturel\\\/#primaryimage\",\"url\":\"https:\\\/\\\/www.aube-champagne.com\\\/assets\\\/uploads\\\/2013\\\/10\\\/loisir-couple-lac-soleil-couchant-32-\u00aePhilippe-Praliaud-1.jpg\",\"contentUrl\":\"https:\\\/\\\/www.aube-champagne.com\\\/assets\\\/uploads\\\/2013\\\/10\\\/loisir-couple-lac-soleil-couchant-32-\u00aePhilippe-Praliaud-1.jpg\",\"width\":1000,\"height\":649},{\"@type\":\"BreadcrumbList\",\"@id\":\"https:\\\/\\\/www.aube-champagne.com\\\/fr\\\/patrimoine-naturel\\\/#breadcrumb\",\"itemListElement\":[{\"@type\":\"ListItem\",\"position\":1,\"name\":\"Accueil\",\"item\":\"https:\\\/\\\/www.aube-champagne.com\\\/fr\\\/\"},{\"@type\":\"ListItem\",\"position\":2,\"name\":\"Patrimoine naturel\"}]},{\"@type\":\"WebSite\",\"@id\":\"https:\\\/\\\/www.aube-champagne.com\\\/fr\\\/#website\",\"url\":\"https:\\\/\\\/www.aube-champagne.com\\\/fr\\\/\",\"name\":\"Aube Champagne\",\"description\":\"Aube Champagne\",\"potentialAction\":[{\"@type\":\"SearchAction\",\"target\":{\"@type\":\"EntryPoint\",\"urlTemplate\":\"https:\\\/\\\/www.aube-champagne.com\\\/fr\\\/?s={search_term_string}\"},\"query-input\":{\"@type\":\"PropertyValueSpecification\",\"valueRequired\":true,\"valueName\":\"search_term_string\"}}],\"inLanguage\":\"fr-FR\"}]}<\/script>\n<!-- \/ Yoast SEO plugin. -->","yoast_head_json":{"title":"Patrimoine naturel et Parc naturel r\u00e9gional de la For\u00eat d'Orient de l'Aube en Champagne","description":"Le Parc Naturel R\u00e9gional de la for\u00eat d\u2019Orient et ses grands lacs et les parcs et jardins de l'Aube, t\u00e9moignent de la richesse de son patrimoine naturel","robots":{"index":"index","follow":"follow","max-snippet":"max-snippet:-1","max-image-preview":"max-image-preview:large","max-video-preview":"max-video-preview:-1"},"canonical":"https:\/\/www.aube-champagne.com\/fr\/patrimoine-naturel\/","og_locale":"fr_FR","og_type":"article","og_title":"Patrimoine naturel et Parc naturel r\u00e9gional de la For\u00eat d'Orient de l'Aube en Champagne","og_description":"Le Parc Naturel R\u00e9gional de la for\u00eat d\u2019Orient et ses grands lacs et les parcs et jardins de l'Aube, t\u00e9moignent de la richesse de son patrimoine naturel","og_url":"https:\/\/www.aube-champagne.com\/fr\/patrimoine-naturel\/","og_site_name":"Aube Champagne","article_publisher":"https:\/\/www.facebook.com\/aube.champagne","article_modified_time":"2017-09-26T08:58:33+00:00","og_image":[{"width":1000,"height":649,"url":"https:\/\/www.aube-champagne.com\/assets\/uploads\/2013\/10\/loisir-couple-lac-soleil-couchant-32-\u00aePhilippe-Praliaud-1.jpg","type":"image\/jpeg"}],"twitter_card":"summary_large_image","twitter_site":"@AubeChampagne","twitter_misc":{"Dur\u00e9e de lecture estim\u00e9e":"1 minute"},"schema":{"@context":"https:\/\/schema.org","@graph":[{"@type":"WebPage","@id":"https:\/\/www.aube-champagne.com\/fr\/patrimoine-naturel\/","url":"https:\/\/www.aube-champagne.com\/fr\/patrimoine-naturel\/","name":"Patrimoine naturel et Parc naturel r\u00e9gional de la For\u00eat d'Orient de l'Aube en Champagne","isPartOf":{"@id":"https:\/\/www.aube-champagne.com\/fr\/#website"},"primaryImageOfPage":{"@id":"https:\/\/www.aube-champagne.com\/fr\/patrimoine-naturel\/#primaryimage"},"image":{"@id":"https:\/\/www.aube-champagne.com\/fr\/patrimoine-naturel\/#primaryimage"},"thumbnailUrl":"https:\/\/www.aube-champagne.com\/assets\/uploads\/2013\/10\/loisir-couple-lac-soleil-couchant-32-\u00aePhilippe-Praliaud-1.jpg","datePublished":"2017-02-07T16:33:39+00:00","dateModified":"2017-09-26T08:58:33+00:00","description":"Le Parc Naturel R\u00e9gional de la for\u00eat d\u2019Orient et ses grands lacs et les parcs et jardins de l'Aube, t\u00e9moignent de la richesse de son patrimoine naturel","breadcrumb":{"@id":"https:\/\/www.aube-champagne.com\/fr\/patrimoine-naturel\/#breadcrumb"},"inLanguage":"fr-FR","potentialAction":[{"@type":"ReadAction","target":["https:\/\/www.aube-champagne.com\/fr\/patrimoine-naturel\/"]}]},{"@type":"ImageObject","inLanguage":"fr-FR","@id":"https:\/\/www.aube-champagne.com\/fr\/patrimoine-naturel\/#primaryimage","url":"https:\/\/www.aube-champagne.com\/assets\/uploads\/2013\/10\/loisir-couple-lac-soleil-couchant-32-\u00aePhilippe-Praliaud-1.jpg","contentUrl":"https:\/\/www.aube-champagne.com\/assets\/uploads\/2013\/10\/loisir-couple-lac-soleil-couchant-32-\u00aePhilippe-Praliaud-1.jpg","width":1000,"height":649},{"@type":"BreadcrumbList","@id":"https:\/\/www.aube-champagne.com\/fr\/patrimoine-naturel\/#breadcrumb","itemListElement":[{"@type":"ListItem","position":1,"name":"Accueil","item":"https:\/\/www.aube-champagne.com\/fr\/"},{"@type":"ListItem","position":2,"name":"Patrimoine naturel"}]},{"@type":"WebSite","@id":"https:\/\/www.aube-champagne.com\/fr\/#website","url":"https:\/\/www.aube-champagne.com\/fr\/","name":"Aube Champagne","description":"Aube Champagne","potentialAction":[{"@type":"SearchAction","target":{"@type":"EntryPoint","urlTemplate":"https:\/\/www.aube-champagne.com\/fr\/?s={search_term_string}"},"query-input":{"@type":"PropertyValueSpecification","valueRequired":true,"valueName":"search_term_string"}}],"inLanguage":"fr-FR"}]}},"publishpress_future_action":{"enabled":false,"date":"2026-04-23 21:31:27","action":"change-status","newStatus":"draft","terms":[],"taxonomy":"translation_priority","extraData":[]},"publishpress_future_workflow_manual_trigger":{"enabledWorkflows":[]},"_links":{"self":[{"href":"https:\/\/www.aube-champagne.com\/fr\/wp-json\/wp\/v2\/pages\/23481","targetHints":{"allow":["GET"]}}],"collection":[{"href":"https:\/\/www.aube-champagne.com\/fr\/wp-json\/wp\/v2\/pages"}],"about":[{"href":"https:\/\/www.aube-champagne.com\/fr\/wp-json\/wp\/v2\/types\/page"}],"author":[{"embeddable":true,"href":"https:\/\/www.aube-champagne.com\/fr\/wp-json\/wp\/v2\/users\/2"}],"replies":[{"embeddable":true,"href":"https:\/\/www.aube-champagne.com\/fr\/wp-json\/wp\/v2\/comments?post=23481"}],"version-history":[{"count":0,"href":"https:\/\/www.aube-champagne.com\/fr\/wp-json\/wp\/v2\/pages\/23481\/revisions"}],"wp:featuredmedia":[{"embeddable":true,"href":"https:\/\/www.aube-champagne.com\/fr\/wp-json\/wp\/v2\/media\/3428"}],"wp:attachment":[{"href":"https:\/\/www.aube-champagne.com\/fr\/wp-json\/wp\/v2\/media?parent=23481"}],"curies":[{"name":"wp","href":"https:\/\/api.w.org\/{rel}","templated":true}]}}