{"id":23486,"date":"2017-02-08T11:01:07","date_gmt":"2017-02-08T10:01:07","guid":{"rendered":"http:\/\/www.aube-champagne.com\/?page_id=23486\/"},"modified":"2017-02-08T11:09:15","modified_gmt":"2017-02-08T10:09:15","slug":"sports-et-loisirs","status":"publish","type":"page","link":"https:\/\/www.aube-champagne.com\/fr\/sports-et-loisirs\/","title":{"rendered":"Sports et Loisirs"},"content":{"rendered":"<div class=\"wpb-content-wrapper\">[vc_row][vc_column][vc_column_text]\n<h2 style=\"text-align: justify;\"><span style=\"color: #e07f24;\">Les sports et loisirs de l&rsquo;Aube en Champagne :<\/span><\/h2>\n<p>&nbsp;<\/p>\n<h5 style=\"text-align: justify;\">Pour les amateurs d\u2019activit\u00e9s sportives ou culturelles, l\u2019Aube offre un panel de loisirs immense et vari\u00e9. Entre for\u00eats, lacs et vignoble, p\u00e9dalez \u00e0 votre rythme et en toute s\u00e9curit\u00e9 sur les voies vertes et petites routes d\u00e9partementales auboises. Sur l\u2019un des 3 lacs de la For\u00eat d\u2019Orient, venez pratiquer de nombreux sports nautiques. Pour les plus calmes, randonn\u00e9es ou sortie nature \u00ab champignons \u00bb sont accessibles gr\u00e2ce aux vingt mille hectares de for\u00eats du territoire. Les plus jeunes seront ravis de s\u2019amuser dans l\u2019un des plus grands parcs d\u2019attractions fran\u00e7ais, Nigloland.<\/h5>\n[\/vc_column_text][vc_empty_space][\/vc_column][\/vc_row][vc_row][vc_column width=\u00a0\u00bb1\/4&Prime;][vc_single_image image=\u00a0\u00bb4157&Prime; img_size=\u00a0\u00bb500&#215;250&Prime; alignment=\u00a0\u00bbcenter\u00a0\u00bb style=\u00a0\u00bbvc_box_shadow\u00a0\u00bb onclick=\u00a0\u00bbcustom_link\u00a0\u00bb link=\u00a0\u00bbhttp:\/\/www.aube-champagne.com\/fr\/parc-dattraction\/\u00a0\u00bb][vc_column_text]\n<h5 style=\"text-align: center;\"><a href=\"http:\/\/www.aube-champagne.com\/fr\/parc-dattraction\/\"><span style=\"color: #e07f24;\">Parcs d&rsquo;attractions<\/span><\/a><\/h5>\n[\/vc_column_text][\/vc_column][vc_column width=\u00a0\u00bb1\/4&Prime;][vc_single_image image=\u00a0\u00bb13693&Prime; img_size=\u00a0\u00bb500&#215;250&Prime; alignment=\u00a0\u00bbcenter\u00a0\u00bb style=\u00a0\u00bbvc_box_shadow\u00a0\u00bb onclick=\u00a0\u00bbcustom_link\u00a0\u00bb link=\u00a0\u00bbhttp:\/\/www.aube-champagne.com\/fr\/velo-vtt\/\u00a0\u00bb][vc_column_text]\n<h5 style=\"text-align: center;\"><a href=\"http:\/\/www.aube-champagne.com\/fr\/velo-vtt\/\"><span style=\"color: #e07f24;\">V\u00e9lo VTT<\/span><\/a><\/h5>\n[\/vc_column_text][\/vc_column][vc_column width=\u00a0\u00bb1\/4&Prime;][vc_single_image image=\u00a0\u00bb9374&Prime; img_size=\u00a0\u00bb500&#215;250&Prime; alignment=\u00a0\u00bbcenter\u00a0\u00bb style=\u00a0\u00bbvc_box_shadow\u00a0\u00bb onclick=\u00a0\u00bbcustom_link\u00a0\u00bb link=\u00a0\u00bbhttp:\/\/www.aube-champagne.com\/?p=5627&Prime;][vc_column_text]\n<h5 style=\"text-align: center;\"><a href=\"http:\/\/www.aube-champagne.com\/?p=5627\"><span style=\"color: #e07f24;\">Randonn\u00e9es p\u00e9destres<\/span><\/a><\/h5>\n[\/vc_column_text][\/vc_column][vc_column width=\u00a0\u00bb1\/4&Prime;][vc_single_image image=\u00a0\u00bb15583&Prime; img_size=\u00a0\u00bb500&#215;250&Prime; alignment=\u00a0\u00bbcenter\u00a0\u00bb style=\u00a0\u00bbvc_box_shadow\u00a0\u00bb onclick=\u00a0\u00bbcustom_link\u00a0\u00bb link=\u00a0\u00bbhttp:\/\/www.aube-champagne.com\/fr\/les-3-golfs-de-laube-en-champagne\/\u00a0\u00bb][vc_column_text]\n<h5 style=\"text-align: center;\"><a href=\"http:\/\/www.aube-champagne.com\/fr\/les-3-golfs-de-laube-en-champagne\/\"><span style=\"color: #e07f24;\">Golfs<\/span><\/a><\/h5>\n[\/vc_column_text][\/vc_column][\/vc_row][vc_row][vc_column width=\u00a0\u00bb1\/4&Prime;][vc_single_image image=\u00a0\u00bb9694&Prime; img_size=\u00a0\u00bb500&#215;250&Prime; alignment=\u00a0\u00bbcenter\u00a0\u00bb style=\u00a0\u00bbvc_box_shadow\u00a0\u00bb onclick=\u00a0\u00bbcustom_link\u00a0\u00bb link=\u00a0\u00bbhttp:\/\/www.aube-champagne.com\/fr\/les-autres-sports\/\u00a0\u00bb][vc_column_text]\n<h5 style=\"text-align: center;\"><a href=\"http:\/\/www.aube-champagne.com\/fr\/les-autres-sports\/\"><span style=\"color: #e07f24;\">Autres sports<\/span><\/a><\/h5>\n[\/vc_column_text][\/vc_column][vc_column width=\u00a0\u00bb1\/4&Prime;][\/vc_column][vc_column width=\u00a0\u00bb1\/4&Prime;][\/vc_column][vc_column width=\u00a0\u00bb1\/4&Prime;][\/vc_column][\/vc_row]\n<\/div>","protected":false},"excerpt":{"rendered":"<p>[vc_row][vc_column][vc_column_text] Les sports et loisirs de l&rsquo;Aube en Champagne : &nbsp; Pour les amateurs d\u2019activit\u00e9s sportives ou culturelles, l\u2019Aube offre un panel de loisirs immense et vari\u00e9. Entre for\u00eats, lacs et vignoble, p\u00e9dalez \u00e0 votre rythme et en toute s\u00e9curit\u00e9 sur les voies vertes et&hellip;  <a href=\"https:\/\/www.aube-champagne.com\/fr\/sports-et-loisirs\/\" title=\"Read Sports et Loisirs\">En savoir plus&raquo;<\/a><\/p>\n","protected":false},"author":2,"featured_media":16447,"parent":0,"menu_order":0,"comment_status":"closed","ping_status":"closed","template":"","meta":{"footnotes":""},"class_list":["post-23486","page","type-page","status-publish","has-post-thumbnail","hentry"],"yoast_head":"<!-- This site is optimized with the Yoast SEO plugin v27.5 - https:\/\/yoast.com\/product\/yoast-seo-wordpress\/ -->\n<title>Sports et Loisirs dans l&#039;Aube en Champagne<\/title>\n<meta name=\"description\" content=\"Pour les amateurs d\u2019activit\u00e9s sportives, l\u2019Aube offre un panel de loisirs immense et vari\u00e9. V\u00e9lo, rando, sports nautiques, tout est possible dans l&#039;Aube !\" \/>\n<meta name=\"robots\" content=\"index, follow, max-snippet:-1, max-image-preview:large, max-video-preview:-1\" \/>\n<link rel=\"canonical\" href=\"https:\/\/www.aube-champagne.com\/fr\/sports-et-loisirs\/\" \/>\n<meta property=\"og:locale\" content=\"fr_FR\" \/>\n<meta property=\"og:type\" content=\"article\" \/>\n<meta property=\"og:title\" content=\"Sports et Loisirs dans l&#039;Aube en Champagne\" \/>\n<meta property=\"og:description\" content=\"Pour les amateurs d\u2019activit\u00e9s sportives, l\u2019Aube offre un panel de loisirs immense et vari\u00e9. V\u00e9lo, rando, sports nautiques, tout est possible dans l&#039;Aube !\" \/>\n<meta property=\"og:url\" content=\"https:\/\/www.aube-champagne.com\/fr\/sports-et-loisirs\/\" \/>\n<meta property=\"og:site_name\" content=\"Aube Champagne\" \/>\n<meta property=\"article:publisher\" content=\"https:\/\/www.facebook.com\/aube.champagne\" \/>\n<meta property=\"article:modified_time\" content=\"2017-02-08T10:09:15+00:00\" \/>\n<meta property=\"og:image\" content=\"https:\/\/www.aube-champagne.com\/assets\/uploads\/2016\/07\/Fete-du-sport-2.jpg\" \/>\n\t<meta property=\"og:image:width\" content=\"973\" \/>\n\t<meta property=\"og:image:height\" content=\"649\" \/>\n\t<meta property=\"og:image:type\" content=\"image\/jpeg\" \/>\n<meta name=\"twitter:card\" content=\"summary_large_image\" \/>\n<meta name=\"twitter:site\" content=\"@AubeChampagne\" \/>\n<meta name=\"twitter:label1\" content=\"Dur\u00e9e de lecture estim\u00e9e\" \/>\n\t<meta name=\"twitter:data1\" content=\"2 minutes\" \/>\n<script type=\"application\/ld+json\" class=\"yoast-schema-graph\">{\"@context\":\"https:\\\/\\\/schema.org\",\"@graph\":[{\"@type\":\"WebPage\",\"@id\":\"https:\\\/\\\/www.aube-champagne.com\\\/fr\\\/sports-et-loisirs\\\/\",\"url\":\"https:\\\/\\\/www.aube-champagne.com\\\/fr\\\/sports-et-loisirs\\\/\",\"name\":\"Sports et Loisirs dans l'Aube en Champagne\",\"isPartOf\":{\"@id\":\"https:\\\/\\\/www.aube-champagne.com\\\/fr\\\/#website\"},\"primaryImageOfPage\":{\"@id\":\"https:\\\/\\\/www.aube-champagne.com\\\/fr\\\/sports-et-loisirs\\\/#primaryimage\"},\"image\":{\"@id\":\"https:\\\/\\\/www.aube-champagne.com\\\/fr\\\/sports-et-loisirs\\\/#primaryimage\"},\"thumbnailUrl\":\"https:\\\/\\\/www.aube-champagne.com\\\/assets\\\/uploads\\\/2016\\\/07\\\/Fete-du-sport-2.jpg\",\"datePublished\":\"2017-02-08T10:01:07+00:00\",\"dateModified\":\"2017-02-08T10:09:15+00:00\",\"description\":\"Pour les amateurs d\u2019activit\u00e9s sportives, l\u2019Aube offre un panel de loisirs immense et vari\u00e9. V\u00e9lo, rando, sports nautiques, tout est possible dans l'Aube !\",\"breadcrumb\":{\"@id\":\"https:\\\/\\\/www.aube-champagne.com\\\/fr\\\/sports-et-loisirs\\\/#breadcrumb\"},\"inLanguage\":\"fr-FR\",\"potentialAction\":[{\"@type\":\"ReadAction\",\"target\":[\"https:\\\/\\\/www.aube-champagne.com\\\/fr\\\/sports-et-loisirs\\\/\"]}]},{\"@type\":\"ImageObject\",\"inLanguage\":\"fr-FR\",\"@id\":\"https:\\\/\\\/www.aube-champagne.com\\\/fr\\\/sports-et-loisirs\\\/#primaryimage\",\"url\":\"https:\\\/\\\/www.aube-champagne.com\\\/assets\\\/uploads\\\/2016\\\/07\\\/Fete-du-sport-2.jpg\",\"contentUrl\":\"https:\\\/\\\/www.aube-champagne.com\\\/assets\\\/uploads\\\/2016\\\/07\\\/Fete-du-sport-2.jpg\",\"width\":973,\"height\":649},{\"@type\":\"BreadcrumbList\",\"@id\":\"https:\\\/\\\/www.aube-champagne.com\\\/fr\\\/sports-et-loisirs\\\/#breadcrumb\",\"itemListElement\":[{\"@type\":\"ListItem\",\"position\":1,\"name\":\"Accueil\",\"item\":\"https:\\\/\\\/www.aube-champagne.com\\\/fr\\\/\"},{\"@type\":\"ListItem\",\"position\":2,\"name\":\"Sports et Loisirs\"}]},{\"@type\":\"WebSite\",\"@id\":\"https:\\\/\\\/www.aube-champagne.com\\\/fr\\\/#website\",\"url\":\"https:\\\/\\\/www.aube-champagne.com\\\/fr\\\/\",\"name\":\"Aube Champagne\",\"description\":\"Aube Champagne\",\"potentialAction\":[{\"@type\":\"SearchAction\",\"target\":{\"@type\":\"EntryPoint\",\"urlTemplate\":\"https:\\\/\\\/www.aube-champagne.com\\\/fr\\\/?s={search_term_string}\"},\"query-input\":{\"@type\":\"PropertyValueSpecification\",\"valueRequired\":true,\"valueName\":\"search_term_string\"}}],\"inLanguage\":\"fr-FR\"}]}<\/script>\n<!-- \/ Yoast SEO plugin. -->","yoast_head_json":{"title":"Sports et Loisirs dans l'Aube en Champagne","description":"Pour les amateurs d\u2019activit\u00e9s sportives, l\u2019Aube offre un panel de loisirs immense et vari\u00e9. V\u00e9lo, rando, sports nautiques, tout est possible dans l'Aube !","robots":{"index":"index","follow":"follow","max-snippet":"max-snippet:-1","max-image-preview":"max-image-preview:large","max-video-preview":"max-video-preview:-1"},"canonical":"https:\/\/www.aube-champagne.com\/fr\/sports-et-loisirs\/","og_locale":"fr_FR","og_type":"article","og_title":"Sports et Loisirs dans l'Aube en Champagne","og_description":"Pour les amateurs d\u2019activit\u00e9s sportives, l\u2019Aube offre un panel de loisirs immense et vari\u00e9. V\u00e9lo, rando, sports nautiques, tout est possible dans l'Aube !","og_url":"https:\/\/www.aube-champagne.com\/fr\/sports-et-loisirs\/","og_site_name":"Aube Champagne","article_publisher":"https:\/\/www.facebook.com\/aube.champagne","article_modified_time":"2017-02-08T10:09:15+00:00","og_image":[{"width":973,"height":649,"url":"https:\/\/www.aube-champagne.com\/assets\/uploads\/2016\/07\/Fete-du-sport-2.jpg","type":"image\/jpeg"}],"twitter_card":"summary_large_image","twitter_site":"@AubeChampagne","twitter_misc":{"Dur\u00e9e de lecture estim\u00e9e":"2 minutes"},"schema":{"@context":"https:\/\/schema.org","@graph":[{"@type":"WebPage","@id":"https:\/\/www.aube-champagne.com\/fr\/sports-et-loisirs\/","url":"https:\/\/www.aube-champagne.com\/fr\/sports-et-loisirs\/","name":"Sports et Loisirs dans l'Aube en Champagne","isPartOf":{"@id":"https:\/\/www.aube-champagne.com\/fr\/#website"},"primaryImageOfPage":{"@id":"https:\/\/www.aube-champagne.com\/fr\/sports-et-loisirs\/#primaryimage"},"image":{"@id":"https:\/\/www.aube-champagne.com\/fr\/sports-et-loisirs\/#primaryimage"},"thumbnailUrl":"https:\/\/www.aube-champagne.com\/assets\/uploads\/2016\/07\/Fete-du-sport-2.jpg","datePublished":"2017-02-08T10:01:07+00:00","dateModified":"2017-02-08T10:09:15+00:00","description":"Pour les amateurs d\u2019activit\u00e9s sportives, l\u2019Aube offre un panel de loisirs immense et vari\u00e9. V\u00e9lo, rando, sports nautiques, tout est possible dans l'Aube !","breadcrumb":{"@id":"https:\/\/www.aube-champagne.com\/fr\/sports-et-loisirs\/#breadcrumb"},"inLanguage":"fr-FR","potentialAction":[{"@type":"ReadAction","target":["https:\/\/www.aube-champagne.com\/fr\/sports-et-loisirs\/"]}]},{"@type":"ImageObject","inLanguage":"fr-FR","@id":"https:\/\/www.aube-champagne.com\/fr\/sports-et-loisirs\/#primaryimage","url":"https:\/\/www.aube-champagne.com\/assets\/uploads\/2016\/07\/Fete-du-sport-2.jpg","contentUrl":"https:\/\/www.aube-champagne.com\/assets\/uploads\/2016\/07\/Fete-du-sport-2.jpg","width":973,"height":649},{"@type":"BreadcrumbList","@id":"https:\/\/www.aube-champagne.com\/fr\/sports-et-loisirs\/#breadcrumb","itemListElement":[{"@type":"ListItem","position":1,"name":"Accueil","item":"https:\/\/www.aube-champagne.com\/fr\/"},{"@type":"ListItem","position":2,"name":"Sports et Loisirs"}]},{"@type":"WebSite","@id":"https:\/\/www.aube-champagne.com\/fr\/#website","url":"https:\/\/www.aube-champagne.com\/fr\/","name":"Aube Champagne","description":"Aube Champagne","potentialAction":[{"@type":"SearchAction","target":{"@type":"EntryPoint","urlTemplate":"https:\/\/www.aube-champagne.com\/fr\/?s={search_term_string}"},"query-input":{"@type":"PropertyValueSpecification","valueRequired":true,"valueName":"search_term_string"}}],"inLanguage":"fr-FR"}]}},"publishpress_future_action":{"enabled":false,"date":"2026-05-08 23:16:30","action":"change-status","newStatus":"draft","terms":[],"taxonomy":"translation_priority","extraData":[]},"publishpress_future_workflow_manual_trigger":{"enabledWorkflows":[]},"_links":{"self":[{"href":"https:\/\/www.aube-champagne.com\/fr\/wp-json\/wp\/v2\/pages\/23486","targetHints":{"allow":["GET"]}}],"collection":[{"href":"https:\/\/www.aube-champagne.com\/fr\/wp-json\/wp\/v2\/pages"}],"about":[{"href":"https:\/\/www.aube-champagne.com\/fr\/wp-json\/wp\/v2\/types\/page"}],"author":[{"embeddable":true,"href":"https:\/\/www.aube-champagne.com\/fr\/wp-json\/wp\/v2\/users\/2"}],"replies":[{"embeddable":true,"href":"https:\/\/www.aube-champagne.com\/fr\/wp-json\/wp\/v2\/comments?post=23486"}],"version-history":[{"count":0,"href":"https:\/\/www.aube-champagne.com\/fr\/wp-json\/wp\/v2\/pages\/23486\/revisions"}],"wp:featuredmedia":[{"embeddable":true,"href":"https:\/\/www.aube-champagne.com\/fr\/wp-json\/wp\/v2\/media\/16447"}],"wp:attachment":[{"href":"https:\/\/www.aube-champagne.com\/fr\/wp-json\/wp\/v2\/media?parent=23486"}],"curies":[{"name":"wp","href":"https:\/\/api.w.org\/{rel}","templated":true}]}}