{"id":24520,"date":"2017-04-05T14:04:42","date_gmt":"2017-04-05T13:04:42","guid":{"rendered":"http:\/\/www.aube-champagne.com\/?page_id=24520\/"},"modified":"2026-03-10T12:11:16","modified_gmt":"2026-03-10T11:11:16","slug":"les-champagnes-de-renoir","status":"publish","type":"page","link":"https:\/\/www.aube-champagne.com\/fr\/les-champagnes-de-renoir\/","title":{"rendered":"Les champagnes de Renoir"},"content":{"rendered":"<div class=\"wpb-content-wrapper\">[vc_row][vc_column][vc_column_text]\n<h2><span style=\"color: #c78b24;\">Les champagnes de Renoir &#8211; Accord parfait<\/span><\/h2>\n[\/vc_column_text][vc_single_image image=\u00a0\u00bb24625&Prime; img_size=\u00a0\u00bb600&#215;400&Prime; alignment=\u00a0\u00bbcenter\u00a0\u00bb][vc_column_text]\n<p style=\"text-align: justify;\">Depuis toujours, oenologues, chefs de caves et vignerons aiment s&rsquo;impr\u00e9gner\u00a0de l&rsquo;image du peintre et de sa palette de couleurs pour d\u00e9crire la magie des assemblages champenois. Le centre culturel \u00ab Du cot\u00e9 des Renoir \u00bb et ses maisons de champagne partenaires ont d\u00e9cid\u00e9 d&rsquo;aller plus loin encore dans cette d\u00e9marche d&rsquo;association de l&rsquo;art et des grandes cuv\u00e9es.<\/p>\n<p style=\"text-align: justify;\">\u00ab D\u00e9gustez ce champagne et dites-nous \u00e0 quel tableau vous avez envie de l&rsquo;unir \u00bb. El\u00e9gance, rondeur, f\u00e9minit\u00e9, complexit\u00e9, s\u00e9duction, harmonie&#8230; Nombreux sont les mots qui peuvent d\u00e9crire aussi bien une oeuvre d&rsquo;art qu&rsquo;un grand vin.<\/p>\n[\/vc_column_text][vc_separator][\/vc_column][\/vc_row][vc_row][vc_column][vc_column_text]\n<h5><span style=\"color: #ad9ca9;\">Cuv\u00e9e RENOIR par<\/span><span style=\"color: #916161;\"> <span style=\"color: #c78b24;\"><a style=\"color: #c78b24;\" href=\"http:\/\/www.aube-champagne.com\/fr\/poi\/champagne-cristian-senez\" target=\"_blank\" rel=\"noopener noreferrer\">Champagne Cristian Sene<\/a>z<\/span><span style=\"color: #ad9ca9;\">\u00a0\u2013 Tableau\u00a0: <em>Danse \u00e0 la ville<\/em> (1883)<\/span><\/span><\/h5>\n[\/vc_column_text][\/vc_column][\/vc_row][vc_row][vc_column width=\u00a0\u00bb1\/4&Prime;][vc_single_image image=\u00a0\u00bb24568&Prime; img_size=\u00a0\u00bbmedium\u00a0\u00bb alignment=\u00a0\u00bbcenter\u00a0\u00bb onclick=\u00a0\u00bblink_image\u00a0\u00bb][\/vc_column][vc_column width=\u00a0\u00bb3\/4&Prime;][vc_column_text]\n<p style=\"text-align: justify;\">Finesse et \u00e9l\u00e9gance, l\u00e9g\u00e8ret\u00e9 et s\u00e9duction, rassemblent cette cuv\u00e9e et ce tableau. Les personnages comme les c\u00e9pages sont unis harmonieusement dans cette danse.<\/p>\n<p style=\"text-align: justify;\">L&rsquo;homme en noir tel le pinot, la jeune fille en blanc si pure si \u00e9l\u00e9gante \u00e0 l&rsquo;image du chardonnay. Le d\u00e9cor v\u00e9g\u00e9tal de cette \u0153uvre nous rappelle la fra\u00eecheur et la l\u00e9g\u00e8ret\u00e9 de ce vin aux ar\u00f4mes de fleurs blanches et de fruits frais.<\/p>\n<p style=\"text-align: justify;\">La jolie robe blanche semblable \u00e0 la mousse cr\u00e9meuse fera certainement p\u00e9tiller le regard des amateurs de vins comme celui des admirateurs de cette danse \u00e0 la ville.<\/p>\n[\/vc_column_text][\/vc_column][\/vc_row][vc_row][vc_column][vc_column_text]\n<h5><span style=\"color: #916161;\"><span style=\"color: #ad9ca9;\">Cuv\u00e9e Belle Gabrielle par<\/span> <span style=\"color: #c78b24;\"><a style=\"color: #c78b24;\" href=\"http:\/\/www.aube-champagne.com\/fr\/poi\/champagne-charles-collin\" target=\"_blank\" rel=\"noopener noreferrer\">Champagne Charles Collin<\/a><\/span> <span style=\"color: #ad9ca9;\">\u2013 Tableau\u00a0: <em>Gabrielle et Jean<\/em> (1896)<\/span><\/span><\/h5>\n[\/vc_column_text][\/vc_column][\/vc_row][vc_row][vc_column width=\u00a0\u00bb1\/4&Prime;][vc_single_image image=\u00a0\u00bb24580&Prime; img_size=\u00a0\u00bbmedium\u00a0\u00bb alignment=\u00a0\u00bbcenter\u00a0\u00bb onclick=\u00a0\u00bblink_image\u00a0\u00bb][\/vc_column][vc_column width=\u00a0\u00bb3\/4&Prime;][vc_column_text]\n<p style=\"text-align: justify;\">La cuv\u00e9e pr\u00e9f\u00e9r\u00e9e de la Maison Charles Collin en hommage au mod\u00e8le pr\u00e9f\u00e9r\u00e9 de Renoir. Un assemblage harmonieux o\u00f9 les notes brioch\u00e9es du chardonnay apportent f\u00e9minit\u00e9 et tendresse. Les beaux pinots noirs arrondis de notes l\u00e9g\u00e8rement bois\u00e9es pour la profondeur et la douceur. Tant d&rsquo;\u00e9motion dans \u00ab Gabrielle et Jean \u00bb, la nourrice et l&rsquo;enfant semblent si heureux, si sereins.<\/p>\n<p style=\"text-align: justify;\">Transmettre son savoir-faire avec amour, c&rsquo;est la finalit\u00e9 de ce champagne \u00e0 l&rsquo;\u00e9laboration si soign\u00e9e. Une bouche \u00e9quilibr\u00e9e, harmonieuse et longue, illustre parfaitement le lien qui unira toute leur vie ces deux personnages \u2014, aux destins exceptionnels.<\/p>\n[\/vc_column_text][\/vc_column][\/vc_row][vc_row][vc_column][vc_column_text]\n<h5><span style=\"color: #916161;\"><span style=\"color: #ad9ca9;\">Cuv\u00e9e Exception par<\/span> <span style=\"color: #c78b24;\"><a style=\"color: #c78b24;\" href=\"http:\/\/www.aube-champagne.com\/fr\/poi\/champagne-jacques-defrance\" target=\"_blank\" rel=\"noopener noreferrer\">Champagne Jacques Defrance<\/a><\/span> <span style=\"color: #ad9ca9;\">\u2013 Tableau\u00a0: <em>Torse, effet de soleil<\/em> (1875-1876)<\/span><\/span><\/h5>\n[\/vc_column_text][\/vc_column][\/vc_row][vc_row][vc_column width=\u00a0\u00bb1\/4&Prime;][vc_single_image image=\u00a0\u00bb24586&Prime; img_size=\u00a0\u00bbmedium\u00a0\u00bb alignment=\u00a0\u00bbcenter\u00a0\u00bb onclick=\u00a0\u00bblink_image\u00a0\u00bb][\/vc_column][vc_column width=\u00a0\u00bb3\/4&Prime;][vc_column_text]\n<p style=\"text-align: justify;\">Mille petites touches de lumi\u00e8re m\u00eal\u00e9es \u00e0 la complexit\u00e9 aromatique du vin donnent \u00e0 cette cuv\u00e9e un lien tr\u00e8s intime avec la toile : des ar\u00f4mes de poires, p\u00eaches blanches, mirabelles mais aussi des notes de r\u00e9glisse et de fleurs fra\u00eechement coup\u00e9es composent un bouquet d&rsquo;une grande d\u00e9licatesse. Une limpidit\u00e9 \u00e9clatante, une bouche gourmande tout en fra\u00eecheur, rondeur et volupt\u00e9 en font un vin rare et original.<\/p>\n<p style=\"text-align: justify;\">L&rsquo;effervescence qui \u00e9clate en bouche surprend et interpelle agr\u00e9ablement l&rsquo;amateur ; ce tableau \u00e0 l&rsquo;\u00e9poque suscita l&rsquo;\u00e9moi des critiques qui ne surent appr\u00e9cier les reflets de lumi\u00e8re sur le corps d\u00e9nud\u00e9. Une grande longueur en bouche pour un plaisir proche d&rsquo;un bain de soleil par un bel apr\u00e8s-midi d&rsquo;\u00e9t\u00e9.<\/p>\n[\/vc_column_text][\/vc_column][\/vc_row][vc_row][vc_column][vc_column_text]\n<h5><span style=\"color: #916161;\"><span style=\"color: #ad9ca9;\">Cuv\u00e9e Louis-Aristide par<\/span> <span style=\"color: #c78b24;\"><a style=\"color: #c78b24;\" href=\"http:\/\/www.aube-champagne.com\/fr\/poi\/champagne-remy-massin-et-fils\" target=\"_blank\" rel=\"noopener noreferrer\">Champagne R\u00e9my Massin &amp; Fils<\/a> <\/span><span style=\"color: #ad9ca9;\">\u2013 Tableau\u00a0: <em>Le d\u00e9jeuner des canotiers<\/em> (1880-1881)<\/span><\/span><\/h5>\n[\/vc_column_text][\/vc_column][\/vc_row][vc_row][vc_column width=\u00a0\u00bb1\/4&Prime;][vc_single_image image=\u00a0\u00bb24610&Prime; img_size=\u00a0\u00bbmedium\u00a0\u00bb alignment=\u00a0\u00bbcenter\u00a0\u00bb onclick=\u00a0\u00bblink_image\u00a0\u00bb][\/vc_column][vc_column width=\u00a0\u00bb3\/4&Prime;][vc_column_text]\n<p style=\"text-align: justify;\">Cette cuv\u00e9e totalement aboutie, compos\u00e9e d&rsquo;une multitude de vendanges de pinot noir patiemment choy\u00e9e dans les caves de la maison R\u00e9my Massin &amp; Fils \u00e9clate au grand jour. De cette robe dor\u00e9e se lib\u00e8rent, dans une ambiance festive et sereine, toute une galerie d&rsquo;ar\u00f4mes &#8230; coings, p\u00e2tes de fruits, vanille, fruits secs.<\/p>\n<p style=\"text-align: justify;\">Ici les femmes sont \u00e9l\u00e9gantes, fra\u00eeches, heureuses. Un vin charmeur, \u00e0 l&rsquo;image des hommes dans ce d\u00e9jeuner, s\u00fbrs d&rsquo;eux, certains de leur pouvoir de s\u00e9duction. Une grande longueur en bouche pour un final d\u00e9licieux. Un grand vin pour une oeuvre majeure.<\/p>\n[\/vc_column_text][\/vc_column][\/vc_row][vc_row][vc_column][vc_column_text]\n<h5><span style=\"color: #916161;\"><span style=\"color: #ad9ca9;\">Cuv\u00e9e Brut Ros\u00e9 par<\/span> <span style=\"color: #c78b24;\"><a style=\"color: #c78b24;\" href=\"http:\/\/www.aube-champagne.com\/fr\/poi\/champagne-richardot\" target=\"_blank\" rel=\"noopener noreferrer\">Champagne Richardot<\/a><\/span> <span style=\"color: #ad9ca9;\">\u2013 Tableau\u00a0: <em>Les fraises<\/em> (1905)<\/span><\/span><\/h5>\n[\/vc_column_text][\/vc_column][\/vc_row][vc_row][vc_column width=\u00a0\u00bb1\/4&Prime;][vc_single_image image=\u00a0\u00bb24616&Prime; img_size=\u00a0\u00bbmedium\u00a0\u00bb alignment=\u00a0\u00bbcenter\u00a0\u00bb onclick=\u00a0\u00bblink_image\u00a0\u00bb][\/vc_column][vc_column width=\u00a0\u00bb3\/4&Prime;][vc_column_text]\n<p style=\"text-align: justify;\">Gourmandise et fra\u00eecheur se rejoignent dans ce champagne comme dans ce tableau. La jolie robe rose et brillantede ce vin, ses ar\u00f4mes de gariguettes, sa jeunesse rafra\u00eechissante&#8230; Ce tableau \u00e9voque les fruits tout juste ramen\u00e9s du jardin&#8230; parfum de gourmandise. L&rsquo;abondance, la g\u00e9n\u00e9rosit\u00e9, de cette cuv\u00e9e sont illustr\u00e9es par ces fruits indisciplin\u00e9s qui d\u00e9bordent du plat de porcelaine.<\/p>\n<p style=\"text-align: justify;\">Comment ne pas penser \u00e0 ces espi\u00e8gles bulles qui tentent sans cesse de s&rsquo;\u00e9chapper de notre fl\u00fbte? Il se pourrait que ces fraises aient disparu avant que Madame Renoir eut le temps de pr\u00e9parer la p\u00e2te \u00e0 tarte&#8230;<\/p>\n[\/vc_column_text][\/vc_column][\/vc_row][vc_row][vc_column][vc_column_text]\n<h4 style=\"text-align: center;\"><\/h4>\n<h4 style=\"text-align: center;\"><span style=\"color: #c78b24;\"><a style=\"color: #c78b24;\" href=\"https:\/\/www.aube-champagne.com\/fr\/maison-de-renoir\/\" target=\"_blank\" rel=\"noopener\">Plus de renseignements sur Renoir\u00a0<\/a><\/span><\/h4>\n[\/vc_column_text][vc_separator][\/vc_column][\/vc_row]\n<\/div>","protected":false},"excerpt":{"rendered":"<p>[vc_row][vc_column][vc_column_text] Les champagnes de Renoir &#8211; Accord parfait [\/vc_column_text][vc_single_image image=\u00a0\u00bb24625&Prime; img_size=\u00a0\u00bb600&#215;400&Prime; alignment=\u00a0\u00bbcenter\u00a0\u00bb][vc_column_text] Depuis toujours, oenologues, chefs de caves et vignerons aiment s&rsquo;impr\u00e9gner\u00a0de l&rsquo;image du peintre et de sa palette de couleurs pour d\u00e9crire la magie des assemblages champenois. Le centre culturel \u00ab Du cot\u00e9 des&hellip;  <a href=\"https:\/\/www.aube-champagne.com\/fr\/les-champagnes-de-renoir\/\" title=\"Read Les champagnes de Renoir\">En savoir plus&raquo;<\/a><\/p>\n","protected":false},"author":2,"featured_media":24580,"parent":0,"menu_order":0,"comment_status":"closed","ping_status":"closed","template":"","meta":{"footnotes":""},"class_list":["post-24520","page","type-page","status-publish","has-post-thumbnail","hentry"],"yoast_head":"<!-- This site is optimized with the Yoast SEO plugin v27.4 - https:\/\/yoast.com\/product\/yoast-seo-wordpress\/ -->\n<title>Les champagnes de Renoir - Aube Champagne<\/title>\n<meta name=\"description\" content=\"Les champagnes de Renoir - Accord parfait Depuis toujours, oenologues, chefs de caves et vignerons aiment s&#039;impr\u00e9gner\u00a0de l&#039;image du peintre et de sa\" \/>\n<meta name=\"robots\" content=\"index, follow, max-snippet:-1, max-image-preview:large, max-video-preview:-1\" \/>\n<link rel=\"canonical\" href=\"https:\/\/www.aube-champagne.com\/fr\/les-champagnes-de-renoir\/\" \/>\n<meta property=\"og:locale\" content=\"fr_FR\" \/>\n<meta property=\"og:type\" content=\"article\" \/>\n<meta property=\"og:title\" content=\"Les champagnes de Renoir - Aube Champagne\" \/>\n<meta property=\"og:description\" content=\"Les champagnes de Renoir - Accord parfait Depuis toujours, oenologues, chefs de caves et vignerons aiment s&#039;impr\u00e9gner\u00a0de l&#039;image du peintre et de sa\" \/>\n<meta property=\"og:url\" content=\"https:\/\/www.aube-champagne.com\/fr\/les-champagnes-de-renoir\/\" \/>\n<meta property=\"og:site_name\" content=\"Aube Champagne\" \/>\n<meta property=\"article:publisher\" content=\"https:\/\/www.facebook.com\/aube.champagne\" \/>\n<meta property=\"article:modified_time\" content=\"2026-03-10T11:11:16+00:00\" \/>\n<meta property=\"og:image\" content=\"https:\/\/www.aube-champagne.com\/assets\/uploads\/2017\/04\/Champagnes-Renoir3.jpg\" \/>\n\t<meta property=\"og:image:width\" content=\"750\" \/>\n\t<meta property=\"og:image:height\" content=\"1000\" \/>\n\t<meta property=\"og:image:type\" content=\"image\/jpeg\" \/>\n<meta name=\"twitter:card\" content=\"summary_large_image\" \/>\n<meta name=\"twitter:site\" content=\"@AubeChampagne\" \/>\n<meta name=\"twitter:label1\" content=\"Dur\u00e9e de lecture estim\u00e9e\" \/>\n\t<meta name=\"twitter:data1\" content=\"4 minutes\" \/>\n<script type=\"application\/ld+json\" class=\"yoast-schema-graph\">{\"@context\":\"https:\\\/\\\/schema.org\",\"@graph\":[{\"@type\":\"WebPage\",\"@id\":\"https:\\\/\\\/www.aube-champagne.com\\\/fr\\\/les-champagnes-de-renoir\\\/\",\"url\":\"https:\\\/\\\/www.aube-champagne.com\\\/fr\\\/les-champagnes-de-renoir\\\/\",\"name\":\"Les champagnes de Renoir - Aube Champagne\",\"isPartOf\":{\"@id\":\"https:\\\/\\\/www.aube-champagne.com\\\/fr\\\/#website\"},\"primaryImageOfPage\":{\"@id\":\"https:\\\/\\\/www.aube-champagne.com\\\/fr\\\/les-champagnes-de-renoir\\\/#primaryimage\"},\"image\":{\"@id\":\"https:\\\/\\\/www.aube-champagne.com\\\/fr\\\/les-champagnes-de-renoir\\\/#primaryimage\"},\"thumbnailUrl\":\"https:\\\/\\\/www.aube-champagne.com\\\/assets\\\/uploads\\\/2017\\\/04\\\/Champagnes-Renoir3.jpg\",\"datePublished\":\"2017-04-05T13:04:42+00:00\",\"dateModified\":\"2026-03-10T11:11:16+00:00\",\"description\":\"Les champagnes de Renoir - Accord parfait Depuis toujours, oenologues, chefs de caves et vignerons aiment s'impr\u00e9gner\u00a0de l'image du peintre et de sa\",\"breadcrumb\":{\"@id\":\"https:\\\/\\\/www.aube-champagne.com\\\/fr\\\/les-champagnes-de-renoir\\\/#breadcrumb\"},\"inLanguage\":\"fr-FR\",\"potentialAction\":[{\"@type\":\"ReadAction\",\"target\":[\"https:\\\/\\\/www.aube-champagne.com\\\/fr\\\/les-champagnes-de-renoir\\\/\"]}]},{\"@type\":\"ImageObject\",\"inLanguage\":\"fr-FR\",\"@id\":\"https:\\\/\\\/www.aube-champagne.com\\\/fr\\\/les-champagnes-de-renoir\\\/#primaryimage\",\"url\":\"https:\\\/\\\/www.aube-champagne.com\\\/assets\\\/uploads\\\/2017\\\/04\\\/Champagnes-Renoir3.jpg\",\"contentUrl\":\"https:\\\/\\\/www.aube-champagne.com\\\/assets\\\/uploads\\\/2017\\\/04\\\/Champagnes-Renoir3.jpg\",\"width\":750,\"height\":1000},{\"@type\":\"BreadcrumbList\",\"@id\":\"https:\\\/\\\/www.aube-champagne.com\\\/fr\\\/les-champagnes-de-renoir\\\/#breadcrumb\",\"itemListElement\":[{\"@type\":\"ListItem\",\"position\":1,\"name\":\"Accueil\",\"item\":\"https:\\\/\\\/www.aube-champagne.com\\\/fr\\\/\"},{\"@type\":\"ListItem\",\"position\":2,\"name\":\"Les champagnes de Renoir\"}]},{\"@type\":\"WebSite\",\"@id\":\"https:\\\/\\\/www.aube-champagne.com\\\/fr\\\/#website\",\"url\":\"https:\\\/\\\/www.aube-champagne.com\\\/fr\\\/\",\"name\":\"Aube Champagne\",\"description\":\"Aube Champagne\",\"potentialAction\":[{\"@type\":\"SearchAction\",\"target\":{\"@type\":\"EntryPoint\",\"urlTemplate\":\"https:\\\/\\\/www.aube-champagne.com\\\/fr\\\/?s={search_term_string}\"},\"query-input\":{\"@type\":\"PropertyValueSpecification\",\"valueRequired\":true,\"valueName\":\"search_term_string\"}}],\"inLanguage\":\"fr-FR\"}]}<\/script>\n<!-- \/ Yoast SEO plugin. -->","yoast_head_json":{"title":"Les champagnes de Renoir - Aube Champagne","description":"Les champagnes de Renoir - Accord parfait Depuis toujours, oenologues, chefs de caves et vignerons aiment s'impr\u00e9gner\u00a0de l'image du peintre et de sa","robots":{"index":"index","follow":"follow","max-snippet":"max-snippet:-1","max-image-preview":"max-image-preview:large","max-video-preview":"max-video-preview:-1"},"canonical":"https:\/\/www.aube-champagne.com\/fr\/les-champagnes-de-renoir\/","og_locale":"fr_FR","og_type":"article","og_title":"Les champagnes de Renoir - Aube Champagne","og_description":"Les champagnes de Renoir - Accord parfait Depuis toujours, oenologues, chefs de caves et vignerons aiment s'impr\u00e9gner\u00a0de l'image du peintre et de sa","og_url":"https:\/\/www.aube-champagne.com\/fr\/les-champagnes-de-renoir\/","og_site_name":"Aube Champagne","article_publisher":"https:\/\/www.facebook.com\/aube.champagne","article_modified_time":"2026-03-10T11:11:16+00:00","og_image":[{"width":750,"height":1000,"url":"https:\/\/www.aube-champagne.com\/assets\/uploads\/2017\/04\/Champagnes-Renoir3.jpg","type":"image\/jpeg"}],"twitter_card":"summary_large_image","twitter_site":"@AubeChampagne","twitter_misc":{"Dur\u00e9e de lecture estim\u00e9e":"4 minutes"},"schema":{"@context":"https:\/\/schema.org","@graph":[{"@type":"WebPage","@id":"https:\/\/www.aube-champagne.com\/fr\/les-champagnes-de-renoir\/","url":"https:\/\/www.aube-champagne.com\/fr\/les-champagnes-de-renoir\/","name":"Les champagnes de Renoir - Aube Champagne","isPartOf":{"@id":"https:\/\/www.aube-champagne.com\/fr\/#website"},"primaryImageOfPage":{"@id":"https:\/\/www.aube-champagne.com\/fr\/les-champagnes-de-renoir\/#primaryimage"},"image":{"@id":"https:\/\/www.aube-champagne.com\/fr\/les-champagnes-de-renoir\/#primaryimage"},"thumbnailUrl":"https:\/\/www.aube-champagne.com\/assets\/uploads\/2017\/04\/Champagnes-Renoir3.jpg","datePublished":"2017-04-05T13:04:42+00:00","dateModified":"2026-03-10T11:11:16+00:00","description":"Les champagnes de Renoir - Accord parfait Depuis toujours, oenologues, chefs de caves et vignerons aiment s'impr\u00e9gner\u00a0de l'image du peintre et de sa","breadcrumb":{"@id":"https:\/\/www.aube-champagne.com\/fr\/les-champagnes-de-renoir\/#breadcrumb"},"inLanguage":"fr-FR","potentialAction":[{"@type":"ReadAction","target":["https:\/\/www.aube-champagne.com\/fr\/les-champagnes-de-renoir\/"]}]},{"@type":"ImageObject","inLanguage":"fr-FR","@id":"https:\/\/www.aube-champagne.com\/fr\/les-champagnes-de-renoir\/#primaryimage","url":"https:\/\/www.aube-champagne.com\/assets\/uploads\/2017\/04\/Champagnes-Renoir3.jpg","contentUrl":"https:\/\/www.aube-champagne.com\/assets\/uploads\/2017\/04\/Champagnes-Renoir3.jpg","width":750,"height":1000},{"@type":"BreadcrumbList","@id":"https:\/\/www.aube-champagne.com\/fr\/les-champagnes-de-renoir\/#breadcrumb","itemListElement":[{"@type":"ListItem","position":1,"name":"Accueil","item":"https:\/\/www.aube-champagne.com\/fr\/"},{"@type":"ListItem","position":2,"name":"Les champagnes de Renoir"}]},{"@type":"WebSite","@id":"https:\/\/www.aube-champagne.com\/fr\/#website","url":"https:\/\/www.aube-champagne.com\/fr\/","name":"Aube Champagne","description":"Aube Champagne","potentialAction":[{"@type":"SearchAction","target":{"@type":"EntryPoint","urlTemplate":"https:\/\/www.aube-champagne.com\/fr\/?s={search_term_string}"},"query-input":{"@type":"PropertyValueSpecification","valueRequired":true,"valueName":"search_term_string"}}],"inLanguage":"fr-FR"}]}},"publishpress_future_action":{"enabled":false,"date":"2026-04-29 14:26:39","action":"change-status","newStatus":"draft","terms":[],"taxonomy":"translation_priority","extraData":[]},"publishpress_future_workflow_manual_trigger":{"enabledWorkflows":[]},"_links":{"self":[{"href":"https:\/\/www.aube-champagne.com\/fr\/wp-json\/wp\/v2\/pages\/24520","targetHints":{"allow":["GET"]}}],"collection":[{"href":"https:\/\/www.aube-champagne.com\/fr\/wp-json\/wp\/v2\/pages"}],"about":[{"href":"https:\/\/www.aube-champagne.com\/fr\/wp-json\/wp\/v2\/types\/page"}],"author":[{"embeddable":true,"href":"https:\/\/www.aube-champagne.com\/fr\/wp-json\/wp\/v2\/users\/2"}],"replies":[{"embeddable":true,"href":"https:\/\/www.aube-champagne.com\/fr\/wp-json\/wp\/v2\/comments?post=24520"}],"version-history":[{"count":3,"href":"https:\/\/www.aube-champagne.com\/fr\/wp-json\/wp\/v2\/pages\/24520\/revisions"}],"predecessor-version":[{"id":91364,"href":"https:\/\/www.aube-champagne.com\/fr\/wp-json\/wp\/v2\/pages\/24520\/revisions\/91364"}],"wp:featuredmedia":[{"embeddable":true,"href":"https:\/\/www.aube-champagne.com\/fr\/wp-json\/wp\/v2\/media\/24580"}],"wp:attachment":[{"href":"https:\/\/www.aube-champagne.com\/fr\/wp-json\/wp\/v2\/media?parent=24520"}],"curies":[{"name":"wp","href":"https:\/\/api.w.org\/{rel}","templated":true}]}}