{"id":24934,"date":"2017-05-16T11:51:38","date_gmt":"2017-05-16T10:51:38","guid":{"rendered":"http:\/\/www.aube-champagne.com\/?page_id=24934\/"},"modified":"2021-06-29T10:59:59","modified_gmt":"2021-06-29T09:59:59","slug":"dvd-temps-passes-temps-futurs-templiers","status":"publish","type":"page","link":"https:\/\/www.aube-champagne.com\/fr\/dvd-temps-passes-temps-futurs-templiers\/","title":{"rendered":"DVD Temps pass\u00e9s, Temps futurs, Templiers"},"content":{"rendered":"<div class=\"wpb-content-wrapper\">[vc_row][vc_column][vc_column_text]\n<h2>Op\u00e9ra Rock sur l&rsquo;histoire des Templiers<\/h2>\n<p><em>Octobre 2017 : L\u00e9na, Alexandra, Almiro et Louk\u00e2s, quatre \u00e9tudiants venus de divers horizons europ\u00e9ens, font la connaissance de Sophie, une historienne locale qui se bat pour sauver une ancienne commanderie templi\u00e8re au centre de Troyes. I ls s&rsquo;opposent ensemble \u00e0 un ignoble promoteur d\u00e9cid\u00e9 \u00e0 tout raser pour en faire une clinique de remise en forme. Une qu\u00eate un peu sp\u00e9ciale qui leur fera remonter le temps en pleine \u00e9poque des foires de Champagne \u00e0 la rencontre d&rsquo;Hugues de Payns, Bernard de Clairvaux ou Jacques de Molay. La vie est un \u00e9ternel recommencement, l&rsquo;\u00e9pop\u00e9e de nos h\u00e9ros s&rsquo;arr\u00eatera-t-elle brusquement comme celle des Templiers ?<\/em><\/p>\n<p><img decoding=\"async\" class=\"aligncenter wp-image-24952 size-full\" src=\"http:\/\/www.aube-champagne.com\/assets\/uploads\/2017\/05\/DVD-Templiers.jpg\" alt=\"\" width=\"800\" height=\"600\" srcset=\"https:\/\/www.aube-champagne.com\/assets\/uploads\/2017\/05\/DVD-Templiers.jpg 800w, https:\/\/www.aube-champagne.com\/assets\/uploads\/2017\/05\/DVD-Templiers-300x225.jpg 300w, https:\/\/www.aube-champagne.com\/assets\/uploads\/2017\/05\/DVD-Templiers-768x576.jpg 768w\" sizes=\"(max-width: 800px) 100vw, 800px\" \/><\/p>\n<p>&nbsp;<\/p>\n<p style=\"text-align: center;\">Ce DVD est le fruit de la collaboration entre le Comit\u00e9 D\u00e9partemental du Tourisme de l\u2019Aube, et la troupe Chante et Danse la Champagne.<\/p>\n<h2><strong>Commandez le DVD Temps pass\u00e9s, Temps futurs, templiers.<br \/>\n<\/strong><\/h2>\n<h3><strong>Achats et retraits possibles<\/strong><\/h3>\n[\/vc_column_text][\/vc_column][\/vc_row][vc_row][vc_column width=\u00a0\u00bb1\/2&Prime;][vc_column_text]\n<h2>DVD Temps pass\u00e9s, Temps futurs, Templiers 10 \u20ac TTC<\/h2>\n<p>par retrait au <a href=\"https:\/\/www.google.com\/maps\/place\/Comit%C3%A9+D%C3%A9partemental+du+Tourisme+de+l'Aube+en+Champagne\/@48.2984257,4.075739,17z\/data=!3m1!4b1!4m5!3m4!1s0x47ee98f73d7bde65:0x3e03fcda47e87c78!8m2!3d48.2984222!4d4.0779277?hl=fr\" target=\"_blank\" rel=\"noopener noreferrer\">Comit\u00e9 D\u00e9partemental du Tourisme Aube en Champagne<\/a><br \/>\n34 quai Dampierre &#8211; 10000 TROYES[\/vc_column_text][\/vc_column][vc_column width=\u00a0\u00bb1\/2&Prime;][vc_btn title=\u00a0\u00bbContactez-nous\u00a0\u00bb link=\u00a0\u00bburl:mailto%3Alaetitia.roggero%40aube.fr||target:%20_blank|\u00a0\u00bb][\/vc_column][\/vc_row][vc_row][vc_column width=\u00a0\u00bb1\/2&Prime;][vc_column_text]\n<h2>DVD Temps pass\u00e9s, Temps futurs, Templiers 13 \u20ac TTC<\/h2>\n<p>Par livraison postale en France m\u00e9tropolitaine<\/p>\n<p>&nbsp;<\/p>\n[\/vc_column_text][\/vc_column][vc_column width=\u00a0\u00bb1\/2&Prime;][vc_btn title=\u00a0\u00bbContactez-nous\u00a0\u00bb link=\u00a0\u00bburl:mailto%3Alaetitia.roggero%40aube.fr||target:%20_blank|\u00a0\u00bb][\/vc_column][\/vc_row]\n<\/div>","protected":false},"excerpt":{"rendered":"<p>[vc_row][vc_column][vc_column_text] Op\u00e9ra Rock sur l&rsquo;histoire des Templiers Octobre 2017 : L\u00e9na, Alexandra, Almiro et Louk\u00e2s, quatre \u00e9tudiants venus de divers horizons europ\u00e9ens, font la connaissance de Sophie, une historienne locale qui se bat pour sauver une ancienne commanderie templi\u00e8re au centre de Troyes. I ls&hellip;  <a href=\"https:\/\/www.aube-champagne.com\/fr\/dvd-temps-passes-temps-futurs-templiers\/\" title=\"Read DVD Temps pass\u00e9s, Temps futurs, Templiers\">En savoir plus&raquo;<\/a><\/p>\n","protected":false},"author":1,"featured_media":24952,"parent":0,"menu_order":0,"comment_status":"closed","ping_status":"closed","template":"","meta":{"footnotes":""},"class_list":["post-24934","page","type-page","status-publish","has-post-thumbnail","hentry"],"yoast_head":"<!-- This site is optimized with the Yoast SEO plugin v27.4 - https:\/\/yoast.com\/product\/yoast-seo-wordpress\/ -->\n<title>DVD Temps pass\u00e9s, Temps futurs, Templiers - Aube Champagne<\/title>\n<meta name=\"description\" content=\"Op\u00e9ra Rock sur l&#039;histoire des Templiers Octobre 2017 : L\u00e9na, Alexandra, Almiro et Louk\u00e2s, quatre \u00e9tudiants venus de divers horizons europ\u00e9ens, font la\" \/>\n<meta name=\"robots\" content=\"index, follow, max-snippet:-1, max-image-preview:large, max-video-preview:-1\" \/>\n<link rel=\"canonical\" href=\"https:\/\/www.aube-champagne.com\/fr\/dvd-temps-passes-temps-futurs-templiers\/\" \/>\n<meta property=\"og:locale\" content=\"fr_FR\" \/>\n<meta property=\"og:type\" content=\"article\" \/>\n<meta property=\"og:title\" content=\"DVD Temps pass\u00e9s, Temps futurs, Templiers\" \/>\n<meta property=\"og:description\" content=\"Commandez en ligne le DVD Temps pass\u00e9s, Temps futurs, templiers, de la com\u00e9die musicale auboise et de ses 200 acteurs, danseurs, chanteurs et musiciens !\" \/>\n<meta property=\"og:url\" content=\"https:\/\/www.aube-champagne.com\/fr\/dvd-temps-passes-temps-futurs-templiers\/\" \/>\n<meta property=\"og:site_name\" content=\"Aube Champagne\" \/>\n<meta property=\"article:publisher\" content=\"https:\/\/www.facebook.com\/aube.champagne\" \/>\n<meta property=\"article:modified_time\" content=\"2021-06-29T09:59:59+00:00\" \/>\n<meta property=\"og:image\" content=\"https:\/\/www.aube-champagne.com\/assets\/uploads\/2017\/05\/DVD-Templiers.jpg\" \/>\n\t<meta property=\"og:image:width\" content=\"800\" \/>\n\t<meta property=\"og:image:height\" content=\"600\" \/>\n\t<meta property=\"og:image:type\" content=\"image\/jpeg\" \/>\n<meta name=\"twitter:card\" content=\"summary_large_image\" \/>\n<meta name=\"twitter:site\" content=\"@AubeChampagne\" \/>\n<meta name=\"twitter:label1\" content=\"Dur\u00e9e de lecture estim\u00e9e\" \/>\n\t<meta name=\"twitter:data1\" content=\"1 minute\" \/>\n<script type=\"application\/ld+json\" class=\"yoast-schema-graph\">{\"@context\":\"https:\\\/\\\/schema.org\",\"@graph\":[{\"@type\":\"WebPage\",\"@id\":\"https:\\\/\\\/www.aube-champagne.com\\\/fr\\\/dvd-temps-passes-temps-futurs-templiers\\\/\",\"url\":\"https:\\\/\\\/www.aube-champagne.com\\\/fr\\\/dvd-temps-passes-temps-futurs-templiers\\\/\",\"name\":\"DVD Temps pass\u00e9s, Temps futurs, Templiers - Aube Champagne\",\"isPartOf\":{\"@id\":\"https:\\\/\\\/www.aube-champagne.com\\\/fr\\\/#website\"},\"primaryImageOfPage\":{\"@id\":\"https:\\\/\\\/www.aube-champagne.com\\\/fr\\\/dvd-temps-passes-temps-futurs-templiers\\\/#primaryimage\"},\"image\":{\"@id\":\"https:\\\/\\\/www.aube-champagne.com\\\/fr\\\/dvd-temps-passes-temps-futurs-templiers\\\/#primaryimage\"},\"thumbnailUrl\":\"https:\\\/\\\/www.aube-champagne.com\\\/assets\\\/uploads\\\/2017\\\/05\\\/DVD-Templiers.jpg\",\"datePublished\":\"2017-05-16T10:51:38+00:00\",\"dateModified\":\"2021-06-29T09:59:59+00:00\",\"description\":\"Op\u00e9ra Rock sur l'histoire des Templiers Octobre 2017 : L\u00e9na, Alexandra, Almiro et Louk\u00e2s, quatre \u00e9tudiants venus de divers horizons europ\u00e9ens, font la\",\"breadcrumb\":{\"@id\":\"https:\\\/\\\/www.aube-champagne.com\\\/fr\\\/dvd-temps-passes-temps-futurs-templiers\\\/#breadcrumb\"},\"inLanguage\":\"fr-FR\",\"potentialAction\":[{\"@type\":\"ReadAction\",\"target\":[\"https:\\\/\\\/www.aube-champagne.com\\\/fr\\\/dvd-temps-passes-temps-futurs-templiers\\\/\"]}]},{\"@type\":\"ImageObject\",\"inLanguage\":\"fr-FR\",\"@id\":\"https:\\\/\\\/www.aube-champagne.com\\\/fr\\\/dvd-temps-passes-temps-futurs-templiers\\\/#primaryimage\",\"url\":\"https:\\\/\\\/www.aube-champagne.com\\\/assets\\\/uploads\\\/2017\\\/05\\\/DVD-Templiers.jpg\",\"contentUrl\":\"https:\\\/\\\/www.aube-champagne.com\\\/assets\\\/uploads\\\/2017\\\/05\\\/DVD-Templiers.jpg\",\"width\":800,\"height\":600},{\"@type\":\"BreadcrumbList\",\"@id\":\"https:\\\/\\\/www.aube-champagne.com\\\/fr\\\/dvd-temps-passes-temps-futurs-templiers\\\/#breadcrumb\",\"itemListElement\":[{\"@type\":\"ListItem\",\"position\":1,\"name\":\"Accueil\",\"item\":\"https:\\\/\\\/www.aube-champagne.com\\\/fr\\\/\"},{\"@type\":\"ListItem\",\"position\":2,\"name\":\"DVD Temps pass\u00e9s, Temps futurs, Templiers\"}]},{\"@type\":\"WebSite\",\"@id\":\"https:\\\/\\\/www.aube-champagne.com\\\/fr\\\/#website\",\"url\":\"https:\\\/\\\/www.aube-champagne.com\\\/fr\\\/\",\"name\":\"Aube Champagne\",\"description\":\"Aube Champagne\",\"potentialAction\":[{\"@type\":\"SearchAction\",\"target\":{\"@type\":\"EntryPoint\",\"urlTemplate\":\"https:\\\/\\\/www.aube-champagne.com\\\/fr\\\/?s={search_term_string}\"},\"query-input\":{\"@type\":\"PropertyValueSpecification\",\"valueRequired\":true,\"valueName\":\"search_term_string\"}}],\"inLanguage\":\"fr-FR\"}]}<\/script>\n<!-- \/ Yoast SEO plugin. -->","yoast_head_json":{"title":"DVD Temps pass\u00e9s, Temps futurs, Templiers - Aube Champagne","description":"Op\u00e9ra Rock sur l'histoire des Templiers Octobre 2017 : L\u00e9na, Alexandra, Almiro et Louk\u00e2s, quatre \u00e9tudiants venus de divers horizons europ\u00e9ens, font la","robots":{"index":"index","follow":"follow","max-snippet":"max-snippet:-1","max-image-preview":"max-image-preview:large","max-video-preview":"max-video-preview:-1"},"canonical":"https:\/\/www.aube-champagne.com\/fr\/dvd-temps-passes-temps-futurs-templiers\/","og_locale":"fr_FR","og_type":"article","og_title":"DVD Temps pass\u00e9s, Temps futurs, Templiers","og_description":"Commandez en ligne le DVD Temps pass\u00e9s, Temps futurs, templiers, de la com\u00e9die musicale auboise et de ses 200 acteurs, danseurs, chanteurs et musiciens !","og_url":"https:\/\/www.aube-champagne.com\/fr\/dvd-temps-passes-temps-futurs-templiers\/","og_site_name":"Aube Champagne","article_publisher":"https:\/\/www.facebook.com\/aube.champagne","article_modified_time":"2021-06-29T09:59:59+00:00","og_image":[{"width":800,"height":600,"url":"https:\/\/www.aube-champagne.com\/assets\/uploads\/2017\/05\/DVD-Templiers.jpg","type":"image\/jpeg"}],"twitter_card":"summary_large_image","twitter_site":"@AubeChampagne","twitter_misc":{"Dur\u00e9e de lecture estim\u00e9e":"1 minute"},"schema":{"@context":"https:\/\/schema.org","@graph":[{"@type":"WebPage","@id":"https:\/\/www.aube-champagne.com\/fr\/dvd-temps-passes-temps-futurs-templiers\/","url":"https:\/\/www.aube-champagne.com\/fr\/dvd-temps-passes-temps-futurs-templiers\/","name":"DVD Temps pass\u00e9s, Temps futurs, Templiers - Aube Champagne","isPartOf":{"@id":"https:\/\/www.aube-champagne.com\/fr\/#website"},"primaryImageOfPage":{"@id":"https:\/\/www.aube-champagne.com\/fr\/dvd-temps-passes-temps-futurs-templiers\/#primaryimage"},"image":{"@id":"https:\/\/www.aube-champagne.com\/fr\/dvd-temps-passes-temps-futurs-templiers\/#primaryimage"},"thumbnailUrl":"https:\/\/www.aube-champagne.com\/assets\/uploads\/2017\/05\/DVD-Templiers.jpg","datePublished":"2017-05-16T10:51:38+00:00","dateModified":"2021-06-29T09:59:59+00:00","description":"Op\u00e9ra Rock sur l'histoire des Templiers Octobre 2017 : L\u00e9na, Alexandra, Almiro et Louk\u00e2s, quatre \u00e9tudiants venus de divers horizons europ\u00e9ens, font la","breadcrumb":{"@id":"https:\/\/www.aube-champagne.com\/fr\/dvd-temps-passes-temps-futurs-templiers\/#breadcrumb"},"inLanguage":"fr-FR","potentialAction":[{"@type":"ReadAction","target":["https:\/\/www.aube-champagne.com\/fr\/dvd-temps-passes-temps-futurs-templiers\/"]}]},{"@type":"ImageObject","inLanguage":"fr-FR","@id":"https:\/\/www.aube-champagne.com\/fr\/dvd-temps-passes-temps-futurs-templiers\/#primaryimage","url":"https:\/\/www.aube-champagne.com\/assets\/uploads\/2017\/05\/DVD-Templiers.jpg","contentUrl":"https:\/\/www.aube-champagne.com\/assets\/uploads\/2017\/05\/DVD-Templiers.jpg","width":800,"height":600},{"@type":"BreadcrumbList","@id":"https:\/\/www.aube-champagne.com\/fr\/dvd-temps-passes-temps-futurs-templiers\/#breadcrumb","itemListElement":[{"@type":"ListItem","position":1,"name":"Accueil","item":"https:\/\/www.aube-champagne.com\/fr\/"},{"@type":"ListItem","position":2,"name":"DVD Temps pass\u00e9s, Temps futurs, Templiers"}]},{"@type":"WebSite","@id":"https:\/\/www.aube-champagne.com\/fr\/#website","url":"https:\/\/www.aube-champagne.com\/fr\/","name":"Aube Champagne","description":"Aube Champagne","potentialAction":[{"@type":"SearchAction","target":{"@type":"EntryPoint","urlTemplate":"https:\/\/www.aube-champagne.com\/fr\/?s={search_term_string}"},"query-input":{"@type":"PropertyValueSpecification","valueRequired":true,"valueName":"search_term_string"}}],"inLanguage":"fr-FR"}]}},"publishpress_future_action":{"enabled":false,"date":"2026-04-22 20:46:52","action":"change-status","newStatus":"draft","terms":[],"taxonomy":"translation_priority","extraData":[]},"publishpress_future_workflow_manual_trigger":{"enabledWorkflows":[]},"_links":{"self":[{"href":"https:\/\/www.aube-champagne.com\/fr\/wp-json\/wp\/v2\/pages\/24934","targetHints":{"allow":["GET"]}}],"collection":[{"href":"https:\/\/www.aube-champagne.com\/fr\/wp-json\/wp\/v2\/pages"}],"about":[{"href":"https:\/\/www.aube-champagne.com\/fr\/wp-json\/wp\/v2\/types\/page"}],"author":[{"embeddable":true,"href":"https:\/\/www.aube-champagne.com\/fr\/wp-json\/wp\/v2\/users\/1"}],"replies":[{"embeddable":true,"href":"https:\/\/www.aube-champagne.com\/fr\/wp-json\/wp\/v2\/comments?post=24934"}],"version-history":[{"count":2,"href":"https:\/\/www.aube-champagne.com\/fr\/wp-json\/wp\/v2\/pages\/24934\/revisions"}],"predecessor-version":[{"id":43846,"href":"https:\/\/www.aube-champagne.com\/fr\/wp-json\/wp\/v2\/pages\/24934\/revisions\/43846"}],"wp:featuredmedia":[{"embeddable":true,"href":"https:\/\/www.aube-champagne.com\/fr\/wp-json\/wp\/v2\/media\/24952"}],"wp:attachment":[{"href":"https:\/\/www.aube-champagne.com\/fr\/wp-json\/wp\/v2\/media?parent=24934"}],"curies":[{"name":"wp","href":"https:\/\/api.w.org\/{rel}","templated":true}]}}