{"id":30780,"date":"2018-06-19T09:43:46","date_gmt":"2018-06-19T08:43:46","guid":{"rendered":"http:\/\/www.aube-champagne.com\/?page_id=30780"},"modified":"2018-06-19T10:49:57","modified_gmt":"2018-06-19T09:49:57","slug":"id-vizit-une-experience-de-visite-interactive-en-champagne","status":"publish","type":"page","link":"https:\/\/www.aube-champagne.com\/fr\/id-vizit-une-experience-de-visite-interactive-en-champagne\/","title":{"rendered":"ID Vizit : Une exp\u00e9rience de visite int\u00e9ractive en Champagne"},"content":{"rendered":"<div class=\"wpb-content-wrapper\">[vc_row][vc_column][vc_column_text]\n<h2>Avec l\u2019application IDVizit, voyagez l\u00e9ger et (re)d\u00e9couvrez les richesses et les attraits de la Champagne autrement&#8230;<\/h2>\n[\/vc_column_text][vc_video link=\u00a0\u00bbhttps:\/\/www.youtube.com\/watch?v=O_8Ksf6ykbc\u00a0\u00bb el_width=\u00a0\u00bb80&Prime; align=\u00a0\u00bbcenter\u00a0\u00bb title=\u00a0\u00bbID vizit une application 100% fut\u00e9e\u00a0\u00bb][vc_column_text]\n<p class=\"p1\">V\u00e9ritable compagnon personnel de voyage,\u00a0<strong>IDVizit\u00a0<\/strong>vous propose des parcours de visites\u00a0<strong>personnalis\u00e9s<\/strong>, ludiques et\u00a0<strong>interactifs<\/strong>\u00a0\u00e0 d\u00e9couvrir selon vos envies et \u00e0 votre rythme !<\/p>\n<p>Depuis votre\u00a0<strong>tablette ou votre smartphone<\/strong>, laissez-vous guider hors des sentiers battus et retrouvez une s\u00e9lection de contenus et bons plans soigneusement s\u00e9lectionn\u00e9s pour vous\u2026<\/p>\n<p class=\"p1\">Localisation, profil, centres d\u2019int\u00e9r\u00eats, moment de la journ\u00e9e et m\u00eame m\u00e9t\u00e9o, rien n\u2019est laiss\u00e9 au hasard !<\/p>\n<p>Que vous soyez en famille ou en amoureux, \u00e0 la recherche de sensations ou pr\u00eat pour un plongeon au coeur de l\u2019histoire, IdVizit vous offrira vos meilleurs souvenirs !<\/p>\n[\/vc_column_text][vc_single_image image=\u00a0\u00bb30781&Prime; img_size=\u00a0\u00bblarge\u00a0\u00bb alignment=\u00a0\u00bbcenter\u00a0\u00bb][\/vc_column][\/vc_row][vc_row][vc_column width=\u00a0\u00bb1\/2&Prime;][vc_column_text]\n<h3><strong><a href=\"http:\/\/www.aube-champagne.com\/assets\/uploads\/2018\/06\/onboarding-3.gif\"><img decoding=\"async\" class=\"size-full wp-image-30784 alignleft\" src=\"http:\/\/www.aube-champagne.com\/assets\/uploads\/2018\/06\/onboarding-3.gif\" alt=\"\" width=\"200\" height=\"395\" \/><\/a>COMMENT \u00c7A MARCHE ?<\/strong><\/h3>\n<p>Partagez votre position, renseignez votre profil et vos envies et d\u00e9couvrez les circuits ou visites propos\u00e9es dans les environs.<\/p>\n<p>IDVizit se chargera de vous guider dans votre d\u00e9couverte et vous proposera des contenus enrichis et illustr\u00e9s avec toutes les informations dont vous avez besoin.<\/p>\n<p>Disponible sous IOS et Android.[\/vc_column_text][\/vc_column][vc_column width=\u00a0\u00bb1\/2&Prime;][vc_column_text]\n<h3><strong>SP\u00c9CIFICIT\u00c9S :<\/strong><\/h3>\n<ul>\n<li>Parcours ludiques et int\u00e9ractifs<\/li>\n<li>Mode carte<\/li>\n<li>Calcul d\u2019itin\u00e9raire<\/li>\n<li>D\u00e9couverte des incontournables du territoire<\/li>\n<li>Favoris : ajoutez vos visites pr\u00e9f\u00e9r\u00e9es pour les retrouver facilement<\/li>\n<li>Partage facile de vos bonnes adresses avec vos amis sur les r\u00e9seaux sociaux<\/li>\n<li>Prochainement disponible en anglais<\/li>\n<\/ul>\n[\/vc_column_text][vc_column_text]<a href=\"https:\/\/play.google.com\/store\/apps\/details?id=fr.xpdigit.apptourism&amp;hl=fr\" target=\"_blank\" rel=\"noopener\"><img decoding=\"async\" class=\"size-medium wp-image-30782 aligncenter\" src=\"http:\/\/www.aube-champagne.com\/assets\/uploads\/2018\/06\/application_google.jpg\" alt=\"\" width=\"200\" height=\"59\" \/><\/a><a href=\"http:\/\/itunes.apple.com\/fr\/app\/idvizit\/id1235093623\" target=\"_blank\" rel=\"noopener\"><img decoding=\"async\" class=\"size-medium wp-image-30783 aligncenter\" src=\"http:\/\/www.aube-champagne.com\/assets\/uploads\/2018\/06\/badesapp.gif\" alt=\"\" width=\"200\" height=\"59\" \/><\/a>[\/vc_column_text][\/vc_column][\/vc_row][vc_row][vc_column][vc_column_text]\n<address><em>Cette application vous est propos\u00e9e par le CDT de l&rsquo;Aube et ses partenaires : L&rsquo;ADT de la Marne \u2013 CRT Champagne Ardenne et l&rsquo;Office de Tourisme de Ch\u00e2lons-en-Champagne<\/em><\/address>\n<address><em>avec le parrainage de la DIRECCTE Grand Est &#8211;\u00a0R\u00e9alisation XPDigit<\/em><\/address>\n[\/vc_column_text][\/vc_column][\/vc_row]\n<\/div>","protected":false},"excerpt":{"rendered":"<p>[vc_row][vc_column][vc_column_text] Avec l\u2019application IDVizit, voyagez l\u00e9ger et (re)d\u00e9couvrez les richesses et les attraits de la Champagne autrement&#8230; [\/vc_column_text][vc_video link=\u00a0\u00bbhttps:\/\/www.youtube.com\/watch?v=O_8Ksf6ykbc\u00a0\u00bb el_width=\u00a0\u00bb80&Prime; align=\u00a0\u00bbcenter\u00a0\u00bb title=\u00a0\u00bbID vizit une application 100% fut\u00e9e\u00a0\u00bb][vc_column_text] V\u00e9ritable compagnon personnel de voyage,\u00a0IDVizit\u00a0vous propose des parcours de visites\u00a0personnalis\u00e9s, ludiques et\u00a0interactifs\u00a0\u00e0 d\u00e9couvrir selon vos envies et \u00e0&hellip;  <a href=\"https:\/\/www.aube-champagne.com\/fr\/id-vizit-une-experience-de-visite-interactive-en-champagne\/\" title=\"Read ID Vizit : Une exp\u00e9rience de visite int\u00e9ractive en Champagne\">En savoir plus&raquo;<\/a><\/p>\n","protected":false},"author":2,"featured_media":30781,"parent":0,"menu_order":0,"comment_status":"closed","ping_status":"closed","template":"","meta":{"footnotes":""},"class_list":["post-30780","page","type-page","status-publish","has-post-thumbnail","hentry"],"yoast_head":"<!-- This site is optimized with the Yoast SEO plugin v27.3 - https:\/\/yoast.com\/product\/yoast-seo-wordpress\/ -->\n<title>ID Vizit : Une exp\u00e9rience de visite int\u00e9ractive en Champagne - Aube Champagne<\/title>\n<meta name=\"description\" content=\"Avec l\u2019application IDVizit, voyagez l\u00e9ger et (re)d\u00e9couvrez les richesses et les attraits de la Champagne autrement... V\u00e9ritable compagnon personnel de\" \/>\n<meta name=\"robots\" content=\"index, follow, max-snippet:-1, max-image-preview:large, max-video-preview:-1\" \/>\n<link rel=\"canonical\" href=\"https:\/\/www.aube-champagne.com\/fr\/id-vizit-une-experience-de-visite-interactive-en-champagne\/\" \/>\n<meta property=\"og:locale\" content=\"fr_FR\" \/>\n<meta property=\"og:type\" content=\"article\" \/>\n<meta property=\"og:title\" content=\"ID Vizit : Une exp\u00e9rience de visite int\u00e9ractive en Champagne - Aube Champagne\" \/>\n<meta property=\"og:description\" content=\"Avec l\u2019application IDVizit, voyagez l\u00e9ger et (re)d\u00e9couvrez les richesses et les attraits de la Champagne autrement... V\u00e9ritable compagnon personnel de\" \/>\n<meta property=\"og:url\" content=\"https:\/\/www.aube-champagne.com\/fr\/id-vizit-une-experience-de-visite-interactive-en-champagne\/\" \/>\n<meta property=\"og:site_name\" content=\"Aube Champagne\" \/>\n<meta property=\"article:publisher\" content=\"https:\/\/www.facebook.com\/aube.champagne\" \/>\n<meta property=\"article:modified_time\" content=\"2018-06-19T09:49:57+00:00\" \/>\n<meta property=\"og:image\" content=\"https:\/\/www.aube-champagne.com\/assets\/uploads\/2018\/06\/ID-vizit.jpg\" \/>\n\t<meta property=\"og:image:width\" content=\"423\" \/>\n\t<meta property=\"og:image:height\" content=\"210\" \/>\n\t<meta property=\"og:image:type\" content=\"image\/jpeg\" \/>\n<meta name=\"twitter:card\" content=\"summary_large_image\" \/>\n<meta name=\"twitter:site\" content=\"@AubeChampagne\" \/>\n<meta name=\"twitter:label1\" content=\"Dur\u00e9e de lecture estim\u00e9e\" \/>\n\t<meta name=\"twitter:data1\" content=\"2 minutes\" \/>\n<script type=\"application\/ld+json\" class=\"yoast-schema-graph\">{\"@context\":\"https:\\\/\\\/schema.org\",\"@graph\":[{\"@type\":\"WebPage\",\"@id\":\"https:\\\/\\\/www.aube-champagne.com\\\/fr\\\/id-vizit-une-experience-de-visite-interactive-en-champagne\\\/\",\"url\":\"https:\\\/\\\/www.aube-champagne.com\\\/fr\\\/id-vizit-une-experience-de-visite-interactive-en-champagne\\\/\",\"name\":\"ID Vizit : Une exp\u00e9rience de visite int\u00e9ractive en Champagne - Aube Champagne\",\"isPartOf\":{\"@id\":\"https:\\\/\\\/www.aube-champagne.com\\\/fr\\\/#website\"},\"primaryImageOfPage\":{\"@id\":\"https:\\\/\\\/www.aube-champagne.com\\\/fr\\\/id-vizit-une-experience-de-visite-interactive-en-champagne\\\/#primaryimage\"},\"image\":{\"@id\":\"https:\\\/\\\/www.aube-champagne.com\\\/fr\\\/id-vizit-une-experience-de-visite-interactive-en-champagne\\\/#primaryimage\"},\"thumbnailUrl\":\"https:\\\/\\\/www.aube-champagne.com\\\/assets\\\/uploads\\\/2018\\\/06\\\/ID-vizit.jpg\",\"datePublished\":\"2018-06-19T08:43:46+00:00\",\"dateModified\":\"2018-06-19T09:49:57+00:00\",\"description\":\"Avec l\u2019application IDVizit, voyagez l\u00e9ger et (re)d\u00e9couvrez les richesses et les attraits de la Champagne autrement... V\u00e9ritable compagnon personnel de\",\"breadcrumb\":{\"@id\":\"https:\\\/\\\/www.aube-champagne.com\\\/fr\\\/id-vizit-une-experience-de-visite-interactive-en-champagne\\\/#breadcrumb\"},\"inLanguage\":\"fr-FR\",\"potentialAction\":[{\"@type\":\"ReadAction\",\"target\":[\"https:\\\/\\\/www.aube-champagne.com\\\/fr\\\/id-vizit-une-experience-de-visite-interactive-en-champagne\\\/\"]}]},{\"@type\":\"ImageObject\",\"inLanguage\":\"fr-FR\",\"@id\":\"https:\\\/\\\/www.aube-champagne.com\\\/fr\\\/id-vizit-une-experience-de-visite-interactive-en-champagne\\\/#primaryimage\",\"url\":\"https:\\\/\\\/www.aube-champagne.com\\\/assets\\\/uploads\\\/2018\\\/06\\\/ID-vizit.jpg\",\"contentUrl\":\"https:\\\/\\\/www.aube-champagne.com\\\/assets\\\/uploads\\\/2018\\\/06\\\/ID-vizit.jpg\",\"width\":423,\"height\":210},{\"@type\":\"BreadcrumbList\",\"@id\":\"https:\\\/\\\/www.aube-champagne.com\\\/fr\\\/id-vizit-une-experience-de-visite-interactive-en-champagne\\\/#breadcrumb\",\"itemListElement\":[{\"@type\":\"ListItem\",\"position\":1,\"name\":\"Accueil\",\"item\":\"https:\\\/\\\/www.aube-champagne.com\\\/fr\\\/\"},{\"@type\":\"ListItem\",\"position\":2,\"name\":\"ID Vizit : Une exp\u00e9rience de visite int\u00e9ractive en Champagne\"}]},{\"@type\":\"WebSite\",\"@id\":\"https:\\\/\\\/www.aube-champagne.com\\\/fr\\\/#website\",\"url\":\"https:\\\/\\\/www.aube-champagne.com\\\/fr\\\/\",\"name\":\"Aube Champagne\",\"description\":\"Aube Champagne\",\"potentialAction\":[{\"@type\":\"SearchAction\",\"target\":{\"@type\":\"EntryPoint\",\"urlTemplate\":\"https:\\\/\\\/www.aube-champagne.com\\\/fr\\\/?s={search_term_string}\"},\"query-input\":{\"@type\":\"PropertyValueSpecification\",\"valueRequired\":true,\"valueName\":\"search_term_string\"}}],\"inLanguage\":\"fr-FR\"}]}<\/script>\n<!-- \/ Yoast SEO plugin. -->","yoast_head_json":{"title":"ID Vizit : Une exp\u00e9rience de visite int\u00e9ractive en Champagne - Aube Champagne","description":"Avec l\u2019application IDVizit, voyagez l\u00e9ger et (re)d\u00e9couvrez les richesses et les attraits de la Champagne autrement... V\u00e9ritable compagnon personnel de","robots":{"index":"index","follow":"follow","max-snippet":"max-snippet:-1","max-image-preview":"max-image-preview:large","max-video-preview":"max-video-preview:-1"},"canonical":"https:\/\/www.aube-champagne.com\/fr\/id-vizit-une-experience-de-visite-interactive-en-champagne\/","og_locale":"fr_FR","og_type":"article","og_title":"ID Vizit : Une exp\u00e9rience de visite int\u00e9ractive en Champagne - Aube Champagne","og_description":"Avec l\u2019application IDVizit, voyagez l\u00e9ger et (re)d\u00e9couvrez les richesses et les attraits de la Champagne autrement... V\u00e9ritable compagnon personnel de","og_url":"https:\/\/www.aube-champagne.com\/fr\/id-vizit-une-experience-de-visite-interactive-en-champagne\/","og_site_name":"Aube Champagne","article_publisher":"https:\/\/www.facebook.com\/aube.champagne","article_modified_time":"2018-06-19T09:49:57+00:00","og_image":[{"width":423,"height":210,"url":"https:\/\/www.aube-champagne.com\/assets\/uploads\/2018\/06\/ID-vizit.jpg","type":"image\/jpeg"}],"twitter_card":"summary_large_image","twitter_site":"@AubeChampagne","twitter_misc":{"Dur\u00e9e de lecture estim\u00e9e":"2 minutes"},"schema":{"@context":"https:\/\/schema.org","@graph":[{"@type":"WebPage","@id":"https:\/\/www.aube-champagne.com\/fr\/id-vizit-une-experience-de-visite-interactive-en-champagne\/","url":"https:\/\/www.aube-champagne.com\/fr\/id-vizit-une-experience-de-visite-interactive-en-champagne\/","name":"ID Vizit : Une exp\u00e9rience de visite int\u00e9ractive en Champagne - Aube Champagne","isPartOf":{"@id":"https:\/\/www.aube-champagne.com\/fr\/#website"},"primaryImageOfPage":{"@id":"https:\/\/www.aube-champagne.com\/fr\/id-vizit-une-experience-de-visite-interactive-en-champagne\/#primaryimage"},"image":{"@id":"https:\/\/www.aube-champagne.com\/fr\/id-vizit-une-experience-de-visite-interactive-en-champagne\/#primaryimage"},"thumbnailUrl":"https:\/\/www.aube-champagne.com\/assets\/uploads\/2018\/06\/ID-vizit.jpg","datePublished":"2018-06-19T08:43:46+00:00","dateModified":"2018-06-19T09:49:57+00:00","description":"Avec l\u2019application IDVizit, voyagez l\u00e9ger et (re)d\u00e9couvrez les richesses et les attraits de la Champagne autrement... V\u00e9ritable compagnon personnel de","breadcrumb":{"@id":"https:\/\/www.aube-champagne.com\/fr\/id-vizit-une-experience-de-visite-interactive-en-champagne\/#breadcrumb"},"inLanguage":"fr-FR","potentialAction":[{"@type":"ReadAction","target":["https:\/\/www.aube-champagne.com\/fr\/id-vizit-une-experience-de-visite-interactive-en-champagne\/"]}]},{"@type":"ImageObject","inLanguage":"fr-FR","@id":"https:\/\/www.aube-champagne.com\/fr\/id-vizit-une-experience-de-visite-interactive-en-champagne\/#primaryimage","url":"https:\/\/www.aube-champagne.com\/assets\/uploads\/2018\/06\/ID-vizit.jpg","contentUrl":"https:\/\/www.aube-champagne.com\/assets\/uploads\/2018\/06\/ID-vizit.jpg","width":423,"height":210},{"@type":"BreadcrumbList","@id":"https:\/\/www.aube-champagne.com\/fr\/id-vizit-une-experience-de-visite-interactive-en-champagne\/#breadcrumb","itemListElement":[{"@type":"ListItem","position":1,"name":"Accueil","item":"https:\/\/www.aube-champagne.com\/fr\/"},{"@type":"ListItem","position":2,"name":"ID Vizit : Une exp\u00e9rience de visite int\u00e9ractive en Champagne"}]},{"@type":"WebSite","@id":"https:\/\/www.aube-champagne.com\/fr\/#website","url":"https:\/\/www.aube-champagne.com\/fr\/","name":"Aube Champagne","description":"Aube Champagne","potentialAction":[{"@type":"SearchAction","target":{"@type":"EntryPoint","urlTemplate":"https:\/\/www.aube-champagne.com\/fr\/?s={search_term_string}"},"query-input":{"@type":"PropertyValueSpecification","valueRequired":true,"valueName":"search_term_string"}}],"inLanguage":"fr-FR"}]}},"publishpress_future_action":{"enabled":false,"date":"2026-04-15 18:18:35","action":"change-status","newStatus":"draft","terms":[],"taxonomy":"translation_priority","extraData":[]},"publishpress_future_workflow_manual_trigger":{"enabledWorkflows":[]},"_links":{"self":[{"href":"https:\/\/www.aube-champagne.com\/fr\/wp-json\/wp\/v2\/pages\/30780","targetHints":{"allow":["GET"]}}],"collection":[{"href":"https:\/\/www.aube-champagne.com\/fr\/wp-json\/wp\/v2\/pages"}],"about":[{"href":"https:\/\/www.aube-champagne.com\/fr\/wp-json\/wp\/v2\/types\/page"}],"author":[{"embeddable":true,"href":"https:\/\/www.aube-champagne.com\/fr\/wp-json\/wp\/v2\/users\/2"}],"replies":[{"embeddable":true,"href":"https:\/\/www.aube-champagne.com\/fr\/wp-json\/wp\/v2\/comments?post=30780"}],"version-history":[{"count":4,"href":"https:\/\/www.aube-champagne.com\/fr\/wp-json\/wp\/v2\/pages\/30780\/revisions"}],"predecessor-version":[{"id":30786,"href":"https:\/\/www.aube-champagne.com\/fr\/wp-json\/wp\/v2\/pages\/30780\/revisions\/30786"}],"wp:featuredmedia":[{"embeddable":true,"href":"https:\/\/www.aube-champagne.com\/fr\/wp-json\/wp\/v2\/media\/30781"}],"wp:attachment":[{"href":"https:\/\/www.aube-champagne.com\/fr\/wp-json\/wp\/v2\/media?parent=30780"}],"curies":[{"name":"wp","href":"https:\/\/api.w.org\/{rel}","templated":true}]}}