{"id":32574,"date":"2018-10-11T12:33:47","date_gmt":"2018-10-11T11:33:47","guid":{"rendered":"https:\/\/www.aube-champagne.com\/?page_id=32574"},"modified":"2018-10-11T12:33:47","modified_gmt":"2018-10-11T11:33:47","slug":"soiree-du-tourisme-aubois-afterwork-2018","status":"publish","type":"page","link":"https:\/\/www.aube-champagne.com\/fr\/soiree-du-tourisme-aubois-afterwork-2018\/","title":{"rendered":"Soir\u00e9e du tourisme aubois &#8211; Afterwork 2018"},"content":{"rendered":"<div class=\"wpb-content-wrapper\">[vc_row][vc_column][vc_column_text]Le jeudi 6 d\u00e9cembre se tiendra la 3e \u00e9dition de la soir\u00e9e du tourisme aubois ! A cette occasion, l&rsquo;\u00e9quipe du Comit\u00e9 D\u00e9partemental du Tourisme vous convie \u00e0 un Afterwork au Western City \u00e0 Barberey-Saint-Sulpice !<\/p>\n[\/vc_column_text][\/vc_column][\/vc_row][vc_row][vc_column][\/vc_column][\/vc_row]\n<\/div>","protected":false},"excerpt":{"rendered":"<p>[vc_row][vc_column][vc_column_text]Le jeudi 6 d\u00e9cembre se tiendra la 3e \u00e9dition de la soir\u00e9e du tourisme aubois ! A cette occasion, l&rsquo;\u00e9quipe du Comit\u00e9 D\u00e9partemental du Tourisme vous convie \u00e0 un Afterwork au Western City \u00e0 Barberey-Saint-Sulpice ! [\/vc_column_text][\/vc_column][\/vc_row][vc_row][vc_column][\/vc_column][\/vc_row]<\/p>\n","protected":false},"author":9192193,"featured_media":0,"parent":0,"menu_order":0,"comment_status":"closed","ping_status":"closed","template":"","meta":{"footnotes":""},"class_list":["post-32574","page","type-page","status-publish","hentry"],"yoast_head":"<!-- This site is optimized with the Yoast SEO plugin v27.4 - https:\/\/yoast.com\/product\/yoast-seo-wordpress\/ -->\n<title>Soir\u00e9e du tourisme aubois - Afterwork 2018 - Aube Champagne<\/title>\n<meta name=\"description\" content=\"Le jeudi 6 d\u00e9cembre se tiendra la 3e \u00e9dition de la soir\u00e9e du tourisme aubois ! A cette occasion, l&#039;\u00e9quipe du Comit\u00e9 D\u00e9partemental du Tourisme vous convie\" \/>\n<meta name=\"robots\" content=\"index, follow, max-snippet:-1, max-image-preview:large, max-video-preview:-1\" \/>\n<link rel=\"canonical\" href=\"https:\/\/www.aube-champagne.com\/fr\/soiree-du-tourisme-aubois-afterwork-2018\/\" \/>\n<meta property=\"og:locale\" content=\"fr_FR\" \/>\n<meta property=\"og:type\" content=\"article\" \/>\n<meta property=\"og:title\" content=\"Soir\u00e9e du tourisme aubois - Afterwork 2018 - Aube Champagne\" \/>\n<meta property=\"og:description\" content=\"Le jeudi 6 d\u00e9cembre se tiendra la 3e \u00e9dition de la soir\u00e9e du tourisme aubois ! A cette occasion, l&#039;\u00e9quipe du Comit\u00e9 D\u00e9partemental du Tourisme vous convie\" \/>\n<meta property=\"og:url\" content=\"https:\/\/www.aube-champagne.com\/fr\/soiree-du-tourisme-aubois-afterwork-2018\/\" \/>\n<meta property=\"og:site_name\" content=\"Aube Champagne\" \/>\n<meta property=\"article:publisher\" content=\"https:\/\/www.facebook.com\/aube.champagne\" \/>\n<meta property=\"og:image\" content=\"https:\/\/www.aube-champagne.com\/assets\/uploads\/2015\/03\/Aube-Champagne-Logo.jpg\" \/>\n\t<meta property=\"og:image:width\" content=\"440\" \/>\n\t<meta property=\"og:image:height\" content=\"155\" \/>\n\t<meta property=\"og:image:type\" content=\"image\/jpeg\" \/>\n<meta name=\"twitter:card\" content=\"summary_large_image\" \/>\n<meta name=\"twitter:site\" content=\"@AubeChampagne\" \/>\n<script type=\"application\/ld+json\" class=\"yoast-schema-graph\">{\"@context\":\"https:\\\/\\\/schema.org\",\"@graph\":[{\"@type\":\"WebPage\",\"@id\":\"https:\\\/\\\/www.aube-champagne.com\\\/fr\\\/soiree-du-tourisme-aubois-afterwork-2018\\\/\",\"url\":\"https:\\\/\\\/www.aube-champagne.com\\\/fr\\\/soiree-du-tourisme-aubois-afterwork-2018\\\/\",\"name\":\"Soir\u00e9e du tourisme aubois - Afterwork 2018 - Aube Champagne\",\"isPartOf\":{\"@id\":\"https:\\\/\\\/www.aube-champagne.com\\\/fr\\\/#website\"},\"datePublished\":\"2018-10-11T11:33:47+00:00\",\"description\":\"Le jeudi 6 d\u00e9cembre se tiendra la 3e \u00e9dition de la soir\u00e9e du tourisme aubois ! A cette occasion, l'\u00e9quipe du Comit\u00e9 D\u00e9partemental du Tourisme vous convie\",\"breadcrumb\":{\"@id\":\"https:\\\/\\\/www.aube-champagne.com\\\/fr\\\/soiree-du-tourisme-aubois-afterwork-2018\\\/#breadcrumb\"},\"inLanguage\":\"fr-FR\",\"potentialAction\":[{\"@type\":\"ReadAction\",\"target\":[\"https:\\\/\\\/www.aube-champagne.com\\\/fr\\\/soiree-du-tourisme-aubois-afterwork-2018\\\/\"]}]},{\"@type\":\"BreadcrumbList\",\"@id\":\"https:\\\/\\\/www.aube-champagne.com\\\/fr\\\/soiree-du-tourisme-aubois-afterwork-2018\\\/#breadcrumb\",\"itemListElement\":[{\"@type\":\"ListItem\",\"position\":1,\"name\":\"Accueil\",\"item\":\"https:\\\/\\\/www.aube-champagne.com\\\/fr\\\/\"},{\"@type\":\"ListItem\",\"position\":2,\"name\":\"Soir\u00e9e du tourisme aubois &#8211; Afterwork 2018\"}]},{\"@type\":\"WebSite\",\"@id\":\"https:\\\/\\\/www.aube-champagne.com\\\/fr\\\/#website\",\"url\":\"https:\\\/\\\/www.aube-champagne.com\\\/fr\\\/\",\"name\":\"Aube Champagne\",\"description\":\"Aube Champagne\",\"potentialAction\":[{\"@type\":\"SearchAction\",\"target\":{\"@type\":\"EntryPoint\",\"urlTemplate\":\"https:\\\/\\\/www.aube-champagne.com\\\/fr\\\/?s={search_term_string}\"},\"query-input\":{\"@type\":\"PropertyValueSpecification\",\"valueRequired\":true,\"valueName\":\"search_term_string\"}}],\"inLanguage\":\"fr-FR\"}]}<\/script>\n<!-- \/ Yoast SEO plugin. -->","yoast_head_json":{"title":"Soir\u00e9e du tourisme aubois - Afterwork 2018 - Aube Champagne","description":"Le jeudi 6 d\u00e9cembre se tiendra la 3e \u00e9dition de la soir\u00e9e du tourisme aubois ! A cette occasion, l'\u00e9quipe du Comit\u00e9 D\u00e9partemental du Tourisme vous convie","robots":{"index":"index","follow":"follow","max-snippet":"max-snippet:-1","max-image-preview":"max-image-preview:large","max-video-preview":"max-video-preview:-1"},"canonical":"https:\/\/www.aube-champagne.com\/fr\/soiree-du-tourisme-aubois-afterwork-2018\/","og_locale":"fr_FR","og_type":"article","og_title":"Soir\u00e9e du tourisme aubois - Afterwork 2018 - Aube Champagne","og_description":"Le jeudi 6 d\u00e9cembre se tiendra la 3e \u00e9dition de la soir\u00e9e du tourisme aubois ! A cette occasion, l'\u00e9quipe du Comit\u00e9 D\u00e9partemental du Tourisme vous convie","og_url":"https:\/\/www.aube-champagne.com\/fr\/soiree-du-tourisme-aubois-afterwork-2018\/","og_site_name":"Aube Champagne","article_publisher":"https:\/\/www.facebook.com\/aube.champagne","og_image":[{"width":440,"height":155,"url":"https:\/\/www.aube-champagne.com\/assets\/uploads\/2015\/03\/Aube-Champagne-Logo.jpg","type":"image\/jpeg"}],"twitter_card":"summary_large_image","twitter_site":"@AubeChampagne","schema":{"@context":"https:\/\/schema.org","@graph":[{"@type":"WebPage","@id":"https:\/\/www.aube-champagne.com\/fr\/soiree-du-tourisme-aubois-afterwork-2018\/","url":"https:\/\/www.aube-champagne.com\/fr\/soiree-du-tourisme-aubois-afterwork-2018\/","name":"Soir\u00e9e du tourisme aubois - Afterwork 2018 - Aube Champagne","isPartOf":{"@id":"https:\/\/www.aube-champagne.com\/fr\/#website"},"datePublished":"2018-10-11T11:33:47+00:00","description":"Le jeudi 6 d\u00e9cembre se tiendra la 3e \u00e9dition de la soir\u00e9e du tourisme aubois ! A cette occasion, l'\u00e9quipe du Comit\u00e9 D\u00e9partemental du Tourisme vous convie","breadcrumb":{"@id":"https:\/\/www.aube-champagne.com\/fr\/soiree-du-tourisme-aubois-afterwork-2018\/#breadcrumb"},"inLanguage":"fr-FR","potentialAction":[{"@type":"ReadAction","target":["https:\/\/www.aube-champagne.com\/fr\/soiree-du-tourisme-aubois-afterwork-2018\/"]}]},{"@type":"BreadcrumbList","@id":"https:\/\/www.aube-champagne.com\/fr\/soiree-du-tourisme-aubois-afterwork-2018\/#breadcrumb","itemListElement":[{"@type":"ListItem","position":1,"name":"Accueil","item":"https:\/\/www.aube-champagne.com\/fr\/"},{"@type":"ListItem","position":2,"name":"Soir\u00e9e du tourisme aubois &#8211; Afterwork 2018"}]},{"@type":"WebSite","@id":"https:\/\/www.aube-champagne.com\/fr\/#website","url":"https:\/\/www.aube-champagne.com\/fr\/","name":"Aube Champagne","description":"Aube Champagne","potentialAction":[{"@type":"SearchAction","target":{"@type":"EntryPoint","urlTemplate":"https:\/\/www.aube-champagne.com\/fr\/?s={search_term_string}"},"query-input":{"@type":"PropertyValueSpecification","valueRequired":true,"valueName":"search_term_string"}}],"inLanguage":"fr-FR"}]}},"publishpress_future_action":{"enabled":false,"date":"2026-05-06 01:54:26","action":"change-status","newStatus":"draft","terms":[],"taxonomy":"translation_priority","extraData":[]},"publishpress_future_workflow_manual_trigger":{"enabledWorkflows":[]},"_links":{"self":[{"href":"https:\/\/www.aube-champagne.com\/fr\/wp-json\/wp\/v2\/pages\/32574","targetHints":{"allow":["GET"]}}],"collection":[{"href":"https:\/\/www.aube-champagne.com\/fr\/wp-json\/wp\/v2\/pages"}],"about":[{"href":"https:\/\/www.aube-champagne.com\/fr\/wp-json\/wp\/v2\/types\/page"}],"author":[{"embeddable":true,"href":"https:\/\/www.aube-champagne.com\/fr\/wp-json\/wp\/v2\/users\/9192193"}],"replies":[{"embeddable":true,"href":"https:\/\/www.aube-champagne.com\/fr\/wp-json\/wp\/v2\/comments?post=32574"}],"version-history":[{"count":2,"href":"https:\/\/www.aube-champagne.com\/fr\/wp-json\/wp\/v2\/pages\/32574\/revisions"}],"predecessor-version":[{"id":32576,"href":"https:\/\/www.aube-champagne.com\/fr\/wp-json\/wp\/v2\/pages\/32574\/revisions\/32576"}],"wp:attachment":[{"href":"https:\/\/www.aube-champagne.com\/fr\/wp-json\/wp\/v2\/media?parent=32574"}],"curies":[{"name":"wp","href":"https:\/\/api.w.org\/{rel}","templated":true}]}}