{"id":33129,"date":"2018-12-12T16:39:47","date_gmt":"2018-12-12T15:39:47","guid":{"rendered":"https:\/\/www.aube-champagne.com\/?page_id=33129"},"modified":"2018-12-12T16:40:26","modified_gmt":"2018-12-12T15:40:26","slug":"lire-la-brochure-route-touristique-du-champagne","status":"publish","type":"page","link":"https:\/\/www.aube-champagne.com\/fr\/lire-la-brochure-route-touristique-du-champagne\/","title":{"rendered":"Lire la Brochure &#8211; Route Touristique du Champagne"},"content":{"rendered":"<div class=\"wpb-content-wrapper\">[vc_row][vc_column][vc_column_text]D\u00e9couvrez les caves de Champagne de la Route touristique du Champagne. Entre Villenauxe-la Grande et la r\u00e9gion de la C\u00f4te des Bar, profitez de l&rsquo;accueil des vignerons et venez d\u00e9guster le Roi des vins.[\/vc_column_text][vc_raw_html]JTNDZGl2JTIwZGF0YS1jb25maWdpZCUzRCUyMjM1NTU3ODIwJTJGNjYzNTcwMTAlMjIlMjBzdHlsZSUzRCUyMndpZHRoJTNBMTAwJTI1JTNCJTIwaGVpZ2h0JTNBNTAwcHglM0IlMjIlMjBjbGFzcyUzRCUyMmlzc3V1ZW1iZWQlMjIlM0UlM0MlMkZkaXYlM0UlMEElM0NzY3JpcHQlMjB0eXBlJTNEJTIydGV4dCUyRmphdmFzY3JpcHQlMjIlMjBzcmMlM0QlMjIlMkYlMkZlLmlzc3V1LmNvbSUyRmVtYmVkLmpzJTIyJTIwYXN5bmMlM0QlMjJ0cnVlJTIyJTNFJTNDJTJGc2NyaXB0JTNF[\/vc_raw_html][\/vc_column][\/vc_row]\n<\/div>","protected":false},"excerpt":{"rendered":"<p>[vc_row][vc_column][vc_column_text]D\u00e9couvrez les caves de Champagne de la Route touristique du Champagne. Entre Villenauxe-la Grande et la r\u00e9gion de la C\u00f4te des Bar, profitez de l&rsquo;accueil des vignerons et venez d\u00e9guster le Roi des vins.[\/vc_column_text][vc_raw_html]JTNDZGl2JTIwZGF0YS1jb25maWdpZCUzRCUyMjM1NTU3ODIwJTJGNjYzNTcwMTAlMjIlMjBzdHlsZSUzRCUyMndpZHRoJTNBMTAwJTI1JTNCJTIwaGVpZ2h0JTNBNTAwcHglM0IlMjIlMjBjbGFzcyUzRCUyMmlzc3V1ZW1iZWQlMjIlM0UlM0MlMkZkaXYlM0UlMEElM0NzY3JpcHQlMjB0eXBlJTNEJTIydGV4dCUyRmphdmFzY3JpcHQlMjIlMjBzcmMlM0QlMjIlMkYlMkZlLmlzc3V1LmNvbSUyRmVtYmVkLmpzJTIyJTIwYXN5bmMlM0QlMjJ0cnVlJTIyJTNFJTNDJTJGc2NyaXB0JTNF[\/vc_raw_html][\/vc_column][\/vc_row]<\/p>\n","protected":false},"author":9192193,"featured_media":0,"parent":0,"menu_order":0,"comment_status":"closed","ping_status":"closed","template":"","meta":{"footnotes":""},"class_list":["post-33129","page","type-page","status-publish","hentry"],"yoast_head":"<!-- This site is optimized with the Yoast SEO plugin v27.3 - https:\/\/yoast.com\/product\/yoast-seo-wordpress\/ -->\n<title>Lire la Brochure - Route Touristique du Champagne - Aube Champagne<\/title>\n<meta name=\"description\" content=\"D\u00e9couvrez les caves de Champagne de la Route touristique du Champagne. Entre Villenauxe-la Grande et la r\u00e9gion de la C\u00f4te des Bar, profitez de l&#039;accueil\" \/>\n<meta name=\"robots\" content=\"index, follow, max-snippet:-1, max-image-preview:large, max-video-preview:-1\" \/>\n<link rel=\"canonical\" href=\"https:\/\/www.aube-champagne.com\/fr\/lire-la-brochure-route-touristique-du-champagne\/\" \/>\n<meta property=\"og:locale\" content=\"fr_FR\" \/>\n<meta property=\"og:type\" content=\"article\" \/>\n<meta property=\"og:title\" content=\"Lire la Brochure - Route Touristique du Champagne - Aube Champagne\" \/>\n<meta property=\"og:description\" content=\"D\u00e9couvrez les caves de Champagne de la Route touristique du Champagne. Entre Villenauxe-la Grande et la r\u00e9gion de la C\u00f4te des Bar, profitez de l&#039;accueil\" \/>\n<meta property=\"og:url\" content=\"https:\/\/www.aube-champagne.com\/fr\/lire-la-brochure-route-touristique-du-champagne\/\" \/>\n<meta property=\"og:site_name\" content=\"Aube Champagne\" \/>\n<meta property=\"article:publisher\" content=\"https:\/\/www.facebook.com\/aube.champagne\" \/>\n<meta property=\"article:modified_time\" content=\"2018-12-12T15:40:26+00:00\" \/>\n<meta property=\"og:image\" content=\"https:\/\/www.aube-champagne.com\/assets\/uploads\/2015\/03\/Aube-Champagne-Logo.jpg\" \/>\n\t<meta property=\"og:image:width\" content=\"440\" \/>\n\t<meta property=\"og:image:height\" content=\"155\" \/>\n\t<meta property=\"og:image:type\" content=\"image\/jpeg\" \/>\n<meta name=\"twitter:card\" content=\"summary_large_image\" \/>\n<meta name=\"twitter:site\" content=\"@AubeChampagne\" \/>\n<script type=\"application\/ld+json\" class=\"yoast-schema-graph\">{\"@context\":\"https:\\\/\\\/schema.org\",\"@graph\":[{\"@type\":\"WebPage\",\"@id\":\"https:\\\/\\\/www.aube-champagne.com\\\/fr\\\/lire-la-brochure-route-touristique-du-champagne\\\/\",\"url\":\"https:\\\/\\\/www.aube-champagne.com\\\/fr\\\/lire-la-brochure-route-touristique-du-champagne\\\/\",\"name\":\"Lire la Brochure - Route Touristique du Champagne - Aube Champagne\",\"isPartOf\":{\"@id\":\"https:\\\/\\\/www.aube-champagne.com\\\/fr\\\/#website\"},\"datePublished\":\"2018-12-12T15:39:47+00:00\",\"dateModified\":\"2018-12-12T15:40:26+00:00\",\"description\":\"D\u00e9couvrez les caves de Champagne de la Route touristique du Champagne. Entre Villenauxe-la Grande et la r\u00e9gion de la C\u00f4te des Bar, profitez de l'accueil\",\"breadcrumb\":{\"@id\":\"https:\\\/\\\/www.aube-champagne.com\\\/fr\\\/lire-la-brochure-route-touristique-du-champagne\\\/#breadcrumb\"},\"inLanguage\":\"fr-FR\",\"potentialAction\":[{\"@type\":\"ReadAction\",\"target\":[\"https:\\\/\\\/www.aube-champagne.com\\\/fr\\\/lire-la-brochure-route-touristique-du-champagne\\\/\"]}]},{\"@type\":\"BreadcrumbList\",\"@id\":\"https:\\\/\\\/www.aube-champagne.com\\\/fr\\\/lire-la-brochure-route-touristique-du-champagne\\\/#breadcrumb\",\"itemListElement\":[{\"@type\":\"ListItem\",\"position\":1,\"name\":\"Accueil\",\"item\":\"https:\\\/\\\/www.aube-champagne.com\\\/fr\\\/\"},{\"@type\":\"ListItem\",\"position\":2,\"name\":\"Lire la Brochure &#8211; Route Touristique du Champagne\"}]},{\"@type\":\"WebSite\",\"@id\":\"https:\\\/\\\/www.aube-champagne.com\\\/fr\\\/#website\",\"url\":\"https:\\\/\\\/www.aube-champagne.com\\\/fr\\\/\",\"name\":\"Aube Champagne\",\"description\":\"Aube Champagne\",\"potentialAction\":[{\"@type\":\"SearchAction\",\"target\":{\"@type\":\"EntryPoint\",\"urlTemplate\":\"https:\\\/\\\/www.aube-champagne.com\\\/fr\\\/?s={search_term_string}\"},\"query-input\":{\"@type\":\"PropertyValueSpecification\",\"valueRequired\":true,\"valueName\":\"search_term_string\"}}],\"inLanguage\":\"fr-FR\"}]}<\/script>\n<!-- \/ Yoast SEO plugin. -->","yoast_head_json":{"title":"Lire la Brochure - Route Touristique du Champagne - Aube Champagne","description":"D\u00e9couvrez les caves de Champagne de la Route touristique du Champagne. Entre Villenauxe-la Grande et la r\u00e9gion de la C\u00f4te des Bar, profitez de l'accueil","robots":{"index":"index","follow":"follow","max-snippet":"max-snippet:-1","max-image-preview":"max-image-preview:large","max-video-preview":"max-video-preview:-1"},"canonical":"https:\/\/www.aube-champagne.com\/fr\/lire-la-brochure-route-touristique-du-champagne\/","og_locale":"fr_FR","og_type":"article","og_title":"Lire la Brochure - Route Touristique du Champagne - Aube Champagne","og_description":"D\u00e9couvrez les caves de Champagne de la Route touristique du Champagne. Entre Villenauxe-la Grande et la r\u00e9gion de la C\u00f4te des Bar, profitez de l'accueil","og_url":"https:\/\/www.aube-champagne.com\/fr\/lire-la-brochure-route-touristique-du-champagne\/","og_site_name":"Aube Champagne","article_publisher":"https:\/\/www.facebook.com\/aube.champagne","article_modified_time":"2018-12-12T15:40:26+00:00","og_image":[{"width":440,"height":155,"url":"https:\/\/www.aube-champagne.com\/assets\/uploads\/2015\/03\/Aube-Champagne-Logo.jpg","type":"image\/jpeg"}],"twitter_card":"summary_large_image","twitter_site":"@AubeChampagne","schema":{"@context":"https:\/\/schema.org","@graph":[{"@type":"WebPage","@id":"https:\/\/www.aube-champagne.com\/fr\/lire-la-brochure-route-touristique-du-champagne\/","url":"https:\/\/www.aube-champagne.com\/fr\/lire-la-brochure-route-touristique-du-champagne\/","name":"Lire la Brochure - Route Touristique du Champagne - Aube Champagne","isPartOf":{"@id":"https:\/\/www.aube-champagne.com\/fr\/#website"},"datePublished":"2018-12-12T15:39:47+00:00","dateModified":"2018-12-12T15:40:26+00:00","description":"D\u00e9couvrez les caves de Champagne de la Route touristique du Champagne. Entre Villenauxe-la Grande et la r\u00e9gion de la C\u00f4te des Bar, profitez de l'accueil","breadcrumb":{"@id":"https:\/\/www.aube-champagne.com\/fr\/lire-la-brochure-route-touristique-du-champagne\/#breadcrumb"},"inLanguage":"fr-FR","potentialAction":[{"@type":"ReadAction","target":["https:\/\/www.aube-champagne.com\/fr\/lire-la-brochure-route-touristique-du-champagne\/"]}]},{"@type":"BreadcrumbList","@id":"https:\/\/www.aube-champagne.com\/fr\/lire-la-brochure-route-touristique-du-champagne\/#breadcrumb","itemListElement":[{"@type":"ListItem","position":1,"name":"Accueil","item":"https:\/\/www.aube-champagne.com\/fr\/"},{"@type":"ListItem","position":2,"name":"Lire la Brochure &#8211; Route Touristique du Champagne"}]},{"@type":"WebSite","@id":"https:\/\/www.aube-champagne.com\/fr\/#website","url":"https:\/\/www.aube-champagne.com\/fr\/","name":"Aube Champagne","description":"Aube Champagne","potentialAction":[{"@type":"SearchAction","target":{"@type":"EntryPoint","urlTemplate":"https:\/\/www.aube-champagne.com\/fr\/?s={search_term_string}"},"query-input":{"@type":"PropertyValueSpecification","valueRequired":true,"valueName":"search_term_string"}}],"inLanguage":"fr-FR"}]}},"publishpress_future_action":{"enabled":false,"date":"2026-04-10 20:21:06","action":"change-status","newStatus":"draft","terms":[],"taxonomy":"translation_priority","extraData":[]},"publishpress_future_workflow_manual_trigger":{"enabledWorkflows":[]},"_links":{"self":[{"href":"https:\/\/www.aube-champagne.com\/fr\/wp-json\/wp\/v2\/pages\/33129","targetHints":{"allow":["GET"]}}],"collection":[{"href":"https:\/\/www.aube-champagne.com\/fr\/wp-json\/wp\/v2\/pages"}],"about":[{"href":"https:\/\/www.aube-champagne.com\/fr\/wp-json\/wp\/v2\/types\/page"}],"author":[{"embeddable":true,"href":"https:\/\/www.aube-champagne.com\/fr\/wp-json\/wp\/v2\/users\/9192193"}],"replies":[{"embeddable":true,"href":"https:\/\/www.aube-champagne.com\/fr\/wp-json\/wp\/v2\/comments?post=33129"}],"version-history":[{"count":3,"href":"https:\/\/www.aube-champagne.com\/fr\/wp-json\/wp\/v2\/pages\/33129\/revisions"}],"predecessor-version":[{"id":33132,"href":"https:\/\/www.aube-champagne.com\/fr\/wp-json\/wp\/v2\/pages\/33129\/revisions\/33132"}],"wp:attachment":[{"href":"https:\/\/www.aube-champagne.com\/fr\/wp-json\/wp\/v2\/media?parent=33129"}],"curies":[{"name":"wp","href":"https:\/\/api.w.org\/{rel}","templated":true}]}}