{"id":34009,"date":"2019-03-20T16:15:58","date_gmt":"2019-03-20T15:15:58","guid":{"rendered":"https:\/\/www.aube-champagne.com\/?page_id=34009"},"modified":"2022-04-19T09:39:24","modified_gmt":"2022-04-19T08:39:24","slug":"slow-tourisme-redecouvrez-le-tourisme","status":"publish","type":"page","link":"https:\/\/www.aube-champagne.com\/fr\/slow-tourisme-redecouvrez-le-tourisme\/","title":{"rendered":"Slow Tourisme : red\u00e9couvrez le tourisme"},"content":{"rendered":"<div class=\"wpb-content-wrapper\">[vc_row][vc_column][vc_single_image image=\u00a0\u00bb48344&Prime; img_size=\u00a0\u00bb2048&#215;874&Prime; alignment=\u00a0\u00bbcenter\u00a0\u00bb][vc_column_text]\n<p style=\"text-align: center;\">Dans un monde toujours plus press\u00e9, le Slow Tourisme se pose comme l&rsquo;art de prendre son temps. Pratiquer le Slow Tourisme, c&rsquo;est privil\u00e9gier la d\u00e9connexion, c&rsquo;est savourer la gastronomie locale, c&rsquo;est d\u00e9couvrir des paysages, des cultures, des histoires&#8230; Il ne faut pas avoir peur de se laisser surprendre.<\/p>\n[\/vc_column_text][vc_column_text]\n<h4 style=\"text-align: center;\"><strong>Le Slow tourisme, c\u2019est quoi ?\u00a0<\/strong><\/h4>\n[\/vc_column_text][vc_empty_space][\/vc_column][\/vc_row][vc_row][vc_column][vc_separator color=\u00a0\u00bborange\u00a0\u00bb el_width=\u00a0\u00bb30&Prime;][\/vc_column][\/vc_row][vc_row][vc_column width=\u00a0\u00bb2\/3&Prime;][vc_column_text]\n<div class=\"wpb_text_column wpb_content_element \">\n<div class=\"wpb_wrapper\">\n<h2><strong>Red\u00e9couvrir la richesse du monde qui nous entoure<\/strong><\/h2>\n<\/div>\n<\/div>\n[\/vc_column_text][vc_column_text]\n<div class=\"wpb_text_column wpb_content_element \">\n<div class=\"wpb_wrapper\">\n<p><span style=\"font-family: inherit; font-size: 1em;\">Nos campagnes fran\u00e7aises regorgent d\u2019\u00e9tonnantes p\u00e9pites. Le slow tourisme, permet de red\u00e9couvrir pleinement des r\u00e9gions avec leur\u00a0<\/span><strong style=\"font-family: inherit; font-size: 1em;\">culture authentique et unique<\/strong><span style=\"font-family: inherit; font-size: 1em;\">. Cette exp\u00e9rience \u00e0 part enti\u00e8re permet de\u00a0<\/span><strong style=\"font-family: inherit; font-size: 1em;\">s\u2019impr\u00e9gner pleinement dans la nature<\/strong><span style=\"font-family: inherit; font-size: 1em;\">\u00a0qui nous entoure et la\u00a0<\/span><strong style=\"font-family: inherit; font-size: 1em;\">richesse<\/strong><span style=\"font-family: inherit; font-size: 1em;\">\u00a0du\u00a0<\/span><a style=\"font-family: inherit; font-size: 1em;\" href=\"https:\/\/www.aube-champagne.com\/fr\/culture-et-patrimoine\/\" target=\"_blank\" rel=\"noopener noreferrer\">patrimoine culturel<\/a><span style=\"font-family: inherit; font-size: 1em;\">\u00a0et\u00a0<\/span><a style=\"font-family: inherit; font-size: 1em;\" href=\"https:\/\/www.aube-champagne.com\/fr\/portfolio-post\/la-gastronomie-auboise\/\" target=\"_blank\" rel=\"noopener noreferrer\">gastronomique<\/a><strong style=\"font-family: inherit; font-size: 1em;\">.<\/strong><\/p>\n<\/div>\n<\/div>\n[\/vc_column_text][vc_column_text]\n<h2 style=\"text-align: left;\"><strong>Vivre des moments de partage avec les locaux<\/strong><\/h2>\n[\/vc_column_text][vc_column_text]Le tourisme lent invite \u00e0 <strong>partir \u00e0 la rencontre des habitants<\/strong>. En prenant le temps de voyager, les touristes partageront plus facilement un bout de leur quotidien et pourront <strong>laisser place \u00e0 l&rsquo;impr\u00e9vu<\/strong> ainsi qu&rsquo;aux <strong>\u00e9motions<\/strong>.[\/vc_column_text][vc_column_text]\n<h2 style=\"text-align: left;\"><strong>Un tourisme plus \u00e9cologique<\/strong><\/h2>\n[\/vc_column_text][vc_column_text]Ce type de tourisme permet une r\u00e9elle<strong> immersion dans la vie du territoire<\/strong>. Il nous invite \u00e0 sortir des sentiers battus du tourisme de masse et ainsi \u00e0<strong> pr\u00e9server les \u00e9cosyst\u00e8mes naturels<\/strong>. Les acteurs du slow tourisme vous partageront non seulement leur passion et <a href=\"https:\/\/www.aube-champagne.com\/fr\/les-produits-du-terroir\/\" target=\"_blank\" rel=\"noopener noreferrer\">savoir-faire<\/a>, mais surtout leur <strong>engagement \u00e9cologique<\/strong>.[\/vc_column_text][vc_column_text]\n<div class=\"wpb_wrapper\">\n<h2 style=\"text-align: left;\"><strong>Prendre son temps pour admirer ce qui nous entoure<\/strong><\/h2>\n<\/div>\n<div class=\"wpb_wrapper\">\n<p>&nbsp;<\/p>\n<\/div>\n[\/vc_column_text][vc_column_text]\n<div class=\"wpb_wrapper\">\n<p><span style=\"font-family: inherit; font-size: 1em;\">Le slow tourisme, c\u2019est aussi favoriser <\/span><strong style=\"font-family: inherit; font-size: 1em;\">le<\/strong><strong style=\"font-family: inherit; font-size: 1em;\">s rythmes lents<\/strong><span style=\"font-family: inherit; font-size: 1em;\">\u00a0et\u00a0<\/span><strong style=\"font-family: inherit; font-size: 1em;\">la mobilit\u00e9 douces<\/strong><span style=\"font-family: inherit; font-size: 1em;\">\u00a0:\u00a0<\/span><a style=\"font-family: inherit; font-size: 1em;\" href=\"https:\/\/www.aube-champagne.com\/fr\/portfolio-post\/les-randonnees-pedestres\/\" target=\"_blank\" rel=\"noopener noreferrer\">\u00e0 pied<\/a><span style=\"font-family: inherit; font-size: 1em;\">, \u00e0 cheval, <\/span><a style=\"font-family: inherit; font-size: 1em;\" href=\"https:\/\/www.aube-champagne.com\/fr\/velo-vtt\/\" target=\"_blank\" rel=\"noopener noreferrer\">\u00e0 v\u00e9lo<\/a><span style=\"font-family: inherit; font-size: 1em;\"> ou m\u00eame en kayak<\/span><span style=\"font-family: inherit; font-size: 1em;\">. Il permet de retrouver le plaisir d&rsquo;un voyage sans pr\u00e9cipitation et en toute s\u00e9r\u00e9nit\u00e9.<\/span><\/p>\n<\/div>\n<div class=\"wpb_wrapper\">\n<p>&nbsp;<\/p>\n<\/div>\n[\/vc_column_text][\/vc_column][vc_column width=\u00a0\u00bb1\/3&Prime;][vc_single_image image=\u00a0\u00bb48006&Prime; img_size=\u00a0\u00bb568&#215;380&Prime;][vc_single_image image=\u00a0\u00bb46772&Prime; img_size=\u00a0\u00bb568&#215;380&Prime;][vc_single_image image=\u00a0\u00bb44675&Prime; img_size=\u00a0\u00bb568&#215;380&Prime;][\/vc_column][\/vc_row][vc_row][vc_column][vc_separator color=\u00a0\u00bborange\u00a0\u00bb el_width=\u00a0\u00bb30&Prime;][\/vc_column][\/vc_row][vc_row][vc_column width=\u00a0\u00bb1\/2&Prime;][vc_single_image image=\u00a0\u00bb47693&Prime; img_size=\u00a0\u00bb568&#215;380&Prime; alignment=\u00a0\u00bbcenter\u00a0\u00bb onclick=\u00a0\u00bbcustom_link\u00a0\u00bb img_link_target=\u00a0\u00bb_blank\u00a0\u00bb link=\u00a0\u00bbhttps:\/\/www.aube-champagne.com\/fr\/portfolio-post\/slow-tourisme-dans-laube-en-champagne\/\u00a0\u00bb][\/vc_column][vc_column width=\u00a0\u00bb1\/2&Prime;][vc_column_text]\n<h2 style=\"text-align: center;\"><strong>D\u00e9couvrez les activit\u00e9s Slow \u00e0 faire<\/strong><strong> dans l&rsquo;Aube en Champagne<\/strong><\/h2>\n[\/vc_column_text][vc_column_text]\n<p style=\"text-align: left;\">L&rsquo;Aube en Champagne est un territoire id\u00e9al pour la d\u00e9connexion, s&rsquo;exiler \u00e0 la campagne et se laisser porter par le temps qui passe. Bien s\u00fbr, avec un peu de pr\u00e9paration cela permet de planifier quelques activit\u00e9s ou rencontres pour vivre des exp\u00e9riences uniques. Nous avons donc pr\u00e9par\u00e9 une petite s\u00e9lection d&rsquo;<a href=\"https:\/\/www.aube-champagne.com\/fr\/portfolio-post\/slow-tourisme-dans-laube-en-champagne\/\">activit\u00e9s Slow tourisme<\/a> incontournables afin d&rsquo;organiser au mieux votre s\u00e9jour.<\/p>\n[\/vc_column_text][vc_btn title=\u00a0\u00bbJE D\u00c9COUVRE\u00a0\u00bb color=\u00a0\u00bborange\u00a0\u00bb align=\u00a0\u00bbcenter\u00a0\u00bb link=\u00a0\u00bburl:https%3A%2F%2Fwww.aube-champagne.com%2Ffr%2Fportfolio-post%2Fslow-tourisme-dans-laube-en-champagne%2F|target:_blank\u00a0\u00bb][\/vc_column][\/vc_row]\n<\/div>","protected":false},"excerpt":{"rendered":"<p>[vc_row][vc_column][vc_single_image image=\u00a0\u00bb48344&Prime; img_size=\u00a0\u00bb2048&#215;874&Prime; alignment=\u00a0\u00bbcenter\u00a0\u00bb][vc_column_text] Dans un monde toujours plus press\u00e9, le Slow Tourisme se pose comme l&rsquo;art de prendre son temps. Pratiquer le Slow Tourisme, c&rsquo;est privil\u00e9gier la d\u00e9connexion, c&rsquo;est savourer la gastronomie locale, c&rsquo;est d\u00e9couvrir des paysages, des cultures, des histoires&#8230; Il ne faut&hellip;  <a href=\"https:\/\/www.aube-champagne.com\/fr\/slow-tourisme-redecouvrez-le-tourisme\/\" title=\"Read Slow Tourisme : red\u00e9couvrez le tourisme\">En savoir plus&raquo;<\/a><\/p>\n","protected":false},"author":9192193,"featured_media":0,"parent":0,"menu_order":0,"comment_status":"closed","ping_status":"closed","template":"","meta":{"footnotes":""},"class_list":["post-34009","page","type-page","status-publish","hentry"],"yoast_head":"<!-- This site is optimized with the Yoast SEO plugin v27.4 - https:\/\/yoast.com\/product\/yoast-seo-wordpress\/ -->\n<title>Slow Tourisme : red\u00e9couvrez le tourisme - Aube Champagne<\/title>\n<meta name=\"description\" content=\"Dans un monde toujours plus press\u00e9, le Slow Tourisme se pose comme l&#039;art de prendre son temps. Pratiquer le Slow Tourisme, c&#039;est privil\u00e9gier la\" \/>\n<meta name=\"robots\" content=\"index, follow, max-snippet:-1, max-image-preview:large, max-video-preview:-1\" \/>\n<link rel=\"canonical\" href=\"https:\/\/www.aube-champagne.com\/fr\/slow-tourisme-redecouvrez-le-tourisme\/\" \/>\n<meta property=\"og:locale\" content=\"fr_FR\" \/>\n<meta property=\"og:type\" content=\"article\" \/>\n<meta property=\"og:title\" content=\"Slow Tourisme : red\u00e9couvrez le tourisme - Aube Champagne\" \/>\n<meta property=\"og:description\" content=\"Dans un monde toujours plus press\u00e9, le Slow Tourisme se pose comme l&#039;art de prendre son temps. Pratiquer le Slow Tourisme, c&#039;est privil\u00e9gier la\" \/>\n<meta property=\"og:url\" content=\"https:\/\/www.aube-champagne.com\/fr\/slow-tourisme-redecouvrez-le-tourisme\/\" \/>\n<meta property=\"og:site_name\" content=\"Aube Champagne\" \/>\n<meta property=\"article:publisher\" content=\"https:\/\/www.facebook.com\/aube.champagne\" \/>\n<meta property=\"article:modified_time\" content=\"2022-04-19T08:39:24+00:00\" \/>\n<meta property=\"og:image\" content=\"https:\/\/www.aube-champagne.com\/assets\/uploads\/2015\/03\/Aube-Champagne-Logo.jpg\" \/>\n\t<meta property=\"og:image:width\" content=\"440\" \/>\n\t<meta property=\"og:image:height\" content=\"155\" \/>\n\t<meta property=\"og:image:type\" content=\"image\/jpeg\" \/>\n<meta name=\"twitter:card\" content=\"summary_large_image\" \/>\n<meta name=\"twitter:site\" content=\"@AubeChampagne\" \/>\n<meta name=\"twitter:label1\" content=\"Dur\u00e9e de lecture estim\u00e9e\" \/>\n\t<meta name=\"twitter:data1\" content=\"2 minutes\" \/>\n<script type=\"application\/ld+json\" class=\"yoast-schema-graph\">{\"@context\":\"https:\\\/\\\/schema.org\",\"@graph\":[{\"@type\":\"WebPage\",\"@id\":\"https:\\\/\\\/www.aube-champagne.com\\\/fr\\\/slow-tourisme-redecouvrez-le-tourisme\\\/\",\"url\":\"https:\\\/\\\/www.aube-champagne.com\\\/fr\\\/slow-tourisme-redecouvrez-le-tourisme\\\/\",\"name\":\"Slow Tourisme : red\u00e9couvrez le tourisme - Aube Champagne\",\"isPartOf\":{\"@id\":\"https:\\\/\\\/www.aube-champagne.com\\\/fr\\\/#website\"},\"datePublished\":\"2019-03-20T15:15:58+00:00\",\"dateModified\":\"2022-04-19T08:39:24+00:00\",\"description\":\"Dans un monde toujours plus press\u00e9, le Slow Tourisme se pose comme l'art de prendre son temps. Pratiquer le Slow Tourisme, c'est privil\u00e9gier la\",\"breadcrumb\":{\"@id\":\"https:\\\/\\\/www.aube-champagne.com\\\/fr\\\/slow-tourisme-redecouvrez-le-tourisme\\\/#breadcrumb\"},\"inLanguage\":\"fr-FR\",\"potentialAction\":[{\"@type\":\"ReadAction\",\"target\":[\"https:\\\/\\\/www.aube-champagne.com\\\/fr\\\/slow-tourisme-redecouvrez-le-tourisme\\\/\"]}]},{\"@type\":\"BreadcrumbList\",\"@id\":\"https:\\\/\\\/www.aube-champagne.com\\\/fr\\\/slow-tourisme-redecouvrez-le-tourisme\\\/#breadcrumb\",\"itemListElement\":[{\"@type\":\"ListItem\",\"position\":1,\"name\":\"Accueil\",\"item\":\"https:\\\/\\\/www.aube-champagne.com\\\/fr\\\/\"},{\"@type\":\"ListItem\",\"position\":2,\"name\":\"Slow Tourisme : red\u00e9couvrez le tourisme\"}]},{\"@type\":\"WebSite\",\"@id\":\"https:\\\/\\\/www.aube-champagne.com\\\/fr\\\/#website\",\"url\":\"https:\\\/\\\/www.aube-champagne.com\\\/fr\\\/\",\"name\":\"Aube Champagne\",\"description\":\"Aube Champagne\",\"potentialAction\":[{\"@type\":\"SearchAction\",\"target\":{\"@type\":\"EntryPoint\",\"urlTemplate\":\"https:\\\/\\\/www.aube-champagne.com\\\/fr\\\/?s={search_term_string}\"},\"query-input\":{\"@type\":\"PropertyValueSpecification\",\"valueRequired\":true,\"valueName\":\"search_term_string\"}}],\"inLanguage\":\"fr-FR\"}]}<\/script>\n<!-- \/ Yoast SEO plugin. -->","yoast_head_json":{"title":"Slow Tourisme : red\u00e9couvrez le tourisme - Aube Champagne","description":"Dans un monde toujours plus press\u00e9, le Slow Tourisme se pose comme l'art de prendre son temps. Pratiquer le Slow Tourisme, c'est privil\u00e9gier la","robots":{"index":"index","follow":"follow","max-snippet":"max-snippet:-1","max-image-preview":"max-image-preview:large","max-video-preview":"max-video-preview:-1"},"canonical":"https:\/\/www.aube-champagne.com\/fr\/slow-tourisme-redecouvrez-le-tourisme\/","og_locale":"fr_FR","og_type":"article","og_title":"Slow Tourisme : red\u00e9couvrez le tourisme - Aube Champagne","og_description":"Dans un monde toujours plus press\u00e9, le Slow Tourisme se pose comme l'art de prendre son temps. Pratiquer le Slow Tourisme, c'est privil\u00e9gier la","og_url":"https:\/\/www.aube-champagne.com\/fr\/slow-tourisme-redecouvrez-le-tourisme\/","og_site_name":"Aube Champagne","article_publisher":"https:\/\/www.facebook.com\/aube.champagne","article_modified_time":"2022-04-19T08:39:24+00:00","og_image":[{"width":440,"height":155,"url":"https:\/\/www.aube-champagne.com\/assets\/uploads\/2015\/03\/Aube-Champagne-Logo.jpg","type":"image\/jpeg"}],"twitter_card":"summary_large_image","twitter_site":"@AubeChampagne","twitter_misc":{"Dur\u00e9e de lecture estim\u00e9e":"2 minutes"},"schema":{"@context":"https:\/\/schema.org","@graph":[{"@type":"WebPage","@id":"https:\/\/www.aube-champagne.com\/fr\/slow-tourisme-redecouvrez-le-tourisme\/","url":"https:\/\/www.aube-champagne.com\/fr\/slow-tourisme-redecouvrez-le-tourisme\/","name":"Slow Tourisme : red\u00e9couvrez le tourisme - Aube Champagne","isPartOf":{"@id":"https:\/\/www.aube-champagne.com\/fr\/#website"},"datePublished":"2019-03-20T15:15:58+00:00","dateModified":"2022-04-19T08:39:24+00:00","description":"Dans un monde toujours plus press\u00e9, le Slow Tourisme se pose comme l'art de prendre son temps. Pratiquer le Slow Tourisme, c'est privil\u00e9gier la","breadcrumb":{"@id":"https:\/\/www.aube-champagne.com\/fr\/slow-tourisme-redecouvrez-le-tourisme\/#breadcrumb"},"inLanguage":"fr-FR","potentialAction":[{"@type":"ReadAction","target":["https:\/\/www.aube-champagne.com\/fr\/slow-tourisme-redecouvrez-le-tourisme\/"]}]},{"@type":"BreadcrumbList","@id":"https:\/\/www.aube-champagne.com\/fr\/slow-tourisme-redecouvrez-le-tourisme\/#breadcrumb","itemListElement":[{"@type":"ListItem","position":1,"name":"Accueil","item":"https:\/\/www.aube-champagne.com\/fr\/"},{"@type":"ListItem","position":2,"name":"Slow Tourisme : red\u00e9couvrez le tourisme"}]},{"@type":"WebSite","@id":"https:\/\/www.aube-champagne.com\/fr\/#website","url":"https:\/\/www.aube-champagne.com\/fr\/","name":"Aube Champagne","description":"Aube Champagne","potentialAction":[{"@type":"SearchAction","target":{"@type":"EntryPoint","urlTemplate":"https:\/\/www.aube-champagne.com\/fr\/?s={search_term_string}"},"query-input":{"@type":"PropertyValueSpecification","valueRequired":true,"valueName":"search_term_string"}}],"inLanguage":"fr-FR"}]}},"publishpress_future_action":{"enabled":false,"date":"2026-04-28 11:09:42","action":"change-status","newStatus":"draft","terms":[],"taxonomy":"translation_priority","extraData":[]},"publishpress_future_workflow_manual_trigger":{"enabledWorkflows":[]},"_links":{"self":[{"href":"https:\/\/www.aube-champagne.com\/fr\/wp-json\/wp\/v2\/pages\/34009","targetHints":{"allow":["GET"]}}],"collection":[{"href":"https:\/\/www.aube-champagne.com\/fr\/wp-json\/wp\/v2\/pages"}],"about":[{"href":"https:\/\/www.aube-champagne.com\/fr\/wp-json\/wp\/v2\/types\/page"}],"author":[{"embeddable":true,"href":"https:\/\/www.aube-champagne.com\/fr\/wp-json\/wp\/v2\/users\/9192193"}],"replies":[{"embeddable":true,"href":"https:\/\/www.aube-champagne.com\/fr\/wp-json\/wp\/v2\/comments?post=34009"}],"version-history":[{"count":5,"href":"https:\/\/www.aube-champagne.com\/fr\/wp-json\/wp\/v2\/pages\/34009\/revisions"}],"predecessor-version":[{"id":49618,"href":"https:\/\/www.aube-champagne.com\/fr\/wp-json\/wp\/v2\/pages\/34009\/revisions\/49618"}],"wp:attachment":[{"href":"https:\/\/www.aube-champagne.com\/fr\/wp-json\/wp\/v2\/media?parent=34009"}],"curies":[{"name":"wp","href":"https:\/\/api.w.org\/{rel}","templated":true}]}}