{"id":39160,"date":"2020-09-29T10:55:54","date_gmt":"2020-09-29T09:55:54","guid":{"rendered":"https:\/\/www.aube-champagne.com\/?page_id=39160"},"modified":"2024-10-04T12:47:25","modified_gmt":"2024-10-04T11:47:25","slug":"fascinant-week-end-en-champagne","status":"publish","type":"page","link":"https:\/\/www.aube-champagne.com\/fr\/fascinant-week-end-en-champagne\/","title":{"rendered":"Fascinant Week-End en Champagne"},"content":{"rendered":"<div class=\"wpb-content-wrapper\">[vc_row][vc_column][vc_single_image image=\u00a0\u00bb58284&Prime; img_size=\u00a0\u00bbfull\u00a0\u00bb][\/vc_column][\/vc_row][vc_row][vc_column][vc_column_text]\n<p style=\"text-align: center;\">Le \u00ab\u00a0Fascinant Week-end en Champagne\u00a0\u00bb revient du 18 au 20 octobre 2024. Le temps d\u2019un week-end, d\u00e9gustez, vivez et partagez des activit\u00e9s ludiques dans tout le vignoble de Champagne. Dans l&rsquo;Aube 5 caves de Champagne de la C\u00f4te des Bar proposent des activit\u00e9s.<\/p>\n<p style=\"text-align: center;\">De Bar-sur-Seine \u00e0 Bar-sur-Aube, le vignoble de la C\u00f4te de Bar forme un arc de cercle au sud-est de Troyes, sur lequel le Pinot Noir est roi. Le long de <a href=\"https:\/\/www.aube-champagne.com\/fr\/portfolio-post\/route-touristique-du-champagne\/\">la Route Touristique du Champagne<\/a> se d\u00e9roulent des paysages vallonn\u00e9s, une campagne verdoyante et une mosa\u00efque de parcelles g\u00e9om\u00e9triques de vignoble, fa\u00e7onn\u00e9es par les vignerons. Les caves vo\u00fbt\u00e9es et les fameuses cadoles sont typiques de ce territoire !<\/p>\n[\/vc_column_text][\/vc_column][\/vc_row][vc_row][vc_column][vc_empty_space][vc_separator color=\u00a0\u00bborange\u00a0\u00bb el_width=\u00a0\u00bb30&Prime;][vc_empty_space][\/vc_column][\/vc_row][vc_row][vc_column width=\u00a0\u00bb1\/2&Prime;][vc_column_text]\n<h2 style=\"text-align: center;\"><strong>Randonn\u00e9e nocturne \u00e0 Neuville-sur-Seine<\/strong><\/h2>\n[\/vc_column_text][vc_column_text]\n<div class=\"flex-shrink-0 flex flex-col relative items-end\">\n<div>\n<div class=\"pt-0\">\n<div class=\"gizmo-bot-avatar flex h-8 w-8 items-center justify-center overflow-hidden rounded-full\">\n<p class=\"relative p-1 rounded-sm flex items-center justify-center bg-token-main-surface-primary text-token-text-primary h-8 w-8\"><span style=\"font-family: inherit; font-size: 1em;\">Participez \u00e0 la 5\u00e8me \u00e9dition de la randonn\u00e9e nocturne organis\u00e9e par le Comit\u00e9 St Vincent, avec un d\u00e9part \u00e0 Neuville-sur-Seine. D\u00e9couvrez un parcours d&rsquo;une dizaine de kilom\u00e8tres \u00e0 travers les sentiers et sites embl\u00e9matiques du vignoble local, en compagnie des vignerons. Une exp\u00e9rience sportive et conviviale vous attend, avec une fl\u00fbte de champagne offerte \u00e0 l&rsquo;arriv\u00e9e. Prolongez le plaisir avec des p\u00e2tisseries maison et des d\u00e9gustations de divers champagnes. Sensations et convivialit\u00e9 garanties !<\/span><\/p>\n<\/div>\n<\/div>\n<\/div>\n<\/div>\n[\/vc_column_text][vc_btn title=\u00a0\u00bbEN SAVOIR PLUS\u00a0\u00bb color=\u00a0\u00bborange\u00a0\u00bb align=\u00a0\u00bbcenter\u00a0\u00bb link=\u00a0\u00bburl:https%3A%2F%2Fwww.tourisme-en-champagne.com%2Ffascinant-week-end-vd-randonnee-nocturne%2Fneuville-sur-seine%2Ffmacha051v50ix4f|target:_blank\u00a0\u00bb][\/vc_column][vc_column width=\u00a0\u00bb1\/2&Prime;][vc_single_image image=\u00a0\u00bb79631&Prime; img_size=\u00a0\u00bb568&#215;380&Prime;][\/vc_column][\/vc_row][vc_row][vc_column][vc_empty_space][vc_separator color=\u00a0\u00bborange\u00a0\u00bb el_width=\u00a0\u00bb30&Prime;][vc_empty_space][\/vc_column][\/vc_row][vc_row][vc_column width=\u00a0\u00bb1\/2&Prime;][vc_single_image image=\u00a0\u00bb44979&Prime; img_size=\u00a0\u00bb560&#215;380&Prime;][\/vc_column][vc_column width=\u00a0\u00bb1\/2&Prime;][vc_column_text]\n<h2 style=\"text-align: center;\"><strong>Balade dans les vignes avec le Champagne De Barfontarc<\/strong><\/h2>\n[\/vc_column_text][vc_column_text]Situ\u00e9e \u00e0 Baroville, le Champagne De Barfontarc vous propose une immersion dans leurs vignes :<\/p>\n<p>&#8211; Balade \u00e0 pied dans le vignoble, avec explications sur le terroir et le travail de la vigne (environ 45 minutes).<br \/>\n&#8211; Visite guid\u00e9e de nos installations, environ 45 minutes : d\u00e9couverte des \u00e9tapes de champagnisation.<br \/>\n&#8211; D\u00e9gustation de 3 cuv\u00e9es embl\u00e9matiques de la Maison : Tradition Brut, Blanc de Noirs et Ros\u00e9 Brut pour d\u00e9couvrir toutes les facettes du Pinot Noir de la C\u00f4te des Bar.<br \/>\n&#8211; Accompagnement avec p\u00e2tes de fruits et biscuits sucr\u00e9s.<\/p>\n<p>Visite possible en fran\u00e7ais et en anglais.[\/vc_column_text][vc_btn title=\u00a0\u00bbEN SAVOIR PLUS\u00a0\u00bb color=\u00a0\u00bborange\u00a0\u00bb align=\u00a0\u00bbcenter\u00a0\u00bb link=\u00a0\u00bburl:https%3A%2F%2Fwww.tourisme-en-champagne.com%2Ffascinant-week-end-vd-de-la-vigne-au-vin%2Fbaroville%2Ffmacha051v50pcta|target:_blank\u00a0\u00bb][\/vc_column][\/vc_row][vc_row][vc_column][vc_empty_space][vc_separator color=\u00a0\u00bborange\u00a0\u00bb el_width=\u00a0\u00bb30&Prime;][vc_empty_space][\/vc_column][\/vc_row][vc_row][vc_column width=\u00a0\u00bb1\/2&Prime;][vc_column_text]\n<h2 class=\"title\" style=\"text-align: center;\"><strong>Le Chardonnay du vin clair au Champagne avec Olivier Lassaigne<\/strong><\/h2>\n[\/vc_column_text][vc_column_text]\n<p style=\"text-align: left;\">Venez d\u00e9couvrir le chardonnay du vin clair au champagne !<\/p>\n[\/vc_column_text][vc_btn title=\u00a0\u00bbEN SAVOIR PLUS\u00a0\u00bb color=\u00a0\u00bborange\u00a0\u00bb align=\u00a0\u00bbcenter\u00a0\u00bb link=\u00a0\u00bburl:https%3A%2F%2Fwww.tourisme-en-champagne.com%2Ffascinant-week-end-vd-degustation-du-vin-clair-au-champagne-olivier-lassaigne%2Fmontgueux|target:_blank\u00a0\u00bb][\/vc_column][vc_column width=\u00a0\u00bb1\/2&Prime;][vc_single_image image=\u00a0\u00bb61499&Prime; img_size=\u00a0\u00bb560&#215;380&Prime;][\/vc_column][\/vc_row]\n<\/div>","protected":false},"excerpt":{"rendered":"<p>[vc_row][vc_column][vc_single_image image=\u00a0\u00bb58284&Prime; img_size=\u00a0\u00bbfull\u00a0\u00bb][\/vc_column][\/vc_row][vc_row][vc_column][vc_column_text] Le \u00ab\u00a0Fascinant Week-end en Champagne\u00a0\u00bb revient du 18 au 20 octobre 2024. Le temps d\u2019un week-end, d\u00e9gustez, vivez et partagez des activit\u00e9s ludiques dans tout le vignoble de Champagne. Dans l&rsquo;Aube 5 caves de Champagne de la C\u00f4te des Bar proposent des&hellip;  <a href=\"https:\/\/www.aube-champagne.com\/fr\/fascinant-week-end-en-champagne\/\" title=\"Read Fascinant Week-End en Champagne\">En savoir plus&raquo;<\/a><\/p>\n","protected":false},"author":2,"featured_media":61504,"parent":0,"menu_order":0,"comment_status":"closed","ping_status":"closed","template":"","meta":{"footnotes":""},"class_list":["post-39160","page","type-page","status-publish","has-post-thumbnail","hentry"],"yoast_head":"<!-- This site is optimized with the Yoast SEO plugin v27.5 - https:\/\/yoast.com\/product\/yoast-seo-wordpress\/ -->\n<title>Fascinant Week-End en Champagne - Aube Champagne<\/title>\n<meta name=\"description\" content=\"Le Fascinant Week-end en Champagne revient du 18 au 20 octobre 2024. Partagez des activit\u00e9s insolites dans tout le vignoble de Champagne\" \/>\n<meta name=\"robots\" content=\"index, follow, max-snippet:-1, max-image-preview:large, max-video-preview:-1\" \/>\n<link rel=\"canonical\" href=\"https:\/\/www.aube-champagne.com\/fr\/fascinant-week-end-en-champagne\/\" \/>\n<meta property=\"og:locale\" content=\"fr_FR\" \/>\n<meta property=\"og:type\" content=\"article\" \/>\n<meta property=\"og:title\" content=\"Fascinant Week-End en Champagne - Aube Champagne\" \/>\n<meta property=\"og:description\" content=\"Le Fascinant Week-end en Champagne revient du 18 au 20 octobre 2024. Partagez des activit\u00e9s insolites dans tout le vignoble de Champagne\" \/>\n<meta property=\"og:url\" content=\"https:\/\/www.aube-champagne.com\/fr\/fascinant-week-end-en-champagne\/\" \/>\n<meta property=\"og:site_name\" content=\"Aube Champagne\" \/>\n<meta property=\"article:publisher\" content=\"https:\/\/www.facebook.com\/aube.champagne\" \/>\n<meta property=\"article:modified_time\" content=\"2024-10-04T11:47:25+00:00\" \/>\n<meta property=\"og:image\" content=\"https:\/\/www.aube-champagne.com\/assets\/uploads\/2023\/09\/fascinantlogo_1.png\" \/>\n\t<meta property=\"og:image:width\" content=\"3508\" \/>\n\t<meta property=\"og:image:height\" content=\"1378\" \/>\n\t<meta property=\"og:image:type\" content=\"image\/png\" \/>\n<meta name=\"twitter:card\" content=\"summary_large_image\" \/>\n<meta name=\"twitter:site\" content=\"@AubeChampagne\" \/>\n<meta name=\"twitter:label1\" content=\"Dur\u00e9e de lecture estim\u00e9e\" \/>\n\t<meta name=\"twitter:data1\" content=\"2 minutes\" \/>\n<script type=\"application\/ld+json\" class=\"yoast-schema-graph\">{\"@context\":\"https:\\\/\\\/schema.org\",\"@graph\":[{\"@type\":\"WebPage\",\"@id\":\"https:\\\/\\\/www.aube-champagne.com\\\/fr\\\/fascinant-week-end-en-champagne\\\/\",\"url\":\"https:\\\/\\\/www.aube-champagne.com\\\/fr\\\/fascinant-week-end-en-champagne\\\/\",\"name\":\"Fascinant Week-End en Champagne - Aube Champagne\",\"isPartOf\":{\"@id\":\"https:\\\/\\\/www.aube-champagne.com\\\/fr\\\/#website\"},\"primaryImageOfPage\":{\"@id\":\"https:\\\/\\\/www.aube-champagne.com\\\/fr\\\/fascinant-week-end-en-champagne\\\/#primaryimage\"},\"image\":{\"@id\":\"https:\\\/\\\/www.aube-champagne.com\\\/fr\\\/fascinant-week-end-en-champagne\\\/#primaryimage\"},\"thumbnailUrl\":\"https:\\\/\\\/www.aube-champagne.com\\\/assets\\\/uploads\\\/2023\\\/09\\\/fascinantlogo_1.png\",\"datePublished\":\"2020-09-29T09:55:54+00:00\",\"dateModified\":\"2024-10-04T11:47:25+00:00\",\"description\":\"Le Fascinant Week-end en Champagne revient du 18 au 20 octobre 2024. Partagez des activit\u00e9s insolites dans tout le vignoble de Champagne\",\"breadcrumb\":{\"@id\":\"https:\\\/\\\/www.aube-champagne.com\\\/fr\\\/fascinant-week-end-en-champagne\\\/#breadcrumb\"},\"inLanguage\":\"fr-FR\",\"potentialAction\":[{\"@type\":\"ReadAction\",\"target\":[\"https:\\\/\\\/www.aube-champagne.com\\\/fr\\\/fascinant-week-end-en-champagne\\\/\"]}]},{\"@type\":\"ImageObject\",\"inLanguage\":\"fr-FR\",\"@id\":\"https:\\\/\\\/www.aube-champagne.com\\\/fr\\\/fascinant-week-end-en-champagne\\\/#primaryimage\",\"url\":\"https:\\\/\\\/www.aube-champagne.com\\\/assets\\\/uploads\\\/2023\\\/09\\\/fascinantlogo_1.png\",\"contentUrl\":\"https:\\\/\\\/www.aube-champagne.com\\\/assets\\\/uploads\\\/2023\\\/09\\\/fascinantlogo_1.png\",\"width\":3508,\"height\":1378,\"caption\":\"Fascinant Week End\"},{\"@type\":\"BreadcrumbList\",\"@id\":\"https:\\\/\\\/www.aube-champagne.com\\\/fr\\\/fascinant-week-end-en-champagne\\\/#breadcrumb\",\"itemListElement\":[{\"@type\":\"ListItem\",\"position\":1,\"name\":\"Accueil\",\"item\":\"https:\\\/\\\/www.aube-champagne.com\\\/fr\\\/\"},{\"@type\":\"ListItem\",\"position\":2,\"name\":\"Fascinant Week-End en Champagne\"}]},{\"@type\":\"WebSite\",\"@id\":\"https:\\\/\\\/www.aube-champagne.com\\\/fr\\\/#website\",\"url\":\"https:\\\/\\\/www.aube-champagne.com\\\/fr\\\/\",\"name\":\"Aube Champagne\",\"description\":\"Aube Champagne\",\"potentialAction\":[{\"@type\":\"SearchAction\",\"target\":{\"@type\":\"EntryPoint\",\"urlTemplate\":\"https:\\\/\\\/www.aube-champagne.com\\\/fr\\\/?s={search_term_string}\"},\"query-input\":{\"@type\":\"PropertyValueSpecification\",\"valueRequired\":true,\"valueName\":\"search_term_string\"}}],\"inLanguage\":\"fr-FR\"}]}<\/script>\n<!-- \/ Yoast SEO plugin. -->","yoast_head_json":{"title":"Fascinant Week-End en Champagne - Aube Champagne","description":"Le Fascinant Week-end en Champagne revient du 18 au 20 octobre 2024. Partagez des activit\u00e9s insolites dans tout le vignoble de Champagne","robots":{"index":"index","follow":"follow","max-snippet":"max-snippet:-1","max-image-preview":"max-image-preview:large","max-video-preview":"max-video-preview:-1"},"canonical":"https:\/\/www.aube-champagne.com\/fr\/fascinant-week-end-en-champagne\/","og_locale":"fr_FR","og_type":"article","og_title":"Fascinant Week-End en Champagne - Aube Champagne","og_description":"Le Fascinant Week-end en Champagne revient du 18 au 20 octobre 2024. Partagez des activit\u00e9s insolites dans tout le vignoble de Champagne","og_url":"https:\/\/www.aube-champagne.com\/fr\/fascinant-week-end-en-champagne\/","og_site_name":"Aube Champagne","article_publisher":"https:\/\/www.facebook.com\/aube.champagne","article_modified_time":"2024-10-04T11:47:25+00:00","og_image":[{"width":3508,"height":1378,"url":"https:\/\/www.aube-champagne.com\/assets\/uploads\/2023\/09\/fascinantlogo_1.png","type":"image\/png"}],"twitter_card":"summary_large_image","twitter_site":"@AubeChampagne","twitter_misc":{"Dur\u00e9e de lecture estim\u00e9e":"2 minutes"},"schema":{"@context":"https:\/\/schema.org","@graph":[{"@type":"WebPage","@id":"https:\/\/www.aube-champagne.com\/fr\/fascinant-week-end-en-champagne\/","url":"https:\/\/www.aube-champagne.com\/fr\/fascinant-week-end-en-champagne\/","name":"Fascinant Week-End en Champagne - Aube Champagne","isPartOf":{"@id":"https:\/\/www.aube-champagne.com\/fr\/#website"},"primaryImageOfPage":{"@id":"https:\/\/www.aube-champagne.com\/fr\/fascinant-week-end-en-champagne\/#primaryimage"},"image":{"@id":"https:\/\/www.aube-champagne.com\/fr\/fascinant-week-end-en-champagne\/#primaryimage"},"thumbnailUrl":"https:\/\/www.aube-champagne.com\/assets\/uploads\/2023\/09\/fascinantlogo_1.png","datePublished":"2020-09-29T09:55:54+00:00","dateModified":"2024-10-04T11:47:25+00:00","description":"Le Fascinant Week-end en Champagne revient du 18 au 20 octobre 2024. Partagez des activit\u00e9s insolites dans tout le vignoble de Champagne","breadcrumb":{"@id":"https:\/\/www.aube-champagne.com\/fr\/fascinant-week-end-en-champagne\/#breadcrumb"},"inLanguage":"fr-FR","potentialAction":[{"@type":"ReadAction","target":["https:\/\/www.aube-champagne.com\/fr\/fascinant-week-end-en-champagne\/"]}]},{"@type":"ImageObject","inLanguage":"fr-FR","@id":"https:\/\/www.aube-champagne.com\/fr\/fascinant-week-end-en-champagne\/#primaryimage","url":"https:\/\/www.aube-champagne.com\/assets\/uploads\/2023\/09\/fascinantlogo_1.png","contentUrl":"https:\/\/www.aube-champagne.com\/assets\/uploads\/2023\/09\/fascinantlogo_1.png","width":3508,"height":1378,"caption":"Fascinant Week End"},{"@type":"BreadcrumbList","@id":"https:\/\/www.aube-champagne.com\/fr\/fascinant-week-end-en-champagne\/#breadcrumb","itemListElement":[{"@type":"ListItem","position":1,"name":"Accueil","item":"https:\/\/www.aube-champagne.com\/fr\/"},{"@type":"ListItem","position":2,"name":"Fascinant Week-End en Champagne"}]},{"@type":"WebSite","@id":"https:\/\/www.aube-champagne.com\/fr\/#website","url":"https:\/\/www.aube-champagne.com\/fr\/","name":"Aube Champagne","description":"Aube Champagne","potentialAction":[{"@type":"SearchAction","target":{"@type":"EntryPoint","urlTemplate":"https:\/\/www.aube-champagne.com\/fr\/?s={search_term_string}"},"query-input":{"@type":"PropertyValueSpecification","valueRequired":true,"valueName":"search_term_string"}}],"inLanguage":"fr-FR"}]}},"publishpress_future_action":{"enabled":false,"date":"2026-05-09 05:15:19","action":"change-status","newStatus":"draft","terms":[],"taxonomy":"translation_priority","extraData":[]},"publishpress_future_workflow_manual_trigger":{"enabledWorkflows":[]},"_links":{"self":[{"href":"https:\/\/www.aube-champagne.com\/fr\/wp-json\/wp\/v2\/pages\/39160","targetHints":{"allow":["GET"]}}],"collection":[{"href":"https:\/\/www.aube-champagne.com\/fr\/wp-json\/wp\/v2\/pages"}],"about":[{"href":"https:\/\/www.aube-champagne.com\/fr\/wp-json\/wp\/v2\/types\/page"}],"author":[{"embeddable":true,"href":"https:\/\/www.aube-champagne.com\/fr\/wp-json\/wp\/v2\/users\/2"}],"replies":[{"embeddable":true,"href":"https:\/\/www.aube-champagne.com\/fr\/wp-json\/wp\/v2\/comments?post=39160"}],"version-history":[{"count":6,"href":"https:\/\/www.aube-champagne.com\/fr\/wp-json\/wp\/v2\/pages\/39160\/revisions"}],"predecessor-version":[{"id":79638,"href":"https:\/\/www.aube-champagne.com\/fr\/wp-json\/wp\/v2\/pages\/39160\/revisions\/79638"}],"wp:featuredmedia":[{"embeddable":true,"href":"https:\/\/www.aube-champagne.com\/fr\/wp-json\/wp\/v2\/media\/61504"}],"wp:attachment":[{"href":"https:\/\/www.aube-champagne.com\/fr\/wp-json\/wp\/v2\/media?parent=39160"}],"curies":[{"name":"wp","href":"https:\/\/api.w.org\/{rel}","templated":true}]}}