{"id":40299,"date":"2020-11-09T16:04:53","date_gmt":"2020-11-09T15:04:53","guid":{"rendered":"https:\/\/www.aube-champagne.com\/?page_id=40299"},"modified":"2020-12-21T11:59:54","modified_gmt":"2020-12-21T10:59:54","slug":"idees-recettes-100-locales","status":"publish","type":"page","link":"https:\/\/www.aube-champagne.com\/fr\/idees-recettes-100-locales\/","title":{"rendered":"Id\u00e9es recettes 100% locales"},"content":{"rendered":"<div class=\"wpb-content-wrapper\">[vc_row][vc_column][vc_column_text]\n<h2 style=\"text-align: center;\">D\u00e9couvrez des id\u00e9es de recettes \u00e0 r\u00e9aliser seul ou \u00e0 plusieurs<\/h2>\n<h2 style=\"text-align: center;\">avec des produits 100% locaux !<\/h2>\n[\/vc_column_text][\/vc_column][\/vc_row][vc_row][vc_column][vc_row_inner][vc_column_inner width=\u00a0\u00bb1\/2&Prime;][vc_single_image image=\u00a0\u00bb40477&Prime; img_size=\u00a0\u00bbmedium\u00a0\u00bb alignment=\u00a0\u00bbcenter\u00a0\u00bb][\/vc_column_inner][vc_column_inner width=\u00a0\u00bb1\/2&Prime;][vc_empty_space height=\u00a0\u00bb30px\u00a0\u00bb][vc_column_text]\n<h3 style=\"text-align: center;\">Les choux farcis de R\u00e9mi<\/h3>\n[\/vc_column_text][vc_column_text]\n<p style=\"text-align: justify;\"><span style=\"font-weight: 400;\">On ouvre ses placards, son frigo et son \u00ab\u00a0cong\u00e8le\u00a0\u00bb, et on adapte ses recettes en fonction de ce que l\u2019on y trouve en essayant d\u2019apporter un peu de gourmandise dans nos journ\u00e9es enferm\u00e9es. Et l\u00e0\u2026 le r\u00eave! J\u2019ai tout ce qu\u2019il faut pour faire des choux farcis. Il parait que je les r\u00e9ussis bien. Ma belle s\u0153ur en raffole&#8230;<\/span><\/p>\n[\/vc_column_text][vc_btn title=\u00a0\u00bbD\u00c9COUVRIR LA RECETTE\u00a0\u00bb style=\u00a0\u00bbflat\u00a0\u00bb color=\u00a0\u00bborange\u00a0\u00bb align=\u00a0\u00bbcenter\u00a0\u00bb link=\u00a0\u00bburl:https%3A%2F%2Fwww.aube-champagne.com%2Ffr%2Fportfolio-post%2Fchoux-farcis%2F|||\u00a0\u00bb][\/vc_column_inner][\/vc_row_inner][vc_empty_space height=\u00a0\u00bb15px\u00a0\u00bb][vc_separator color=\u00a0\u00bborange\u00a0\u00bb el_width=\u00a0\u00bb30&Prime;][vc_empty_space height=\u00a0\u00bb15px\u00a0\u00bb][\/vc_column][\/vc_row][vc_row][vc_column][vc_row_inner][vc_column_inner width=\u00a0\u00bb1\/2&Prime;][vc_empty_space height=\u00a0\u00bb30px\u00a0\u00bb][vc_column_text]\n<h3 style=\"text-align: center;\">Le marbr\u00e9 au chocolat de D\u00e9borah<\/h3>\n[\/vc_column_text][vc_column_text]\n<p style=\"text-align: justify;\"><span style=\"font-weight: 400;\">Le ciel est gris, il fait frisquet d\u00e8s que l&rsquo;on sort le simple petit orteil de chez nous&#8230; Ca nous donne des envies de NetFlix &amp; Chill tout \u00e7a. Mais avant de s&rsquo;installer avec son combo plaid \/ bougie \/ chaussette, il nous faut un petit quelque chose \u00e0 manger devant notre s\u00e9rie pr\u00e9f\u00e9r\u00e9e. Et quoi de mieux qu&rsquo;un marbr\u00e9 au chocolat qui ira parfaitement avec notre chocolat chaud viennois XXL ?<br \/>\n<\/span><\/p>\n[\/vc_column_text][vc_btn title=\u00a0\u00bbD\u00c9COUVRIR LA RECETTE\u00a0\u00bb style=\u00a0\u00bbflat\u00a0\u00bb color=\u00a0\u00bborange\u00a0\u00bb align=\u00a0\u00bbcenter\u00a0\u00bb link=\u00a0\u00bburl:https%3A%2F%2Fwww.aube-champagne.com%2Ffr%2Fportfolio-post%2Fmarbre-au-chocolat%2F|||\u00a0\u00bb][\/vc_column_inner][vc_column_inner width=\u00a0\u00bb1\/2&Prime;][vc_single_image image=\u00a0\u00bb40469&Prime; img_size=\u00a0\u00bbmedium\u00a0\u00bb alignment=\u00a0\u00bbcenter\u00a0\u00bb][\/vc_column_inner][\/vc_row_inner][vc_empty_space height=\u00a0\u00bb15px\u00a0\u00bb][vc_separator color=\u00a0\u00bborange\u00a0\u00bb el_width=\u00a0\u00bb30&Prime;][vc_empty_space height=\u00a0\u00bb15px\u00a0\u00bb][\/vc_column][\/vc_row][vc_row][vc_column][vc_row_inner][vc_column_inner width=\u00a0\u00bb1\/2&Prime;][vc_single_image image=\u00a0\u00bb40501&Prime; img_size=\u00a0\u00bbmedium\u00a0\u00bb alignment=\u00a0\u00bbcenter\u00a0\u00bb][\/vc_column_inner][vc_column_inner width=\u00a0\u00bb1\/2&Prime;][vc_empty_space height=\u00a0\u00bb30px\u00a0\u00bb][vc_column_text]\n<h3 style=\"text-align: center;\">Le pain parfait de Sandy<\/h3>\n[\/vc_column_text][vc_column_text]\n<p style=\"text-align: justify;\"><span style=\"font-weight: 400;\">C&rsquo;est le produit phare 2020 ! Et pour cause, les deux confinements nous ont redonn\u00e9 une envie soudaine de cuisiner et de s&rsquo;essayer \u00e0 des recettes jamais r\u00e9alis\u00e9es &#8230; comme le pain ! Il peut demander quelque essais pour avoir la texture et le go\u00fbt attendu mais avec cette recette de pain parfait, on vous \u00e9vite les quelques tests rat\u00e9s. Munissez-vous d&rsquo;une bonne farine, de la levure boulang\u00e8re, du sel, de l&rsquo;eau, de quelques heures devant vous et c&rsquo;est parti !\u00a0<\/span><\/p>\n[\/vc_column_text][vc_btn title=\u00a0\u00bbD\u00c9COUVRIR LA RECETTE\u00a0\u00bb style=\u00a0\u00bbflat\u00a0\u00bb color=\u00a0\u00bborange\u00a0\u00bb align=\u00a0\u00bbcenter\u00a0\u00bb link=\u00a0\u00bburl:https%3A%2F%2Fwww.aube-champagne.com%2Ffr%2Fportfolio-post%2Fpain-parfait%2F|||\u00a0\u00bb][\/vc_column_inner][\/vc_row_inner][vc_empty_space height=\u00a0\u00bb15px\u00a0\u00bb][vc_separator color=\u00a0\u00bborange\u00a0\u00bb el_width=\u00a0\u00bb30&Prime;][vc_empty_space height=\u00a0\u00bb15px\u00a0\u00bb][\/vc_column][\/vc_row][vc_row][vc_column][vc_row_inner][vc_column_inner width=\u00a0\u00bb1\/2&Prime;][vc_empty_space height=\u00a0\u00bb30px\u00a0\u00bb][vc_column_text]\n<h3 style=\"text-align: center;\">Les pancakes de Jeason<\/h3>\n[\/vc_column_text][vc_column_text]\n<p style=\"text-align: justify;\"><span style=\"font-weight: 400;\">C&rsquo;est le produit phare 2020 ! Et pour cause, les deux confinements nous ont redonn\u00e9 une envie soudaine de cuisiner et de s&rsquo;essayer \u00e0 des recettes jamais r\u00e9alis\u00e9es &#8230; comme le pain ! Il peut demander quelque essais pour avoir la texture et le go\u00fbt attendu mais avec cette recette de pain parfait, on vous \u00e9vite les quelques tests rat\u00e9s. Munissez-vous d&rsquo;une bonne farine, de la levure boulang\u00e8re, du sel, de l&rsquo;eau, de quelques heures devant vous et c&rsquo;est parti !\u00a0<\/span><\/p>\n[\/vc_column_text][vc_btn title=\u00a0\u00bbD\u00c9COUVRIR LA RECETTE\u00a0\u00bb style=\u00a0\u00bbflat\u00a0\u00bb color=\u00a0\u00bborange\u00a0\u00bb align=\u00a0\u00bbcenter\u00a0\u00bb link=\u00a0\u00bburl:https%3A%2F%2Fwww.aube-champagne.com%2Ffr%2Fportfolio-post%2Fles-pancakes-de-jeason%2F|||\u00a0\u00bb][\/vc_column_inner][vc_column_inner width=\u00a0\u00bb1\/2&Prime;][vc_single_image image=\u00a0\u00bb40501&Prime; img_size=\u00a0\u00bbmedium\u00a0\u00bb alignment=\u00a0\u00bbcenter\u00a0\u00bb][\/vc_column_inner][\/vc_row_inner][vc_empty_space height=\u00a0\u00bb15px\u00a0\u00bb][vc_separator color=\u00a0\u00bborange\u00a0\u00bb el_width=\u00a0\u00bb30&Prime;][vc_empty_space height=\u00a0\u00bb15px\u00a0\u00bb][\/vc_column][\/vc_row]\n<\/div>","protected":false},"excerpt":{"rendered":"<p>[vc_row][vc_column][vc_column_text] D\u00e9couvrez des id\u00e9es de recettes \u00e0 r\u00e9aliser seul ou \u00e0 plusieurs avec des produits 100% locaux ! [\/vc_column_text][\/vc_column][\/vc_row][vc_row][vc_column][vc_row_inner][vc_column_inner width=\u00a0\u00bb1\/2&Prime;][vc_single_image image=\u00a0\u00bb40477&Prime; img_size=\u00a0\u00bbmedium\u00a0\u00bb alignment=\u00a0\u00bbcenter\u00a0\u00bb][\/vc_column_inner][vc_column_inner width=\u00a0\u00bb1\/2&Prime;][vc_empty_space height=\u00a0\u00bb30px\u00a0\u00bb][vc_column_text] Les choux farcis de R\u00e9mi [\/vc_column_text][vc_column_text] On ouvre ses placards, son frigo et son \u00ab\u00a0cong\u00e8le\u00a0\u00bb, et on adapte ses recettes&hellip;  <a href=\"https:\/\/www.aube-champagne.com\/fr\/idees-recettes-100-locales\/\" title=\"Read Id\u00e9es recettes 100% locales\">En savoir plus&raquo;<\/a><\/p>\n","protected":false},"author":9192193,"featured_media":0,"parent":0,"menu_order":0,"comment_status":"closed","ping_status":"closed","template":"","meta":{"footnotes":""},"class_list":["post-40299","page","type-page","status-publish","hentry"],"yoast_head":"<!-- This site is optimized with the Yoast SEO plugin v27.3 - https:\/\/yoast.com\/product\/yoast-seo-wordpress\/ -->\n<title>Id\u00e9es recettes 100% locales - Aube Champagne<\/title>\n<meta name=\"description\" content=\"D\u00e9couvrez des id\u00e9es de recettes \u00e0 r\u00e9aliser seul ou \u00e0 plusieurs avec des produits 100% locaux ! Les choux farcis de R\u00e9mi On ouvre ses placards, son frigo\" \/>\n<meta name=\"robots\" content=\"index, follow, max-snippet:-1, max-image-preview:large, max-video-preview:-1\" \/>\n<link rel=\"canonical\" href=\"https:\/\/www.aube-champagne.com\/fr\/idees-recettes-100-locales\/\" \/>\n<meta property=\"og:locale\" content=\"fr_FR\" \/>\n<meta property=\"og:type\" content=\"article\" \/>\n<meta property=\"og:title\" content=\"Id\u00e9es recettes 100% locales - Aube Champagne\" \/>\n<meta property=\"og:description\" content=\"D\u00e9couvrez des id\u00e9es de recettes \u00e0 r\u00e9aliser seul ou \u00e0 plusieurs avec des produits 100% locaux ! Les choux farcis de R\u00e9mi On ouvre ses placards, son frigo\" \/>\n<meta property=\"og:url\" content=\"https:\/\/www.aube-champagne.com\/fr\/idees-recettes-100-locales\/\" \/>\n<meta property=\"og:site_name\" content=\"Aube Champagne\" \/>\n<meta property=\"article:publisher\" content=\"https:\/\/www.facebook.com\/aube.champagne\" \/>\n<meta property=\"article:modified_time\" content=\"2020-12-21T10:59:54+00:00\" \/>\n<meta property=\"og:image\" content=\"https:\/\/www.aube-champagne.com\/assets\/uploads\/2015\/03\/Aube-Champagne-Logo.jpg\" \/>\n\t<meta property=\"og:image:width\" content=\"440\" \/>\n\t<meta property=\"og:image:height\" content=\"155\" \/>\n\t<meta property=\"og:image:type\" content=\"image\/jpeg\" \/>\n<meta name=\"twitter:card\" content=\"summary_large_image\" \/>\n<meta name=\"twitter:site\" content=\"@AubeChampagne\" \/>\n<meta name=\"twitter:label1\" content=\"Dur\u00e9e de lecture estim\u00e9e\" \/>\n\t<meta name=\"twitter:data1\" content=\"4 minutes\" \/>\n<script type=\"application\/ld+json\" class=\"yoast-schema-graph\">{\"@context\":\"https:\\\/\\\/schema.org\",\"@graph\":[{\"@type\":\"WebPage\",\"@id\":\"https:\\\/\\\/www.aube-champagne.com\\\/fr\\\/idees-recettes-100-locales\\\/\",\"url\":\"https:\\\/\\\/www.aube-champagne.com\\\/fr\\\/idees-recettes-100-locales\\\/\",\"name\":\"Id\u00e9es recettes 100% locales - Aube Champagne\",\"isPartOf\":{\"@id\":\"https:\\\/\\\/www.aube-champagne.com\\\/fr\\\/#website\"},\"datePublished\":\"2020-11-09T15:04:53+00:00\",\"dateModified\":\"2020-12-21T10:59:54+00:00\",\"description\":\"D\u00e9couvrez des id\u00e9es de recettes \u00e0 r\u00e9aliser seul ou \u00e0 plusieurs avec des produits 100% locaux ! Les choux farcis de R\u00e9mi On ouvre ses placards, son frigo\",\"breadcrumb\":{\"@id\":\"https:\\\/\\\/www.aube-champagne.com\\\/fr\\\/idees-recettes-100-locales\\\/#breadcrumb\"},\"inLanguage\":\"fr-FR\",\"potentialAction\":[{\"@type\":\"ReadAction\",\"target\":[\"https:\\\/\\\/www.aube-champagne.com\\\/fr\\\/idees-recettes-100-locales\\\/\"]}]},{\"@type\":\"BreadcrumbList\",\"@id\":\"https:\\\/\\\/www.aube-champagne.com\\\/fr\\\/idees-recettes-100-locales\\\/#breadcrumb\",\"itemListElement\":[{\"@type\":\"ListItem\",\"position\":1,\"name\":\"Accueil\",\"item\":\"https:\\\/\\\/www.aube-champagne.com\\\/fr\\\/\"},{\"@type\":\"ListItem\",\"position\":2,\"name\":\"Id\u00e9es recettes 100% locales\"}]},{\"@type\":\"WebSite\",\"@id\":\"https:\\\/\\\/www.aube-champagne.com\\\/fr\\\/#website\",\"url\":\"https:\\\/\\\/www.aube-champagne.com\\\/fr\\\/\",\"name\":\"Aube Champagne\",\"description\":\"Aube Champagne\",\"potentialAction\":[{\"@type\":\"SearchAction\",\"target\":{\"@type\":\"EntryPoint\",\"urlTemplate\":\"https:\\\/\\\/www.aube-champagne.com\\\/fr\\\/?s={search_term_string}\"},\"query-input\":{\"@type\":\"PropertyValueSpecification\",\"valueRequired\":true,\"valueName\":\"search_term_string\"}}],\"inLanguage\":\"fr-FR\"}]}<\/script>\n<!-- \/ Yoast SEO plugin. -->","yoast_head_json":{"title":"Id\u00e9es recettes 100% locales - Aube Champagne","description":"D\u00e9couvrez des id\u00e9es de recettes \u00e0 r\u00e9aliser seul ou \u00e0 plusieurs avec des produits 100% locaux ! Les choux farcis de R\u00e9mi On ouvre ses placards, son frigo","robots":{"index":"index","follow":"follow","max-snippet":"max-snippet:-1","max-image-preview":"max-image-preview:large","max-video-preview":"max-video-preview:-1"},"canonical":"https:\/\/www.aube-champagne.com\/fr\/idees-recettes-100-locales\/","og_locale":"fr_FR","og_type":"article","og_title":"Id\u00e9es recettes 100% locales - Aube Champagne","og_description":"D\u00e9couvrez des id\u00e9es de recettes \u00e0 r\u00e9aliser seul ou \u00e0 plusieurs avec des produits 100% locaux ! Les choux farcis de R\u00e9mi On ouvre ses placards, son frigo","og_url":"https:\/\/www.aube-champagne.com\/fr\/idees-recettes-100-locales\/","og_site_name":"Aube Champagne","article_publisher":"https:\/\/www.facebook.com\/aube.champagne","article_modified_time":"2020-12-21T10:59:54+00:00","og_image":[{"width":440,"height":155,"url":"https:\/\/www.aube-champagne.com\/assets\/uploads\/2015\/03\/Aube-Champagne-Logo.jpg","type":"image\/jpeg"}],"twitter_card":"summary_large_image","twitter_site":"@AubeChampagne","twitter_misc":{"Dur\u00e9e de lecture estim\u00e9e":"4 minutes"},"schema":{"@context":"https:\/\/schema.org","@graph":[{"@type":"WebPage","@id":"https:\/\/www.aube-champagne.com\/fr\/idees-recettes-100-locales\/","url":"https:\/\/www.aube-champagne.com\/fr\/idees-recettes-100-locales\/","name":"Id\u00e9es recettes 100% locales - Aube Champagne","isPartOf":{"@id":"https:\/\/www.aube-champagne.com\/fr\/#website"},"datePublished":"2020-11-09T15:04:53+00:00","dateModified":"2020-12-21T10:59:54+00:00","description":"D\u00e9couvrez des id\u00e9es de recettes \u00e0 r\u00e9aliser seul ou \u00e0 plusieurs avec des produits 100% locaux ! Les choux farcis de R\u00e9mi On ouvre ses placards, son frigo","breadcrumb":{"@id":"https:\/\/www.aube-champagne.com\/fr\/idees-recettes-100-locales\/#breadcrumb"},"inLanguage":"fr-FR","potentialAction":[{"@type":"ReadAction","target":["https:\/\/www.aube-champagne.com\/fr\/idees-recettes-100-locales\/"]}]},{"@type":"BreadcrumbList","@id":"https:\/\/www.aube-champagne.com\/fr\/idees-recettes-100-locales\/#breadcrumb","itemListElement":[{"@type":"ListItem","position":1,"name":"Accueil","item":"https:\/\/www.aube-champagne.com\/fr\/"},{"@type":"ListItem","position":2,"name":"Id\u00e9es recettes 100% locales"}]},{"@type":"WebSite","@id":"https:\/\/www.aube-champagne.com\/fr\/#website","url":"https:\/\/www.aube-champagne.com\/fr\/","name":"Aube Champagne","description":"Aube Champagne","potentialAction":[{"@type":"SearchAction","target":{"@type":"EntryPoint","urlTemplate":"https:\/\/www.aube-champagne.com\/fr\/?s={search_term_string}"},"query-input":{"@type":"PropertyValueSpecification","valueRequired":true,"valueName":"search_term_string"}}],"inLanguage":"fr-FR"}]}},"publishpress_future_action":{"enabled":false,"date":"2026-04-21 09:12:49","action":"change-status","newStatus":"draft","terms":[],"taxonomy":"translation_priority","extraData":[]},"publishpress_future_workflow_manual_trigger":{"enabledWorkflows":[]},"_links":{"self":[{"href":"https:\/\/www.aube-champagne.com\/fr\/wp-json\/wp\/v2\/pages\/40299","targetHints":{"allow":["GET"]}}],"collection":[{"href":"https:\/\/www.aube-champagne.com\/fr\/wp-json\/wp\/v2\/pages"}],"about":[{"href":"https:\/\/www.aube-champagne.com\/fr\/wp-json\/wp\/v2\/types\/page"}],"author":[{"embeddable":true,"href":"https:\/\/www.aube-champagne.com\/fr\/wp-json\/wp\/v2\/users\/9192193"}],"replies":[{"embeddable":true,"href":"https:\/\/www.aube-champagne.com\/fr\/wp-json\/wp\/v2\/comments?post=40299"}],"version-history":[{"count":5,"href":"https:\/\/www.aube-champagne.com\/fr\/wp-json\/wp\/v2\/pages\/40299\/revisions"}],"predecessor-version":[{"id":40851,"href":"https:\/\/www.aube-champagne.com\/fr\/wp-json\/wp\/v2\/pages\/40299\/revisions\/40851"}],"wp:attachment":[{"href":"https:\/\/www.aube-champagne.com\/fr\/wp-json\/wp\/v2\/media?parent=40299"}],"curies":[{"name":"wp","href":"https:\/\/api.w.org\/{rel}","templated":true}]}}