{"id":4788,"date":"2015-02-03T18:27:27","date_gmt":"2015-02-03T18:27:27","guid":{"rendered":"http:\/\/www.aube-champagne.com\/?page_id=4788"},"modified":"2025-10-14T09:11:16","modified_gmt":"2025-10-14T08:11:16","slug":"professionnels-et-groupes-ensemble-visitons-et-decouvrons-laube-en-champagne-2","status":"publish","type":"page","link":"https:\/\/www.aube-champagne.com\/fr\/professionnels-et-groupes-ensemble-visitons-et-decouvrons-laube-en-champagne-2\/","title":{"rendered":"Professionnels et groupes, ensemble visitons et d\u00e9couvrons l\u2019Aube en Champagne"},"content":{"rendered":"<div class=\"wpb-content-wrapper\">[vc_row][vc_column][vc_row_inner][vc_column_inner][vc_single_image image=\u00a0\u00bb45115&Prime; img_size=\u00a0\u00bbfull\u00a0\u00bb][\/vc_column_inner][\/vc_row_inner][vc_column_text]\n<p style=\"text-align: center;\">Pour que votre s\u00e9jour dans l\u2019<strong>Aube en Champagne<\/strong> soit une r\u00e9ussite, l\u2019agence <strong>Aube en Champagne Attractivit\u00e9<\/strong> s\u2019est associ\u00e9e aux <strong>offices de tourisme et agences de voyages r\u00e9ceptives locales<\/strong> et forment ensemble \u00ab le Club des R\u00e9ceptifs de l\u2019Aube \u00bb, afin d\u2019\u00e9laborer toujours plus de nouveaut\u00e9s pour visiter l\u2019Aube en Champagne sous ses diff\u00e9rentes coutures : \u00e9vasion en pleine nature, sur les routes touristiques, jusqu\u2019aux portes des villes d\u2019Art et d\u2019Histoire ou encore sur les traces des Grands Hommes\u2026<\/p>\n<p style=\"text-align: center;\">Le temps d\u2019une journ\u00e9e ou \u00e0 l\u2019occasion d\u2019un s\u00e9jour, d\u00e9couvrez les tr\u00e9sors de cette <strong>destination p\u00e9tillante<\/strong>!<\/p>\n<p style=\"text-align: center;\"><strong>Vous avez une question, une demande de devis, prenez contact avec Estelle Mazard, coordinatrice du club des r\u00e9ceptifs de l\u2019Aube.<\/strong><\/p>\n<p style=\"text-align: center;\"><strong>T. +33 (0)3 25 42 50 83 \u2013 06 76 39 41 58<\/strong><span style=\"color: #d89b29;\"><strong><br \/>\n<\/strong><\/span><\/p>\n[\/vc_column_text][vc_btn title=\u00a0\u00bbContactez Estelle\u00a0\u00bb color=\u00a0\u00bbpink\u00a0\u00bb align=\u00a0\u00bbcenter\u00a0\u00bb link=\u00a0\u00bburl:mailto%3Aestelle.mazard%40aube.fr\u00a0\u00bb][vc_btn title=\u00a0\u00bbVOIR LES AGENCES ET OFFICES DE TOURISME PARTENAIRES\u00a0\u00bb color=\u00a0\u00bbpink\u00a0\u00bb align=\u00a0\u00bbcenter\u00a0\u00bb link=\u00a0\u00bburl:https%3A%2F%2Fwww.aube-champagne.com%2Ffr%2Fnos-agences-de-voyages-receptives-partenaires%2F|target:_blank\u00a0\u00bb][vc_btn title=\u00a0\u00bbCONSULTEZ NOS OFFRES GROUPES\u00a0\u00bb color=\u00a0\u00bbpink\u00a0\u00bb align=\u00a0\u00bbcenter\u00a0\u00bb link=\u00a0\u00bburl:https%3A%2F%2Fgroupes.aube-champagne.com%2Ffr%2Fnos-fiches-thematiques%2F|target:_blank\u00a0\u00bb][vc_empty_space][vc_separator color=\u00a0\u00bborange\u00a0\u00bb el_width=\u00a0\u00bb30&Prime;][vc_empty_space][\/vc_column][\/vc_row]\n<\/div>","protected":false},"excerpt":{"rendered":"<p>[vc_row][vc_column][vc_row_inner][vc_column_inner][vc_single_image image=\u00a0\u00bb45115&Prime; img_size=\u00a0\u00bbfull\u00a0\u00bb][\/vc_column_inner][\/vc_row_inner][vc_column_text] Pour que votre s\u00e9jour dans l\u2019Aube en Champagne soit une r\u00e9ussite, l\u2019agence Aube en Champagne Attractivit\u00e9 s\u2019est associ\u00e9e aux offices de tourisme et agences de voyages r\u00e9ceptives locales et forment ensemble \u00ab le Club des R\u00e9ceptifs de l\u2019Aube \u00bb, afin d\u2019\u00e9laborer toujours&hellip;  <a href=\"https:\/\/www.aube-champagne.com\/fr\/professionnels-et-groupes-ensemble-visitons-et-decouvrons-laube-en-champagne-2\/\" title=\"Read Professionnels et groupes, ensemble visitons et d\u00e9couvrons l\u2019Aube en Champagne\">En savoir plus&raquo;<\/a><\/p>\n","protected":false},"author":1,"featured_media":46697,"parent":0,"menu_order":0,"comment_status":"closed","ping_status":"closed","template":"","meta":{"footnotes":""},"class_list":["post-4788","page","type-page","status-publish","has-post-thumbnail","hentry"],"yoast_head":"<!-- This site is optimized with the Yoast SEO plugin v27.3 - https:\/\/yoast.com\/product\/yoast-seo-wordpress\/ -->\n<title>Professionnels et groupes en Champagne<\/title>\n<meta name=\"description\" content=\"Des id\u00e9es et services cl\u00e9s en mains pour toutes les activit\u00e9s et visites pour professionnels et groupes. D\u00e9couvrez les tr\u00e9sors de cette destination p\u00e9tillante !\" \/>\n<meta name=\"robots\" content=\"index, follow, max-snippet:-1, max-image-preview:large, max-video-preview:-1\" \/>\n<link rel=\"canonical\" href=\"https:\/\/www.aube-champagne.com\/fr\/professionnels-et-groupes-ensemble-visitons-et-decouvrons-laube-en-champagne-2\/\" \/>\n<meta property=\"og:locale\" content=\"fr_FR\" \/>\n<meta property=\"og:type\" content=\"article\" \/>\n<meta property=\"og:title\" content=\"Professionnels et groupes en Champagne\" \/>\n<meta property=\"og:description\" content=\"Des id\u00e9es et services cl\u00e9s en mains pour toutes les activit\u00e9s et visites pour professionnels et groupes. D\u00e9couvrez les tr\u00e9sors de cette destination p\u00e9tillante !\" \/>\n<meta property=\"og:url\" content=\"https:\/\/www.aube-champagne.com\/fr\/professionnels-et-groupes-ensemble-visitons-et-decouvrons-laube-en-champagne-2\/\" \/>\n<meta property=\"og:site_name\" content=\"Aube Champagne\" \/>\n<meta property=\"article:publisher\" content=\"https:\/\/www.facebook.com\/aube.champagne\" \/>\n<meta property=\"article:modified_time\" content=\"2025-10-14T08:11:16+00:00\" \/>\n<meta property=\"og:image\" content=\"https:\/\/www.aube-champagne.com\/assets\/uploads\/2016\/06\/Cabane-Orient-credit-Clara-Ferrand.jpg\" \/>\n\t<meta property=\"og:image:width\" content=\"568\" \/>\n\t<meta property=\"og:image:height\" content=\"380\" \/>\n\t<meta property=\"og:image:type\" content=\"image\/jpeg\" \/>\n<meta name=\"twitter:card\" content=\"summary_large_image\" \/>\n<meta name=\"twitter:site\" content=\"@AubeChampagne\" \/>\n<meta name=\"twitter:label1\" content=\"Dur\u00e9e de lecture estim\u00e9e\" \/>\n\t<meta name=\"twitter:data1\" content=\"2 minutes\" \/>\n<script type=\"application\/ld+json\" class=\"yoast-schema-graph\">{\"@context\":\"https:\\\/\\\/schema.org\",\"@graph\":[{\"@type\":\"WebPage\",\"@id\":\"https:\\\/\\\/www.aube-champagne.com\\\/fr\\\/professionnels-et-groupes-ensemble-visitons-et-decouvrons-laube-en-champagne-2\\\/\",\"url\":\"https:\\\/\\\/www.aube-champagne.com\\\/fr\\\/professionnels-et-groupes-ensemble-visitons-et-decouvrons-laube-en-champagne-2\\\/\",\"name\":\"Professionnels et groupes en Champagne\",\"isPartOf\":{\"@id\":\"https:\\\/\\\/www.aube-champagne.com\\\/fr\\\/#website\"},\"primaryImageOfPage\":{\"@id\":\"https:\\\/\\\/www.aube-champagne.com\\\/fr\\\/professionnels-et-groupes-ensemble-visitons-et-decouvrons-laube-en-champagne-2\\\/#primaryimage\"},\"image\":{\"@id\":\"https:\\\/\\\/www.aube-champagne.com\\\/fr\\\/professionnels-et-groupes-ensemble-visitons-et-decouvrons-laube-en-champagne-2\\\/#primaryimage\"},\"thumbnailUrl\":\"https:\\\/\\\/www.aube-champagne.com\\\/assets\\\/uploads\\\/2016\\\/06\\\/Cabane-Orient-credit-Clara-Ferrand.jpg\",\"datePublished\":\"2015-02-03T18:27:27+00:00\",\"dateModified\":\"2025-10-14T08:11:16+00:00\",\"description\":\"Des id\u00e9es et services cl\u00e9s en mains pour toutes les activit\u00e9s et visites pour professionnels et groupes. D\u00e9couvrez les tr\u00e9sors de cette destination p\u00e9tillante !\",\"breadcrumb\":{\"@id\":\"https:\\\/\\\/www.aube-champagne.com\\\/fr\\\/professionnels-et-groupes-ensemble-visitons-et-decouvrons-laube-en-champagne-2\\\/#breadcrumb\"},\"inLanguage\":\"fr-FR\",\"potentialAction\":[{\"@type\":\"ReadAction\",\"target\":[\"https:\\\/\\\/www.aube-champagne.com\\\/fr\\\/professionnels-et-groupes-ensemble-visitons-et-decouvrons-laube-en-champagne-2\\\/\"]}]},{\"@type\":\"ImageObject\",\"inLanguage\":\"fr-FR\",\"@id\":\"https:\\\/\\\/www.aube-champagne.com\\\/fr\\\/professionnels-et-groupes-ensemble-visitons-et-decouvrons-laube-en-champagne-2\\\/#primaryimage\",\"url\":\"https:\\\/\\\/www.aube-champagne.com\\\/assets\\\/uploads\\\/2016\\\/06\\\/Cabane-Orient-credit-Clara-Ferrand.jpg\",\"contentUrl\":\"https:\\\/\\\/www.aube-champagne.com\\\/assets\\\/uploads\\\/2016\\\/06\\\/Cabane-Orient-credit-Clara-Ferrand.jpg\",\"width\":568,\"height\":380,\"caption\":\"cabane orient credit clara\"},{\"@type\":\"BreadcrumbList\",\"@id\":\"https:\\\/\\\/www.aube-champagne.com\\\/fr\\\/professionnels-et-groupes-ensemble-visitons-et-decouvrons-laube-en-champagne-2\\\/#breadcrumb\",\"itemListElement\":[{\"@type\":\"ListItem\",\"position\":1,\"name\":\"Accueil\",\"item\":\"https:\\\/\\\/www.aube-champagne.com\\\/fr\\\/\"},{\"@type\":\"ListItem\",\"position\":2,\"name\":\"Professionnels et groupes, ensemble visitons et d\u00e9couvrons l\u2019Aube en Champagne\"}]},{\"@type\":\"WebSite\",\"@id\":\"https:\\\/\\\/www.aube-champagne.com\\\/fr\\\/#website\",\"url\":\"https:\\\/\\\/www.aube-champagne.com\\\/fr\\\/\",\"name\":\"Aube Champagne\",\"description\":\"Aube Champagne\",\"potentialAction\":[{\"@type\":\"SearchAction\",\"target\":{\"@type\":\"EntryPoint\",\"urlTemplate\":\"https:\\\/\\\/www.aube-champagne.com\\\/fr\\\/?s={search_term_string}\"},\"query-input\":{\"@type\":\"PropertyValueSpecification\",\"valueRequired\":true,\"valueName\":\"search_term_string\"}}],\"inLanguage\":\"fr-FR\"}]}<\/script>\n<!-- \/ Yoast SEO plugin. -->","yoast_head_json":{"title":"Professionnels et groupes en Champagne","description":"Des id\u00e9es et services cl\u00e9s en mains pour toutes les activit\u00e9s et visites pour professionnels et groupes. D\u00e9couvrez les tr\u00e9sors de cette destination p\u00e9tillante !","robots":{"index":"index","follow":"follow","max-snippet":"max-snippet:-1","max-image-preview":"max-image-preview:large","max-video-preview":"max-video-preview:-1"},"canonical":"https:\/\/www.aube-champagne.com\/fr\/professionnels-et-groupes-ensemble-visitons-et-decouvrons-laube-en-champagne-2\/","og_locale":"fr_FR","og_type":"article","og_title":"Professionnels et groupes en Champagne","og_description":"Des id\u00e9es et services cl\u00e9s en mains pour toutes les activit\u00e9s et visites pour professionnels et groupes. D\u00e9couvrez les tr\u00e9sors de cette destination p\u00e9tillante !","og_url":"https:\/\/www.aube-champagne.com\/fr\/professionnels-et-groupes-ensemble-visitons-et-decouvrons-laube-en-champagne-2\/","og_site_name":"Aube Champagne","article_publisher":"https:\/\/www.facebook.com\/aube.champagne","article_modified_time":"2025-10-14T08:11:16+00:00","og_image":[{"width":568,"height":380,"url":"https:\/\/www.aube-champagne.com\/assets\/uploads\/2016\/06\/Cabane-Orient-credit-Clara-Ferrand.jpg","type":"image\/jpeg"}],"twitter_card":"summary_large_image","twitter_site":"@AubeChampagne","twitter_misc":{"Dur\u00e9e de lecture estim\u00e9e":"2 minutes"},"schema":{"@context":"https:\/\/schema.org","@graph":[{"@type":"WebPage","@id":"https:\/\/www.aube-champagne.com\/fr\/professionnels-et-groupes-ensemble-visitons-et-decouvrons-laube-en-champagne-2\/","url":"https:\/\/www.aube-champagne.com\/fr\/professionnels-et-groupes-ensemble-visitons-et-decouvrons-laube-en-champagne-2\/","name":"Professionnels et groupes en Champagne","isPartOf":{"@id":"https:\/\/www.aube-champagne.com\/fr\/#website"},"primaryImageOfPage":{"@id":"https:\/\/www.aube-champagne.com\/fr\/professionnels-et-groupes-ensemble-visitons-et-decouvrons-laube-en-champagne-2\/#primaryimage"},"image":{"@id":"https:\/\/www.aube-champagne.com\/fr\/professionnels-et-groupes-ensemble-visitons-et-decouvrons-laube-en-champagne-2\/#primaryimage"},"thumbnailUrl":"https:\/\/www.aube-champagne.com\/assets\/uploads\/2016\/06\/Cabane-Orient-credit-Clara-Ferrand.jpg","datePublished":"2015-02-03T18:27:27+00:00","dateModified":"2025-10-14T08:11:16+00:00","description":"Des id\u00e9es et services cl\u00e9s en mains pour toutes les activit\u00e9s et visites pour professionnels et groupes. D\u00e9couvrez les tr\u00e9sors de cette destination p\u00e9tillante !","breadcrumb":{"@id":"https:\/\/www.aube-champagne.com\/fr\/professionnels-et-groupes-ensemble-visitons-et-decouvrons-laube-en-champagne-2\/#breadcrumb"},"inLanguage":"fr-FR","potentialAction":[{"@type":"ReadAction","target":["https:\/\/www.aube-champagne.com\/fr\/professionnels-et-groupes-ensemble-visitons-et-decouvrons-laube-en-champagne-2\/"]}]},{"@type":"ImageObject","inLanguage":"fr-FR","@id":"https:\/\/www.aube-champagne.com\/fr\/professionnels-et-groupes-ensemble-visitons-et-decouvrons-laube-en-champagne-2\/#primaryimage","url":"https:\/\/www.aube-champagne.com\/assets\/uploads\/2016\/06\/Cabane-Orient-credit-Clara-Ferrand.jpg","contentUrl":"https:\/\/www.aube-champagne.com\/assets\/uploads\/2016\/06\/Cabane-Orient-credit-Clara-Ferrand.jpg","width":568,"height":380,"caption":"cabane orient credit clara"},{"@type":"BreadcrumbList","@id":"https:\/\/www.aube-champagne.com\/fr\/professionnels-et-groupes-ensemble-visitons-et-decouvrons-laube-en-champagne-2\/#breadcrumb","itemListElement":[{"@type":"ListItem","position":1,"name":"Accueil","item":"https:\/\/www.aube-champagne.com\/fr\/"},{"@type":"ListItem","position":2,"name":"Professionnels et groupes, ensemble visitons et d\u00e9couvrons l\u2019Aube en Champagne"}]},{"@type":"WebSite","@id":"https:\/\/www.aube-champagne.com\/fr\/#website","url":"https:\/\/www.aube-champagne.com\/fr\/","name":"Aube Champagne","description":"Aube Champagne","potentialAction":[{"@type":"SearchAction","target":{"@type":"EntryPoint","urlTemplate":"https:\/\/www.aube-champagne.com\/fr\/?s={search_term_string}"},"query-input":{"@type":"PropertyValueSpecification","valueRequired":true,"valueName":"search_term_string"}}],"inLanguage":"fr-FR"}]}},"publishpress_future_action":{"enabled":false,"date":"2026-04-17 11:27:45","action":"change-status","newStatus":"draft","terms":[],"taxonomy":"translation_priority","extraData":[]},"publishpress_future_workflow_manual_trigger":{"enabledWorkflows":[]},"_links":{"self":[{"href":"https:\/\/www.aube-champagne.com\/fr\/wp-json\/wp\/v2\/pages\/4788","targetHints":{"allow":["GET"]}}],"collection":[{"href":"https:\/\/www.aube-champagne.com\/fr\/wp-json\/wp\/v2\/pages"}],"about":[{"href":"https:\/\/www.aube-champagne.com\/fr\/wp-json\/wp\/v2\/types\/page"}],"author":[{"embeddable":true,"href":"https:\/\/www.aube-champagne.com\/fr\/wp-json\/wp\/v2\/users\/1"}],"replies":[{"embeddable":true,"href":"https:\/\/www.aube-champagne.com\/fr\/wp-json\/wp\/v2\/comments?post=4788"}],"version-history":[{"count":8,"href":"https:\/\/www.aube-champagne.com\/fr\/wp-json\/wp\/v2\/pages\/4788\/revisions"}],"predecessor-version":[{"id":89977,"href":"https:\/\/www.aube-champagne.com\/fr\/wp-json\/wp\/v2\/pages\/4788\/revisions\/89977"}],"wp:featuredmedia":[{"embeddable":true,"href":"https:\/\/www.aube-champagne.com\/fr\/wp-json\/wp\/v2\/media\/46697"}],"wp:attachment":[{"href":"https:\/\/www.aube-champagne.com\/fr\/wp-json\/wp\/v2\/media?parent=4788"}],"curies":[{"name":"wp","href":"https:\/\/api.w.org\/{rel}","templated":true}]}}