{"id":4794,"date":"2015-02-03T18:38:09","date_gmt":"2015-02-03T18:38:09","guid":{"rendered":"http:\/\/www.aube-champagne.com\/?page_id=4794"},"modified":"2021-06-29T10:50:16","modified_gmt":"2021-06-29T09:50:16","slug":"contact-aube-en-champagne-tourisme","status":"publish","type":"page","link":"https:\/\/www.aube-champagne.com\/fr\/contact-aube-en-champagne-tourisme\/","title":{"rendered":"Contact Aube en Champagne Tourisme"},"content":{"rendered":"","protected":false},"excerpt":{"rendered":"","protected":false},"author":1,"featured_media":0,"parent":0,"menu_order":0,"comment_status":"closed","ping_status":"closed","template":"page-templates\/contact.php","meta":{"footnotes":""},"class_list":["post-4794","page","type-page","status-publish","hentry"],"yoast_head":"<!-- This site is optimized with the Yoast SEO plugin v27.4 - https:\/\/yoast.com\/product\/yoast-seo-wordpress\/ -->\n<title>Contact - Comit\u00e9 D\u00e9partemental du Tourisme de l&#039;Aube<\/title>\n<meta name=\"description\" content=\"Contact du Comit\u00e9 D\u00e9partemental du Tourisme de l&#039;Aube en Champagne, laissez nous un message, un commentaire ou contactez nous par t\u00e9l\u00e9phone\" \/>\n<meta name=\"robots\" content=\"index, follow, max-snippet:-1, max-image-preview:large, max-video-preview:-1\" \/>\n<link rel=\"canonical\" href=\"https:\/\/www.aube-champagne.com\/fr\/contact-aube-en-champagne-tourisme\/\" \/>\n<meta property=\"og:locale\" content=\"fr_FR\" \/>\n<meta property=\"og:type\" content=\"article\" \/>\n<meta property=\"og:title\" content=\"Contact - Comit\u00e9 D\u00e9partemental du Tourisme de l&#039;Aube\" \/>\n<meta property=\"og:description\" content=\"Contact du Comit\u00e9 D\u00e9partemental du Tourisme de l&#039;Aube en Champagne, laissez nous un message, un commentaire ou contactez nous par t\u00e9l\u00e9phone\" \/>\n<meta property=\"og:url\" content=\"https:\/\/www.aube-champagne.com\/fr\/contact-aube-en-champagne-tourisme\/\" \/>\n<meta property=\"og:site_name\" content=\"Aube Champagne\" \/>\n<meta property=\"article:publisher\" content=\"https:\/\/www.facebook.com\/aube.champagne\" \/>\n<meta property=\"article:modified_time\" content=\"2021-06-29T09:50:16+00:00\" \/>\n<meta property=\"og:image\" content=\"https:\/\/www.aube-champagne.com\/assets\/uploads\/2015\/03\/Aube-Champagne-Logo.jpg\" \/>\n\t<meta property=\"og:image:width\" content=\"440\" \/>\n\t<meta property=\"og:image:height\" content=\"155\" \/>\n\t<meta property=\"og:image:type\" content=\"image\/jpeg\" \/>\n<meta name=\"twitter:card\" content=\"summary_large_image\" \/>\n<meta name=\"twitter:site\" content=\"@AubeChampagne\" \/>\n<script type=\"application\/ld+json\" class=\"yoast-schema-graph\">{\"@context\":\"https:\\\/\\\/schema.org\",\"@graph\":[{\"@type\":\"WebPage\",\"@id\":\"https:\\\/\\\/www.aube-champagne.com\\\/fr\\\/contact-aube-en-champagne-tourisme\\\/\",\"url\":\"https:\\\/\\\/www.aube-champagne.com\\\/fr\\\/contact-aube-en-champagne-tourisme\\\/\",\"name\":\"Contact - Comit\u00e9 D\u00e9partemental du Tourisme de l'Aube\",\"isPartOf\":{\"@id\":\"https:\\\/\\\/www.aube-champagne.com\\\/fr\\\/#website\"},\"datePublished\":\"2015-02-03T18:38:09+00:00\",\"dateModified\":\"2021-06-29T09:50:16+00:00\",\"description\":\"Contact du Comit\u00e9 D\u00e9partemental du Tourisme de l'Aube en Champagne, laissez nous un message, un commentaire ou contactez nous par t\u00e9l\u00e9phone\",\"breadcrumb\":{\"@id\":\"https:\\\/\\\/www.aube-champagne.com\\\/fr\\\/contact-aube-en-champagne-tourisme\\\/#breadcrumb\"},\"inLanguage\":\"fr-FR\",\"potentialAction\":[{\"@type\":\"ReadAction\",\"target\":[\"https:\\\/\\\/www.aube-champagne.com\\\/fr\\\/contact-aube-en-champagne-tourisme\\\/\"]}]},{\"@type\":\"BreadcrumbList\",\"@id\":\"https:\\\/\\\/www.aube-champagne.com\\\/fr\\\/contact-aube-en-champagne-tourisme\\\/#breadcrumb\",\"itemListElement\":[{\"@type\":\"ListItem\",\"position\":1,\"name\":\"Accueil\",\"item\":\"https:\\\/\\\/www.aube-champagne.com\\\/fr\\\/\"},{\"@type\":\"ListItem\",\"position\":2,\"name\":\"Contact Aube en Champagne Tourisme\"}]},{\"@type\":\"WebSite\",\"@id\":\"https:\\\/\\\/www.aube-champagne.com\\\/fr\\\/#website\",\"url\":\"https:\\\/\\\/www.aube-champagne.com\\\/fr\\\/\",\"name\":\"Aube Champagne\",\"description\":\"Aube Champagne\",\"potentialAction\":[{\"@type\":\"SearchAction\",\"target\":{\"@type\":\"EntryPoint\",\"urlTemplate\":\"https:\\\/\\\/www.aube-champagne.com\\\/fr\\\/?s={search_term_string}\"},\"query-input\":{\"@type\":\"PropertyValueSpecification\",\"valueRequired\":true,\"valueName\":\"search_term_string\"}}],\"inLanguage\":\"fr-FR\"}]}<\/script>\n<!-- \/ Yoast SEO plugin. -->","yoast_head_json":{"title":"Contact - Comit\u00e9 D\u00e9partemental du Tourisme de l'Aube","description":"Contact du Comit\u00e9 D\u00e9partemental du Tourisme de l'Aube en Champagne, laissez nous un message, un commentaire ou contactez nous par t\u00e9l\u00e9phone","robots":{"index":"index","follow":"follow","max-snippet":"max-snippet:-1","max-image-preview":"max-image-preview:large","max-video-preview":"max-video-preview:-1"},"canonical":"https:\/\/www.aube-champagne.com\/fr\/contact-aube-en-champagne-tourisme\/","og_locale":"fr_FR","og_type":"article","og_title":"Contact - Comit\u00e9 D\u00e9partemental du Tourisme de l'Aube","og_description":"Contact du Comit\u00e9 D\u00e9partemental du Tourisme de l'Aube en Champagne, laissez nous un message, un commentaire ou contactez nous par t\u00e9l\u00e9phone","og_url":"https:\/\/www.aube-champagne.com\/fr\/contact-aube-en-champagne-tourisme\/","og_site_name":"Aube Champagne","article_publisher":"https:\/\/www.facebook.com\/aube.champagne","article_modified_time":"2021-06-29T09:50:16+00:00","og_image":[{"width":440,"height":155,"url":"https:\/\/www.aube-champagne.com\/assets\/uploads\/2015\/03\/Aube-Champagne-Logo.jpg","type":"image\/jpeg"}],"twitter_card":"summary_large_image","twitter_site":"@AubeChampagne","schema":{"@context":"https:\/\/schema.org","@graph":[{"@type":"WebPage","@id":"https:\/\/www.aube-champagne.com\/fr\/contact-aube-en-champagne-tourisme\/","url":"https:\/\/www.aube-champagne.com\/fr\/contact-aube-en-champagne-tourisme\/","name":"Contact - Comit\u00e9 D\u00e9partemental du Tourisme de l'Aube","isPartOf":{"@id":"https:\/\/www.aube-champagne.com\/fr\/#website"},"datePublished":"2015-02-03T18:38:09+00:00","dateModified":"2021-06-29T09:50:16+00:00","description":"Contact du Comit\u00e9 D\u00e9partemental du Tourisme de l'Aube en Champagne, laissez nous un message, un commentaire ou contactez nous par t\u00e9l\u00e9phone","breadcrumb":{"@id":"https:\/\/www.aube-champagne.com\/fr\/contact-aube-en-champagne-tourisme\/#breadcrumb"},"inLanguage":"fr-FR","potentialAction":[{"@type":"ReadAction","target":["https:\/\/www.aube-champagne.com\/fr\/contact-aube-en-champagne-tourisme\/"]}]},{"@type":"BreadcrumbList","@id":"https:\/\/www.aube-champagne.com\/fr\/contact-aube-en-champagne-tourisme\/#breadcrumb","itemListElement":[{"@type":"ListItem","position":1,"name":"Accueil","item":"https:\/\/www.aube-champagne.com\/fr\/"},{"@type":"ListItem","position":2,"name":"Contact Aube en Champagne Tourisme"}]},{"@type":"WebSite","@id":"https:\/\/www.aube-champagne.com\/fr\/#website","url":"https:\/\/www.aube-champagne.com\/fr\/","name":"Aube Champagne","description":"Aube Champagne","potentialAction":[{"@type":"SearchAction","target":{"@type":"EntryPoint","urlTemplate":"https:\/\/www.aube-champagne.com\/fr\/?s={search_term_string}"},"query-input":{"@type":"PropertyValueSpecification","valueRequired":true,"valueName":"search_term_string"}}],"inLanguage":"fr-FR"}]}},"publishpress_future_action":{"enabled":false,"date":"2026-04-30 09:36:03","action":"change-status","newStatus":"draft","terms":[],"taxonomy":"translation_priority","extraData":[]},"publishpress_future_workflow_manual_trigger":{"enabledWorkflows":[]},"_links":{"self":[{"href":"https:\/\/www.aube-champagne.com\/fr\/wp-json\/wp\/v2\/pages\/4794","targetHints":{"allow":["GET"]}}],"collection":[{"href":"https:\/\/www.aube-champagne.com\/fr\/wp-json\/wp\/v2\/pages"}],"about":[{"href":"https:\/\/www.aube-champagne.com\/fr\/wp-json\/wp\/v2\/types\/page"}],"author":[{"embeddable":true,"href":"https:\/\/www.aube-champagne.com\/fr\/wp-json\/wp\/v2\/users\/1"}],"replies":[{"embeddable":true,"href":"https:\/\/www.aube-champagne.com\/fr\/wp-json\/wp\/v2\/comments?post=4794"}],"version-history":[{"count":2,"href":"https:\/\/www.aube-champagne.com\/fr\/wp-json\/wp\/v2\/pages\/4794\/revisions"}],"predecessor-version":[{"id":30556,"href":"https:\/\/www.aube-champagne.com\/fr\/wp-json\/wp\/v2\/pages\/4794\/revisions\/30556"}],"wp:attachment":[{"href":"https:\/\/www.aube-champagne.com\/fr\/wp-json\/wp\/v2\/media?parent=4794"}],"curies":[{"name":"wp","href":"https:\/\/api.w.org\/{rel}","templated":true}]}}