{"id":4855,"date":"2015-02-05T13:41:16","date_gmt":"2015-02-05T13:41:16","guid":{"rendered":"http:\/\/www.aube-champagne.com\/?page_id=4855"},"modified":"2015-03-17T09:10:27","modified_gmt":"2015-03-17T09:10:27","slug":"mentions-legales","status":"publish","type":"page","link":"https:\/\/www.aube-champagne.com\/fr\/mentions-legales\/","title":{"rendered":"Mentions l\u00e9gales"},"content":{"rendered":"<div class=\"wpb-content-wrapper\">[vc_row full_width=\u00a0\u00bbstretch_row\u00a0\u00bb][vc_column width=\u00a0\u00bb1\/1&Prime;][vc_column_text]\n<p style=\"text-align: justify;\" align=\"justify\">\u00a0\u00ab\u00a0L&rsquo;abus d&rsquo;alcool est dangereux pour la sant\u00e9. Consommez avec mod\u00e9ration \u00ab\u00a0<\/p>\n<p style=\"text-align: justify;\" align=\"justify\">Le site <a href=\"http:\/\/www.aube-champagne.com\/\"><strong>www.aube-champagne.com<\/strong><\/a> est la propri\u00e9t\u00e9 de Aube en Champagne Tourisme- Quai Dampierre &#8211; 10000 TROYES &#8211; France. Directrice de la publication : Mme Christelle TAILLARDAT. H\u00e9bergement : Lynkware\u00a0&#8211; T\u00e9l. +33 9 51850146.<\/p>\n[\/vc_column_text][vc_column_text css=\u00a0\u00bb.vc_custom_1425308971112{margin-bottom: 10px !important;}\u00a0\u00bb]\n<h5><strong>RESPECT LEGAL &#8211; FINALITE DES DONNEES<\/strong><\/h5>\n[\/vc_column_text][vc_column_text]\n<p style=\"text-align: justify;\">Conform\u00e9ment \u00e0 la Loi Informatique et Libert\u00e9s du 6 janvier 1978, vous disposez d&rsquo;un droit d&rsquo;acc\u00e8s et de rectification aux donn\u00e9es personnelles vous concernant. Si vous souhaitez exercer ce droit il vous suffit, dans les conditions l\u00e9gales d\u00e9finies ci apr\u00e8s, de prendre contact avec notre service ad hoc via <a href=\"mailto:bonjour@aube-champagne.com\">bonjour@aube-champagne.com<\/a>.<br \/>\nDans un souci de parfaite confidentialit\u00e9, <a href=\"http:\/\/www.aube-champagne.com\/\"><strong>www.aube-champagne.com<\/strong><\/a> s&rsquo;engage \u00e0 ne divulguer aucune information qu&rsquo;elle est amen\u00e9e \u00e0 d\u00e9tenir sur ses visiteurs, aupr\u00e8s de qui que ce soit.<\/p>\n[\/vc_column_text][vc_column_text css=\u00a0\u00bb.vc_custom_1425308986182{margin-bottom: 10px !important;}\u00a0\u00bb]\n<h5><strong>DROIT ET PROPRIETE<br \/>\n<\/strong><\/h5>\n[\/vc_column_text][vc_column_text]\n<p style=\"text-align: justify;\">Les photographies, textes, slogans, dessins, images, logos, cartographies, s\u00e9quences anim\u00e9es ou non ainsi que toutes oeuvres int\u00e9gr\u00e9s dans le site sont la propri\u00e9t\u00e9 de Aube en Champagne Tourisme ou de tiers ayant autoris\u00e9 Aube en Champagne Tourisme\u00e0 les utiliser.<br \/>\nLes reproductions, sur un support papier ou informatique, dudit site et des documents qui y sont reproduits sont autoris\u00e9es dans le seul but de pr\u00e9parer son s\u00e9jour dans le d\u00e9partement de l&rsquo;Aube, excluant tout usage \u00e0 des fins publicitaires et\/ou commerciales et\/ou d&rsquo;information et\/ou qu&rsquo;elles soient conformes aux dispositions de l&rsquo;article L122-5 du Code de la Propri\u00e9t\u00e9 Intellectuelle, sans autorisation pr\u00e9alable de Aube en Champagne Tourisme.<\/p>\n[\/vc_column_text][vc_column_text css=\u00a0\u00bb.vc_custom_1425309028741{margin-bottom: 10px !important;}\u00a0\u00bb]\n<h5><strong>LIENS HYPERTEXTES<br \/>\n<\/strong><\/h5>\n[\/vc_column_text][vc_column_text]\n<p style=\"text-align: justify;\" align=\"justify\">La mise en place d&rsquo;un lien hypertexte vers le site <a href=\"http:\/\/www.aube-champagne.com\/\"><strong>www.aube-champagne.com<\/strong><\/a> n\u00e9cessite une autorisation pr\u00e9alable \u00e9crite \u00e0 Aube en Champagne Tourisme. Si vous souhaitez mettre en place un lien hypertexte vers notre site, vous devez en cons\u00e9quence prendre contact avec le responsable du site.<br \/>\nAube en Champagne Tourisme ne peut en aucun cas \u00eatre tenu pour responsable de la mise \u00e0 disposition des sites qui font l&rsquo;objet d&rsquo;un lien hypertexte \u00e0 partir du site\u00a0<a href=\"http:\/\/www.aube-champagne.com\/\"><strong>www.aube-champagne.com<\/strong><\/a> et ne peut supporter aucune responsabilit\u00e9 sur le contenu, les produits, les services, etc. disponibles sur ces sites ou \u00e0 partir de ces sites.<\/p>\n[\/vc_column_text][vc_column_text css=\u00a0\u00bb.vc_custom_1425309060116{margin-bottom: 10px !important;}\u00a0\u00bb]\n<h5><strong>LIMITATION DE RESPONSABILITE<br \/>\n<\/strong><\/h5>\n[\/vc_column_text][vc_column_text]\n<p style=\"text-align: justify;\">L&rsquo;utilisateur utilise le site \u00e0 ses seuls risques. En aucun cas, ni Aube en Champagne Tourisme, ni ses partenaires et sous-traitants ne pourront \u00eatre tenus responsables des dommages directs ou indirects, et notamment pr\u00e9judice mat\u00e9riel, perte de donn\u00e9es ou de programme, pr\u00e9judice financier, r\u00e9sultant de l&rsquo;acc\u00e8s ou de l&rsquo;utilisation de ce site ou de tous sites qui lui sont li\u00e9s. Le contenu du site est pr\u00e9sent\u00e9 sans aucune garantie de quelque nature que ce soit.<br \/>\nL&rsquo;acc\u00e8s aux produits et services pr\u00e9sent\u00e9s sur le site peut faire l&rsquo;objet de restrictions. Vous devez donc vous assurer que la loi du pays \u00e0 partir duquel la connexion est \u00e9tablie vous autorise \u00e0 acc\u00e9der \u00e0 notre site.<\/p>\n[\/vc_column_text][\/vc_column][\/vc_row]\n<\/div>","protected":false},"excerpt":{"rendered":"<p>[vc_row full_width=\u00a0\u00bbstretch_row\u00a0\u00bb][vc_column width=\u00a0\u00bb1\/1&Prime;][vc_column_text] \u00a0\u00ab\u00a0L&rsquo;abus d&rsquo;alcool est dangereux pour la sant\u00e9. Consommez avec mod\u00e9ration \u00ab\u00a0 Le site www.aube-champagne.com est la propri\u00e9t\u00e9 de Aube en Champagne Tourisme- Quai Dampierre &#8211; 10000 TROYES &#8211; France. Directrice de la publication : Mme Christelle TAILLARDAT. H\u00e9bergement : Lynkware\u00a0&#8211; T\u00e9l. +33&hellip;  <a href=\"https:\/\/www.aube-champagne.com\/fr\/mentions-legales\/\" title=\"Read Mentions l\u00e9gales\">En savoir plus&raquo;<\/a><\/p>\n","protected":false},"author":1,"featured_media":0,"parent":0,"menu_order":0,"comment_status":"closed","ping_status":"open","template":"","meta":{"footnotes":""},"class_list":["post-4855","page","type-page","status-publish","hentry"],"yoast_head":"<!-- This site is optimized with the Yoast SEO plugin v27.5 - https:\/\/yoast.com\/product\/yoast-seo-wordpress\/ -->\n<title>Mentions l\u00e9gales - Aube Champagne<\/title>\n<meta name=\"description\" content=\"\u00a0&quot;L&#039;abus d&#039;alcool est dangereux pour la sant\u00e9. Consommez avec mod\u00e9ration &quot; Le site www.aube-champagne.com est la propri\u00e9t\u00e9 de Aube en Champagne Tourisme-\" \/>\n<meta name=\"robots\" content=\"index, follow, max-snippet:-1, max-image-preview:large, max-video-preview:-1\" \/>\n<link rel=\"canonical\" href=\"https:\/\/www.aube-champagne.com\/fr\/mentions-legales\/\" \/>\n<meta property=\"og:locale\" content=\"fr_FR\" \/>\n<meta property=\"og:type\" content=\"article\" \/>\n<meta property=\"og:title\" content=\"Mentions l\u00e9gales - Aube Champagne\" \/>\n<meta property=\"og:description\" content=\"\u00a0&quot;L&#039;abus d&#039;alcool est dangereux pour la sant\u00e9. Consommez avec mod\u00e9ration &quot; Le site www.aube-champagne.com est la propri\u00e9t\u00e9 de Aube en Champagne Tourisme-\" \/>\n<meta property=\"og:url\" content=\"https:\/\/www.aube-champagne.com\/fr\/mentions-legales\/\" \/>\n<meta property=\"og:site_name\" content=\"Aube Champagne\" \/>\n<meta property=\"article:publisher\" content=\"https:\/\/www.facebook.com\/aube.champagne\" \/>\n<meta property=\"article:modified_time\" content=\"2015-03-17T09:10:27+00:00\" \/>\n<meta property=\"og:image\" content=\"https:\/\/www.aube-champagne.com\/assets\/uploads\/2015\/03\/Aube-Champagne-Logo.jpg\" \/>\n\t<meta property=\"og:image:width\" content=\"440\" \/>\n\t<meta property=\"og:image:height\" content=\"155\" \/>\n\t<meta property=\"og:image:type\" content=\"image\/jpeg\" \/>\n<meta name=\"twitter:card\" content=\"summary_large_image\" \/>\n<meta name=\"twitter:site\" content=\"@AubeChampagne\" \/>\n<meta name=\"twitter:label1\" content=\"Dur\u00e9e de lecture estim\u00e9e\" \/>\n\t<meta name=\"twitter:data1\" content=\"3 minutes\" \/>\n<script type=\"application\/ld+json\" class=\"yoast-schema-graph\">{\"@context\":\"https:\\\/\\\/schema.org\",\"@graph\":[{\"@type\":\"WebPage\",\"@id\":\"https:\\\/\\\/www.aube-champagne.com\\\/fr\\\/mentions-legales\\\/\",\"url\":\"https:\\\/\\\/www.aube-champagne.com\\\/fr\\\/mentions-legales\\\/\",\"name\":\"Mentions l\u00e9gales - Aube Champagne\",\"isPartOf\":{\"@id\":\"https:\\\/\\\/www.aube-champagne.com\\\/fr\\\/#website\"},\"datePublished\":\"2015-02-05T13:41:16+00:00\",\"dateModified\":\"2015-03-17T09:10:27+00:00\",\"description\":\"\u00a0\\\"L'abus d'alcool est dangereux pour la sant\u00e9. Consommez avec mod\u00e9ration \\\" Le site www.aube-champagne.com est la propri\u00e9t\u00e9 de Aube en Champagne Tourisme-\",\"breadcrumb\":{\"@id\":\"https:\\\/\\\/www.aube-champagne.com\\\/fr\\\/mentions-legales\\\/#breadcrumb\"},\"inLanguage\":\"fr-FR\",\"potentialAction\":[{\"@type\":\"ReadAction\",\"target\":[\"https:\\\/\\\/www.aube-champagne.com\\\/fr\\\/mentions-legales\\\/\"]}]},{\"@type\":\"BreadcrumbList\",\"@id\":\"https:\\\/\\\/www.aube-champagne.com\\\/fr\\\/mentions-legales\\\/#breadcrumb\",\"itemListElement\":[{\"@type\":\"ListItem\",\"position\":1,\"name\":\"Accueil\",\"item\":\"https:\\\/\\\/www.aube-champagne.com\\\/fr\\\/\"},{\"@type\":\"ListItem\",\"position\":2,\"name\":\"Mentions l\u00e9gales\"}]},{\"@type\":\"WebSite\",\"@id\":\"https:\\\/\\\/www.aube-champagne.com\\\/fr\\\/#website\",\"url\":\"https:\\\/\\\/www.aube-champagne.com\\\/fr\\\/\",\"name\":\"Aube Champagne\",\"description\":\"Aube Champagne\",\"potentialAction\":[{\"@type\":\"SearchAction\",\"target\":{\"@type\":\"EntryPoint\",\"urlTemplate\":\"https:\\\/\\\/www.aube-champagne.com\\\/fr\\\/?s={search_term_string}\"},\"query-input\":{\"@type\":\"PropertyValueSpecification\",\"valueRequired\":true,\"valueName\":\"search_term_string\"}}],\"inLanguage\":\"fr-FR\"}]}<\/script>\n<!-- \/ Yoast SEO plugin. -->","yoast_head_json":{"title":"Mentions l\u00e9gales - Aube Champagne","description":"\u00a0\"L'abus d'alcool est dangereux pour la sant\u00e9. Consommez avec mod\u00e9ration \" Le site www.aube-champagne.com est la propri\u00e9t\u00e9 de Aube en Champagne Tourisme-","robots":{"index":"index","follow":"follow","max-snippet":"max-snippet:-1","max-image-preview":"max-image-preview:large","max-video-preview":"max-video-preview:-1"},"canonical":"https:\/\/www.aube-champagne.com\/fr\/mentions-legales\/","og_locale":"fr_FR","og_type":"article","og_title":"Mentions l\u00e9gales - Aube Champagne","og_description":"\u00a0\"L'abus d'alcool est dangereux pour la sant\u00e9. Consommez avec mod\u00e9ration \" Le site www.aube-champagne.com est la propri\u00e9t\u00e9 de Aube en Champagne Tourisme-","og_url":"https:\/\/www.aube-champagne.com\/fr\/mentions-legales\/","og_site_name":"Aube Champagne","article_publisher":"https:\/\/www.facebook.com\/aube.champagne","article_modified_time":"2015-03-17T09:10:27+00:00","og_image":[{"width":440,"height":155,"url":"https:\/\/www.aube-champagne.com\/assets\/uploads\/2015\/03\/Aube-Champagne-Logo.jpg","type":"image\/jpeg"}],"twitter_card":"summary_large_image","twitter_site":"@AubeChampagne","twitter_misc":{"Dur\u00e9e de lecture estim\u00e9e":"3 minutes"},"schema":{"@context":"https:\/\/schema.org","@graph":[{"@type":"WebPage","@id":"https:\/\/www.aube-champagne.com\/fr\/mentions-legales\/","url":"https:\/\/www.aube-champagne.com\/fr\/mentions-legales\/","name":"Mentions l\u00e9gales - Aube Champagne","isPartOf":{"@id":"https:\/\/www.aube-champagne.com\/fr\/#website"},"datePublished":"2015-02-05T13:41:16+00:00","dateModified":"2015-03-17T09:10:27+00:00","description":"\u00a0\"L'abus d'alcool est dangereux pour la sant\u00e9. Consommez avec mod\u00e9ration \" Le site www.aube-champagne.com est la propri\u00e9t\u00e9 de Aube en Champagne Tourisme-","breadcrumb":{"@id":"https:\/\/www.aube-champagne.com\/fr\/mentions-legales\/#breadcrumb"},"inLanguage":"fr-FR","potentialAction":[{"@type":"ReadAction","target":["https:\/\/www.aube-champagne.com\/fr\/mentions-legales\/"]}]},{"@type":"BreadcrumbList","@id":"https:\/\/www.aube-champagne.com\/fr\/mentions-legales\/#breadcrumb","itemListElement":[{"@type":"ListItem","position":1,"name":"Accueil","item":"https:\/\/www.aube-champagne.com\/fr\/"},{"@type":"ListItem","position":2,"name":"Mentions l\u00e9gales"}]},{"@type":"WebSite","@id":"https:\/\/www.aube-champagne.com\/fr\/#website","url":"https:\/\/www.aube-champagne.com\/fr\/","name":"Aube Champagne","description":"Aube Champagne","potentialAction":[{"@type":"SearchAction","target":{"@type":"EntryPoint","urlTemplate":"https:\/\/www.aube-champagne.com\/fr\/?s={search_term_string}"},"query-input":{"@type":"PropertyValueSpecification","valueRequired":true,"valueName":"search_term_string"}}],"inLanguage":"fr-FR"}]}},"publishpress_future_action":{"enabled":false,"date":"2026-05-09 15:22:34","action":"change-status","newStatus":"draft","terms":[],"taxonomy":"translation_priority","extraData":[]},"publishpress_future_workflow_manual_trigger":{"enabledWorkflows":[]},"_links":{"self":[{"href":"https:\/\/www.aube-champagne.com\/fr\/wp-json\/wp\/v2\/pages\/4855","targetHints":{"allow":["GET"]}}],"collection":[{"href":"https:\/\/www.aube-champagne.com\/fr\/wp-json\/wp\/v2\/pages"}],"about":[{"href":"https:\/\/www.aube-champagne.com\/fr\/wp-json\/wp\/v2\/types\/page"}],"author":[{"embeddable":true,"href":"https:\/\/www.aube-champagne.com\/fr\/wp-json\/wp\/v2\/users\/1"}],"replies":[{"embeddable":true,"href":"https:\/\/www.aube-champagne.com\/fr\/wp-json\/wp\/v2\/comments?post=4855"}],"version-history":[{"count":0,"href":"https:\/\/www.aube-champagne.com\/fr\/wp-json\/wp\/v2\/pages\/4855\/revisions"}],"wp:attachment":[{"href":"https:\/\/www.aube-champagne.com\/fr\/wp-json\/wp\/v2\/media?parent=4855"}],"curies":[{"name":"wp","href":"https:\/\/api.w.org\/{rel}","templated":true}]}}