{"id":4857,"date":"2015-02-05T13:42:16","date_gmt":"2015-02-05T13:42:16","guid":{"rendered":"http:\/\/www.aube-champagne.com\/?page_id=4857"},"modified":"2018-06-19T16:50:40","modified_gmt":"2018-06-19T15:50:40","slug":"offices-de-tourisme-et-partenaires","status":"publish","type":"page","link":"https:\/\/www.aube-champagne.com\/fr\/offices-de-tourisme-et-partenaires\/","title":{"rendered":"Offices de tourisme et partenaires"},"content":{"rendered":"<div class=\"wpb-content-wrapper\">[vc_row full_width=\u00a0\u00bbstretch_row\u00a0\u00bb][vc_column][vc_column_text]\n<div class=\"SYSPETI-Value1\">\n<h3>Liens internet de nos partenaires<\/h3>\n<\/div>\n<div class=\"SYSPEpara3\"><\/div>\n[\/vc_column_text][\/vc_column][\/vc_row][vc_row full_width=\u00a0\u00bbstretch_row\u00a0\u00bb][vc_column width=\u00a0\u00bb1\/2&Prime;][vc_separator][vc_column_text]\n<h4>Les Offices de Tourisme de l&rsquo;Aube en Champagne<\/h4>\n[\/vc_column_text][vc_column_text]\n<ul>\n<li>\n<div style=\"text-align: justify;\" align=\"justify\"><a href=\"http:\/\/www.tourisme-troyes.com\/\" target=\"_blank\" rel=\"noopener\">Troyes Champagne Tourisme<\/a><\/div>\n<\/li>\n<li>\n<div style=\"text-align: justify;\" align=\"justify\"><a href=\"http:\/\/www.ville-brienne-le-chateau.fr\/\" target=\"_blank\" rel=\"noopener\">Office de Tourisme des Lacs de Champagne<\/a><\/div>\n<\/li>\n<li>\n<div align=\"justify\"><a href=\"http:\/\/www.tourisme-nogentais.fr\/\" target=\"_blank\" rel=\"noopener\">Office de Tourisme du Nogentais et de la Vall\u00e9e de la Seine<\/a><\/div>\n<\/li>\n<li>\n<div align=\"justify\">\u00a0<a style=\"font-family: inherit; font-size: 1em;\" href=\"http:\/\/www.tourisme-cotedesbar.com\/\" target=\"_blank\" rel=\"noopener\">Office de Tourisme de la C\u00f4te des Bar<\/a><\/div>\n<\/li>\n<li>\n<div style=\"text-align: justify;\" align=\"justify\"><a href=\"http:\/\/www.pnr-foret-orient.fr\/\" target=\"_blank\" rel=\"noopener\">Parc Naturel R\u00e9gional de la For\u00eat d&rsquo;Orient<\/a><\/div>\n<\/li>\n<li style=\"text-align: justify;\"><a href=\"http:\/\/www.tourisme-othe-armance.com\/fr\/\" target=\"_blank\" rel=\"noopener\">Office de Tourisme Othe-Armance<\/a><\/li>\n<\/ul>\n<h4>Les partenaires touristiques institutionnels<\/h4>\n<ul>\n<li><a href=\"http:\/\/www.franceguide.com\/\" target=\"_blank\" rel=\"noopener\">Atout France<\/a><\/li>\n<li><a href=\"http:\/\/www.tourisme-champagne-ardenne.com\/\" target=\"_blank\" rel=\"noopener\">Comit\u00e9 R\u00e9gional du Tourisme Champagne Ardenne<\/a><\/li>\n<li><a href=\"http:\/\/www.ardennes.com\/\" target=\"_blank\" rel=\"noopener\">Comit\u00e9 D\u00e9partemental du Tourisme\u00a0des Ardennes<\/a><\/li>\n<li><a href=\"http:\/\/www.tourisme-hautemarne.com\/\" target=\"_blank\" rel=\"noopener\">Maison\u00a0D\u00e9partementale du Tourisme de\u00a0Haute Marne<\/a><\/li>\n<li><a href=\"http:\/\/www.tourisme-en-champagne.com\/\" target=\"_blank\" rel=\"noopener\">Comit\u00e9 D\u00e9partemental du Tourisme de la\u00a0Marne<\/a><\/li>\n<li><a href=\"http:\/\/www.tourisme.fr\/\" target=\"_blank\" rel=\"noopener\">F\u00e9d\u00e9ration Nationale des Offices de Tourisme et Syndicats d&rsquo;Initiative<\/a><\/li>\n<li><a href=\"http:\/\/www.rn2d.net\/\" target=\"_blank\" rel=\"noopener\">R\u00e9seau National des destinations d\u00e9partementales<\/a><\/li>\n<li><a href=\"http:\/\/www.destination-groupes.net\/\" target=\"_blank\" rel=\"noopener\">Club Destination Groupes<\/a><\/li>\n<\/ul>\n[\/vc_column_text][vc_empty_space height=\u00a0\u00bb0&Prime;][\/vc_column][vc_column width=\u00a0\u00bb1\/2&Prime;][vc_separator][vc_column_text]\n<h4>Les partenaires touristiques &#8211; h\u00e9bergements<\/h4>\n[\/vc_column_text][vc_column_text]\n<ul>\n<li>\n<div align=\"justify\"><a href=\"http:\/\/www.clevacances.com\/fr\/location-liste?q=dep-10&amp;__q=Aube+%28departement%29&amp;date_start=&amp;date_end=&amp;capacity=1&amp;rechercher=Trouver+mon+h%C3%A9bergement\" target=\"_blank\" rel=\"noopener\">Cl\u00e9vacances Aube en Champagne<\/a><\/div>\n<\/li>\n<li><a href=\"http:\/\/www.gites-de-france-aube.com\/\" target=\"_blank\" rel=\"noopener\">G\u00eetes de France Aube<\/a><\/li>\n<li><a href=\"http:\/\/www.logishotels.com\/fr\/hotels?destination=Aube%2C+France&amp;destination_val=Aube%2C+France&amp;destination_lat=48.1563418&amp;destination_long=4.37324620000004&amp;destination_short=&amp;no_dates=1&amp;DateIn=J%27arrive+le...&amp;DateOut=Je+pars+le...&amp;opt_chambre=2&amp;nb_chambres=1&amp;nb_adultes=1&amp;nb_enfants=0\" target=\"_blank\" rel=\"noopener\">Logis Aube<\/a><\/li>\n<li><a href=\"http:\/\/www.ffaccc.fr\/\" target=\"_blank\" rel=\"noopener\">F\u00e9d\u00e9ration Fran\u00e7aise des Associations et Clubs de Camping Cars<\/a><\/li>\n<li><a href=\"http:\/\/www.52we.com\/guides\/search\/aube\" target=\"_blank\" rel=\"noopener\">Week-end en Champagne avec 52we.com<\/a><\/li>\n<li><a href=\"http:\/\/www.partout-en-france.com\/recherche\/annonces.php?dpt=10\" target=\"_blank\" rel=\"noopener\">Partout-en-France.com<\/a><\/li>\n<li><a href=\"http:\/\/www.milletapes.fr\/tourisme-departement\/aube\" target=\"_blank\" rel=\"noopener\">Guide touristique Mill\u00e9tapes &#8211; tourisme dans l&rsquo;Aube<\/a><\/li>\n<li>\n<div align=\"justify\"><a href=\"http:\/\/www.champagne-les-riceys.com\/\" target=\"_blank\" rel=\"noopener\">Le Portail des Vignerons des Riceys<\/a><\/div>\n<\/li>\n<li>\n<div align=\"justify\">\n<div align=\"justify\"><a href=\"http:\/\/www.charme-traditions.com\/\" target=\"_blank\" rel=\"noopener\">Charme-traditions.com<\/a>\u00a0: <a href=\"http:\/\/www.charme-traditions.com\/fr\/locations-de-vacances\/aube-33\" target=\"_blank\" rel=\"noopener\">Locations de g\u00eetes dans l&rsquo;Aube<\/a><\/div>\n<\/div>\n<\/li>\n<li>\n<div align=\"justify\">\n<div align=\"justify\"><a href=\"http:\/\/www.via-champagne-ardenne.com\/\" target=\"_blank\" rel=\"noopener\">Viavoyage Champagne Ardenne<\/a><\/div>\n<\/div>\n<\/li>\n<li>\n<div align=\"justify\"><a href=\"http:\/\/www.fleursdesoleil.fr\/\" target=\"_blank\" rel=\"noopener\">Fleurs de soleil<\/a><\/div>\n<\/li>\n<\/ul>\n<h4>Autres partenaires<\/h4>\n<ul>\n<li>\n<div align=\"justify\"><a href=\"https:\/\/www.oenotourisme.com\/?s=champagne\" target=\"_blank\" rel=\"noopener\">Oenotourisme.com<\/a><\/div>\n<\/li>\n<li>\n<div align=\"justify\"><a href=\"https:\/\/www.winalist.co\/fr\/fiches\/\">Winalist.co<\/a><\/div>\n<\/li>\n<li><a href=\"https:\/\/www.rendezvouscheznous.com\/activites?address=Troyes%2C+France&amp;keywords=&amp;date=&amp;numberofparticipant=\">Rendezvouscheznous.com<\/a><\/li>\n<li><a href=\"https:\/\/www.ruedesvignerons.com\/fr\/region\/vignoble-de-champagne\">Ruedesvignerons.com<\/a><\/li>\n<\/ul>\n[\/vc_column_text][vc_empty_space height=\u00a0\u00bb0&Prime;][\/vc_column][\/vc_row][vc_row full_width=\u00a0\u00bbstretch_row\u00a0\u00bb][vc_column width=\u00a0\u00bb1\/2&Prime;][vc_separator][vc_empty_space height=\u00a0\u00bb0&Prime;][\/vc_column][\/vc_row]\n<\/div>","protected":false},"excerpt":{"rendered":"<p>[vc_row full_width=\u00a0\u00bbstretch_row\u00a0\u00bb][vc_column][vc_column_text] Liens internet de nos partenaires [\/vc_column_text][\/vc_column][\/vc_row][vc_row full_width=\u00a0\u00bbstretch_row\u00a0\u00bb][vc_column width=\u00a0\u00bb1\/2&Prime;][vc_separator][vc_column_text] Les Offices de Tourisme de l&rsquo;Aube en Champagne [\/vc_column_text][vc_column_text] Troyes Champagne Tourisme Office de Tourisme des Lacs de Champagne Office de Tourisme du Nogentais et de la Vall\u00e9e de la Seine \u00a0Office de Tourisme de&hellip;  <a href=\"https:\/\/www.aube-champagne.com\/fr\/offices-de-tourisme-et-partenaires\/\" title=\"Read Offices de tourisme et partenaires\">En savoir plus&raquo;<\/a><\/p>\n","protected":false},"author":1,"featured_media":0,"parent":0,"menu_order":0,"comment_status":"closed","ping_status":"open","template":"","meta":{"footnotes":""},"class_list":["post-4857","page","type-page","status-publish","hentry"],"yoast_head":"<!-- This site is optimized with the Yoast SEO plugin v27.3 - https:\/\/yoast.com\/product\/yoast-seo-wordpress\/ -->\n<title>Offices de tourisme et partenaires de CDT Aube<\/title>\n<meta name=\"description\" content=\"Les liens des Offices de tourisme et partenaires de l&#039;Aube en Champagne\" \/>\n<meta name=\"robots\" content=\"index, follow, max-snippet:-1, max-image-preview:large, max-video-preview:-1\" \/>\n<link rel=\"canonical\" href=\"https:\/\/www.aube-champagne.com\/fr\/offices-de-tourisme-et-partenaires\/\" \/>\n<meta property=\"og:locale\" content=\"fr_FR\" \/>\n<meta property=\"og:type\" content=\"article\" \/>\n<meta property=\"og:title\" content=\"Offices de tourisme et partenaires de CDT Aube\" \/>\n<meta property=\"og:description\" content=\"Les liens des Offices de tourisme et partenaires de l&#039;Aube en Champagne\" \/>\n<meta property=\"og:url\" content=\"https:\/\/www.aube-champagne.com\/fr\/offices-de-tourisme-et-partenaires\/\" \/>\n<meta property=\"og:site_name\" content=\"Aube Champagne\" \/>\n<meta property=\"article:publisher\" content=\"https:\/\/www.facebook.com\/aube.champagne\" \/>\n<meta property=\"article:modified_time\" content=\"2018-06-19T15:50:40+00:00\" \/>\n<meta property=\"og:image\" content=\"https:\/\/www.aube-champagne.com\/assets\/uploads\/2015\/03\/Aube-Champagne-Logo.jpg\" \/>\n\t<meta property=\"og:image:width\" content=\"440\" \/>\n\t<meta property=\"og:image:height\" content=\"155\" \/>\n\t<meta property=\"og:image:type\" content=\"image\/jpeg\" \/>\n<meta name=\"twitter:card\" content=\"summary_large_image\" \/>\n<meta name=\"twitter:site\" content=\"@AubeChampagne\" \/>\n<meta name=\"twitter:label1\" content=\"Dur\u00e9e de lecture estim\u00e9e\" \/>\n\t<meta name=\"twitter:data1\" content=\"1 minute\" \/>\n<script type=\"application\/ld+json\" class=\"yoast-schema-graph\">{\"@context\":\"https:\\\/\\\/schema.org\",\"@graph\":[{\"@type\":\"WebPage\",\"@id\":\"https:\\\/\\\/www.aube-champagne.com\\\/fr\\\/offices-de-tourisme-et-partenaires\\\/\",\"url\":\"https:\\\/\\\/www.aube-champagne.com\\\/fr\\\/offices-de-tourisme-et-partenaires\\\/\",\"name\":\"Offices de tourisme et partenaires de CDT Aube\",\"isPartOf\":{\"@id\":\"https:\\\/\\\/www.aube-champagne.com\\\/fr\\\/#website\"},\"datePublished\":\"2015-02-05T13:42:16+00:00\",\"dateModified\":\"2018-06-19T15:50:40+00:00\",\"description\":\"Les liens des Offices de tourisme et partenaires de l'Aube en Champagne\",\"breadcrumb\":{\"@id\":\"https:\\\/\\\/www.aube-champagne.com\\\/fr\\\/offices-de-tourisme-et-partenaires\\\/#breadcrumb\"},\"inLanguage\":\"fr-FR\",\"potentialAction\":[{\"@type\":\"ReadAction\",\"target\":[\"https:\\\/\\\/www.aube-champagne.com\\\/fr\\\/offices-de-tourisme-et-partenaires\\\/\"]}]},{\"@type\":\"BreadcrumbList\",\"@id\":\"https:\\\/\\\/www.aube-champagne.com\\\/fr\\\/offices-de-tourisme-et-partenaires\\\/#breadcrumb\",\"itemListElement\":[{\"@type\":\"ListItem\",\"position\":1,\"name\":\"Accueil\",\"item\":\"https:\\\/\\\/www.aube-champagne.com\\\/fr\\\/\"},{\"@type\":\"ListItem\",\"position\":2,\"name\":\"Offices de tourisme et partenaires\"}]},{\"@type\":\"WebSite\",\"@id\":\"https:\\\/\\\/www.aube-champagne.com\\\/fr\\\/#website\",\"url\":\"https:\\\/\\\/www.aube-champagne.com\\\/fr\\\/\",\"name\":\"Aube Champagne\",\"description\":\"Aube Champagne\",\"potentialAction\":[{\"@type\":\"SearchAction\",\"target\":{\"@type\":\"EntryPoint\",\"urlTemplate\":\"https:\\\/\\\/www.aube-champagne.com\\\/fr\\\/?s={search_term_string}\"},\"query-input\":{\"@type\":\"PropertyValueSpecification\",\"valueRequired\":true,\"valueName\":\"search_term_string\"}}],\"inLanguage\":\"fr-FR\"}]}<\/script>\n<!-- \/ Yoast SEO plugin. -->","yoast_head_json":{"title":"Offices de tourisme et partenaires de CDT Aube","description":"Les liens des Offices de tourisme et partenaires de l'Aube en Champagne","robots":{"index":"index","follow":"follow","max-snippet":"max-snippet:-1","max-image-preview":"max-image-preview:large","max-video-preview":"max-video-preview:-1"},"canonical":"https:\/\/www.aube-champagne.com\/fr\/offices-de-tourisme-et-partenaires\/","og_locale":"fr_FR","og_type":"article","og_title":"Offices de tourisme et partenaires de CDT Aube","og_description":"Les liens des Offices de tourisme et partenaires de l'Aube en Champagne","og_url":"https:\/\/www.aube-champagne.com\/fr\/offices-de-tourisme-et-partenaires\/","og_site_name":"Aube Champagne","article_publisher":"https:\/\/www.facebook.com\/aube.champagne","article_modified_time":"2018-06-19T15:50:40+00:00","og_image":[{"width":440,"height":155,"url":"https:\/\/www.aube-champagne.com\/assets\/uploads\/2015\/03\/Aube-Champagne-Logo.jpg","type":"image\/jpeg"}],"twitter_card":"summary_large_image","twitter_site":"@AubeChampagne","twitter_misc":{"Dur\u00e9e de lecture estim\u00e9e":"1 minute"},"schema":{"@context":"https:\/\/schema.org","@graph":[{"@type":"WebPage","@id":"https:\/\/www.aube-champagne.com\/fr\/offices-de-tourisme-et-partenaires\/","url":"https:\/\/www.aube-champagne.com\/fr\/offices-de-tourisme-et-partenaires\/","name":"Offices de tourisme et partenaires de CDT Aube","isPartOf":{"@id":"https:\/\/www.aube-champagne.com\/fr\/#website"},"datePublished":"2015-02-05T13:42:16+00:00","dateModified":"2018-06-19T15:50:40+00:00","description":"Les liens des Offices de tourisme et partenaires de l'Aube en Champagne","breadcrumb":{"@id":"https:\/\/www.aube-champagne.com\/fr\/offices-de-tourisme-et-partenaires\/#breadcrumb"},"inLanguage":"fr-FR","potentialAction":[{"@type":"ReadAction","target":["https:\/\/www.aube-champagne.com\/fr\/offices-de-tourisme-et-partenaires\/"]}]},{"@type":"BreadcrumbList","@id":"https:\/\/www.aube-champagne.com\/fr\/offices-de-tourisme-et-partenaires\/#breadcrumb","itemListElement":[{"@type":"ListItem","position":1,"name":"Accueil","item":"https:\/\/www.aube-champagne.com\/fr\/"},{"@type":"ListItem","position":2,"name":"Offices de tourisme et partenaires"}]},{"@type":"WebSite","@id":"https:\/\/www.aube-champagne.com\/fr\/#website","url":"https:\/\/www.aube-champagne.com\/fr\/","name":"Aube Champagne","description":"Aube Champagne","potentialAction":[{"@type":"SearchAction","target":{"@type":"EntryPoint","urlTemplate":"https:\/\/www.aube-champagne.com\/fr\/?s={search_term_string}"},"query-input":{"@type":"PropertyValueSpecification","valueRequired":true,"valueName":"search_term_string"}}],"inLanguage":"fr-FR"}]}},"publishpress_future_action":{"enabled":false,"date":"2026-04-16 00:48:17","action":"change-status","newStatus":"draft","terms":[],"taxonomy":"translation_priority","extraData":[]},"publishpress_future_workflow_manual_trigger":{"enabledWorkflows":[]},"_links":{"self":[{"href":"https:\/\/www.aube-champagne.com\/fr\/wp-json\/wp\/v2\/pages\/4857","targetHints":{"allow":["GET"]}}],"collection":[{"href":"https:\/\/www.aube-champagne.com\/fr\/wp-json\/wp\/v2\/pages"}],"about":[{"href":"https:\/\/www.aube-champagne.com\/fr\/wp-json\/wp\/v2\/types\/page"}],"author":[{"embeddable":true,"href":"https:\/\/www.aube-champagne.com\/fr\/wp-json\/wp\/v2\/users\/1"}],"replies":[{"embeddable":true,"href":"https:\/\/www.aube-champagne.com\/fr\/wp-json\/wp\/v2\/comments?post=4857"}],"version-history":[{"count":2,"href":"https:\/\/www.aube-champagne.com\/fr\/wp-json\/wp\/v2\/pages\/4857\/revisions"}],"predecessor-version":[{"id":30795,"href":"https:\/\/www.aube-champagne.com\/fr\/wp-json\/wp\/v2\/pages\/4857\/revisions\/30795"}],"wp:attachment":[{"href":"https:\/\/www.aube-champagne.com\/fr\/wp-json\/wp\/v2\/media?parent=4857"}],"curies":[{"name":"wp","href":"https:\/\/api.w.org\/{rel}","templated":true}]}}