{"id":4864,"date":"2015-02-05T13:50:01","date_gmt":"2015-02-05T13:50:01","guid":{"rendered":"http:\/\/www.aube-champagne.com\/?page_id=4864"},"modified":"2026-02-10T15:59:19","modified_gmt":"2026-02-10T14:59:19","slug":"credits","status":"publish","type":"page","link":"https:\/\/www.aube-champagne.com\/fr\/credits\/","title":{"rendered":"Mentions l\u00e9gales et Conditions g\u00e9n\u00e9rales d&rsquo;utilisation"},"content":{"rendered":"<div class=\"wpb-content-wrapper\">[vc_row full_width=\u00a0\u00bbstretch_row\u00a0\u00bb][vc_column][vc_column_text]Version 1 &#8211; Mai 2018<\/p>\n<p>\u00ab\u00a0L\u2019abus d\u2019alcool est dangereux pour la sant\u00e9. Consommez avec mod\u00e9ration\u00a0\u00bb<\/p>\n<p>Le site <a href=\"http:\/\/www.aube-champagne.com\/\"><strong>www.aube-champagne.com<\/strong><\/a> est la propri\u00e9t\u00e9 de l\u2019Aube en Champagne Attractivit\u00e9 &#8211; Quai Dampierre \u2013 10000 TROYES \u2013 France. Directrice de la publication : Mme Christelle TAILLARDAT. H\u00e9bergement : Lynkware \u2013 T\u00e9l. +33 9 51850146.<\/p>\n<p>&nbsp;<\/p>\n<h2>Article 1 : objet<\/h2>\n<p>Les pr\u00e9sentes \u00ab conditions g\u00e9n\u00e9rales d&rsquo;utilisation \u00bb ont pour objet l&rsquo;encadrement juridique de l\u2019utilisation du site <a href=\"http:\/\/www.aube-champagne.com\">www.aube-champagne.com<\/a> et de ses services.<\/p>\n<p>Ce contrat est conclu entre :<\/p>\n<p>L\u2019association l&rsquo;Aube en Champagne Attractivit\u00e9 \u00a0aussi nomm\u00e9e Comit\u00e9 D\u00e9partemental du Tourisme de l\u2019Aube en Champagne, ci-apr\u00e8s d\u00e9sign\u00e9 \u00abl\u2019\u00c9diteur \u00bb,<\/p>\n<p>Toute personne physique ou morale souhaitant acc\u00e9der au site et \u00e0 ses services, ci-apr\u00e8s appel\u00e9 \u00abl\u2019Utilisateur\u00bb.<\/p>\n<h2>Article 2 : acc\u00e8s aux services<\/h2>\n<p>L\u2019Utilisateur du site <a href=\"http:\/\/www.aube-champagne.com\">www.aube-champagne.com<\/a> a acc\u00e8s aux services suivants :<\/p>\n<ul>\n<li>Visionner et contacter l\u2019offre touristique du d\u00e9partement de l\u2019Aube en Champagne Attractivit\u00e9 par listing complet, listing selon labels, listing autour de soi, cartographie<\/li>\n<li>Visionner les offres de s\u00e9jours packag\u00e9es<\/li>\n<li>Avoir acc\u00e8s aux avis r\u00e9colt\u00e9s sur les plateformes<\/li>\n<li>Avoir acc\u00e8s au chat pour des conseils touristiques mettant l\u2019utilisateur et l\u2019\u00e9diteur en relation<\/li>\n<li>Lire les articles de nos testeurs reporteurs<\/li>\n<li>T\u00e9l\u00e9charger de documents touristiques<\/li>\n<\/ul>\n<p>Tout Utilisateur ayant acc\u00e8s \u00e0 internet peut acc\u00e9der gratuitement et depuis n\u2019importe o\u00f9 au site. Les frais support\u00e9s par l\u2019Utilisateur pour y acc\u00e9der (connexion internet, mat\u00e9riel informatique, etc.) ne sont pas \u00e0 la charge de l\u2019\u00c9diteur.<\/p>\n<p>Le site et ses diff\u00e9rents services peuvent \u00eatre interrompus ou suspendus par l\u2019\u00c9diteur, notamment \u00e0 l\u2019occasion d\u2019une maintenance, sans obligation de pr\u00e9avis ou de justification.<\/p>\n<h2>Article 3 : acceptation et mises \u00e0 jour des cgu<\/h2>\n<p>L&rsquo;acc\u00e8s au Site est conditionn\u00e9 au respect par l&rsquo;Utilisateur des Conditions d&rsquo;utilisation. En cons\u00e9quence, par sa seule navigation sur le Site, l&rsquo;Utilisateur est r\u00e9put\u00e9 avoir accept\u00e9, les CGU.<\/p>\n<p>Lorsque l\u2019utilisateur s\u2019inscrit sur le site <a href=\"http:\/\/www.aube-champagne.com\">www.aube-champagne.com<\/a> il confirme accepter sans restriction ni r\u00e9serve les Conditions d\u2019utilisation. Si l\u2019utilisateur est en d\u00e9saccord avec l\u2019un de ses termes, il est libre de ne pas ou plus utiliser nos services (en cas de modification des termes des CGU).<\/p>\n<p>Nous nous r\u00e9servons le droit de modifier \u00e0 tout moment les Conditions d\u2019utilisation. Dans ce cas, nous publierons les nouvelles versions des CGU sur les pages de notre Site <a href=\"http:\/\/www.aube-champagne.com\">www.aube-champagne.com<\/a> et nous vous alerterons au moyen d\u2019un e-mail.<\/p>\n<h2>Article 4 : responsabilit\u00e9 de l\u2019utilisateur<\/h2>\n<p>L&rsquo;Utilisateur est responsable des risques li\u00e9s \u00e0 l\u2019utilisation de son identifiant de connexion et de son mot de passe lors des connexions pour laisser un commentaire (partie blog) et pour laisser un avis sur les \u00e9tablissements touristiques le permettant<\/p>\n<p>Le mot de passe de l\u2019Utilisateur doit rester secret. En cas de divulgation de mot de passe, l\u2019\u00c9diteur d\u00e9cline toute responsabilit\u00e9.<\/p>\n<p>L\u2019Utilisateur assume l\u2019enti\u00e8re responsabilit\u00e9 de l\u2019utilisation qu\u2019il fait des informations et contenus pr\u00e9sents sur le site <a href=\"http:\/\/www.aube-champagne.com\">www.aube-champagne.com<\/a><\/p>\n<p>Tout usage du service par l&rsquo;Utilisateur ayant directement ou indirectement pour cons\u00e9quence des dommages doit faire l&rsquo;objet d&rsquo;une indemnisation au profit du site.<\/p>\n<p>Le membre s\u2019engage \u00e0 tenir des propos respectueux des autres et de la loi et accepte que ces publications soient mod\u00e9r\u00e9es ou refus\u00e9es par l\u2019\u00c9diteur, sans obligation de justification.<\/p>\n<p>En publiant sur le site, l\u2019Utilisateur c\u00e8de \u00e0 la soci\u00e9t\u00e9 \u00e9ditrice le droit non exclusif et gratuit de repr\u00e9senter, reproduire, adapter, modifier, diffuser et distribuer sa publication, directement ou par un tiers autoris\u00e9.<\/p>\n<p>L\u2019Utilisateur garantit express\u00e9ment la v\u00e9racit\u00e9 et la r\u00e9alit\u00e9 des informations lors de son inscription.<\/p>\n<p>En cas de manquement \u00e0 une ou plusieurs de ces obligations, nous nous r\u00e9servons le droit d&rsquo;exclure du Service <a href=\"http:\/\/www.aube-champagne.com\">www.aube-champagne.com<\/a>l\u2019utilisateur fautif.<\/p>\n<h2>Article 5 : responsabilit\u00e9 de l\u2019\u00e9diteur<\/h2>\n<p>Tout dysfonctionnement du serveur ou du r\u00e9seau ne peut engager la responsabilit\u00e9 de l\u2019\u00c9diteur.<\/p>\n<p>De m\u00eame, la responsabilit\u00e9 du site ne peut \u00eatre engag\u00e9e en cas de force majeure ou du fait impr\u00e9visible et insurmontable d&rsquo;un tiers.<\/p>\n<p>L\u2019\u00c9diteur se r\u00e9serve la facult\u00e9 d\u2019une non-garantie de la fiabilit\u00e9 des sources, bien que les informations diffus\u00e9es sur le site soient r\u00e9put\u00e9es fiables via l\u2019ensemble de son r\u00e9seau (tel que les Offices de Tourisme de l\u2019Aube, les G\u00eete de France, le Comit\u00e9 R\u00e9gional de Tourisme de Champagne Ardenne).<\/p>\n<h2>Article 6\u00a0: Limitation des responsabilit\u00e9s<\/h2>\n<p>L\u2019utilisateur utilise le site \u00e0 ses seuls risques. En aucun cas, ni <a href=\"http:\/\/www.aube-champagne.com\">www.aube-champagne.com<\/a>, ni ses partenaires et sous-traitants ne pourront \u00eatre tenus responsables des dommages directs ou indirects, et notamment pr\u00e9judice mat\u00e9riel, perte de donn\u00e9es ou de programme, pr\u00e9judice financier, r\u00e9sultant de l\u2019acc\u00e8s ou de l\u2019utilisation de ce site ou de tous sites qui lui sont li\u00e9s. Le contenu du site est pr\u00e9sent\u00e9 sans aucune garantie de quelque nature que ce soit.<\/p>\n<p>L\u2019acc\u00e8s aux produits et services pr\u00e9sent\u00e9s sur le site peut faire l\u2019objet de restrictions. Vous devez donc vous assurer que la loi du pays \u00e0 partir duquel la connexion est \u00e9tablie vous autorise \u00e0 acc\u00e9der \u00e0 notre site.<\/p>\n<h2>Article 7 : droit et propri\u00e9t\u00e9 intellectuelle<\/h2>\n<p>Les contenus du site <a href=\"http:\/\/www.aube-champagne.com\">www.aube-champagne.com<\/a> (logos, textes, \u00e9l\u00e9ments graphiques, vid\u00e9os, etc.) sont prot\u00e9g\u00e9s par le droit d\u2019auteur, en vertu du Code de la propri\u00e9t\u00e9 intellectuelle.<\/p>\n<p>Les photographies, textes, slogans, dessins, images, logos, cartographies, s\u00e9quences anim\u00e9es ou non ainsi que toutes \u0153uvres int\u00e9gr\u00e9s dans le site sont la propri\u00e9t\u00e9 de l\u2019Aube en Champagne Tourisme ou de tiers ayant autoris\u00e9 Aube en Champagne Tourisme \u00e0 les utiliser.<\/p>\n<p>Les reproductions, sur un support papier ou informatique, dudit site et des documents qui y sont reproduits sont autoris\u00e9es dans le seul but de pr\u00e9parer son s\u00e9jour dans le d\u00e9partement de l\u2019Aube, excluant tout usage \u00e0 des fins publicitaires et\/ou commerciales et\/ou d\u2019information et\/ou qu\u2019elles soient conformes aux dispositions de l\u2019article L122-5 du Code de la Propri\u00e9t\u00e9 Intellectuelle, sans autorisation pr\u00e9alable de l&rsquo;Aube en Champagne Attractivit\u00e9 .<\/p>\n<p>L\u2019Utilisateur devra obtenir l\u2019autorisation de l\u2019\u00e9diteur du site avant toute reproduction, copie ou publication de ces diff\u00e9rents contenus.<\/p>\n<p>L\u2019Utilisateur est enti\u00e8rement responsable de tout contenu qu\u2019il met en ligne et il s\u2019engage \u00e0 ne pas porter atteinte \u00e0 un tiers.<\/p>\n<p>L\u2019\u00c9diteur du site se r\u00e9serve le droit de mod\u00e9rer ou de supprimer librement et \u00e0 tout moment les contenus mis en ligne par les utilisateurs, et ce sans justification.<\/p>\n<p>L\u2019ensemble de ce site rel\u00e8ve de la l\u00e9gislation fran\u00e7aise et internationale sur le droit d\u2019auteur et sur la propri\u00e9t\u00e9 intellectuelle. Les informations contenues sur www.aube-champagne.com sont la propri\u00e9t\u00e9 exclusive de l\u2019Aube en Champagne Attractivit\u00e9 . Tous les droits de reproduction, de repr\u00e9sentation, et d\u2019adaptation sont r\u00e9serv\u00e9s, y compris pour les textes, les documents t\u00e9l\u00e9chargeables et les repr\u00e9sentations iconographiques et photographiques.<\/p>\n<p>La reproduction, de tout ou partie de ce site sur un support \u00e9lectronique ou tout autre support quel qu\u2019il soit, est formellement interdite sauf autorisation expresse d&rsquo;Aube en Champagne Attractivit\u00e9 (nous contacter : bonjour@aube-champagne.com).<\/p>\n<p><strong>Cr\u00e9dits textes<\/strong><\/p>\n<p>Aube en Champagne Attractivit\u00e9<\/p>\n<p><strong>Cr\u00e9dits photos<\/strong><\/p>\n<p>Philippe Masson, M. Houplain, Condor Vision, Daniel Chaslerie, Philippe Praliaud, Robert Mol\u00e9da, Pierre Boillon, Pascal Bourguignon, Michel Besnier, Didier Jakob, Pascal Stritt, Remi Horiot, Studio Visuel Impact, Explorer, Didier Guy \u2013 Trinit\u00e9 Photo, Richard Bayon, Mich\u00e8le Porta, Castor &amp; Pollux, Jean Aubry, H Gaud, CDT Aube, Olivier Douard.<\/p>\n<h2>Article 8 : liens hypertextes<\/h2>\n<p>Les domaines vers lesquels m\u00e8nent les liens hypertextes pr\u00e9sents sur le site n\u2019engagent pas la responsabilit\u00e9 de l\u2019\u00c9diteur de <a href=\"http:\/\/www.aube-champagne.com\">www.aube-champagne.com<\/a> qui n\u2019a pas de contr\u00f4le sur ces liens.<\/p>\n<p>La mise en place d\u2019un lien hypertexte vers le site <a href=\"http:\/\/www.aube-champagne.com\/\"><strong>www.aube-champagne.com<\/strong><\/a> n\u00e9cessite une autorisation pr\u00e9alable \u00e9crite \u00e0 Aube en Champagne Tourisme. Si vous souhaitez mettre en place un lien hypertexte vers notre site, vous devez en cons\u00e9quence prendre contact avec le responsable du site.<\/p>\n<p>Cependant il est possible pour un tiers de cr\u00e9er un lien vers une page du site <a href=\"http:\/\/www.aube-champagne.com\">www.aube-champagne.com<\/a> sans autorisation expresse de l\u2019\u00e9diteur.<\/p>\n<h2>Article 9 : \u00e9volution des conditions g\u00e9n\u00e9rales d\u2019utilisation<\/h2>\n<p>Le site <a href=\"http:\/\/www.aube-champagne.com\">www.aube-champagne.com<\/a> se r\u00e9serve le droit de modifier les clauses de ces conditions g\u00e9n\u00e9rales d\u2019utilisation \u00e0 tout moment et sans justification.<\/p>\n<h2>Article 10 : dur\u00e9e du contrat<\/h2>\n<p>La dur\u00e9e du pr\u00e9sent contrat est ind\u00e9termin\u00e9e. Le contrat produit ses effets \u00e0 l&rsquo;\u00e9gard de l&rsquo;Utilisateur \u00e0 compter du d\u00e9but de l\u2019utilisation du service.<\/p>\n<h2>Article 11 : droit applicable et juridiction comp\u00e9tente<\/h2>\n<p>Le pr\u00e9sent contrat d\u00e9pend de la l\u00e9gislation fran\u00e7aise.<\/p>\n<p>En cas de litige, les parties d\u00e9cident, dans un premier temps, de tenter de le r\u00e9soudre \u00e0 l\u2019amiable. En cas d\u2019\u00e9chec, tous les litiges susceptible de naitre entre les parties, relatifs \u00e0 la signature, l\u2019interpr\u00e9tation, l&rsquo;ex\u00e9cution et la r\u00e9siliation des pr\u00e9sentes, seront soumis \u00e0 la juridiction exclusive des tribunaux fran\u00e7ais auxquels les parties font express\u00e9ment attribution de comp\u00e9tence, m\u00eame en cas de pluralit\u00e9 de d\u00e9fendeurs, en r\u00e9f\u00e9r\u00e9, appel en garantie ou par requ\u00eate.<\/p>\n<h2>Article 12\u00a0: Conception, r\u00e9alisation et h\u00e9bergement<\/h2>\n<p><a href=\"http:\/\/www.lynkware.com\">http:\/\/www.lynkware.com<\/a><\/p>\n<p>Lynkware S.A.S. &#8211; 1, rue Albert Einstein &#8211; 77420 Champs sur Marne \u2013 France[\/vc_column_text][\/vc_column][\/vc_row]\n<\/div>","protected":false},"excerpt":{"rendered":"<p>[vc_row full_width=\u00a0\u00bbstretch_row\u00a0\u00bb][vc_column][vc_column_text]Version 1 &#8211; Mai 2018 \u00ab\u00a0L\u2019abus d\u2019alcool est dangereux pour la sant\u00e9. Consommez avec mod\u00e9ration\u00a0\u00bb Le site www.aube-champagne.com est la propri\u00e9t\u00e9 de l\u2019Aube en Champagne Attractivit\u00e9 &#8211; Quai Dampierre \u2013 10000 TROYES \u2013 France. Directrice de la publication : Mme Christelle TAILLARDAT. H\u00e9bergement :&hellip;  <a href=\"https:\/\/www.aube-champagne.com\/fr\/credits\/\" title=\"Read Mentions l\u00e9gales et Conditions g\u00e9n\u00e9rales d&rsquo;utilisation\">En savoir plus&raquo;<\/a><\/p>\n","protected":false},"author":1,"featured_media":0,"parent":0,"menu_order":0,"comment_status":"closed","ping_status":"closed","template":"","meta":{"footnotes":""},"class_list":["post-4864","page","type-page","status-publish","hentry"],"yoast_head":"<!-- This site is optimized with the Yoast SEO plugin v27.3 - https:\/\/yoast.com\/product\/yoast-seo-wordpress\/ -->\n<title>Mentions l\u00e9gales et Conditions g\u00e9n\u00e9rales d&#039;utilisation - Aube Champagne<\/title>\n<meta name=\"description\" content=\"Version 1 - Mai 2018 \u00ab\u00a0L\u2019abus d\u2019alcool est dangereux pour la sant\u00e9. Consommez avec mod\u00e9ration\u00a0\u00bb Le site www.aube-champagne.com est la propri\u00e9t\u00e9 de l\u2019Aube\" \/>\n<meta name=\"robots\" content=\"index, follow, max-snippet:-1, max-image-preview:large, max-video-preview:-1\" \/>\n<link rel=\"canonical\" href=\"https:\/\/www.aube-champagne.com\/fr\/credits\/\" \/>\n<meta property=\"og:locale\" content=\"fr_FR\" \/>\n<meta property=\"og:type\" content=\"article\" \/>\n<meta property=\"og:title\" content=\"Mentions l\u00e9gales et Conditions g\u00e9n\u00e9rales d&#039;utilisation - Aube Champagne\" \/>\n<meta property=\"og:description\" content=\"Version 1 - Mai 2018 \u00ab\u00a0L\u2019abus d\u2019alcool est dangereux pour la sant\u00e9. Consommez avec mod\u00e9ration\u00a0\u00bb Le site www.aube-champagne.com est la propri\u00e9t\u00e9 de l\u2019Aube\" \/>\n<meta property=\"og:url\" content=\"https:\/\/www.aube-champagne.com\/fr\/credits\/\" \/>\n<meta property=\"og:site_name\" content=\"Aube Champagne\" \/>\n<meta property=\"article:publisher\" content=\"https:\/\/www.facebook.com\/aube.champagne\" \/>\n<meta property=\"article:modified_time\" content=\"2026-02-10T14:59:19+00:00\" \/>\n<meta property=\"og:image\" content=\"https:\/\/www.aube-champagne.com\/assets\/uploads\/2015\/03\/Aube-Champagne-Logo.jpg\" \/>\n\t<meta property=\"og:image:width\" content=\"440\" \/>\n\t<meta property=\"og:image:height\" content=\"155\" \/>\n\t<meta property=\"og:image:type\" content=\"image\/jpeg\" \/>\n<meta name=\"twitter:card\" content=\"summary_large_image\" \/>\n<meta name=\"twitter:site\" content=\"@AubeChampagne\" \/>\n<meta name=\"twitter:label1\" content=\"Dur\u00e9e de lecture estim\u00e9e\" \/>\n\t<meta name=\"twitter:data1\" content=\"8 minutes\" \/>\n<script type=\"application\/ld+json\" class=\"yoast-schema-graph\">{\"@context\":\"https:\\\/\\\/schema.org\",\"@graph\":[{\"@type\":\"WebPage\",\"@id\":\"https:\\\/\\\/www.aube-champagne.com\\\/fr\\\/credits\\\/\",\"url\":\"https:\\\/\\\/www.aube-champagne.com\\\/fr\\\/credits\\\/\",\"name\":\"Mentions l\u00e9gales et Conditions g\u00e9n\u00e9rales d'utilisation - Aube Champagne\",\"isPartOf\":{\"@id\":\"https:\\\/\\\/www.aube-champagne.com\\\/fr\\\/#website\"},\"datePublished\":\"2015-02-05T13:50:01+00:00\",\"dateModified\":\"2026-02-10T14:59:19+00:00\",\"description\":\"Version 1 - Mai 2018 \u00ab\u00a0L\u2019abus d\u2019alcool est dangereux pour la sant\u00e9. Consommez avec mod\u00e9ration\u00a0\u00bb Le site www.aube-champagne.com est la propri\u00e9t\u00e9 de l\u2019Aube\",\"breadcrumb\":{\"@id\":\"https:\\\/\\\/www.aube-champagne.com\\\/fr\\\/credits\\\/#breadcrumb\"},\"inLanguage\":\"fr-FR\",\"potentialAction\":[{\"@type\":\"ReadAction\",\"target\":[\"https:\\\/\\\/www.aube-champagne.com\\\/fr\\\/credits\\\/\"]}]},{\"@type\":\"BreadcrumbList\",\"@id\":\"https:\\\/\\\/www.aube-champagne.com\\\/fr\\\/credits\\\/#breadcrumb\",\"itemListElement\":[{\"@type\":\"ListItem\",\"position\":1,\"name\":\"Accueil\",\"item\":\"https:\\\/\\\/www.aube-champagne.com\\\/fr\\\/\"},{\"@type\":\"ListItem\",\"position\":2,\"name\":\"Mentions l\u00e9gales et Conditions g\u00e9n\u00e9rales d&rsquo;utilisation\"}]},{\"@type\":\"WebSite\",\"@id\":\"https:\\\/\\\/www.aube-champagne.com\\\/fr\\\/#website\",\"url\":\"https:\\\/\\\/www.aube-champagne.com\\\/fr\\\/\",\"name\":\"Aube Champagne\",\"description\":\"Aube Champagne\",\"potentialAction\":[{\"@type\":\"SearchAction\",\"target\":{\"@type\":\"EntryPoint\",\"urlTemplate\":\"https:\\\/\\\/www.aube-champagne.com\\\/fr\\\/?s={search_term_string}\"},\"query-input\":{\"@type\":\"PropertyValueSpecification\",\"valueRequired\":true,\"valueName\":\"search_term_string\"}}],\"inLanguage\":\"fr-FR\"}]}<\/script>\n<!-- \/ Yoast SEO plugin. -->","yoast_head_json":{"title":"Mentions l\u00e9gales et Conditions g\u00e9n\u00e9rales d'utilisation - Aube Champagne","description":"Version 1 - Mai 2018 \u00ab\u00a0L\u2019abus d\u2019alcool est dangereux pour la sant\u00e9. Consommez avec mod\u00e9ration\u00a0\u00bb Le site www.aube-champagne.com est la propri\u00e9t\u00e9 de l\u2019Aube","robots":{"index":"index","follow":"follow","max-snippet":"max-snippet:-1","max-image-preview":"max-image-preview:large","max-video-preview":"max-video-preview:-1"},"canonical":"https:\/\/www.aube-champagne.com\/fr\/credits\/","og_locale":"fr_FR","og_type":"article","og_title":"Mentions l\u00e9gales et Conditions g\u00e9n\u00e9rales d'utilisation - Aube Champagne","og_description":"Version 1 - Mai 2018 \u00ab\u00a0L\u2019abus d\u2019alcool est dangereux pour la sant\u00e9. Consommez avec mod\u00e9ration\u00a0\u00bb Le site www.aube-champagne.com est la propri\u00e9t\u00e9 de l\u2019Aube","og_url":"https:\/\/www.aube-champagne.com\/fr\/credits\/","og_site_name":"Aube Champagne","article_publisher":"https:\/\/www.facebook.com\/aube.champagne","article_modified_time":"2026-02-10T14:59:19+00:00","og_image":[{"width":440,"height":155,"url":"https:\/\/www.aube-champagne.com\/assets\/uploads\/2015\/03\/Aube-Champagne-Logo.jpg","type":"image\/jpeg"}],"twitter_card":"summary_large_image","twitter_site":"@AubeChampagne","twitter_misc":{"Dur\u00e9e de lecture estim\u00e9e":"8 minutes"},"schema":{"@context":"https:\/\/schema.org","@graph":[{"@type":"WebPage","@id":"https:\/\/www.aube-champagne.com\/fr\/credits\/","url":"https:\/\/www.aube-champagne.com\/fr\/credits\/","name":"Mentions l\u00e9gales et Conditions g\u00e9n\u00e9rales d'utilisation - Aube Champagne","isPartOf":{"@id":"https:\/\/www.aube-champagne.com\/fr\/#website"},"datePublished":"2015-02-05T13:50:01+00:00","dateModified":"2026-02-10T14:59:19+00:00","description":"Version 1 - Mai 2018 \u00ab\u00a0L\u2019abus d\u2019alcool est dangereux pour la sant\u00e9. Consommez avec mod\u00e9ration\u00a0\u00bb Le site www.aube-champagne.com est la propri\u00e9t\u00e9 de l\u2019Aube","breadcrumb":{"@id":"https:\/\/www.aube-champagne.com\/fr\/credits\/#breadcrumb"},"inLanguage":"fr-FR","potentialAction":[{"@type":"ReadAction","target":["https:\/\/www.aube-champagne.com\/fr\/credits\/"]}]},{"@type":"BreadcrumbList","@id":"https:\/\/www.aube-champagne.com\/fr\/credits\/#breadcrumb","itemListElement":[{"@type":"ListItem","position":1,"name":"Accueil","item":"https:\/\/www.aube-champagne.com\/fr\/"},{"@type":"ListItem","position":2,"name":"Mentions l\u00e9gales et Conditions g\u00e9n\u00e9rales d&rsquo;utilisation"}]},{"@type":"WebSite","@id":"https:\/\/www.aube-champagne.com\/fr\/#website","url":"https:\/\/www.aube-champagne.com\/fr\/","name":"Aube Champagne","description":"Aube Champagne","potentialAction":[{"@type":"SearchAction","target":{"@type":"EntryPoint","urlTemplate":"https:\/\/www.aube-champagne.com\/fr\/?s={search_term_string}"},"query-input":{"@type":"PropertyValueSpecification","valueRequired":true,"valueName":"search_term_string"}}],"inLanguage":"fr-FR"}]}},"publishpress_future_action":{"enabled":false,"date":"2026-04-19 16:44:23","action":"change-status","newStatus":"draft","terms":[],"taxonomy":"translation_priority","extraData":[]},"publishpress_future_workflow_manual_trigger":{"enabledWorkflows":[]},"_links":{"self":[{"href":"https:\/\/www.aube-champagne.com\/fr\/wp-json\/wp\/v2\/pages\/4864","targetHints":{"allow":["GET"]}}],"collection":[{"href":"https:\/\/www.aube-champagne.com\/fr\/wp-json\/wp\/v2\/pages"}],"about":[{"href":"https:\/\/www.aube-champagne.com\/fr\/wp-json\/wp\/v2\/types\/page"}],"author":[{"embeddable":true,"href":"https:\/\/www.aube-champagne.com\/fr\/wp-json\/wp\/v2\/users\/1"}],"replies":[{"embeddable":true,"href":"https:\/\/www.aube-champagne.com\/fr\/wp-json\/wp\/v2\/comments?post=4864"}],"version-history":[{"count":6,"href":"https:\/\/www.aube-champagne.com\/fr\/wp-json\/wp\/v2\/pages\/4864\/revisions"}],"predecessor-version":[{"id":90787,"href":"https:\/\/www.aube-champagne.com\/fr\/wp-json\/wp\/v2\/pages\/4864\/revisions\/90787"}],"wp:attachment":[{"href":"https:\/\/www.aube-champagne.com\/fr\/wp-json\/wp\/v2\/media?parent=4864"}],"curies":[{"name":"wp","href":"https:\/\/api.w.org\/{rel}","templated":true}]}}