{"id":52680,"date":"2022-06-23T08:41:55","date_gmt":"2022-06-23T07:41:55","guid":{"rendered":"https:\/\/www.aube-champagne.com\/?page_id=52680"},"modified":"2022-06-27T14:09:46","modified_gmt":"2022-06-27T13:09:46","slug":"autour-des-grands-lacs-de-champagne","status":"publish","type":"page","link":"https:\/\/www.aube-champagne.com\/fr\/autour-des-grands-lacs-de-champagne\/","title":{"rendered":"Autour des Grands Lacs de Champagne"},"content":{"rendered":"<div class=\"wpb-content-wrapper\">[vc_row css=\u00a0\u00bb.vc_custom_1656067103510{margin-bottom: 0px !important;}\u00a0\u00bb][vc_column el_class=\u00a0\u00bbhero__image\u00a0\u00bb][vc_single_image image=\u00a0\u00bb50441&Prime; img_size=\u00a0\u00bbfull\u00a0\u00bb el_class=\u00a0\u00bbgrandslacs__bg\u00a0\u00bb][vc_column_text css=\u00a0\u00bb.vc_custom_1656066952506{margin-bottom: 0px !important;}\u00a0\u00bb]\n<h2 style=\"text-align: center;\"><span style=\"color: #000000;\"><strong>Qu&rsquo;y a-t-il autour des Grands Lacs de la for\u00eat d&rsquo;Orient ?<\/strong><\/span><\/h2>\n[\/vc_column_text][vc_column_text el_id=\u00a0\u00bbweb_intro\u00a0\u00bb]<span style=\"color: #4d4d4d;\">Au sein du Parc naturel r\u00e9gional de la for\u00eat d&rsquo;Orient se m\u00e9langent des paysages de for\u00eats et de belles \u00e9tendues d&rsquo;eau. Entre le v\u00e9lo, la randonn\u00e9e, les sorties avec un guide nature, la pratique de la voile, la p\u00eache ou simplement la baignade\u2026 de nombreuses activit\u00e9s vous invitent au voyage.<\/span><\/p>\n<p><span style=\"color: #4d4d4d;\">Les acteurs du tourisme, les restaurateurs, les h\u00e9bergements et l&rsquo;ensemble des commer\u00e7ants sont heureux de vous accueillir !<\/span>[\/vc_column_text][vc_row_inner css=\u00a0\u00bb.vc_custom_1656066738537{margin-top: 25px !important;margin-bottom: 25px !important;}\u00a0\u00bb][vc_column_inner width=\u00a0\u00bb1\/2&Prime;][vc_btn title=\u00a0\u00bbCarte des grands lacs\u00a0\u00bb align=\u00a0\u00bbcenter\u00a0\u00bb i_icon_fontawesome=\u00a0\u00bbfas fa-map\u00a0\u00bb button_block=\u00a0\u00bbtrue\u00a0\u00bb add_icon=\u00a0\u00bbtrue\u00a0\u00bb link=\u00a0\u00bburl:%23map_redirect\u00a0\u00bb][\/vc_column_inner][vc_column_inner width=\u00a0\u00bb1\/2&Prime;][vc_btn title=\u00a0\u00bb\u00c9v\u00e9nements \u00e0 venir\u00a0\u00bb align=\u00a0\u00bbcenter\u00a0\u00bb i_icon_fontawesome=\u00a0\u00bbfas fa-glass-cheers\u00a0\u00bb button_block=\u00a0\u00bbtrue\u00a0\u00bb add_icon=\u00a0\u00bbtrue\u00a0\u00bb link=\u00a0\u00bburl:%23event_redirect\u00a0\u00bb][\/vc_column_inner][\/vc_row_inner][vc_separator el_width=\u00a0\u00bb50&Prime; css=\u00a0\u00bb.vc_custom_1656066925608{background-color: #f7be68 !important;}\u00a0\u00bb][\/vc_column][\/vc_row][vc_row][vc_column][vc_column_text el_id=\u00a0\u00bbmap_redirect\u00a0\u00bb]\n<h2 style=\"text-align: center;\"><span style=\"color: #000000;\"><strong>Carte des grands lacs de la for\u00eat d&rsquo;Orient<\/strong><\/span><\/h2>\n<p><span style=\"color: #4d4d4d;\"><em>Nous vous conseillons d&rsquo;activer votre g\u00e9olocalisation sur cette page et de la rafra\u00eechir pour optimiser votre recherche des lieux de visite.<\/em><\/span><\/p>\n<p><span style=\"color: #4d4d4d;\">Si vous souhaitez d\u00e9crouvrir vous-m\u00eame les opportunit\u00e9s de cette zone, il vous est possible de renseigner la ville, le type de site \u00e0 d\u00e9couvrir ou localiser directement le point d&rsquo;int\u00e9r\u00eat.<\/span>[\/vc_column_text][vc_column_text]\r\n<div id=\"cdt-map-title\" class=\"row\">\r\n    <div class=\"large-6 columns small-12\">\r\n        <div style=\"\" class=\"mvb_inner_wrapper\">\r\n            <div data-gen-offset=\"bottom-in-view\" data-gen=\"fadeInLeft\" class=\"gmap_module\" style=\"\">\r\n                <a target=\"_blank\" class=\"cdt-btn-map\" href=\"https:\/\/www.google.com\/maps\/dir\/\/\">\r\n                    Itin\u00e9raire                <\/a>\r\n                <div class=\"map-widget row\">\r\n\t<div class=\"large-12 columns map-holder\">\r\n\t\t<div id =\"google-map\" style=\"height: 400px;\"><\/div>\r\n\t<\/div>\r\n\t<div class=\"large-12 columns\"><\/div>\r\n<\/div>            <\/div>\r\n        <\/div>\r\n    <\/div>\r\n    <div class=\"show-for-small-only columns small-12 m-b-20\"><\/div>\r\n    <div class=\"large-4 columns small-12\">\r\n        <div class=\"module module-text  \">\r\n            <div class=\"textwidget\">\r\n\t\t\t<h3 class=\"text-center\">\r\n\t\t\tVille \/ Code postal\t\t<\/h3>\r\n\t\t<div class=\"\">\r\n\t\t\t<input type=\"text\" name=\"cdt-city\" id=\"cdt-city\" autocomplete=\"off\">\r\n\t\t<\/div>\r\n\t\t<div class=\"row\">\r\n\t\t\t<div class=\"small-12 large-6 columns\">\r\n\t\t\t\t<div class=\"text-center m-t-10 m-b-20\">\r\n\t\t\t\t\t<div id=\"cdt-geoloc\" class=\"vc_btn vc_btn_sandy_brown vc_btn-sandy_brown vc_btn_md vc_btn-md vc_btn_square\"> \r\n\t\t\t\t\t\t<i class=\"fa fa-map-marker\"><\/i> &nbsp; D\u00e9tecter ma position\t\t\t\t\t<\/div>\r\n\t\t\t\t<\/div>\r\n\t\t\t<\/div>\r\n\t\t\t<div class=\"small-12 large-6 columns\">\r\n\t\t\t\t<div class=\"text-center m-t-10 m-b-20\">\r\n\t\t\t\t\t<div id=\"cdt-search\" class=\"vc_btn vc_btn_sandy_brown vc_btn-sandy_brown vc_btn_md vc_btn-md vc_btn_square\"> \r\n\t\t\t\t\t\t<i class=\"fa fa-search\"><\/i> &nbsp; Rechercher\t\t\t\t\t<\/div>\r\n\t\t\t\t<\/div>\r\n\t\t\t<\/div>\r\n\t\t<\/div>\r\n\t\t<div class=\"separator\"><\/div>\r\n\t\t<h3 class=\"text-center\">\r\n\t\tRayon\t<\/h3>\r\n\t<div class=\"\">\r\n\t\t<span class=\"css3-metro-dropdown css3-metro-dropdown-orange\">\r\n\t\t<select id=\"cdt-rayon\" autocomplete=\"off\">\r\n\t\t\t\t<option value=\"500\">0.5 km<\/option>\r\n\t\t\t\t<option value=\"1000\">1 km<\/option>\r\n\t\t\t\t<option value=\"1500\">1.5 km<\/option>\r\n\t\t\t\t<option value=\"2000\">2 km<\/option>\r\n\t\t\t\t<option value=\"2500\">2.5 km<\/option>\r\n\t\t\t\t<option value=\"3000\">3 km<\/option>\r\n\t\t\t\t<option value=\"3500\">3.5 km<\/option>\r\n\t\t\t\t<option value=\"4000\">4 km<\/option>\r\n\t\t\t\t<option value=\"4500\">4.5 km<\/option>\r\n\t\t\t\t<option value=\"5000\">5 km<\/option>\r\n\t\t\t\t<option value=\"10000\">10 km<\/option>\r\n\t\t\t\t<option value=\"15000\" selected=\"selected\">15 km<\/option>\r\n\t\t\t\t<option value=\"20000\">20 km<\/option>\r\n\t\t\t\t<option value=\"30000\">30 km<\/option>\r\n\t\t\t<\/select>\r\n\t\t<\/span>\r\n\t<\/div>\r\n\t<h3 class=\"text-center\">\r\n\t\tTypes\t<\/h3>\r\n\t<div class=\"\">\r\n\t\t<span class=\"css3-metro-dropdown css3-metro-dropdown-orange\">\r\n\t\t\t<select id=\"cdt-category-type\" autocomplete=\"off\">\r\n\t\t\t\t<option value=\"all\">Tous les types<\/option>\r\n\t\t\t\t\t\t\t\t\t\t\t\t\t\t\t<option value=\"Accommodations\">Les h\u00e9bergements<\/option>\r\n\t\t\t\t\t\t\t\t\t\t\t\t\t\t\t\t\t\t\t\t<option value=\"Champagne\">Champagne<\/option>\r\n\t\t\t\t\t\t\t\t\t\t\t\t\t\t\t\t\t\t\t\t<option value=\"Circuit\">Circuits<\/option>\r\n\t\t\t\t\t\t\t\t\t\t\t\t\t\t\t\t\t\t\t\t<option value=\"Culture and heritage\">Culture et patrimoine<\/option>\r\n\t\t\t\t\t\t\t\t\t\t\t\t\t\t\t\t\t\t\t\t<option value=\"Event\">\u00c9v\u00e9nements<\/option>\r\n\t\t\t\t\t\t\t\t\t\t\t\t\t\t\t\t\t\t\t\t<option value=\"Gastronomy\">Gastronomie<\/option>\r\n\t\t\t\t\t\t\t\t\t\t\t\t\t\t\t\t\t\t\t\t\t\t\t\t\t\t\t\t\t\t\t\t\t\t\t\t\t\t<option value=\"Nature\">Nature<\/option>\r\n\t\t\t\t\t\t\t\t\t\t\t\t\t\t\t\t\t\t\t\t<option value=\"Sport and leisure\">Les sports et loisirs<\/option>\r\n\t\t\t\t\t\t\t\t\t\t\t\t\t\t\t\t\t\t\t\t\t\t\t\t\t\t\t\t\t\t<\/select>\r\n\t\t<\/span>\r\n\t<\/div>\r\n\t<div id=\"cdt-category-wrapper\" class=\"hide\">\r\n\t\t<h3 class=\"text-center\">\r\n\t\t\tCat\u00e9gories\t\t<\/h3>\r\n\t\t<div class=\"\">\r\n\t\t<span class=\"css3-metro-dropdown css3-metro-dropdown-orange\">\r\n\t\t\t<select id=\"cdt-category\" autocomplete=\"off\">\r\n\t\t\t\t<option value=\"all\">Toutes les cat\u00e9gories<\/option>\r\n\t\t\t<\/select>\r\n\t\t<\/span>\r\n\t\t<\/div>\r\n\t<\/div>\r\n\t<div id=\"cdt-result-wrapper\" class=\"hide\">\r\n\t\t<h3 class=\"text-center\">\r\n\t\t\tPoint d'int\u00e9r\u00eat\t\t<\/h3>\r\n\t\t<div class=\"\">\r\n\t\t<span class=\"css3-metro-dropdown css3-metro-dropdown-orange\">\r\n\t\t\t<select id=\"cdt-result\" autocomplete=\"off\">\r\n\t\t\t<\/select>\r\n\t\t<\/span>\r\n\t\t<\/div>\r\n\t<\/div>\r\n<\/div>        <\/div>\r\n    <\/div>\r\n<\/div>\r\n<script type=\"text\/javascript\">\r\n    var ajax_controller = \"https:\/\/www.aube-champagne.com\/assets\/plugins\/cdt-geoloc\/public\/ajax\/\"\r\n    var empty_category = \"Toutes les cat\u00e9gories\";\r\n    var select_result = \"S\u00e9l\u00e9ctionner un r\u00e9sultat\";\r\n    var base_url = \"https:\/\/www.aube-champagne.com\/fr\/\";\r\n    var plugin_ajax_url = \"https:\/\/www.aube-champagne.com\/assets\/plugins\/cdt-geoloc\/public\/ajax\/\";\r\n    var geoloc = [];\r\n    var icl_code = \"fr\";\r\n    var shortcode = true;\r\n<\/script>[\/vc_column_text][vc_separator el_width=\u00a0\u00bb50&Prime; css=\u00a0\u00bb.vc_custom_1656066925608{background-color: #f7be68 !important;}\u00a0\u00bb][\/vc_column][\/vc_row][vc_row][vc_column][vc_column_text el_id=\u00a0\u00bbevent_redirect\u00a0\u00bb]\n<h2 style=\"text-align: center;\"><span style=\"color: #000000;\"><strong>D\u00e9couvrez les prochains \u00e9v\u00e9nements autour des lacs !<\/strong><\/span><\/h2>\n[\/vc_column_text][vc_wp_text]<div id=\"shortcode-manifestation-slider\">\r\n\t<div class=\"owl-carousel\">\r\n\t<\/div>\r\n<\/div>[\/vc_wp_text][\/vc_column][\/vc_row]\n<\/div>","protected":false},"excerpt":{"rendered":"<p>[vc_row css=\u00a0\u00bb.vc_custom_1656067103510{margin-bottom: 0px !important;}\u00a0\u00bb][vc_column el_class=\u00a0\u00bbhero__image\u00a0\u00bb][vc_single_image image=\u00a0\u00bb50441&Prime; img_size=\u00a0\u00bbfull\u00a0\u00bb el_class=\u00a0\u00bbgrandslacs__bg\u00a0\u00bb][vc_column_text css=\u00a0\u00bb.vc_custom_1656066952506{margin-bottom: 0px !important;}\u00a0\u00bb] Qu&rsquo;y a-t-il autour des Grands Lacs de la for\u00eat d&rsquo;Orient ? [\/vc_column_text][vc_column_text el_id=\u00a0\u00bbweb_intro\u00a0\u00bb]Au sein du Parc naturel r\u00e9gional de la for\u00eat d&rsquo;Orient se m\u00e9langent des paysages de for\u00eats et de belles \u00e9tendues d&rsquo;eau. Entre&hellip;  <a href=\"https:\/\/www.aube-champagne.com\/fr\/autour-des-grands-lacs-de-champagne\/\" title=\"Read Autour des Grands Lacs de Champagne\">En savoir plus&raquo;<\/a><\/p>\n","protected":false},"author":9192193,"featured_media":0,"parent":0,"menu_order":0,"comment_status":"closed","ping_status":"closed","template":"","meta":{"footnotes":""},"class_list":["post-52680","page","type-page","status-publish","hentry"],"yoast_head":"<!-- This site is optimized with the Yoast SEO plugin v27.5 - https:\/\/yoast.com\/product\/yoast-seo-wordpress\/ -->\n<title>Autour des Grands Lacs de Champagne - Aube Champagne<\/title>\n<meta name=\"description\" content=\"Qu&#039;y a-t-il autour des Grands Lacs de la for\u00eat d&#039;Orient ? Au sein du Parc naturel r\u00e9gional de la for\u00eat d&#039;Orient se m\u00e9langent des paysages de for\u00eats et de\" \/>\n<meta name=\"robots\" content=\"index, follow, max-snippet:-1, max-image-preview:large, max-video-preview:-1\" \/>\n<link rel=\"canonical\" href=\"https:\/\/www.aube-champagne.com\/fr\/autour-des-grands-lacs-de-champagne\/\" \/>\n<meta property=\"og:locale\" content=\"fr_FR\" \/>\n<meta property=\"og:type\" content=\"article\" \/>\n<meta property=\"og:title\" content=\"Autour des Grands Lacs de Champagne - Aube Champagne\" \/>\n<meta property=\"og:description\" content=\"Qu&#039;y a-t-il autour des Grands Lacs de la for\u00eat d&#039;Orient ? Au sein du Parc naturel r\u00e9gional de la for\u00eat d&#039;Orient se m\u00e9langent des paysages de for\u00eats et de\" \/>\n<meta property=\"og:url\" content=\"https:\/\/www.aube-champagne.com\/fr\/autour-des-grands-lacs-de-champagne\/\" \/>\n<meta property=\"og:site_name\" content=\"Aube Champagne\" \/>\n<meta property=\"article:publisher\" content=\"https:\/\/www.facebook.com\/aube.champagne\" \/>\n<meta property=\"article:modified_time\" content=\"2022-06-27T13:09:46+00:00\" \/>\n<meta property=\"og:image\" content=\"https:\/\/www.aube-champagne.com\/assets\/uploads\/2015\/03\/Aube-Champagne-Logo.jpg\" \/>\n\t<meta property=\"og:image:width\" content=\"440\" \/>\n\t<meta property=\"og:image:height\" content=\"155\" \/>\n\t<meta property=\"og:image:type\" content=\"image\/jpeg\" \/>\n<meta name=\"twitter:card\" content=\"summary_large_image\" \/>\n<meta name=\"twitter:site\" content=\"@AubeChampagne\" \/>\n<meta name=\"twitter:label1\" content=\"Dur\u00e9e de lecture estim\u00e9e\" \/>\n\t<meta name=\"twitter:data1\" content=\"2 minutes\" \/>\n<script type=\"application\/ld+json\" class=\"yoast-schema-graph\">{\"@context\":\"https:\\\/\\\/schema.org\",\"@graph\":[{\"@type\":\"WebPage\",\"@id\":\"https:\\\/\\\/www.aube-champagne.com\\\/fr\\\/autour-des-grands-lacs-de-champagne\\\/\",\"url\":\"https:\\\/\\\/www.aube-champagne.com\\\/fr\\\/autour-des-grands-lacs-de-champagne\\\/\",\"name\":\"Autour des Grands Lacs de Champagne - Aube Champagne\",\"isPartOf\":{\"@id\":\"https:\\\/\\\/www.aube-champagne.com\\\/fr\\\/#website\"},\"datePublished\":\"2022-06-23T07:41:55+00:00\",\"dateModified\":\"2022-06-27T13:09:46+00:00\",\"description\":\"Qu'y a-t-il autour des Grands Lacs de la for\u00eat d'Orient ? Au sein du Parc naturel r\u00e9gional de la for\u00eat d'Orient se m\u00e9langent des paysages de for\u00eats et de\",\"breadcrumb\":{\"@id\":\"https:\\\/\\\/www.aube-champagne.com\\\/fr\\\/autour-des-grands-lacs-de-champagne\\\/#breadcrumb\"},\"inLanguage\":\"fr-FR\",\"potentialAction\":[{\"@type\":\"ReadAction\",\"target\":[\"https:\\\/\\\/www.aube-champagne.com\\\/fr\\\/autour-des-grands-lacs-de-champagne\\\/\"]}]},{\"@type\":\"BreadcrumbList\",\"@id\":\"https:\\\/\\\/www.aube-champagne.com\\\/fr\\\/autour-des-grands-lacs-de-champagne\\\/#breadcrumb\",\"itemListElement\":[{\"@type\":\"ListItem\",\"position\":1,\"name\":\"Accueil\",\"item\":\"https:\\\/\\\/www.aube-champagne.com\\\/fr\\\/\"},{\"@type\":\"ListItem\",\"position\":2,\"name\":\"Autour des Grands Lacs de Champagne\"}]},{\"@type\":\"WebSite\",\"@id\":\"https:\\\/\\\/www.aube-champagne.com\\\/fr\\\/#website\",\"url\":\"https:\\\/\\\/www.aube-champagne.com\\\/fr\\\/\",\"name\":\"Aube Champagne\",\"description\":\"Aube Champagne\",\"potentialAction\":[{\"@type\":\"SearchAction\",\"target\":{\"@type\":\"EntryPoint\",\"urlTemplate\":\"https:\\\/\\\/www.aube-champagne.com\\\/fr\\\/?s={search_term_string}\"},\"query-input\":{\"@type\":\"PropertyValueSpecification\",\"valueRequired\":true,\"valueName\":\"search_term_string\"}}],\"inLanguage\":\"fr-FR\"}]}<\/script>\n<!-- \/ Yoast SEO plugin. -->","yoast_head_json":{"title":"Autour des Grands Lacs de Champagne - Aube Champagne","description":"Qu'y a-t-il autour des Grands Lacs de la for\u00eat d'Orient ? Au sein du Parc naturel r\u00e9gional de la for\u00eat d'Orient se m\u00e9langent des paysages de for\u00eats et de","robots":{"index":"index","follow":"follow","max-snippet":"max-snippet:-1","max-image-preview":"max-image-preview:large","max-video-preview":"max-video-preview:-1"},"canonical":"https:\/\/www.aube-champagne.com\/fr\/autour-des-grands-lacs-de-champagne\/","og_locale":"fr_FR","og_type":"article","og_title":"Autour des Grands Lacs de Champagne - Aube Champagne","og_description":"Qu'y a-t-il autour des Grands Lacs de la for\u00eat d'Orient ? Au sein du Parc naturel r\u00e9gional de la for\u00eat d'Orient se m\u00e9langent des paysages de for\u00eats et de","og_url":"https:\/\/www.aube-champagne.com\/fr\/autour-des-grands-lacs-de-champagne\/","og_site_name":"Aube Champagne","article_publisher":"https:\/\/www.facebook.com\/aube.champagne","article_modified_time":"2022-06-27T13:09:46+00:00","og_image":[{"width":440,"height":155,"url":"https:\/\/www.aube-champagne.com\/assets\/uploads\/2015\/03\/Aube-Champagne-Logo.jpg","type":"image\/jpeg"}],"twitter_card":"summary_large_image","twitter_site":"@AubeChampagne","twitter_misc":{"Dur\u00e9e de lecture estim\u00e9e":"2 minutes"},"schema":{"@context":"https:\/\/schema.org","@graph":[{"@type":"WebPage","@id":"https:\/\/www.aube-champagne.com\/fr\/autour-des-grands-lacs-de-champagne\/","url":"https:\/\/www.aube-champagne.com\/fr\/autour-des-grands-lacs-de-champagne\/","name":"Autour des Grands Lacs de Champagne - Aube Champagne","isPartOf":{"@id":"https:\/\/www.aube-champagne.com\/fr\/#website"},"datePublished":"2022-06-23T07:41:55+00:00","dateModified":"2022-06-27T13:09:46+00:00","description":"Qu'y a-t-il autour des Grands Lacs de la for\u00eat d'Orient ? Au sein du Parc naturel r\u00e9gional de la for\u00eat d'Orient se m\u00e9langent des paysages de for\u00eats et de","breadcrumb":{"@id":"https:\/\/www.aube-champagne.com\/fr\/autour-des-grands-lacs-de-champagne\/#breadcrumb"},"inLanguage":"fr-FR","potentialAction":[{"@type":"ReadAction","target":["https:\/\/www.aube-champagne.com\/fr\/autour-des-grands-lacs-de-champagne\/"]}]},{"@type":"BreadcrumbList","@id":"https:\/\/www.aube-champagne.com\/fr\/autour-des-grands-lacs-de-champagne\/#breadcrumb","itemListElement":[{"@type":"ListItem","position":1,"name":"Accueil","item":"https:\/\/www.aube-champagne.com\/fr\/"},{"@type":"ListItem","position":2,"name":"Autour des Grands Lacs de Champagne"}]},{"@type":"WebSite","@id":"https:\/\/www.aube-champagne.com\/fr\/#website","url":"https:\/\/www.aube-champagne.com\/fr\/","name":"Aube Champagne","description":"Aube Champagne","potentialAction":[{"@type":"SearchAction","target":{"@type":"EntryPoint","urlTemplate":"https:\/\/www.aube-champagne.com\/fr\/?s={search_term_string}"},"query-input":{"@type":"PropertyValueSpecification","valueRequired":true,"valueName":"search_term_string"}}],"inLanguage":"fr-FR"}]}},"publishpress_future_action":{"enabled":false,"date":"2026-05-08 01:21:43","action":"change-status","newStatus":"draft","terms":[],"taxonomy":"translation_priority","extraData":[]},"publishpress_future_workflow_manual_trigger":{"enabledWorkflows":[]},"_links":{"self":[{"href":"https:\/\/www.aube-champagne.com\/fr\/wp-json\/wp\/v2\/pages\/52680","targetHints":{"allow":["GET"]}}],"collection":[{"href":"https:\/\/www.aube-champagne.com\/fr\/wp-json\/wp\/v2\/pages"}],"about":[{"href":"https:\/\/www.aube-champagne.com\/fr\/wp-json\/wp\/v2\/types\/page"}],"author":[{"embeddable":true,"href":"https:\/\/www.aube-champagne.com\/fr\/wp-json\/wp\/v2\/users\/9192193"}],"replies":[{"embeddable":true,"href":"https:\/\/www.aube-champagne.com\/fr\/wp-json\/wp\/v2\/comments?post=52680"}],"version-history":[{"count":5,"href":"https:\/\/www.aube-champagne.com\/fr\/wp-json\/wp\/v2\/pages\/52680\/revisions"}],"predecessor-version":[{"id":52899,"href":"https:\/\/www.aube-champagne.com\/fr\/wp-json\/wp\/v2\/pages\/52680\/revisions\/52899"}],"wp:attachment":[{"href":"https:\/\/www.aube-champagne.com\/fr\/wp-json\/wp\/v2\/media?parent=52680"}],"curies":[{"name":"wp","href":"https:\/\/api.w.org\/{rel}","templated":true}]}}