{"id":54595,"date":"2022-07-19T15:31:01","date_gmt":"2022-07-19T14:31:01","guid":{"rendered":"https:\/\/www.aube-champagne.com\/?page_id=54595"},"modified":"2023-02-07T17:50:14","modified_gmt":"2023-02-07T16:50:14","slug":"presse-allemagne","status":"publish","type":"page","link":"https:\/\/www.aube-champagne.com\/fr\/presse-allemagne\/","title":{"rendered":"Presse &#8211; Allemagne"},"content":{"rendered":"<div class=\"wpb-content-wrapper\">[vc_row][vc_column][vc_single_image image=\u00a0\u00bb46932&Prime; img_size=\u00a0\u00bbfull\u00a0\u00bb][vc_column_text]\n<h2 style=\"text-align: center;\">D\u00e9couvrez l&rsquo;Aube en Champagne<\/h2>\n[\/vc_column_text][\/vc_column][\/vc_row][vc_row][vc_column width=\u00a0\u00bb1\/5&Prime;][\/vc_column][vc_column width=\u00a0\u00bb1\/5&Prime;][vc_single_image image=\u00a0\u00bb59726&Prime; img_size=\u00a0\u00bb450&#215;640&Prime;][vc_btn title=\u00a0\u00bbDossier de presse 2023&Prime; style=\u00a0\u00bbflat\u00a0\u00bb shape=\u00a0\u00bbsquare\u00a0\u00bb color=\u00a0\u00bbchino\u00a0\u00bb align=\u00a0\u00bbcenter\u00a0\u00bb link=\u00a0\u00bburl:https%3A%2F%2Fwww.aube-champagne.com%2Fassets%2Fuploads%2F2023%2F02%2FDP-2023-Aube-UK.pdf\u00a0\u00bb][\/vc_column][vc_column width=\u00a0\u00bb1\/5&Prime;][vc_single_image image=\u00a0\u00bb54608&Prime; img_size=\u00a0\u00bb450&#215;640&Prime;][vc_btn title=\u00a0\u00bbCyclo-fl\u00e2neries champenoises\u00a0\u00bb style=\u00a0\u00bbflat\u00a0\u00bb shape=\u00a0\u00bbsquare\u00a0\u00bb color=\u00a0\u00bbchino\u00a0\u00bb align=\u00a0\u00bbcenter\u00a0\u00bb link=\u00a0\u00bburl:https%3A%2F%2Fwww.aube-champagne.com%2Fassets%2Fuploads%2F2022%2F07%2Fmini-dp-aube-cyclo-2022-anglais-planche.pdf\u00a0\u00bb][\/vc_column][vc_column width=\u00a0\u00bb1\/5&Prime;][vc_single_image image=\u00a0\u00bb54614&Prime; img_size=\u00a0\u00bb450&#215;640&Prime;][vc_btn title=\u00a0\u00bbTourisme vert et authentique\u00a0\u00bb style=\u00a0\u00bbflat\u00a0\u00bb shape=\u00a0\u00bbsquare\u00a0\u00bb color=\u00a0\u00bbchino\u00a0\u00bb align=\u00a0\u00bbcenter\u00a0\u00bb link=\u00a0\u00bburl:https%3A%2F%2Fwww.aube-champagne.com%2Fassets%2Fuploads%2F2022%2F07%2FDP-Aube-en-Champagne-green-2022-anglais-planche.pdf\u00a0\u00bb][\/vc_column][vc_column width=\u00a0\u00bb1\/5&Prime;][\/vc_column][\/vc_row][vc_row][vc_column][vc_separator color=\u00a0\u00bbchino\u00a0\u00bb el_width=\u00a0\u00bb50&Prime;][vc_column_text]\n<h2 style=\"text-align: center;\">D\u00e9couvrez nos communiqu\u00e9s de presse<\/h2>\n[\/vc_column_text][\/vc_column][\/vc_row][vc_row][vc_column width=\u00a0\u00bb1\/4&Prime;][\/vc_column][vc_column width=\u00a0\u00bb1\/2&Prime;][vc_single_image image=\u00a0\u00bb54625&Prime; img_size=\u00a0\u00bbmedium\u00a0\u00bb alignment=\u00a0\u00bbcenter\u00a0\u00bb][vc_btn title=\u00a0\u00bbTake it slow \u2013 enjoy Champagne !\u00a0\u00bb style=\u00a0\u00bbflat\u00a0\u00bb shape=\u00a0\u00bbsquare\u00a0\u00bb color=\u00a0\u00bbchino\u00a0\u00bb align=\u00a0\u00bbcenter\u00a0\u00bb link=\u00a0\u00bburl:https%3A%2F%2Fwww.ducasse-schetter.com%2Fde%2Ftake-it-slow-enjoy-champagne%2F|target:_blank\u00a0\u00bb][\/vc_column][vc_column width=\u00a0\u00bb1\/4&Prime;][\/vc_column][\/vc_row][vc_row][vc_column css=\u00a0\u00bb.vc_custom_1658241621207{background-color: #efefef !important;}\u00a0\u00bb][vc_row_inner][vc_column_inner width=\u00a0\u00bb2\/3&Prime;][vc_column_text]\n<h3>Rendez-vous dans l&rsquo;Aube<\/h3>\n[\/vc_column_text][vc_column_text]\n<h4><span style=\"color: #615d5d;\">Des rencontres et exp\u00e9riences authentiques dans l&rsquo;Aube en Champagne\u00a0<\/span><\/h4>\n<p style=\"text-align: justify;\">Vous \u00eates journaliste ou blogueur et vous cherchez des sujets originaux pour vos lecteurs ? La nature, la culture ou la gastronomie sont des sujets cl\u00e9s dans l&rsquo;Aube, o\u00f9 vous rencontrerez une multitude de protagonistes authentiques et o\u00f9 la nature a laiss\u00e9 un joyau, loin du tourisme de masse, mais \u00e0 proximit\u00e9 de l&rsquo;effervescence parisienne.<\/p>\n<p>Besoin d&rsquo;informations ou envie de venir d\u00e9couvrir l&rsquo;Aube ?<br \/>\nN&rsquo;h\u00e9sitez pas \u00e0 contacter <a href=\"mailto:sandy.cadoux@aube.fr\" target=\"_blank\" rel=\"noopener noreferrer\">Sandy<\/a> pour toute demande presse.[\/vc_column_text][\/vc_column_inner][vc_column_inner width=\u00a0\u00bb1\/3&Prime;][vc_empty_space height=\u00a0\u00bb20px\u00a0\u00bb][vc_single_image image=\u00a0\u00bb54601&Prime; img_size=\u00a0\u00bbmedium\u00a0\u00bb][\/vc_column_inner][\/vc_row_inner][\/vc_column][\/vc_row]\n<\/div>","protected":false},"excerpt":{"rendered":"<p>[vc_row][vc_column][vc_single_image image=\u00a0\u00bb46932&Prime; img_size=\u00a0\u00bbfull\u00a0\u00bb][vc_column_text] D\u00e9couvrez l&rsquo;Aube en Champagne [\/vc_column_text][\/vc_column][\/vc_row][vc_row][vc_column width=\u00a0\u00bb1\/5&Prime;][\/vc_column][vc_column width=\u00a0\u00bb1\/5&Prime;][vc_single_image image=\u00a0\u00bb59726&Prime; img_size=\u00a0\u00bb450&#215;640&Prime;][vc_btn title=\u00a0\u00bbDossier de presse 2023&Prime; style=\u00a0\u00bbflat\u00a0\u00bb shape=\u00a0\u00bbsquare\u00a0\u00bb color=\u00a0\u00bbchino\u00a0\u00bb align=\u00a0\u00bbcenter\u00a0\u00bb link=\u00a0\u00bburl:https%3A%2F%2Fwww.aube-champagne.com%2Fassets%2Fuploads%2F2023%2F02%2FDP-2023-Aube-UK.pdf\u00a0\u00bb][\/vc_column][vc_column width=\u00a0\u00bb1\/5&Prime;][vc_single_image image=\u00a0\u00bb54608&Prime; img_size=\u00a0\u00bb450&#215;640&Prime;][vc_btn title=\u00a0\u00bbCyclo-fl\u00e2neries champenoises\u00a0\u00bb style=\u00a0\u00bbflat\u00a0\u00bb shape=\u00a0\u00bbsquare\u00a0\u00bb color=\u00a0\u00bbchino\u00a0\u00bb align=\u00a0\u00bbcenter\u00a0\u00bb link=\u00a0\u00bburl:https%3A%2F%2Fwww.aube-champagne.com%2Fassets%2Fuploads%2F2022%2F07%2Fmini-dp-aube-cyclo-2022-anglais-planche.pdf\u00a0\u00bb][\/vc_column][vc_column width=\u00a0\u00bb1\/5&Prime;][vc_single_image image=\u00a0\u00bb54614&Prime; img_size=\u00a0\u00bb450&#215;640&Prime;][vc_btn title=\u00a0\u00bbTourisme vert et authentique\u00a0\u00bb style=\u00a0\u00bbflat\u00a0\u00bb shape=\u00a0\u00bbsquare\u00a0\u00bb color=\u00a0\u00bbchino\u00a0\u00bb align=\u00a0\u00bbcenter\u00a0\u00bb link=\u00a0\u00bburl:https%3A%2F%2Fwww.aube-champagne.com%2Fassets%2Fuploads%2F2022%2F07%2FDP-Aube-en-Champagne-green-2022-anglais-planche.pdf\u00a0\u00bb][\/vc_column][vc_column width=\u00a0\u00bb1\/5&Prime;][\/vc_column][\/vc_row][vc_row][vc_column][vc_separator color=\u00a0\u00bbchino\u00a0\u00bb&hellip;  <a href=\"https:\/\/www.aube-champagne.com\/fr\/presse-allemagne\/\" title=\"Read Presse &#8211; Allemagne\">En savoir plus&raquo;<\/a><\/p>\n","protected":false},"author":9192193,"featured_media":0,"parent":0,"menu_order":0,"comment_status":"closed","ping_status":"closed","template":"","meta":{"footnotes":""},"class_list":["post-54595","page","type-page","status-publish","hentry"],"yoast_head":"<!-- This site is optimized with the Yoast SEO plugin v27.3 - https:\/\/yoast.com\/product\/yoast-seo-wordpress\/ -->\n<title>Presse - Allemagne - Aube Champagne<\/title>\n<meta name=\"description\" content=\"D\u00e9couvrez l&#039;Aube en Champagne D\u00e9couvrez nos communiqu\u00e9s de presse Rendez-vous dans l&#039;Aube Des rencontres et exp\u00e9riences authentiques dans l&#039;Aube en\" \/>\n<meta name=\"robots\" content=\"index, follow, max-snippet:-1, max-image-preview:large, max-video-preview:-1\" \/>\n<link rel=\"canonical\" href=\"https:\/\/www.aube-champagne.com\/fr\/presse-allemagne\/\" \/>\n<meta property=\"og:locale\" content=\"fr_FR\" \/>\n<meta property=\"og:type\" content=\"article\" \/>\n<meta property=\"og:title\" content=\"Presse - Allemagne - Aube Champagne\" \/>\n<meta property=\"og:description\" content=\"D\u00e9couvrez l&#039;Aube en Champagne D\u00e9couvrez nos communiqu\u00e9s de presse Rendez-vous dans l&#039;Aube Des rencontres et exp\u00e9riences authentiques dans l&#039;Aube en\" \/>\n<meta property=\"og:url\" content=\"https:\/\/www.aube-champagne.com\/fr\/presse-allemagne\/\" \/>\n<meta property=\"og:site_name\" content=\"Aube Champagne\" \/>\n<meta property=\"article:publisher\" content=\"https:\/\/www.facebook.com\/aube.champagne\" \/>\n<meta property=\"article:modified_time\" content=\"2023-02-07T16:50:14+00:00\" \/>\n<meta property=\"og:image\" content=\"https:\/\/www.aube-champagne.com\/assets\/uploads\/2015\/03\/Aube-Champagne-Logo.jpg\" \/>\n\t<meta property=\"og:image:width\" content=\"440\" \/>\n\t<meta property=\"og:image:height\" content=\"155\" \/>\n\t<meta property=\"og:image:type\" content=\"image\/jpeg\" \/>\n<meta name=\"twitter:card\" content=\"summary_large_image\" \/>\n<meta name=\"twitter:site\" content=\"@AubeChampagne\" \/>\n<meta name=\"twitter:label1\" content=\"Dur\u00e9e de lecture estim\u00e9e\" \/>\n\t<meta name=\"twitter:data1\" content=\"1 minute\" \/>\n<script type=\"application\/ld+json\" class=\"yoast-schema-graph\">{\"@context\":\"https:\\\/\\\/schema.org\",\"@graph\":[{\"@type\":\"WebPage\",\"@id\":\"https:\\\/\\\/www.aube-champagne.com\\\/fr\\\/presse-allemagne\\\/\",\"url\":\"https:\\\/\\\/www.aube-champagne.com\\\/fr\\\/presse-allemagne\\\/\",\"name\":\"Presse - Allemagne - Aube Champagne\",\"isPartOf\":{\"@id\":\"https:\\\/\\\/www.aube-champagne.com\\\/fr\\\/#website\"},\"datePublished\":\"2022-07-19T14:31:01+00:00\",\"dateModified\":\"2023-02-07T16:50:14+00:00\",\"description\":\"D\u00e9couvrez l'Aube en Champagne D\u00e9couvrez nos communiqu\u00e9s de presse Rendez-vous dans l'Aube Des rencontres et exp\u00e9riences authentiques dans l'Aube en\",\"breadcrumb\":{\"@id\":\"https:\\\/\\\/www.aube-champagne.com\\\/fr\\\/presse-allemagne\\\/#breadcrumb\"},\"inLanguage\":\"fr-FR\",\"potentialAction\":[{\"@type\":\"ReadAction\",\"target\":[\"https:\\\/\\\/www.aube-champagne.com\\\/fr\\\/presse-allemagne\\\/\"]}]},{\"@type\":\"BreadcrumbList\",\"@id\":\"https:\\\/\\\/www.aube-champagne.com\\\/fr\\\/presse-allemagne\\\/#breadcrumb\",\"itemListElement\":[{\"@type\":\"ListItem\",\"position\":1,\"name\":\"Accueil\",\"item\":\"https:\\\/\\\/www.aube-champagne.com\\\/fr\\\/\"},{\"@type\":\"ListItem\",\"position\":2,\"name\":\"Presse &#8211; Allemagne\"}]},{\"@type\":\"WebSite\",\"@id\":\"https:\\\/\\\/www.aube-champagne.com\\\/fr\\\/#website\",\"url\":\"https:\\\/\\\/www.aube-champagne.com\\\/fr\\\/\",\"name\":\"Aube Champagne\",\"description\":\"Aube Champagne\",\"potentialAction\":[{\"@type\":\"SearchAction\",\"target\":{\"@type\":\"EntryPoint\",\"urlTemplate\":\"https:\\\/\\\/www.aube-champagne.com\\\/fr\\\/?s={search_term_string}\"},\"query-input\":{\"@type\":\"PropertyValueSpecification\",\"valueRequired\":true,\"valueName\":\"search_term_string\"}}],\"inLanguage\":\"fr-FR\"}]}<\/script>\n<!-- \/ Yoast SEO plugin. -->","yoast_head_json":{"title":"Presse - Allemagne - Aube Champagne","description":"D\u00e9couvrez l'Aube en Champagne D\u00e9couvrez nos communiqu\u00e9s de presse Rendez-vous dans l'Aube Des rencontres et exp\u00e9riences authentiques dans l'Aube en","robots":{"index":"index","follow":"follow","max-snippet":"max-snippet:-1","max-image-preview":"max-image-preview:large","max-video-preview":"max-video-preview:-1"},"canonical":"https:\/\/www.aube-champagne.com\/fr\/presse-allemagne\/","og_locale":"fr_FR","og_type":"article","og_title":"Presse - Allemagne - Aube Champagne","og_description":"D\u00e9couvrez l'Aube en Champagne D\u00e9couvrez nos communiqu\u00e9s de presse Rendez-vous dans l'Aube Des rencontres et exp\u00e9riences authentiques dans l'Aube en","og_url":"https:\/\/www.aube-champagne.com\/fr\/presse-allemagne\/","og_site_name":"Aube Champagne","article_publisher":"https:\/\/www.facebook.com\/aube.champagne","article_modified_time":"2023-02-07T16:50:14+00:00","og_image":[{"width":440,"height":155,"url":"https:\/\/www.aube-champagne.com\/assets\/uploads\/2015\/03\/Aube-Champagne-Logo.jpg","type":"image\/jpeg"}],"twitter_card":"summary_large_image","twitter_site":"@AubeChampagne","twitter_misc":{"Dur\u00e9e de lecture estim\u00e9e":"1 minute"},"schema":{"@context":"https:\/\/schema.org","@graph":[{"@type":"WebPage","@id":"https:\/\/www.aube-champagne.com\/fr\/presse-allemagne\/","url":"https:\/\/www.aube-champagne.com\/fr\/presse-allemagne\/","name":"Presse - Allemagne - Aube Champagne","isPartOf":{"@id":"https:\/\/www.aube-champagne.com\/fr\/#website"},"datePublished":"2022-07-19T14:31:01+00:00","dateModified":"2023-02-07T16:50:14+00:00","description":"D\u00e9couvrez l'Aube en Champagne D\u00e9couvrez nos communiqu\u00e9s de presse Rendez-vous dans l'Aube Des rencontres et exp\u00e9riences authentiques dans l'Aube en","breadcrumb":{"@id":"https:\/\/www.aube-champagne.com\/fr\/presse-allemagne\/#breadcrumb"},"inLanguage":"fr-FR","potentialAction":[{"@type":"ReadAction","target":["https:\/\/www.aube-champagne.com\/fr\/presse-allemagne\/"]}]},{"@type":"BreadcrumbList","@id":"https:\/\/www.aube-champagne.com\/fr\/presse-allemagne\/#breadcrumb","itemListElement":[{"@type":"ListItem","position":1,"name":"Accueil","item":"https:\/\/www.aube-champagne.com\/fr\/"},{"@type":"ListItem","position":2,"name":"Presse &#8211; Allemagne"}]},{"@type":"WebSite","@id":"https:\/\/www.aube-champagne.com\/fr\/#website","url":"https:\/\/www.aube-champagne.com\/fr\/","name":"Aube Champagne","description":"Aube Champagne","potentialAction":[{"@type":"SearchAction","target":{"@type":"EntryPoint","urlTemplate":"https:\/\/www.aube-champagne.com\/fr\/?s={search_term_string}"},"query-input":{"@type":"PropertyValueSpecification","valueRequired":true,"valueName":"search_term_string"}}],"inLanguage":"fr-FR"}]}},"publishpress_future_action":{"enabled":false,"date":"2026-04-12 19:12:18","action":"change-status","newStatus":"draft","terms":[],"taxonomy":"translation_priority","extraData":[]},"publishpress_future_workflow_manual_trigger":{"enabledWorkflows":[]},"_links":{"self":[{"href":"https:\/\/www.aube-champagne.com\/fr\/wp-json\/wp\/v2\/pages\/54595","targetHints":{"allow":["GET"]}}],"collection":[{"href":"https:\/\/www.aube-champagne.com\/fr\/wp-json\/wp\/v2\/pages"}],"about":[{"href":"https:\/\/www.aube-champagne.com\/fr\/wp-json\/wp\/v2\/types\/page"}],"author":[{"embeddable":true,"href":"https:\/\/www.aube-champagne.com\/fr\/wp-json\/wp\/v2\/users\/9192193"}],"replies":[{"embeddable":true,"href":"https:\/\/www.aube-champagne.com\/fr\/wp-json\/wp\/v2\/comments?post=54595"}],"version-history":[{"count":5,"href":"https:\/\/www.aube-champagne.com\/fr\/wp-json\/wp\/v2\/pages\/54595\/revisions"}],"predecessor-version":[{"id":59731,"href":"https:\/\/www.aube-champagne.com\/fr\/wp-json\/wp\/v2\/pages\/54595\/revisions\/59731"}],"wp:attachment":[{"href":"https:\/\/www.aube-champagne.com\/fr\/wp-json\/wp\/v2\/media?parent=54595"}],"curies":[{"name":"wp","href":"https:\/\/api.w.org\/{rel}","templated":true}]}}