{"id":55512,"date":"2022-08-02T13:59:03","date_gmt":"2022-08-02T12:59:03","guid":{"rendered":"https:\/\/www.aube-champagne.com\/?page_id=55512"},"modified":"2023-02-17T11:33:33","modified_gmt":"2023-02-17T10:33:33","slug":"presse-anglais","status":"publish","type":"page","link":"https:\/\/www.aube-champagne.com\/fr\/presse-anglais\/","title":{"rendered":"Presse"},"content":{"rendered":"<div class=\"wpb-content-wrapper\">[vc_row][vc_column][vc_single_image image=\u00a0\u00bb46932&Prime; img_size=\u00a0\u00bbfull\u00a0\u00bb][vc_column_text]\n<h2 style=\"text-align: center;\">D\u00e9couvrez l&rsquo;Aube en Champagne<\/h2>\n[\/vc_column_text][\/vc_column][\/vc_row][vc_row][vc_column width=\u00a0\u00bb1\/5&Prime;][\/vc_column][vc_column width=\u00a0\u00bb1\/5&Prime;][vc_single_image image=\u00a0\u00bb59720&Prime; img_size=\u00a0\u00bb450&#215;640&Prime;][vc_btn title=\u00a0\u00bbDossier de presse 2023&Prime; style=\u00a0\u00bbflat\u00a0\u00bb shape=\u00a0\u00bbsquare\u00a0\u00bb color=\u00a0\u00bbchino\u00a0\u00bb align=\u00a0\u00bbcenter\u00a0\u00bb link=\u00a0\u00bburl:https%3A%2F%2Fwww.aube-champagne.com%2Fassets%2Fuploads%2F2023%2F02%2FDP-2023-Aube.pdf\u00a0\u00bb][\/vc_column][vc_column width=\u00a0\u00bb1\/5&Prime;][vc_single_image image=\u00a0\u00bb54614&Prime; img_size=\u00a0\u00bb450&#215;640&Prime;][vc_btn title=\u00a0\u00bbTourisme vert et authentique\u00a0\u00bb style=\u00a0\u00bbflat\u00a0\u00bb shape=\u00a0\u00bbsquare\u00a0\u00bb color=\u00a0\u00bbchino\u00a0\u00bb align=\u00a0\u00bbcenter\u00a0\u00bb link=\u00a0\u00bburl:https%3A%2F%2Fwww.aube-champagne.com%2Fassets%2Fuploads%2F2022%2F07%2FDP-Aube-en-Champagne-green-2022-anglais-planche.pdf\u00a0\u00bb][\/vc_column][vc_column width=\u00a0\u00bb1\/5&Prime;][vc_single_image image=\u00a0\u00bb54608&Prime; img_size=\u00a0\u00bb450&#215;640&Prime;][vc_btn title=\u00a0\u00bbCyclo-fl\u00e2neries champenoises\u00a0\u00bb style=\u00a0\u00bbflat\u00a0\u00bb shape=\u00a0\u00bbsquare\u00a0\u00bb color=\u00a0\u00bbchino\u00a0\u00bb align=\u00a0\u00bbcenter\u00a0\u00bb link=\u00a0\u00bburl:https%3A%2F%2Fwww.aube-champagne.com%2Fassets%2Fuploads%2F2022%2F07%2Fmini-dp-aube-cyclo-2022-anglais-planche.pdf\u00a0\u00bb][\/vc_column][vc_column width=\u00a0\u00bb1\/5&Prime;][\/vc_column][\/vc_row][vc_row][vc_column][vc_separator color=\u00a0\u00bbchino\u00a0\u00bb el_width=\u00a0\u00bb50&Prime;][\/vc_column][\/vc_row][vc_row css=\u00a0\u00bb.vc_custom_1659445195570{background-color: #efefef !important;}\u00a0\u00bb][vc_column width=\u00a0\u00bb2\/3&Prime;][vc_column_text]\n<h3><span style=\"color: #615d5d;\">Des rencontres et exp\u00e9riences authentiques au fil de l&rsquo;Aube<\/span><\/h3>\n[\/vc_column_text][vc_column_text]\n<p style=\"text-align: justify;\">Vous \u00eates journaliste ou blogueur et cherchez \u00e0 valoriser des p\u00e9pites originales et sinc\u00e8res dans vos articles ? Nature, culture ou gastronomie : prenez votre billet pour une destination haute en \u00e9motion !<\/p>\n<p>N&rsquo;h\u00e9sitez pas \u00e0 contacter <a href=\"mailto:sandy.cadoux@aube.fr\" target=\"_blank\" rel=\"noopener noreferrer\">Sandy\u00a0<\/a>pour toutes demandes d&rsquo;information ou d&rsquo;accueils presse.[\/vc_column_text][\/vc_column][vc_column width=\u00a0\u00bb1\/3&Prime;][vc_empty_space height=\u00a0\u00bb20px\u00a0\u00bb][vc_single_image image=\u00a0\u00bb54601&Prime; img_size=\u00a0\u00bbmedium\u00a0\u00bb][\/vc_column][\/vc_row]\n<\/div>","protected":false},"excerpt":{"rendered":"<p>[vc_row][vc_column][vc_single_image image=\u00a0\u00bb46932&Prime; img_size=\u00a0\u00bbfull\u00a0\u00bb][vc_column_text] D\u00e9couvrez l&rsquo;Aube en Champagne [\/vc_column_text][\/vc_column][\/vc_row][vc_row][vc_column width=\u00a0\u00bb1\/5&Prime;][\/vc_column][vc_column width=\u00a0\u00bb1\/5&Prime;][vc_single_image image=\u00a0\u00bb59720&Prime; img_size=\u00a0\u00bb450&#215;640&Prime;][vc_btn title=\u00a0\u00bbDossier de presse 2023&Prime; style=\u00a0\u00bbflat\u00a0\u00bb shape=\u00a0\u00bbsquare\u00a0\u00bb color=\u00a0\u00bbchino\u00a0\u00bb align=\u00a0\u00bbcenter\u00a0\u00bb link=\u00a0\u00bburl:https%3A%2F%2Fwww.aube-champagne.com%2Fassets%2Fuploads%2F2023%2F02%2FDP-2023-Aube.pdf\u00a0\u00bb][\/vc_column][vc_column width=\u00a0\u00bb1\/5&Prime;][vc_single_image image=\u00a0\u00bb54614&Prime; img_size=\u00a0\u00bb450&#215;640&Prime;][vc_btn title=\u00a0\u00bbTourisme vert et authentique\u00a0\u00bb style=\u00a0\u00bbflat\u00a0\u00bb shape=\u00a0\u00bbsquare\u00a0\u00bb color=\u00a0\u00bbchino\u00a0\u00bb align=\u00a0\u00bbcenter\u00a0\u00bb link=\u00a0\u00bburl:https%3A%2F%2Fwww.aube-champagne.com%2Fassets%2Fuploads%2F2022%2F07%2FDP-Aube-en-Champagne-green-2022-anglais-planche.pdf\u00a0\u00bb][\/vc_column][vc_column width=\u00a0\u00bb1\/5&Prime;][vc_single_image image=\u00a0\u00bb54608&Prime; img_size=\u00a0\u00bb450&#215;640&Prime;][vc_btn title=\u00a0\u00bbCyclo-fl\u00e2neries champenoises\u00a0\u00bb style=\u00a0\u00bbflat\u00a0\u00bb shape=\u00a0\u00bbsquare\u00a0\u00bb color=\u00a0\u00bbchino\u00a0\u00bb align=\u00a0\u00bbcenter\u00a0\u00bb link=\u00a0\u00bburl:https%3A%2F%2Fwww.aube-champagne.com%2Fassets%2Fuploads%2F2022%2F07%2Fmini-dp-aube-cyclo-2022-anglais-planche.pdf\u00a0\u00bb][\/vc_column][vc_column width=\u00a0\u00bb1\/5&Prime;][\/vc_column][\/vc_row][vc_row][vc_column][vc_separator color=\u00a0\u00bbchino\u00a0\u00bb&hellip;  <a href=\"https:\/\/www.aube-champagne.com\/fr\/presse-anglais\/\" title=\"Read Presse\">En savoir plus&raquo;<\/a><\/p>\n","protected":false},"author":9192193,"featured_media":0,"parent":0,"menu_order":0,"comment_status":"closed","ping_status":"closed","template":"","meta":{"footnotes":""},"class_list":["post-55512","page","type-page","status-publish","hentry"],"yoast_head":"<!-- This site is optimized with the Yoast SEO plugin v27.3 - https:\/\/yoast.com\/product\/yoast-seo-wordpress\/ -->\n<title>Presse - Aube Champagne<\/title>\n<meta name=\"description\" content=\"D\u00e9couvrez l&#039;Aube en Champagne Des rencontres et exp\u00e9riences authentiques au fil de l&#039;Aube Vous \u00eates journaliste ou blogueur et cherchez \u00e0 valoriser des\" \/>\n<meta name=\"robots\" content=\"index, follow, max-snippet:-1, max-image-preview:large, max-video-preview:-1\" \/>\n<link rel=\"canonical\" href=\"https:\/\/www.aube-champagne.com\/fr\/presse-anglais\/\" \/>\n<meta property=\"og:locale\" content=\"fr_FR\" \/>\n<meta property=\"og:type\" content=\"article\" \/>\n<meta property=\"og:title\" content=\"Presse - Aube Champagne\" \/>\n<meta property=\"og:description\" content=\"D\u00e9couvrez l&#039;Aube en Champagne Des rencontres et exp\u00e9riences authentiques au fil de l&#039;Aube Vous \u00eates journaliste ou blogueur et cherchez \u00e0 valoriser des\" \/>\n<meta property=\"og:url\" content=\"https:\/\/www.aube-champagne.com\/fr\/presse-anglais\/\" \/>\n<meta property=\"og:site_name\" content=\"Aube Champagne\" \/>\n<meta property=\"article:publisher\" content=\"https:\/\/www.facebook.com\/aube.champagne\" \/>\n<meta property=\"article:modified_time\" content=\"2023-02-17T10:33:33+00:00\" \/>\n<meta property=\"og:image\" content=\"https:\/\/www.aube-champagne.com\/assets\/uploads\/2015\/03\/Aube-Champagne-Logo.jpg\" \/>\n\t<meta property=\"og:image:width\" content=\"440\" \/>\n\t<meta property=\"og:image:height\" content=\"155\" \/>\n\t<meta property=\"og:image:type\" content=\"image\/jpeg\" \/>\n<meta name=\"twitter:card\" content=\"summary_large_image\" \/>\n<meta name=\"twitter:site\" content=\"@AubeChampagne\" \/>\n<meta name=\"twitter:label1\" content=\"Dur\u00e9e de lecture estim\u00e9e\" \/>\n\t<meta name=\"twitter:data1\" content=\"1 minute\" \/>\n<script type=\"application\/ld+json\" class=\"yoast-schema-graph\">{\"@context\":\"https:\\\/\\\/schema.org\",\"@graph\":[{\"@type\":\"WebPage\",\"@id\":\"https:\\\/\\\/www.aube-champagne.com\\\/fr\\\/presse-anglais\\\/\",\"url\":\"https:\\\/\\\/www.aube-champagne.com\\\/fr\\\/presse-anglais\\\/\",\"name\":\"Presse - Aube Champagne\",\"isPartOf\":{\"@id\":\"https:\\\/\\\/www.aube-champagne.com\\\/fr\\\/#website\"},\"datePublished\":\"2022-08-02T12:59:03+00:00\",\"dateModified\":\"2023-02-17T10:33:33+00:00\",\"description\":\"D\u00e9couvrez l'Aube en Champagne Des rencontres et exp\u00e9riences authentiques au fil de l'Aube Vous \u00eates journaliste ou blogueur et cherchez \u00e0 valoriser des\",\"breadcrumb\":{\"@id\":\"https:\\\/\\\/www.aube-champagne.com\\\/fr\\\/presse-anglais\\\/#breadcrumb\"},\"inLanguage\":\"fr-FR\",\"potentialAction\":[{\"@type\":\"ReadAction\",\"target\":[\"https:\\\/\\\/www.aube-champagne.com\\\/fr\\\/presse-anglais\\\/\"]}]},{\"@type\":\"BreadcrumbList\",\"@id\":\"https:\\\/\\\/www.aube-champagne.com\\\/fr\\\/presse-anglais\\\/#breadcrumb\",\"itemListElement\":[{\"@type\":\"ListItem\",\"position\":1,\"name\":\"Accueil\",\"item\":\"https:\\\/\\\/www.aube-champagne.com\\\/fr\\\/\"},{\"@type\":\"ListItem\",\"position\":2,\"name\":\"Presse\"}]},{\"@type\":\"WebSite\",\"@id\":\"https:\\\/\\\/www.aube-champagne.com\\\/fr\\\/#website\",\"url\":\"https:\\\/\\\/www.aube-champagne.com\\\/fr\\\/\",\"name\":\"Aube Champagne\",\"description\":\"Aube Champagne\",\"potentialAction\":[{\"@type\":\"SearchAction\",\"target\":{\"@type\":\"EntryPoint\",\"urlTemplate\":\"https:\\\/\\\/www.aube-champagne.com\\\/fr\\\/?s={search_term_string}\"},\"query-input\":{\"@type\":\"PropertyValueSpecification\",\"valueRequired\":true,\"valueName\":\"search_term_string\"}}],\"inLanguage\":\"fr-FR\"}]}<\/script>\n<!-- \/ Yoast SEO plugin. -->","yoast_head_json":{"title":"Presse - Aube Champagne","description":"D\u00e9couvrez l'Aube en Champagne Des rencontres et exp\u00e9riences authentiques au fil de l'Aube Vous \u00eates journaliste ou blogueur et cherchez \u00e0 valoriser des","robots":{"index":"index","follow":"follow","max-snippet":"max-snippet:-1","max-image-preview":"max-image-preview:large","max-video-preview":"max-video-preview:-1"},"canonical":"https:\/\/www.aube-champagne.com\/fr\/presse-anglais\/","og_locale":"fr_FR","og_type":"article","og_title":"Presse - Aube Champagne","og_description":"D\u00e9couvrez l'Aube en Champagne Des rencontres et exp\u00e9riences authentiques au fil de l'Aube Vous \u00eates journaliste ou blogueur et cherchez \u00e0 valoriser des","og_url":"https:\/\/www.aube-champagne.com\/fr\/presse-anglais\/","og_site_name":"Aube Champagne","article_publisher":"https:\/\/www.facebook.com\/aube.champagne","article_modified_time":"2023-02-17T10:33:33+00:00","og_image":[{"width":440,"height":155,"url":"https:\/\/www.aube-champagne.com\/assets\/uploads\/2015\/03\/Aube-Champagne-Logo.jpg","type":"image\/jpeg"}],"twitter_card":"summary_large_image","twitter_site":"@AubeChampagne","twitter_misc":{"Dur\u00e9e de lecture estim\u00e9e":"1 minute"},"schema":{"@context":"https:\/\/schema.org","@graph":[{"@type":"WebPage","@id":"https:\/\/www.aube-champagne.com\/fr\/presse-anglais\/","url":"https:\/\/www.aube-champagne.com\/fr\/presse-anglais\/","name":"Presse - Aube Champagne","isPartOf":{"@id":"https:\/\/www.aube-champagne.com\/fr\/#website"},"datePublished":"2022-08-02T12:59:03+00:00","dateModified":"2023-02-17T10:33:33+00:00","description":"D\u00e9couvrez l'Aube en Champagne Des rencontres et exp\u00e9riences authentiques au fil de l'Aube Vous \u00eates journaliste ou blogueur et cherchez \u00e0 valoriser des","breadcrumb":{"@id":"https:\/\/www.aube-champagne.com\/fr\/presse-anglais\/#breadcrumb"},"inLanguage":"fr-FR","potentialAction":[{"@type":"ReadAction","target":["https:\/\/www.aube-champagne.com\/fr\/presse-anglais\/"]}]},{"@type":"BreadcrumbList","@id":"https:\/\/www.aube-champagne.com\/fr\/presse-anglais\/#breadcrumb","itemListElement":[{"@type":"ListItem","position":1,"name":"Accueil","item":"https:\/\/www.aube-champagne.com\/fr\/"},{"@type":"ListItem","position":2,"name":"Presse"}]},{"@type":"WebSite","@id":"https:\/\/www.aube-champagne.com\/fr\/#website","url":"https:\/\/www.aube-champagne.com\/fr\/","name":"Aube Champagne","description":"Aube Champagne","potentialAction":[{"@type":"SearchAction","target":{"@type":"EntryPoint","urlTemplate":"https:\/\/www.aube-champagne.com\/fr\/?s={search_term_string}"},"query-input":{"@type":"PropertyValueSpecification","valueRequired":true,"valueName":"search_term_string"}}],"inLanguage":"fr-FR"}]}},"publishpress_future_action":{"enabled":false,"date":"2026-04-16 14:01:05","action":"change-status","newStatus":"draft","terms":[],"taxonomy":"translation_priority","extraData":[]},"publishpress_future_workflow_manual_trigger":{"enabledWorkflows":[]},"_links":{"self":[{"href":"https:\/\/www.aube-champagne.com\/fr\/wp-json\/wp\/v2\/pages\/55512","targetHints":{"allow":["GET"]}}],"collection":[{"href":"https:\/\/www.aube-champagne.com\/fr\/wp-json\/wp\/v2\/pages"}],"about":[{"href":"https:\/\/www.aube-champagne.com\/fr\/wp-json\/wp\/v2\/types\/page"}],"author":[{"embeddable":true,"href":"https:\/\/www.aube-champagne.com\/fr\/wp-json\/wp\/v2\/users\/9192193"}],"replies":[{"embeddable":true,"href":"https:\/\/www.aube-champagne.com\/fr\/wp-json\/wp\/v2\/comments?post=55512"}],"version-history":[{"count":5,"href":"https:\/\/www.aube-champagne.com\/fr\/wp-json\/wp\/v2\/pages\/55512\/revisions"}],"predecessor-version":[{"id":59765,"href":"https:\/\/www.aube-champagne.com\/fr\/wp-json\/wp\/v2\/pages\/55512\/revisions\/59765"}],"wp:attachment":[{"href":"https:\/\/www.aube-champagne.com\/fr\/wp-json\/wp\/v2\/media?parent=55512"}],"curies":[{"name":"wp","href":"https:\/\/api.w.org\/{rel}","templated":true}]}}