{"id":7230,"date":"2015-03-04T16:46:56","date_gmt":"2015-03-04T16:46:56","guid":{"rendered":"http:\/\/www.aube-champagne.com\/?page_id=7230"},"modified":"2024-10-21T13:54:50","modified_gmt":"2024-10-21T12:54:50","slug":"l-affichage-environnemental","status":"publish","type":"page","link":"https:\/\/www.aube-champagne.com\/fr\/l-affichage-environnemental\/","title":{"rendered":"L\u2019affichage environnemental"},"content":{"rendered":"<div class=\"wpb-content-wrapper\">[vc_row full_width=\u00a0\u00bbstretch_row\u00a0\u00bb][vc_column][vc_column_text]Afin d\u2019\u00e9valuer l\u2019impact environnemental de l\u2019activit\u00e9 touristique du territoire aubois et de mener des actions sur plusieurs ann\u00e9es, Aube en Champagne Attractivit\u00e9 a adopt\u00e9 l\u2019affichage environnemental. D\u00e8s 2012, les premiers h\u00f4tels du d\u00e9partement ont obtenu leur \u00e9tiquette environnementale. Celle-ci attribue une note entre A et E qui refl\u00e8te l\u2019impact environnemental d\u2019une nuit\u00e9e, incluant un petit d\u00e9jeuner, dans l\u2019\u00e9tablissement.[\/vc_column_text][\/vc_column][\/vc_row][vc_row full_width=\u00a0\u00bbstretch_row\u00a0\u00bb][vc_column][vc_single_image image=\u00a0\u00bb79951&Prime; img_size=\u00a0\u00bb380&#215;568&Prime; alignment=\u00a0\u00bbcenter\u00a0\u00bb][vc_column_text]\n<p style=\"text-align: justify;\"><img decoding=\"async\" class=\"alignnone size-full wp-image-6418\" style=\"float: left; margin: 0 30px 15px 0;\" src=\"http:\/\/www.aube-champagne.com\/assets\/uploads\/2015\/03\/Eau.png\" alt=\"Eau\" width=\"67\" height=\"67\" \/><b data-stringify-type=\"bold\">Consommation d&rsquo;eau :<\/b>\u00a0consommation d\u2019eau utilis\u00e9e lors d\u2019une nuit\u00e9e avec petit d\u00e9jeuner comprenant l\u2019utilisation de l\u2019eau sur site (douche, wc, nettoyage du linge\u2026) et la consommation d\u2019eau n\u00e9cessaire tout au long du cycle de vie de chaque \u00e9quipement de l\u2019h\u00f4tel.<br \/>\nExemple : pour les serviettes, prise en compte de l\u2019eau utilis\u00e9e pour la production et la r\u00e9colte du coton, la fabrication de la serviette en passant par son transport, son entretien et sa fin de vie<\/p>\n[\/vc_column_text][\/vc_column][\/vc_row][vc_row full_width=\u00a0\u00bbstretch_row\u00a0\u00bb][vc_column][vc_column_text]\n<p style=\"text-align: justify;\"><img decoding=\"async\" class=\"alignnone wp-image-6413 size-full\" style=\"float: left; margin: 0 30px 15px 0;\" src=\"http:\/\/www.aube-champagne.com\/assets\/uploads\/2015\/03\/Energie.png\" alt=\"\" width=\"67\" height=\"67\" \/><b data-stringify-type=\"bold\">\u00c9puisement des ressources \u00e9nerg\u00e9tiques :<\/b>\u00a0\u00e9nergie consomm\u00e9e lors d\u2019une nuit\u00e9e avec petit d\u00e9jeuner (\u00e9clairage, chauffage, climatisation, fonctionnement des \u00e9quipements \u00e9lectroniques et \u00e9lectrom\u00e9nagers) et la consommation d\u2019\u00e9nergie n\u00e9cessaire tout au long du cycle de vie de chaque \u00e9quipement de l\u2019h\u00f4tel.<\/p>\n[\/vc_column_text][\/vc_column][\/vc_row][vc_row full_width=\u00a0\u00bbstretch_row\u00a0\u00bb][vc_column][vc_column_text]\n<p style=\"text-align: justify;\"><a href=\"http:\/\/www.aube-champagne.com\/assets\/uploads\/2015\/03\/Climat.png\"><img decoding=\"async\" class=\"alignnone wp-image-6403 size-full\" style=\"float: left; margin: 0 30px 15px 0;\" src=\"http:\/\/www.aube-champagne.com\/assets\/uploads\/2015\/03\/Climat.png\" alt=\"\" width=\"67\" height=\"67\" \/><\/a><a href=\"http:\/\/www.aube-champagne.com\/assets\/uploads\/2015\/03\/Climat.png\"><br \/>\n<\/a><span style=\"color: #000000;\"><strong>Effet de serre :<\/strong>\u00a0impact sur le climat de la nuit dans l&rsquo;h\u00f4tel avec petit d\u00e9jeuner<\/span><\/p>\n[\/vc_column_text][\/vc_column][\/vc_row][vc_row full_width=\u00a0\u00bbstretch_row\u00a0\u00bb][vc_column][vc_column_text]\n<p style=\"text-align: justify;\"><a href=\"http:\/\/www.aube-champagne.com\/assets\/uploads\/2015\/03\/Sante.png\"><img decoding=\"async\" class=\"alignnone wp-image-6398 size-full\" style=\"float: left; margin: 0 30px 15px 0;\" src=\"http:\/\/www.aube-champagne.com\/assets\/uploads\/2015\/03\/Sante.png\" alt=\"\" width=\"67\" height=\"67\" \/><\/a><b data-stringify-type=\"bold\">% des produits bios ou \u00e9colabellis\u00e9s :<\/b>\u00a0part des produits \u00e9colabellis\u00e9s ou bios dans les approvisionnements de l\u2019h\u00f4tel (produits alimentaires pour le petit d\u00e9jeuner, produits d\u2019accueil, produits d\u2019entretien et textile).<\/p>\n[\/vc_column_text][\/vc_column][\/vc_row][vc_row full_width=\u00a0\u00bbstretch_row\u00a0\u00bb][vc_column][vc_column_text]\n<p style=\"text-align: justify;\">Une fois la premi\u00e8re \u00e9tiquette \u00e9tablie, un plan d\u2019action est remis \u00e0 l\u2019h\u00f4telier. Celui-ci s\u2019engage alors \u00e0 prendre les mesures n\u00e9cessaires pour diminuer les impacts n\u00e9fastes de son activit\u00e9 :<\/p>\n<p style=\"text-align: justify;\">Utilisation de produits locaux ou biologiques au petit d\u00e9jeuner<br \/>\nPassage des ampoules en LED<br \/>\nFavoriser les grands formats pour diminuer les quantit\u00e9s de d\u00e9chets<br \/>\nUtilisation d\u2019\u00e9conomiseurs d\u2019eau<br \/>\nExtinction les appareils en veille<br \/>\n\u2026<\/p>\n<p style=\"text-align: justify;\">Tous les cinq ans, une nouvelle \u00e9tiquette est \u00e9tablie afin de mesurer les am\u00e9liorations de l\u2019\u00e9tablissement.<br \/>\nCette d\u00e9marche est \u00e9tendue \u00e0 tous les types de prestataires touristiques du territoire : h\u00f4tels, campings, chambres d\u2019h\u00f4te, restaurants, lieux de visite\u2026 afin de renforcer notre positionnement en tant que destination durable.<\/p>\n<p style=\"text-align: justify;\"><strong>Si vous souhaitez en savoir plus sur la d\u00e9marche de l&rsquo;agence Aube en Champagne Attractivit\u00e9, contactez\u00a0<\/strong><\/p>\n<p style=\"text-align: justify;\"><strong>Margaine Miqu\u00e9e :<br \/>\n<\/strong>Tel : 03 25 42 50 91<\/p>\n<p style=\"text-align: justify;\"><a href=\"mailto:margaine.miquee@aube-champagne.com\">margaine.miquee@aube.fr<\/a><\/p>\n[\/vc_column_text][\/vc_column][\/vc_row]\n<\/div>","protected":false},"excerpt":{"rendered":"<p>[vc_row full_width=\u00a0\u00bbstretch_row\u00a0\u00bb][vc_column][vc_column_text]Afin d\u2019\u00e9valuer l\u2019impact environnemental de l\u2019activit\u00e9 touristique du territoire aubois et de mener des actions sur plusieurs ann\u00e9es, Aube en Champagne Attractivit\u00e9 a adopt\u00e9 l\u2019affichage environnemental. D\u00e8s 2012, les premiers h\u00f4tels du d\u00e9partement ont obtenu leur \u00e9tiquette environnementale. Celle-ci attribue une note entre A&hellip;  <a href=\"https:\/\/www.aube-champagne.com\/fr\/l-affichage-environnemental\/\" title=\"Read L\u2019affichage environnemental\">En savoir plus&raquo;<\/a><\/p>\n","protected":false},"author":1,"featured_media":0,"parent":0,"menu_order":0,"comment_status":"closed","ping_status":"closed","template":"","meta":{"footnotes":""},"class_list":["post-7230","page","type-page","status-publish","hentry"],"yoast_head":"<!-- This site is optimized with the Yoast SEO plugin v27.4 - https:\/\/yoast.com\/product\/yoast-seo-wordpress\/ -->\n<title>Affichage environnemental de l&#039;Aube en Champagne<\/title>\n<meta name=\"description\" content=\"L\u2019affichage environnemental est une politique d&#039;analyse et d&#039;\u00e9valuation de l\u2019impact environnemental de l\u2019activit\u00e9 touristique dans l&#039;Aube en Champagne\" \/>\n<meta name=\"robots\" content=\"index, follow, max-snippet:-1, max-image-preview:large, max-video-preview:-1\" \/>\n<link rel=\"canonical\" href=\"https:\/\/www.aube-champagne.com\/fr\/l-affichage-environnemental\/\" \/>\n<meta property=\"og:locale\" content=\"fr_FR\" \/>\n<meta property=\"og:type\" content=\"article\" \/>\n<meta property=\"og:title\" content=\"Affichage environnemental de l&#039;Aube en Champagne\" \/>\n<meta property=\"og:description\" content=\"L\u2019affichage environnemental est une politique d&#039;analyse et d&#039;\u00e9valuation de l\u2019impact environnemental de l\u2019activit\u00e9 touristique dans l&#039;Aube en Champagne\" \/>\n<meta property=\"og:url\" content=\"https:\/\/www.aube-champagne.com\/fr\/l-affichage-environnemental\/\" \/>\n<meta property=\"og:site_name\" content=\"Aube Champagne\" \/>\n<meta property=\"article:publisher\" content=\"https:\/\/www.facebook.com\/aube.champagne\" \/>\n<meta property=\"article:modified_time\" content=\"2024-10-21T12:54:50+00:00\" \/>\n<meta property=\"og:image\" content=\"https:\/\/www.aube-champagne.com\/assets\/uploads\/2015\/03\/Eau.png\" \/>\n\t<meta property=\"og:image:width\" content=\"67\" \/>\n\t<meta property=\"og:image:height\" content=\"67\" \/>\n\t<meta property=\"og:image:type\" content=\"image\/png\" \/>\n<meta name=\"twitter:card\" content=\"summary_large_image\" \/>\n<meta name=\"twitter:site\" content=\"@AubeChampagne\" \/>\n<meta name=\"twitter:label1\" content=\"Dur\u00e9e de lecture estim\u00e9e\" \/>\n\t<meta name=\"twitter:data1\" content=\"3 minutes\" \/>\n<script type=\"application\/ld+json\" class=\"yoast-schema-graph\">{\"@context\":\"https:\\\/\\\/schema.org\",\"@graph\":[{\"@type\":\"WebPage\",\"@id\":\"https:\\\/\\\/www.aube-champagne.com\\\/fr\\\/l-affichage-environnemental\\\/\",\"url\":\"https:\\\/\\\/www.aube-champagne.com\\\/fr\\\/l-affichage-environnemental\\\/\",\"name\":\"Affichage environnemental de l'Aube en Champagne\",\"isPartOf\":{\"@id\":\"https:\\\/\\\/www.aube-champagne.com\\\/fr\\\/#website\"},\"primaryImageOfPage\":{\"@id\":\"https:\\\/\\\/www.aube-champagne.com\\\/fr\\\/l-affichage-environnemental\\\/#primaryimage\"},\"image\":{\"@id\":\"https:\\\/\\\/www.aube-champagne.com\\\/fr\\\/l-affichage-environnemental\\\/#primaryimage\"},\"thumbnailUrl\":\"http:\\\/\\\/www.aube-champagne.com\\\/assets\\\/uploads\\\/2015\\\/03\\\/Eau.png\",\"datePublished\":\"2015-03-04T16:46:56+00:00\",\"dateModified\":\"2024-10-21T12:54:50+00:00\",\"description\":\"L\u2019affichage environnemental est une politique d'analyse et d'\u00e9valuation de l\u2019impact environnemental de l\u2019activit\u00e9 touristique dans l'Aube en Champagne\",\"breadcrumb\":{\"@id\":\"https:\\\/\\\/www.aube-champagne.com\\\/fr\\\/l-affichage-environnemental\\\/#breadcrumb\"},\"inLanguage\":\"fr-FR\",\"potentialAction\":[{\"@type\":\"ReadAction\",\"target\":[\"https:\\\/\\\/www.aube-champagne.com\\\/fr\\\/l-affichage-environnemental\\\/\"]}]},{\"@type\":\"ImageObject\",\"inLanguage\":\"fr-FR\",\"@id\":\"https:\\\/\\\/www.aube-champagne.com\\\/fr\\\/l-affichage-environnemental\\\/#primaryimage\",\"url\":\"http:\\\/\\\/www.aube-champagne.com\\\/assets\\\/uploads\\\/2015\\\/03\\\/Eau.png\",\"contentUrl\":\"http:\\\/\\\/www.aube-champagne.com\\\/assets\\\/uploads\\\/2015\\\/03\\\/Eau.png\"},{\"@type\":\"BreadcrumbList\",\"@id\":\"https:\\\/\\\/www.aube-champagne.com\\\/fr\\\/l-affichage-environnemental\\\/#breadcrumb\",\"itemListElement\":[{\"@type\":\"ListItem\",\"position\":1,\"name\":\"Accueil\",\"item\":\"https:\\\/\\\/www.aube-champagne.com\\\/fr\\\/\"},{\"@type\":\"ListItem\",\"position\":2,\"name\":\"L\u2019affichage environnemental\"}]},{\"@type\":\"WebSite\",\"@id\":\"https:\\\/\\\/www.aube-champagne.com\\\/fr\\\/#website\",\"url\":\"https:\\\/\\\/www.aube-champagne.com\\\/fr\\\/\",\"name\":\"Aube Champagne\",\"description\":\"Aube Champagne\",\"potentialAction\":[{\"@type\":\"SearchAction\",\"target\":{\"@type\":\"EntryPoint\",\"urlTemplate\":\"https:\\\/\\\/www.aube-champagne.com\\\/fr\\\/?s={search_term_string}\"},\"query-input\":{\"@type\":\"PropertyValueSpecification\",\"valueRequired\":true,\"valueName\":\"search_term_string\"}}],\"inLanguage\":\"fr-FR\"}]}<\/script>\n<!-- \/ Yoast SEO plugin. -->","yoast_head_json":{"title":"Affichage environnemental de l'Aube en Champagne","description":"L\u2019affichage environnemental est une politique d'analyse et d'\u00e9valuation de l\u2019impact environnemental de l\u2019activit\u00e9 touristique dans l'Aube en Champagne","robots":{"index":"index","follow":"follow","max-snippet":"max-snippet:-1","max-image-preview":"max-image-preview:large","max-video-preview":"max-video-preview:-1"},"canonical":"https:\/\/www.aube-champagne.com\/fr\/l-affichage-environnemental\/","og_locale":"fr_FR","og_type":"article","og_title":"Affichage environnemental de l'Aube en Champagne","og_description":"L\u2019affichage environnemental est une politique d'analyse et d'\u00e9valuation de l\u2019impact environnemental de l\u2019activit\u00e9 touristique dans l'Aube en Champagne","og_url":"https:\/\/www.aube-champagne.com\/fr\/l-affichage-environnemental\/","og_site_name":"Aube Champagne","article_publisher":"https:\/\/www.facebook.com\/aube.champagne","article_modified_time":"2024-10-21T12:54:50+00:00","og_image":[{"width":67,"height":67,"url":"https:\/\/www.aube-champagne.com\/assets\/uploads\/2015\/03\/Eau.png","type":"image\/png"}],"twitter_card":"summary_large_image","twitter_site":"@AubeChampagne","twitter_misc":{"Dur\u00e9e de lecture estim\u00e9e":"3 minutes"},"schema":{"@context":"https:\/\/schema.org","@graph":[{"@type":"WebPage","@id":"https:\/\/www.aube-champagne.com\/fr\/l-affichage-environnemental\/","url":"https:\/\/www.aube-champagne.com\/fr\/l-affichage-environnemental\/","name":"Affichage environnemental de l'Aube en Champagne","isPartOf":{"@id":"https:\/\/www.aube-champagne.com\/fr\/#website"},"primaryImageOfPage":{"@id":"https:\/\/www.aube-champagne.com\/fr\/l-affichage-environnemental\/#primaryimage"},"image":{"@id":"https:\/\/www.aube-champagne.com\/fr\/l-affichage-environnemental\/#primaryimage"},"thumbnailUrl":"http:\/\/www.aube-champagne.com\/assets\/uploads\/2015\/03\/Eau.png","datePublished":"2015-03-04T16:46:56+00:00","dateModified":"2024-10-21T12:54:50+00:00","description":"L\u2019affichage environnemental est une politique d'analyse et d'\u00e9valuation de l\u2019impact environnemental de l\u2019activit\u00e9 touristique dans l'Aube en Champagne","breadcrumb":{"@id":"https:\/\/www.aube-champagne.com\/fr\/l-affichage-environnemental\/#breadcrumb"},"inLanguage":"fr-FR","potentialAction":[{"@type":"ReadAction","target":["https:\/\/www.aube-champagne.com\/fr\/l-affichage-environnemental\/"]}]},{"@type":"ImageObject","inLanguage":"fr-FR","@id":"https:\/\/www.aube-champagne.com\/fr\/l-affichage-environnemental\/#primaryimage","url":"http:\/\/www.aube-champagne.com\/assets\/uploads\/2015\/03\/Eau.png","contentUrl":"http:\/\/www.aube-champagne.com\/assets\/uploads\/2015\/03\/Eau.png"},{"@type":"BreadcrumbList","@id":"https:\/\/www.aube-champagne.com\/fr\/l-affichage-environnemental\/#breadcrumb","itemListElement":[{"@type":"ListItem","position":1,"name":"Accueil","item":"https:\/\/www.aube-champagne.com\/fr\/"},{"@type":"ListItem","position":2,"name":"L\u2019affichage environnemental"}]},{"@type":"WebSite","@id":"https:\/\/www.aube-champagne.com\/fr\/#website","url":"https:\/\/www.aube-champagne.com\/fr\/","name":"Aube Champagne","description":"Aube Champagne","potentialAction":[{"@type":"SearchAction","target":{"@type":"EntryPoint","urlTemplate":"https:\/\/www.aube-champagne.com\/fr\/?s={search_term_string}"},"query-input":{"@type":"PropertyValueSpecification","valueRequired":true,"valueName":"search_term_string"}}],"inLanguage":"fr-FR"}]}},"publishpress_future_action":{"enabled":false,"date":"2026-04-30 21:00:52","action":"change-status","newStatus":"draft","terms":[],"taxonomy":"translation_priority","extraData":[]},"publishpress_future_workflow_manual_trigger":{"enabledWorkflows":[]},"_links":{"self":[{"href":"https:\/\/www.aube-champagne.com\/fr\/wp-json\/wp\/v2\/pages\/7230","targetHints":{"allow":["GET"]}}],"collection":[{"href":"https:\/\/www.aube-champagne.com\/fr\/wp-json\/wp\/v2\/pages"}],"about":[{"href":"https:\/\/www.aube-champagne.com\/fr\/wp-json\/wp\/v2\/types\/page"}],"author":[{"embeddable":true,"href":"https:\/\/www.aube-champagne.com\/fr\/wp-json\/wp\/v2\/users\/1"}],"replies":[{"embeddable":true,"href":"https:\/\/www.aube-champagne.com\/fr\/wp-json\/wp\/v2\/comments?post=7230"}],"version-history":[{"count":7,"href":"https:\/\/www.aube-champagne.com\/fr\/wp-json\/wp\/v2\/pages\/7230\/revisions"}],"predecessor-version":[{"id":79956,"href":"https:\/\/www.aube-champagne.com\/fr\/wp-json\/wp\/v2\/pages\/7230\/revisions\/79956"}],"wp:attachment":[{"href":"https:\/\/www.aube-champagne.com\/fr\/wp-json\/wp\/v2\/media?parent=7230"}],"curies":[{"name":"wp","href":"https:\/\/api.w.org\/{rel}","templated":true}]}}