{"id":9008,"date":"2015-04-09T09:08:49","date_gmt":"2015-04-09T09:08:49","guid":{"rendered":"http:\/\/www.aube-champagne.com\/?page_id=9008"},"modified":"2021-06-29T09:26:24","modified_gmt":"2021-06-29T08:26:24","slug":"cartes-et-plans-de-laube-en-champagne","status":"publish","type":"page","link":"https:\/\/www.aube-champagne.com\/fr\/cartes-et-plans-de-laube-en-champagne\/","title":{"rendered":"Cartes et plans touristiques de l&rsquo;Aube en Champagne"},"content":{"rendered":"<div class=\"wpb-content-wrapper\">[vc_row][vc_column][vc_column_text]\n<p align=\"justify\">A 1h30 \u00e0 l&rsquo;est de Paris, l&rsquo;Aube se situe aux confins de la Bourgogne et au c\u0153ur de la Champagne historique.<\/p>\n<p align=\"justify\"><strong>En voiture<\/strong><\/p>\n<p align=\"justify\">Carrefour autoroutier A5 \/ A26 \u00e0 la crois\u00e9e des grands axes europ\u00e9ens<\/p>\n<p align=\"justify\"><strong>Les distances pour venir dans l&rsquo;Aube en voiture :<br \/>\n<\/strong><\/p>\n<p><strong>France<\/strong><\/p>\n<table border=\"0\" width=\"100%\">\n<tbody>\n<tr>\n<td width=\"50%\">\n<div align=\"center\">Paris est \u00e0 170 km<br \/>\nOrly est \u00e0 163 km<br \/>\nRoissy est 198 km<br \/>\nLille est \u00e0 330 km<br \/>\nBordeaux est \u00e0 650 km<br \/>\nLyon est \u00e0 377 km<br \/>\nStrasbourg est \u00e0 385 km<\/div>\n<\/td>\n<td width=\"50%\">\n<div align=\"center\">Reims (gare) est \u00e0 126 km<br \/>\nDijon est \u00e0 182 km<br \/>\nOrl\u00e9ans est \u00e0 198 km<br \/>\nNantes est \u00e0 523 km<br \/>\nBrest est \u00e0 731 km<br \/>\nToulouse est \u00e0 707 km<br \/>\nMarseille est \u00e0 688 km<\/div>\n<\/td>\n<\/tr>\n<\/tbody>\n<\/table>\n<p><strong>Europe<\/strong><\/p>\n<table border=\"0\" width=\"100%\">\n<tbody>\n<tr>\n<td width=\"50%\">\n<div align=\"center\">Bruxelles est \u00e0 352 km<br \/>\nAmsterdam est \u00e0 568 km<br \/>\nLondres est \u00e0 509 km<br \/>\nBerlin est \u00e0 1034 km<\/div>\n<\/td>\n<td width=\"50%\">\n<div align=\"center\">Bern est \u00e0 446 km<br \/>\nRome est \u00e0 1265 km<br \/>\nLuxembourg est \u00e0 293 km<br \/>\nMadrid est \u00e0 1340 km<\/div>\n<\/td>\n<\/tr>\n<\/tbody>\n<\/table>\n<p align=\"left\"><strong>Par train<\/strong><\/p>\n<p align=\"left\">Ligne SNCF (Paris &#8211; Belfort &#8211; Mulhouse)<br \/>\nParis &#8211; Troyes : 1h30<\/p>\n<p align=\"left\"><strong><a href=\"http:\/\/www.gares-en-mouvement.com\/fr\/frqyr\/accueil\/\" target=\"_blank\" rel=\"noopener noreferrer\">Plus d&rsquo;informations sur les gares et les horaires<\/a><\/strong><\/p>\n<p align=\"left\"><strong>Par avion<\/strong><\/p>\n<p align=\"left\">A\u00e9roport d&rsquo;affaire Troyes en Champagne<br \/>\nBastia &#8211; Troyes &#8211; du 30 juin au 25 ao\u00fbt 2012. <a href=\"http:\/\/web.archive.org\/web\/20150321191009\/http:\/\/www.aube-champagne.com\/fr\/bastia-troyes-nouvelle-ligne-aerienne-en-juin-2012.html\">Plus d&rsquo;informations<\/a><br \/>\nA\u00e9roport d&rsquo;affaires Paris-Vatry, puis 30 minutes<\/p>\n[\/vc_column_text][\/vc_column][\/vc_row]\n<\/div>","protected":false},"excerpt":{"rendered":"<p>[vc_row][vc_column][vc_column_text] A 1h30 \u00e0 l&rsquo;est de Paris, l&rsquo;Aube se situe aux confins de la Bourgogne et au c\u0153ur de la Champagne historique. En voiture Carrefour autoroutier A5 \/ A26 \u00e0 la crois\u00e9e des grands axes europ\u00e9ens Les distances pour venir dans l&rsquo;Aube en voiture :&hellip;  <a href=\"https:\/\/www.aube-champagne.com\/fr\/cartes-et-plans-de-laube-en-champagne\/\" title=\"Read Cartes et plans touristiques de l&rsquo;Aube en Champagne\">En savoir plus&raquo;<\/a><\/p>\n","protected":false},"author":2,"featured_media":9009,"parent":0,"menu_order":0,"comment_status":"closed","ping_status":"closed","template":"","meta":{"footnotes":""},"class_list":["post-9008","page","type-page","status-publish","has-post-thumbnail","hentry"],"yoast_head":"<!-- This site is optimized with the Yoast SEO plugin v27.4 - https:\/\/yoast.com\/product\/yoast-seo-wordpress\/ -->\n<title>Carte et plan touristique de l&#039;Aube en Champagne<\/title>\n<meta name=\"description\" content=\"D\u00e9couvrez toutes les activit\u00e9s touristiques pr\u00e8s de Troyes et de la For\u00eat d&#039;Orient dans l&#039;Aube en Champagne sur notre carte interactive !\" \/>\n<meta name=\"robots\" content=\"index, follow, max-snippet:-1, max-image-preview:large, max-video-preview:-1\" \/>\n<link rel=\"canonical\" href=\"https:\/\/www.aube-champagne.com\/fr\/cartes-et-plans-de-laube-en-champagne\/\" \/>\n<meta property=\"og:locale\" content=\"fr_FR\" \/>\n<meta property=\"og:type\" content=\"article\" \/>\n<meta property=\"og:title\" content=\"Carte et plan touristique de l&#039;Aube en Champagne\" \/>\n<meta property=\"og:description\" content=\"D\u00e9couvrez toutes les activit\u00e9s touristiques pr\u00e8s de Troyes et de la For\u00eat d&#039;Orient dans l&#039;Aube en Champagne sur notre carte interactive !\" \/>\n<meta property=\"og:url\" content=\"https:\/\/www.aube-champagne.com\/fr\/cartes-et-plans-de-laube-en-champagne\/\" \/>\n<meta property=\"og:site_name\" content=\"Aube Champagne\" \/>\n<meta property=\"article:publisher\" content=\"https:\/\/www.facebook.com\/aube.champagne\" \/>\n<meta property=\"article:modified_time\" content=\"2021-06-29T08:26:24+00:00\" \/>\n<meta property=\"og:image\" content=\"https:\/\/www.aube-champagne.com\/assets\/uploads\/2015\/04\/M3648-AUBE-Touristique-web-n\u00b0-autorisation-76-10-JMP-05-13.jpg\" \/>\n\t<meta property=\"og:image:width\" content=\"2000\" \/>\n\t<meta property=\"og:image:height\" content=\"1612\" \/>\n\t<meta property=\"og:image:type\" content=\"image\/jpeg\" \/>\n<meta name=\"twitter:card\" content=\"summary_large_image\" \/>\n<meta name=\"twitter:site\" content=\"@AubeChampagne\" \/>\n<meta name=\"twitter:label1\" content=\"Dur\u00e9e de lecture estim\u00e9e\" \/>\n\t<meta name=\"twitter:data1\" content=\"1 minute\" \/>\n<script type=\"application\/ld+json\" class=\"yoast-schema-graph\">{\"@context\":\"https:\\\/\\\/schema.org\",\"@graph\":[{\"@type\":\"WebPage\",\"@id\":\"https:\\\/\\\/www.aube-champagne.com\\\/fr\\\/cartes-et-plans-de-laube-en-champagne\\\/\",\"url\":\"https:\\\/\\\/www.aube-champagne.com\\\/fr\\\/cartes-et-plans-de-laube-en-champagne\\\/\",\"name\":\"Carte et plan touristique de l'Aube en Champagne\",\"isPartOf\":{\"@id\":\"https:\\\/\\\/www.aube-champagne.com\\\/fr\\\/#website\"},\"primaryImageOfPage\":{\"@id\":\"https:\\\/\\\/www.aube-champagne.com\\\/fr\\\/cartes-et-plans-de-laube-en-champagne\\\/#primaryimage\"},\"image\":{\"@id\":\"https:\\\/\\\/www.aube-champagne.com\\\/fr\\\/cartes-et-plans-de-laube-en-champagne\\\/#primaryimage\"},\"thumbnailUrl\":\"https:\\\/\\\/www.aube-champagne.com\\\/assets\\\/uploads\\\/2015\\\/04\\\/M3648-AUBE-Touristique-web-n\u00b0-autorisation-76-10-JMP-05-13.jpg\",\"datePublished\":\"2015-04-09T09:08:49+00:00\",\"dateModified\":\"2021-06-29T08:26:24+00:00\",\"description\":\"D\u00e9couvrez toutes les activit\u00e9s touristiques pr\u00e8s de Troyes et de la For\u00eat d'Orient dans l'Aube en Champagne sur notre carte interactive !\",\"breadcrumb\":{\"@id\":\"https:\\\/\\\/www.aube-champagne.com\\\/fr\\\/cartes-et-plans-de-laube-en-champagne\\\/#breadcrumb\"},\"inLanguage\":\"fr-FR\",\"potentialAction\":[{\"@type\":\"ReadAction\",\"target\":[\"https:\\\/\\\/www.aube-champagne.com\\\/fr\\\/cartes-et-plans-de-laube-en-champagne\\\/\"]}]},{\"@type\":\"ImageObject\",\"inLanguage\":\"fr-FR\",\"@id\":\"https:\\\/\\\/www.aube-champagne.com\\\/fr\\\/cartes-et-plans-de-laube-en-champagne\\\/#primaryimage\",\"url\":\"https:\\\/\\\/www.aube-champagne.com\\\/assets\\\/uploads\\\/2015\\\/04\\\/M3648-AUBE-Touristique-web-n\u00b0-autorisation-76-10-JMP-05-13.jpg\",\"contentUrl\":\"https:\\\/\\\/www.aube-champagne.com\\\/assets\\\/uploads\\\/2015\\\/04\\\/M3648-AUBE-Touristique-web-n\u00b0-autorisation-76-10-JMP-05-13.jpg\",\"width\":2000,\"height\":1612,\"caption\":\"Carte touristique de l'Aube en Champagne\"},{\"@type\":\"BreadcrumbList\",\"@id\":\"https:\\\/\\\/www.aube-champagne.com\\\/fr\\\/cartes-et-plans-de-laube-en-champagne\\\/#breadcrumb\",\"itemListElement\":[{\"@type\":\"ListItem\",\"position\":1,\"name\":\"Accueil\",\"item\":\"https:\\\/\\\/www.aube-champagne.com\\\/fr\\\/\"},{\"@type\":\"ListItem\",\"position\":2,\"name\":\"Cartes et plans touristiques de l&rsquo;Aube en Champagne\"}]},{\"@type\":\"WebSite\",\"@id\":\"https:\\\/\\\/www.aube-champagne.com\\\/fr\\\/#website\",\"url\":\"https:\\\/\\\/www.aube-champagne.com\\\/fr\\\/\",\"name\":\"Aube Champagne\",\"description\":\"Aube Champagne\",\"potentialAction\":[{\"@type\":\"SearchAction\",\"target\":{\"@type\":\"EntryPoint\",\"urlTemplate\":\"https:\\\/\\\/www.aube-champagne.com\\\/fr\\\/?s={search_term_string}\"},\"query-input\":{\"@type\":\"PropertyValueSpecification\",\"valueRequired\":true,\"valueName\":\"search_term_string\"}}],\"inLanguage\":\"fr-FR\"}]}<\/script>\n<!-- \/ Yoast SEO plugin. -->","yoast_head_json":{"title":"Carte et plan touristique de l'Aube en Champagne","description":"D\u00e9couvrez toutes les activit\u00e9s touristiques pr\u00e8s de Troyes et de la For\u00eat d'Orient dans l'Aube en Champagne sur notre carte interactive !","robots":{"index":"index","follow":"follow","max-snippet":"max-snippet:-1","max-image-preview":"max-image-preview:large","max-video-preview":"max-video-preview:-1"},"canonical":"https:\/\/www.aube-champagne.com\/fr\/cartes-et-plans-de-laube-en-champagne\/","og_locale":"fr_FR","og_type":"article","og_title":"Carte et plan touristique de l'Aube en Champagne","og_description":"D\u00e9couvrez toutes les activit\u00e9s touristiques pr\u00e8s de Troyes et de la For\u00eat d'Orient dans l'Aube en Champagne sur notre carte interactive !","og_url":"https:\/\/www.aube-champagne.com\/fr\/cartes-et-plans-de-laube-en-champagne\/","og_site_name":"Aube Champagne","article_publisher":"https:\/\/www.facebook.com\/aube.champagne","article_modified_time":"2021-06-29T08:26:24+00:00","og_image":[{"width":2000,"height":1612,"url":"https:\/\/www.aube-champagne.com\/assets\/uploads\/2015\/04\/M3648-AUBE-Touristique-web-n\u00b0-autorisation-76-10-JMP-05-13.jpg","type":"image\/jpeg"}],"twitter_card":"summary_large_image","twitter_site":"@AubeChampagne","twitter_misc":{"Dur\u00e9e de lecture estim\u00e9e":"1 minute"},"schema":{"@context":"https:\/\/schema.org","@graph":[{"@type":"WebPage","@id":"https:\/\/www.aube-champagne.com\/fr\/cartes-et-plans-de-laube-en-champagne\/","url":"https:\/\/www.aube-champagne.com\/fr\/cartes-et-plans-de-laube-en-champagne\/","name":"Carte et plan touristique de l'Aube en Champagne","isPartOf":{"@id":"https:\/\/www.aube-champagne.com\/fr\/#website"},"primaryImageOfPage":{"@id":"https:\/\/www.aube-champagne.com\/fr\/cartes-et-plans-de-laube-en-champagne\/#primaryimage"},"image":{"@id":"https:\/\/www.aube-champagne.com\/fr\/cartes-et-plans-de-laube-en-champagne\/#primaryimage"},"thumbnailUrl":"https:\/\/www.aube-champagne.com\/assets\/uploads\/2015\/04\/M3648-AUBE-Touristique-web-n\u00b0-autorisation-76-10-JMP-05-13.jpg","datePublished":"2015-04-09T09:08:49+00:00","dateModified":"2021-06-29T08:26:24+00:00","description":"D\u00e9couvrez toutes les activit\u00e9s touristiques pr\u00e8s de Troyes et de la For\u00eat d'Orient dans l'Aube en Champagne sur notre carte interactive !","breadcrumb":{"@id":"https:\/\/www.aube-champagne.com\/fr\/cartes-et-plans-de-laube-en-champagne\/#breadcrumb"},"inLanguage":"fr-FR","potentialAction":[{"@type":"ReadAction","target":["https:\/\/www.aube-champagne.com\/fr\/cartes-et-plans-de-laube-en-champagne\/"]}]},{"@type":"ImageObject","inLanguage":"fr-FR","@id":"https:\/\/www.aube-champagne.com\/fr\/cartes-et-plans-de-laube-en-champagne\/#primaryimage","url":"https:\/\/www.aube-champagne.com\/assets\/uploads\/2015\/04\/M3648-AUBE-Touristique-web-n\u00b0-autorisation-76-10-JMP-05-13.jpg","contentUrl":"https:\/\/www.aube-champagne.com\/assets\/uploads\/2015\/04\/M3648-AUBE-Touristique-web-n\u00b0-autorisation-76-10-JMP-05-13.jpg","width":2000,"height":1612,"caption":"Carte touristique de l'Aube en Champagne"},{"@type":"BreadcrumbList","@id":"https:\/\/www.aube-champagne.com\/fr\/cartes-et-plans-de-laube-en-champagne\/#breadcrumb","itemListElement":[{"@type":"ListItem","position":1,"name":"Accueil","item":"https:\/\/www.aube-champagne.com\/fr\/"},{"@type":"ListItem","position":2,"name":"Cartes et plans touristiques de l&rsquo;Aube en Champagne"}]},{"@type":"WebSite","@id":"https:\/\/www.aube-champagne.com\/fr\/#website","url":"https:\/\/www.aube-champagne.com\/fr\/","name":"Aube Champagne","description":"Aube Champagne","potentialAction":[{"@type":"SearchAction","target":{"@type":"EntryPoint","urlTemplate":"https:\/\/www.aube-champagne.com\/fr\/?s={search_term_string}"},"query-input":{"@type":"PropertyValueSpecification","valueRequired":true,"valueName":"search_term_string"}}],"inLanguage":"fr-FR"}]}},"publishpress_future_action":{"enabled":false,"date":"2026-04-26 04:13:44","action":"change-status","newStatus":"draft","terms":[],"taxonomy":"translation_priority","extraData":[]},"publishpress_future_workflow_manual_trigger":{"enabledWorkflows":[]},"_links":{"self":[{"href":"https:\/\/www.aube-champagne.com\/fr\/wp-json\/wp\/v2\/pages\/9008","targetHints":{"allow":["GET"]}}],"collection":[{"href":"https:\/\/www.aube-champagne.com\/fr\/wp-json\/wp\/v2\/pages"}],"about":[{"href":"https:\/\/www.aube-champagne.com\/fr\/wp-json\/wp\/v2\/types\/page"}],"author":[{"embeddable":true,"href":"https:\/\/www.aube-champagne.com\/fr\/wp-json\/wp\/v2\/users\/2"}],"replies":[{"embeddable":true,"href":"https:\/\/www.aube-champagne.com\/fr\/wp-json\/wp\/v2\/comments?post=9008"}],"version-history":[{"count":2,"href":"https:\/\/www.aube-champagne.com\/fr\/wp-json\/wp\/v2\/pages\/9008\/revisions"}],"predecessor-version":[{"id":43827,"href":"https:\/\/www.aube-champagne.com\/fr\/wp-json\/wp\/v2\/pages\/9008\/revisions\/43827"}],"wp:featuredmedia":[{"embeddable":true,"href":"https:\/\/www.aube-champagne.com\/fr\/wp-json\/wp\/v2\/media\/9009"}],"wp:attachment":[{"href":"https:\/\/www.aube-champagne.com\/fr\/wp-json\/wp\/v2\/media?parent=9008"}],"curies":[{"name":"wp","href":"https:\/\/api.w.org\/{rel}","templated":true}]}}