{"id":90348,"date":"2025-12-10T10:10:25","date_gmt":"2025-12-10T09:10:25","guid":{"rendered":"https:\/\/www.aube-champagne.com\/?page_id=90348"},"modified":"2026-02-16T16:29:37","modified_gmt":"2026-02-16T15:29:37","slug":"parcours-rachi","status":"publish","type":"page","link":"https:\/\/www.aube-champagne.com\/fr\/parcours-rachi\/","title":{"rendered":"Parcours Rachi, un itin\u00e9raire touristique surprenant"},"content":{"rendered":"<div class=\"wpb-content-wrapper\">[vc_row][vc_column][vc_single_image image=\u00a0\u00bb57666&Prime; img_size=\u00a0\u00bb2048&#215;748&Prime;][vc_row_inner][vc_column_inner][vc_column_text]En 2019, l\u2019Aube en Champagne int\u00e8gre l\u2019Itin\u00e9raire Culturel Europ\u00e9en du patrimoine juif en tant que berceau d\u2019un patrimoine immat\u00e9riel universellement connu et reconnu partag\u00e9 par les juifs du monde entier, gr\u00e2ce \u00e0 l\u2019h\u00e9ritage de Rachi.<\/p>\n<p style=\"text-align: center;\">Depuis 2022, le \u00ab Parcours Rachi \u00bb est <strong>un itin\u00e9raire artistique et m\u00e9moriel<\/strong>, con\u00e7u autour de trois fresques (accessibles de fa\u00e7on permanente et gratuite) et permet de d\u00e9couvrir l\u2019histoire des communaut\u00e9s juives m\u00e9di\u00e9vales de l\u2019Aube. Il fait partie int\u00e9grante de la Route m\u00e9di\u00e9vale de Rachi en Champagne, au m\u00eame titre que la Maison Rachi \u00e0 Troyes. Le livre et l\u2019\u00e9crit en constituent les fils conducteurs.<\/p>\n[\/vc_column_text][\/vc_column_inner][\/vc_row_inner][vc_empty_space height=\u00a0\u00bb16px\u00a0\u00bb][vc_separator color=\u00a0\u00bborange\u00a0\u00bb el_width=\u00a0\u00bb30&Prime;][vc_empty_space height=\u00a0\u00bb16px\u00a0\u00bb][vc_row_inner][vc_column_inner][vc_column_text]\n<h2 style=\"text-align: center;\"><strong>3 fresques et une aventure participative<\/strong><\/h2>\n[\/vc_column_text][vc_column_text]A Dampierre, Ramerupt et Lhu\u00eetre, trois \u0153uvres d\u2019art inattendues s\u2019inspirent de Rachi (1040-1105) et de ses disciples, savants juifs majeurs de notre r\u00e9gion. Elles soulignent leur lien fort avec la Champagne.<\/p>\n<p>Imagin\u00e9es par trois artistes et r\u00e9alis\u00e9es avec l\u2019implication de b\u00e9n\u00e9voles de l&rsquo;association \u00ab\u00a0Les passeurs de fresques\u00a0\u00bb et d\u2019habitants, ces fresques d\u00e9voilent une histoire \u00e0 red\u00e9couvrir, \u00e0 l\u2019\u00e9poque prestigieuse des comtes de Champagne. Cette aventure citoyenne et collective renforce l\u2019attractivit\u00e9 et la vitalit\u00e9 de nos villages.[\/vc_column_text][\/vc_column_inner][\/vc_row_inner][\/vc_column][\/vc_row][vc_row][vc_column width=\u00a0\u00bb1\/2&Prime;][vc_single_image image=\u00a0\u00bb90383&Prime; img_size=\u00a0\u00bb568&#215;426&Prime;][\/vc_column][vc_column width=\u00a0\u00bb1\/2&Prime;][vc_single_image image=\u00a0\u00bb90387&Prime; img_size=\u00a0\u00bb568&#215;426&Prime;][\/vc_column][\/vc_row][vc_row][vc_column][vc_empty_space height=\u00a0\u00bb16px\u00a0\u00bb][vc_separator color=\u00a0\u00bborange\u00a0\u00bb el_width=\u00a0\u00bb30&Prime;][vc_empty_space height=\u00a0\u00bb16px\u00a0\u00bb][\/vc_column][\/vc_row][vc_row][vc_column width=\u00a0\u00bb1\/2&Prime;][vc_empty_space height=\u00a0\u00bb16px\u00a0\u00bb][vc_single_image image=\u00a0\u00bb90365&Prime; img_size=\u00a0\u00bb568&#215;380&Prime;][\/vc_column][vc_column width=\u00a0\u00bb1\/2&Prime;][vc_column_text]\n<h2 style=\"text-align: center;\"><strong>La fresque de Dampierre<\/strong><\/h2>\n[\/vc_column_text][vc_column_text]La fresque de Dampierre cr\u00e9\u00e9e en 2022, se d\u00e9couvre sur le mur de la mairie.<\/p>\n<p>L\u2019artiste, Jean-Philippe Ledit, propose une \u0153uvre tr\u00e8s color\u00e9e de 3m sur 3m, au centre de laquelle Isaac de Dampierre, arri\u00e8re-petit-fils de Rachi, est repr\u00e9sent\u00e9 \u00e0 l\u2019\u00e9tude des textes sacr\u00e9s. Au XII<sup>e<\/sup> si\u00e8cle, il est le chef de file des Tossafistes, l\u2019\u00e9cole de pens\u00e9e de Rachi.\u00a0Cette fresque illustre, \u00e0 l\u2019int\u00e9rieur de cinq cercles bleus symbolisant les cinq livres de la Torah (Bible h\u00e9bra\u00efque), l\u2019histoire d\u2019Isaac et ses liens avec la Champagne.[\/vc_column_text][vc_btn title=\u00a0\u00bbD\u00e9couvrir la fresque de Dampierre\u00a0\u00bb style=\u00a0\u00bbclassic\u00a0\u00bb color=\u00a0\u00bborange\u00a0\u00bb align=\u00a0\u00bbcenter\u00a0\u00bb link=\u00a0\u00bburl:https%3A%2F%2Fwww.aube-champagne.com%2Ffr%2Fla-fresque-de-dampierre%2F|title:Parcours%20Rachi%20%3A%20La%20fresque%20de%20Ramerupt\u00a0\u00bb][\/vc_column][\/vc_row][vc_row][vc_column][vc_empty_space height=\u00a0\u00bb16px\u00a0\u00bb][vc_separator color=\u00a0\u00bborange\u00a0\u00bb el_width=\u00a0\u00bb30&Prime;][vc_empty_space height=\u00a0\u00bb16px\u00a0\u00bb][\/vc_column][\/vc_row][vc_row][vc_column width=\u00a0\u00bb1\/2&Prime;][vc_column_text]\n<h2 style=\"text-align: center;\"><strong>La fresque de Ramerupt<\/strong><\/h2>\n[\/vc_column_text][vc_column_text]En face de l\u2019\u00e9glise, le mur de l\u2019ancienne \u00e9cole du village accueille la fresque de Ramerupt, d\u2019une dimension de 4,20m sur 3m.<\/p>\n<p>Cr\u00e9\u00e9e en 2023 par l\u2019artiste Javier de Sierra Salaberry, elle illustre une rencontre entre Jacob (Rabbenou Tam), petit-fils de Rachi, et le comte de Champagne, Henri Ier le Lib\u00e9ral, pench\u00e9s sur l\u2019interpr\u00e9tation d\u2019un commentaire biblique.<\/p>\n<p>Les deux hommes, richement v\u00eatus, se tiennent au centre de l\u2019\u0153uvre, sur un dallage color\u00e9, aux c\u00f4t\u00e9s de Samuel (Rachbam), fr\u00e8re de Jacob, et de leur m\u00e8re Yochebed, fille de Rachi. Leur maison arbore une treille et une <em>m\u00e9zouza<\/em> (objet rituel). Ces deux symboles rappellent les activit\u00e9s de Rabbenou Tam, commer\u00e7ant en vins et c\u00e9l\u00e8bre commentateur du Talmud du XII<sup>e<\/sup> si\u00e8cle, figure de proue charismatique des Tossafistes, l\u2019\u00e9cole de Rachi.[\/vc_column_text][vc_btn title=\u00a0\u00bbD\u00e9couvrir la fresque de Ramerupt\u00a0\u00bb style=\u00a0\u00bbclassic\u00a0\u00bb color=\u00a0\u00bborange\u00a0\u00bb align=\u00a0\u00bbcenter\u00a0\u00bb link=\u00a0\u00bburl:https%3A%2F%2Fwww.aube-champagne.com%2Ffr%2Fla-fresque-de-ramerupt%2F|title:Parcours%20Rachi%20%3A%20La%20fresque%20de%20Ramerupt\u00a0\u00bb][\/vc_column][vc_column width=\u00a0\u00bb1\/2&Prime;][vc_empty_space height=\u00a0\u00bb16px\u00a0\u00bb][vc_single_image image=\u00a0\u00bb90359&Prime; img_size=\u00a0\u00bb568&#215;380&Prime;][\/vc_column][\/vc_row][vc_row][vc_column][vc_empty_space height=\u00a0\u00bb16px\u00a0\u00bb][vc_separator color=\u00a0\u00bborange\u00a0\u00bb el_width=\u00a0\u00bb30&Prime;][vc_empty_space height=\u00a0\u00bb16px\u00a0\u00bb][\/vc_column][\/vc_row][vc_row][vc_column width=\u00a0\u00bb1\/2&Prime;][vc_empty_space height=\u00a0\u00bb16px\u00a0\u00bb][vc_single_image image=\u00a0\u00bb90362&Prime; img_size=\u00a0\u00bb568&#215;380&Prime;][\/vc_column][vc_column width=\u00a0\u00bb1\/2&Prime;][vc_column_text]\n<h2 style=\"text-align: center;\"><strong>La fresque de Lhu\u00eetre<\/strong><\/h2>\n[\/vc_column_text][vc_column_text]En 2023, le fresquiste Jean-Jacques Jolinon met en sc\u00e8ne, sur le mur nord de la mairie, Rachi, entour\u00e9 de sa femme, de ses filles et de ses disciples.<\/p>\n<p>Sur l\u2019\u0153uvre, Rachi est repr\u00e9sent\u00e9 concentr\u00e9, une huppe lui soufflant \u00e0 l\u2019oreille des mots sacr\u00e9s. Ses filles sont instruites. Elles t\u00e9moignent de l\u2019importance que Rachi accordait \u00e0 la place des femmes. Son c\u00e9l\u00e8bre petit-fils Samuel (Rachbam), grand \u00e9rudit en devenir, est berc\u00e9 par sa grand-m\u00e8re. En contrepoint, sainte Tanche, patronne de Lhu\u00eetre, appara\u00eet devant sa chapelle. En fond, les moissons rassemblent paysans juifs et chr\u00e9tiens.[\/vc_column_text][vc_btn title=\u00a0\u00bbD\u00e9couvrir la fresque de Lhu\u00eetre\u00a0\u00bb style=\u00a0\u00bbclassic\u00a0\u00bb color=\u00a0\u00bborange\u00a0\u00bb align=\u00a0\u00bbcenter\u00a0\u00bb link=\u00a0\u00bburl:https%3A%2F%2Fwww.aube-champagne.com%2Ffr%2Fla-fresque-de-lhuitre%2F|title:Parcours%20Rachi%20%3A%20La%20fresque%20de%20Ramerupt\u00a0\u00bb][\/vc_column][\/vc_row][vc_row][vc_column][vc_empty_space height=\u00a0\u00bb16px\u00a0\u00bb][vc_separator color=\u00a0\u00bborange\u00a0\u00bb el_width=\u00a0\u00bb30&Prime;][vc_empty_space height=\u00a0\u00bb16px\u00a0\u00bb][\/vc_column][\/vc_row][vc_row][vc_column width=\u00a0\u00bb1\/2&Prime;][vc_column_text]\n<h2 style=\"text-align: center;\"><strong>Comment d\u00e9couvrir les fresques?<\/strong><\/h2>\n[\/vc_column_text][vc_column_text]Le Parcours Rachi vous invite \u00e0 d\u00e9couvrir, au fil des villages, le patrimoine juif m\u00e9di\u00e9val de l\u2019Aube en Champagne. Les fresques sont <strong data-start=\"1284\" data-end=\"1316\">en acc\u00e8s libre toute l\u2019ann\u00e9e<\/strong>, pour une d\u00e9couverte \u00e0 votre rythme.<\/p>\n<p>Pour pr\u00e9parer vos visites guid\u00e9es: <em>tourisme@ccamr.fr<\/em>[\/vc_column_text][\/vc_column][vc_column width=\u00a0\u00bb1\/2&Prime;][vc_empty_space height=\u00a0\u00bb16px\u00a0\u00bb][vc_single_image image=\u00a0\u00bb90379&Prime; img_size=\u00a0\u00bb568&#215;380&Prime;][\/vc_column][\/vc_row][vc_row][vc_column][vc_btn title=\u00a0\u00bbT\u00e9l\u00e9charger le d\u00e9pliant \u00ab\u00a0Parcours Rachi\u00ab\u00a0\u00a0\u00bb style=\u00a0\u00bbclassic\u00a0\u00bb color=\u00a0\u00bborange\u00a0\u00bb align=\u00a0\u00bbcenter\u00a0\u00bb link=\u00a0\u00bburl:https%3A%2F%2Fwww.aube-champagne.com%2Fassets%2Fuploads%2F2026%2F02%2FDepliant-Parcours-Rachi_FR-compressed.pdf|title:Parcours%20Rachi%20%3A%20La%20fresque%20de%20Ramerupt|target:_blank\u00a0\u00bb][\/vc_column][\/vc_row]\n<\/div>","protected":false},"excerpt":{"rendered":"<p>[vc_row][vc_column][vc_single_image image=\u00a0\u00bb57666&Prime; img_size=\u00a0\u00bb2048&#215;748&Prime;][vc_row_inner][vc_column_inner][vc_column_text]En 2019, l\u2019Aube en Champagne int\u00e8gre l\u2019Itin\u00e9raire Culturel Europ\u00e9en du patrimoine juif en tant que berceau d\u2019un patrimoine immat\u00e9riel universellement connu et reconnu partag\u00e9 par les juifs du monde entier, gr\u00e2ce \u00e0 l\u2019h\u00e9ritage de Rachi. Depuis 2022, le \u00ab Parcours Rachi \u00bb est&hellip;  <a href=\"https:\/\/www.aube-champagne.com\/fr\/parcours-rachi\/\" title=\"Read Parcours Rachi, un itin\u00e9raire touristique surprenant\">En savoir plus&raquo;<\/a><\/p>\n","protected":false},"author":9192237,"featured_media":57619,"parent":0,"menu_order":0,"comment_status":"closed","ping_status":"closed","template":"","meta":{"footnotes":""},"class_list":["post-90348","page","type-page","status-publish","has-post-thumbnail","hentry"],"yoast_head":"<!-- This site is optimized with the Yoast SEO plugin v27.3 - https:\/\/yoast.com\/product\/yoast-seo-wordpress\/ -->\n<title>La fresque de Dampierre | Aube en Champagne<\/title>\n<meta name=\"description\" content=\"La fresque \u00ab Isaac de Dampierre \u00bb raconte le patrimoine juif m\u00e9di\u00e9val de Dampierre en r\u00e9v\u00e9lant la figure d\u2019Isaac de Dampierre\" \/>\n<meta name=\"robots\" content=\"index, follow, max-snippet:-1, max-image-preview:large, max-video-preview:-1\" \/>\n<link rel=\"canonical\" href=\"https:\/\/www.aube-champagne.com\/fr\/parcours-rachi\/\" \/>\n<meta property=\"og:locale\" content=\"fr_FR\" \/>\n<meta property=\"og:type\" content=\"article\" \/>\n<meta property=\"og:title\" content=\"La fresque de Dampierre | Aube en Champagne\" \/>\n<meta property=\"og:description\" content=\"La fresque \u00ab Isaac de Dampierre \u00bb raconte le patrimoine juif m\u00e9di\u00e9val de Dampierre en r\u00e9v\u00e9lant la figure d\u2019Isaac de Dampierre\" \/>\n<meta property=\"og:url\" content=\"https:\/\/www.aube-champagne.com\/fr\/parcours-rachi\/\" \/>\n<meta property=\"og:site_name\" content=\"Aube Champagne\" \/>\n<meta property=\"article:publisher\" content=\"https:\/\/www.facebook.com\/aube.champagne\" \/>\n<meta property=\"article:modified_time\" content=\"2026-02-16T15:29:37+00:00\" \/>\n<meta property=\"og:image\" content=\"https:\/\/www.aube-champagne.com\/assets\/uploads\/2022\/09\/CJ2022_Fresque-de-Dampierre-1818.jpg\" \/>\n\t<meta property=\"og:image:width\" content=\"641\" \/>\n\t<meta property=\"og:image:height\" content=\"389\" \/>\n\t<meta property=\"og:image:type\" content=\"image\/jpeg\" \/>\n<meta name=\"twitter:card\" content=\"summary_large_image\" \/>\n<meta name=\"twitter:site\" content=\"@AubeChampagne\" \/>\n<meta name=\"twitter:label1\" content=\"Dur\u00e9e de lecture estim\u00e9e\" \/>\n\t<meta name=\"twitter:data1\" content=\"4 minutes\" \/>\n<script type=\"application\/ld+json\" class=\"yoast-schema-graph\">{\"@context\":\"https:\\\/\\\/schema.org\",\"@graph\":[{\"@type\":\"WebPage\",\"@id\":\"https:\\\/\\\/www.aube-champagne.com\\\/fr\\\/parcours-rachi\\\/\",\"url\":\"https:\\\/\\\/www.aube-champagne.com\\\/fr\\\/parcours-rachi\\\/\",\"name\":\"La fresque de Dampierre | Aube en Champagne\",\"isPartOf\":{\"@id\":\"https:\\\/\\\/www.aube-champagne.com\\\/fr\\\/#website\"},\"primaryImageOfPage\":{\"@id\":\"https:\\\/\\\/www.aube-champagne.com\\\/fr\\\/parcours-rachi\\\/#primaryimage\"},\"image\":{\"@id\":\"https:\\\/\\\/www.aube-champagne.com\\\/fr\\\/parcours-rachi\\\/#primaryimage\"},\"thumbnailUrl\":\"https:\\\/\\\/www.aube-champagne.com\\\/assets\\\/uploads\\\/2022\\\/09\\\/CJ2022_Fresque-de-Dampierre-1818.jpg\",\"datePublished\":\"2025-12-10T09:10:25+00:00\",\"dateModified\":\"2026-02-16T15:29:37+00:00\",\"description\":\"La fresque \u00ab Isaac de Dampierre \u00bb raconte le patrimoine juif m\u00e9di\u00e9val de Dampierre en r\u00e9v\u00e9lant la figure d\u2019Isaac de Dampierre\",\"breadcrumb\":{\"@id\":\"https:\\\/\\\/www.aube-champagne.com\\\/fr\\\/parcours-rachi\\\/#breadcrumb\"},\"inLanguage\":\"fr-FR\",\"potentialAction\":[{\"@type\":\"ReadAction\",\"target\":[\"https:\\\/\\\/www.aube-champagne.com\\\/fr\\\/parcours-rachi\\\/\"]}]},{\"@type\":\"ImageObject\",\"inLanguage\":\"fr-FR\",\"@id\":\"https:\\\/\\\/www.aube-champagne.com\\\/fr\\\/parcours-rachi\\\/#primaryimage\",\"url\":\"https:\\\/\\\/www.aube-champagne.com\\\/assets\\\/uploads\\\/2022\\\/09\\\/CJ2022_Fresque-de-Dampierre-1818.jpg\",\"contentUrl\":\"https:\\\/\\\/www.aube-champagne.com\\\/assets\\\/uploads\\\/2022\\\/09\\\/CJ2022_Fresque-de-Dampierre-1818.jpg\",\"width\":641,\"height\":389,\"caption\":\"Fresque de Dampierre\"},{\"@type\":\"BreadcrumbList\",\"@id\":\"https:\\\/\\\/www.aube-champagne.com\\\/fr\\\/parcours-rachi\\\/#breadcrumb\",\"itemListElement\":[{\"@type\":\"ListItem\",\"position\":1,\"name\":\"Accueil\",\"item\":\"https:\\\/\\\/www.aube-champagne.com\\\/fr\\\/\"},{\"@type\":\"ListItem\",\"position\":2,\"name\":\"Parcours Rachi, un itin\u00e9raire touristique surprenant\"}]},{\"@type\":\"WebSite\",\"@id\":\"https:\\\/\\\/www.aube-champagne.com\\\/fr\\\/#website\",\"url\":\"https:\\\/\\\/www.aube-champagne.com\\\/fr\\\/\",\"name\":\"Aube Champagne\",\"description\":\"Aube Champagne\",\"potentialAction\":[{\"@type\":\"SearchAction\",\"target\":{\"@type\":\"EntryPoint\",\"urlTemplate\":\"https:\\\/\\\/www.aube-champagne.com\\\/fr\\\/?s={search_term_string}\"},\"query-input\":{\"@type\":\"PropertyValueSpecification\",\"valueRequired\":true,\"valueName\":\"search_term_string\"}}],\"inLanguage\":\"fr-FR\"}]}<\/script>\n<!-- \/ Yoast SEO plugin. -->","yoast_head_json":{"title":"La fresque de Dampierre | Aube en Champagne","description":"La fresque \u00ab Isaac de Dampierre \u00bb raconte le patrimoine juif m\u00e9di\u00e9val de Dampierre en r\u00e9v\u00e9lant la figure d\u2019Isaac de Dampierre","robots":{"index":"index","follow":"follow","max-snippet":"max-snippet:-1","max-image-preview":"max-image-preview:large","max-video-preview":"max-video-preview:-1"},"canonical":"https:\/\/www.aube-champagne.com\/fr\/parcours-rachi\/","og_locale":"fr_FR","og_type":"article","og_title":"La fresque de Dampierre | Aube en Champagne","og_description":"La fresque \u00ab Isaac de Dampierre \u00bb raconte le patrimoine juif m\u00e9di\u00e9val de Dampierre en r\u00e9v\u00e9lant la figure d\u2019Isaac de Dampierre","og_url":"https:\/\/www.aube-champagne.com\/fr\/parcours-rachi\/","og_site_name":"Aube Champagne","article_publisher":"https:\/\/www.facebook.com\/aube.champagne","article_modified_time":"2026-02-16T15:29:37+00:00","og_image":[{"width":641,"height":389,"url":"https:\/\/www.aube-champagne.com\/assets\/uploads\/2022\/09\/CJ2022_Fresque-de-Dampierre-1818.jpg","type":"image\/jpeg"}],"twitter_card":"summary_large_image","twitter_site":"@AubeChampagne","twitter_misc":{"Dur\u00e9e de lecture estim\u00e9e":"4 minutes"},"schema":{"@context":"https:\/\/schema.org","@graph":[{"@type":"WebPage","@id":"https:\/\/www.aube-champagne.com\/fr\/parcours-rachi\/","url":"https:\/\/www.aube-champagne.com\/fr\/parcours-rachi\/","name":"La fresque de Dampierre | Aube en Champagne","isPartOf":{"@id":"https:\/\/www.aube-champagne.com\/fr\/#website"},"primaryImageOfPage":{"@id":"https:\/\/www.aube-champagne.com\/fr\/parcours-rachi\/#primaryimage"},"image":{"@id":"https:\/\/www.aube-champagne.com\/fr\/parcours-rachi\/#primaryimage"},"thumbnailUrl":"https:\/\/www.aube-champagne.com\/assets\/uploads\/2022\/09\/CJ2022_Fresque-de-Dampierre-1818.jpg","datePublished":"2025-12-10T09:10:25+00:00","dateModified":"2026-02-16T15:29:37+00:00","description":"La fresque \u00ab Isaac de Dampierre \u00bb raconte le patrimoine juif m\u00e9di\u00e9val de Dampierre en r\u00e9v\u00e9lant la figure d\u2019Isaac de Dampierre","breadcrumb":{"@id":"https:\/\/www.aube-champagne.com\/fr\/parcours-rachi\/#breadcrumb"},"inLanguage":"fr-FR","potentialAction":[{"@type":"ReadAction","target":["https:\/\/www.aube-champagne.com\/fr\/parcours-rachi\/"]}]},{"@type":"ImageObject","inLanguage":"fr-FR","@id":"https:\/\/www.aube-champagne.com\/fr\/parcours-rachi\/#primaryimage","url":"https:\/\/www.aube-champagne.com\/assets\/uploads\/2022\/09\/CJ2022_Fresque-de-Dampierre-1818.jpg","contentUrl":"https:\/\/www.aube-champagne.com\/assets\/uploads\/2022\/09\/CJ2022_Fresque-de-Dampierre-1818.jpg","width":641,"height":389,"caption":"Fresque de Dampierre"},{"@type":"BreadcrumbList","@id":"https:\/\/www.aube-champagne.com\/fr\/parcours-rachi\/#breadcrumb","itemListElement":[{"@type":"ListItem","position":1,"name":"Accueil","item":"https:\/\/www.aube-champagne.com\/fr\/"},{"@type":"ListItem","position":2,"name":"Parcours Rachi, un itin\u00e9raire touristique surprenant"}]},{"@type":"WebSite","@id":"https:\/\/www.aube-champagne.com\/fr\/#website","url":"https:\/\/www.aube-champagne.com\/fr\/","name":"Aube Champagne","description":"Aube Champagne","potentialAction":[{"@type":"SearchAction","target":{"@type":"EntryPoint","urlTemplate":"https:\/\/www.aube-champagne.com\/fr\/?s={search_term_string}"},"query-input":{"@type":"PropertyValueSpecification","valueRequired":true,"valueName":"search_term_string"}}],"inLanguage":"fr-FR"}]}},"publishpress_future_action":{"enabled":false,"date":"2026-04-15 16:19:57","action":"change-status","newStatus":"draft","terms":[],"taxonomy":"translation_priority","extraData":[]},"publishpress_future_workflow_manual_trigger":{"enabledWorkflows":[]},"_links":{"self":[{"href":"https:\/\/www.aube-champagne.com\/fr\/wp-json\/wp\/v2\/pages\/90348","targetHints":{"allow":["GET"]}}],"collection":[{"href":"https:\/\/www.aube-champagne.com\/fr\/wp-json\/wp\/v2\/pages"}],"about":[{"href":"https:\/\/www.aube-champagne.com\/fr\/wp-json\/wp\/v2\/types\/page"}],"author":[{"embeddable":true,"href":"https:\/\/www.aube-champagne.com\/fr\/wp-json\/wp\/v2\/users\/9192237"}],"replies":[{"embeddable":true,"href":"https:\/\/www.aube-champagne.com\/fr\/wp-json\/wp\/v2\/comments?post=90348"}],"version-history":[{"count":5,"href":"https:\/\/www.aube-champagne.com\/fr\/wp-json\/wp\/v2\/pages\/90348\/revisions"}],"predecessor-version":[{"id":90871,"href":"https:\/\/www.aube-champagne.com\/fr\/wp-json\/wp\/v2\/pages\/90348\/revisions\/90871"}],"wp:featuredmedia":[{"embeddable":true,"href":"https:\/\/www.aube-champagne.com\/fr\/wp-json\/wp\/v2\/media\/57619"}],"wp:attachment":[{"href":"https:\/\/www.aube-champagne.com\/fr\/wp-json\/wp\/v2\/media?parent=90348"}],"curies":[{"name":"wp","href":"https:\/\/api.w.org\/{rel}","templated":true}]}}